{"id":76538,"date":"2025-06-11T10:40:22","date_gmt":"2025-06-11T08:40:22","guid":{"rendered":"https:\/\/skrivanek.cz\/?page_id=76538"},"modified":"2026-02-10T07:36:17","modified_gmt":"2026-02-10T06:36:17","slug":"poptavka-soudni-preklad","status":"publish","type":"page","link":"https:\/\/skrivanek.cz\/cz\/poptavka\/poptavka-soudni-preklad\/","title":{"rendered":"Popt\u00e1vka: soudn\u00ed p\u0159eklad"},"content":{"rendered":"<div id=\"pl-76538\"  class=\"panel-layout\" ><div id=\"pg-76538-0\"  class=\"panel-grid panel-has-style\" ><div class=\"siteorigin-panels-stretch panel-row-padding-none panel-row-style panel-row-style-for-76538-0\" data-stretch-type=\"full\" ><div id=\"pgc-76538-0-0\"  class=\"panel-grid-cell\" ><div id=\"panel-76538-0-0-0\" class=\"so-panel widget widget_wpforms-widget wpforms-widget panel-first-child panel-last-child\" data-index=\"0\" >\r\n<style type=\"text\/css\">\r\n\r\n\r\n\r\nbody #wpforms-75240 {\r\n\t\t\r\n\t\t\tfont-family:inherit;}\r\n\r\n\t\r\n\r\n\tbody #wpforms-75240 .wpforms-head-container {\r\n\t\tborder-width: 0px;}\r\n\r\n\tbody #wpforms-75240 .wpforms-head-container .wpforms-title {\r\n\t\t}\r\n\r\n\tbody #wpforms-75240 .wpforms-head-container .wpforms-description {\r\n\t\t\t\tdisplay:block;\r\n\t}\r\n\r\n\r\n\tbody #wpforms-75240 .wpforms-submit-container .wpforms-submit, body #wpforms-75240 .wpforms-field-pagebreak button.wpforms-page-button {\r\n\t\tcolor:#ffffff ;background-color:#ff643b ;border-width:0px ;border-style:solid ;border-radius:10px ;-web-border-radius:10px ;-moz-border-radius:10px ;\t\t\t}\r\n\r\n\tbody #wpforms-75240 .wpforms-submit-container .wpforms-submit:hover, body #wpforms-75240 .wpforms-field-pagebreak button.wpforms-page-button:hover {\r\n\tbackground-color:;\tcolor:;\t}\r\n\r\n\tbody #wpforms-75240 .wpforms-submit-container,\r\n\tbody #wpforms-75240 .wpforms-field-pagebreak .wpforms-pagebreak-left{\r\n\t\t}\r\n\r\n\r\n\tbody #wpforms-75240 .wpforms-form .wpforms-field input[type=text],\r\n\tbody #wpforms-75240 .wpforms-form .wpforms-field input[type=email],\r\n\tbody #wpforms-75240 .wpforms-form .wpforms-field input[type=tel],\r\n\tbody #wpforms-75240 .wpforms-form .wpforms-field input[type=url],\r\n\tbody #wpforms-75240 .wpforms-form .wpforms-field input[type=password],\r\n\tbody #wpforms-75240 .wpforms-form .wpforms-field input[type=number]\r\n\t{\r\n\t\tborder-width:1px ;border-style:solid ;\t\t\t}\r\n\r\n\tbody #wpforms-75240 .wpforms-form .wpforms-field .wpforms-field-row\r\n\t{\r\n\t\t\t}\r\n\r\n\tbody #wpforms-75240 .wpforms-form .wpforms-field-layout.wpforms-field input[type=text],\r\n\tbody #wpforms-75240 .wpforms-form .wpforms-field-layout.wpforms-field input[type=email],\r\n\tbody #wpforms-75240 .wpforms-form .wpforms-field-layout.wpforms-field input[type=tel],\r\n\tbody #wpforms-75240 .wpforms-form .wpforms-field-layout.wpforms-field input[type=url],\r\n\tbody #wpforms-75240 .wpforms-form .wpforms-field-layout.wpforms-field input[type=password],\r\n\tbody #wpforms-75240 .wpforms-form .wpforms-field-layout.wpforms-field input[type=number]{\r\n\t\twidth: 100%;\r\n\t}\r\n\r\n\tbody #wpforms-75240 .wpforms-form .wpforms-field .wpforms-field-row input[type=text]{\r\n\t\twidth: 100%;\r\n\t}\r\n\r\n\r\n\r\n\t#wpforms-75240 .wpforms-form .wpforms-field-layout-rows,\r\n\t#wpforms-75240 .wpforms-form .wpforms-field-layout-columns{\r\n\t\t\t}\r\n\r\n\r\n\r\n\tbody #wpforms-75240 .wpforms-form .wpforms-field textarea {\r\n\t\t\t\t\tborder-width: 1px;\t}\r\n\r\n \r\n\r\n\tbody #wpforms-75240 .wpforms-form .wpforms-field select {\r\n\r\n\t\t\r\n\t\tborder-width: 1px;\t}\r\n\r\n\t\/* dropdown styles on modern background *\/\r\n\tbody #wpforms-75240 .wpforms-form .wpforms-field-select-style-modern .choices__inner{\r\n\t\t\t\t\r\n\t}\r\n\r\n\t\/* background color on modern dropdown *\/\r\n\t\r\n \r\n\tbody #wpforms-75240 .wpforms-form .wpforms-field-radio li label,\r\n\tbody #wpforms-75240 .wpforms-form .wpforms-field-payment-multiple li label {\r\n\t\t\t}\r\n \r\n\tbody #wpforms-75240 .wpforms-form .wpforms-field-checkbox li label {\r\n\t\t\t}\r\n \r\n\tbody #wpforms-75240 .wpforms-form .wpforms-field .wpforms-field-description {\r\n\r\n\t\t\t}\r\n\r\n \r\n\tbody #wpforms-75240 .wpforms-form .wpforms-field label.wpforms-field-label,\r\n\tbody #wpforms-75240 .wpforms-form .wpforms-field .wpforms-field-label {\r\n\t\tfont-weight: bold;\t}\r\n\r\n\r\n \r\n\tbody #wpforms-confirmation-75240  {\r\n\r\n\t\t\t\tborder-width: 1px;\t}\r\n\r\n\tbody #wpforms-confirmation-75240 p{\r\n\t\ttext-transform: uppercase;\r\n\t\ttext-decoration: underline;\r\n\t\tcolor: inherit;\r\n\t}\r\n\r\n \r\n\tbody #wpforms-75240 label.wpforms-error,\r\n\tbody #wpforms-75240 .wpforms-error[role=\"alert\"] {\r\n\t\t\r\n\t\t\t\tborder-width: 1px;\t}\r\n\/* Styling for Tablets *\/\r\n@media only screen and (max-width: 800px) and (min-width:481px) {\r\n\t\r\n\r\n\r\n\r\n}\r\n\r\n@media only screen and (max-width: 480px){\r\n\t\r\n\r\n\r\n\r\n}\r\n\/*Option to add custom CSS *\/\r\n\r\n\r\n\r\n\t\t<\/style>\r\n\t\t<div class=\"wpforms-container wpforms-container-full wpforms-render-modern\" id=\"wpforms-75240\"><form id=\"wpforms-form-75240\" class=\"wpforms-validate wpforms-form wpforms-ajax-form\" data-formid=\"75240\" method=\"post\" enctype=\"multipart\/form-data\" action=\"\/cz\/wp-json\/wp\/v2\/pages\/76538?wpforms_form_id=75240\" data-token=\"71f31cbfcd210a038056bfb3e7dec2f1\" data-token-time=\"1777053971\"><noscript class=\"wpforms-error-noscript\">Chcete-li vyplnit tento formul\u00e1\u0159, pros\u00edm povolte v&nbsp;prohl\u00ed\u017ee\u010di JavaScript.<\/noscript><div id=\"wpforms-error-noscript\" style=\"display: none;\">Chcete-li vyplnit tento formul\u00e1\u0159, pros\u00edm povolte v&nbsp;prohl\u00ed\u017ee\u010di JavaScript.<\/div><div class=\"wpforms-field-container\"><div id=\"wpforms-75240-field_7-container\" class=\"wpforms-field wpforms-field-radio wpforms-list-inline\" data-field-id=\"7\"><fieldset><legend class=\"wpforms-field-label\">Objedn\u00e1v\u00e1m <span class=\"wpforms-required-label\" aria-hidden=\"true\">*<\/span><\/legend><ul id=\"wpforms-75240-field_7\" class=\"wpforms-field-required\"><li class=\"choice-1 depth-1\"><input type=\"radio\" id=\"wpforms-75240-field_7_1\" name=\"wpforms[fields][7]\" value=\"jako fyzick\u00e1 osoba\" aria-errormessage=\"wpforms-75240-field_7_1-error\" required ><label class=\"wpforms-field-label-inline\" for=\"wpforms-75240-field_7_1\">jako fyzick\u00e1 osoba<\/label><\/li><li class=\"choice-2 depth-1\"><input type=\"radio\" id=\"wpforms-75240-field_7_2\" name=\"wpforms[fields][7]\" value=\"pro firmu\" aria-errormessage=\"wpforms-75240-field_7_2-error\" required ><label class=\"wpforms-field-label-inline\" for=\"wpforms-75240-field_7_2\">pro firmu<\/label><\/li><\/ul><\/fieldset><\/div><div id=\"wpforms-75240-field_8-container\" class=\"wpforms-field wpforms-field-layout\" data-field-id=\"8\"><div class=\"wpforms-field-layout-rows wpforms-field-large\"><div class=\"wpforms-layout-row\"><div class=\"wpforms-layout-column wpforms-layout-column-50\"><div id=\"wpforms-75240-field_2-container\" class=\"wpforms-field wpforms-field-name\" data-field-id=\"2\"><label class=\"wpforms-field-label\" for=\"wpforms-75240-field_2\">Va\u0161e jm\u00e9no \/ n\u00e1zev firmy<\/label><input type=\"text\" id=\"wpforms-75240-field_2\" class=\"wpforms-field-medium\" name=\"wpforms[fields][2]\" aria-errormessage=\"wpforms-75240-field_2-error\" ><\/div><\/div><div class=\"wpforms-layout-column wpforms-layout-column-50\"><div id=\"wpforms-75240-field_5-container\" class=\"wpforms-field wpforms-field-email\" data-field-id=\"5\"><label class=\"wpforms-field-label\" for=\"wpforms-75240-field_5\">Email <span class=\"wpforms-required-label\" aria-hidden=\"true\">*<\/span><\/label><input type=\"email\" id=\"wpforms-75240-field_5\" class=\"wpforms-field-medium wpforms-field-required\" name=\"wpforms[fields][5]\" spellcheck=\"false\" aria-errormessage=\"wpforms-75240-field_5-error\" required><\/div><\/div><\/div><div class=\"wpforms-layout-row\"><div class=\"wpforms-layout-column wpforms-layout-column-50\"><div id=\"wpforms-75240-field_1-container\" class=\"wpforms-field wpforms-field-text\" data-field-id=\"1\"><label class=\"wpforms-field-label\" for=\"wpforms-75240-field_1\">PS\u010c <span class=\"wpforms-required-label\" aria-hidden=\"true\">*<\/span><\/label><input type=\"text\" id=\"wpforms-75240-field_1\" class=\"wpforms-field-medium wpforms-field-required\" name=\"wpforms[fields][1]\" aria-errormessage=\"wpforms-75240-field_1-error\" required><\/div><\/div><div class=\"wpforms-layout-column wpforms-layout-column-50\"><div id=\"wpforms-75240-field_6-container\" class=\"wpforms-field wpforms-field-phone\" data-field-id=\"6\"><label class=\"wpforms-field-label\" for=\"wpforms-75240-field_6\">Telefon<\/label><input type=\"tel\" id=\"wpforms-75240-field_6\" class=\"wpforms-field-medium wpforms-smart-phone-field\" data-rule-smart-phone-field=\"true\" name=\"wpforms[fields][6]\" aria-label=\"Telefon\" aria-errormessage=\"wpforms-75240-field_6-error\" ><\/div><\/div><\/div><div class=\"wpforms-layout-row\"><div class=\"wpforms-layout-column wpforms-layout-column-50\"><div id=\"wpforms-75240-field_9-container\" class=\"wpforms-field wpforms-field-text\" data-field-id=\"9\"><label class=\"wpforms-field-label\" for=\"wpforms-75240-field_9\">Jazykov\u00e1 kombinace<\/label><input type=\"text\" id=\"wpforms-75240-field_9\" class=\"wpforms-field-medium\" name=\"wpforms[fields][9]\" aria-errormessage=\"wpforms-75240-field_9-error\" aria-describedby=\"wpforms-75240-field_9-description\" ><div id=\"wpforms-75240-field_9-description\" class=\"wpforms-field-description\">nap\u0159. \u010de\u0161tina - angli\u010dtina<\/div><\/div><\/div><div class=\"wpforms-layout-column wpforms-layout-column-50\"><div id=\"wpforms-75240-field_10-container\" class=\"wpforms-field wpforms-field-date-time\" data-field-id=\"10\"><label class=\"wpforms-field-label\" for=\"wpforms-75240-field_10\">O\u010dek\u00e1van\u00fd term\u00edn vyhotoven\u00ed<\/label><div class=\"wpforms-datepicker-wrap\"><input type=\"text\" id=\"wpforms-75240-field_10\" class=\"wpforms-field-date-time-date wpforms-datepicker wpforms-field-medium\" data-date-format=\"d\/m\/Y\" data-disable-past-dates=\"1\" data-disable-todays-date=\"1\" data-input=\"true\" name=\"wpforms[fields][10][date]\" aria-errormessage=\"wpforms-75240-field_10-error\" ><a title=\"Clear Date\" data-clear role=\"button\" tabindex=\"0\" class=\"wpforms-datepicker-clear\" aria-label=\"Clear Date\" style=\"display:none;\"><\/a><\/div><\/div><\/div><\/div><div class=\"wpforms-layout-row\"><div class=\"wpforms-layout-column wpforms-layout-column-50\"><div id=\"wpforms-75240-field_11-container\" class=\"wpforms-field wpforms-field-radio wpforms-list-inline wpforms-conditional-trigger\" data-field-id=\"11\"><fieldset><legend class=\"wpforms-field-label\">Typ p\u0159ekladu<\/legend><ul id=\"wpforms-75240-field_11\"><li class=\"choice-1 depth-1\"><input type=\"radio\" id=\"wpforms-75240-field_11_1\" name=\"wpforms[fields][11]\" value=\"Soudn\u00ed p\u0159eklad s ov\u011b\u0159en\u00edm\" aria-errormessage=\"wpforms-75240-field_11_1-error\"  ><label class=\"wpforms-field-label-inline\" for=\"wpforms-75240-field_11_1\">Soudn\u00ed p\u0159eklad s&nbsp;ov\u011b\u0159en\u00edm<\/label><\/li><li class=\"choice-2 depth-1\"><input type=\"radio\" id=\"wpforms-75240-field_11_2\" name=\"wpforms[fields][11]\" value=\"Elektronick\u00fd soudn\u00ed p\u0159eklad s ov\u011b\u0159en\u00edm\" aria-errormessage=\"wpforms-75240-field_11_2-error\"  ><label class=\"wpforms-field-label-inline\" for=\"wpforms-75240-field_11_2\">Elektronick\u00fd soudn\u00ed p\u0159eklad s&nbsp;ov\u011b\u0159en\u00edm<\/label><\/li><\/ul><\/fieldset><\/div><\/div><div class=\"wpforms-layout-column wpforms-layout-column-50\"><div id=\"wpforms-75240-field_13-container\" class=\"wpforms-field wpforms-field-select wpforms-conditional-field wpforms-conditional-show wpforms-field-select-style-classic\" data-field-id=\"13\" style=\"display:none;\"><label class=\"wpforms-field-label\" for=\"wpforms-75240-field_13\">Vyberte pobo\u010dku, kde si p\u0159eklad vyzvednete<\/label><select id=\"wpforms-75240-field_13\" class=\"wpforms-field-medium\" name=\"wpforms[fields][13]\"><option value=\"Praha\"  class=\"choice-1 depth-1\"  >Praha<\/option><option value=\"Brno\"  class=\"choice-2 depth-1\"  >Brno<\/option><option value=\"Ostrava\"  class=\"choice-3 depth-1\"  >Ostrava<\/option><option value=\"Plze\u0148\"  class=\"choice-4 depth-1\"  >Plze\u0148<\/option><option value=\"Liberec\"  class=\"choice-5 depth-1\"  >Liberec<\/option><option value=\"\u010cesk\u00e9 Bud\u011bjovice\"  class=\"choice-6 depth-1\"  >\u010cesk\u00e9 Bud\u011bjovice<\/option><option value=\"Hradec Kr\u00e1lov\u00e9\"  class=\"choice-7 depth-1\"  >Hradec Kr\u00e1lov\u00e9<\/option><option value=\"Pardubice\"  class=\"choice-8 depth-1\"  >Pardubice<\/option><option value=\"\u00dast\u00ed nad Labem\"  class=\"choice-9 depth-1\"  >\u00dast\u00ed nad Labem<\/option><option value=\"Zl\u00edn\"  class=\"choice-10 depth-1\"  >Zl\u00edn<\/option><\/select><\/div><\/div><\/div><\/div><\/div><div id=\"wpforms-75240-field_14-container\" class=\"wpforms-field wpforms-field-html wpforms-conditional-field wpforms-conditional-show\" data-field-id=\"14\" style=\"display:none;\"><div id=\"wpforms-75240-field_14\" aria-errormessage=\"wpforms-75240-field_14-error\"><span style=\"color: #FF643B; font-size:20px\"><strong>Vyhotoven\u00fd elektronick\u00fd soudn\u00ed p\u0159eklad s&nbsp;ov\u011b\u0159en\u00edm bude zasl\u00e1n na V\u00e1\u0161 e-mail. <\/strong><\/span><\/div><\/div><div id=\"wpforms-75240-field_22-container\" class=\"wpforms-field wpforms-field-layout\" data-field-id=\"22\"><div class=\"wpforms-field-layout-rows wpforms-field-large\"><div class=\"wpforms-layout-row\"><div class=\"wpforms-layout-column wpforms-layout-column-50\"><div id=\"wpforms-75240-field_12-container\" class=\"wpforms-field wpforms-field-file-upload\" data-field-id=\"12\"><label class=\"wpforms-field-label\" for=\"wpforms-75240-field_12\">Zde m\u016f\u017eete nahr\u00e1t dokumenty k&nbsp;p\u0159ekladu<\/label><div\n\t\tclass=\"wpforms-uploader \"\n\t\tdata-field-id=\"12\"\n\t\tdata-form-id=\"75240\"\n\t\tdata-input-name=\"wpforms_75240_12\"\n\t\tdata-extensions=\"txt,rtf,odf,pdf,doc,docx,ppt,pptx,xls,xlsx,zip,jpg,png\"\n\t\tdata-max-size=\"33554432\"\n\t\tdata-max-file-number=\"10\"\n\t\tdata-post-max-size=\"33554432\"\n\t\tdata-max-parallel-uploads=\"4\"\n\t\tdata-parallel-uploads=\"true\"\n\t\tdata-file-chunk-size=\"2097152\">\n\t<div class=\"dz-message\">\n\t\t<svg  viewBox=\"0 0 640 640\" focusable=\"false\" data-icon=\"inbox\" width=\"50px\" height=\"50px\" fill=\"currentColor\" aria-hidden=\"true\">\n\t\t\t<path d=\"M352 173.3L352 384C352 401.7 337.7 416 320 416C302.3 416 288 401.7 288 384L288 173.3L246.6 214.7C234.1 227.2 213.8 227.2 201.3 214.7C188.8 202.2 188.8 181.9 201.3 169.4L297.3 73.4C309.8 60.9 330.1 60.9 342.6 73.4L438.6 169.4C451.1 181.9 451.1 202.2 438.6 214.7C426.1 227.2 405.8 227.2 393.3 214.7L352 173.3zM320 464C364.2 464 400 428.2 400 384L480 384C515.3 384 544 412.7 544 448L544 480C544 515.3 515.3 544 480 544L160 544C124.7 544 96 515.3 96 480L96 448C96 412.7 124.7 384 160 384L240 384C240 428.2 275.8 464 320 464zM464 488C477.3 488 488 477.3 488 464C488 450.7 477.3 440 464 440C450.7 440 440 450.7 440 464C440 477.3 450.7 488 464 488z\"\/>\n\t\t<\/svg>\n\n\t\t<span class=\"modern-title\">\n\t\t\t\t\t\t\tDrag &amp; Drop Files, \t\t\t\t<span>Choose Files to Upload<\/span>\n\t\t\t\t\t<\/span>\n\n\t\t\t\t\t<span class=\"modern-hint\">M\u016f\u017eete nahr\u00e1t a\u017e 10 soubor\u016f.<\/span>\n\t\t\t<\/div>\n<\/div>\n\n<input\n\t\ttype=\"text\"\n\t\tautocomplete=\"off\"\n\t\treadonly\n\t\tclass=\"dropzone-input\"\n\t\tstyle=\"position:absolute!important;clip:rect(0,0,0,0)!important;height:1px!important;width:1px!important;border:0!important;overflow:hidden!important;padding:0!important;margin:0!important;\"\n\t\tid=\"wpforms-75240-field_12\"\n\t\tname=\"wpforms_75240_12\" \t\tvalue=\"\">\n<div id=\"wpforms-75240-field_12-description\" class=\"wpforms-field-description\"> <font color=\"#FF643B\" size=\"3\"><b>Ochrana va\u0161ich dokument\u016f je pro n\u00e1s prioritou. Va\u0161e soubory jsou u&nbsp;n\u00e1s v&nbsp;bezpe\u010d\u00ed.<\/b><\/font>\nTypy soubor\u016f: txt, rtf, odf, pdf, doc, docx, ppt, pptx, xls, xlsx, zip, jpg, png Maxim\u00e1ln\u00ed velikost souboru: 32 MB, Maxim\u00e1ln\u00ed po\u010det soubor\u016f: 10.<\/div><\/div><\/div><div class=\"wpforms-layout-column wpforms-layout-column-50\"><div id=\"wpforms-75240-field_3-container\" class=\"wpforms-field wpforms-field-textarea\" data-field-id=\"3\"><label class=\"wpforms-field-label\" for=\"wpforms-75240-field_3\">Chcete doplnit n\u011bjak\u00e9 informace?<\/label><textarea id=\"wpforms-75240-field_3\" class=\"wpforms-field-medium\" name=\"wpforms[fields][3]\" aria-errormessage=\"wpforms-75240-field_3-error\" aria-describedby=\"wpforms-75240-field_3-description\" ><\/textarea><div id=\"wpforms-75240-field_3-description\" class=\"wpforms-field-description\">Jak v\u00e1m m\u016f\u017eeme pomoci? Dejte n\u00e1m v\u011bd\u011bt, co aktu\u00e1ln\u011b \u0159e\u0161\u00edte. M\u00e1te na n\u00e1s ot\u00e1zku? Jsme tu pro v\u00e1s.<\/div><\/div><\/div><\/div><\/div><\/div><div id=\"wpforms-75240-field_15-container\" class=\"wpforms-field wpforms-field-html\" data-field-id=\"15\"><div id=\"wpforms-75240-field_15\" aria-errormessage=\"wpforms-75240-field_15-error\"><font size=\"2\">Odesl\u00e1n\u00edm popt\u00e1vky souhlas\u00edte se <a href=\"https:\/\/skrivanek.cz\/cz\/zpracovani-ochrana-osobnich-udaju\/\" title=\"Z\u00e1sady zpracov\u00e1n\u00ed osobn\u00edch \u00fadaj\u016f\" target=\"_blank\">z\u00e1sadami zpracov\u00e1n\u00ed osobn\u00edch \u00fadaj\u016f<\/a>.<\/font><\/div><\/div><div id=\"wpforms-75240-field_16-container\" class=\"wpforms-field wpforms-field-hidden\" data-field-id=\"16\"><input type=\"hidden\" id=\"wpforms-75240-field_16\" name=\"wpforms[fields][16]\" value=\"[channel]\"><\/div><div id=\"wpforms-75240-field_17-container\" class=\"wpforms-field wpforms-field-hidden\" data-field-id=\"17\"><input type=\"hidden\" id=\"wpforms-75240-field_17\" name=\"wpforms[fields][17]\" value=\"[channeldrilldown1]\"><\/div><div id=\"wpforms-75240-field_18-container\" class=\"wpforms-field wpforms-field-hidden\" data-field-id=\"18\"><input type=\"hidden\" id=\"wpforms-75240-field_18\" name=\"wpforms[fields][18]\" value=\"[channeldrilldown2]\"><\/div>\t\t<div id=\"wpforms-75240-field_4-container\"\n\t\t\tclass=\"wpforms-field wpforms-field-text\"\n\t\t\tdata-field-type=\"text\"\n\t\t\tdata-field-id=\"4\"\n\t\t\t>\n\t\t\t<label class=\"wpforms-field-label\" for=\"wpforms-75240-field_4\" >Channel PS\u010c Layout<\/label>\n\t\t\t<input type=\"text\" id=\"wpforms-75240-field_4\" class=\"wpforms-field-medium\" name=\"wpforms[fields][4]\" >\n\t\t<\/div>\n\t\t<div id=\"wpforms-75240-field_19-container\" class=\"wpforms-field wpforms-field-hidden\" data-field-id=\"19\"><input type=\"hidden\" id=\"wpforms-75240-field_19\" name=\"wpforms[fields][19]\" value=\"[channeldrilldown3]\"><\/div><div id=\"wpforms-75240-field_20-container\" class=\"wpforms-field wpforms-field-hidden\" data-field-id=\"20\"><input type=\"hidden\" id=\"wpforms-75240-field_20\" name=\"wpforms[fields][20]\" value=\"[landingpage]\"><\/div><div id=\"wpforms-75240-field_21-container\" class=\"wpforms-field wpforms-field-hidden\" data-field-id=\"21\"><input type=\"hidden\" id=\"wpforms-75240-field_21\" name=\"wpforms[fields][21]\" value=\"[landingpagegroup]\"><\/div><script>\n\t\t\t\t( function() {\n\t\t\t\t\tconst style = document.createElement( 'style' );\n\t\t\t\t\tstyle.appendChild( document.createTextNode( '#wpforms-75240-field_4-container { position: absolute !important; overflow: hidden !important; display: inline !important; height: 1px !important; width: 1px !important; z-index: -1000 !important; padding: 0 !important; } #wpforms-75240-field_4-container input { visibility: hidden; } #wpforms-conversational-form-page #wpforms-75240-field_4-container label { counter-increment: none; }' ) );\n\t\t\t\t\tdocument.head.appendChild( style );\n\t\t\t\t\tdocument.currentScript?.remove();\n\t\t\t\t} )();\n\t\t\t<\/script><\/div><!-- .wpforms-field-container --><div class=\"wpforms-recaptcha-container wpforms-is-recaptcha wpforms-is-recaptcha-type-v3\" ><input type=\"hidden\" name=\"wpforms[recaptcha]\" value=\"\"><\/div><div class=\"wpforms-submit-container\" ><input type=\"hidden\" name=\"wpforms[id]\" value=\"75240\"><input type=\"hidden\" name=\"page_title\" value=\"\"><input type=\"hidden\" name=\"page_url\" value=\"https:\/\/skrivanek.cz\/cz\/wp-json\/wp\/v2\/pages\/76538\"><input type=\"hidden\" name=\"url_referer\" value=\"\"><button type=\"submit\" name=\"wpforms[submit]\" id=\"wpforms-submit-75240\" class=\"wpforms-submit\" data-alt-text=\"Odes\u00edl\u00e1n\u00ed...\" data-submit-text=\"Odeslat\" aria-live=\"assertive\" value=\"wpforms-submit\">Odeslat<\/button><img loading=\"lazy\" decoding=\"async\" src=\"https:\/\/skrivanek.cz\/wp-content\/plugins\/wpforms\/assets\/images\/submit-spin.svg\" class=\"wpforms-submit-spinner\" style=\"display: none;\" width=\"26\" height=\"26\" alt=\"Na\u010d\u00edt\u00e1n\u00ed\"><\/div><\/form><\/div>  <!-- .wpforms-container --><\/div><\/div><\/div><\/div><\/div>","protected":false},"excerpt":{"rendered":"<p>Chcete-li vyplnit tento formul\u00e1\u0159, pros\u00edm povolte v&nbsp;prohl\u00ed\u017ee\u010di JavaScript.Chcete-li vyplnit tento formul\u00e1\u0159, pros\u00edm povolte v&nbsp;prohl\u00ed\u017ee\u010di JavaScript.Objedn\u00e1v\u00e1m *jako fyzick\u00e1 osobapro firmuVa\u0161e jm\u00e9no \/ n\u00e1zev firmyEmail *PS\u010c *TelefonJazykov\u00e1 kombinacenap\u0159. \u010de\u0161tina &#8211; angli\u010dtinaO\u010dek\u00e1van\u00fd term\u00edn vyhotoven\u00edTyp p\u0159ekladuSoudn\u00ed p\u0159eklad s&nbsp;ov\u011b\u0159en\u00edmElektronick\u00fd soudn\u00ed p\u0159eklad s&nbsp;ov\u011b\u0159en\u00edmVyberte pobo\u010dku, kde si p\u0159eklad vyzvednetePrahaBrnoOstravaPlze\u0148Liberec\u010cesk\u00e9 Bud\u011bjoviceHradec Kr\u00e1lov\u00e9Pardubice\u00dast\u00ed nad LabemZl\u00ednVyhotoven\u00fd elektronick\u00fd soudn\u00ed p\u0159eklad s&nbsp;ov\u011b\u0159en\u00edm bude zasl\u00e1n na V\u00e1\u0161 e-mail. [&hellip;]<\/p>\n","protected":false},"author":9,"featured_media":0,"parent":12494,"menu_order":0,"comment_status":"closed","ping_status":"closed","template":"","meta":{"_acf_changed":false,"footnotes":""},"class_list":["post-76538","page","type-page","status-publish","hentry"],"acf":[],"aioseo_notices":[],"_links":{"self":[{"href":"https:\/\/skrivanek.cz\/cz\/wp-json\/wp\/v2\/pages\/76538","targetHints":{"allow":["GET"]}}],"collection":[{"href":"https:\/\/skrivanek.cz\/cz\/wp-json\/wp\/v2\/pages"}],"about":[{"href":"https:\/\/skrivanek.cz\/cz\/wp-json\/wp\/v2\/types\/page"}],"author":[{"embeddable":true,"href":"https:\/\/skrivanek.cz\/cz\/wp-json\/wp\/v2\/users\/9"}],"replies":[{"embeddable":true,"href":"https:\/\/skrivanek.cz\/cz\/wp-json\/wp\/v2\/comments?post=76538"}],"version-history":[{"count":1,"href":"https:\/\/skrivanek.cz\/cz\/wp-json\/wp\/v2\/pages\/76538\/revisions"}],"predecessor-version":[{"id":76539,"href":"https:\/\/skrivanek.cz\/cz\/wp-json\/wp\/v2\/pages\/76538\/revisions\/76539"}],"up":[{"embeddable":true,"href":"https:\/\/skrivanek.cz\/cz\/wp-json\/wp\/v2\/pages\/12494"}],"wp:attachment":[{"href":"https:\/\/skrivanek.cz\/cz\/wp-json\/wp\/v2\/media?parent=76538"}],"curies":[{"name":"wp","href":"https:\/\/api.w.org\/{rel}","templated":true}]}}