{"id":76849,"date":"2025-06-30T16:01:52","date_gmt":"2025-06-30T14:01:52","guid":{"rendered":"https:\/\/skrivanek.cz\/?page_id=76849"},"modified":"2026-03-24T09:03:00","modified_gmt":"2026-03-24T08:03:00","slug":"kurz-ai-umela-inteligence-v-kazdodenni-praxi","status":"publish","type":"page","link":"https:\/\/skrivanek.cz\/cz\/ai\/kurz-ai-umela-inteligence-v-kazdodenni-praxi\/","title":{"rendered":"AI kurzy a&nbsp;\u0161kolen\u00ed \u2013 Um\u011bl\u00e1 inteligence v&nbsp;ka\u017edodenn\u00ed praxi"},"content":{"rendered":"<div id=\"pl-76849\"  class=\"panel-layout\" ><div id=\"pg-76849-0\"  class=\"panel-grid panel-has-style\"  style=\"margin-bottom: -60px\" ><div class=\"siteorigin-panels-stretch panel-row-padding-none panel-row-style panel-row-style-for-76849-0\" data-stretch-type=\"full\" ><div id=\"pgc-76849-0-0\"  class=\"panel-grid-cell\" ><div id=\"panel-76849-0-0-0\" class=\"so-panel widget widget_wpa9-card-l panel-first-child panel-last-child\" data-index=\"0\" ><div\n\t\t\t\n\t\t\tclass=\"so-widget-wpa9-card-l so-widget-wpa9-card-l-default-c93e1481a745-76849\"\n\t\t\t\n\t\t>\n<h3 class=\"widget-title\">Na\u0161e AI kurzy<\/h3>\n<div class=\"wpa9-card wpa9-card-l-container d-flex flex-wrap wpa9-columns-2\">\n\n\t\n\t\t\n\t<div class=\"wpa9-card-l-panel wpa9-panel shadow rounded d-flex flex-column justify-content-between\">\n\n\t\t<div>\n\t\t\t\t\t\t\t<span class=\"wpa9-panel-icon icon\" style=\"display: none; background-image: url('https:\/\/skrivanek.cz\/wp-content\/uploads\/2024\/09\/ai-icon-02.png')\"><\/span>\n\t\t\t<span class=\"wpa9-panel-icon icon\" style=\"mask-image: url(https:\/\/skrivanek.cz\/wp-content\/uploads\/2024\/09\/ai-icon-02.png); -webkit-mask-image: url(https:\/\/skrivanek.cz\/wp-content\/uploads\/2024\/09\/ai-icon-02.png);\"><\/span>\n\t\t\n\t\t\t\t\t\t\t\t<h2 class=\"wpa9-panel-title\">AI kurz pro firmy<\/h2>\n\t\t\n\t\t\t\t\t\t\t<div class=\"wpa9-panel-content\"><p style=\"text-align: left\"><strong data-start=\"2117\" data-end=\"2141\">AI \u0161kolen\u00ed pro firmy<\/strong>, navr\u017een\u00e9 pro korpor\u00e1tn\u00ed prost\u0159ed\u00ed, pom\u00e1h\u00e1 rychle a&nbsp;efektivn\u011b vyu\u017e\u00edt um\u011blou inteligenci ke zv\u00fd\u0161en\u00ed produktivity, optimalizaci proces\u016f a&nbsp;podpo\u0159e inovac\u00ed. V&nbsp;mal\u00fdch intern\u00edch t\u00fdmech nebo v\u011bt\u0161\u00edch skupin\u00e1ch nab\u00eddneme \u0161kolen\u00ed na m\u00edru va\u0161im pot\u0159eb\u00e1m \u2013 online i&nbsp;onsite.<\/p>\n<p data-start=\"2406\" data-end=\"2425\"><strong data-start=\"2406\" data-end=\"2425\">Kl\u00ed\u010dov\u00e9 v\u00fdhody:<\/strong><\/p>\n<ul data-start=\"2426\" data-end=\"2627\">\n<li data-start=\"2426\" data-end=\"2471\">\n<p data-start=\"2428\" data-end=\"2471\">Individu\u00e1ln\u00ed obsah dle firemn\u00edho zam\u011b\u0159en\u00ed<\/p>\n<\/li>\n<li data-start=\"2472\" data-end=\"2550\">\n<p data-start=\"2474\" data-end=\"2550\">Praktick\u00e9 p\u0159\u00edklady z&nbsp;oblasti business<\/p>\n<\/li>\n<li data-start=\"2551\" data-end=\"2587\">\n<p data-start=\"2553\" data-end=\"2587\">Certifikace a&nbsp;podp\u016frn\u00e9 materi\u00e1ly<\/p>\n<\/li>\n<li data-start=\"2588\" data-end=\"2627\">\n<p data-start=\"2590\" data-end=\"2627\">Flexibiln\u00ed na\u010dasov\u00e1n\u00ed a&nbsp;forma v\u00fduky<\/p>\n<\/li>\n<\/ul>\n<\/div>\n\t\t\t\t<\/div>\n\n\t\t\t\t<div class=\"meta meta-buttons d-flex flex-column flex-sm-row justify-content-center\">\n\t\t\t\t\t\t\t<a class=\"btn btn-negative \" href=\"https:\/\/skrivanek.cz\/cz\/ai\/skoleni-ai-pro-firmy\/\" title=\"Zaj\u00edm\u00e1 m\u011b kurz pro firmy\">Zaj\u00edm\u00e1 m\u011b kurz pro firmy<\/a>\n\t\t\t\t<\/div>\n\t\t\n\t<\/div>\n\n\t\t\n\t<div class=\"wpa9-card-l-panel wpa9-panel shadow rounded d-flex flex-column justify-content-between\">\n\n\t\t<div>\n\t\t\t\t\t\t\t<span class=\"wpa9-panel-icon icon\" style=\"display: none; background-image: url('https:\/\/skrivanek.cz\/wp-content\/uploads\/2024\/09\/ai-icon-01.png')\"><\/span>\n\t\t\t<span class=\"wpa9-panel-icon icon\" style=\"mask-image: url(https:\/\/skrivanek.cz\/wp-content\/uploads\/2024\/09\/ai-icon-01.png); -webkit-mask-image: url(https:\/\/skrivanek.cz\/wp-content\/uploads\/2024\/09\/ai-icon-01.png);\"><\/span>\n\t\t\n\t\t\t\t\t\t\t\t<h2 class=\"wpa9-panel-title\">AI kurz pro ve\u0159ejnost<\/h2>\n\t\t\n\t\t\t\t\t\t\t<div class=\"wpa9-panel-content\"><p data-start=\"2720\" data-end=\"2893\">N\u00e1\u0161 <strong data-start=\"2725\" data-end=\"2759\">otev\u0159en\u00fd kurz AI pro ve\u0159ejnost<\/strong> je vhodn\u00fd pro v\u0161echny \u2013 nez\u00e1le\u017e\u00ed na znalostech ani v\u011bku. Nau\u010d\u00edte se, jak pou\u017e\u00edvat AI n\u00e1stroje v&nbsp;pr\u00e1ci, ve studiu i&nbsp;v&nbsp;osobn\u00edm \u017eivot\u011b.\u201c<\/p>\n<p data-start=\"2895\" data-end=\"2911\"><strong data-start=\"2895\" data-end=\"2911\">Obsah kurzu:<\/strong><\/p>\n<ul data-start=\"2912\" data-end=\"3104\">\n<li data-start=\"2912\" data-end=\"2978\">\n<p data-start=\"2914\" data-end=\"2978\">Z\u00e1klady pr\u00e1ce s&nbsp;n\u00e1stroji AI (nap\u0159.&nbsp;ChatGPT, generov\u00e1n\u00ed obsahu)<\/p>\n<\/li>\n<li data-start=\"2979\" data-end=\"3031\">\n<p data-start=\"2981\" data-end=\"3031\">Efektivn\u00ed psan\u00ed, pl\u00e1nov\u00e1n\u00ed, zpracov\u00e1n\u00ed informac\u00ed<\/p>\n<\/li>\n<li data-start=\"3032\" data-end=\"3075\">\n<p data-start=\"3034\" data-end=\"3075\">Praktick\u00e1 cvi\u010den\u00ed a&nbsp;p\u0159ehled technologi\u00ed<\/p>\n<\/li>\n<li data-start=\"3076\" data-end=\"3104\">\n<p data-start=\"3078\" data-end=\"3104\">Certifik\u00e1t o&nbsp;absolvov\u00e1n\u00ed<\/p>\n<\/li>\n<\/ul>\n<\/div>\n\t\t\t\t<\/div>\n\n\t\t\t\t<div class=\"meta meta-buttons d-flex flex-column flex-sm-row justify-content-center\">\n\t\t\t\t\t\t\t<a class=\"btn btn-negative \" href=\"https:\/\/skrivanek.cz\/cz\/ai\/kurz-ai-pro-verejnost\/\" title=\"Prozkoumat AI kurz\">Prozkoumat AI kurz<\/a>\n\t\t\t\t<\/div>\n\t\t\n\t<\/div>\n\n\t\t\n\t<div class=\"wpa9-card-l-panel wpa9-panel shadow rounded d-flex flex-column justify-content-between\">\n\n\t\t<div>\n\t\t\t\t\t\t\t<span class=\"wpa9-panel-icon icon\" style=\"display: none; background-image: url('https:\/\/skrivanek.cz\/wp-content\/uploads\/2024\/09\/ai-icon-04.png')\"><\/span>\n\t\t\t<span class=\"wpa9-panel-icon icon\" style=\"mask-image: url(https:\/\/skrivanek.cz\/wp-content\/uploads\/2024\/09\/ai-icon-04.png); -webkit-mask-image: url(https:\/\/skrivanek.cz\/wp-content\/uploads\/2024\/09\/ai-icon-04.png);\"><\/span>\n\t\t\n\t\t\t\t\t\t\t\t<h2 class=\"wpa9-panel-title\">AI + pr\u00e1vo<\/h2>\n\t\t\n\t\t\t\t\t\t\t<div class=\"wpa9-panel-content\"><p>Praktick\u00e9 \u0161kolen\u00ed, kter\u00e9 propojuje pou\u017eit\u00ed AI v\u00a0b\u011b\u017en\u00e9 firemn\u00ed praxi s\u00a0aktu\u00e1ln\u00edmi pr\u00e1vn\u00edmi po\u017eadavky a\u00a0riziky. Nau\u010d\u00edte se, jak um\u011blou inteligenci vyu\u017e\u00edvat efektivn\u011b i\u00a0bezpe\u010dn\u011b z\u00a0hlediska GDPR, AI Act, autorsk\u00e9ho pr\u00e1va a\u00a0odpov\u011bdnosti \u2013 bez zbyte\u010dn\u00e9 teorie, s\u00a0d\u016frazem na re\u00e1ln\u00e9 situace z\u00a0pr\u00e1ce.<\/p>\n<p data-start=\"212\" data-end=\"229\"><strong data-start=\"212\" data-end=\"229\">V\u00fdhody kurzu:<\/strong><\/p>\n<ul>\n<li data-start=\"233\" data-end=\"287\">Jistota p\u0159i\u00a0pou\u017e\u00edv\u00e1n\u00ed AI ve firm\u011b i\u00a0ka\u017edodenn\u00ed pr\u00e1ci<\/li>\n<li data-start=\"290\" data-end=\"351\">Srozumiteln\u00fd p\u0159ehled pr\u00e1vn\u00edch rizik bez pr\u00e1vnick\u00e9ho \u017eargonu<\/li>\n<li data-start=\"354\" data-end=\"399\">Praktick\u00e9 sc\u00e9n\u00e1\u0159e a\u00a0re\u00e1ln\u00e9 p\u0159\u00edklady z\u00a0praxe<\/li>\n<li data-start=\"402\" data-end=\"444\">Kombinace AI know-how a\u00a0pr\u00e1vn\u00ed expert\u00edzy<\/li>\n<li data-start=\"447\" data-end=\"492\">Okam\u017eit\u011b pou\u017eiteln\u00e9 poznatky pro va\u0161i pr\u00e1ci<\/li>\n<\/ul>\n<\/div>\n\t\t\t\t<\/div>\n\n\t\t\t\t<div class=\"meta meta-buttons d-flex flex-column flex-sm-row justify-content-start\">\n\t\t\t\t\t\t\t<a class=\"btn btn-negative \" href=\"https:\/\/skrivanek.cz\/cz\/ai\/skoleni-ai-pravo\/\" title=\"V\u00edce informac\u00ed o \u0161kolen\u00ed AI + pr\u00e1vo\">V\u00edce informac\u00ed o&nbsp;\u0161kolen\u00ed AI + pr\u00e1vo<\/a>\n\t\t\t\t<\/div>\n\t\t\n\t<\/div>\n\n\t\t\n\t<div class=\"wpa9-card-l-panel wpa9-panel shadow rounded d-flex flex-column justify-content-between\">\n\n\t\t<div>\n\t\t\t\t\t\t\t<span class=\"wpa9-panel-icon icon\" style=\"display: none; background-image: url('https:\/\/skrivanek.cz\/wp-content\/uploads\/2024\/09\/ai-icon-05.png')\"><\/span>\n\t\t\t<span class=\"wpa9-panel-icon icon\" style=\"mask-image: url(https:\/\/skrivanek.cz\/wp-content\/uploads\/2024\/09\/ai-icon-05.png); -webkit-mask-image: url(https:\/\/skrivanek.cz\/wp-content\/uploads\/2024\/09\/ai-icon-05.png);\"><\/span>\n\t\t\n\t\t\t\t\t\t\t\t<h2 class=\"wpa9-panel-title\">AI kurz pro u\u010ditele<\/h2>\n\t\t\n\t\t\t\t\t\t\t<div class=\"wpa9-panel-content\"><p>Kurz pro u\u010ditele u\u017e se chyst\u00e1! \ud83d\udcab<\/p>\n<p>Zanechte n\u00e1m e-mail a&nbsp;my v\u00e1s budeme informovat, jakmile bude mo\u017en\u00e9 se p\u0159ihl\u00e1sit.<\/p>\n<\/div>\n\t\t\t\t<\/div>\n\n\t\t\t\t<div class=\"meta meta-buttons d-flex flex-column flex-sm-row justify-content-center\">\n\t\t\t\t\t\t\t<a class=\"btn btn-negative \" href=\"https:\/\/skrivanek.cz\/cz\/ai-kurz-pro-ucitele-budte-mezi-prvnimi\/\" title=\"Informujte m\u011b o spu\u0161t\u011bn\u00ed kurzu\">Informujte m\u011b o&nbsp;spu\u0161t\u011bn\u00ed kurzu<\/a>\n\t\t\t\t<\/div>\n\t\t\n\t<\/div>\n\n\t\t\n\t\n<\/div>\n<\/div><\/div><\/div><\/div><\/div><div id=\"pg-76849-1\"  class=\"panel-grid panel-has-style\"  style=\"margin-bottom: -55px\" ><div class=\"panel-row-padding-none panel-row-style panel-row-style-for-76849-1\" ><div id=\"pgc-76849-1-0\"  class=\"panel-grid-cell\" ><div id=\"panel-76849-1-0-0\" class=\"so-panel widget widget_wpa9-editor-ext panel-first-child panel-last-child\" data-index=\"1\" ><div\n\t\t\t\n\t\t\tclass=\"so-widget-wpa9-editor-ext so-widget-wpa9-editor-ext-default-c93e1481a745-76849\"\n\t\t\t\n\t\t>\n<div class=\"siteorigin-widget-tinymce textwidget\">\n\t<p><img loading=\"lazy\" decoding=\"async\" class=\"aligncenter wp-image-72071\" src=\"https:\/\/skrivanek.cz\/wp-content\/uploads\/2024\/09\/ai-eye.jpg\" alt=\"ai\" width=\"250\" height=\"250\" \/><\/p>\n<\/div>\n<\/div><\/div><\/div><div id=\"pgc-76849-1-1\"  class=\"panel-grid-cell\" ><div id=\"panel-76849-1-1-0\" class=\"so-panel widget widget_wpa9-editor-ext panel-first-child panel-last-child\" data-index=\"2\" ><div\n\t\t\t\n\t\t\tclass=\"so-widget-wpa9-editor-ext so-widget-wpa9-editor-ext-default-c93e1481a745-76849\"\n\t\t\t\n\t\t>\n<div class=\"siteorigin-widget-tinymce textwidget\">\n\t<h3 data-start=\"1055\" data-end=\"1128\">Pro\u010d je vzd\u011bl\u00e1v\u00e1n\u00ed v&nbsp;AI z\u00e1sadn\u00ed?<\/h3>\n<p data-start=\"1055\" data-end=\"1128\"><em data-start=\"1069\" data-end=\"1126\">Um\u011bl\u00e1 inteligence m\u011bn\u00ed zp\u016fsob, jak\u00fdm pracujeme a&nbsp;\u017eijeme<\/em><\/p>\n<p data-start=\"1055\" data-end=\"1128\">Podle ned\u00e1vn\u00fdch studi\u00ed dok\u00e1\u017ee efektivn\u00ed vyu\u017eit\u00ed AI zv\u00fd\u0161it produktivitu a\u017e o&nbsp;des\u00edtky procent, p\u0159in\u00e9st \u00fasporu n\u00e1klad\u016f a&nbsp;otev\u0159\u00edt nov\u00e9 obchodn\u00ed p\u0159\u00edle\u017eitosti. Ti, kdo se nau\u010d\u00ed s&nbsp;AI zach\u00e1zet u\u017e dnes, budou m\u00edt z\u00edtra konkuren\u010dn\u00ed v\u00fdhodu.<br data-start=\"1371\" data-end=\"1374\" \/>Na\u0161e \u0161kolen\u00ed v\u00e1m uk\u00e1\u017ee, jak AI za\u010dlenit do ka\u017edodenn\u00ed praxe \u2013 od jednoduch\u00fdch n\u00e1stroj\u016f pro rychlej\u0161\u00ed pr\u00e1ci a\u017e po&nbsp;sofistikovan\u00e9 postupy pro firemn\u00ed projekty.<\/p>\n<\/div>\n<\/div><\/div><\/div><\/div><\/div><div id=\"pg-76849-2\"  class=\"panel-grid panel-has-style\"  style=\"margin-bottom: -60px\" ><div class=\"siteorigin-panels-stretch panel-row-padding-none panel-row-style panel-row-style-for-76849-2\" data-stretch-type=\"full\" ><div id=\"pgc-76849-2-0\"  class=\"panel-grid-cell\" ><div id=\"panel-76849-2-0-0\" class=\"so-panel widget widget_wpa9-card-l panel-first-child panel-last-child\" data-index=\"3\" ><div\n\t\t\t\n\t\t\tclass=\"so-widget-wpa9-card-l so-widget-wpa9-card-l-default-c93e1481a745-76849\"\n\t\t\t\n\t\t>\n\n<div class=\"wpa9-card wpa9-card-l-container d-flex flex-wrap wpa9-columns-2\">\n\n\t\n\t\t\n\t<div class=\"wpa9-card-l-panel wpa9-panel shadow rounded d-flex flex-column justify-content-between\">\n\n\t\t<div>\n\t\t\t\t\t\t\t<span class=\"wpa9-panel-icon icon\" style=\"display: none; background-image: url('https:\/\/skrivanek.cz\/wp-content\/uploads\/2024\/09\/ai-icon-02.png')\"><\/span>\n\t\t\t<span class=\"wpa9-panel-icon icon\" style=\"mask-image: url(https:\/\/skrivanek.cz\/wp-content\/uploads\/2024\/09\/ai-icon-02.png); -webkit-mask-image: url(https:\/\/skrivanek.cz\/wp-content\/uploads\/2024\/09\/ai-icon-02.png);\"><\/span>\n\t\t\n\t\t\t\t\t\t\t\t<h2 class=\"wpa9-panel-title\">Co z\u00edsk\u00e1te absolvov\u00e1n\u00edm na\u0161eho AI kurzu<\/h2>\n\t\t\n\t\t\t\t\t\t\t<div class=\"wpa9-panel-content\"><h5 data-start=\"1539\" data-end=\"1580\"><em data-start=\"1595\" data-end=\"1630\">Praktick\u00e9 dovednosti m\u00edsto teorie<\/em><\/h5>\n<p data-start=\"1634\" data-end=\"1753\">Na\u0161e kurzy jsou postaveny na konkr\u00e9tn\u00edch p\u0159\u00edkladech a\u00a0modelov\u00fdch situac\u00edch z\u00a0praxe. Absolventi:<\/p>\n<ul>\n<li data-start=\"1757\" data-end=\"1878\">osvoj\u00ed si pr\u00e1ci s\u00a0nejmodern\u011bj\u0161\u00edmi AI n\u00e1stroji (ChatGPT, n\u00e1stroje pro generov\u00e1n\u00ed obsahu \u010di\u00a0anal\u00fdzu dat),<\/li>\n<li data-start=\"1881\" data-end=\"1947\">nau\u010d\u00ed se, jak AI bezpe\u010dn\u011b pou\u017e\u00edvat p\u0159i\u00a0zpracov\u00e1n\u00ed citliv\u00fdch dat,<\/li>\n<li data-start=\"1950\" data-end=\"2022\">z\u00edskaj\u00ed tipy pro efektivn\u00ed komunikaci se strojem (prompt engineering),<\/li>\n<li data-start=\"2025\" data-end=\"2100\">zjist\u00ed, jak AI integrovat do firemn\u00edch proces\u016f, v\u00fduky \u010di\u00a0osobn\u00edho \u017eivota,<\/li>\n<li data-start=\"2103\" data-end=\"2163\">odejdou s\u00a0jasn\u00fdm pl\u00e1nem, jak nov\u00e9 znalosti ihned uplatnit.<\/li>\n<\/ul>\n<\/div>\n\t\t\t\t<\/div>\n\n\t\t\n\t<\/div>\n\n\t\t\n\t<div class=\"wpa9-card-l-panel wpa9-panel shadow rounded d-flex flex-column justify-content-between\">\n\n\t\t<div>\n\t\t\t\t\t\t\t<span class=\"wpa9-panel-icon icon\" style=\"display: none; background-image: url('https:\/\/skrivanek.cz\/wp-content\/uploads\/2024\/09\/ai-icon-01.png')\"><\/span>\n\t\t\t<span class=\"wpa9-panel-icon icon\" style=\"mask-image: url(https:\/\/skrivanek.cz\/wp-content\/uploads\/2024\/09\/ai-icon-01.png); -webkit-mask-image: url(https:\/\/skrivanek.cz\/wp-content\/uploads\/2024\/09\/ai-icon-01.png);\"><\/span>\n\t\t\n\t\t\t\t\t\t\t\t<h2 class=\"wpa9-panel-title\">Pro\u010d AI \u0161kolen\u00ed se Sk\u0159iv\u00e1nkem<\/h2>\n\t\t\n\t\t\t\t\t\t\t<div class=\"wpa9-panel-content\"><h5 data-start=\"181\" data-end=\"216\"><em data-start=\"231\" data-end=\"284\">Odbornost, tradice a\u00a0zku\u0161enost v\u00a0oblasti vzd\u011bl\u00e1v\u00e1n\u00ed<\/em><\/h5>\n<p data-start=\"181\" data-end=\"216\">Spojujeme v\u00edce ne\u017e 30 let zku\u0161enost\u00ed v\u00a0oblasti firemn\u00edho a\u00a0jazykov\u00e9ho vzd\u011bl\u00e1v\u00e1n\u00ed s\u00a0nejnov\u011bj\u0161\u00edmi poznatky v\u00a0oblasti um\u011bl\u00e9 inteligence. Na\u0161e kurzy nejsou jen teoretick\u00e9 \u2013 lekto\u0159i z\u00a0praxe ukazuj\u00ed konkr\u00e9tn\u00ed p\u0159\u00edklady vyu\u017eit\u00ed AI a\u00a0pom\u00e1haj\u00ed \u00fa\u010dastn\u00edk\u016fm aplikovat je v\u00a0jejich vlastn\u00edm prost\u0159ed\u00ed.<\/p>\n<ul>\n<li data-start=\"592\" data-end=\"642\">30 let praxe a\u00a0siln\u00e9 z\u00e1zem\u00ed vzd\u011bl\u00e1vac\u00ed instituce<\/li>\n<li data-start=\"645\" data-end=\"708\">Odborn\u00ed lekto\u0159i propojuj\u00edc\u00ed AI technologie s\u00a0re\u00e1ln\u00fdmi sc\u00e9n\u00e1\u0159i<\/li>\n<li data-start=\"711\" data-end=\"775\">Certifikace kvality dle ISO 9001 a\u00a0dal\u0161\u00edch mezin\u00e1rodn\u00edch norem<\/li>\n<li data-start=\"778\" data-end=\"832\">Flexibiln\u00ed formy v\u00fduky (online, prezen\u010dn\u011b, hybridn\u011b)<\/li>\n<li data-start=\"835\" data-end=\"898\">Individu\u00e1ln\u00ed p\u0159\u00edstup a\u00a0p\u0159izp\u016fsoben\u00ed obsahu pot\u0159eb\u00e1m \u00fa\u010dastn\u00edk\u016f<\/li>\n<\/ul>\n<\/div>\n\t\t\t\t<\/div>\n\n\t\t\n\t<\/div>\n\n\t\t\n\t\n<\/div>\n<\/div><\/div><\/div><\/div><\/div><div id=\"pg-76849-3\"  class=\"panel-grid panel-has-style\"  style=\"margin-bottom: 0px\" ><div class=\"panel-row-padding-none panel-row-style panel-row-style-for-76849-3\" ><div id=\"pgc-76849-3-0\"  class=\"panel-grid-cell\" ><div id=\"panel-76849-3-0-0\" class=\"so-panel widget widget_wpa9-editor-ext panel-first-child panel-last-child\" data-index=\"4\" ><div\n\t\t\t\n\t\t\tclass=\"so-widget-wpa9-editor-ext so-widget-wpa9-editor-ext-default-c93e1481a745-76849\"\n\t\t\t\n\t\t>\n<div class=\"siteorigin-widget-tinymce textwidget\">\n\t<h3>Jak kurz AI hodnot\u00ed na\u0161i klienti<\/h3>\n<p><em>\u201e\u0160kolen\u00ed zam\u011bstnanc\u016f Krajsk\u00e9ho \u00fa\u0159adu Pardubick\u00e9ho kraje na t\u00e9ma um\u011bl\u00e9 inteligence, po\u0159\u00e1dan\u00e9 firmou Sk\u0159iv\u00e1nek, bylo velmi p\u0159\u00ednosn\u00e9 a\u00a0inspirativn\u00ed. Lektorsk\u00fd t\u00fdm zaujal nejen svou odbornost\u00ed, ale i\u00a0lidsk\u00fdm a\u00a0vst\u0159\u00edcn\u00fdm p\u0159\u00edstupem, d\u00edky kter\u00e9mu se \u00fa\u010dastn\u00edci c\u00edtili motivovan\u00ed a\u00a0zapojen\u00ed po\u00a0celou dobu programu. Obsah \u0161kolen\u00ed byl pe\u010dliv\u011b p\u0159ipraven\u00fd, prakticky zam\u011b\u0159en\u00fd a\u00a0p\u0159ehledn\u011b strukturovan\u00fd, co\u017e umo\u017enilo snadn\u00e9 pochopen\u00ed i\u00a0slo\u017eit\u011bj\u0161\u00edch koncept\u016f AI. Velk\u00fdm p\u0159\u00ednosem byla tak\u00e9 mo\u017enost diskutovat konkr\u00e9tn\u00ed p\u0159\u00edklady vyu\u017eit\u00ed um\u011bl\u00e9 inteligence v\u00a0ka\u017edodenn\u00ed praxi ve\u0159ejn\u00e9 spr\u00e1vy.<\/em><\/p>\n<p><em>Celkov\u011b \u0161kolen\u00ed splnilo i\u00a0p\u0159ed\u010dilo o\u010dek\u00e1v\u00e1n\u00ed \u2013 \u00fa\u010dastn\u00edci si odnesli nejen nov\u00e9 znalosti, ale i\u00a0chu\u0165 d\u00e1le se v\u00a0t\u00e9to oblasti rozv\u00edjet. D\u011bkujeme firm\u011b Sk\u0159iv\u00e1nek za profesion\u00e1ln\u00ed organizaci a\u00a0p\u0159\u00ednosn\u00fd vzd\u011bl\u00e1vac\u00ed z\u00e1\u017eitek.\u201c<\/em><\/p>\n<p>Ing. Jan Slav\u00edk\u00a0 \u2013 \u0158editel Krajsk\u00e9ho \u00fa\u0159adu Pardubick\u00e9ho kraje<\/p>\n<\/div>\n<\/div><\/div><\/div><\/div><\/div><div id=\"pg-76849-4\"  class=\"panel-grid panel-has-style\" ><div class=\"siteorigin-panels-stretch panel-row-padding-none panel-row-style panel-row-style-for-76849-4\" data-stretch-type=\"full\" ><div id=\"pgc-76849-4-0\"  class=\"panel-grid-cell\" ><div id=\"panel-76849-4-0-0\" class=\"so-panel widget widget_wpa9-card-s panel-first-child panel-last-child\" data-index=\"5\" ><div\n\t\t\t\n\t\t\tclass=\"so-widget-wpa9-card-s so-widget-wpa9-card-s-default-c93e1481a745-76849\"\n\t\t\t\n\t\t><div class=\"wpa9-card wpa9-card-s wide negative\">\n\n\t<div class=\"wpa9-card-wrapper container\">\n\n\t\t<div class=\"wpa9-card-text\">\n\t\t\t<h2 class=\"wpa9-card-title\">Vzd\u011bl\u00e1v\u00e1n\u00ed v&nbsp;oblasti AI na m\u00edru va\u0161im pot\u0159eb\u00e1m<\/h2>\n\t\t\t<div class=\"wpa9-card-content\"><p style=\"text-align: center\">Um\u011bl\u00e1 inteligence z\u00e1sadn\u011b m\u011bn\u00ed zp\u016fsob pr\u00e1ce nap\u0159\u00ed\u010d obory. Z\u00edskejte znalosti, kter\u00e9 maj\u00ed re\u00e1ln\u00fd dopad na produktivitu i&nbsp;rozhodov\u00e1n\u00ed. Vypl\u0148te popt\u00e1vku a&nbsp;p\u0159iprav\u00edme pro v\u00e1s odpov\u00eddaj\u00edc\u00ed \u0159e\u0161en\u00ed.<\/p>\n<\/div>\t\t<\/div>\n\n\t\t\t\t<div class=\"meta meta-buttons d-flex flex-row justify-content-center\">\n\t\t\t\t\t\t\t<a class=\"btn btn-negative \" href=\"https:\/\/skrivanek.cz\/cz\/poptavka-kurz-umele-inteligence\/\" title=\"Nez\u00e1vazn\u011b poptat AI kurz\">Nez\u00e1vazn\u011b poptat AI kurz<\/a>\n\t\t\t\t<\/div>\n\t\t\n\t<\/div>\n\n<\/div>\n<\/div><\/div><\/div><\/div><\/div><\/div>","protected":false},"excerpt":{"rendered":"<p>Na\u0161e AI kurzy AI kurz pro firmy AI \u0161kolen\u00ed pro firmy, navr\u017een\u00e9 pro korpor\u00e1tn\u00ed prost\u0159ed\u00ed, pom\u00e1h\u00e1 rychle a&nbsp;efektivn\u011b vyu\u017e\u00edt um\u011blou inteligenci ke zv\u00fd\u0161en\u00ed produktivity, optimalizaci proces\u016f a&nbsp;podpo\u0159e inovac\u00ed. V&nbsp;mal\u00fdch intern\u00edch t\u00fdmech nebo v\u011bt\u0161\u00edch skupin\u00e1ch nab\u00eddneme \u0161kolen\u00ed na m\u00edru va\u0161im pot\u0159eb\u00e1m \u2013 online i&nbsp;onsite. Kl\u00ed\u010dov\u00e9 v\u00fdhody: Individu\u00e1ln\u00ed obsah dle firemn\u00edho zam\u011b\u0159en\u00ed Praktick\u00e9 p\u0159\u00edklady z&nbsp;oblasti business Certifikace [&hellip;]<\/p>\n","protected":false},"author":9,"featured_media":0,"parent":71988,"menu_order":0,"comment_status":"closed","ping_status":"closed","template":"","meta":{"_acf_changed":false,"footnotes":""},"class_list":["post-76849","page","type-page","status-publish","hentry"],"acf":[],"aioseo_notices":[],"_links":{"self":[{"href":"https:\/\/skrivanek.cz\/cz\/wp-json\/wp\/v2\/pages\/76849","targetHints":{"allow":["GET"]}}],"collection":[{"href":"https:\/\/skrivanek.cz\/cz\/wp-json\/wp\/v2\/pages"}],"about":[{"href":"https:\/\/skrivanek.cz\/cz\/wp-json\/wp\/v2\/types\/page"}],"author":[{"embeddable":true,"href":"https:\/\/skrivanek.cz\/cz\/wp-json\/wp\/v2\/users\/9"}],"replies":[{"embeddable":true,"href":"https:\/\/skrivanek.cz\/cz\/wp-json\/wp\/v2\/comments?post=76849"}],"version-history":[{"count":4,"href":"https:\/\/skrivanek.cz\/cz\/wp-json\/wp\/v2\/pages\/76849\/revisions"}],"predecessor-version":[{"id":80118,"href":"https:\/\/skrivanek.cz\/cz\/wp-json\/wp\/v2\/pages\/76849\/revisions\/80118"}],"up":[{"embeddable":true,"href":"https:\/\/skrivanek.cz\/cz\/wp-json\/wp\/v2\/pages\/71988"}],"wp:attachment":[{"href":"https:\/\/skrivanek.cz\/cz\/wp-json\/wp\/v2\/media?parent=76849"}],"curies":[{"name":"wp","href":"https:\/\/api.w.org\/{rel}","templated":true}]}}