{"id":8492,"date":"2021-04-09T11:49:27","date_gmt":"2021-04-09T09:49:27","guid":{"rendered":"https:\/\/skrivanek.cz\/?page_id=8492"},"modified":"2026-03-24T14:59:24","modified_gmt":"2026-03-24T13:59:24","slug":"online-anglictina-s-ashleym","status":"publish","type":"page","link":"https:\/\/skrivanek.cz\/cz\/online-anglictina-s-ashleym\/","title":{"rendered":"Online angli\u010dtina s&nbsp;Ashleym"},"content":{"rendered":"<div id=\"pl-8492\"  class=\"panel-layout\" ><div id=\"pg-8492-0\"  class=\"panel-grid panel-has-style\"  style=\"margin-bottom: 0px\" ><div class=\"siteorigin-panels-stretch panel-row-padding-none panel-row-style panel-row-style-for-8492-0\" data-stretch-type=\"full\" ><div id=\"pgc-8492-0-0\"  class=\"panel-grid-cell\" ><div id=\"panel-8492-0-0-0\" class=\"so-panel widget widget_wpa9-card-l panel-first-child panel-last-child\" data-index=\"0\" ><div\n\t\t\t\n\t\t\tclass=\"so-widget-wpa9-card-l so-widget-wpa9-card-l-default-c93e1481a745-8492\"\n\t\t\t\n\t\t>\n\n<div class=\"wpa9-card wpa9-card-l-container d-flex flex-wrap wpa9-columns-2\">\n\n\t\n\t\t\n\t<div class=\"wpa9-card-l-panel wpa9-panel shadow rounded d-flex flex-column justify-content-between\">\n\n\t\t<div>\n\t\t\t\t\t\t\t<span class=\"wpa9-panel-icon icon\" style=\"display: none; background-image: url('https:\/\/skrivanek.cz\/wp-content\/uploads\/2021\/03\/ico-typy-kurzu.svg')\"><\/span>\n\t\t\t<span class=\"wpa9-panel-icon icon\" style=\"mask-image: url(https:\/\/skrivanek.cz\/wp-content\/uploads\/2021\/03\/ico-typy-kurzu.svg); -webkit-mask-image: url(https:\/\/skrivanek.cz\/wp-content\/uploads\/2021\/03\/ico-typy-kurzu.svg);\"><\/span>\n\t\t\n\t\t\t\t\t\t\t\t<h2 class=\"wpa9-panel-title\">Prezentujte v&nbsp;angli\u010dtine<\/h2>\n\t\t\n\t\t\t\t\t\t\t<div class=\"wpa9-panel-content\"><p><a href=\"https:\/\/www.seduo.cz\/prezentujte-v-anglictine?a_box=vph33qbz&amp;a_cam=39\"><strong><span class=\"caps\">CO<\/span>\u00a0<span class=\"caps\">SE<\/span>\u00a0V\u00a0<span class=\"caps\">KURZU<\/span>\u00a0<span class=\"caps\">NAU\u010c\u00cdTE<\/span>?<\/strong><\/a><\/p>\n<ul style=\"list-style-type: disc\">\n<li>Zaujmout hned na za\u010d\u00e1tku va\u0161\u00ed\u00a0prezentace,<\/li>\n<li>navigovat p\u0159ehledn\u011b skrze strukturu hlavn\u00ed \u010d\u00e1sti\u00a0prezentace,<\/li>\n<li>shrnout efektivn\u011b celou\u00a0prezentaci,<\/li>\n<li>odpov\u00eddat na zv\u00eddav\u00e9 dotazy z\u00a0publika,<\/li>\n<li>srozumiteln\u011b a&nbsp;v\u00fdsti\u017en\u011b popsat grafy, tabulky a&nbsp;jin\u00e9\u00a0vizu\u00e1ly,<\/li>\n<li>pou\u017e\u00edvat spr\u00e1vn\u011b fr\u00e1ze k&nbsp;z\u00edsk\u00e1n\u00ed\u00a0\u010dasu.<\/li>\n<\/ul>\n<\/div>\n\t\t\t\t<\/div>\n\n\t\t\t\t<div class=\"meta meta-buttons d-flex flex-column flex-sm-row justify-content-start\">\n\t\t\t\t\t\t\t<a class=\"btn btn-negative \" href=\"https:\/\/www.seduo.cz\/prezentujte-v-anglictine?a_box=vph33qbz&#038;a_cam=39\" title=\"Chci kurz\">Chci kurz<\/a>\n\t\t\t\t<\/div>\n\t\t\n\t<\/div>\n\n\t\t\n\t<div class=\"wpa9-card-l-panel wpa9-panel shadow rounded d-flex flex-column justify-content-between\">\n\n\t\t<div>\n\t\t\t\t\t\t\t<span class=\"wpa9-panel-icon icon\" style=\"display: none; background-image: url('https:\/\/skrivanek.cz\/wp-content\/uploads\/2021\/01\/ico-lidi.svg')\"><\/span>\n\t\t\t<span class=\"wpa9-panel-icon icon\" style=\"mask-image: url(https:\/\/skrivanek.cz\/wp-content\/uploads\/2021\/01\/ico-lidi.svg); -webkit-mask-image: url(https:\/\/skrivanek.cz\/wp-content\/uploads\/2021\/01\/ico-lidi.svg);\"><\/span>\n\t\t\n\t\t\t\t\t\t\t\t<h2 class=\"wpa9-panel-title\">Kujte pikle form\u00e1ln\u011b i&nbsp;neform\u00e1ln\u011b<\/h2>\n\t\t\n\t\t\t\t\t\t\t<div class=\"wpa9-panel-content\"><p><a href=\"https:\/\/www.seduo.cz\/kujte-pikle-formalne-i-neformalne?a_box=vph33qbz&amp;a_cam=39\"><strong><span class=\"caps\">CO<\/span>\u00a0<span class=\"caps\">SE<\/span>\u00a0V\u00a0<span class=\"caps\">KURZU<\/span>\u00a0<span class=\"caps\">NAU\u010c\u00cdTE<\/span>?<\/strong><\/a><\/p>\n<ul style=\"list-style-type: disc\">\n<li>Spr\u00e1vn\u011b zah\u00e1jit firemn\u00ed poradu \u010di\u00a0setk\u00e1n\u00ed,<\/li>\n<li>efektivn\u011b moderovat firemn\u00ed poradu \u010di\u00a0setk\u00e1n\u00ed,<\/li>\n<li>fr\u00e1ze pro z\u00edsk\u00e1n\u00ed zp\u011btn\u00e9 vazby od\u00a0\u00fa\u010dastn\u00edk\u016f,<\/li>\n<li>srozumiteln\u011b a&nbsp;stru\u010dn\u011b shrnout hlavn\u00ed body\u00a0setk\u00e1n\u00ed,<\/li>\n<li>vyzvat k&nbsp;\u0159e\u0161en\u00ed nedostatk\u016f a&nbsp;pogratulovat k\u00a0\u00fasp\u011bch\u016fm,<\/li>\n<li>konverza\u010dn\u00ed fr\u00e1ze pro neform\u00e1ln\u00ed\u00a0setk\u00e1n\u00ed.<\/li>\n<\/ul>\n<\/div>\n\t\t\t\t<\/div>\n\n\t\t\t\t<div class=\"meta meta-buttons d-flex flex-column flex-sm-row justify-content-start\">\n\t\t\t\t\t\t\t<a class=\"btn btn-negative \" href=\"https:\/\/www.seduo.cz\/kujte-pikle-formalne-i-neformalne?a_box=vph33qbz&#038;a_cam=39\" title=\"Chci kurz\">Chci kurz<\/a>\n\t\t\t\t<\/div>\n\t\t\n\t<\/div>\n\n\t\t\n\t<div class=\"wpa9-card-l-panel wpa9-panel shadow rounded d-flex flex-column justify-content-between\">\n\n\t\t<div>\n\t\t\t\t\t\t\t<span class=\"wpa9-panel-icon icon\" style=\"display: none; background-image: url('https:\/\/skrivanek.cz\/wp-content\/uploads\/2021\/03\/ico-seznam-1.svg')\"><\/span>\n\t\t\t<span class=\"wpa9-panel-icon icon\" style=\"mask-image: url(https:\/\/skrivanek.cz\/wp-content\/uploads\/2021\/03\/ico-seznam-1.svg); -webkit-mask-image: url(https:\/\/skrivanek.cz\/wp-content\/uploads\/2021\/03\/ico-seznam-1.svg);\"><\/span>\n\t\t\n\t\t\t\t\t\t\t\t<h2 class=\"wpa9-panel-title\">Usp\u011bjte u&nbsp;p\u0159ij\u00edmac\u00edho pohovoru<\/h2>\n\t\t\n\t\t\t\t\t\t\t<div class=\"wpa9-panel-content\"><p><a href=\"https:\/\/www.seduo.cz\/uspejte-u-prijimaciho-pohovoru-a-ziskejte-praci-snu?a_box=vph33qbz&amp;a_cam=39\"><strong><span class=\"caps\">CO<\/span>\u00a0<span class=\"caps\">SE<\/span>\u00a0V\u00a0<span class=\"caps\">KURZU<\/span>\u00a0<span class=\"caps\">NAU\u010c\u00cdTE<\/span>?<\/strong><\/a><\/p>\n<ul style=\"list-style-type: disc\">\n<li>Popsat sv\u00e9 vzd\u011bl\u00e1n\u00ed a&nbsp;profesn\u00ed\u00a0zku\u0161enosti,<\/li>\n<li>prodat sv\u00e9 siln\u00e9\u00a0str\u00e1nky,<\/li>\n<li>vhodn\u011b odpov\u011bd\u011bt na z\u00e1ludn\u00e9\u00a0ot\u00e1zky,<\/li>\n<li>prov\u011b\u0159it profil\u00a0kandid\u00e1ta,<\/li>\n<li>nab\u00eddnout pracovn\u00ed\u00a0pozici,<\/li>\n<li>jak se dohodnout na platov\u00fdch\u00a0podm\u00ednk\u00e1ch.<\/li>\n<\/ul>\n<\/div>\n\t\t\t\t<\/div>\n\n\t\t\t\t<div class=\"meta meta-buttons d-flex flex-column flex-sm-row justify-content-start\">\n\t\t\t\t\t\t\t<a class=\"btn btn-negative \" href=\"https:\/\/www.seduo.cz\/uspejte-u-prijimaciho-pohovoru-a-ziskejte-praci-snu?a_box=vph33qbz&#038;a_cam=39\" title=\"Chci kurz\">Chci kurz<\/a>\n\t\t\t\t<\/div>\n\t\t\n\t<\/div>\n\n\t\t\n\t<div class=\"wpa9-card-l-panel wpa9-panel shadow rounded d-flex flex-column justify-content-between\">\n\n\t\t<div>\n\t\t\t\t\t\t\t<span class=\"wpa9-panel-icon icon\" style=\"display: none; background-image: url('https:\/\/skrivanek.cz\/wp-content\/uploads\/2021\/01\/ico-lidi.svg')\"><\/span>\n\t\t\t<span class=\"wpa9-panel-icon icon\" style=\"mask-image: url(https:\/\/skrivanek.cz\/wp-content\/uploads\/2021\/01\/ico-lidi.svg); -webkit-mask-image: url(https:\/\/skrivanek.cz\/wp-content\/uploads\/2021\/01\/ico-lidi.svg);\"><\/span>\n\t\t\n\t\t\t\t\t\t\t\t<h2 class=\"wpa9-panel-title\">P\u0159esv\u011bd\u010dte a&nbsp;dohodn\u011bte se<\/h2>\n\t\t\n\t\t\t\t\t\t\t<div class=\"wpa9-panel-content\"><p><a href=\"https:\/\/www.seduo.cz\/presvedcte-a-dohodnete-se?a_box=vph33qbz&amp;a_cam=39\"><strong><span class=\"caps\">CO<\/span>\u00a0<span class=\"caps\">SE<\/span>\u00a0V\u00a0<span class=\"caps\">KURZU<\/span>\u00a0<span class=\"caps\">NAU\u010c\u00cdTE<\/span>?<\/strong><\/a><\/p>\n<ul style=\"list-style-type: disc\">\n<li>P\u0159edkl\u00e1dat a&nbsp;odm\u00edtat\u00a0n\u00e1vrhy,<\/li>\n<li>kl\u00e1st dotazy a\u00a0vysv\u011btlovat,<\/li>\n<li>vyj\u00e1d\u0159it souhlas a\u00a0nesouhlas,<\/li>\n<li>argumentovat,<\/li>\n<li>smlouvat o\u00a0podm\u00ednk\u00e1ch,<\/li>\n<li>uzav\u0159\u00edt\u00a0obchod.<\/li>\n<\/ul>\n<\/div>\n\t\t\t\t<\/div>\n\n\t\t\t\t<div class=\"meta meta-buttons d-flex flex-column flex-sm-row justify-content-start\">\n\t\t\t\t\t\t\t<a class=\"btn btn-negative \" href=\"https:\/\/www.seduo.cz\/presvedcte-a-dohodnete-se?a_box=vph33qbz&#038;a_cam=39\" title=\"Chci kurz\">Chci kurz<\/a>\n\t\t\t\t<\/div>\n\t\t\n\t<\/div>\n\n\t\t\n\t<div class=\"wpa9-card-l-panel wpa9-panel shadow rounded d-flex flex-column justify-content-between\">\n\n\t\t<div>\n\t\t\t\t\t\t\t<span class=\"wpa9-panel-icon icon\" style=\"display: none; background-image: url('https:\/\/skrivanek.cz\/wp-content\/uploads\/2021\/03\/ico-whatsup.svg')\"><\/span>\n\t\t\t<span class=\"wpa9-panel-icon icon\" style=\"mask-image: url(https:\/\/skrivanek.cz\/wp-content\/uploads\/2021\/03\/ico-whatsup.svg); -webkit-mask-image: url(https:\/\/skrivanek.cz\/wp-content\/uploads\/2021\/03\/ico-whatsup.svg);\"><\/span>\n\t\t\n\t\t\t\t\t\t\t\t<h2 class=\"wpa9-panel-title\">Zvedn\u011bte telefon a&nbsp;domluvte se<\/h2>\n\t\t\n\t\t\t\t\t\t\t<div class=\"wpa9-panel-content\"><p><a href=\"https:\/\/www.seduo.cz\/zvednete-telefon-a-domluvte-se?a_box=vph33qbz&amp;a_cam=39\"><strong><span class=\"caps\">CO<\/span>\u00a0<span class=\"caps\">SE<\/span>\u00a0V\u00a0<span class=\"caps\">KURZU<\/span>\u00a0<span class=\"caps\">NAU\u010c\u00cdTE<\/span>?<\/strong><\/a><\/p>\n<ul style=\"list-style-type: disc\">\n<li>Spr\u00e1vn\u011b p\u0159ijmout\u00a0telefon\u00e1t,<\/li>\n<li>p\u0159epojit klienta na jin\u00e9\u00a0odd\u011blen\u00ed,<\/li>\n<li>zanechat a&nbsp;p\u0159edat telefonick\u00fd\u00a0vzkaz,<\/li>\n<li>pod\u00e1vat a&nbsp;ov\u011b\u0159ovat informace po\u00a0telefonu,<\/li>\n<li>v telefonu zn\u00edt p\u0159\u00e1telsky a\u00a0pozitivn\u011b,<\/li>\n<li>jak \u0159e\u0161it probl\u00e9my se sign\u00e1lem \u010di\u00a0hlukem.<\/li>\n<\/ul>\n<\/div>\n\t\t\t\t<\/div>\n\n\t\t\t\t<div class=\"meta meta-buttons d-flex flex-column flex-sm-row justify-content-start\">\n\t\t\t\t\t\t\t<a class=\"btn btn-negative \" href=\"https:\/\/www.seduo.cz\/zvednete-telefon-a-domluvte-se?a_box=vph33qbz&#038;a_cam=39\" title=\"Chci kurz\">Chci kurz<\/a>\n\t\t\t\t<\/div>\n\t\t\n\t<\/div>\n\n\t\t\n\t<div class=\"wpa9-card-l-panel wpa9-panel shadow rounded d-flex flex-column justify-content-between\">\n\n\t\t<div>\n\t\t\t\t\t\t\t<span class=\"wpa9-panel-icon icon\" style=\"display: none; background-image: url('https:\/\/skrivanek.cz\/wp-content\/uploads\/2021\/03\/ico-e-learning.svg')\"><\/span>\n\t\t\t<span class=\"wpa9-panel-icon icon\" style=\"mask-image: url(https:\/\/skrivanek.cz\/wp-content\/uploads\/2021\/03\/ico-e-learning.svg); -webkit-mask-image: url(https:\/\/skrivanek.cz\/wp-content\/uploads\/2021\/03\/ico-e-learning.svg);\"><\/span>\n\t\t\n\t\t\t\t\t\t\t\t<h2 class=\"wpa9-panel-title\">Mailujte jako prof\u00edk<\/h2>\n\t\t\n\t\t\t\t\t\t\t<div class=\"wpa9-panel-content\"><p><a href=\"https:\/\/www.seduo.cz\/mailujte-jako-profik-vecne-prehledne-a-v-anglictine?a_box=vph33qbz&amp;a_cam=39\"><strong><span class=\"caps\">CO<\/span>\u00a0<span class=\"caps\">SE<\/span>\u00a0V\u00a0<span class=\"caps\">KURZU<\/span>\u00a0<span class=\"caps\">NAU\u010c\u00cdTE<\/span>?<\/strong><\/a><\/p>\n<ul style=\"list-style-type: disc\">\n<li>Rozd\u00edly mezi form\u00e1ln\u00edmi a&nbsp;neform\u00e1ln\u00edmi\u00a0e-maily,<\/li>\n<li>jak spr\u00e1vn\u011b za\u010d\u00edt\u00a0e-mail,<\/li>\n<li>jak spr\u00e1vn\u011b zakon\u010dit\u00a0e-mail,<\/li>\n<li>jak\u00e9 fr\u00e1ze se pou\u017e\u00edvaj\u00ed pro domlouv\u00e1n\u00ed z\u00e1le\u017eitost\u00ed a&nbsp;dotazov\u00e1n\u00ed p\u0159es\u00a0e-mail,<\/li>\n<li>jak spr\u00e1vn\u011b strukturovat\u00a0e-mail,<\/li>\n<li>e-mailov\u00e1 etiketa - co byste (ne)m\u011bli\u00a0napsat.<\/li>\n<\/ul>\n<\/div>\n\t\t\t\t<\/div>\n\n\t\t\t\t<div class=\"meta meta-buttons d-flex flex-column flex-sm-row justify-content-start\">\n\t\t\t\t\t\t\t<a class=\"btn btn-negative \" href=\"https:\/\/www.seduo.cz\/mailujte-jako-profik-vecne-prehledne-a-v-anglictine?a_box=vph33qbz&#038;a_cam=39\" title=\"Chci kurz\">Chci kurz<\/a>\n\t\t\t\t<\/div>\n\t\t\n\t<\/div>\n\n\t\t\n\t\n<\/div>\n<\/div><\/div><\/div><\/div><\/div><div id=\"pg-8492-1\"  class=\"panel-grid panel-has-style\" ><div class=\"panel-row-padding-none panel-row-style panel-row-style-for-8492-1\" ><div id=\"pgc-8492-1-0\"  class=\"panel-grid-cell\" ><div id=\"panel-8492-1-0-0\" class=\"so-panel widget widget_wpa9-editor-ext panel-first-child panel-last-child\" data-index=\"1\" ><div\n\t\t\t\n\t\t\tclass=\"so-widget-wpa9-editor-ext so-widget-wpa9-editor-ext-default-c93e1481a745-8492\"\n\t\t\t\n\t\t>\n<div class=\"siteorigin-widget-tinymce textwidget\">\n\t<h4 class=\"wpa9-team-members-name\" style=\"text-align: center;\">Ashley<\/h4>\n<p class=\"wpa9-team-members-name\" style=\"text-align: center;\">lektor<\/p>\n<div class=\"wpa9-team-members-email\" style=\"text-align: center;\"><\/div>\n<div class=\"wpa9-team-members-phone\" style=\"text-align: center;\"><\/div>\n<div class=\"wpa9-team-members-description\" style=\"text-align: center;\">\"<em>The courses are easy to follow. They contain a\u00a0lot of useful information and practical language. The students repeat what they already know and they build on the knowledge learning something\u00a0new.<\/em>\"<\/div>\n<\/div>\n<\/div><\/div><\/div><\/div><\/div><\/div>","protected":false},"excerpt":{"rendered":"<p>Prezentujte v&nbsp;angli\u010dtine CO\u00a0SE\u00a0V\u00a0KURZU\u00a0NAU\u010c\u00cdTE? Zaujmout hned na za\u010d\u00e1tku va\u0161\u00ed\u00a0prezentace, navigovat p\u0159ehledn\u011b skrze strukturu hlavn\u00ed \u010d\u00e1sti\u00a0prezentace, shrnout efektivn\u011b celou\u00a0prezentaci, odpov\u00eddat na zv\u00eddav\u00e9 dotazy z\u00a0publika, srozumiteln\u011b a&nbsp;v\u00fdsti\u017en\u011b popsat grafy, tabulky a&nbsp;jin\u00e9\u00a0vizu\u00e1ly, pou\u017e\u00edvat spr\u00e1vn\u011b fr\u00e1ze k&nbsp;z\u00edsk\u00e1n\u00ed\u00a0\u010dasu. Chci kurz Kujte pikle form\u00e1ln\u011b i&nbsp;neform\u00e1ln\u011b CO\u00a0SE\u00a0V\u00a0KURZU\u00a0NAU\u010c\u00cdTE? Spr\u00e1vn\u011b zah\u00e1jit firemn\u00ed poradu \u010di\u00a0setk\u00e1n\u00ed, efektivn\u011b moderovat firemn\u00ed poradu \u010di\u00a0setk\u00e1n\u00ed, fr\u00e1ze pro z\u00edsk\u00e1n\u00ed zp\u011btn\u00e9 vazby od\u00a0\u00fa\u010dastn\u00edk\u016f, [&hellip;]<\/p>\n","protected":false},"author":9,"featured_media":0,"parent":0,"menu_order":0,"comment_status":"closed","ping_status":"closed","template":"","meta":{"_acf_changed":false,"footnotes":""},"class_list":["post-8492","page","type-page","status-publish","hentry"],"acf":[],"aioseo_notices":[],"_links":{"self":[{"href":"https:\/\/skrivanek.cz\/cz\/wp-json\/wp\/v2\/pages\/8492","targetHints":{"allow":["GET"]}}],"collection":[{"href":"https:\/\/skrivanek.cz\/cz\/wp-json\/wp\/v2\/pages"}],"about":[{"href":"https:\/\/skrivanek.cz\/cz\/wp-json\/wp\/v2\/types\/page"}],"author":[{"embeddable":true,"href":"https:\/\/skrivanek.cz\/cz\/wp-json\/wp\/v2\/users\/9"}],"replies":[{"embeddable":true,"href":"https:\/\/skrivanek.cz\/cz\/wp-json\/wp\/v2\/comments?post=8492"}],"version-history":[{"count":4,"href":"https:\/\/skrivanek.cz\/cz\/wp-json\/wp\/v2\/pages\/8492\/revisions"}],"predecessor-version":[{"id":80340,"href":"https:\/\/skrivanek.cz\/cz\/wp-json\/wp\/v2\/pages\/8492\/revisions\/80340"}],"wp:attachment":[{"href":"https:\/\/skrivanek.cz\/cz\/wp-json\/wp\/v2\/media?parent=8492"}],"curies":[{"name":"wp","href":"https:\/\/api.w.org\/{rel}","templated":true}]}}