{"id":8533,"date":"2021-04-09T14:56:46","date_gmt":"2021-04-09T12:56:46","guid":{"rendered":"https:\/\/skrivanek.cz\/?page_id=8533"},"modified":"2026-03-24T11:36:20","modified_gmt":"2026-03-24T10:36:20","slug":"aj-zacatecnik","status":"publish","type":"page","link":"https:\/\/skrivanek.cz\/cz\/jazykova-skola\/aj-zacatecnik\/","title":{"rendered":"Angli\u010dtina A1"},"content":{"rendered":"<div id=\"pl-8533\"  class=\"panel-layout\" ><div id=\"pg-8533-0\"  class=\"panel-grid panel-has-style\"  style=\"margin-bottom: 0px\" ><div class=\"panel-row-padding-none panel-row-style panel-row-style-for-8533-0\" ><div id=\"pgc-8533-0-0\"  class=\"panel-grid-cell\" ><div id=\"panel-8533-0-0-0\" class=\"so-panel widget widget_wpa9-editor-ext panel-first-child panel-last-child\" data-index=\"0\" ><div\n\t\t\t\n\t\t\tclass=\"so-widget-wpa9-editor-ext so-widget-wpa9-editor-ext-default-c93e1481a745-8533\"\n\t\t\t\n\t\t>\n<div class=\"siteorigin-widget-tinymce textwidget\">\n\t<h2>\u00darove\u0148 angli\u010dtiny A1<\/h2>\n<ul>\n<li>Rozum\u00ed \u010dasto u\u017e\u00edvan\u00fdm ka\u017edodenn\u00edm v\u00fdraz\u016fm a\u00a0z\u00e1kladn\u00edm fr\u00e1z\u00edm umo\u017e\u0148uj\u00edc\u00ed uspokojovat z\u00e1kladn\u00ed \u017eivotn\u00ed pot\u0159eby a\u00a0um\u00ed takov\u00e9 v\u00fdrazy a\u00a0fr\u00e1ze\u00a0pou\u017e\u00edvat.<\/li>\n<li>Um\u00ed p\u0159edstavit sebe a\u00a0jin\u00e9, um\u00ed se pt\u00e1t na osobn\u00ed \u00fadaje, jako nap\u0159\u00edklad kde n\u011bkdo \u017eije, koho zn\u00e1 a\u00a0co vlastn\u00ed, a\u00a0um\u00ed na podobn\u00e9 ot\u00e1zky\u00a0odpov\u00eddat.<\/li>\n<li>Dok\u00e1\u017ee se jednodu\u0161e domluvit, pokud \u010dlov\u011bk, se kter\u00fdm mluv\u00ed, hovo\u0159\u00ed pomalu a\u00a0z\u0159eteln\u011b a\u00a0je ochoten\u00a0pomoci.<\/li>\n<li>Jazykov\u00e1 \u00farove\u0148 Sk\u0159iv\u00e1nek:\u00a0<strong>\u00fapln\u00fd za\u010d\u00e1te\u010dn\u00edk<\/strong>.<\/li>\n<\/ul>\n<p><strong>Pot\u0159ebujete pomoc s\u00a0p\u0159\u00edpravou na zkou\u0161ky? Chcete se procvi\u010dit v\u00a0oblasti, ve kter\u00e9 si nejste \u00fapln\u011b jist\u00ed? R\u00e1di v\u00e1m s\u00a0t\u00edm pom\u016f\u017eeme! Sta\u010d\u00ed si objednat u\u00a0n\u00e1s kurz.<\/strong><\/p>\n<div class=\"columns columns-2\" data-columns=\"2\">\n<div class=\"column column-1\">\n<p style=\"text-align: center;\"><a class=\"btn btn-negative\" href=\"https:\/\/skrivanek.cz\/cz\/produkt\/anglictina-obecny-kurz-a1-zacatecnik\/\">Chci skupinov\u00fd kurz angli\u010dtiny na \u00farovni A1<\/a><\/p>\n<\/div>\n<div class=\"column column-2\">\n<p style=\"text-align: center;\"><a class=\"btn btn-negative\" href=\"https:\/\/skrivanek.cz\/cz\/jazykova-skola\/individualni-vyuka-jazyku\/anglictina\/\">Chci individu\u00e1ln\u00ed kurz angli\u010dtiny na \u00farovni A1<\/a><\/p>\n<\/div>\n<\/div>\n<\/div>\n<\/div><\/div><\/div><\/div><\/div><div id=\"pg-8533-1\"  class=\"panel-grid panel-has-style\"  style=\"margin-bottom: 0px\" ><div class=\"siteorigin-panels-stretch panel-row-padding-none panel-row-style panel-row-style-for-8533-1\" data-stretch-type=\"full\" ><div id=\"pgc-8533-1-0\"  class=\"panel-grid-cell\" ><div id=\"panel-8533-1-0-0\" class=\"so-panel widget widget_wpa9-card-l panel-first-child panel-last-child\" data-index=\"1\" ><div\n\t\t\t\n\t\t\tclass=\"so-widget-wpa9-card-l so-widget-wpa9-card-l-default-c93e1481a745-8533\"\n\t\t\t\n\t\t>\n<h3 class=\"widget-title\">Jazykov\u00e9 zkou\u0161ky angli\u010dtiny pro \u00farove\u0148 A1<\/h3>\n<div class=\"wpa9-card wpa9-card-l-container d-flex flex-wrap wpa9-columns-2\">\n\n\t\n\t\t\n\t<div class=\"wpa9-card-l-panel wpa9-panel shadow rounded d-flex flex-column justify-content-between\">\n\n\t\t<div>\n\t\t\t\t\n\t\t\t\t\t\t\t\t<h2 class=\"wpa9-panel-title\">TOEIC Bridge<\/h2>\n\t\t\n\t\t\t\t\t\t\t<div class=\"wpa9-panel-content\"><p>Test of English for International\u00a0Communication<\/p>\n<ul>\n<li>V\u0161eobecn\u011b zam\u011b\u0159en\u00e1 zkou\u0161ka angli\u010dtiny ur\u010dena n\u00edzk\u00fdm\u00a0\u00farovn\u00edm,<\/li>\n<li>pokro\u010dilost se ur\u010duje podle bodov\u00e9ho sk\u00f3re od\u00a0A1\u2013B1,<\/li>\n<li>test poslechu (25 minut) a\u00a0test \u010dten\u00ed (35\u00a0minut),<\/li>\n<li>doba platnosti zkou\u0161ky je 2\u00a0roky.<\/li>\n<\/ul>\n<\/div>\n\t\t\t\t<\/div>\n\n\t\t\t\t<div class=\"meta meta-buttons d-flex flex-column flex-sm-row justify-content-start\">\n\t\t\t\t\t<a class=\"btn \" href=\"https:\/\/www.ets.org\/toeic\/test-takers\/about\/bridge.html\" title=\"V\u00edce na www.ets.org\" target=\"_blank\">V\u00edce na www.ets.org<\/a>\n\t\t\t\t\t\t<\/div>\n\t\t\n\t<\/div>\n\n\t\t\n\t<div class=\"wpa9-card-l-panel wpa9-panel shadow rounded d-flex flex-column justify-content-between\">\n\n\t\t<div>\n\t\t\t\t\n\t\t\t\t\t\t\t\t<h2 class=\"wpa9-panel-title\">TOEIC\u00ae Speaking and Writing<\/h2>\n\t\t\n\t\t\t\t\t\t\t<div class=\"wpa9-panel-content\"><div class=\"boards-section__box \">\n<div class=\"box-content\">\n<p>Test of English for International\u00a0Communication<\/p>\n<ul>\n<li>Zkou\u0161ka testuje schopnost komunikace v\u00a0mezin\u00e1rodn\u00edm pracovn\u00edm\u00a0prost\u0159ed\u00ed<\/li>\n<li>pokro\u010dilost se ur\u010duje podle bodov\u00e9ho sk\u00f3re od\u00a0A1\u2013C1,<\/li>\n<li>test psan\u00ed (60 minut) a\u00a0\u00fastn\u00ed test (20\u00a0minut),<\/li>\n<li>doba platnosti zkou\u0161ky je 2\u00a0roky.<\/li>\n<\/ul>\n<\/div>\n<\/div>\n<div class=\"boards-section__box\">\n<div class=\"box-header\">\n<h2 class=\"decorated-heading\"><\/h2>\n<\/div>\n<\/div>\n<\/div>\n\t\t\t\t<\/div>\n\n\t\t\t\t<div class=\"meta meta-buttons d-flex flex-column flex-sm-row justify-content-start\">\n\t\t\t\t\t<a class=\"btn \" href=\"https:\/\/www.ets.org\/toeic\/test-takers\/about\/speaking-writing.html\" title=\"V\u00edce na www.ets.org\ufeff\" target=\"_blank\">V\u00edce na www.ets.org\ufeff<\/a>\n\t\t\t\t\t\t<\/div>\n\t\t\n\t<\/div>\n\n\t\t\n\t<div class=\"wpa9-card-l-panel wpa9-panel shadow rounded d-flex flex-column justify-content-between\">\n\n\t\t<div>\n\t\t\t\t\n\t\t\t\t\t\t\t\t<h2 class=\"wpa9-panel-title\">TOEIC\u00ae Listening and Reading<\/h2>\n\t\t\n\t\t\t\t\t\t\t<div class=\"wpa9-panel-content\"><div class=\"boards-section__box\">\n<div class=\"box-content\">\n<p>Test of English for International\u00a0Communication<\/p>\n<ul>\n<li>Zkou\u0161ka testuje schopnost komunikace v\u00a0mezin\u00e1rodn\u00edm pracovn\u00edm\u00a0prost\u0159ed\u00ed,<\/li>\n<li>pokro\u010dilost se ur\u010duje podle bodov\u00e9ho sk\u00f3re od\u00a0A1\u2013C1,<\/li>\n<li>test poslechu (cca 45 minut), test \u010dten\u00ed (75\u00a0minut),<\/li>\n<li>doba platnosti zkou\u0161ky je 2\u00a0roky.<\/li>\n<\/ul>\n<\/div>\n<\/div>\n<\/div>\n\t\t\t\t<\/div>\n\n\t\t\t\t<div class=\"meta meta-buttons d-flex flex-column flex-sm-row justify-content-start\">\n\t\t\t\t\t<a class=\"btn \" href=\"https:\/\/www.ets.org\/toeic\/test-takers\/about\/listening-reading.html\" title=\"V\u00edce na www.ets.org\" target=\"_blank\">V\u00edce na www.ets.org<\/a>\n\t\t\t\t\t\t<\/div>\n\t\t\n\t<\/div>\n\n\t\t\n\t<div class=\"wpa9-card-l-panel wpa9-panel shadow rounded d-flex flex-column justify-content-between\">\n\n\t\t<div>\n\t\t\t\t\n\t\t\t\t\t\t\t\t<h2 class=\"wpa9-panel-title\">LanguageCert ESOL \u2013 Preliminary A1<\/h2>\n\t\t\n\t\t\t\t\t\t\t<div class=\"wpa9-panel-content\"><div class=\"box-content\">\n<ul>\n<li style=\"list-style-type: none\">\n<ul>\n<li>Zkou\u0161ka z\u00a0obecn\u00e9 angli\u010dtiny na \u00farovni\u00a0A1\u00a0(d\u0159\u00edve ze s\u00e9rie City\u00a0&amp;\u00a0Guilds),<\/li>\n<li>zkou\u0161ka se zam\u011b\u0159uje na praktick\u00e9 pou\u017eit\u00ed jazyka v\u00a0autentick\u00fdch\u00a0situac\u00edch,<\/li>\n<li>p\u00edsemnou a\u00a0\u00fastn\u00ed \u010d\u00e1st zkou\u0161ky lze skl\u00e1dat\u00a0samostatn\u011b,<\/li>\n<li>zkou\u0161ka obsahuje:\n<ul style=\"list-style-type: disc\">\n<li>poslech (20 minut),<\/li>\n<li>\u010dten\u00ed a\u00a0psan\u00ed (80 minut),<\/li>\n<li>\u00fastn\u00ed testov\u00e1n\u00ed (6 minut).<\/li>\n<\/ul>\n<\/li>\n<\/ul>\n<\/li>\n<\/ul>\n<\/div>\n<\/div>\n\t\t\t\t<\/div>\n\n\t\t\n\t<\/div>\n\n\t\t\n\t\n<\/div>\n<\/div><\/div><\/div><\/div><\/div><div id=\"pg-8533-2\"  class=\"panel-grid panel-has-style\" ><div class=\"siteorigin-panels-stretch panel-row-padding-none panel-row-style panel-row-style-for-8533-2\" data-stretch-type=\"full\" ><div id=\"pgc-8533-2-0\"  class=\"panel-grid-cell\" ><div id=\"panel-8533-2-0-0\" class=\"so-panel widget widget_skrv-incl-widget panel-first-child panel-last-child\" data-index=\"2\" ><div\n\t\t\t\n\t\t\tclass=\"so-widget-skrv-incl-widget so-widget-skrv-incl-widget-default-c93e1481a745-8533\"\n\t\t\t\n\t\t><div id=\"pl-8541\"  class=\"panel-layout\" ><div id=\"pg-8541-0\"  class=\"panel-grid panel-no-style\" ><div id=\"pgc-8541-0-0\"  class=\"panel-grid-cell\" ><div id=\"panel-8541-0-0-0\" class=\"so-panel widget widget_wpa9-card-s panel-first-child panel-last-child\" data-index=\"0\" ><div\n\t\t\t\n\t\t\tclass=\"so-widget-wpa9-card-s so-widget-wpa9-card-s-default-c93e1481a745-8533\"\n\t\t\t\n\t\t><div class=\"wpa9-card wpa9-card-s wide negative\">\n\n\t<div class=\"wpa9-card-wrapper container\">\n\n\t\t<div class=\"wpa9-card-text\">\n\t\t\t<h2 class=\"wpa9-card-title\">P\u0159\u00edpravn\u00e9 kurzy<\/h2>\n\t\t\t<div class=\"wpa9-card-content\"><p style=\"text-align: center\">Vybrali jste si zkou\u0161ku a&nbsp;chcete se na ni p\u0159ipravit? Anebo st\u00e1le v\u00e1h\u00e1te, kter\u00e1 je pro v\u00e1s vhodn\u00e1? Za\u0161lete nez\u00e1vaznou popt\u00e1vku, r\u00e1di v\u00e1m porad\u00edme.<\/p>\n<\/div>\t\t<\/div>\n\n\t\t\t\t<div class=\"meta meta-buttons d-flex flex-row justify-content-center\">\n\t\t\t\t\t\t\t<a class=\"btn btn-negative \" href=\"https:\/\/skrivanek.cz\/cz\/poptavka\/\" title=\"M\u00e1m z\u00e1jem \">M\u00e1m z\u00e1jem <\/a>\n\t\t\t\t<\/div>\n\t\t\n\t<\/div>\n\n<\/div>\n<\/div><\/div><\/div><\/div><\/div><\/div><\/div><\/div><\/div><\/div><\/div>","protected":false},"excerpt":{"rendered":"<p>\u00darove\u0148 angli\u010dtiny A1 Rozum\u00ed \u010dasto u\u017e\u00edvan\u00fdm ka\u017edodenn\u00edm v\u00fdraz\u016fm a\u00a0z\u00e1kladn\u00edm fr\u00e1z\u00edm umo\u017e\u0148uj\u00edc\u00ed uspokojovat z\u00e1kladn\u00ed \u017eivotn\u00ed pot\u0159eby a\u00a0um\u00ed takov\u00e9 v\u00fdrazy a\u00a0fr\u00e1ze\u00a0pou\u017e\u00edvat. Um\u00ed p\u0159edstavit sebe a\u00a0jin\u00e9, um\u00ed se pt\u00e1t na osobn\u00ed \u00fadaje, jako nap\u0159\u00edklad kde n\u011bkdo \u017eije, koho zn\u00e1 a\u00a0co vlastn\u00ed, a\u00a0um\u00ed na podobn\u00e9 ot\u00e1zky\u00a0odpov\u00eddat. Dok\u00e1\u017ee se jednodu\u0161e domluvit, pokud \u010dlov\u011bk, se kter\u00fdm mluv\u00ed, hovo\u0159\u00ed pomalu a\u00a0z\u0159eteln\u011b a\u00a0je [&hellip;]<\/p>\n","protected":false},"author":9,"featured_media":0,"parent":305,"menu_order":0,"comment_status":"closed","ping_status":"closed","template":"","meta":{"_acf_changed":false,"footnotes":""},"class_list":["post-8533","page","type-page","status-publish","hentry"],"acf":[],"aioseo_notices":[],"_links":{"self":[{"href":"https:\/\/skrivanek.cz\/cz\/wp-json\/wp\/v2\/pages\/8533","targetHints":{"allow":["GET"]}}],"collection":[{"href":"https:\/\/skrivanek.cz\/cz\/wp-json\/wp\/v2\/pages"}],"about":[{"href":"https:\/\/skrivanek.cz\/cz\/wp-json\/wp\/v2\/types\/page"}],"author":[{"embeddable":true,"href":"https:\/\/skrivanek.cz\/cz\/wp-json\/wp\/v2\/users\/9"}],"replies":[{"embeddable":true,"href":"https:\/\/skrivanek.cz\/cz\/wp-json\/wp\/v2\/comments?post=8533"}],"version-history":[{"count":4,"href":"https:\/\/skrivanek.cz\/cz\/wp-json\/wp\/v2\/pages\/8533\/revisions"}],"predecessor-version":[{"id":80190,"href":"https:\/\/skrivanek.cz\/cz\/wp-json\/wp\/v2\/pages\/8533\/revisions\/80190"}],"up":[{"embeddable":true,"href":"https:\/\/skrivanek.cz\/cz\/wp-json\/wp\/v2\/pages\/305"}],"wp:attachment":[{"href":"https:\/\/skrivanek.cz\/cz\/wp-json\/wp\/v2\/media?parent=8533"}],"curies":[{"name":"wp","href":"https:\/\/api.w.org\/{rel}","templated":true}]}}