{"id":8558,"date":"2021-04-09T20:12:04","date_gmt":"2021-04-09T18:12:04","guid":{"rendered":"https:\/\/skrivanek.cz\/?page_id=8558"},"modified":"2026-03-24T11:37:15","modified_gmt":"2026-03-24T10:37:15","slug":"aj-mirne-pokrocily","status":"publish","type":"page","link":"https:\/\/skrivanek.cz\/cz\/jazykova-skola\/aj-mirne-pokrocily\/","title":{"rendered":"Angli\u010dtina A2"},"content":{"rendered":"<div id=\"pl-8558\"  class=\"panel-layout\" ><div id=\"pg-8558-0\"  class=\"panel-grid panel-has-style\"  style=\"margin-bottom: 0px\" ><div class=\"panel-row-padding-none panel-row-style panel-row-style-for-8558-0\" ><div id=\"pgc-8558-0-0\"  class=\"panel-grid-cell\" ><div id=\"panel-8558-0-0-0\" class=\"so-panel widget widget_wpa9-editor-ext panel-first-child panel-last-child\" data-index=\"0\" ><div\n\t\t\t\n\t\t\tclass=\"so-widget-wpa9-editor-ext so-widget-wpa9-editor-ext-default-c93e1481a745-8558\"\n\t\t\t\n\t\t>\n<div class=\"siteorigin-widget-tinymce textwidget\">\n\t<h2>\u00darove\u0148 angli\u010dtiny A2<\/h2>\n<ul>\n<li>Rozum\u00ed v\u011bt\u00e1m a\u00a0\u010dasto u\u017e\u00edvan\u00fdm v\u00fdraz\u016fm t\u00fdkaj\u00edc\u00edm se ka\u017edodenn\u00edho \u017eivota (nap\u0159\u00edklad z\u00e1kladn\u00ed osobn\u00ed \u00fadaje a\u00a0informace o\u00a0rodin\u011b, nakupov\u00e1n\u00ed, m\u00edsto, kde \u017eije,\u00a0zam\u011bstn\u00e1n\u00ed).<\/li>\n<li>Dok\u00e1\u017ee komunikovat v\u00a0jednoduch\u00fdch, \u010dasto se opakuj\u00edc\u00edch situac\u00edch, kter\u00e9 vy\u017eaduj\u00ed jednoduchou, p\u0159\u00edmou v\u00fdm\u011bnu informac\u00ed o\u00a0d\u016fv\u011brn\u011b zn\u00e1m\u00fdch, \u010dasto se opakuj\u00edc\u00edch\u00a0z\u00e1le\u017eitostech.<\/li>\n<li>Jednoduch\u00fdm zp\u016fsobem um\u00ed popsat sv\u00e9 vzd\u011bl\u00e1n\u00ed, sv\u00e9 nejbli\u017e\u0161\u00ed okol\u00ed a\u00a0v\u011bci t\u00fdkaj\u00edc\u00ed se bezprost\u0159edn\u00edch\u00a0pot\u0159eb.<\/li>\n<li>Jazykov\u00e1 \u00farove\u0148 Sk\u0159iv\u00e1nek:\u00a0<strong>m\u00edrn\u011b pokro\u010dil\u00fd<\/strong>.<\/li>\n<\/ul>\n<p><strong>Pot\u0159ebujete pomoc s\u00a0p\u0159\u00edpravou na zkou\u0161ky? Chcete se procvi\u010dit v\u00a0oblasti, ve kter\u00e9 si nejste \u00fapln\u011b jist\u00ed? R\u00e1di v\u00e1m s\u00a0t\u00edm pom\u016f\u017eeme! Sta\u010d\u00ed si objednat u\u00a0n\u00e1s kurz.<\/strong><\/p>\n<div class=\"columns columns-2\" data-columns=\"2\">\n<div class=\"column column-1\">\n<p style=\"text-align: center;\"><a class=\"btn btn-negative\" href=\"https:\/\/skrivanek.cz\/cz\/produkt\/anglictina-obecny-kurz-a2-mirne-pokrocili\/\">Chci skupinov\u00fd kurz angli\u010dtiny na \u00farovni A2<\/a><\/p>\n<\/div>\n<div class=\"column column-2\">\n<p style=\"text-align: center;\"><a class=\"btn btn-negative\" href=\"https:\/\/skrivanek.cz\/cz\/jazykova-skola\/individualni-vyuka-jazyku\/anglictina\/\">Chci individu\u00e1ln\u00ed kurz angli\u010dtiny na \u00farovni A2<\/a><\/p>\n<\/div>\n<\/div>\n<\/div>\n<\/div><\/div><\/div><\/div><\/div><div id=\"pg-8558-1\"  class=\"panel-grid panel-has-style\"  style=\"margin-bottom: 0px\" ><div class=\"siteorigin-panels-stretch panel-row-padding-none panel-row-style panel-row-style-for-8558-1\" data-stretch-type=\"full\" ><div id=\"pgc-8558-1-0\"  class=\"panel-grid-cell\" ><div id=\"panel-8558-1-0-0\" class=\"so-panel widget widget_wpa9-card-l panel-first-child panel-last-child\" data-index=\"1\" ><div\n\t\t\t\n\t\t\tclass=\"so-widget-wpa9-card-l so-widget-wpa9-card-l-default-c93e1481a745-8558\"\n\t\t\t\n\t\t>\n<h3 class=\"widget-title\">Jazykov\u00e9 zkou\u0161ky angli\u010dtiny pro \u00farove\u0148 A2<\/h3>\n<div class=\"wpa9-card wpa9-card-l-container d-flex flex-wrap wpa9-columns-2\">\n\n\t\n\t\t\n\t<div class=\"wpa9-card-l-panel wpa9-panel shadow rounded d-flex flex-column justify-content-between\">\n\n\t\t<div>\n\t\t\t\t\n\t\t\t\t\t\t\t\t<h2 class=\"wpa9-panel-title\">Cambridge English A2 Key <\/h2>\n\t\t\n\t\t\t\t\t\t\t<div class=\"wpa9-panel-content\"><div class=\"box-content\">\n<ul>\n<li>Zkou\u0161ka z\u00a0obecn\u00e9 angli\u010dtiny na \u00farovni\u00a0A2,<\/li>\n<li>minimum absolvovan\u00fdch hodin v\u00fduky: cca\u00a0180 - 200\u00a0hodin,<\/li>\n<li>zkou\u0161ka\u00a0obsahuje:\n<ul>\n<li>\u010dten\u00ed a\u00a0psan\u00ed (60 minut),<\/li>\n<li>poslech (30 minut),<\/li>\n<li>\u00fastn\u00ed testov\u00e1n\u00ed (8\u201310 minut, vedeno s\u00a0dvojic\u00ed kandid\u00e1t\u016f).<\/li>\n<\/ul>\n<\/li>\n<\/ul>\n<\/div>\n<\/div>\n\t\t\t\t<\/div>\n\n\t\t\t\t<div class=\"meta meta-buttons d-flex flex-column flex-sm-row justify-content-start\">\n\t\t\t\t\t<a class=\"btn \" href=\"https:\/\/www.cambridgeenglish.org\/exams-and-tests\/key\/\" title=\"V\u00edce na www.cambridgeenglish.org\">V\u00edce na www.cambridgeenglish.org<\/a>\n\t\t\t\t\t\t<\/div>\n\t\t\n\t<\/div>\n\n\t\t\n\t<div class=\"wpa9-card-l-panel wpa9-panel shadow rounded d-flex flex-column justify-content-between\">\n\n\t\t<div>\n\t\t\t\t\n\t\t\t\t\t\t\t\t<h2 class=\"wpa9-panel-title\">Cambridge English A2 Key for Schools<\/h2>\n\t\t\n\t\t\t\t\t\t\t<div class=\"wpa9-panel-content\"><div class=\"box-content\">\n<ul>\n<li>Zkou\u0161ka z\u00a0obecn\u00e9 angli\u010dtiny pro d\u011bti ve v\u011bku od\u00a011\u00a0do 14 let na \u00farovni\u00a0A2,<\/li>\n<li>minimum absolvovan\u00fdch hodin v\u00fduky: cca\u00a0180 - 200\u00a0hodin<\/li>\n<li>zkou\u0161ka obsahuje:\n<ul>\n<li>\u010dten\u00ed a\u00a0psan\u00ed (60 minut),<\/li>\n<li>poslech (30 minut),<\/li>\n<li>\u00fastn\u00ed testov\u00e1n\u00ed (8\u201310 minut, vedeno s\u00a0dvojic\u00ed kandid\u00e1t\u016f).<\/li>\n<\/ul>\n<\/li>\n<\/ul>\n<\/div>\n<\/div>\n\t\t\t\t<\/div>\n\n\t\t\t\t<div class=\"meta meta-buttons d-flex flex-column flex-sm-row justify-content-start\">\n\t\t\t\t\t<a class=\"btn \" href=\"https:\/\/www.cambridgeenglish.org\/exams-and-tests\/key-for-schools\/\" title=\"V\u00edce na www.cambridgeenglish.org\">V\u00edce na www.cambridgeenglish.org<\/a>\n\t\t\t\t\t\t<\/div>\n\t\t\n\t<\/div>\n\n\t\t\n\t<div class=\"wpa9-card-l-panel wpa9-panel shadow rounded d-flex flex-column justify-content-between\">\n\n\t\t<div>\n\t\t\t\t\n\t\t\t\t\t\t\t\t<h2 class=\"wpa9-panel-title\">Cambridge English A2 Flyers<\/h2>\n\t\t\n\t\t\t\t\t\t\t<div class=\"wpa9-panel-content\"><div class=\"boards-section__box \">\n<div class=\"box-content\">\n<ul>\n<li>Zkou\u0161ka z\u00a0obecn\u00e9 angli\u010dtiny pro d\u011bti od 5.&nbsp;a\u017e 6.&nbsp;t\u0159\u00eddy na\u00a0\u00farovni\u00a0A2,<\/li>\n<li>minimum absolvovan\u00fdch hodin v\u00fduky: cca\u00a0180 \u2013 200 hodin<\/li>\n<li>zkou\u0161ka obsahuje:\n<ul>\n<li>\u010dten\u00ed a\u00a0psan\u00ed (40 minut),<\/li>\n<li>poslech (25 minut),<\/li>\n<li>\u00fastn\u00ed testov\u00e1n\u00ed (7\u20139 minut).<\/li>\n<\/ul>\n<\/li>\n<\/ul>\n<\/div>\n<\/div>\n<\/div>\n\t\t\t\t<\/div>\n\n\t\t\t\t<div class=\"meta meta-buttons d-flex flex-column flex-sm-row justify-content-start\">\n\t\t\t\t\t<a class=\"btn \" href=\"https:\/\/www.cambridgeenglish.org\/exams-and-tests\/flyers\/\" title=\"V\u00edce na www.cambridgeenglish.org\">V\u00edce na www.cambridgeenglish.org<\/a>\n\t\t\t\t\t\t<\/div>\n\t\t\n\t<\/div>\n\n\t\t\n\t<div class=\"wpa9-card-l-panel wpa9-panel shadow rounded d-flex flex-column justify-content-between\">\n\n\t\t<div>\n\t\t\t\t\n\t\t\t\t\t\t\t\t<h2 class=\"wpa9-panel-title\">JASPEX<\/h2>\n\t\t\n\t\t\t\t\t\t\t<div class=\"wpa9-panel-content\"><p>Jazykov\u00e1 a\u00a0odborn\u00e1 p\u0159\u00edprava\u00a0expert\u016f<\/p>\n<ul>\n<li>Zkou\u0161ka testuje znalosti anglick\u00e9ho jazyka pro odborn\u00e9 pot\u0159eby na \u00farovni\u00a0A2,<\/li>\n<li>minimum absolvovan\u00fdch hodin v\u00fduky: cca 180 \u2013 200\u00a0hodin,<\/li>\n<li>zkou\u0161ka obsahuje p\u00edsemnou (90 minut) a\u00a0\u00fastn\u00ed \u010d\u00e1st (10 \u2013 15 minut).<\/li>\n<\/ul>\n<\/div>\n\t\t\t\t<\/div>\n\n\t\t\t\t<div class=\"meta meta-buttons d-flex flex-column flex-sm-row justify-content-start\">\n\t\t\t\t\t<a class=\"btn \" href=\"http:\/\/www.muvs.cvut.cz\/zajemci-o-studium\/jazykove-vzdelavani\/\" title=\"V\u00edce na www.muvs.cvut.cz\">V\u00edce na www.muvs.cvut.cz<\/a>\n\t\t\t\t\t\t<\/div>\n\t\t\n\t<\/div>\n\n\t\t\n\t<div class=\"wpa9-card-l-panel wpa9-panel shadow rounded d-flex flex-column justify-content-between\">\n\n\t\t<div>\n\t\t\t\t\n\t\t\t\t\t\t\t\t<h2 class=\"wpa9-panel-title\">TOEIC\u00ae Listening and Reading<\/h2>\n\t\t\n\t\t\t\t\t\t\t<div class=\"wpa9-panel-content\"><div class=\"boards-section__box \">\n<div class=\"box-content\">\n<p>Test of English for International\u00a0Communication<\/p>\n<ul>\n<li>Zkou\u0161ka testuje schopnost komunikace v\u00a0mezin\u00e1rodn\u00edm pracovn\u00edm\u00a0prost\u0159ed\u00ed,<\/li>\n<li>pokro\u010dilost se ur\u010duje podle bodov\u00e9ho sk\u00f3re od\u00a0A1\u2013C1,<\/li>\n<li>test poslechu (cca 45 minut), test \u010dten\u00ed (75\u00a0minut),<\/li>\n<li>doba platnosti zkou\u0161ky je 2\u00a0roky.<\/li>\n<\/ul>\n<\/div>\n<\/div>\n<\/div>\n\t\t\t\t<\/div>\n\n\t\t\t\t<div class=\"meta meta-buttons d-flex flex-column flex-sm-row justify-content-start\">\n\t\t\t\t\t<a class=\"btn \" href=\"https:\/\/www.ets.org\/toeic\/test-takers\/about\/listening-reading.html\" title=\"V\u00edce na www.ets.org\">V\u00edce na www.ets.org<\/a>\n\t\t\t\t\t\t<\/div>\n\t\t\n\t<\/div>\n\n\t\t\n\t<div class=\"wpa9-card-l-panel wpa9-panel shadow rounded d-flex flex-column justify-content-between\">\n\n\t\t<div>\n\t\t\t\t\n\t\t\t\t\t\t\t\t<h2 class=\"wpa9-panel-title\">TOEIC\u00ae Speaking and Writing<\/h2>\n\t\t\n\t\t\t\t\t\t\t<div class=\"wpa9-panel-content\"><div class=\"boards-section__box \">\n<div class=\"box-content\">\n<p>Test of English for International\u00a0Communication<\/p>\n<ul>\n<li>Zkou\u0161ka testuje schopnost komunikace v\u00a0mezin\u00e1rodn\u00edm pracovn\u00edm\u00a0prost\u0159ed\u00ed,<\/li>\n<li>pokro\u010dilost se ur\u010duje podle bodov\u00e9ho sk\u00f3re od\u00a0A1\u2013C1,<\/li>\n<li>test psan\u00ed (60 minut) a\u00a0\u00fastn\u00ed test (20\u00a0minut),<\/li>\n<li>doba platnosti zkou\u0161ky je 2\u00a0roky.<\/li>\n<\/ul>\n<\/div>\n<\/div>\n<\/div>\n\t\t\t\t<\/div>\n\n\t\t\t\t<div class=\"meta meta-buttons d-flex flex-column flex-sm-row justify-content-start\">\n\t\t\t\t\t<a class=\"btn \" href=\"https:\/\/www.ets.org\/toeic\/test-takers\/about\/speaking-writing.html\" title=\"V\u00edce na www.ets.org\">V\u00edce na www.ets.org<\/a>\n\t\t\t\t\t\t<\/div>\n\t\t\n\t<\/div>\n\n\t\t\n\t<div class=\"wpa9-card-l-panel wpa9-panel shadow rounded d-flex flex-column justify-content-between\">\n\n\t\t<div>\n\t\t\t\t\n\t\t\t\t\t\t\t\t<h2 class=\"wpa9-panel-title\">TOEIC Bridge<\/h2>\n\t\t\n\t\t\t\t\t\t\t<div class=\"wpa9-panel-content\"><div class=\"boards-section__box \">\n<div class=\"box-content\">\n<p>Test of English for International\u00a0Communication<\/p>\n<ul>\n<li>V\u0161eobecn\u011b zam\u011b\u0159en\u00e1 zkou\u0161ka angli\u010dtiny ur\u010dena n\u00edzk\u00fdm\u00a0\u00farovn\u00edm.<\/li>\n<li>pokro\u010dilost se ur\u010duje podle bodov\u00e9ho sk\u00f3re od\u00a0A1\u2013B1,<\/li>\n<li>test poslechu (25 minut) a\u00a0test \u010dten\u00ed (35\u00a0minut),<\/li>\n<li>doba platnosti zkou\u0161ky je 2\u00a0roky.<\/li>\n<\/ul>\n<\/div>\n<\/div>\n<div class=\"boards-section__box \">\n<div class=\"box-header\">\n<h2 class=\"decorated-heading\"><\/h2>\n<\/div>\n<\/div>\n<\/div>\n\t\t\t\t<\/div>\n\n\t\t\t\t<div class=\"meta meta-buttons d-flex flex-column flex-sm-row justify-content-start\">\n\t\t\t\t\t<a class=\"btn \" href=\"https:\/\/www.ets.org\/toeic\/test-takers\/about\/bridge.html\" title=\"V\u00edce na www.ets.org\">V\u00edce na www.ets.org<\/a>\n\t\t\t\t\t\t<\/div>\n\t\t\n\t<\/div>\n\n\t\t\n\t<div class=\"wpa9-card-l-panel wpa9-panel shadow rounded d-flex flex-column justify-content-between\">\n\n\t\t<div>\n\t\t\t\t\n\t\t\t\t\t\t\t\t<h2 class=\"wpa9-panel-title\">ECL A2<\/h2>\n\t\t\n\t\t\t\t\t\t\t<div class=\"wpa9-panel-content\"><div class=\"box-content\">\n<p>European Consortium for the Certificate of Attainment in Modern\u00a0Languages<\/p>\n<ul>\n<li>Zkou\u0161ka z\u00a0obecn\u00e9 angli\u010dtiny na \u00farovni\u00a0A2,<\/li>\n<li>zkou\u0161ka obsahuje:\n<ul>\n<li>\u010dten\u00ed (35 minut),<\/li>\n<li>psan\u00ed (35 minut),<\/li>\n<li>poslech (15 - 20 minut),<\/li>\n<li>\u00fastn\u00ed testov\u00e1n\u00ed (podle \u00farovn\u011b 13\u201321 minut, vedeno s\u00a0dvojic\u00ed kandid\u00e1t\u016f).<\/li>\n<\/ul>\n<\/li>\n<\/ul>\n<\/div>\n<\/div>\n\t\t\t\t<\/div>\n\n\t\t\t\t<div class=\"meta meta-buttons d-flex flex-column flex-sm-row justify-content-start\">\n\t\t\t\t\t<a class=\"btn \" href=\"https:\/\/eclexam.eu\/\" title=\"V\u00edce na www.eclexam.eu\">V\u00edce na www.eclexam.eu<\/a>\n\t\t\t\t\t\t<\/div>\n\t\t\n\t<\/div>\n\n\t\t\n\t<div class=\"wpa9-card-l-panel wpa9-panel shadow rounded d-flex flex-column justify-content-between\">\n\n\t\t<div>\n\t\t\t\t\n\t\t\t\t\t\t\t\t<h2 class=\"wpa9-panel-title\">IELTS \u2013 4.0<\/h2>\n\t\t\n\t\t\t\t\t\t\t<div class=\"wpa9-panel-content\"><div class=\"box-content\">\n<p>International English Language Testing\u00a0System<\/p>\n<ul>\n<li>Zkou\u0161ka z\u00a0obecn\u00e9 angli\u010dtiny na \u00farovni\u00a0A2\u00a0a vy\u0161\u0161\u00ed, ve\u00a0kter\u00e9 se pokro\u010dilost ur\u010duje podle bodov\u00e9ho\u00a0sk\u00f3re.<\/li>\n<li>na \u00farove\u0148\u00a0A2\u00a0mus\u00ed kandid\u00e1t z\u00edskat 3.0\u00a0body.<\/li>\n<li>kandid\u00e1ti si mohou zvolit Akademick\u00fd nebo V\u0161eobecn\u00fd\u00a0modul,<\/li>\n<li>zkou\u0161ka obsahuje:\n<ul>\n<li>poslech (30 minut),<\/li>\n<li>\u010dten\u00ed (60 minut),<\/li>\n<li>psan\u00ed (60 minut),<\/li>\n<li>\u00fastn\u00ed testov\u00e1n\u00ed (11\u201314 minut).<\/li>\n<\/ul>\n<\/li>\n<\/ul>\n<\/div>\n<\/div>\n\t\t\t\t<\/div>\n\n\t\t\t\t<div class=\"meta meta-buttons d-flex flex-column flex-sm-row justify-content-start\">\n\t\t\t\t\t<a class=\"btn \" href=\"https:\/\/www.ielts.org\/\" title=\"V\u00edce na www.ielts.org\">V\u00edce na www.ielts.org<\/a>\n\t\t\t\t\t\t<\/div>\n\t\t\n\t<\/div>\n\n\t\t\n\t<div class=\"wpa9-card-l-panel wpa9-panel shadow rounded d-flex flex-column justify-content-between\">\n\n\t\t<div>\n\t\t\t\t\n\t\t\t\t\t\t\t\t<h2 class=\"wpa9-panel-title\">telc English A2<\/h2>\n\t\t\n\t\t\t\t\t\t\t<div class=\"wpa9-panel-content\"><div class=\"boards-section__box \">\n<div class=\"box-content\">\n<ul style=\"list-style-type: disc\">\n<li>Zkou\u0161ka z\u00a0obecn\u00e9 angli\u010dtiny na \u00farovni\u00a0A2<\/li>\n<li>pro \u017e\u00e1ky je k\u00a0dispozici zkou\u0161ka telc English\u00a0A2\u00a0School,<\/li>\n<li>zkou\u0161ka obsahuje:\n<ul>\n<li>slovn\u00ed z\u00e1sobu a\u00a0gramatiku (15 minut),<\/li>\n<li>poslech (20 minut),<\/li>\n<li>\u010dten\u00ed (30 minut),<\/li>\n<li>psan\u00ed (15 minut),<\/li>\n<li>\u00fastn\u00ed testov\u00e1n\u00ed (10 minut, zpravidla vedeno spole\u010dn\u011b s\u00a0dal\u0161\u00edm kandid\u00e1tem).<\/li>\n<\/ul>\n<\/li>\n<\/ul>\n<\/div>\n<\/div>\n<\/div>\n\t\t\t\t<\/div>\n\n\t\t\t\t<div class=\"meta meta-buttons d-flex flex-column flex-sm-row justify-content-start\">\n\t\t\t\t\t<a class=\"btn \" href=\"https:\/\/www.telc.net\/en\/language-examinations\/certificate-exams\/english\/telc-english-a2\/\" title=\"V\u00edce na www.telc.net\">V\u00edce na www.telc.net<\/a>\n\t\t\t\t\t\t<\/div>\n\t\t\n\t<\/div>\n\n\t\t\n\t<div class=\"wpa9-card-l-panel wpa9-panel shadow rounded d-flex flex-column justify-content-between\">\n\n\t\t<div>\n\t\t\t\t\n\t\t\t\t\t\t\t\t<h2 class=\"wpa9-panel-title\">LanguageCert ESOL \u2013 Access A2<\/h2>\n\t\t\n\t\t\t\t\t\t\t<div class=\"wpa9-panel-content\"><div class=\"box-content\">\n<ul style=\"list-style-type: disc\">\n<li>Zkou\u0161ka z\u00a0obecn\u00e9 angli\u010dtiny na \u00farovni\u00a0A2,<\/li>\n<li>zkou\u0161ka se zam\u011b\u0159uje na praktick\u00e9 pou\u017eit\u00ed jazyka v\u00a0autentick\u00fdch\u00a0situac\u00edch,<\/li>\n<li>p\u00edsemnou a\u00a0\u00fastn\u00ed \u010d\u00e1st zkou\u0161ky lze skl\u00e1dat\u00a0samostatn\u011b,<\/li>\n<li>zkou\u0161ka obsahuje:\n<ul>\n<li>poslech (20 minut),<\/li>\n<li>\u010dten\u00ed a\u00a0psan\u00ed (80 minut),<\/li>\n<li>\u00fastn\u00ed testov\u00e1n\u00ed (9 minut).<\/li>\n<\/ul>\n<\/li>\n<\/ul>\n<\/div>\n<\/div>\n\t\t\t\t<\/div>\n\n\t\t\n\t<\/div>\n\n\t\t\n\t\n<\/div>\n<\/div><\/div><\/div><\/div><\/div><div id=\"pg-8558-2\"  class=\"panel-grid panel-has-style\" ><div class=\"siteorigin-panels-stretch panel-row-padding-none panel-row-style panel-row-style-for-8558-2\" data-stretch-type=\"full\" ><div id=\"pgc-8558-2-0\"  class=\"panel-grid-cell\" ><div id=\"panel-8558-2-0-0\" class=\"so-panel widget widget_skrv-incl-widget panel-first-child panel-last-child\" data-index=\"2\" ><div\n\t\t\t\n\t\t\tclass=\"so-widget-skrv-incl-widget so-widget-skrv-incl-widget-default-c93e1481a745-8558\"\n\t\t\t\n\t\t><div id=\"pl-8541\"  class=\"panel-layout\" ><div id=\"pg-8541-0\"  class=\"panel-grid panel-no-style\" ><div id=\"pgc-8541-0-0\"  class=\"panel-grid-cell\" ><div id=\"panel-8541-0-0-0\" class=\"so-panel widget widget_wpa9-card-s panel-first-child panel-last-child\" data-index=\"0\" ><div\n\t\t\t\n\t\t\tclass=\"so-widget-wpa9-card-s so-widget-wpa9-card-s-default-c93e1481a745-8558\"\n\t\t\t\n\t\t><div class=\"wpa9-card wpa9-card-s wide negative\">\n\n\t<div class=\"wpa9-card-wrapper container\">\n\n\t\t<div class=\"wpa9-card-text\">\n\t\t\t<h2 class=\"wpa9-card-title\">P\u0159\u00edpravn\u00e9 kurzy<\/h2>\n\t\t\t<div class=\"wpa9-card-content\"><p style=\"text-align: center\">Vybrali jste si zkou\u0161ku a&nbsp;chcete se na ni p\u0159ipravit? Anebo st\u00e1le v\u00e1h\u00e1te, kter\u00e1 je pro v\u00e1s vhodn\u00e1? Za\u0161lete nez\u00e1vaznou popt\u00e1vku, r\u00e1di v\u00e1m porad\u00edme.<\/p>\n<\/div>\t\t<\/div>\n\n\t\t\t\t<div class=\"meta meta-buttons d-flex flex-row justify-content-center\">\n\t\t\t\t\t\t\t<a class=\"btn btn-negative \" href=\"https:\/\/skrivanek.cz\/cz\/poptavka\/\" title=\"M\u00e1m z\u00e1jem \">M\u00e1m z\u00e1jem <\/a>\n\t\t\t\t<\/div>\n\t\t\n\t<\/div>\n\n<\/div>\n<\/div><\/div><\/div><\/div><\/div><\/div><\/div><\/div><\/div><\/div><\/div>","protected":false},"excerpt":{"rendered":"<p>\u00darove\u0148 angli\u010dtiny A2 Rozum\u00ed v\u011bt\u00e1m a\u00a0\u010dasto u\u017e\u00edvan\u00fdm v\u00fdraz\u016fm t\u00fdkaj\u00edc\u00edm se ka\u017edodenn\u00edho \u017eivota (nap\u0159\u00edklad z\u00e1kladn\u00ed osobn\u00ed \u00fadaje a\u00a0informace o\u00a0rodin\u011b, nakupov\u00e1n\u00ed, m\u00edsto, kde \u017eije,\u00a0zam\u011bstn\u00e1n\u00ed). Dok\u00e1\u017ee komunikovat v\u00a0jednoduch\u00fdch, \u010dasto se opakuj\u00edc\u00edch situac\u00edch, kter\u00e9 vy\u017eaduj\u00ed jednoduchou, p\u0159\u00edmou v\u00fdm\u011bnu informac\u00ed o\u00a0d\u016fv\u011brn\u011b zn\u00e1m\u00fdch, \u010dasto se opakuj\u00edc\u00edch\u00a0z\u00e1le\u017eitostech. Jednoduch\u00fdm zp\u016fsobem um\u00ed popsat sv\u00e9 vzd\u011bl\u00e1n\u00ed, sv\u00e9 nejbli\u017e\u0161\u00ed okol\u00ed a\u00a0v\u011bci t\u00fdkaj\u00edc\u00ed se bezprost\u0159edn\u00edch\u00a0pot\u0159eb. Jazykov\u00e1 \u00farove\u0148 [&hellip;]<\/p>\n","protected":false},"author":9,"featured_media":0,"parent":305,"menu_order":0,"comment_status":"closed","ping_status":"closed","template":"","meta":{"_acf_changed":false,"footnotes":""},"class_list":["post-8558","page","type-page","status-publish","hentry"],"acf":[],"aioseo_notices":[],"_links":{"self":[{"href":"https:\/\/skrivanek.cz\/cz\/wp-json\/wp\/v2\/pages\/8558","targetHints":{"allow":["GET"]}}],"collection":[{"href":"https:\/\/skrivanek.cz\/cz\/wp-json\/wp\/v2\/pages"}],"about":[{"href":"https:\/\/skrivanek.cz\/cz\/wp-json\/wp\/v2\/types\/page"}],"author":[{"embeddable":true,"href":"https:\/\/skrivanek.cz\/cz\/wp-json\/wp\/v2\/users\/9"}],"replies":[{"embeddable":true,"href":"https:\/\/skrivanek.cz\/cz\/wp-json\/wp\/v2\/comments?post=8558"}],"version-history":[{"count":4,"href":"https:\/\/skrivanek.cz\/cz\/wp-json\/wp\/v2\/pages\/8558\/revisions"}],"predecessor-version":[{"id":80192,"href":"https:\/\/skrivanek.cz\/cz\/wp-json\/wp\/v2\/pages\/8558\/revisions\/80192"}],"up":[{"embeddable":true,"href":"https:\/\/skrivanek.cz\/cz\/wp-json\/wp\/v2\/pages\/305"}],"wp:attachment":[{"href":"https:\/\/skrivanek.cz\/cz\/wp-json\/wp\/v2\/media?parent=8558"}],"curies":[{"name":"wp","href":"https:\/\/api.w.org\/{rel}","templated":true}]}}