{"id":8574,"date":"2021-04-09T22:47:12","date_gmt":"2021-04-09T20:47:12","guid":{"rendered":"https:\/\/skrivanek.cz\/?page_id=8574"},"modified":"2026-03-24T14:14:15","modified_gmt":"2026-03-24T13:14:15","slug":"koordinator","status":"publish","type":"page","link":"https:\/\/skrivanek.cz\/cz\/koordinator\/","title":{"rendered":"Koordin\u00e1tor jazykov\u00fdch slu\u017eeb"},"content":{"rendered":"<div id=\"pl-8574\"  class=\"panel-layout\" ><div id=\"pg-8574-0\"  class=\"panel-grid panel-no-style\"  style=\"margin-bottom: 0px\" ><div id=\"pgc-8574-0-0\"  class=\"panel-grid-cell\" ><div id=\"panel-8574-0-0-0\" class=\"so-panel widget widget_wpa9-steps panel-first-child panel-last-child\" data-index=\"0\" ><div\n\t\t\t\n\t\t\tclass=\"so-widget-wpa9-steps so-widget-wpa9-steps-default-c93e1481a745-8574\"\n\t\t\t\n\t\t><div class=\"wpa9-steps\">\n\t<div class=\"wpa9-steps-togglers d-flex flex-wrap justify-content-center\" data-wpa9-interval=\"7000\">\n\t\t\t\n\t\t<div class=\"wpa9-steps-toggler-wrapper wpa9-steps-active\" id=\"wpa9-steps-toggler-panel-0\">\n\t\t\t<div class=\"wpa9-steps-toggler f-headlines d-flex align-items-center justify-content-center\" data-content=\"panel-0\" role=\"button\">\n\t\t\t\t\t\t\t\t<span class=\"wpa9-step-title\">Osobn\u00ed r\u016fst<\/span>\n\t\t\t\t\t\t\t<\/div>\n\t\t\t<div class=\"wpa9-steps-decoration\"><\/div>\n\t\t<\/div>\n\t\t<div class=\"wpa9-steps-content wpa9-steps-active\" role=\"region\" id=\"wpa9-steps-content-panel-0\">\n\t\t\t\t\t<\/div>\n\t\t<div class=\"wpa9-steps-hyphen\"><\/div>\t\t\t\n\t\t<div class=\"wpa9-steps-toggler-wrapper\" id=\"wpa9-steps-toggler-panel-1\">\n\t\t\t<div class=\"wpa9-steps-toggler f-headlines d-flex align-items-center justify-content-center\" data-content=\"panel-1\" role=\"button\">\n\t\t\t\t\t\t\t\t<span class=\"wpa9-step-title\">P\u0159\u00edjemn\u00e9 pracovn\u00ed prost\u0159ed\u00ed<\/span>\n\t\t\t\t\t\t\t<\/div>\n\t\t\t<div class=\"wpa9-steps-decoration\"><\/div>\n\t\t<\/div>\n\t\t<div class=\"wpa9-steps-content\" role=\"region\" id=\"wpa9-steps-content-panel-1\">\n\t\t\t\t\t<\/div>\n\t\t<div class=\"wpa9-steps-hyphen\"><\/div>\t\t\t\n\t\t<div class=\"wpa9-steps-toggler-wrapper\" id=\"wpa9-steps-toggler-panel-2\">\n\t\t\t<div class=\"wpa9-steps-toggler f-headlines d-flex align-items-center justify-content-center\" data-content=\"panel-2\" role=\"button\">\n\t\t\t\t\t\t\t\t<span class=\"wpa9-step-title\">Firemn\u00ed akce<\/span>\n\t\t\t\t\t\t\t<\/div>\n\t\t\t<div class=\"wpa9-steps-decoration\"><\/div>\n\t\t<\/div>\n\t\t<div class=\"wpa9-steps-content\" role=\"region\" id=\"wpa9-steps-content-panel-2\">\n\t\t\t\t\t<\/div>\n\t\t\t\t<\/div>\n\t<div class=\"wpa9-steps-contents-wrapper\">\n\t\t\t\t\t<div class=\"wpa9-steps-content _step_3_1 wpa9-steps-active\" role=\"region\" id=\"wpa9-steps-content-panel-0\">\n\t\t\t\t\t<\/div>\n\t\t\t\t\t<div class=\"wpa9-steps-content _step_3_2\" role=\"region\" id=\"wpa9-steps-content-panel-1\">\n\t\t\t\t\t<\/div>\n\t\t\t\t\t<div class=\"wpa9-steps-content _step_3_3\" role=\"region\" id=\"wpa9-steps-content-panel-2\">\n\t\t\t\t\t<\/div>\n\t\t<\/div>\n\t<\/div>\n<\/div><\/div><\/div><\/div><div id=\"pg-8574-1\"  class=\"panel-grid panel-has-style\"  style=\"margin-bottom: 0px\" ><div class=\"siteorigin-panels-stretch panel-row-padding-none panel-row-style panel-row-style-for-8574-1\" data-stretch-type=\"full\" ><div id=\"pgc-8574-1-0\"  class=\"panel-grid-cell\" ><div id=\"panel-8574-1-0-0\" class=\"so-panel widget widget_wpa9-card-l panel-first-child panel-last-child\" data-index=\"1\" ><div\n\t\t\t\n\t\t\tclass=\"so-widget-wpa9-card-l so-widget-wpa9-card-l-default-c93e1481a745-8574\"\n\t\t\t\n\t\t>\n\n<div class=\"wpa9-card wpa9-card-l-container d-flex flex-wrap wpa9-columns-2\">\n\n\t\n\t\t\n\t<div class=\"wpa9-card-l-panel wpa9-panel shadow rounded d-flex flex-column justify-content-between\">\n\n\t\t<div>\n\t\t\t\t\t\t\t<span class=\"wpa9-panel-icon icon\" style=\"display: none; background-image: url('https:\/\/skrivanek.cz\/wp-content\/uploads\/2021\/01\/ico-lidi.svg')\"><\/span>\n\t\t\t<span class=\"wpa9-panel-icon icon\" style=\"mask-image: url(https:\/\/skrivanek.cz\/wp-content\/uploads\/2021\/01\/ico-lidi.svg); -webkit-mask-image: url(https:\/\/skrivanek.cz\/wp-content\/uploads\/2021\/01\/ico-lidi.svg);\"><\/span>\n\t\t\n\t\t\t\t\t\t\t\t<h2 class=\"wpa9-panel-title\">Parketou koordin\u00e1tora je<\/h2>\n\t\t\n\t\t\t\t\t\t\t<div class=\"wpa9-panel-content\"><ul style=\"list-style-type: disc\">\n<li>p\u00e9\u010de<strong>\u00a0<\/strong>o klienty\u00a0\u2013 v\u0161e od p\u0159ijet\u00ed popt\u00e1vky, p\u0159\u00edpravy nab\u00eddek, kalkulac\u00ed a&nbsp;n\u00e1sledn\u00e9 fakturace je na denn\u00edm\u00a0po\u0159\u00e1dku,<\/li>\n<li>b\u00fdt\u00a0d\u016fle\u017eit\u00fdm spojovac\u00edm \u010dl\u00e1nkem mezi klienty, p\u0159ekladateli\/lektory a&nbsp;dal\u0161\u00edmi odd\u011blen\u00edmi v&nbsp;r\u00e1mci spole\u010dnosti, b\u00fdt t\u00fdmov\u00fd hr\u00e1\u010d a&nbsp;um\u011bt t\u00e1hnout za jeden\u00a0provaz,<\/li>\n<li>b\u00fdt profesion\u00e1ln\u00edm n\u00e1kup\u010d\u00edm a&nbsp;dohodnout se s&nbsp;dodavateli i&nbsp;na nemo\u017en\u00e9m (plat\u00ed zejm\u00e9na pro koordin\u00e1tory na back\u00a0office),<\/li>\n<li>po za\u0161kolen\u00ed pracovat na vlastn\u00edch obchodn\u00edch p\u0159\u00edpadech\u00a0a z\u00edskat tak\u00a0p\u0159\u00edle\u017eitost p\u0159edv\u00e9st sv\u00e9\u00a0schopnosti,<\/li>\n<li>neust\u00e1le se vzd\u011bl\u00e1vat v\u00a0oboru a&nbsp;m\u00edt\u00a0pozitivn\u00ed p\u0159\u00edstup k&nbsp;ciz\u00edm\u00a0jazyk\u016fm,<\/li>\n<li>pr\u00e1ce s&nbsp;lidmi, kter\u00e1 m\u016f\u017ee b\u00fdt n\u00e1ro\u010dn\u011bj\u0161\u00ed ne\u017e komunikace v&nbsp;ciz\u00edm jazyce, ale koordin\u00e1tor to zvl\u00e1d\u00e1 s&nbsp;\u00fasm\u011bvem\u00a0:),<\/li>\n<li>pokro\u010dil\u00e1 znalost pr\u00e1ce s\u00a0<span class=\"caps\">MS<\/span>\u00a0Office.<\/li>\n<\/ul>\n<\/div>\n\t\t\t\t<\/div>\n\n\t\t\n\t<\/div>\n\n\t\t\n\t<div class=\"wpa9-card-l-panel wpa9-panel shadow rounded d-flex flex-column justify-content-between\">\n\n\t\t<div>\n\t\t\t\t\t\t\t<span class=\"wpa9-panel-icon icon\" style=\"display: none; background-image: url('https:\/\/skrivanek.cz\/wp-content\/uploads\/2021\/03\/ico-zkusenosti.svg')\"><\/span>\n\t\t\t<span class=\"wpa9-panel-icon icon\" style=\"mask-image: url(https:\/\/skrivanek.cz\/wp-content\/uploads\/2021\/03\/ico-zkusenosti.svg); -webkit-mask-image: url(https:\/\/skrivanek.cz\/wp-content\/uploads\/2021\/03\/ico-zkusenosti.svg);\"><\/span>\n\t\t\n\t\t\t\t\t\t\t\t<h2 class=\"wpa9-panel-title\">Koordin\u00e1tor se m\u016f\u017ee t\u011b\u0161it na<\/h2>\n\t\t\n\t\t\t\t\t\t\t<div class=\"wpa9-panel-content\"><ul style=\"list-style-type: disc\">\n<li>pod\u00edlen\u00ed se na organizaci kurz\u016f \/ zaji\u0161\u0165ov\u00e1n\u00ed p\u0159eklad\u016f, korektur \u010di&nbsp;tlumo\u010den\u00ed\u00a0pro cel\u00e9 spektrum\u00a0klient\u016f \u2013 od jednotlivc\u016f po&nbsp;velk\u00e9\u00a0korpor\u00e1ty,<\/li>\n<li>pr\u00e1ci v&nbsp;mezin\u00e1rodn\u00ed spole\u010dnosti, kter\u00e1 si udr\u017eela p\u0159\u00e1telskou atmosf\u00e9ru men\u0161\u00edch\u00a0firem,<\/li>\n<li>motiva\u010dn\u00ed ohodnocen\u00ed za veden\u00ed vlastn\u00edch obchodn\u00edch\u00a0p\u0159\u00edpad\u016f,<\/li>\n<li>pracovn\u00ed smlouvu na hlavn\u00ed pracovn\u00ed\u00a0pom\u011br,<\/li>\n<li>firemn\u00ed jazykov\u00e9 kurzy a&nbsp;p\u0159\u00edsp\u011bvek na dal\u0161\u00ed vzd\u011bl\u00e1v\u00e1n\u00ed souvisej\u00edc\u00ed s&nbsp;v\u00fdkonem\u00a0pr\u00e1ce,<\/li>\n<li>p\u0159\u00edsp\u011bvek na sport \/ kulturu \/ voln\u00fd\u00a0\u010das<\/li>\n<li>5 t\u00fddn\u016f\u00a0dovolen\u00e9.<\/li>\n<\/ul>\n<\/div>\n\t\t\t\t<\/div>\n\n\t\t\n\t<\/div>\n\n\t\t\n\t\n<\/div>\n<\/div><\/div><\/div><\/div><\/div><div id=\"pg-8574-2\"  class=\"panel-grid panel-no-style\"  style=\"margin-bottom: 0px\" ><div id=\"pgc-8574-2-0\"  class=\"panel-grid-cell\" ><div id=\"panel-8574-2-0-0\" class=\"so-panel widget widget_wpa9-steps panel-first-child panel-last-child\" data-index=\"2\" ><div\n\t\t\t\n\t\t\tclass=\"so-widget-wpa9-steps so-widget-wpa9-steps-default-c93e1481a745-8574\"\n\t\t\t\n\t\t><h3 class=\"widget-title\">Jak prob\u00edh\u00e1 n\u00e1bor koordin\u00e1tor\u016f?<\/h3><div class=\"wpa9-steps\">\n\t<div class=\"wpa9-steps-togglers d-flex flex-wrap justify-content-center\" data-wpa9-interval=\"7000\">\n\t\t\t\n\t\t<div class=\"wpa9-steps-toggler-wrapper wpa9-steps-active\" id=\"wpa9-steps-toggler-panel-0\">\n\t\t\t<div class=\"wpa9-steps-toggler f-headlines d-flex align-items-center justify-content-center\" data-content=\"panel-0\" role=\"button\">\n\t\t\t\t\t\t\t\t<span class=\"wpa9-step-title\">Po\u0161li sv\u016fj \u017eivotopis<\/span>\n\t\t\t\t\t\t\t<\/div>\n\t\t\t<div class=\"wpa9-steps-decoration\"><\/div>\n\t\t<\/div>\n\t\t<div class=\"wpa9-steps-content wpa9-steps-active\" role=\"region\" id=\"wpa9-steps-content-panel-0\">\n\t\t\t<p>V\u0161e za\u010d\u00edn\u00e1 t\u00edm, \u017ee se n\u00e1m do rukou dostane tv\u016fj \u017eivotopis, kter\u00fd\u00a0pe\u010dliv\u011b prostudujeme, abychom dok\u00e1zali spr\u00e1vn\u011b vyhodnotit, zda jsi\u00a0vhodn\u00fd\u00a0uchaze\u010d.<\/p>\n\t\t<\/div>\n\t\t<div class=\"wpa9-steps-hyphen hyphen-visible\"><\/div>\t\t\t\n\t\t<div class=\"wpa9-steps-toggler-wrapper\" id=\"wpa9-steps-toggler-panel-1\">\n\t\t\t<div class=\"wpa9-steps-toggler f-headlines d-flex align-items-center justify-content-center\" data-content=\"panel-1\" role=\"button\">\n\t\t\t\t\t\t\t\t<span class=\"wpa9-step-title\">Ozveme se ti<\/span>\n\t\t\t\t\t\t\t<\/div>\n\t\t\t<div class=\"wpa9-steps-decoration\"><\/div>\n\t\t<\/div>\n\t\t<div class=\"wpa9-steps-content\" role=\"region\" id=\"wpa9-steps-content-panel-1\">\n\t\t\t<p>Pokud tv\u00e9 zku\u0161enosti a&nbsp;kvalifikace budou odpov\u00eddaj\u00edc\u00ed\u00a0pozici koordin\u00e1tora, ozveme se ti s\u00a0pozv\u00e1nkou\u00a0k osobn\u00edmu pohovoru. V\u00a0p\u0159\u00edpad\u011b, \u017ee nespln\u00ed\u0161 dan\u00e1 krit\u00e9ria, d\u00e1me ti to v\u011bd\u011bt\u00a0do 14\u00a0pracovn\u00edch dn\u016f od data obdr\u017een\u00ed\u00a0tv\u00e9ho\u00a0\u017eivotopisu.<\/p>\n\t\t<\/div>\n\t\t<div class=\"wpa9-steps-hyphen hyphen-visible\"><\/div>\t\t\t\n\t\t<div class=\"wpa9-steps-toggler-wrapper\" id=\"wpa9-steps-toggler-panel-2\">\n\t\t\t<div class=\"wpa9-steps-toggler f-headlines d-flex align-items-center justify-content-center\" data-content=\"panel-2\" role=\"button\">\n\t\t\t\t\t\t\t\t<span class=\"wpa9-step-title\">Popov\u00edd\u00e1me si<\/span>\n\t\t\t\t\t\t\t<\/div>\n\t\t\t<div class=\"wpa9-steps-decoration\"><\/div>\n\t\t<\/div>\n\t\t<div class=\"wpa9-steps-content\" role=\"region\" id=\"wpa9-steps-content-panel-2\">\n\t\t\t<p>Zvl\u00e1dl(a)\u00a0ses\u00a0dostat do druh\u00e9ho kola k&nbsp;osobn\u00edmu pohovoru? V\u00fdborn\u011b! Pozveme t\u011b p\u0159\u00edmo k&nbsp;n\u00e1m a&nbsp;popov\u00edd\u00e1me si, abychom se l\u00e9pe poznali, abychom porozum\u011bli vz\u00e1jemn\u00fdm\u00a0o\u010dek\u00e1v\u00e1n\u00edm.<\/p>\n\t\t<\/div>\n\t\t<div class=\"wpa9-steps-hyphen hyphen-visible\"><\/div>\t\t\t\n\t\t<div class=\"wpa9-steps-toggler-wrapper\" id=\"wpa9-steps-toggler-panel-3\">\n\t\t\t<div class=\"wpa9-steps-toggler f-headlines d-flex align-items-center justify-content-center\" data-content=\"panel-3\" role=\"button\">\n\t\t\t\t\t\t\t\t<span class=\"wpa9-step-title\">Mrkneme na smlouvu<\/span>\n\t\t\t\t\t\t\t<\/div>\n\t\t\t<div class=\"wpa9-steps-decoration\"><\/div>\n\t\t<\/div>\n\t\t<div class=\"wpa9-steps-content\" role=\"region\" id=\"wpa9-steps-content-panel-3\">\n\t\t\t<p>Smlouvy uzav\u00edr\u00e1me na dobu 1 roku s&nbsp;mo\u017enost\u00ed prodlou\u017een\u00ed. T\u0159\u00edm\u011bs\u00ed\u010dn\u00ed zku\u0161ebn\u00ed lh\u016fta je u&nbsp;n\u00e1s\u00a0samoz\u0159ejmost\u00ed.<\/p>\n\t\t<\/div>\n\t\t<div class=\"wpa9-steps-hyphen hyphen-visible\"><\/div>\t\t\t\n\t\t<div class=\"wpa9-steps-toggler-wrapper\" id=\"wpa9-steps-toggler-panel-4\">\n\t\t\t<div class=\"wpa9-steps-toggler f-headlines d-flex align-items-center justify-content-center\" data-content=\"panel-4\" role=\"button\">\n\t\t\t\t\t\t\t\t<span class=\"wpa9-step-title\">Zau\u010d\u00edme t\u011b<\/span>\n\t\t\t\t\t\t\t<\/div>\n\t\t\t<div class=\"wpa9-steps-decoration\"><\/div>\n\t\t<\/div>\n\t\t<div class=\"wpa9-steps-content\" role=\"region\" id=\"wpa9-steps-content-panel-4\">\n\t\t\t<p>Zau\u010d\u00ed t\u011b\u00a0slu\u017eebn\u011b star\u0161\u00ed kolegov\u00e9\u00a0a v&nbsp;p\u0159\u00edpad\u011b, \u017ee si nebude\u0161 s&nbsp;n\u011b\u010d\u00edm v\u011bd\u011bt rady,\u00a0m\u016f\u017ee\u0161 se obr\u00e1tit na kteroukoliv pobo\u010dku, ochotn\u011b ti\u00a0porad\u00ed.<\/p>\n\t\t<\/div>\n\t\t\t\t<\/div>\n\t<div class=\"wpa9-steps-contents-wrapper\">\n\t\t\t\t\t<div class=\"wpa9-steps-content _step_5_1 wpa9-steps-active\" role=\"region\" id=\"wpa9-steps-content-panel-0\">\n\t\t\t<p>V\u0161e za\u010d\u00edn\u00e1 t\u00edm, \u017ee se n\u00e1m do rukou dostane tv\u016fj \u017eivotopis, kter\u00fd\u00a0pe\u010dliv\u011b prostudujeme, abychom dok\u00e1zali spr\u00e1vn\u011b vyhodnotit, zda jsi\u00a0vhodn\u00fd\u00a0uchaze\u010d.<\/p>\n\t\t<\/div>\n\t\t\t\t\t<div class=\"wpa9-steps-content _step_5_2\" role=\"region\" id=\"wpa9-steps-content-panel-1\">\n\t\t\t<p>Pokud tv\u00e9 zku\u0161enosti a&nbsp;kvalifikace budou odpov\u00eddaj\u00edc\u00ed\u00a0pozici koordin\u00e1tora, ozveme se ti s\u00a0pozv\u00e1nkou\u00a0k osobn\u00edmu pohovoru. V\u00a0p\u0159\u00edpad\u011b, \u017ee nespln\u00ed\u0161 dan\u00e1 krit\u00e9ria, d\u00e1me ti to v\u011bd\u011bt\u00a0do 14\u00a0pracovn\u00edch dn\u016f od data obdr\u017een\u00ed\u00a0tv\u00e9ho\u00a0\u017eivotopisu.<\/p>\n\t\t<\/div>\n\t\t\t\t\t<div class=\"wpa9-steps-content _step_5_3\" role=\"region\" id=\"wpa9-steps-content-panel-2\">\n\t\t\t<p>Zvl\u00e1dl(a)\u00a0ses\u00a0dostat do druh\u00e9ho kola k&nbsp;osobn\u00edmu pohovoru? V\u00fdborn\u011b! Pozveme t\u011b p\u0159\u00edmo k&nbsp;n\u00e1m a&nbsp;popov\u00edd\u00e1me si, abychom se l\u00e9pe poznali, abychom porozum\u011bli vz\u00e1jemn\u00fdm\u00a0o\u010dek\u00e1v\u00e1n\u00edm.<\/p>\n\t\t<\/div>\n\t\t\t\t\t<div class=\"wpa9-steps-content _step_5_4\" role=\"region\" id=\"wpa9-steps-content-panel-3\">\n\t\t\t<p>Smlouvy uzav\u00edr\u00e1me na dobu 1 roku s&nbsp;mo\u017enost\u00ed prodlou\u017een\u00ed. T\u0159\u00edm\u011bs\u00ed\u010dn\u00ed zku\u0161ebn\u00ed lh\u016fta je u&nbsp;n\u00e1s\u00a0samoz\u0159ejmost\u00ed.<\/p>\n\t\t<\/div>\n\t\t\t\t\t<div class=\"wpa9-steps-content _step_5_5\" role=\"region\" id=\"wpa9-steps-content-panel-4\">\n\t\t\t<p>Zau\u010d\u00ed t\u011b\u00a0slu\u017eebn\u011b star\u0161\u00ed kolegov\u00e9\u00a0a v&nbsp;p\u0159\u00edpad\u011b, \u017ee si nebude\u0161 s&nbsp;n\u011b\u010d\u00edm v\u011bd\u011bt rady,\u00a0m\u016f\u017ee\u0161 se obr\u00e1tit na kteroukoliv pobo\u010dku, ochotn\u011b ti\u00a0porad\u00ed.<\/p>\n\t\t<\/div>\n\t\t<\/div>\n\t<\/div>\n<\/div><\/div><\/div><\/div><div id=\"pg-8574-3\"  class=\"panel-grid panel-has-style\" ><div class=\"siteorigin-panels-stretch panel-row-padding-none panel-row-style panel-row-style-for-8574-3\" data-stretch-type=\"full\" ><div id=\"pgc-8574-3-0\"  class=\"panel-grid-cell\" ><div id=\"panel-8574-3-0-0\" class=\"so-panel widget widget_wpa9-editor-ext panel-first-child panel-last-child\" data-index=\"3\" ><div\n\t\t\t\n\t\t\tclass=\"so-widget-wpa9-editor-ext so-widget-wpa9-editor-ext-default-c93e1481a745-8574\"\n\t\t\t\n\t\t>\n<div class=\"siteorigin-widget-tinymce textwidget\">\n\t<p style=\"text-align: center;\">Sv\u016fj \u017eivotopis n\u00e1m po\u0161li v&nbsp;\u010desk\u00e9m a&nbsp;anglick\u00e9m jazyce v\u010detn\u011b motiva\u010dn\u00edho dopisu prost\u0159ednictv\u00edm kontaktn\u00edho formul\u00e1\u0159e n\u00ed\u017ee nebo p\u0159\u00edmo na e-mailovou adresu\u00a0<a href=\"javascript:secureDecryptAndNavigate('MMPo6jJZIpD6OOVUj1PdyaqQhyOdzJs6GSdFWEE\/F\/FHgMlf7UmFTQ8rdSRiA04C\/X2CU6v5zcPbm5YWByQDuYYAXGWzMN+8dB6\/HHCe', '9c1e8f5271bf4f233390c22bdf43601f044e80460c2e9cc63c40d8bc66437679')\">&#107;&#97;&#114;&#105;era&#64;&#115;kriv&#97;n&#101;&#107;.cz<\/a>. Odesl\u00e1n\u00edm sv\u00e9ho \u017eivotopisu na uvedenou e-mailovou adresu\u00a0vyslovuje\u0161 souhlas se\u00a0<a title=\"Zpracovani a ochrana osobnich udaju\" href=\"https:\/\/skrivanek.cz\/cz\/zpracovani-ochrana-osobnich-udaju\/\" data-entity-substitution=\"canonical\" data-entity-type=\"node\" data-entity-uuid=\"af4d2eec-c498-4a04-9e15-3b2108d2d357\">zpracov\u00e1n\u00edm sv\u00fdch osobn\u00edch \u00fadaj\u016f<\/a> v&nbsp;souladu s&nbsp;Na\u0159\u00edzen\u00edm Evropsk\u00e9ho parlamentu ze dne 27.&nbsp;dubna 2016 a&nbsp;v&nbsp;souladu se z\u00e1konem \u010d.&nbsp;110\/2019 Sb., o&nbsp;zpracov\u00e1n\u00ed osobn\u00edch \u00fadaj\u016f. Jin\u00fdmi slovy, tv\u00e9 osobn\u00ed \u00fadaje si na na\u0161em person\u00e1ln\u00edm odd\u011blen\u00ed ponech\u00e1me po&nbsp;dobu dvou let a&nbsp;nevyu\u017eijeme je pro jin\u00fd \u00fa\u010del ne\u017e pro p\u0159\u00edpadnou nab\u00eddku spolupr\u00e1ce. D\u011bkujeme.<\/p>\n<\/div>\n<\/div><\/div><\/div><\/div><\/div><\/div>","protected":false},"excerpt":{"rendered":"<p>Osobn\u00ed r\u016fst P\u0159\u00edjemn\u00e9 pracovn\u00ed prost\u0159ed\u00ed Firemn\u00ed akce Parketou koordin\u00e1tora je p\u00e9\u010de\u00a0o klienty\u00a0\u2013 v\u0161e od p\u0159ijet\u00ed popt\u00e1vky, p\u0159\u00edpravy nab\u00eddek, kalkulac\u00ed a&nbsp;n\u00e1sledn\u00e9 fakturace je na denn\u00edm\u00a0po\u0159\u00e1dku, b\u00fdt\u00a0d\u016fle\u017eit\u00fdm spojovac\u00edm \u010dl\u00e1nkem mezi klienty, p\u0159ekladateli\/lektory a&nbsp;dal\u0161\u00edmi odd\u011blen\u00edmi v&nbsp;r\u00e1mci spole\u010dnosti, b\u00fdt t\u00fdmov\u00fd hr\u00e1\u010d a&nbsp;um\u011bt t\u00e1hnout za jeden\u00a0provaz, b\u00fdt profesion\u00e1ln\u00edm n\u00e1kup\u010d\u00edm a&nbsp;dohodnout se s&nbsp;dodavateli i&nbsp;na nemo\u017en\u00e9m (plat\u00ed zejm\u00e9na pro koordin\u00e1tory na back\u00a0office), [&hellip;]<\/p>\n","protected":false},"author":9,"featured_media":0,"parent":0,"menu_order":0,"comment_status":"closed","ping_status":"closed","template":"","meta":{"_acf_changed":false,"footnotes":""},"class_list":["post-8574","page","type-page","status-publish","hentry"],"acf":[],"aioseo_notices":[],"_links":{"self":[{"href":"https:\/\/skrivanek.cz\/cz\/wp-json\/wp\/v2\/pages\/8574","targetHints":{"allow":["GET"]}}],"collection":[{"href":"https:\/\/skrivanek.cz\/cz\/wp-json\/wp\/v2\/pages"}],"about":[{"href":"https:\/\/skrivanek.cz\/cz\/wp-json\/wp\/v2\/types\/page"}],"author":[{"embeddable":true,"href":"https:\/\/skrivanek.cz\/cz\/wp-json\/wp\/v2\/users\/9"}],"replies":[{"embeddable":true,"href":"https:\/\/skrivanek.cz\/cz\/wp-json\/wp\/v2\/comments?post=8574"}],"version-history":[{"count":4,"href":"https:\/\/skrivanek.cz\/cz\/wp-json\/wp\/v2\/pages\/8574\/revisions"}],"predecessor-version":[{"id":80297,"href":"https:\/\/skrivanek.cz\/cz\/wp-json\/wp\/v2\/pages\/8574\/revisions\/80297"}],"wp:attachment":[{"href":"https:\/\/skrivanek.cz\/cz\/wp-json\/wp\/v2\/media?parent=8574"}],"curies":[{"name":"wp","href":"https:\/\/api.w.org\/{rel}","templated":true}]}}