{"id":8682,"date":"2021-04-12T08:17:10","date_gmt":"2021-04-12T06:17:10","guid":{"rendered":"https:\/\/skrivanek.cz\/?page_id=8682"},"modified":"2026-03-24T11:38:07","modified_gmt":"2026-03-24T10:38:07","slug":"aj-stredne-pokrocily","status":"publish","type":"page","link":"https:\/\/skrivanek.cz\/cz\/jazykova-skola\/aj-stredne-pokrocily\/","title":{"rendered":"Angli\u010dtina B1"},"content":{"rendered":"<div id=\"pl-8682\"  class=\"panel-layout\" ><div id=\"pg-8682-0\"  class=\"panel-grid panel-has-style\"  style=\"margin-bottom: 0px\" ><div class=\"panel-row-padding-none panel-row-style panel-row-style-for-8682-0\" ><div id=\"pgc-8682-0-0\"  class=\"panel-grid-cell\" ><div id=\"panel-8682-0-0-0\" class=\"so-panel widget widget_wpa9-editor-ext panel-first-child panel-last-child\" data-index=\"0\" ><div\n\t\t\t\n\t\t\tclass=\"so-widget-wpa9-editor-ext so-widget-wpa9-editor-ext-default-c93e1481a745-8682\"\n\t\t\t\n\t\t>\n<div class=\"siteorigin-widget-tinymce textwidget\">\n\t<h2 class=\"wpa9-panel-title\">\u00darove\u0148 angli\u010dtiny B1<\/h2>\n<div class=\"wpa9-panel-content\">\n<ul>\n<li>V\u00a0hlavn\u00edch rysech rozum\u00ed informac\u00edm o\u00a0d\u016fv\u011brn\u011b zn\u00e1m\u00fdch v\u011bcech, se kter\u00fdmi se pravideln\u011b setk\u00e1v\u00e1 v\u00a0pr\u00e1ci, ve \u0161kole, ve voln\u00e9m \u010dase apod., pokud jsou vyj\u00e1d\u0159eny z\u0159eteln\u00fdm standardn\u00edm\u00a0zp\u016fsobem.<\/li>\n<li>Um\u00ed se vypo\u0159\u00e1dat s\u00a0v\u011bt\u0161inou situac\u00ed, kter\u00e9 mohou nastat p\u0159i\u00a0cestov\u00e1n\u00ed na \u00fazem\u00ed, kde se dan\u00fdm jazykem hovo\u0159\u00ed. Um\u00ed vytvo\u0159it jednoduch\u00fd souvisl\u00fd text o\u00a0t\u00e9matech, kter\u00e1 dob\u0159e zn\u00e1 nebo kter\u00e1 ho osobn\u011b\u00a0zaj\u00edmaj\u00ed.<\/li>\n<li>Dok\u00e1\u017ee popsat z\u00e1\u017eitky a\u00a0ud\u00e1losti, sny, nad\u011bje a\u00a0touhy a\u00a0stru\u010dn\u011b zd\u016fvodnit a\u00a0vysv\u011btlit sv\u00e9 n\u00e1zory a\u00a0pl\u00e1ny.<\/li>\n<li>Jazykov\u00e1 \u00farove\u0148 Sk\u0159iv\u00e1nek:\u00a0<strong>st\u0159edn\u011b pokro\u010dil\u00fd<\/strong>.<\/li>\n<\/ul>\n<p><strong>Pot\u0159ebujete pomoc s&nbsp;p\u0159\u00edpravou na zkou\u0161ky? Chcete se procvi\u010dit v&nbsp;oblasti, ve kter\u00e9 si nejste \u00fapln\u011b jist\u00ed? R\u00e1di v\u00e1m s&nbsp;t\u00edm pom\u016f\u017eeme! Sta\u010d\u00ed si objednat u&nbsp;n\u00e1s kurz.<\/strong><\/p>\n<div class=\"columns columns-2\" data-columns=\"2\">\n<div class=\"column column-1\">\n<p style=\"text-align: center;\"><a class=\"btn btn-negative\" href=\"https:\/\/skrivanek.cz\/cz\/produkt\/anglictina-obecny-kurz-b1-stredne-pokrocily\/\">Chci skupinov\u00fd kurz angli\u010dtiny na \u00farovni B1<\/a><\/p>\n<\/div>\n<div class=\"column column-2\">\n<p style=\"text-align: center;\"><a class=\"btn btn-negative\" href=\"https:\/\/skrivanek.cz\/cz\/jazykova-skola\/individualni-vyuka-jazyku\/anglictina\/\">Chci individu\u00e1ln\u00ed kurz angli\u010dtiny na \u00farovni B1<\/a><\/p>\n<\/div>\n<\/div>\n<\/div><\/div>\n<\/div><\/div><\/div><\/div><\/div><div id=\"pg-8682-1\"  class=\"panel-grid panel-has-style\"  style=\"margin-bottom: 0px\" ><div class=\"siteorigin-panels-stretch panel-row-padding-none panel-row-style panel-row-style-for-8682-1\" data-stretch-type=\"full\" ><div id=\"pgc-8682-1-0\"  class=\"panel-grid-cell\" ><div id=\"panel-8682-1-0-0\" class=\"so-panel widget widget_wpa9-card-l panel-first-child panel-last-child\" data-index=\"1\" ><div\n\t\t\t\n\t\t\tclass=\"so-widget-wpa9-card-l so-widget-wpa9-card-l-default-c93e1481a745-8682\"\n\t\t\t\n\t\t>\n<h3 class=\"widget-title\">Jazykov\u00e9 zkou\u0161ky angli\u010dtiny pro \u00farove\u0148 B1<\/h3>\n<div class=\"wpa9-card wpa9-card-l-container d-flex flex-wrap wpa9-columns-2\">\n\n\t\n\t\t\n\t<div class=\"wpa9-card-l-panel wpa9-panel shadow rounded d-flex flex-column justify-content-between\">\n\n\t\t<div>\n\t\t\t\t\n\t\t\t\t\t\t\t\t<h2 class=\"wpa9-panel-title\">Cambridge English B1 Preliminary (PET)<\/h2>\n\t\t\n\t\t\t\t\t\t\t<div class=\"wpa9-panel-content\"><div class=\"box-content\">\n<ul>\n<li>Zkou\u0161ka z\u00a0obecn\u00e9 angli\u010dtiny na \u00farovni\u00a0B1,<\/li>\n<li>minimum absolvovan\u00fdch hodin v\u00fduky: cca 380\u00a0hodin,<\/li>\n<li>zkou\u0161ka obsahuje:\n<ul>\n<li>\u010dten\u00ed a\u00a0psan\u00ed (90 minut),<\/li>\n<li>poslech (40 minut),<\/li>\n<li>\u00fastn\u00ed testov\u00e1n\u00ed (10\u201312 minut, vedeno s\u00a0dvojic\u00ed kandid\u00e1t\u016f).<\/li>\n<\/ul>\n<\/li>\n<\/ul>\n<\/div>\n<\/div>\n\t\t\t\t<\/div>\n\n\t\t\t\t<div class=\"meta meta-buttons d-flex flex-column flex-sm-row justify-content-start\">\n\t\t\t\t\t<a class=\"btn \" href=\"https:\/\/www.cambridgeenglish.org\/exams-and-tests\/preliminary\/\" title=\"V\u00edce na www.cambridgeenglish.org\">V\u00edce na www.cambridgeenglish.org<\/a>\n\t\t\t\t\t\t<\/div>\n\t\t\n\t<\/div>\n\n\t\t\n\t<div class=\"wpa9-card-l-panel wpa9-panel shadow rounded d-flex flex-column justify-content-between\">\n\n\t\t<div>\n\t\t\t\t\n\t\t\t\t\t\t\t\t<h2 class=\"wpa9-panel-title\">Cambridge English B1 Preliminary for Schools (PET)<\/h2>\n\t\t\n\t\t\t\t\t\t\t<div class=\"wpa9-panel-content\"><div class=\"boards-section__box \">\n<div class=\"box-content\">\n<ul>\n<li>Zkou\u0161ka z\u00a0obecn\u00e9 angli\u010dtiny pro d\u011bti ve v\u011bku od\u00a011\u00a0do\u00a014 let na \u00farovni\u00a0B1,<\/li>\n<li>minimum absolvovan\u00fdch hodin v\u00fduky: cca 380\u00a0hodin,<\/li>\n<li>zkou\u0161ka obsahuje:\n<ul>\n<li>\u010dten\u00ed a\u00a0psan\u00ed (90 minut),<\/li>\n<li>poslech (40 minut),<\/li>\n<li>\u00fastn\u00ed testov\u00e1n\u00ed (10\u201312 minut, vedeno s\u00a0dvojic\u00ed kandid\u00e1t\u016f).<\/li>\n<\/ul>\n<\/li>\n<\/ul>\n<\/div>\n<\/div>\n<div class=\"boards-section__box \">\n<div class=\"box-header\">\n<h2 class=\"decorated-heading\"><\/h2>\n<\/div>\n<\/div>\n<\/div>\n\t\t\t\t<\/div>\n\n\t\t\t\t<div class=\"meta meta-buttons d-flex flex-column flex-sm-row justify-content-start\">\n\t\t\t\t\t<a class=\"btn \" href=\"https:\/\/www.cambridgeenglish.org\/exams-and-tests\/preliminary-for-schools\/\" title=\"V\u00edce na www.cambridgeenglish.org\">V\u00edce na www.cambridgeenglish.org<\/a>\n\t\t\t\t\t\t<\/div>\n\t\t\n\t<\/div>\n\n\t\t\n\t<div class=\"wpa9-card-l-panel wpa9-panel shadow rounded d-flex flex-column justify-content-between\">\n\n\t\t<div>\n\t\t\t\t\n\t\t\t\t\t\t\t\t<h2 class=\"wpa9-panel-title\">Cambridge English B1 Business Preliminary (BEC)<\/h2>\n\t\t\n\t\t\t\t\t\t\t<div class=\"wpa9-panel-content\"><div class=\"box-content\">\n<ul>\n<li>Zkou\u0161ka testuje znalosti obchodn\u00ed angli\u010dtiny na \u00farovni\u00a0B1,<\/li>\n<li>minimum absolvovan\u00fdch hodin v\u00fduky: cca 400 hodin v\u00fduky specializovan\u00e9 na obchodn\u00ed\u00a0jazyk,<\/li>\n<li>zkou\u0161ka obsahuje:\n<ul>\n<li>\u010dten\u00ed a\u00a0psan\u00ed (90 minut),<\/li>\n<li>poslech (40 minut),<\/li>\n<li>\u00fastn\u00ed testov\u00e1n\u00ed (12 minut, vedeno s\u00a0dvojic\u00ed kandid\u00e1t\u016f).<\/li>\n<\/ul>\n<\/li>\n<\/ul>\n<\/div>\n<\/div>\n\t\t\t\t<\/div>\n\n\t\t\t\t<div class=\"meta meta-buttons d-flex flex-column flex-sm-row justify-content-start\">\n\t\t\t\t\t<a class=\"btn \" href=\"https:\/\/www.cambridgeenglish.org\/exams-and-tests\/business-preliminary\/\" title=\"V\u00edce na www.cambridgeenglish.org\">V\u00edce na www.cambridgeenglish.org<\/a>\n\t\t\t\t\t\t<\/div>\n\t\t\n\t<\/div>\n\n\t\t\n\t<div class=\"wpa9-card-l-panel wpa9-panel shadow rounded d-flex flex-column justify-content-between\">\n\n\t\t<div>\n\t\t\t\t\n\t\t\t\t\t\t\t\t<h2 class=\"wpa9-panel-title\">STANAG\u00a06001\u00a01<\/h2>\n\t\t\n\t\t\t\t\t\t\t<div class=\"wpa9-panel-content\"><div class=\"box-content\">\n<div class=\"box-content\">\n<p>Standardization Agreement 6001 \u00farove\u0148\u00a01<\/p>\n<ul>\n<li>Zkou\u0161ka na st\u0159edn\u011b pokro\u010dil\u00e9 \u00farovni ur\u010den\u00e1 pro testov\u00e1n\u00ed jazykov\u00fdch schopnost\u00ed zam\u011bstnanc\u016f organizace\u00a0NATO\u00a0a arm\u00e1dy\u00a0\u010cR,<\/li>\n<li>hodnocen\u00ed ve \u010dty\u0159ech dovednostech v\u00a0po\u0159ad\u00ed poslech, mluven\u00ed, \u010dten\u00ed,\u00a0psan\u00ed,<\/li>\n<li>zkou\u0161ka obsahuje:\n<ul>\n<li>poslech (40 minut),<\/li>\n<li>\u010dten\u00ed (45 minut),<\/li>\n<li>psan\u00ed (30 minut),<\/li>\n<li>\u00fastn\u00ed testov\u00e1n\u00ed (15 minut, vedeno s\u00a0ka\u017ed\u00fdm testovan\u00fdm jednotliv\u011b).<\/li>\n<\/ul>\n<\/li>\n<\/ul>\n<\/div>\n<\/div>\n<div class=\"boards-section__box \">\n<div class=\"box-header\">\n<h2 class=\"decorated-heading\"><\/h2>\n<\/div>\n<\/div>\n<\/div>\n\t\t\t\t<\/div>\n\n\t\t\t\t<div class=\"meta meta-buttons d-flex flex-column flex-sm-row justify-content-start\">\n\t\t\t\t\t<a class=\"btn \" href=\"http:\/\/www.unob.cz\/\" title=\"V\u00edce na www.ujap-acr.cz\">V\u00edce na www.ujap-acr.cz<\/a>\n\t\t\t\t\t\t<\/div>\n\t\t\n\t<\/div>\n\n\t\t\n\t<div class=\"wpa9-card-l-panel wpa9-panel shadow rounded d-flex flex-column justify-content-between\">\n\n\t\t<div>\n\t\t\t\t\n\t\t\t\t\t\t\t\t<h2 class=\"wpa9-panel-title\">JASPEX 300<\/h2>\n\t\t\n\t\t\t\t\t\t\t<div class=\"wpa9-panel-content\"><p>Jazykov\u00e1 a\u00a0odborn\u00e1 p\u0159\u00edprava\u00a0expert\u016f<\/p>\n<ul>\n<li>Zkou\u0161ka testuje znalosti anglick\u00e9ho jazyka pro odborn\u00e9 pot\u0159eby na \u00farovni\u00a0B1,<\/li>\n<li>minimum absolvovan\u00fdch hodin v\u00fduky: cca 400\u00a0hodin,<\/li>\n<li>zkou\u0161ka obsahuje p\u00edsemnou a\u00a0\u00fastn\u00ed\u00a0\u010d\u00e1st.<\/li>\n<\/ul>\n<\/div>\n\t\t\t\t<\/div>\n\n\t\t\t\t<div class=\"meta meta-buttons d-flex flex-column flex-sm-row justify-content-start\">\n\t\t\t\t\t<a class=\"btn \" href=\"http:\/\/www.muvs.cvut.cz\/zajemci-o-studium\/jazykove-vzdelavani\/\" title=\"V\u00edce na www.muvs.cvut.cz\">V\u00edce na www.muvs.cvut.cz<\/a>\n\t\t\t\t\t\t<\/div>\n\t\t\n\t<\/div>\n\n\t\t\n\t<div class=\"wpa9-card-l-panel wpa9-panel shadow rounded d-flex flex-column justify-content-between\">\n\n\t\t<div>\n\t\t\t\t\n\t\t\t\t\t\t\t\t<h2 class=\"wpa9-panel-title\">telc English B1<\/h2>\n\t\t\n\t\t\t\t\t\t\t<div class=\"wpa9-panel-content\"><div class=\"boards-section__box \">\n<div class=\"box-content\">\n<ul style=\"list-style-type: disc\">\n<li>Zkou\u0161ka z\u00a0obecn\u00e9 angli\u010dtiny na \u00farovni\u00a0B1,<\/li>\n<li>minimum absolvovan\u00fdch hodin v\u00fduky: cca 400\u2013450\u00a0hodin,<\/li>\n<li>pro \u017e\u00e1ky je k\u00a0dispozici zkou\u0161ka telc English\u00a0B1\u00a0School,<\/li>\n<li>zkou\u0161ka obsahuje:\n<ul>\n<li>\u010dten\u00ed + slovn\u00ed z\u00e1soba a\u00a0gramatika (90 minut),<\/li>\n<li>poslech (30 minut),<\/li>\n<li>psan\u00ed (30 minut),<\/li>\n<li>\u00fastn\u00ed testov\u00e1n\u00ed (15 minut, zpravidla vedeno s\u00a0dal\u0161\u00edm kandid\u00e1tem)<\/li>\n<\/ul>\n<\/li>\n<\/ul>\n<\/div>\n<\/div>\n<\/div>\n\t\t\t\t<\/div>\n\n\t\t\t\t<div class=\"meta meta-buttons d-flex flex-column flex-sm-row justify-content-start\">\n\t\t\t\t\t<a class=\"btn \" href=\"https:\/\/www.telc.net\/en\/language-examinations\/certificate-exams\/english\/telc-english-b1\/\" title=\"V\u00edce na www.telc.net\">V\u00edce na www.telc.net<\/a>\n\t\t\t\t\t\t<\/div>\n\t\t\n\t<\/div>\n\n\t\t\n\t<div class=\"wpa9-card-l-panel wpa9-panel shadow rounded d-flex flex-column justify-content-between\">\n\n\t\t<div>\n\t\t\t\t\n\t\t\t\t\t\t\t\t<h2 class=\"wpa9-panel-title\">telc English B1 Business<\/h2>\n\t\t\n\t\t\t\t\t\t\t<div class=\"wpa9-panel-content\"><div class=\"boards-section__box \">\n<div class=\"box-content\">\n<ul style=\"list-style-type: disc\">\n<li>Zkou\u0161ka testuje znalosti obchodn\u00ed angli\u010dtiny na \u00farovni\u00a0B1,<\/li>\n<li>minimum absolvovan\u00fdch hodin v\u00fduky: cca 400\u2013450 hodin v\u00fduky specializovan\u00e9 na obchodn\u00ed\u00a0jazyk,<\/li>\n<li>zkou\u0161ka obsahuje:\n<ul>\n<li>\u010dten\u00ed + slovn\u00ed z\u00e1soba a\u00a0gramatika (90 minut),<\/li>\n<li>poslech (30 minut),<\/li>\n<li>psan\u00ed (30 minut),<\/li>\n<li>\u00fastn\u00ed testov\u00e1n\u00ed (15 minut, zpravidla vedeno s\u00a0dal\u0161\u00edm kandid\u00e1tem)<\/li>\n<\/ul>\n<\/li>\n<\/ul>\n<\/div>\n<\/div>\n<\/div>\n\t\t\t\t<\/div>\n\n\t\t\t\t<div class=\"meta meta-buttons d-flex flex-column flex-sm-row justify-content-start\">\n\t\t\t\t\t<a class=\"btn \" href=\"https:\/\/www.telc.net\/en\/language-examinations\/certificate-exams\/english\/telc-english-b1-business\/\" title=\"V\u00edce na www.telc.net\">V\u00edce na www.telc.net<\/a>\n\t\t\t\t\t\t<\/div>\n\t\t\n\t<\/div>\n\n\t\t\n\t<div class=\"wpa9-card-l-panel wpa9-panel shadow rounded d-flex flex-column justify-content-between\">\n\n\t\t<div>\n\t\t\t\t\n\t\t\t\t\t\t\t\t<h2 class=\"wpa9-panel-title\">telc English B1 Hotel and Restaurant<\/h2>\n\t\t\n\t\t\t\t\t\t\t<div class=\"wpa9-panel-content\"><div class=\"boards-section__box \">\n<div class=\"box-content\">\n<ul style=\"list-style-type: disc\">\n<li>Zkou\u0161ka testuje znalosti profesn\u00ed angli\u010dtiny (hotelnictv\u00ed, pohostinstv\u00ed, gastronomie) na \u00farovni\u00a0B1,<\/li>\n<li>minimum absolvovan\u00fdch hodin v\u00fduky: cca 400\u2013450\u00a0hodin,<\/li>\n<li>zkou\u0161ka obsahuje:\n<ul>\n<li>\u010dten\u00ed + slovn\u00ed z\u00e1soba a\u00a0gramatika (90 minut),<\/li>\n<li>poslech (30 minut),<\/li>\n<li>psan\u00ed (30 minut),<\/li>\n<li>\u00fastn\u00ed testov\u00e1n\u00ed (15 minut, zpravidla vedeno s\u00a0dal\u0161\u00edm kandid\u00e1tem).<\/li>\n<\/ul>\n<\/li>\n<\/ul>\n<\/div>\n<\/div>\n<\/div>\n\t\t\t\t<\/div>\n\n\t\t\t\t<div class=\"meta meta-buttons d-flex flex-column flex-sm-row justify-content-start\">\n\t\t\t\t\t<a class=\"btn \" href=\"https:\/\/www.telc.net\/en\/language-examinations\/certificate-exams\/english\/telc-english-b1-hotel-and-restaurant\/\" title=\"V\u00edce na www.telc.net\">V\u00edce na www.telc.net<\/a>\n\t\t\t\t\t\t<\/div>\n\t\t\n\t<\/div>\n\n\t\t\n\t<div class=\"wpa9-card-l-panel wpa9-panel shadow rounded d-flex flex-column justify-content-between\">\n\n\t\t<div>\n\t\t\t\t\n\t\t\t\t\t\t\t\t<h2 class=\"wpa9-panel-title\">ECL B1<\/h2>\n\t\t\n\t\t\t\t\t\t\t<div class=\"wpa9-panel-content\"><div class=\"boards-section__box \">\n<div class=\"box-content\">\n<p>European Consortium for the Certificate of Attainment in Modern\u00a0Languages<\/p>\n<ul>\n<li>Zkou\u0161ka z\u00a0obecn\u00e9 angli\u010dtiny na \u00farovni\u00a0B1,<\/li>\n<li>minimum absolvovan\u00fdch hodin v\u00fduky: cca 400\u00a0hodin,<\/li>\n<li>zkou\u0161ka obsahuje:\n<ul>\n<li>\u010dten\u00ed (35 minut),<\/li>\n<li>psan\u00ed (50 minut),<\/li>\n<li>poslech (30 minut),<\/li>\n<li>\u00fastn\u00ed testov\u00e1n\u00ed (podle \u00farovn\u011b 13\u201321 minut, vedeno s\u00a0dvojic\u00ed kandid\u00e1t\u016f).<\/li>\n<\/ul>\n<\/li>\n<\/ul>\n<\/div>\n<\/div>\n<div class=\"boards-section__box \"><\/div>\n<\/div>\n\t\t\t\t<\/div>\n\n\t\t\t\t<div class=\"meta meta-buttons d-flex flex-column flex-sm-row justify-content-start\">\n\t\t\t\t\t<a class=\"btn \" href=\"https:\/\/eclexam.eu\/\" title=\"V\u00edce na www.eclexam.eu\">V\u00edce na www.eclexam.eu<\/a>\n\t\t\t\t\t\t<\/div>\n\t\t\n\t<\/div>\n\n\t\t\n\t<div class=\"wpa9-card-l-panel wpa9-panel shadow rounded d-flex flex-column justify-content-between\">\n\n\t\t<div>\n\t\t\t\t\n\t\t\t\t\t\t\t\t<h2 class=\"wpa9-panel-title\">TOEIC\u00ae Listening and Reading<\/h2>\n\t\t\n\t\t\t\t\t\t\t<div class=\"wpa9-panel-content\"><div class=\"boards-section__box \">\n<div class=\"box-content\">\n<p>Test of English for International\u00a0Communication<\/p>\n<ul>\n<li>Zkou\u0161ka testuje schopnost komunikace v\u00a0mezin\u00e1rodn\u00edm pracovn\u00edm\u00a0prost\u0159ed\u00ed,<\/li>\n<li>pokro\u010dilost se ur\u010duje podle bodov\u00e9ho sk\u00f3re od\u00a0A1\u2013C1,<\/li>\n<li>test poslechu (cca 45 minut), test \u010dten\u00ed (75\u00a0minut),<\/li>\n<li>doba platnosti zkou\u0161ky je 2\u00a0roky.<\/li>\n<\/ul>\n<\/div>\n<\/div>\n<div class=\"boards-section__box \"><\/div>\n<\/div>\n\t\t\t\t<\/div>\n\n\t\t\t\t<div class=\"meta meta-buttons d-flex flex-column flex-sm-row justify-content-start\">\n\t\t\t\t\t<a class=\"btn \" href=\"https:\/\/www.ets.org\/toeic\/test-takers\/about\/listening-reading.html\" title=\"V\u00edce na www.ets.org\">V\u00edce na www.ets.org<\/a>\n\t\t\t\t\t\t<\/div>\n\t\t\n\t<\/div>\n\n\t\t\n\t<div class=\"wpa9-card-l-panel wpa9-panel shadow rounded d-flex flex-column justify-content-between\">\n\n\t\t<div>\n\t\t\t\t\n\t\t\t\t\t\t\t\t<h2 class=\"wpa9-panel-title\">TOEIC\u00ae Speaking and Writing<\/h2>\n\t\t\n\t\t\t\t\t\t\t<div class=\"wpa9-panel-content\"><div class=\"boards-section__box \">\n<div class=\"box-content\">\n<p>Test of English for International\u00a0Communication<\/p>\n<ul>\n<li>Zkou\u0161ka testuje schopnost komunikace v\u00a0mezin\u00e1rodn\u00edm pracovn\u00edm\u00a0prost\u0159ed\u00ed,<\/li>\n<li>pokro\u010dilost se ur\u010duje podle bodov\u00e9ho sk\u00f3re, od\u00a0A1\u2013C1,<\/li>\n<li>test psan\u00ed (60 minut) a\u00a0\u00fastn\u00ed test (20\u00a0minut),<\/li>\n<li>doba platnosti zkou\u0161ky je 2\u00a0roky.<\/li>\n<\/ul>\n<\/div>\n<\/div>\n<\/div>\n\t\t\t\t<\/div>\n\n\t\t\t\t<div class=\"meta meta-buttons d-flex flex-column flex-sm-row justify-content-start\">\n\t\t\t\t\t<a class=\"btn \" href=\"https:\/\/www.ets.org\/toeic\/test-takers\/about\/speaking-writing.html\" title=\"V\u00edce na www.ets.org\">V\u00edce na www.ets.org<\/a>\n\t\t\t\t\t\t<\/div>\n\t\t\n\t<\/div>\n\n\t\t\n\t<div class=\"wpa9-card-l-panel wpa9-panel shadow rounded d-flex flex-column justify-content-between\">\n\n\t\t<div>\n\t\t\t\t\n\t\t\t\t\t\t\t\t<h2 class=\"wpa9-panel-title\">TOEIC BridgeTM<\/h2>\n\t\t\n\t\t\t\t\t\t\t<div class=\"wpa9-panel-content\"><div class=\"boards-section__box \">\n<div class=\"box-content\">\n<p>Test of English for International\u00a0Communication<\/p>\n<ul>\n<li>V\u0161eobecn\u011b zam\u011b\u0159en\u00e1 zkou\u0161ka angli\u010dtiny ur\u010dena n\u00edzk\u00fdm\u00a0\u00farovn\u00edm,<\/li>\n<li>pokro\u010dilost se ur\u010duje podle bodov\u00e9ho sk\u00f3re od\u00a0A1\u2013B1,<\/li>\n<li>test poslechu (25 minut) a\u00a0test \u010dten\u00ed (35\u00a0minut),<\/li>\n<li>doba platnosti zkou\u0161ky je 2\u00a0roky.<\/li>\n<\/ul>\n<\/div>\n<\/div>\n<\/div>\n\t\t\t\t<\/div>\n\n\t\t\t\t<div class=\"meta meta-buttons d-flex flex-column flex-sm-row justify-content-start\">\n\t\t\t\t\t<a class=\"btn \" href=\"https:\/\/www.ets.org\/toeic\/test-takers\/about\/bridge.html\" title=\"V\u00edce na www.ets.org\">V\u00edce na www.ets.org<\/a>\n\t\t\t\t\t\t<\/div>\n\t\t\n\t<\/div>\n\n\t\t\n\t<div class=\"wpa9-card-l-panel wpa9-panel shadow rounded d-flex flex-column justify-content-between\">\n\n\t\t<div>\n\t\t\t\t\n\t\t\t\t\t\t\t\t<h2 class=\"wpa9-panel-title\">TOEFL\u00ae<\/h2>\n\t\t\n\t\t\t\t\t\t\t<div class=\"wpa9-panel-content\"><div class=\"boards-section__box \">\n<div class=\"box-content\">\n<p>Test of English as a\u00a0Foreign\u00a0Language<\/p>\n<ul>\n<li>Zkou\u0161ka z\u00a0obecn\u00e9 angli\u010dtiny ur\u010den\u00e1 kandid\u00e1t\u016fm na \u00farovni\u00a0B1\u00a0a\u00a0vy\u0161\u0161\u00ed, ve kter\u00e9 se pokro\u010dilost ur\u010duje podle bodov\u00e9ho\u00a0sk\u00f3re,<\/li>\n<li>na \u00farove\u0148\u00a0B1\u00a0mus\u00ed kandid\u00e1t z\u00edskat 57\u201386\u00a0bod\u016f,<\/li>\n<li>doba platnosti zkou\u0161ky je 2\u00a0roky,<\/li>\n<li>v \u010cesk\u00e9 republice se pou\u017e\u00edv\u00e1 po\u010d\u00edta\u010dov\u00fd test (iBT\u2013Internet Based Test), kter\u00fd trv\u00e1 celkem 240 minut a\u00a0obsahuje:\n<ul>\n<li>poslech (60\u201390 minut),<\/li>\n<li>\u010dten\u00ed (60\u201380 minut),<\/li>\n<li>psan\u00ed (50 minut),<\/li>\n<li>mluven\u00ed (20 minut).<\/li>\n<\/ul>\n<\/li>\n<\/ul>\n<\/div>\n<\/div>\n<\/div>\n\t\t\t\t<\/div>\n\n\t\t\t\t<div class=\"meta meta-buttons d-flex flex-column flex-sm-row justify-content-start\">\n\t\t\t\t\t<a class=\"btn \" href=\"https:\/\/www.ets.org\/toefl.html\" title=\"V\u00edce na www.ets.org\">V\u00edce na www.ets.org<\/a>\n\t\t\t\t\t\t<\/div>\n\t\t\n\t<\/div>\n\n\t\t\n\t<div class=\"wpa9-card-l-panel wpa9-panel shadow rounded d-flex flex-column justify-content-between\">\n\n\t\t<div>\n\t\t\t\t\n\t\t\t\t\t\t\t\t<h2 class=\"wpa9-panel-title\">IELTS \u2013 4.5\u20135<\/h2>\n\t\t\n\t\t\t\t\t\t\t<div class=\"wpa9-panel-content\"><div class=\"boards-section__box \">\n<div class=\"box-content\">\n<p>International English Language Testing\u00a0System<\/p>\n<ul>\n<li>Zkou\u0161ka z\u00a0obecn\u00e9 angli\u010dtiny na \u00farovni\u00a0A2\u00a0a vy\u0161\u0161\u00ed, ve kter\u00e9 se pokro\u010dilost ur\u010duje podle bodov\u00e9ho\u00a0sk\u00f3re,<\/li>\n<li>na \u00farove\u0148\u00a0B1\u00a0mus\u00ed kandid\u00e1t z\u00edskat 4.5\u20135\u00a0bod\u016f,<\/li>\n<li>kandid\u00e1ti si mohou zvolit Akademick\u00fd nebo V\u0161eobecn\u00fd\u00a0modul,<\/li>\n<li>zkou\u0161ka obsahuje:\n<ul>\n<li>poslech (30 minut),<\/li>\n<li>\u010dten\u00ed (60 minut),<\/li>\n<li>psan\u00ed (60 minut),<\/li>\n<li>\u00fastn\u00ed testov\u00e1n\u00ed (11\u201314 minut).<\/li>\n<\/ul>\n<\/li>\n<\/ul>\n<\/div>\n<\/div>\n<\/div>\n\t\t\t\t<\/div>\n\n\t\t\t\t<div class=\"meta meta-buttons d-flex flex-column flex-sm-row justify-content-start\">\n\t\t\t\t\t<a class=\"btn \" href=\"https:\/\/www.ielts.org\/\" title=\"V\u00edce na www.ielts.org\">V\u00edce na www.ielts.org<\/a>\n\t\t\t\t\t\t<\/div>\n\t\t\n\t<\/div>\n\n\t\t\n\t<div class=\"wpa9-card-l-panel wpa9-panel shadow rounded d-flex flex-column justify-content-between\">\n\n\t\t<div>\n\t\t\t\t\n\t\t\t\t\t\t\t\t<h2 class=\"wpa9-panel-title\">LanguageCert ESOL \u2013 Achiever B1<\/h2>\n\t\t\n\t\t\t\t\t\t\t<div class=\"wpa9-panel-content\"><div class=\"box-content\">\n<ul style=\"list-style-type: disc\">\n<li>Zkou\u0161ka z\u00a0obecn\u00e9 angli\u010dtiny na \u00farovni\u00a0B1,<\/li>\n<li>zkou\u0161ka se zam\u011b\u0159uje na praktick\u00e9 pou\u017eit\u00ed jazyka v\u00a0autentick\u00fdch\u00a0situac\u00edch,<\/li>\n<li>p\u00edsemnou a\u00a0\u00fastn\u00ed \u010d\u00e1st zkou\u0161ky lze skl\u00e1dat\u00a0samostatn\u011b,<\/li>\n<li>zkou\u0161ka obsahuje:\n<ul>\n<li>poslech (30 minut),<\/li>\n<li>\u010dten\u00ed a\u00a0psan\u00ed (130 minut),<\/li>\n<li>\u00fastn\u00ed testov\u00e1n\u00ed (12 minut).<\/li>\n<\/ul>\n<\/li>\n<\/ul>\n<\/div>\n<\/div>\n\t\t\t\t<\/div>\n\n\t\t\n\t<\/div>\n\n\t\t\n\t\n<\/div>\n<\/div><\/div><\/div><\/div><\/div><div id=\"pg-8682-2\"  class=\"panel-grid panel-has-style\" ><div class=\"siteorigin-panels-stretch panel-row-padding-none panel-row-style panel-row-style-for-8682-2\" data-stretch-type=\"full\" ><div id=\"pgc-8682-2-0\"  class=\"panel-grid-cell\" ><div id=\"panel-8682-2-0-0\" class=\"so-panel widget widget_skrv-incl-widget panel-first-child panel-last-child\" data-index=\"2\" ><div\n\t\t\t\n\t\t\tclass=\"so-widget-skrv-incl-widget so-widget-skrv-incl-widget-default-c93e1481a745-8682\"\n\t\t\t\n\t\t><div id=\"pl-8541\"  class=\"panel-layout\" ><div id=\"pg-8541-0\"  class=\"panel-grid panel-no-style\" ><div id=\"pgc-8541-0-0\"  class=\"panel-grid-cell\" ><div id=\"panel-8541-0-0-0\" class=\"so-panel widget widget_wpa9-card-s panel-first-child panel-last-child\" data-index=\"0\" ><div\n\t\t\t\n\t\t\tclass=\"so-widget-wpa9-card-s so-widget-wpa9-card-s-default-c93e1481a745-8682\"\n\t\t\t\n\t\t><div class=\"wpa9-card wpa9-card-s wide negative\">\n\n\t<div class=\"wpa9-card-wrapper container\">\n\n\t\t<div class=\"wpa9-card-text\">\n\t\t\t<h2 class=\"wpa9-card-title\">P\u0159\u00edpravn\u00e9 kurzy<\/h2>\n\t\t\t<div class=\"wpa9-card-content\"><p style=\"text-align: center\">Vybrali jste si zkou\u0161ku a&nbsp;chcete se na ni p\u0159ipravit? Anebo st\u00e1le v\u00e1h\u00e1te, kter\u00e1 je pro v\u00e1s vhodn\u00e1? Za\u0161lete nez\u00e1vaznou popt\u00e1vku, r\u00e1di v\u00e1m porad\u00edme.<\/p>\n<\/div>\t\t<\/div>\n\n\t\t\t\t<div class=\"meta meta-buttons d-flex flex-row justify-content-center\">\n\t\t\t\t\t\t\t<a class=\"btn btn-negative \" href=\"https:\/\/skrivanek.cz\/cz\/poptavka\/\" title=\"M\u00e1m z\u00e1jem \">M\u00e1m z\u00e1jem <\/a>\n\t\t\t\t<\/div>\n\t\t\n\t<\/div>\n\n<\/div>\n<\/div><\/div><\/div><\/div><\/div><\/div><\/div><\/div><\/div><\/div><\/div>","protected":false},"excerpt":{"rendered":"<p>\u00darove\u0148 angli\u010dtiny B1 V\u00a0hlavn\u00edch rysech rozum\u00ed informac\u00edm o\u00a0d\u016fv\u011brn\u011b zn\u00e1m\u00fdch v\u011bcech, se kter\u00fdmi se pravideln\u011b setk\u00e1v\u00e1 v\u00a0pr\u00e1ci, ve \u0161kole, ve voln\u00e9m \u010dase apod., pokud jsou vyj\u00e1d\u0159eny z\u0159eteln\u00fdm standardn\u00edm\u00a0zp\u016fsobem. Um\u00ed se vypo\u0159\u00e1dat s\u00a0v\u011bt\u0161inou situac\u00ed, kter\u00e9 mohou nastat p\u0159i\u00a0cestov\u00e1n\u00ed na \u00fazem\u00ed, kde se dan\u00fdm jazykem hovo\u0159\u00ed. Um\u00ed vytvo\u0159it jednoduch\u00fd souvisl\u00fd text o\u00a0t\u00e9matech, kter\u00e1 dob\u0159e zn\u00e1 nebo kter\u00e1 ho [&hellip;]<\/p>\n","protected":false},"author":9,"featured_media":0,"parent":305,"menu_order":0,"comment_status":"closed","ping_status":"closed","template":"","meta":{"_acf_changed":false,"footnotes":""},"class_list":["post-8682","page","type-page","status-publish","hentry"],"acf":[],"aioseo_notices":[],"_links":{"self":[{"href":"https:\/\/skrivanek.cz\/cz\/wp-json\/wp\/v2\/pages\/8682","targetHints":{"allow":["GET"]}}],"collection":[{"href":"https:\/\/skrivanek.cz\/cz\/wp-json\/wp\/v2\/pages"}],"about":[{"href":"https:\/\/skrivanek.cz\/cz\/wp-json\/wp\/v2\/types\/page"}],"author":[{"embeddable":true,"href":"https:\/\/skrivanek.cz\/cz\/wp-json\/wp\/v2\/users\/9"}],"replies":[{"embeddable":true,"href":"https:\/\/skrivanek.cz\/cz\/wp-json\/wp\/v2\/comments?post=8682"}],"version-history":[{"count":3,"href":"https:\/\/skrivanek.cz\/cz\/wp-json\/wp\/v2\/pages\/8682\/revisions"}],"predecessor-version":[{"id":80194,"href":"https:\/\/skrivanek.cz\/cz\/wp-json\/wp\/v2\/pages\/8682\/revisions\/80194"}],"up":[{"embeddable":true,"href":"https:\/\/skrivanek.cz\/cz\/wp-json\/wp\/v2\/pages\/305"}],"wp:attachment":[{"href":"https:\/\/skrivanek.cz\/cz\/wp-json\/wp\/v2\/media?parent=8682"}],"curies":[{"name":"wp","href":"https:\/\/api.w.org\/{rel}","templated":true}]}}