{"id":8795,"date":"2021-04-12T16:42:13","date_gmt":"2021-04-12T14:42:13","guid":{"rendered":"https:\/\/skrivanek.cz\/?page_id=8795"},"modified":"2026-03-24T11:40:05","modified_gmt":"2026-03-24T10:40:05","slug":"aj-velmi-pokrocily","status":"publish","type":"page","link":"https:\/\/skrivanek.cz\/cz\/jazykova-skola\/aj-velmi-pokrocily\/","title":{"rendered":"Angli\u010dtina C1"},"content":{"rendered":"<div id=\"pl-8795\"  class=\"panel-layout\" ><div id=\"pg-8795-0\"  class=\"panel-grid panel-has-style\"  style=\"margin-bottom: 0px\" ><div class=\"panel-row-padding-none panel-row-style panel-row-style-for-8795-0\" ><div id=\"pgc-8795-0-0\"  class=\"panel-grid-cell\" ><div id=\"panel-8795-0-0-0\" class=\"so-panel widget widget_wpa9-editor-ext panel-first-child panel-last-child\" data-index=\"0\" ><div\n\t\t\t\n\t\t\tclass=\"so-widget-wpa9-editor-ext so-widget-wpa9-editor-ext-default-c93e1481a745-8795\"\n\t\t\t\n\t\t>\n<div class=\"siteorigin-widget-tinymce textwidget\">\n\t<h2 class=\"wpa9-panel-title\">\u00darove\u0148 angli\u010dtiny C1<\/h2>\n<div class=\"wpa9-panel-content\">\n<ul>\n \t<li>Rozum\u00ed \u0161irok\u00e9mu okruhu n\u00e1ro\u010dn\u00fdch del\u0161\u00edch text\u016f a\u00a0dok\u00e1\u017ee rozpoznat skryt\u00fd\u00a0v\u00fdznam.<\/li>\n \t<li>Um\u00ed se vyjad\u0159ovat plynule a\u00a0spont\u00e1nn\u011b, bez p\u0159\u00edli\u0161 zjevn\u00e9ho hled\u00e1n\u00ed\u00a0v\u00fdraz\u016f.<\/li>\n \t<li>Dok\u00e1\u017ee pou\u017e\u00edvat jazyk pru\u017en\u011b a\u00a0\u00fa\u010dinn\u011b pro spole\u010densk\u00e9, studijn\u00ed a\u00a0pracovn\u00ed\u00a0\u00fa\u010dely.<\/li>\n \t<li>Um\u00ed vytvo\u0159it jasn\u00fd, dob\u0159e \u010dlen\u011bn\u00fd podrobn\u00fd text o\u00a0slo\u017eit\u00fdch t\u00e9matech, prok\u00e1zat uv\u011bdom\u011bl\u00e9 u\u017eit\u00ed z\u00e1sad stavby textu, spojovac\u00edch v\u00fdraz\u016f a\u00a0prost\u0159edk\u016f vyjad\u0159uj\u00edc\u00edch vazby\u00a0v\u00a0textu.<\/li>\n \t<li>Jazykov\u00e1 \u00farove\u0148 Sk\u0159iv\u00e1nek:\u00a0<strong>velmi\u00a0pokro\u010dil\u00fd<\/strong>.<\/li>\n<\/ul>\n<strong>Pot\u0159ebujete pomoc s\u00a0p\u0159\u00edpravou na zkou\u0161ky? Chcete se procvi\u010dit v\u00a0oblasti, ve kter\u00e9 si nejste \u00fapln\u011b jist\u00ed? R\u00e1di v\u00e1m s\u00a0t\u00edm pom\u016f\u017eeme! Sta\u010d\u00ed si objednat u\u00a0n\u00e1s kurz.<\/strong>\n<p style=\"text-align: center;\"><a class=\"btn btn-negative\" href=\"https:\/\/skrivanek.cz\/cz\/jazykova-skola\/individualni-vyuka-jazyku\/anglictina\/\">Chci kurz angli\u010dtiny na \u00farovni C1<\/a><\/p>\n\n<\/div><\/div>\n<\/div><\/div><\/div><\/div><\/div><div id=\"pg-8795-1\"  class=\"panel-grid panel-has-style\"  style=\"margin-bottom: 0px\" ><div class=\"siteorigin-panels-stretch panel-row-padding-none panel-row-style panel-row-style-for-8795-1\" data-stretch-type=\"full\" ><div id=\"pgc-8795-1-0\"  class=\"panel-grid-cell\" ><div id=\"panel-8795-1-0-0\" class=\"so-panel widget widget_wpa9-card-l panel-first-child panel-last-child\" data-index=\"1\" ><div\n\t\t\t\n\t\t\tclass=\"so-widget-wpa9-card-l so-widget-wpa9-card-l-default-c93e1481a745-8795\"\n\t\t\t\n\t\t>\n<h3 class=\"widget-title\">Jazykov\u00e9 zkou\u0161ky angli\u010dtiny pro \u00farove\u0148 C1<\/h3>\n<div class=\"wpa9-card wpa9-card-l-container d-flex flex-wrap wpa9-columns-2\">\n\n\t\n\t\t\n\t<div class=\"wpa9-card-l-panel wpa9-panel shadow rounded d-flex flex-column justify-content-between\">\n\n\t\t<div>\n\t\t\t\t\n\t\t\t\t\t\t\t\t<h2 class=\"wpa9-panel-title\">Cambridge English: Advanced (CAE)<\/h2>\n\t\t\n\t\t\t\t\t\t\t<div class=\"wpa9-panel-content\"><div class=\"boards-section__box \">\n<div class=\"box-content\">\n<p>Zkou\u0161ka z&nbsp;obecn\u00e9 angli\u010dtiny na \u00farovni C1<\/p>\n<p>Zkou\u0161ka obsahuje:<\/p>\n<ul>\n<li>\u010dten\u00ed a&nbsp;u\u017eit\u00ed jazyka (90 minut),<\/li>\n<li>psan\u00ed (90 minut),<\/li>\n<li>poslech (cca 40 minut),<\/li>\n<li>\u00fastn\u00ed testov\u00e1n\u00ed (15 minut, vedeno se dv\u011bma kandid\u00e1ty).<\/li>\n<\/ul>\n<\/div>\n<\/div>\n<div class=\"boards-section__box \"><\/div>\n<\/div>\n\t\t\t\t<\/div>\n\n\t\t\t\t<div class=\"meta meta-buttons d-flex flex-column flex-sm-row justify-content-start\">\n\t\t\t\t\t<a class=\"btn \" href=\"https:\/\/www.cambridgeenglish.org\/exams-and-tests\/advanced\/\" title=\"V\u00edce na www.cambridgeenglish.org\">V\u00edce na www.cambridgeenglish.org<\/a>\n\t\t\t\t\t\t<\/div>\n\t\t\n\t<\/div>\n\n\t\t\n\t<div class=\"wpa9-card-l-panel wpa9-panel shadow rounded d-flex flex-column justify-content-between\">\n\n\t\t<div>\n\t\t\t\t\n\t\t\t\t\t\t\t\t<h2 class=\"wpa9-panel-title\">Cambridge English: Business Higher (BEC\u00a0Higher)<\/h2>\n\t\t\n\t\t\t\t\t\t\t<div class=\"wpa9-panel-content\"><div class=\"boards-section__box \">\n<div class=\"box-content\">\n<p>Zkou\u0161ka testuje znalosti obchodn\u00ed angli\u010dtiny na \u00farovni C1<\/p>\n<p>Zkou\u0161ka obsahuje:<\/p>\n<ul>\n<li>\u010dten\u00ed (60 minut),<\/li>\n<li>psan\u00ed (70 minut),<\/li>\n<li>poslech (cca 40 minut),<\/li>\n<li>\u00fastn\u00ed testov\u00e1n\u00ed (16 minut, vedeno s&nbsp;dvojic\u00ed kandid\u00e1t\u016f).<\/li>\n<\/ul>\n<\/div>\n<\/div>\n<div class=\"boards-section__box \">\n<div class=\"box-header\">\n<h2 class=\"decorated-heading\"><\/h2>\n<\/div>\n<\/div>\n<\/div>\n\t\t\t\t<\/div>\n\n\t\t\t\t<div class=\"meta meta-buttons d-flex flex-column flex-sm-row justify-content-start\">\n\t\t\t\t\t<a class=\"btn \" href=\"https:\/\/www.cambridgeenglish.org\/exams-and-tests\/business-higher\/\" title=\"V\u00edce na www.cambridgeenglish.org\">V\u00edce na www.cambridgeenglish.org<\/a>\n\t\t\t\t\t\t<\/div>\n\t\t\n\t<\/div>\n\n\t\t\n\t<div class=\"wpa9-card-l-panel wpa9-panel shadow rounded d-flex flex-column justify-content-between\">\n\n\t\t<div>\n\t\t\t\t\n\t\t\t\t\t\t\t\t<h2 class=\"wpa9-panel-title\">TOEFL iBT\u00ae<\/h2>\n\t\t\n\t\t\t\t\t\t\t<div class=\"wpa9-panel-content\"><div class=\"boards-section__box \">\n<div class=\"box-content\">\n<p>Test of English as a&nbsp;Foreign Language<\/p>\n<p>Zkou\u0161ka z\u00a0obecn\u00e9 angli\u010dtiny ur\u010den\u00e1 kandid\u00e1t\u016fm na \u00farovni B1 a&nbsp;vy\u0161\u0161\u00ed zejm\u00e9na pro akademick\u00e9 prost\u0159ed\u00ed<\/p>\n<ul>\n<li>pokro\u010dilost se ur\u010duje podle bodov\u00e9ho sk\u00f3re,<\/li>\n<li>na \u00farove\u0148 C1 mus\u00ed kandid\u00e1t z\u00edskat 95\u2013113 bod\u016f,<\/li>\n<li>doba platnosti zkou\u0161ky je 2 roky,<\/li>\n<li>zkou\u0161ka obsahuje:\n<ul>\n<li>poslech (41\u201357 minut),<\/li>\n<li>\u010dten\u00ed (54\u201372 minut),<\/li>\n<li>psan\u00ed (50 minut),<\/li>\n<li>\u00fastn\u00ed testov\u00e1n\u00ed (17 minut).<\/li>\n<\/ul>\n<\/li>\n<\/ul>\n<\/div>\n<\/div>\n<\/div>\n\t\t\t\t<\/div>\n\n\t\t\t\t<div class=\"meta meta-buttons d-flex flex-column flex-sm-row justify-content-start\">\n\t\t\t\t\t<a class=\"btn \" href=\"https:\/\/www.ets.org\/toefl\/test-takers\/ibt.html\" title=\"V\u00edce na www.ets.org\">V\u00edce na www.ets.org<\/a>\n\t\t\t\t\t\t<\/div>\n\t\t\n\t<\/div>\n\n\t\t\n\t<div class=\"wpa9-card-l-panel wpa9-panel shadow rounded d-flex flex-column justify-content-between\">\n\n\t\t<div>\n\t\t\t\t\n\t\t\t\t\t\t\t\t<h2 class=\"wpa9-panel-title\">TOEFL\u00ae EssentialsTM<\/h2>\n\t\t\n\t\t\t\t\t\t\t<div class=\"wpa9-panel-content\"><div class=\"boards-section__box \">\n<div class=\"box-content\">\n<p>Test of English as a&nbsp;Foreign Language<\/p>\n<p>Zkou\u0161ka z&nbsp;obecn\u00e9 angli\u010dtiny ur\u010den\u00e1 kandid\u00e1t\u016fm od A0 a\u017e do C2 zejm\u00e9na pro akademick\u00e9 prost\u0159ed\u00ed<\/p>\n<ul>\n<li>krat\u0161\u00ed a&nbsp;jednodu\u0161\u0161\u00ed verze <em>TOEFL iBT\u00ae<\/em><\/li>\n<li>pokro\u010dilost se ur\u010duje podle bodov\u00e9ho sk\u00f3re,<\/li>\n<li>na \u00farove\u0148 C1 mus\u00ed kandid\u00e1t z\u00edskat 10-11.5 bod\u016f,<\/li>\n<li>doba platnosti zkou\u0161ky je 2 roky,<\/li>\n<li>zkou\u0161ka obsahuje:\n<ul>\n<li>poslech (21\u201334 minut),<\/li>\n<li>\u010dten\u00ed (22\u201333 minut),<\/li>\n<li>psan\u00ed (24-30 minut),<\/li>\n<li>\u00fastn\u00ed testov\u00e1n\u00ed (13 minut).<\/li>\n<\/ul>\n<\/li>\n<\/ul>\n<\/div>\n<\/div>\n<\/div>\n\t\t\t\t<\/div>\n\n\t\t\t\t<div class=\"meta meta-buttons d-flex flex-column flex-sm-row justify-content-start\">\n\t\t\t\t\t<a class=\"btn \" href=\"https:\/\/www.ets.org\/toefl\/test-takers\/essentials\/about.html\" title=\"V\u00edce na www.ets.org\">V\u00edce na www.ets.org<\/a>\n\t\t\t\t\t\t<\/div>\n\t\t\n\t<\/div>\n\n\t\t\n\t<div class=\"wpa9-card-l-panel wpa9-panel shadow rounded d-flex flex-column justify-content-between\">\n\n\t\t<div>\n\t\t\t\t\n\t\t\t\t\t\t\t\t<h2 class=\"wpa9-panel-title\">TOEIC\u00ae Listening and Reading<\/h2>\n\t\t\n\t\t\t\t\t\t\t<div class=\"wpa9-panel-content\"><div class=\"boards-section__box \">\n<div class=\"box-content\">\n<p>Test of English for International Communication<\/p>\n<ul>\n<li>zkou\u0161ka testuje schopnost komunikace v&nbsp;mezin\u00e1rodn\u00edm pracovn\u00edm prost\u0159ed\u00ed,<\/li>\n<li>pokro\u010dilost se ur\u010duje podle bodov\u00e9ho sk\u00f3re od A1\u2013C1,<\/li>\n<li>test poslechu (cca 45 minut), test \u010dten\u00ed (75 minut),<\/li>\n<li>doba platnosti zkou\u0161ky je 2 roky.<\/li>\n<\/ul>\n<\/div>\n<\/div>\n<\/div>\n\t\t\t\t<\/div>\n\n\t\t\t\t<div class=\"meta meta-buttons d-flex flex-column flex-sm-row justify-content-start\">\n\t\t\t\t\t<a class=\"btn \" href=\"https:\/\/www.ets.org\/toeic\/test-takers\/about\/listening-reading.html\" title=\"V\u00edce na www.ets.org\">V\u00edce na www.ets.org<\/a>\n\t\t\t\t\t\t<\/div>\n\t\t\n\t<\/div>\n\n\t\t\n\t<div class=\"wpa9-card-l-panel wpa9-panel shadow rounded d-flex flex-column justify-content-between\">\n\n\t\t<div>\n\t\t\t\t\n\t\t\t\t\t\t\t\t<h2 class=\"wpa9-panel-title\">TOEIC\u00ae Speaking and Writing<\/h2>\n\t\t\n\t\t\t\t\t\t\t<div class=\"wpa9-panel-content\"><div class=\"boards-section__box \">\n<div class=\"box-content\">\n<p>Test of English for International Communication<\/p>\n<ul>\n<li>zkou\u0161ka testuje schopnost komunikace v&nbsp;mezin\u00e1rodn\u00edm pracovn\u00edm prost\u0159ed\u00ed,<\/li>\n<li>pokro\u010dilost se ur\u010duje podle bodov\u00e9ho sk\u00f3re od A1\u2013C1,<\/li>\n<li>test psan\u00ed (cca 60 minut), \u00fastn\u00ed test (cca 20 minut),<\/li>\n<li>doba platnosti zkou\u0161ky je 2 roky.<\/li>\n<\/ul>\n<\/div>\n<\/div>\n<\/div>\n\t\t\t\t<\/div>\n\n\t\t\t\t<div class=\"meta meta-buttons d-flex flex-column flex-sm-row justify-content-start\">\n\t\t\t\t\t<a class=\"btn \" href=\"https:\/\/www.ets.org\/toeic\/test-takers\/about\/speaking-writing.html\" title=\"V\u00edce na www.ets.org\">V\u00edce na www.ets.org<\/a>\n\t\t\t\t\t\t<\/div>\n\t\t\n\t<\/div>\n\n\t\t\n\t<div class=\"wpa9-card-l-panel wpa9-panel shadow rounded d-flex flex-column justify-content-between\">\n\n\t\t<div>\n\t\t\t\t\n\t\t\t\t\t\t\t\t<h2 class=\"wpa9-panel-title\">IELTS \u2013 7\u20138<\/h2>\n\t\t\n\t\t\t\t\t\t\t<div class=\"wpa9-panel-content\"><div class=\"boards-section__box \">\n<div class=\"box-content\">\n<p>International English Language Testing System<\/p>\n<p>&nbsp;<\/p>\n<p>Zkou\u0161ka z&nbsp;obecn\u00e9 angli\u010dtiny na \u00farovni A2 a&nbsp;vy\u0161\u0161\u00ed<\/p>\n<ul>\n<li>pokro\u010dilost se ur\u010duje podle bodov\u00e9ho sk\u00f3re,<\/li>\n<li>na \u00farove\u0148 C1 mus\u00ed kandid\u00e1t z\u00edskat 7\u20138 bod\u016f,<\/li>\n<li>kandid\u00e1ti si mohou zvolit Akademick\u00fd nebo V\u0161eobecn\u00fd modul,<\/li>\n<li>zkou\u0161ka obsahuje:\n<ul>\n<li>poslech (30 minut),<\/li>\n<li>\u010dten\u00ed (60 minut),<\/li>\n<li>psan\u00ed (60 minut),<\/li>\n<li>\u00fastn\u00ed testov\u00e1n\u00ed (11\u201314 minut)<\/li>\n<\/ul>\n<\/li>\n<\/ul>\n<\/div>\n<\/div>\n<\/div>\n\t\t\t\t<\/div>\n\n\t\t\t\t<div class=\"meta meta-buttons d-flex flex-column flex-sm-row justify-content-start\">\n\t\t\t\t\t<a class=\"btn \" href=\"https:\/\/www.ielts.org\/\" title=\"V\u00edce na www.ielts.org\">V\u00edce na www.ielts.org<\/a>\n\t\t\t\t\t\t<\/div>\n\t\t\n\t<\/div>\n\n\t\t\n\t<div class=\"wpa9-card-l-panel wpa9-panel shadow rounded d-flex flex-column justify-content-between\">\n\n\t\t<div>\n\t\t\t\t\n\t\t\t\t\t\t\t\t<h2 class=\"wpa9-panel-title\">LanguageCert International ESOL C1 Expert<\/h2>\n\t\t\n\t\t\t\t\t\t\t<div class=\"wpa9-panel-content\"><div class=\"boards-section__box \">\n<div class=\"box-content\">\n<ul style=\"list-style-type: disc\">\n<li>Zkou\u0161ka z&nbsp;obecn\u00e9 angli\u010dtiny na \u00farovni C1\n<ul>\n<li>zkou\u0161ka se zam\u011b\u0159uje na praktick\u00e9 pou\u017eit\u00ed jazyka v&nbsp;autentick\u00fdch situac\u00edch,<\/li>\n<li>p\u00edsemnou a&nbsp;\u00fastn\u00ed \u010d\u00e1st zkou\u0161ky lze skl\u00e1dat samostatn\u011b,<\/li>\n<li>zkou\u0161ka obsahuje:\n<ul>\n<li>poslech (30 minut),<\/li>\n<li>\u010dten\u00ed a&nbsp;psan\u00ed (160 minut),<\/li>\n<li>\u00fastn\u00ed testov\u00e1n\u00ed (15 minut).<\/li>\n<\/ul>\n<\/li>\n<\/ul>\n<\/li>\n<\/ul>\n<\/div>\n<\/div>\n<\/div>\n\t\t\t\t<\/div>\n\n\t\t\t\t<div class=\"meta meta-buttons d-flex flex-column flex-sm-row justify-content-start\">\n\t\t\t\t\t<a class=\"btn \" href=\"https:\/\/www.languagecert.org\/en\/language-exams\/english\/languagecert-international-esol\/c1-expert-2283\" title=\"V\u00edce na www.languagecert.org\">V\u00edce na www.languagecert.org<\/a>\n\t\t\t\t\t\t<\/div>\n\t\t\n\t<\/div>\n\n\t\t\n\t<div class=\"wpa9-card-l-panel wpa9-panel shadow rounded d-flex flex-column justify-content-between\">\n\n\t\t<div>\n\t\t\t\t\n\t\t\t\t\t\t\t\t<h2 class=\"wpa9-panel-title\">telc English C1<\/h2>\n\t\t\n\t\t\t\t\t\t\t<div class=\"wpa9-panel-content\"><div class=\"boards-section__box \">\n<div class=\"box-content\">\n<p>The European Language Certificates<\/p>\n<p>Zkou\u0161ka z\u00a0obecn\u00e9 angli\u010dtiny na \u00farovni C1<\/p>\n<p>Zkou\u0161ka obsahuje:<\/p>\n<ul>\n<li>\u010dten\u00ed (90 minut)<\/li>\n<li>poslech (40 minut)<\/li>\n<li>psan\u00ed (70 minut)<\/li>\n<li>\u00fastn\u00ed testov\u00e1n\u00ed (16-24 minut, vedeno ve skupin\u011b a\u017e \u010dty\u0159 kandid\u00e1t\u016f)<\/li>\n<\/ul>\n<\/div>\n<\/div>\n<\/div>\n\t\t\t\t<\/div>\n\n\t\t\t\t<div class=\"meta meta-buttons d-flex flex-column flex-sm-row justify-content-start\">\n\t\t\t\t\t<a class=\"btn \" href=\"https:\/\/www.telc.net\/en\/language-examinations\/certificate-exams\/english\/telc-english-c1\/\" title=\"V\u00edce na www.telc.net\">V\u00edce na www.telc.net<\/a>\n\t\t\t\t\t\t<\/div>\n\t\t\n\t<\/div>\n\n\t\t\n\t<div class=\"wpa9-card-l-panel wpa9-panel shadow rounded d-flex flex-column justify-content-between\">\n\n\t\t<div>\n\t\t\t\t\n\t\t\t\t\t\t\t\t<h2 class=\"wpa9-panel-title\">telc English B2- C1 Business<\/h2>\n\t\t\n\t\t\t\t\t\t\t<div class=\"wpa9-panel-content\"><div class=\"boards-section__box \">\n<div class=\"box-content\">\n<p>The European Language Certificates<\/p>\n<p>Zkou\u0161ka z\u00a0obchodn\u00ed angli\u010dtiny na \u00farovni B2-C1<\/p>\n<p>Zkou\u0161ka obsahuje:<\/p>\n<ul>\n<li>\u010dten\u00ed (50 minut)<\/li>\n<li>u\u017eit\u00ed jazyka (20 minut)<\/li>\n<li>poslech (40 minut)<\/li>\n<li>psan\u00ed (60 minut)<\/li>\n<li>\u00fastn\u00ed testov\u00e1n\u00ed (20 minut, obvykle vedeno ve dvojici kandid\u00e1t\u016f)<\/li>\n<\/ul>\n<\/div>\n<\/div>\n<\/div>\n\t\t\t\t<\/div>\n\n\t\t\t\t<div class=\"meta meta-buttons d-flex flex-column flex-sm-row justify-content-start\">\n\t\t\t\t\t<a class=\"btn \" href=\"https:\/\/www.telc.net\/en\/language-examinations\/certificate-exams\/english\/telc-english-b2c1-business\/\" title=\"V\u00edce na www.telc.net\">V\u00edce na www.telc.net<\/a>\n\t\t\t\t\t\t<\/div>\n\t\t\n\t<\/div>\n\n\t\t\n\t<div class=\"wpa9-card-l-panel wpa9-panel shadow rounded d-flex flex-column justify-content-between\">\n\n\t\t<div>\n\t\t\t\t\n\t\t\t\t\t\t\t\t<h2 class=\"wpa9-panel-title\">telc English B2- C1 University<\/h2>\n\t\t\n\t\t\t\t\t\t\t<div class=\"wpa9-panel-content\"><div class=\"boards-section__box \">\n<div class=\"box-content\">\n<p>The European Language Certificates<\/p>\n<p>Zkou\u0161ka z\u00a0obchodn\u00ed angli\u010dtiny na \u00farovni B2-C1 pro z\u00e1jemce o&nbsp;studium na anglicky mluv\u00edc\u00edch univerzit\u00e1ch, st\u00e1vaj\u00edc\u00ed studenty na anglicky mluv\u00edc\u00edch univerzit\u00e1ch nebo pro ty, kte\u0159\u00ed se pohybuj\u00ed v\u00a0akademick\u00e9m prost\u0159ed\u00ed<\/p>\n<p>Zkou\u0161ka obsahuje:<\/p>\n<ul>\n<li>\u010dten\u00ed (50 minut)<\/li>\n<li>u\u017eit\u00ed jazyka (20 minut)<\/li>\n<li>poslech (40 minut)<\/li>\n<li>psan\u00ed (60 minut)<\/li>\n<li>\u00fastn\u00ed testov\u00e1n\u00ed (20 minut)<\/li>\n<\/ul>\n<\/div>\n<\/div>\n<\/div>\n\t\t\t\t<\/div>\n\n\t\t\t\t<div class=\"meta meta-buttons d-flex flex-column flex-sm-row justify-content-start\">\n\t\t\t\t\t<a class=\"btn \" href=\"https:\/\/www.telc.net\/en\/language-examinations\/certificate-exams\/english\/telc-english-b2c1-university\/\" title=\"V\u00edce na www.telc.net\">V\u00edce na www.telc.net<\/a>\n\t\t\t\t\t\t<\/div>\n\t\t\n\t<\/div>\n\n\t\t\n\t<div class=\"wpa9-card-l-panel wpa9-panel shadow rounded d-flex flex-column justify-content-between\">\n\n\t\t<div>\n\t\t\t\t\n\t\t\t\t\t\t\t\t<h2 class=\"wpa9-panel-title\">Standardizovan\u00e1 zkou\u0161ka JASPEX \u2013 \u00farove\u0148 C1<\/h2>\n\t\t\n\t\t\t\t\t\t\t<div class=\"wpa9-panel-content\"><div class=\"boards-section__box \">\n<div class=\"box-content\">\n<p>Zkou\u0161ka testuje znalosti anglick\u00e9ho jazyka pro odborn\u00e9 pot\u0159eby na \u00farovni C1<\/p>\n<p>Zkou\u0161ka obsahuje:<\/p>\n<ul>\n<li>p\u00edsemnou \u010d\u00e1st \u2013 \u010dten\u00ed s&nbsp;porozum\u011bn\u00edm, poslech, u\u017eit\u00ed jazyka a&nbsp;psan\u00ed (240 minut)<\/li>\n<li>\u00fastn\u00ed \u010d\u00e1st (cca 15 minut)<\/li>\n<\/ul>\n<\/div>\n<\/div>\n<\/div>\n\t\t\t\t<\/div>\n\n\t\t\t\t<div class=\"meta meta-buttons d-flex flex-column flex-sm-row justify-content-start\">\n\t\t\t\t\t<a class=\"btn \" href=\"https:\/\/www.muvs.cvut.cz\/zajemci-o-studium\/jazykove-vzdelavani\/jazykove-zkousky\/\" title=\"V\u00edce na www.muvs.cvut.cz\">V\u00edce na www.muvs.cvut.cz<\/a>\n\t\t\t\t\t\t<\/div>\n\t\t\n\t<\/div>\n\n\t\t\n\t<div class=\"wpa9-card-l-panel wpa9-panel shadow rounded d-flex flex-column justify-content-between\">\n\n\t\t<div>\n\t\t\t\t\n\t\t\t\t\t\t\t\t<h2 class=\"wpa9-panel-title\">ECL C1<\/h2>\n\t\t\n\t\t\t\t\t\t\t<div class=\"wpa9-panel-content\"><div class=\"boards-section__box \">\n<div class=\"box-content\">\n<p>European Consortium for the Certificate of Attainment in Modern Languages C1<\/p>\n<p>Zkou\u0161ka z&nbsp;obecn\u00e9 angli\u010dtiny na \u00farovni C1 pro kandid\u00e1ty od 14 let<\/p>\n<p>Zkou\u0161ka obsahuje:<\/p>\n<ul>\n<li>poslech (cca 30-35 minut)<\/li>\n<li>\u010dten\u00ed (45 minut)<\/li>\n<li>psan\u00ed (75 minut)<\/li>\n<li>\u00fastn\u00ed testov\u00e1n\u00ed (13-15 minut u&nbsp;jednoho kandid\u00e1ta, 18-20 minut u&nbsp;dvou kandid\u00e1t\u016f a&nbsp;28-30 minut u&nbsp;t\u0159\u00ed kandid\u00e1t\u016f)<\/li>\n<\/ul>\n<\/div>\n<\/div>\n<\/div>\n\t\t\t\t<\/div>\n\n\t\t\t\t<div class=\"meta meta-buttons d-flex flex-column flex-sm-row justify-content-start\">\n\t\t\t\t\t<a class=\"btn \" href=\"https:\/\/eclexam.eu\/\" title=\"V\u00edce na www.eclexam.eu\">V\u00edce na www.eclexam.eu<\/a>\n\t\t\t\t\t\t<\/div>\n\t\t\n\t<\/div>\n\n\t\t\n\t<div class=\"wpa9-card-l-panel wpa9-panel shadow rounded d-flex flex-column justify-content-between\">\n\n\t\t<div>\n\t\t\t\t\n\t\t\t\t\t\t\t\t<h2 class=\"wpa9-panel-title\">St\u00e1tn\u00ed jazykov\u00e1 zkou\u0161ka v\u0161eobecn\u00e1<\/h2>\n\t\t\n\t\t\t\t\t\t\t<div class=\"wpa9-panel-content\"><div class=\"boards-section\">\n<div class=\"section-wrapper\">\n<div class=\"boards-section__box-wrapper\">\n<div class=\"boards-section__box \">\n<div class=\"box-content\">\n<p>Zkou\u0161ka z&nbsp;obecn\u00e9 angli\u010dtiny na \u00farovni C1<\/p>\n<ul>\n<li style=\"list-style-type: none\">\n<ul>\n<li>minimum absolvovan\u00fdch lekc\u00ed: cca 4000 lexika\u0301lni\u0301ch jednotek<\/li>\n<li>zkou\u0161ku organizuj\u00ed jazykov\u00e9 \u0161koly s&nbsp;pr\u00e1vem st\u00e1tn\u00ed jazykov\u00e9 zkou\u0161ky po&nbsp;cel\u00e9 \u010cR<\/li>\n<li>zkou\u0161ka obsahuje:<\/li>\n<li>p\u00edsemnou \u010d\u00e1st:\n<ul>\n<li>\u010dten\u00ed (55-60 minut),<\/li>\n<li>psan\u00ed (85 minut),<\/li>\n<li>poslech (40-45 minut),<\/li>\n<li>u\u017eit\u00ed jazyka (55-60 minut)<\/li>\n<\/ul>\n<\/li>\n<li>\u00fastn\u00ed \u010d\u00e1st (25-30 minut)<\/li>\n<\/ul>\n<\/li>\n<\/ul>\n<\/div>\n<\/div>\n<\/div>\n<\/div>\n<\/div>\n<\/div>\n\t\t\t\t<\/div>\n\n\t\t\t\t<div class=\"meta meta-buttons d-flex flex-column flex-sm-row justify-content-start\">\n\t\t\t\t\t<a class=\"btn \" href=\"https:\/\/www.msmt.cz\/vzdelavani\/stredni-vzdelavani\/jazykove-skoly-s-pravem-statni-jazykove-zkousky\" title=\"V\u00edce na www.msmt.cz\">V\u00edce na www.msmt.cz<\/a>\n\t\t\t\t\t\t<\/div>\n\t\t\n\t<\/div>\n\n\t\t\n\t\n<\/div>\n<\/div><\/div><\/div><\/div><\/div><div id=\"pg-8795-2\"  class=\"panel-grid panel-has-style\" ><div class=\"siteorigin-panels-stretch panel-row-padding-none panel-row-style panel-row-style-for-8795-2\" data-stretch-type=\"full\" ><div id=\"pgc-8795-2-0\"  class=\"panel-grid-cell\" ><div id=\"panel-8795-2-0-0\" class=\"so-panel widget widget_skrv-incl-widget panel-first-child panel-last-child\" data-index=\"2\" ><div\n\t\t\t\n\t\t\tclass=\"so-widget-skrv-incl-widget so-widget-skrv-incl-widget-default-c93e1481a745-8795\"\n\t\t\t\n\t\t><div id=\"pl-8541\"  class=\"panel-layout\" ><div id=\"pg-8541-0\"  class=\"panel-grid panel-no-style\" ><div id=\"pgc-8541-0-0\"  class=\"panel-grid-cell\" ><div id=\"panel-8541-0-0-0\" class=\"so-panel widget widget_wpa9-card-s panel-first-child panel-last-child\" data-index=\"0\" ><div\n\t\t\t\n\t\t\tclass=\"so-widget-wpa9-card-s so-widget-wpa9-card-s-default-c93e1481a745-8795\"\n\t\t\t\n\t\t><div class=\"wpa9-card wpa9-card-s wide negative\">\n\n\t<div class=\"wpa9-card-wrapper container\">\n\n\t\t<div class=\"wpa9-card-text\">\n\t\t\t<h2 class=\"wpa9-card-title\">P\u0159\u00edpravn\u00e9 kurzy<\/h2>\n\t\t\t<div class=\"wpa9-card-content\"><p style=\"text-align: center\">Vybrali jste si zkou\u0161ku a&nbsp;chcete se na ni p\u0159ipravit? Anebo st\u00e1le v\u00e1h\u00e1te, kter\u00e1 je pro v\u00e1s vhodn\u00e1? Za\u0161lete nez\u00e1vaznou popt\u00e1vku, r\u00e1di v\u00e1m porad\u00edme.<\/p>\n<\/div>\t\t<\/div>\n\n\t\t\t\t<div class=\"meta meta-buttons d-flex flex-row justify-content-center\">\n\t\t\t\t\t\t\t<a class=\"btn btn-negative \" href=\"https:\/\/skrivanek.cz\/cz\/poptavka\/\" title=\"M\u00e1m z\u00e1jem \">M\u00e1m z\u00e1jem <\/a>\n\t\t\t\t<\/div>\n\t\t\n\t<\/div>\n\n<\/div>\n<\/div><\/div><\/div><\/div><\/div><\/div><\/div><\/div><\/div><\/div><\/div>","protected":false},"excerpt":{"rendered":"<p>\u00darove\u0148 angli\u010dtiny C1 Rozum\u00ed \u0161irok\u00e9mu okruhu n\u00e1ro\u010dn\u00fdch del\u0161\u00edch text\u016f a\u00a0dok\u00e1\u017ee rozpoznat skryt\u00fd\u00a0v\u00fdznam. Um\u00ed se vyjad\u0159ovat plynule a\u00a0spont\u00e1nn\u011b, bez p\u0159\u00edli\u0161 zjevn\u00e9ho hled\u00e1n\u00ed\u00a0v\u00fdraz\u016f. Dok\u00e1\u017ee pou\u017e\u00edvat jazyk pru\u017en\u011b a\u00a0\u00fa\u010dinn\u011b pro spole\u010densk\u00e9, studijn\u00ed a\u00a0pracovn\u00ed\u00a0\u00fa\u010dely. Um\u00ed vytvo\u0159it jasn\u00fd, dob\u0159e \u010dlen\u011bn\u00fd podrobn\u00fd text o\u00a0slo\u017eit\u00fdch t\u00e9matech, prok\u00e1zat uv\u011bdom\u011bl\u00e9 u\u017eit\u00ed z\u00e1sad stavby textu, spojovac\u00edch v\u00fdraz\u016f a\u00a0prost\u0159edk\u016f vyjad\u0159uj\u00edc\u00edch vazby\u00a0v\u00a0textu. Jazykov\u00e1 \u00farove\u0148 Sk\u0159iv\u00e1nek:\u00a0velmi\u00a0pokro\u010dil\u00fd. Pot\u0159ebujete pomoc [&hellip;]<\/p>\n","protected":false},"author":9,"featured_media":0,"parent":305,"menu_order":0,"comment_status":"closed","ping_status":"closed","template":"","meta":{"_acf_changed":false,"footnotes":""},"class_list":["post-8795","page","type-page","status-publish","hentry"],"acf":[],"aioseo_notices":[],"_links":{"self":[{"href":"https:\/\/skrivanek.cz\/cz\/wp-json\/wp\/v2\/pages\/8795","targetHints":{"allow":["GET"]}}],"collection":[{"href":"https:\/\/skrivanek.cz\/cz\/wp-json\/wp\/v2\/pages"}],"about":[{"href":"https:\/\/skrivanek.cz\/cz\/wp-json\/wp\/v2\/types\/page"}],"author":[{"embeddable":true,"href":"https:\/\/skrivanek.cz\/cz\/wp-json\/wp\/v2\/users\/9"}],"replies":[{"embeddable":true,"href":"https:\/\/skrivanek.cz\/cz\/wp-json\/wp\/v2\/comments?post=8795"}],"version-history":[{"count":3,"href":"https:\/\/skrivanek.cz\/cz\/wp-json\/wp\/v2\/pages\/8795\/revisions"}],"predecessor-version":[{"id":80198,"href":"https:\/\/skrivanek.cz\/cz\/wp-json\/wp\/v2\/pages\/8795\/revisions\/80198"}],"up":[{"embeddable":true,"href":"https:\/\/skrivanek.cz\/cz\/wp-json\/wp\/v2\/pages\/305"}],"wp:attachment":[{"href":"https:\/\/skrivanek.cz\/cz\/wp-json\/wp\/v2\/media?parent=8795"}],"curies":[{"name":"wp","href":"https:\/\/api.w.org\/{rel}","templated":true}]}}