{"id":9367,"date":"2021-04-16T09:35:46","date_gmt":"2021-04-16T07:35:46","guid":{"rendered":"https:\/\/skrivanek.cz\/?page_id=9367"},"modified":"2026-03-24T12:31:35","modified_gmt":"2026-03-24T11:31:35","slug":"nj-zacatecnik","status":"publish","type":"page","link":"https:\/\/skrivanek.cz\/cz\/jazykova-skola\/nj-zacatecnik\/","title":{"rendered":"N\u011bm\u010dina A1"},"content":{"rendered":"<div id=\"pl-9367\"  class=\"panel-layout\" ><div id=\"pg-9367-0\"  class=\"panel-grid panel-has-style\"  style=\"margin-bottom: 0px\" ><div class=\"panel-row-padding-none panel-row-style panel-row-style-for-9367-0\" ><div id=\"pgc-9367-0-0\"  class=\"panel-grid-cell\" ><div id=\"panel-9367-0-0-0\" class=\"so-panel widget widget_wpa9-editor-ext panel-first-child panel-last-child\" data-index=\"0\" ><div\n\t\t\t\n\t\t\tclass=\"so-widget-wpa9-editor-ext so-widget-wpa9-editor-ext-default-c93e1481a745-9367\"\n\t\t\t\n\t\t>\n<div class=\"siteorigin-widget-tinymce textwidget\">\n\t<h2 class=\"wpa9-panel-title\">\u00darove\u0148 n\u011bm\u010diny A1<\/h2>\n<div class=\"wpa9-panel-content\">\n<ul>\n<li>Rozum\u00ed \u010dasto u\u017e\u00edvan\u00fdm ka\u017edodenn\u00edm v\u00fdraz\u016fm a\u00a0z\u00e1kladn\u00edm fr\u00e1z\u00edm umo\u017e\u0148uj\u00edc\u00ed uspokojovat z\u00e1kladn\u00ed \u017eivotn\u00ed pot\u0159eby a\u00a0um\u00ed takov\u00e9 v\u00fdrazy a\u00a0fr\u00e1ze\u00a0pou\u017e\u00edvat.<\/li>\n<li>Um\u00ed p\u0159edstavit sebe a\u00a0jin\u00e9, um\u00ed se pt\u00e1t na osobn\u00ed \u00fadaje, jako nap\u0159\u00edklad kde n\u011bkdo \u017eije, koho zn\u00e1 a\u00a0co vlastn\u00ed, a\u00a0um\u00ed na podobn\u00e9 ot\u00e1zky\u00a0odpov\u00eddat.<\/li>\n<li>Dok\u00e1\u017ee se jednodu\u0161e domluvit, pokud \u010dlov\u011bk, se kter\u00fdm mluv\u00ed, hovo\u0159\u00ed pomalu a\u00a0z\u0159eteln\u011b a\u00a0je ochoten\u00a0pomoci.<\/li>\n<li>Jazykov\u00e1 \u00farove\u0148 Sk\u0159iv\u00e1nek: <strong>za\u010d\u00e1te\u010dn\u00edk<\/strong>.<\/li>\n<\/ul>\n<p><strong>Pot\u0159ebujete pomoc s\u00a0p\u0159\u00edpravou na zkou\u0161ky? Chcete se procvi\u010dit v\u00a0oblasti, ve kter\u00e9 si nejste \u00fapln\u011b jist\u00ed? R\u00e1di v\u00e1m s\u00a0t\u00edm pom\u016f\u017eeme! Sta\u010d\u00ed si objednat u\u00a0n\u00e1s kurz.<\/strong><\/p>\n<div class=\"columns columns-2\" data-columns=\"2\">\n<div class=\"column column-1\">\n<p style=\"text-align: center;\"><a class=\"btn btn-negative\" href=\"https:\/\/skrivanek.cz\/cz\/produkt\/nemcina-obecny-kurz-a1-zacatecnik\/\">Chci skupinov\u00fd kurz n\u011bm\u010diny na \u00farovni A1<\/a><\/p>\n<\/div>\n<div class=\"column column-2\">\n<p style=\"text-align: center;\"><a class=\"btn btn-negative\" href=\"https:\/\/skrivanek.cz\/cz\/jazykova-skola\/individualni-vyuka-jazyku\/nemcina\/\">Chci individu\u00e1ln\u00ed kurz n\u011bm\u010diny na \u00farovni A1<\/a><\/p>\n<\/div>\n<\/div>\n<\/div>\n<\/div>\n<\/div><\/div><\/div><\/div><\/div><div id=\"pg-9367-1\"  class=\"panel-grid panel-has-style\"  style=\"margin-bottom: 0px\" ><div class=\"siteorigin-panels-stretch panel-row-padding-none panel-row-style panel-row-style-for-9367-1\" data-stretch-type=\"full\" ><div id=\"pgc-9367-1-0\"  class=\"panel-grid-cell\" ><div id=\"panel-9367-1-0-0\" class=\"so-panel widget widget_wpa9-card-l panel-first-child panel-last-child\" data-index=\"1\" ><div\n\t\t\t\n\t\t\tclass=\"so-widget-wpa9-card-l so-widget-wpa9-card-l-default-c93e1481a745-9367\"\n\t\t\t\n\t\t>\n<h3 class=\"widget-title\">Jazykov\u00e9 zkou\u0161ky n\u011bm\u010diny pro \u00farove\u0148 A1<\/h3>\n<div class=\"wpa9-card wpa9-card-l-container d-flex flex-wrap wpa9-columns-2\">\n\n\t\n\t\t\n\t<div class=\"wpa9-card-l-panel wpa9-panel shadow rounded d-flex flex-column justify-content-between\">\n\n\t\t<div>\n\t\t\t\t\n\t\t\t\t\t\t\t\t<h2 class=\"wpa9-panel-title\">Goethe-Zertifikat A1: Start Deutsch 1<\/h2>\n\t\t\n\t\t\t\t\t\t\t<div class=\"wpa9-panel-content\"><p>Zkou\u0161ka z&nbsp;obecn\u00e9 n\u011bm\u010diny pro dosp\u011bl\u00e9 na \u00farovni A1<\/p>\n<ul>\n<li>minimum absolvovan\u00fdch lekc\u00ed: 80 a\u017e 200 v\u00fdukov\u00fdch jednotek po&nbsp;45 minut\u00e1ch<\/li>\n<li>zkou\u0161ka obsahuje:\n<ul>\n<li>poslech (20 minut)<\/li>\n<li>\u010dten\u00ed (25 minut)<\/li>\n<li>psan\u00ed (20 minut)<\/li>\n<li>\u00fastn\u00ed testov\u00e1n\u00ed (15 minut, vedeno se skupinou kandid\u00e1t\u016f)<\/li>\n<\/ul>\n<\/li>\n<\/ul>\n<div class=\"box-proscons__item\"><\/div>\n<\/div>\n\t\t\t\t<\/div>\n\n\t\t\t\t<div class=\"meta meta-buttons d-flex flex-column flex-sm-row justify-content-start\">\n\t\t\t\t\t<a class=\"btn \" href=\"https:\/\/www.goethe.de\/ins\/cz\/cs\/spr\/prf\/gzsd1.cfm\" title=\"V\u00edce na www.goethe.de\" target=\"_blank\">V\u00edce na www.goethe.de<\/a>\n\t\t\t\t\t\t<\/div>\n\t\t\n\t<\/div>\n\n\t\t\n\t<div class=\"wpa9-card-l-panel wpa9-panel shadow rounded d-flex flex-column justify-content-between\">\n\n\t\t<div>\n\t\t\t\t\n\t\t\t\t\t\t\t\t<h2 class=\"wpa9-panel-title\">Goethe-Zertifikat A1: Fit in Deutsch 1<\/h2>\n\t\t\n\t\t\t\t\t\t\t<div class=\"wpa9-panel-content\"><div class=\"boards-section__box \">\n<div class=\"box-content\">\n<div class=\"box-content\">\n<p>Zkou\u0161ka z&nbsp;obecn\u00e9 n\u011bm\u010diny pro d\u011bti od 10 do 16 let na \u00farovni A1<\/p>\n<ul>\n<li>minimum absolvovan\u00fdch lekc\u00ed: 80 a\u017e 200 v\u00fdukov\u00fdch jednotek po&nbsp;45 minut\u00e1ch<\/li>\n<li>zkou\u0161ka obsahuje:\n<ul>\n<li>\u010dten\u00ed (20 minut)<\/li>\n<li>psan\u00ed (20 minut)<\/li>\n<li>poslech (20 minut)<\/li>\n<li>\u00fastn\u00ed testov\u00e1n\u00ed (15 minut, prob\u00edh\u00e1 ve dvojici)<\/li>\n<\/ul>\n<\/li>\n<\/ul>\n<\/div>\n<div class=\"box-proscons\">\n<div class=\"box-proscons__item\"><\/div>\n<\/div>\n<\/div>\n<\/div>\n<div class=\"boards-section__box\"><\/div>\n<\/div>\n\t\t\t\t<\/div>\n\n\t\t\t\t<div class=\"meta meta-buttons d-flex flex-column flex-sm-row justify-content-start\">\n\t\t\t\t\t<a class=\"btn \" href=\"https:\/\/www.goethe.de\/ins\/cz\/cs\/spr\/prf\/gzfit1.cfm\" title=\"V\u00edce na www.goethe.de\ufeff\" target=\"_blank\">V\u00edce na www.goethe.de\ufeff<\/a>\n\t\t\t\t\t\t<\/div>\n\t\t\n\t<\/div>\n\n\t\t\n\t<div class=\"wpa9-card-l-panel wpa9-panel shadow rounded d-flex flex-column justify-content-between\">\n\n\t\t<div>\n\t\t\t\t\n\t\t\t\t\t\t\t\t<h2 class=\"wpa9-panel-title\">\u00d6SD Zertifikat A1 (\u00d6SD ZA1)<\/h2>\n\t\t\n\t\t\t\t\t\t\t<div class=\"wpa9-panel-content\"><div class=\"boards-section__box\">\n<div class=\"box-content\">\n<div class=\"box-content\">\n<p>Zkou\u0161ka z&nbsp;obecn\u00e9 n\u011bm\u010diny na \u00farovni A1 pro kandid\u00e1ty od 14 let<\/p>\n<p>Zkou\u0161ka obsahuje:<\/p>\n<ul>\n<li style=\"list-style-type: none\">\n<ul>\n<li>\u010dten\u00ed (25 minut)<\/li>\n<li>poslech (cca 10 minut)<\/li>\n<li>psan\u00ed (20 minut)<\/li>\n<li>\u00fastn\u00ed testov\u00e1n\u00ed (cca 10 minut)<\/li>\n<\/ul>\n<\/li>\n<\/ul>\n<\/div>\n<\/div>\n<\/div>\n<\/div>\n\t\t\t\t<\/div>\n\n\t\t\t\t<div class=\"meta meta-buttons d-flex flex-column flex-sm-row justify-content-start\">\n\t\t\t\t\t<a class=\"btn \" href=\"https:\/\/www.osd.at\/en\/exams\/oesd-exams\/oesd-zertifikat-a1\/\" title=\"V\u00edce na www.osd.at\" target=\"_blank\">V\u00edce na www.osd.at<\/a>\n\t\t\t\t\t\t<\/div>\n\t\t\n\t<\/div>\n\n\t\t\n\t<div class=\"wpa9-card-l-panel wpa9-panel shadow rounded d-flex flex-column justify-content-between\">\n\n\t\t<div>\n\t\t\t\t\n\t\t\t\t\t\t\t\t<h2 class=\"wpa9-panel-title\">\u00d6SD Zertifikat A1 \/ \u00d6sterreich <\/h2>\n\t\t\n\t\t\t\t\t\t\t<div class=\"wpa9-panel-content\"><div class=\"boards-section__box\">\n<div class=\"box-content\">\n<div class=\"box-content\">\n<p>Zkou\u0161ka z&nbsp;obecn\u00e9 n\u011bm\u010diny na \u00farovni A1 pro kandid\u00e1ty od 14 let. Tato zkou\u0161ka je u\u010dena pro imigranty v\u00a0Rakousku<\/p>\n<p>Zkou\u0161ka obsahuje:<\/p>\n<ul>\n<li>\u010dten\u00ed (25 minut)<\/li>\n<li>poslech (cca 10 minut)<\/li>\n<li>psan\u00ed (20 minut)<\/li>\n<li>\u00fastn\u00ed testov\u00e1n\u00ed (cca 10 minut)<\/li>\n<\/ul>\n<\/div>\n<\/div>\n<\/div>\n<\/div>\n\t\t\t\t<\/div>\n\n\t\t\t\t<div class=\"meta meta-buttons d-flex flex-column flex-sm-row justify-content-start\">\n\t\t\t\t\t<a class=\"btn \" href=\"https:\/\/www.osd.at\/en\/exams\/oesd-exams\/oesd-zertifikat-a1-oesterreich-za1-oe\/\" title=\"V\u00edce na www.osd.at\" target=\"_blank\">V\u00edce na www.osd.at<\/a>\n\t\t\t\t\t\t<\/div>\n\t\t\n\t<\/div>\n\n\t\t\n\t<div class=\"wpa9-card-l-panel wpa9-panel shadow rounded d-flex flex-column justify-content-between\">\n\n\t\t<div>\n\t\t\t\t\n\t\t\t\t\t\t\t\t<h2 class=\"wpa9-panel-title\">\u00d6SD KID A1 (Kompetenz in Deutsch A1)<\/h2>\n\t\t\n\t\t\t\t\t\t\t<div class=\"wpa9-panel-content\"><div class=\"box-content\">\n<p>Zkou\u0161ka z&nbsp;obecn\u00e9 n\u011bm\u010diny pro d\u011bti od 10 do 14 let na \u00farovni A1<\/p>\n<p>Zkou\u0161ka obsahuje:<\/p>\n<ul>\n<li>\u010dten\u00ed (30 min)<\/li>\n<li>psan\u00ed (20 min)<\/li>\n<li>poslech (cca 15 minut)<\/li>\n<li>\u00fastn\u00ed testov\u00e1n\u00ed (cca 10 minut)<\/li>\n<\/ul>\n<\/div>\n<\/div>\n\t\t\t\t<\/div>\n\n\t\t\t\t<div class=\"meta meta-buttons d-flex flex-column flex-sm-row justify-content-start\">\n\t\t\t\t\t<a class=\"btn \" href=\"https:\/\/www.osd.at\/en\/exams\/oesd-exams\/oesd-kid-a1\/\" title=\"V\u00edce na www.osd.at\" target=\"_blank\">V\u00edce na www.osd.at<\/a>\n\t\t\t\t\t\t<\/div>\n\t\t\n\t<\/div>\n\n\t\t\n\t<div class=\"wpa9-card-l-panel wpa9-panel shadow rounded d-flex flex-column justify-content-between\">\n\n\t\t<div>\n\t\t\t\t\n\t\t\t\t\t\t\t\t<h2 class=\"wpa9-panel-title\">telc Deutsch A1 \/ Start Deutsch 1<\/h2>\n\t\t\n\t\t\t\t\t\t\t<div class=\"wpa9-panel-content\"><div class=\"box-content\">\n<div class=\"box-content\">\n<p>The European Language Certificates<\/p>\n<p>Zkou\u0161ka z&nbsp;obecn\u00e9 n\u011bm\u010diny na \u00farovni A1<\/p>\n<ul>\n<li>minimum absolvovan\u00fdch lekc\u00ed: cca 100\u2013150 v\u00fdukov\u00fdch jednotek po&nbsp;45 minut\u00e1ch<\/li>\n<li>zkou\u0161ka obsahuje:\n<ul>\n<li>poslech (20 minut)<\/li>\n<li>\u010dten\u00ed a&nbsp;psan\u00ed (45 minut)<\/li>\n<li>\u00fastn\u00ed testov\u00e1n\u00ed (11 minut, zpravidla vedeno ve skupin\u011b max. 3 kandid\u00e1t\u016f)<\/li>\n<\/ul>\n<\/li>\n<\/ul>\n<\/div>\n<\/div>\n<\/div>\n\t\t\t\t<\/div>\n\n\t\t\t\t<div class=\"meta meta-buttons d-flex flex-column flex-sm-row justify-content-start\">\n\t\t\t\t\t<a class=\"btn \" href=\"https:\/\/www.telc.net\/en\/candidates\/language-examinations\/tests\/detail\/telc-deutsch-a1.html\" title=\"V\u00edce na www.telc.net\" target=\"_blank\">V\u00edce na www.telc.net<\/a>\n\t\t\t\t\t\t<\/div>\n\t\t\n\t<\/div>\n\n\t\t\n\t<div class=\"wpa9-card-l-panel wpa9-panel shadow rounded d-flex flex-column justify-content-between\">\n\n\t\t<div>\n\t\t\t\t\n\t\t\t\t\t\t\t\t<h2 class=\"wpa9-panel-title\">telc Deutsch A1 f\u00fcr Zuwanderer<\/h2>\n\t\t\n\t\t\t\t\t\t\t<div class=\"wpa9-panel-content\"><div class=\"box-content\">\n<div class=\"box-content\">\n<p>The European Language Certificates<\/p>\n<p>Zkou\u0161ka z&nbsp;obecn\u00e9 n\u011bm\u010diny na \u00farovni A1 ur\u010den\u00e1 pro imigranty<\/p>\n<ul>\n<li>minimum absolvovan\u00fdch lekc\u00ed: cca 100\u2013150 v\u00fdukov\u00fdch jednotek po&nbsp;45 minut\u00e1ch<\/li>\n<li>zkou\u0161ka obsahuje:\n<ul>\n<li>psan\u00ed (15 minut)<\/li>\n<li>\u010dten\u00ed, poslech a&nbsp;u\u017eit\u00ed jazyka (55 minut)<\/li>\n<li>\u00fastn\u00ed testov\u00e1n\u00ed (15 minut, zpravidla vedeno ve skupin\u011b max. 3 kandid\u00e1t\u016f)<\/li>\n<\/ul>\n<\/li>\n<\/ul>\n<\/div>\n<\/div>\n<\/div>\n\t\t\t\t<\/div>\n\n\t\t\t\t<div class=\"meta meta-buttons d-flex flex-column flex-sm-row justify-content-start\">\n\t\t\t\t\t<a class=\"btn \" href=\"https:\/\/www.telc.net\/en\/candidates\/language-examinations\/tests\/detail\/telc-deutsch-a1-fuer-zuwanderer.html\" title=\"V\u00edce na www.telc.net\" target=\"_blank\">V\u00edce na www.telc.net<\/a>\n\t\t\t\t\t\t<\/div>\n\t\t\n\t<\/div>\n\n\t\t\n\t<div class=\"wpa9-card-l-panel wpa9-panel shadow rounded d-flex flex-column justify-content-between\">\n\n\t\t<div>\n\t\t\t\t\n\t\t\t\t\t\t\t\t<h2 class=\"wpa9-panel-title\">telc Deutsch A1 Junior<\/h2>\n\t\t\n\t\t\t\t\t\t\t<div class=\"wpa9-panel-content\"><p>The European Language Certificates<\/p>\n<p>Zkou\u0161ka z&nbsp;obecn\u00e9 n\u011bm\u010diny na \u00farovni A1 pro d\u011bti ve v\u011bku cca 12 let<\/p>\n<ul>\n<li>minimum absolvovan\u00fdch lekc\u00ed: aspo\u0148 2 lekce t\u00fddn\u011b po&nbsp;dobu dvou let<\/li>\n<li>zkou\u0161ka obsahuje:\n<ul>\n<li>poslech (10 minut)<\/li>\n<li>\u010dten\u00ed a&nbsp;psan\u00ed (30 minut)<\/li>\n<li>\u00fastn\u00ed testov\u00e1n\u00ed (15-20 minut, vedeno ve dvojici kandid\u00e1t\u016f)<\/li>\n<\/ul>\n<\/li>\n<\/ul>\n<\/div>\n\t\t\t\t<\/div>\n\n\t\t\t\t<div class=\"meta meta-buttons d-flex flex-column flex-sm-row justify-content-start\">\n\t\t\t\t\t<a class=\"btn \" href=\"https:\/\/www.telc.net\/en\/candidates\/language-examinations\/tests\/detail\/telc-deutsch-a1-junior.html\" title=\"V\u00edce na www.telc.net\" target=\"_blank\">V\u00edce na www.telc.net<\/a>\n\t\t\t\t\t\t<\/div>\n\t\t\n\t<\/div>\n\n\t\t\n\t<div class=\"wpa9-card-l-panel wpa9-panel shadow rounded d-flex flex-column justify-content-between\">\n\n\t\t<div>\n\t\t\t\t\n\t\t\t\t\t\t\t\t<h2 class=\"wpa9-panel-title\">Standardizovan\u00e1 zkou\u0161ka JASPEX \u2013 \u00farove\u0148 A1<\/h2>\n\t\t\n\t\t\t\t\t\t\t<div class=\"wpa9-panel-content\"><p>Standardizovan\u00e1 zkou\u0161ka testuje znalosti n\u011bmeck\u00e9ho jazyka na \u00farovni A1<\/p>\n<p>Zkou\u0161ka obsahuje:<\/p>\n<ul>\n<li style=\"list-style-type: none\">\n<ul>\n<li>p\u00edsemnou \u010d\u00e1st \u2013 \u010dten\u00ed s&nbsp;porozum\u011bn\u00edm, poslech, u\u017eit\u00ed jazyka a&nbsp;psan\u00ed (65 minut)<\/li>\n<li>\u00fastn\u00ed \u010d\u00e1st (cca 10-15 minut)<\/li>\n<\/ul>\n<\/li>\n<\/ul>\n<\/div>\n\t\t\t\t<\/div>\n\n\t\t\t\t<div class=\"meta meta-buttons d-flex flex-column flex-sm-row justify-content-start\">\n\t\t\t\t\t<a class=\"btn \" href=\"https:\/\/www.muvs.cvut.cz\/zajemci-o-studium\/jazykove-vzdelavani\/jazykove-zkousky\/\" title=\"V\u00edce na www.muvs.cvut.cz\" target=\"_blank\">V\u00edce na www.muvs.cvut.cz<\/a>\n\t\t\t\t\t\t<\/div>\n\t\t\n\t<\/div>\n\n\t\t\n\t\n<\/div>\n<\/div><\/div><\/div><\/div><\/div><div id=\"pg-9367-2\"  class=\"panel-grid panel-has-style\" ><div class=\"siteorigin-panels-stretch panel-row-padding-none panel-row-style panel-row-style-for-9367-2\" data-stretch-type=\"full\" ><div id=\"pgc-9367-2-0\"  class=\"panel-grid-cell\" ><div id=\"panel-9367-2-0-0\" class=\"so-panel widget widget_skrv-incl-widget panel-first-child panel-last-child\" data-index=\"2\" ><div\n\t\t\t\n\t\t\tclass=\"so-widget-skrv-incl-widget so-widget-skrv-incl-widget-default-c93e1481a745-9367\"\n\t\t\t\n\t\t><div id=\"pl-8541\"  class=\"panel-layout\" ><div id=\"pg-8541-0\"  class=\"panel-grid panel-no-style\" ><div id=\"pgc-8541-0-0\"  class=\"panel-grid-cell\" ><div id=\"panel-8541-0-0-0\" class=\"so-panel widget widget_wpa9-card-s panel-first-child panel-last-child\" data-index=\"0\" ><div\n\t\t\t\n\t\t\tclass=\"so-widget-wpa9-card-s so-widget-wpa9-card-s-default-c93e1481a745-9367\"\n\t\t\t\n\t\t><div class=\"wpa9-card wpa9-card-s wide negative\">\n\n\t<div class=\"wpa9-card-wrapper container\">\n\n\t\t<div class=\"wpa9-card-text\">\n\t\t\t<h2 class=\"wpa9-card-title\">P\u0159\u00edpravn\u00e9 kurzy<\/h2>\n\t\t\t<div class=\"wpa9-card-content\"><p style=\"text-align: center\">Vybrali jste si zkou\u0161ku a&nbsp;chcete se na ni p\u0159ipravit? Anebo st\u00e1le v\u00e1h\u00e1te, kter\u00e1 je pro v\u00e1s vhodn\u00e1? Za\u0161lete nez\u00e1vaznou popt\u00e1vku, r\u00e1di v\u00e1m porad\u00edme.<\/p>\n<\/div>\t\t<\/div>\n\n\t\t\t\t<div class=\"meta meta-buttons d-flex flex-row justify-content-center\">\n\t\t\t\t\t\t\t<a class=\"btn btn-negative \" href=\"https:\/\/skrivanek.cz\/cz\/poptavka\/\" title=\"M\u00e1m z\u00e1jem \">M\u00e1m z\u00e1jem <\/a>\n\t\t\t\t<\/div>\n\t\t\n\t<\/div>\n\n<\/div>\n<\/div><\/div><\/div><\/div><\/div><\/div><\/div><\/div><\/div><\/div><\/div>","protected":false},"excerpt":{"rendered":"<p>\u00darove\u0148 n\u011bm\u010diny A1 Rozum\u00ed \u010dasto u\u017e\u00edvan\u00fdm ka\u017edodenn\u00edm v\u00fdraz\u016fm a\u00a0z\u00e1kladn\u00edm fr\u00e1z\u00edm umo\u017e\u0148uj\u00edc\u00ed uspokojovat z\u00e1kladn\u00ed \u017eivotn\u00ed pot\u0159eby a\u00a0um\u00ed takov\u00e9 v\u00fdrazy a\u00a0fr\u00e1ze\u00a0pou\u017e\u00edvat. Um\u00ed p\u0159edstavit sebe a\u00a0jin\u00e9, um\u00ed se pt\u00e1t na osobn\u00ed \u00fadaje, jako nap\u0159\u00edklad kde n\u011bkdo \u017eije, koho zn\u00e1 a\u00a0co vlastn\u00ed, a\u00a0um\u00ed na podobn\u00e9 ot\u00e1zky\u00a0odpov\u00eddat. Dok\u00e1\u017ee se jednodu\u0161e domluvit, pokud \u010dlov\u011bk, se kter\u00fdm mluv\u00ed, hovo\u0159\u00ed pomalu a\u00a0z\u0159eteln\u011b a\u00a0je [&hellip;]<\/p>\n","protected":false},"author":7,"featured_media":0,"parent":305,"menu_order":0,"comment_status":"closed","ping_status":"closed","template":"","meta":{"_acf_changed":false,"footnotes":""},"class_list":["post-9367","page","type-page","status-publish","hentry"],"acf":[],"aioseo_notices":[],"_links":{"self":[{"href":"https:\/\/skrivanek.cz\/cz\/wp-json\/wp\/v2\/pages\/9367","targetHints":{"allow":["GET"]}}],"collection":[{"href":"https:\/\/skrivanek.cz\/cz\/wp-json\/wp\/v2\/pages"}],"about":[{"href":"https:\/\/skrivanek.cz\/cz\/wp-json\/wp\/v2\/types\/page"}],"author":[{"embeddable":true,"href":"https:\/\/skrivanek.cz\/cz\/wp-json\/wp\/v2\/users\/7"}],"replies":[{"embeddable":true,"href":"https:\/\/skrivanek.cz\/cz\/wp-json\/wp\/v2\/comments?post=9367"}],"version-history":[{"count":3,"href":"https:\/\/skrivanek.cz\/cz\/wp-json\/wp\/v2\/pages\/9367\/revisions"}],"predecessor-version":[{"id":80229,"href":"https:\/\/skrivanek.cz\/cz\/wp-json\/wp\/v2\/pages\/9367\/revisions\/80229"}],"up":[{"embeddable":true,"href":"https:\/\/skrivanek.cz\/cz\/wp-json\/wp\/v2\/pages\/305"}],"wp:attachment":[{"href":"https:\/\/skrivanek.cz\/cz\/wp-json\/wp\/v2\/media?parent=9367"}],"curies":[{"name":"wp","href":"https:\/\/api.w.org\/{rel}","templated":true}]}}