{"id":9705,"date":"2021-04-17T09:57:30","date_gmt":"2021-04-17T07:57:30","guid":{"rendered":"https:\/\/skrivanek.cz\/?page_id=9705"},"modified":"2026-03-24T12:33:06","modified_gmt":"2026-03-24T11:33:06","slug":"nj-pokrocily","status":"publish","type":"page","link":"https:\/\/skrivanek.cz\/cz\/jazykova-skola\/nj-pokrocily\/","title":{"rendered":"N\u011bm\u010dina B2"},"content":{"rendered":"<div id=\"pl-9705\"  class=\"panel-layout\" ><div id=\"pg-9705-0\"  class=\"panel-grid panel-has-style\"  style=\"margin-bottom: 0px\" ><div class=\"panel-row-padding-none panel-row-style panel-row-style-for-9705-0\" ><div id=\"pgc-9705-0-0\"  class=\"panel-grid-cell\" ><div id=\"panel-9705-0-0-0\" class=\"so-panel widget widget_wpa9-editor-ext panel-first-child panel-last-child\" data-index=\"0\" ><div\n\t\t\t\n\t\t\tclass=\"so-widget-wpa9-editor-ext so-widget-wpa9-editor-ext-default-c93e1481a745-9705\"\n\t\t\t\n\t\t>\n<div class=\"siteorigin-widget-tinymce textwidget\">\n\t<h2 class=\"wpa9-panel-title\">\u00darove\u0148 n\u011bm\u010diny B2<\/h2>\n<div class=\"wpa9-panel-content\">\n<ul>\n \t<li>Rozum\u00ed hlavn\u00edm my\u0161lenk\u00e1m slo\u017eit\u00fdch text\u016f jak s\u00a0konkr\u00e9tn\u00edmi, tak abstraktn\u00edmi n\u00e1m\u011bty, v\u010detn\u011b odborn\u00e9 diskuse o\u00a0oboru sv\u00e9\u00a0specializace.<\/li>\n \t<li>Dok\u00e1\u017ee se dorozum\u011bt tak plynule a\u00a0spont\u00e1nn\u011b, \u017ee m\u016f\u017ee uspokojiv\u011b v\u00e9st b\u011b\u017en\u00fd dialog s\u00a0rodil\u00fdmi mluv\u010d\u00edmi bez v\u011bt\u0161\u00edho \u00fasil\u00ed na obou\u00a0stran\u00e1ch.<\/li>\n \t<li>Um\u00ed sestavit jasn\u00fd podrobn\u00fd text o\u00a0\u0161irok\u00e9m okruhu t\u00e9mat, vysv\u011btlit stanovisko k\u00a0aktu\u00e1ln\u00edm probl\u00e9m\u016fm a\u00a0uv\u00e9st v\u00fdhody a\u00a0nev\u00fdhody r\u016fzn\u00fdch\u00a0mo\u017enost\u00ed.<\/li>\n \t<li>Jazykov\u00e1 \u00farove\u0148 Sk\u0159iv\u00e1nek: <strong>pokro\u010dil\u00fd<\/strong>.<\/li>\n<\/ul>\n<strong>Pot\u0159ebujete pomoc s\u00a0p\u0159\u00edpravou na zkou\u0161ky? Chcete se procvi\u010dit v\u00a0oblasti, ve kter\u00e9 si nejste \u00fapln\u011b jist\u00ed? R\u00e1di v\u00e1m s\u00a0t\u00edm pom\u016f\u017eeme! Sta\u010d\u00ed si objednat u\u00a0n\u00e1s kurz.<\/strong>\n\n<p style=\"text-align: center;\"><a class=\"btn btn-negative\" href=\"https:\/\/skrivanek.cz\/cz\/jazykova-skola\/individualni-vyuka-jazyku\/nemcina\/\">Chci kurz n\u011bm\u010diny na \u00farovni B2<\/a><\/p>\n\n<\/div><\/div>\n<\/div><\/div><\/div><\/div><\/div><div id=\"pg-9705-1\"  class=\"panel-grid panel-has-style\"  style=\"margin-bottom: 0px\" ><div class=\"siteorigin-panels-stretch panel-row-padding-none panel-row-style panel-row-style-for-9705-1\" data-stretch-type=\"full\" ><div id=\"pgc-9705-1-0\"  class=\"panel-grid-cell\" ><div id=\"panel-9705-1-0-0\" class=\"so-panel widget widget_wpa9-card-l panel-first-child panel-last-child\" data-index=\"1\" ><div\n\t\t\t\n\t\t\tclass=\"so-widget-wpa9-card-l so-widget-wpa9-card-l-default-c93e1481a745-9705\"\n\t\t\t\n\t\t>\n<h3 class=\"widget-title\">Jazykov\u00e9 zkou\u0161ky n\u011bm\u010diny pro \u00farove\u0148 B2<\/h3>\n<div class=\"wpa9-card wpa9-card-l-container d-flex flex-wrap wpa9-columns-2\">\n\n\t\n\t\t\n\t<div class=\"wpa9-card-l-panel wpa9-panel shadow rounded d-flex flex-column justify-content-between\">\n\n\t\t<div>\n\t\t\t\t\n\t\t\t\t\t\t\t\t<h2 class=\"wpa9-panel-title\">Goethe-Zertifikat B2: Zertifikat Deutsch f\u00fcr Erwachsene<\/h2>\n\t\t\n\t\t\t\t\t\t\t<div class=\"wpa9-panel-content\"><div class=\"box-content\">\n<div class=\"box-content\">\n<div class=\"box-content\">\n<p>Zkou\u0161ka z&nbsp;obecn\u00e9 n\u011bm\u010diny na \u00farovni B2<\/p>\n<ul>\n<li>minim\u00e1ln\u00ed v\u011bk kandid\u00e1t\u016f je 16 let<\/li>\n<li>minimum absolvovan\u00fdch lekc\u00ed: 600\u2013800 v\u00fdukov\u00fdch jednotek po&nbsp;45 minut\u00e1ch<\/li>\n<li>zkou\u0161ka obsahuje:\n<ul>\n<li>\u010dten\u00ed (65 minut)<\/li>\n<li>poslech (cca 40 minut)<\/li>\n<li>psan\u00ed (75 minut)<\/li>\n<li>\u00fastn\u00ed testov\u00e1n\u00ed (15 minut, vedeno ve dvojici kandid\u00e1t\u016f)<\/li>\n<\/ul>\n<\/li>\n<\/ul>\n<\/div>\n<\/div>\n<\/div>\n<\/div>\n\t\t\t\t<\/div>\n\n\t\t\t\t<div class=\"meta meta-buttons d-flex flex-column flex-sm-row justify-content-start\">\n\t\t\t\t\t<a class=\"btn \" href=\"https:\/\/www.goethe.de\/ins\/cz\/cs\/spr\/prf\/gzb2.cfm\" title=\"V\u00edce na www.goethe.de\" target=\"_blank\">V\u00edce na www.goethe.de<\/a>\n\t\t\t\t\t\t<\/div>\n\t\t\n\t<\/div>\n\n\t\t\n\t<div class=\"wpa9-card-l-panel wpa9-panel shadow rounded d-flex flex-column justify-content-between\">\n\n\t\t<div>\n\t\t\t\t\n\t\t\t\t\t\t\t\t<h2 class=\"wpa9-panel-title\">Goethe-Zertifikat B2: Zertifikat Deutsch f\u00fcr Jugendliche<\/h2>\n\t\t\n\t\t\t\t\t\t\t<div class=\"wpa9-panel-content\"><div class=\"box-content\">\n<div class=\"box-content\">\n<div class=\"box-content\">\n<p>Zkou\u0161ka z&nbsp;obecn\u00e9 n\u011bm\u010diny na \u00farovni B2<\/p>\n<ul>\n<li>minim\u00e1ln\u00ed v\u011bk kandid\u00e1t\u016f je 15 let<\/li>\n<li>minimum absolvovan\u00fdch lekc\u00ed: 600\u2013800 v\u00fdukov\u00fdch jednotek po&nbsp;45 minut\u00e1ch<\/li>\n<li>zkou\u0161ka obsahuje:\n<ul>\n<li>\u010dten\u00ed (65 minut)<\/li>\n<li>poslech (cca 40 minut)<\/li>\n<li>psan\u00ed (75 minut)<\/li>\n<li>\u00fastn\u00ed testov\u00e1n\u00ed (15 minut, vedeno ve dvojici kandid\u00e1t\u016f)<\/li>\n<\/ul>\n<\/li>\n<\/ul>\n<\/div>\n<\/div>\n<\/div>\n<\/div>\n\t\t\t\t<\/div>\n\n\t\t\t\t<div class=\"meta meta-buttons d-flex flex-column flex-sm-row justify-content-start\">\n\t\t\t\t\t<a class=\"btn \" href=\"https:\/\/www.goethe.de\/ins\/cz\/cs\/spr\/prf\/gzb2.cfm\" title=\"V\u00edce na www.goethe.de\" target=\"_blank\">V\u00edce na www.goethe.de<\/a>\n\t\t\t\t\t\t<\/div>\n\t\t\n\t<\/div>\n\n\t\t\n\t<div class=\"wpa9-card-l-panel wpa9-panel shadow rounded d-flex flex-column justify-content-between\">\n\n\t\t<div>\n\t\t\t\t\n\t\t\t\t\t\t\t\t<h2 class=\"wpa9-panel-title\">\u00d6SD Zertifikat B2<\/h2>\n\t\t\n\t\t\t\t\t\t\t<div class=\"wpa9-panel-content\"><div class=\"box-content\">\n<div class=\"box-content\">\n<div class=\"box-content\">\n<div class=\"box-content\">\n<p>Zkou\u0161ka z&nbsp;obecn\u00e9 n\u011bm\u010diny na \u00farovni B2 pro kandid\u00e1ty od 16 let<\/p>\n<p>Zkou\u0161ka obsahuje:<\/p>\n<ul>\n<li>\u010dten\u00ed (90 minut)<\/li>\n<li>poslech (cca 30 minut)<\/li>\n<li>psan\u00ed (90 minut)<\/li>\n<li>\u00fastn\u00ed testov\u00e1n\u00ed (15-20 minut u&nbsp;individu\u00e1ln\u00ed zkou\u0161ky, 20-25 u&nbsp;zkou\u0161ky ve skupin\u011b)<\/li>\n<\/ul>\n<\/div>\n<\/div>\n<\/div>\n<\/div>\n<\/div>\n\t\t\t\t<\/div>\n\n\t\t\t\t<div class=\"meta meta-buttons d-flex flex-column flex-sm-row justify-content-start\">\n\t\t\t\t\t<a class=\"btn \" href=\"https:\/\/www.osd.at\/en\/exams\/oesd-exams\/oesd-zertifikat-b2-zb2\/\" title=\"V\u00edce na www.osd.at\" target=\"_blank\">V\u00edce na www.osd.at<\/a>\n\t\t\t\t\t\t<\/div>\n\t\t\n\t<\/div>\n\n\t\t\n\t<div class=\"wpa9-card-l-panel wpa9-panel shadow rounded d-flex flex-column justify-content-between\">\n\n\t\t<div>\n\t\t\t\t\n\t\t\t\t\t\t\t\t<h2 class=\"wpa9-panel-title\">\u00d6SD Zertifikat B2 \/ Jugendliche<\/h2>\n\t\t\n\t\t\t\t\t\t\t<div class=\"wpa9-panel-content\"><div class=\"box-content\">\n<div class=\"box-content\">\n<p>Zkou\u0161ka z&nbsp;obecn\u00e9 n\u011bm\u010diny na \u00farovni B2 pro kandid\u00e1ty od 14 let<\/p>\n<p>Zkou\u0161ka obsahuje:<\/p>\n<ul>\n<li>\u010dten\u00ed (90 minut)<\/li>\n<li>poslech (cca 30 minut)<\/li>\n<li>psan\u00ed (90 minut)<\/li>\n<li>\u00fastn\u00ed testov\u00e1n\u00ed (15-20 minut u&nbsp;individu\u00e1ln\u00ed zkou\u0161ky, 20-25 u&nbsp;zkou\u0161ky ve skupin\u011b)<\/li>\n<\/ul>\n<\/div>\n<\/div>\n<\/div>\n\t\t\t\t<\/div>\n\n\t\t\t\t<div class=\"meta meta-buttons d-flex flex-column flex-sm-row justify-content-start\">\n\t\t\t\t\t<a class=\"btn \" href=\"https:\/\/www.osd.at\/en\/exams\/oesd-exams\/oesd-zertifikat-b2-jugendliche-zb2-j\/\" title=\"V\u00edce na www.osd.at\" target=\"_blank\">V\u00edce na www.osd.at<\/a>\n\t\t\t\t\t\t<\/div>\n\t\t\n\t<\/div>\n\n\t\t\n\t<div class=\"wpa9-card-l-panel wpa9-panel shadow rounded d-flex flex-column justify-content-between\">\n\n\t\t<div>\n\t\t\t\t\n\t\t\t\t\t\t\t\t<h2 class=\"wpa9-panel-title\">telc Deutsch B1-B2 Beruf<\/h2>\n\t\t\n\t\t\t\t\t\t\t<div class=\"wpa9-panel-content\"><div class=\"box-content\">\n<div class=\"box-content\">\n<div class=\"box-content\">\n<div class=\"box-content\">\n<p>The European Language Certificates<\/p>\n<p>Zkou\u0161ka z\u00a0obchodn\u00ed n\u011bm\u010diny na \u00farovni B1-B2<\/p>\n<p>Zkou\u0161ka obsahuje:<\/p>\n<ul>\n<li>\u010dten\u00ed a&nbsp;u\u017eit\u00ed jazyka (60 minut)<\/li>\n<li>poslech (25 minut)<\/li>\n<li>psan\u00ed (45 minut)<\/li>\n<li>\u00fastn\u00ed testov\u00e1n\u00ed (16 minut, obvykle vedeno ve dvojici kandid\u00e1t\u016f)<\/li>\n<\/ul>\n<\/div>\n<\/div>\n<\/div>\n<\/div>\n<\/div>\n\t\t\t\t<\/div>\n\n\t\t\t\t<div class=\"meta meta-buttons d-flex flex-column flex-sm-row justify-content-start\">\n\t\t\t\t\t<a class=\"btn \" href=\"https:\/\/www.telc.net\/en\/candidates\/language-examinations\/tests\/detail\/telc-deutsch-b1b2-beruf.html\" title=\"V\u00edce na www.telc.net\" target=\"_blank\">V\u00edce na www.telc.net<\/a>\n\t\t\t\t\t\t<\/div>\n\t\t\n\t<\/div>\n\n\t\t\n\t<div class=\"wpa9-card-l-panel wpa9-panel shadow rounded d-flex flex-column justify-content-between\">\n\n\t\t<div>\n\t\t\t\t\n\t\t\t\t\t\t\t\t<h2 class=\"wpa9-panel-title\">telc Deutsch B1-B2 Pflege<\/h2>\n\t\t\n\t\t\t\t\t\t\t<div class=\"wpa9-panel-content\"><div class=\"box-content\">\n<div class=\"box-content\">\n<div class=\"box-content\">\n<div class=\"box-content\">\n<p>The European Language Certificates<\/p>\n<p>Zkou\u0161ka z\u00a0odborn\u00e9 n\u011bm\u010diny na \u00farovni B1-B2 pro zdravotn\u00ed sestry a&nbsp;oblast geriatrick\u00e9 p\u00e9\u010de<\/p>\n<p>Zkou\u0161ka obsahuje:<\/p>\n<ul>\n<li>\u010dten\u00ed a&nbsp;u\u017eit\u00ed jazyka (60 minut)<\/li>\n<li>poslech (25 minut)<\/li>\n<li>psan\u00ed (30 minut)<\/li>\n<li>\u00fastn\u00ed testov\u00e1n\u00ed (16 minut, obvykle vedeno ve dvojici kandid\u00e1t\u016f)<\/li>\n<\/ul>\n<\/div>\n<\/div>\n<\/div>\n<\/div>\n<\/div>\n\t\t\t\t<\/div>\n\n\t\t\t\t<div class=\"meta meta-buttons d-flex flex-column flex-sm-row justify-content-start\">\n\t\t\t\t\t<a class=\"btn \" href=\"https:\/\/www.telc.net\/en\/candidates\/language-examinations\/tests\/detail\/telc-deutsch-b1b2-pflege.html\" title=\"V\u00edce na www.telc.net\" target=\"_blank\">V\u00edce na www.telc.net<\/a>\n\t\t\t\t\t\t<\/div>\n\t\t\n\t<\/div>\n\n\t\t\n\t<div class=\"wpa9-card-l-panel wpa9-panel shadow rounded d-flex flex-column justify-content-between\">\n\n\t\t<div>\n\t\t\t\t\n\t\t\t\t\t\t\t\t<h2 class=\"wpa9-panel-title\">telc Deutsch B2<\/h2>\n\t\t\n\t\t\t\t\t\t\t<div class=\"wpa9-panel-content\"><div class=\"box-content\">\n<div class=\"box-content\">\n<div class=\"box-content\">\n<div class=\"box-content\">\n<p>The European Language Certificates<\/p>\n<p>Zkou\u0161ka z&nbsp;obecn\u00e9 n\u011bm\u010diny na \u00farovni B2<\/p>\n<p>Zkou\u0161ka obsahuje:<\/p>\n<ul>\n<li>\u010dten\u00ed a&nbsp;u\u017eit\u00ed jazyka (90 minut)<\/li>\n<li>poslech (20 minut)<\/li>\n<li>psan\u00ed (30 minut)<\/li>\n<li>\u00fastn\u00ed testov\u00e1n\u00ed (15 minut, zpravidla vedeno ve dvojici)<\/li>\n<\/ul>\n<\/div>\n<\/div>\n<\/div>\n<\/div>\n<\/div>\n\t\t\t\t<\/div>\n\n\t\t\t\t<div class=\"meta meta-buttons d-flex flex-column flex-sm-row justify-content-start\">\n\t\t\t\t\t<a class=\"btn \" href=\"https:\/\/www.telc.net\/en\/candidates\/language-examinations\/tests\/detail\/telc-deutsch-b2.html\" title=\"V\u00edce na www.telc.net\" target=\"_blank\">V\u00edce na www.telc.net<\/a>\n\t\t\t\t\t\t<\/div>\n\t\t\n\t<\/div>\n\n\t\t\n\t<div class=\"wpa9-card-l-panel wpa9-panel shadow rounded d-flex flex-column justify-content-between\">\n\n\t\t<div>\n\t\t\t\t\n\t\t\t\t\t\t\t\t<h2 class=\"wpa9-panel-title\">telc Deutsch B2+ Beruf<\/h2>\n\t\t\n\t\t\t\t\t\t\t<div class=\"wpa9-panel-content\"><p>The European Language Certificates<\/p>\n<p>Zkou\u0161ka z\u00a0obchodn\u00ed n\u011bm\u010diny na \u00farovni B2+<\/p>\n<p>Zkou\u0161ka obsahuje:<\/p>\n<ul>\n<li>\u010dten\u00ed (60 minut)<\/li>\n<li>u\u017eit\u00ed jazyka (30 minut)<\/li>\n<li>poslech (30 minut)<\/li>\n<li>psan\u00ed (60 minut)<\/li>\n<li>\u00fastn\u00ed testov\u00e1n\u00ed (20 minut, obvykle vedeno ve dvojici kandid\u00e1t\u016f)<\/li>\n<\/ul>\n<\/div>\n\t\t\t\t<\/div>\n\n\t\t\t\t<div class=\"meta meta-buttons d-flex flex-column flex-sm-row justify-content-start\">\n\t\t\t\t\t<a class=\"btn \" href=\"https:\/\/www.telc.net\/en\/candidates\/language-examinations\/tests\/detail\/telc-deutsch-b2-beruf.html\" title=\"V\u00edce na www.telc.net\" target=\"_blank\">V\u00edce na www.telc.net<\/a>\n\t\t\t\t\t\t<\/div>\n\t\t\n\t<\/div>\n\n\t\t\n\t<div class=\"wpa9-card-l-panel wpa9-panel shadow rounded d-flex flex-column justify-content-between\">\n\n\t\t<div>\n\t\t\t\t\n\t\t\t\t\t\t\t\t<h2 class=\"wpa9-panel-title\">telc Deutsch B2 Medizin Zugangspr\u00fcfung<\/h2>\n\t\t\n\t\t\t\t\t\t\t<div class=\"wpa9-panel-content\"><div class=\"box-content\">\n<div class=\"box-content\">\n<div class=\"box-content\">\n<div class=\"box-content\">\n<p>The European Language Certificates<\/p>\n<p>Zkou\u0161ka z\u00a0odborn\u00e9 n\u011bm\u010diny na \u00farovni B2 pro l\u00e9ka\u0159e<\/p>\n<p>Zkou\u0161ka obsahuje:<\/p>\n<ul>\n<li>\u010dten\u00ed (40 minut)<\/li>\n<li>u\u017eit\u00ed jazyka (10 minut)<\/li>\n<li>poslech (30 minut)<\/li>\n<li>psan\u00ed (30 minut)<\/li>\n<li>\u00fastn\u00ed testov\u00e1n\u00ed (22,5 minut, zpravidla vedeno ve dvojici)<\/li>\n<\/ul>\n<\/div>\n<\/div>\n<\/div>\n<\/div>\n<\/div>\n\t\t\t\t<\/div>\n\n\t\t\t\t<div class=\"meta meta-buttons d-flex flex-column flex-sm-row justify-content-start\">\n\t\t\t\t\t<a class=\"btn \" href=\"https:\/\/www.telc.net\/en\/candidates\/language-examinations\/tests\/detail\/telc-deutsch-b2-medizin-zugangspruefung.html\" title=\"V\u00edce na www.telc.net\" target=\"_blank\">V\u00edce na www.telc.net<\/a>\n\t\t\t\t\t\t<\/div>\n\t\t\n\t<\/div>\n\n\t\t\n\t<div class=\"wpa9-card-l-panel wpa9-panel shadow rounded d-flex flex-column justify-content-between\">\n\n\t\t<div>\n\t\t\t\t\n\t\t\t\t\t\t\t\t<h2 class=\"wpa9-panel-title\">telc Deutsch B2-C1 Beruf<\/h2>\n\t\t\n\t\t\t\t\t\t\t<div class=\"wpa9-panel-content\"><p>The European Language Certificates<\/p>\n<p>Zkou\u0161ka z\u00a0obchodn\u00ed n\u011bm\u010diny na \u00farovni B2-C1<\/p>\n<p>Zkou\u0161ka obsahuje:<\/p>\n<ul>\n<li>\u010dten\u00ed (50 minut)<\/li>\n<li>u\u017eit\u00ed jazyka (20 minut)<\/li>\n<li>poslech (40 minut)<\/li>\n<li>psan\u00ed (60 minut)<\/li>\n<li>\u00fastn\u00ed testov\u00e1n\u00ed (20 minut, obvykle vedeno ve dvojici kandid\u00e1t\u016f)<\/li>\n<\/ul>\n<\/div>\n\t\t\t\t<\/div>\n\n\t\t\t\t<div class=\"meta meta-buttons d-flex flex-column flex-sm-row justify-content-start\">\n\t\t\t\t\t<a class=\"btn \" href=\"https:\/\/www.telc.net\/en\/candidates\/language-examinations\/tests\/detail\/telc-deutsch-b2c1-beruf.html\" title=\"V\u00edce na www.telc.net\" target=\"_blank\">V\u00edce na www.telc.net<\/a>\n\t\t\t\t\t\t<\/div>\n\t\t\n\t<\/div>\n\n\t\t\n\t<div class=\"wpa9-card-l-panel wpa9-panel shadow rounded d-flex flex-column justify-content-between\">\n\n\t\t<div>\n\t\t\t\t\n\t\t\t\t\t\t\t\t<h2 class=\"wpa9-panel-title\">telc Deutsch B2-C1 Medizin<\/h2>\n\t\t\n\t\t\t\t\t\t\t<div class=\"wpa9-panel-content\"><div class=\"box-content\">\n<div class=\"box-content\">\n<div class=\"box-content\">\n<div class=\"box-content\">\n<p>The European Language Certificates<\/p>\n<p>Zkou\u0161ka z\u00a0odborn\u00e9 n\u011bm\u010diny na \u00farovni B2-C1 pro l\u00e9ka\u0159e se z\u00e1jmem o&nbsp;pr\u00e1ci v\u00a0n\u011bmecky mluv\u00edc\u00edch nemocnic\u00edch<\/p>\n<p>Zkou\u0161ka obsahuje:<\/p>\n<ul>\n<li>\u010dten\u00ed (50 minut)<\/li>\n<li>u\u017eit\u00ed jazyka (20 minut)<\/li>\n<li>poslech (40 minut)<\/li>\n<li>psan\u00ed (60 minut)<\/li>\n<li>\u00fastn\u00ed testov\u00e1n\u00ed (45 minut, obvykle vedeno ve dvojici kandid\u00e1t\u016f)<\/li>\n<\/ul>\n<\/div>\n<\/div>\n<\/div>\n<\/div>\n<\/div>\n\t\t\t\t<\/div>\n\n\t\t\t\t<div class=\"meta meta-buttons d-flex flex-column flex-sm-row justify-content-start\">\n\t\t\t\t\t<a class=\"btn \" href=\"https:\/\/www.telc.net\/en\/candidates\/language-examinations\/tests\/detail\/telc-deutsch-b2c1-medizin.html\" title=\"V\u00edce na www.telc.net\" target=\"_blank\">V\u00edce na www.telc.net<\/a>\n\t\t\t\t\t\t<\/div>\n\t\t\n\t<\/div>\n\n\t\t\n\t<div class=\"wpa9-card-l-panel wpa9-panel shadow rounded d-flex flex-column justify-content-between\">\n\n\t\t<div>\n\t\t\t\t\n\t\t\t\t\t\t\t\t<h2 class=\"wpa9-panel-title\">telc Deutsch B2-C1 Medizin Fachsprachpr\u00fcfung<\/h2>\n\t\t\n\t\t\t\t\t\t\t<div class=\"wpa9-panel-content\"><div class=\"box-content\">\n<div class=\"box-content\">\n<div class=\"box-content\">\n<div class=\"box-content\">\n<p>The European Language Certificates<\/p>\n<p>Zkou\u0161ka z\u00a0odborn\u00e9 n\u011bm\u010diny na \u00farovni B2-C1 pro l\u00e9ka\u0159e podle pravidel z\u00a0\u010dervna 2014<\/p>\n<p>Zkou\u0161ka obsahuje:<\/p>\n<ul>\n<li>\u010dten\u00ed (40 minut)<\/li>\n<li>u\u017eit\u00ed jazyka (10 minut)<\/li>\n<li>poslech (30 minut)<\/li>\n<li>\u00fastn\u00ed testov\u00e1n\u00ed \u2013 rozhovor (20 minut), l\u00e9ka\u0159sk\u00e1 zpr\u00e1va (20 minut) a&nbsp;prezentace p\u0159\u00edpadu (20 minut)<\/li>\n<\/ul>\n<\/div>\n<\/div>\n<\/div>\n<\/div>\n<\/div>\n\t\t\t\t<\/div>\n\n\t\t\t\t<div class=\"meta meta-buttons d-flex flex-column flex-sm-row justify-content-start\">\n\t\t\t\t\t<a class=\"btn \" href=\"https:\/\/www.telc.net\/en\/candidates\/language-examinations\/tests\/detail\/telc-deutsch-b2c1-medizin-fachsprachpruefung.html\" title=\"V\u00edce na www.telc.net\" target=\"_blank\">V\u00edce na www.telc.net<\/a>\n\t\t\t\t\t\t<\/div>\n\t\t\n\t<\/div>\n\n\t\t\n\t<div class=\"wpa9-card-l-panel wpa9-panel shadow rounded d-flex flex-column justify-content-between\">\n\n\t\t<div>\n\t\t\t\t\n\t\t\t\t\t\t\t\t<h2 class=\"wpa9-panel-title\">Standardizovan\u00e1 zkou\u0161ka JASPEX \u2013 \u00farove\u0148 B2<\/h2>\n\t\t\n\t\t\t\t\t\t\t<div class=\"wpa9-panel-content\"><div class=\"box-content\">\n<div class=\"box-content\">\n<div class=\"box-content\">\n<p>Standardizovan\u00e1 zkou\u0161ka testuje znalosti n\u011bmeck\u00e9ho jazyka na \u00farovni B2<\/p>\n<p>Zkou\u0161ka obsahuje:<\/p>\n<ul>\n<li>p\u00edsemnou \u010d\u00e1st \u2013 \u010dten\u00ed s&nbsp;porozum\u011bn\u00edm, poslech, u\u017eit\u00ed jazyka a&nbsp;psan\u00ed (120 minut)<\/li>\n<li>\u00fastn\u00ed \u010d\u00e1st (cca 10-15 minut)<\/li>\n<\/ul>\n<\/div>\n<\/div>\n<\/div>\n<\/div>\n\t\t\t\t<\/div>\n\n\t\t\t\t<div class=\"meta meta-buttons d-flex flex-column flex-sm-row justify-content-start\">\n\t\t\t\t\t<a class=\"btn \" href=\"https:\/\/www.muvs.cvut.cz\/zajemci-o-studium\/jazykove-vzdelavani\/jazykove-zkousky\/\" title=\"V\u00edce na www.muvs.cvut.cz\" target=\"_blank\">V\u00edce na www.muvs.cvut.cz<\/a>\n\t\t\t\t\t\t<\/div>\n\t\t\n\t<\/div>\n\n\t\t\n\t<div class=\"wpa9-card-l-panel wpa9-panel shadow rounded d-flex flex-column justify-content-between\">\n\n\t\t<div>\n\t\t\t\t\n\t\t\t\t\t\t\t\t<h2 class=\"wpa9-panel-title\">ECL B2<\/h2>\n\t\t\n\t\t\t\t\t\t\t<div class=\"wpa9-panel-content\"><div class=\"box-content\">\n<div class=\"box-content\">\n<div class=\"box-content\">\n<p>European Consortium for the Certificate of Attainment in Modern Languages B2<\/p>\n<p>Zkou\u0161ka z&nbsp;obecn\u00e9 n\u011bm\u010diny na \u00farovni B2 pro kandid\u00e1ty od 14 let<\/p>\n<p>Zkou\u0161ka obsahuje:<\/p>\n<ul>\n<li>poslech (cca 25-30 minut)<\/li>\n<li>\u010dten\u00ed (45 minut)<\/li>\n<li>psan\u00ed (60 minut)<\/li>\n<li>\u00fastn\u00ed testov\u00e1n\u00ed (13-15 minut u&nbsp;jednoho kandid\u00e1ta, 18-20 minut u&nbsp;dvou kandid\u00e1t\u016f a&nbsp;28-30 minut u&nbsp;t\u0159\u00ed kandid\u00e1t\u016f)<\/li>\n<\/ul>\n<\/div>\n<\/div>\n<\/div>\n<\/div>\n\t\t\t\t<\/div>\n\n\t\t\t\t<div class=\"meta meta-buttons d-flex flex-column flex-sm-row justify-content-start\">\n\t\t\t\t\t<a class=\"btn \" href=\"https:\/\/eclexam.eu\" title=\"V\u00edce na eclexam.eu\/\" target=\"_blank\">V\u00edce na eclexam.eu\/<\/a>\n\t\t\t\t\t\t<\/div>\n\t\t\n\t<\/div>\n\n\t\t\n\t<div class=\"wpa9-card-l-panel wpa9-panel shadow rounded d-flex flex-column justify-content-between\">\n\n\t\t<div>\n\t\t\t\t\n\t\t\t\t\t\t\t\t<h2 class=\"wpa9-panel-title\">TestDaF<\/h2>\n\t\t\n\t\t\t\t\t\t\t<div class=\"wpa9-panel-content\"><div class=\"box-content\">\n<p>Der Test Deutsch als Fremdsprache<\/p>\n<p>Zkou\u0161ka z&nbsp;obecn\u00e9 n\u011bm\u010diny na \u00farovni B2\u2013C1<\/p>\n<ul>\n<li>minimum absolvovan\u00fdch lekc\u00ed: cca 700\u20131000 hodin<\/li>\n<li>zkou\u0161ka je ur\u010dena p\u0159edev\u0161\u00edm z\u00e1jemc\u016fm o&nbsp;studium na vysok\u00e9 \u0161kole v&nbsp;N\u011bmecku<\/li>\n<li>zkou\u0161ka obsahuje:\n<ul>\n<li>\u010dten\u00ed (60 minut)<\/li>\n<li>poslech (cca 40 minut)<\/li>\n<li>psan\u00ed (60 minut)<\/li>\n<li>\u00fastn\u00ed testov\u00e1n\u00ed (cca 35 minut, vedeno s&nbsp;jedn\u00edm kandid\u00e1tem)<\/li>\n<\/ul>\n<\/li>\n<\/ul>\n<\/div>\n<\/div>\n\t\t\t\t<\/div>\n\n\t\t\t\t<div class=\"meta meta-buttons d-flex flex-column flex-sm-row justify-content-start\">\n\t\t\t\t\t<a class=\"btn \" href=\"https:\/\/www.goethe.de\/ins\/cz\/cs\/spr\/prf\/testdaf.html\" title=\"V\u00edce na www.goethe.de\" target=\"_blank\">V\u00edce na www.goethe.de<\/a>\n\t\t\t\t\t\t<\/div>\n\t\t\n\t<\/div>\n\n\t\t\n\t<div class=\"wpa9-card-l-panel wpa9-panel shadow rounded d-flex flex-column justify-content-between\">\n\n\t\t<div>\n\t\t\t\t\n\t\t\t\t\t\t\t\t<h2 class=\"wpa9-panel-title\">St\u00e1tn\u00ed jazykov\u00e1 zkou\u0161ka z\u00e1kladn\u00ed<\/h2>\n\t\t\n\t\t\t\t\t\t\t<div class=\"wpa9-panel-content\"><div class=\"boards-section__box \">\n<div class=\"box-content\">\n<p>Zkou\u0161ka z&nbsp;obecn\u00e9 n\u011bm\u010diny na \u00farovni B2<\/p>\n<ul>\n<li>minimum absolvovan\u00fdch lekc\u00ed: 2000 az\u030c 2500 lexika\u0301lni\u0301ch jednotek.<\/li>\n<li>zkou\u0161ku organizuj\u00ed jazykov\u00e9 \u0161koly s&nbsp;pr\u00e1vem st\u00e1tn\u00ed jazykov\u00e9 zkou\u0161ky po&nbsp;cel\u00e9 \u010cR<\/li>\n<li>zkou\u0161ka obsahuje:\n<ul>\n<li>p\u00edsemnou \u010d\u00e1st:\n<ul>\n<li>\u010dten\u00ed (55-60 minut),<\/li>\n<li>psan\u00ed (85 minut),<\/li>\n<li>poslech (35-40 minut),<\/li>\n<li>u\u017eit\u00ed jazyka (55 minut)<\/li>\n<\/ul>\n<\/li>\n<li>\u00fastn\u00ed \u010d\u00e1st (15-20 minut)<\/li>\n<\/ul>\n<\/li>\n<\/ul>\n<\/div>\n<\/div>\n<\/div>\n\t\t\t\t<\/div>\n\n\t\t\t\t<div class=\"meta meta-buttons d-flex flex-column flex-sm-row justify-content-start\">\n\t\t\t\t\t<a class=\"btn \" href=\"https:\/\/www.msmt.cz\/vzdelavani\/stredni-vzdelavani\/jazykove-skoly-s-pravem-statni-jazykove-zkousky\" title=\"V\u00edce na www.msmt.cz\" target=\"_blank\">V\u00edce na www.msmt.cz<\/a>\n\t\t\t\t\t\t<\/div>\n\t\t\n\t<\/div>\n\n\t\t\n\t\n<\/div>\n<\/div><\/div><\/div><\/div><\/div><div id=\"pg-9705-2\"  class=\"panel-grid panel-has-style\" ><div class=\"siteorigin-panels-stretch panel-row-padding-none panel-row-style panel-row-style-for-9705-2\" data-stretch-type=\"full\" ><div id=\"pgc-9705-2-0\"  class=\"panel-grid-cell\" ><div id=\"panel-9705-2-0-0\" class=\"so-panel widget widget_skrv-incl-widget panel-first-child panel-last-child\" data-index=\"2\" ><div\n\t\t\t\n\t\t\tclass=\"so-widget-skrv-incl-widget so-widget-skrv-incl-widget-default-c93e1481a745-9705\"\n\t\t\t\n\t\t><div id=\"pl-8541\"  class=\"panel-layout\" ><div id=\"pg-8541-0\"  class=\"panel-grid panel-no-style\" ><div id=\"pgc-8541-0-0\"  class=\"panel-grid-cell\" ><div id=\"panel-8541-0-0-0\" class=\"so-panel widget widget_wpa9-card-s panel-first-child panel-last-child\" data-index=\"0\" ><div\n\t\t\t\n\t\t\tclass=\"so-widget-wpa9-card-s so-widget-wpa9-card-s-default-c93e1481a745-9705\"\n\t\t\t\n\t\t><div class=\"wpa9-card wpa9-card-s wide negative\">\n\n\t<div class=\"wpa9-card-wrapper container\">\n\n\t\t<div class=\"wpa9-card-text\">\n\t\t\t<h2 class=\"wpa9-card-title\">P\u0159\u00edpravn\u00e9 kurzy<\/h2>\n\t\t\t<div class=\"wpa9-card-content\"><p style=\"text-align: center\">Vybrali jste si zkou\u0161ku a&nbsp;chcete se na ni p\u0159ipravit? Anebo st\u00e1le v\u00e1h\u00e1te, kter\u00e1 je pro v\u00e1s vhodn\u00e1? Za\u0161lete nez\u00e1vaznou popt\u00e1vku, r\u00e1di v\u00e1m porad\u00edme.<\/p>\n<\/div>\t\t<\/div>\n\n\t\t\t\t<div class=\"meta meta-buttons d-flex flex-row justify-content-center\">\n\t\t\t\t\t\t\t<a class=\"btn btn-negative \" href=\"https:\/\/skrivanek.cz\/cz\/poptavka\/\" title=\"M\u00e1m z\u00e1jem \">M\u00e1m z\u00e1jem <\/a>\n\t\t\t\t<\/div>\n\t\t\n\t<\/div>\n\n<\/div>\n<\/div><\/div><\/div><\/div><\/div><\/div><\/div><\/div><\/div><\/div><\/div>","protected":false},"excerpt":{"rendered":"<p>\u00darove\u0148 n\u011bm\u010diny B2 Rozum\u00ed hlavn\u00edm my\u0161lenk\u00e1m slo\u017eit\u00fdch text\u016f jak s\u00a0konkr\u00e9tn\u00edmi, tak abstraktn\u00edmi n\u00e1m\u011bty, v\u010detn\u011b odborn\u00e9 diskuse o\u00a0oboru sv\u00e9\u00a0specializace. Dok\u00e1\u017ee se dorozum\u011bt tak plynule a\u00a0spont\u00e1nn\u011b, \u017ee m\u016f\u017ee uspokojiv\u011b v\u00e9st b\u011b\u017en\u00fd dialog s\u00a0rodil\u00fdmi mluv\u010d\u00edmi bez v\u011bt\u0161\u00edho \u00fasil\u00ed na obou\u00a0stran\u00e1ch. Um\u00ed sestavit jasn\u00fd podrobn\u00fd text o\u00a0\u0161irok\u00e9m okruhu t\u00e9mat, vysv\u011btlit stanovisko k\u00a0aktu\u00e1ln\u00edm probl\u00e9m\u016fm a\u00a0uv\u00e9st v\u00fdhody a\u00a0nev\u00fdhody r\u016fzn\u00fdch\u00a0mo\u017enost\u00ed. Jazykov\u00e1 \u00farove\u0148 [&hellip;]<\/p>\n","protected":false},"author":7,"featured_media":0,"parent":305,"menu_order":0,"comment_status":"closed","ping_status":"closed","template":"","meta":{"_acf_changed":false,"footnotes":""},"class_list":["post-9705","page","type-page","status-publish","hentry"],"acf":[],"aioseo_notices":[],"_links":{"self":[{"href":"https:\/\/skrivanek.cz\/cz\/wp-json\/wp\/v2\/pages\/9705","targetHints":{"allow":["GET"]}}],"collection":[{"href":"https:\/\/skrivanek.cz\/cz\/wp-json\/wp\/v2\/pages"}],"about":[{"href":"https:\/\/skrivanek.cz\/cz\/wp-json\/wp\/v2\/types\/page"}],"author":[{"embeddable":true,"href":"https:\/\/skrivanek.cz\/cz\/wp-json\/wp\/v2\/users\/7"}],"replies":[{"embeddable":true,"href":"https:\/\/skrivanek.cz\/cz\/wp-json\/wp\/v2\/comments?post=9705"}],"version-history":[{"count":4,"href":"https:\/\/skrivanek.cz\/cz\/wp-json\/wp\/v2\/pages\/9705\/revisions"}],"predecessor-version":[{"id":80235,"href":"https:\/\/skrivanek.cz\/cz\/wp-json\/wp\/v2\/pages\/9705\/revisions\/80235"}],"up":[{"embeddable":true,"href":"https:\/\/skrivanek.cz\/cz\/wp-json\/wp\/v2\/pages\/305"}],"wp:attachment":[{"href":"https:\/\/skrivanek.cz\/cz\/wp-json\/wp\/v2\/media?parent=9705"}],"curies":[{"name":"wp","href":"https:\/\/api.w.org\/{rel}","templated":true}]}}