{"id":9720,"date":"2021-04-17T11:13:11","date_gmt":"2021-04-17T09:13:11","guid":{"rendered":"https:\/\/skrivanek.cz\/?page_id=9720"},"modified":"2026-03-24T12:34:14","modified_gmt":"2026-03-24T11:34:14","slug":"nj-velmi-pokrocily","status":"publish","type":"page","link":"https:\/\/skrivanek.cz\/cz\/jazykova-skola\/nj-velmi-pokrocily\/","title":{"rendered":"N\u011bm\u010dina C1"},"content":{"rendered":"<div id=\"pl-9720\"  class=\"panel-layout\" ><div id=\"pg-9720-0\"  class=\"panel-grid panel-has-style\"  style=\"margin-bottom: 0px\" ><div class=\"panel-row-padding-none panel-row-style panel-row-style-for-9720-0\" ><div id=\"pgc-9720-0-0\"  class=\"panel-grid-cell\" ><div id=\"panel-9720-0-0-0\" class=\"so-panel widget widget_wpa9-editor-ext panel-first-child panel-last-child\" data-index=\"0\" ><div\n\t\t\t\n\t\t\tclass=\"so-widget-wpa9-editor-ext so-widget-wpa9-editor-ext-default-c93e1481a745-9720\"\n\t\t\t\n\t\t>\n<div class=\"siteorigin-widget-tinymce textwidget\">\n\t<h2 class=\"wpa9-panel-title\">\u00darove\u0148 n\u011bm\u010diny C1<\/h2>\n<div class=\"wpa9-panel-content\">\n<ul>\n<li>Rozum\u00ed \u0161irok\u00e9mu okruhu n\u00e1ro\u010dn\u00fdch del\u0161\u00edch text\u016f a\u00a0dok\u00e1\u017ee rozpoznat skryt\u00fd\u00a0v\u00fdznam.<\/li>\n<li>Um\u00ed se vyjad\u0159ovat plynule a\u00a0spont\u00e1nn\u011b, bez p\u0159\u00edli\u0161 zjevn\u00e9ho hled\u00e1n\u00ed\u00a0v\u00fdraz\u016f.<\/li>\n<li>Dok\u00e1\u017ee pou\u017e\u00edvat jazyk pru\u017en\u011b a\u00a0\u00fa\u010dinn\u011b pro spole\u010densk\u00e9, studijn\u00ed a\u00a0pracovn\u00ed\u00a0\u00fa\u010dely.<\/li>\n<li>Um\u00ed vytvo\u0159it jasn\u00fd, dob\u0159e \u010dlen\u011bn\u00fd podrobn\u00fd text o\u00a0slo\u017eit\u00fdch t\u00e9matech, prok\u00e1zat uv\u011bdom\u011bl\u00e9 u\u017eit\u00ed z\u00e1sad stavby textu, spojovac\u00edch v\u00fdraz\u016f a\u00a0prost\u0159edk\u016f vyjad\u0159uj\u00edc\u00edch vazby\u00a0v\u00a0textu.<\/li>\n<li>Jazykov\u00e1 \u00farove\u0148 Sk\u0159iv\u00e1nek:\u00a0<strong>velmi\u00a0pokro\u010dil\u00fd<\/strong>.<\/li>\n<\/ul>\n<p><strong>Pot\u0159ebujete pomoc s\u00a0p\u0159\u00edpravou na zkou\u0161ky? Chcete se procvi\u010dit v\u00a0oblasti, ve kter\u00e9 si nejste \u00fapln\u011b jist\u00ed? R\u00e1di v\u00e1m s\u00a0t\u00edm pom\u016f\u017eeme! Sta\u010d\u00ed si objednat u\u00a0n\u00e1s kurz.<\/strong><\/p>\n<p style=\"text-align: center;\"><a class=\"btn btn-negative\" href=\"https:\/\/skrivanek.cz\/cz\/jazykova-skola\/individualni-vyuka-jazyku\/nemcina\/\">Chci kurz n\u011bm\u010diny na \u00farovni C1<\/a><\/p>\n<\/div>\n<\/div>\n<\/div><\/div><\/div><\/div><\/div><div id=\"pg-9720-1\"  class=\"panel-grid panel-has-style\"  style=\"margin-bottom: 0px\" ><div class=\"siteorigin-panels-stretch panel-row-padding-none panel-row-style panel-row-style-for-9720-1\" data-stretch-type=\"full\" ><div id=\"pgc-9720-1-0\"  class=\"panel-grid-cell\" ><div id=\"panel-9720-1-0-0\" class=\"so-panel widget widget_wpa9-card-l panel-first-child panel-last-child\" data-index=\"1\" ><div\n\t\t\t\n\t\t\tclass=\"so-widget-wpa9-card-l so-widget-wpa9-card-l-default-c93e1481a745-9720\"\n\t\t\t\n\t\t>\n<h3 class=\"widget-title\">Jazykov\u00e9 zkou\u0161ky n\u011bm\u010diny pro \u00farove\u0148 C1<\/h3>\n<div class=\"wpa9-card wpa9-card-l-container d-flex flex-wrap wpa9-columns-2\">\n\n\t\n\t\t\n\t<div class=\"wpa9-card-l-panel wpa9-panel shadow rounded d-flex flex-column justify-content-between\">\n\n\t\t<div>\n\t\t\t\t\n\t\t\t\t\t\t\t\t<h2 class=\"wpa9-panel-title\">Goethe Zertifikat C1<\/h2>\n\t\t\n\t\t\t\t\t\t\t<div class=\"wpa9-panel-content\"><div class=\"box-content\">\n<div class=\"box-content\">\n<div class=\"box-content\">\n<div class=\"box-content\">\n<p>Zkou\u0161ka z&nbsp;obecn\u00e9 n\u011bm\u010diny na \u00farovni C1<\/p>\n<ul>\n<li>minim\u00e1ln\u00ed v\u011bk kandid\u00e1t\u016f je 16 let<\/li>\n<li>minimum absolvovan\u00fdch lekc\u00ed: 800\u20131000 v\u00fdukov\u00fdch jednotek po&nbsp;45 minut\u00e1ch<\/li>\n<li>zkou\u0161ka obsahuje:\n<ul>\n<li>\u010dten\u00ed (70 minut)<\/li>\n<li>poslech (cca 40 minut)<\/li>\n<li>psan\u00ed (80 minut)<\/li>\n<li>\u00fastn\u00ed testov\u00e1n\u00ed (10-15 minut, vedeno ve dvojici kandid\u00e1t\u016f)<\/li>\n<\/ul>\n<\/li>\n<\/ul>\n<\/div>\n<\/div>\n<\/div>\n<\/div>\n<\/div>\n\t\t\t\t<\/div>\n\n\t\t\t\t<div class=\"meta meta-buttons d-flex flex-column flex-sm-row justify-content-start\">\n\t\t\t\t\t<a class=\"btn \" href=\"https:\/\/www.goethe.de\/ins\/cz\/cs\/spr\/prf\/gzc1.cfm\" title=\"V\u00edce na www.goethe.de\" target=\"_blank\">V\u00edce na www.goethe.de<\/a>\n\t\t\t\t\t\t<\/div>\n\t\t\n\t<\/div>\n\n\t\t\n\t<div class=\"wpa9-card-l-panel wpa9-panel shadow rounded d-flex flex-column justify-content-between\">\n\n\t\t<div>\n\t\t\t\t\n\t\t\t\t\t\t\t\t<h2 class=\"wpa9-panel-title\">\u00d6SD Zertifikat C1<\/h2>\n\t\t\n\t\t\t\t\t\t\t<div class=\"wpa9-panel-content\"><div class=\"box-content\">\n<div class=\"box-content\">\n<div class=\"box-content\">\n<div class=\"box-content\">\n<div class=\"box-content\">\n<p>Zkou\u0161ka z&nbsp;obecn\u00e9 n\u011bm\u010diny na \u00farovni C1 pro kandid\u00e1ty od 16 let<\/p>\n<p>Zkou\u0161ka obsahuje:<\/p>\n<ul>\n<li>\u010dten\u00ed (90 minut)<\/li>\n<li>poslech (cca 40 minut)<\/li>\n<li>psan\u00ed (90 minut)<\/li>\n<li>\u00fastn\u00ed testov\u00e1n\u00ed (15-20 minut)<\/li>\n<\/ul>\n<\/div>\n<\/div>\n<\/div>\n<\/div>\n<\/div>\n<\/div>\n\t\t\t\t<\/div>\n\n\t\t\t\t<div class=\"meta meta-buttons d-flex flex-column flex-sm-row justify-content-start\">\n\t\t\t\t\t<a class=\"btn \" href=\"https:\/\/www.osd.at\/en\/exams\/oesd-exams\/oesd-zertifikat-c1-zc1\/\" title=\"V\u00edce na www.osd.at\" target=\"_blank\">V\u00edce na www.osd.at<\/a>\n\t\t\t\t\t\t<\/div>\n\t\t\n\t<\/div>\n\n\t\t\n\t<div class=\"wpa9-card-l-panel wpa9-panel shadow rounded d-flex flex-column justify-content-between\">\n\n\t\t<div>\n\t\t\t\t\n\t\t\t\t\t\t\t\t<h2 class=\"wpa9-panel-title\">\u00d6SD Zertifikat C1 \/ Jugendliche<\/h2>\n\t\t\n\t\t\t\t\t\t\t<div class=\"wpa9-panel-content\"><div class=\"box-content\">\n<div class=\"box-content\">\n<div class=\"boards-section__box \">\n<div class=\"box-content\">\n<p>Zkou\u0161ka z&nbsp;obecn\u00e9 n\u011bm\u010diny na \u00farovni C1 pro kandid\u00e1ty od 14 let<\/p>\n<p>Zkou\u0161ka obsahuje:<\/p>\n<ul>\n<li>\u010dten\u00ed (90 minut)<\/li>\n<li>poslech (cca 40 minut)<\/li>\n<li>psan\u00ed (90 minut)<\/li>\n<li>\u00fastn\u00ed testov\u00e1n\u00ed (15-20 minut)<\/li>\n<\/ul>\n<\/div>\n<\/div>\n<\/div>\n<\/div>\n<\/div>\n\t\t\t\t<\/div>\n\n\t\t\t\t<div class=\"meta meta-buttons d-flex flex-column flex-sm-row justify-content-start\">\n\t\t\t\t\t<a class=\"btn \" href=\"https:\/\/www.osd.at\/en\/exams\/oesd-exams\/oesd-zertifikat-c1-jugendliche-zc1-j\/\" title=\"V\u00edce na www.osd.at\" target=\"_blank\">V\u00edce na www.osd.at<\/a>\n\t\t\t\t\t\t<\/div>\n\t\t\n\t<\/div>\n\n\t\t\n\t<div class=\"wpa9-card-l-panel wpa9-panel shadow rounded d-flex flex-column justify-content-between\">\n\n\t\t<div>\n\t\t\t\t\n\t\t\t\t\t\t\t\t<h2 class=\"wpa9-panel-title\">telc Deutsch B2-C1 Beruf<\/h2>\n\t\t\n\t\t\t\t\t\t\t<div class=\"wpa9-panel-content\"><div class=\"box-content\">\n<div class=\"box-content\">\n<div class=\"box-content\">\n<p>The European Language Certificates<\/p>\n<p>Zkou\u0161ka z\u00a0obchodn\u00ed n\u011bm\u010diny na \u00farovni B2-C1<\/p>\n<p>Zkou\u0161ka obsahuje:<\/p>\n<ul>\n<li>\u010dten\u00ed (50 minut)<\/li>\n<li>u\u017eit\u00ed jazyka (20 minut)<\/li>\n<li>poslech (40 minut)<\/li>\n<li>psan\u00ed (60 minut)<\/li>\n<li>\u00fastn\u00ed testov\u00e1n\u00ed (20 minut, obvykle vedeno ve dvojici kandid\u00e1t\u016f)<\/li>\n<\/ul>\n<\/div>\n<\/div>\n<\/div>\n<\/div>\n\t\t\t\t<\/div>\n\n\t\t\t\t<div class=\"meta meta-buttons d-flex flex-column flex-sm-row justify-content-start\">\n\t\t\t\t\t<a class=\"btn \" href=\"https:\/\/www.telc.net\/en\/candidates\/language-examinations\/tests\/detail\/telc-deutsch-b2c1-beruf.html\" title=\"V\u00edce na www.telc.net\" target=\"_blank\">V\u00edce na www.telc.net<\/a>\n\t\t\t\t\t\t<\/div>\n\t\t\n\t<\/div>\n\n\t\t\n\t<div class=\"wpa9-card-l-panel wpa9-panel shadow rounded d-flex flex-column justify-content-between\">\n\n\t\t<div>\n\t\t\t\t\n\t\t\t\t\t\t\t\t<h2 class=\"wpa9-panel-title\">telc Deutsch B2-C1 Medizin<\/h2>\n\t\t\n\t\t\t\t\t\t\t<div class=\"wpa9-panel-content\"><div class=\"box-content\">\n<div class=\"box-content\">\n<div class=\"box-content\">\n<p>The European Language Certificates<\/p>\n<p>Zkou\u0161ka z\u00a0odborn\u00e9 n\u011bm\u010diny na \u00farovni B2-C1 pro l\u00e9ka\u0159e<\/p>\n<p>Zkou\u0161ka obsahuje:<\/p>\n<ul>\n<li>\u010dten\u00ed (50 minut)<\/li>\n<li>u\u017eit\u00ed jazyka (20 minut)<\/li>\n<li>poslech (40 minut)<\/li>\n<li>psan\u00ed (60 minut)<\/li>\n<li>\u00fastn\u00ed testov\u00e1n\u00ed (45 minut, obvykle vedeno ve dvojici kandid\u00e1t\u016f)<\/li>\n<\/ul>\n<\/div>\n<\/div>\n<\/div>\n<\/div>\n\t\t\t\t<\/div>\n\n\t\t\t\t<div class=\"meta meta-buttons d-flex flex-column flex-sm-row justify-content-start\">\n\t\t\t\t\t<a class=\"btn \" href=\"https:\/\/www.telc.net\/en\/candidates\/language-examinations\/tests\/detail\/telc-deutsch-b2c1-medizin.html\" title=\"V\u00edce na www.telc.net\" target=\"_blank\">V\u00edce na www.telc.net<\/a>\n\t\t\t\t\t\t<\/div>\n\t\t\n\t<\/div>\n\n\t\t\n\t<div class=\"wpa9-card-l-panel wpa9-panel shadow rounded d-flex flex-column justify-content-between\">\n\n\t\t<div>\n\t\t\t\t\n\t\t\t\t\t\t\t\t<h2 class=\"wpa9-panel-title\">telc Deutsch B2-C1 Medizin Fachsprachpr\u00fcfung<\/h2>\n\t\t\n\t\t\t\t\t\t\t<div class=\"wpa9-panel-content\"><div class=\"box-content\">\n<div class=\"box-content\">\n<div class=\"box-content\">\n<p>The European Language Certificates<\/p>\n<p>Zkou\u0161ka z\u00a0odborn\u00e9 n\u011bm\u010diny na \u00farovni B2-C1 pro l\u00e9ka\u0159e podle pravidel z\u00a0\u010dervna 2014<\/p>\n<p>Zkou\u0161ka obsahuje:<\/p>\n<ul>\n<li>\u010dten\u00ed (40 minut)<\/li>\n<li>u\u017eit\u00ed jazyka (10 minut)<\/li>\n<li>poslech (30 minut)<\/li>\n<li>\u00fastn\u00ed testov\u00e1n\u00ed \u2013 rozhovor (20 min), l\u00e9ka\u0159sk\u00e1 zpr\u00e1va (20 min) a&nbsp;prezentace p\u0159\u00edpadu (20 minut)<\/li>\n<\/ul>\n<\/div>\n<\/div>\n<\/div>\n<\/div>\n\t\t\t\t<\/div>\n\n\t\t\t\t<div class=\"meta meta-buttons d-flex flex-column flex-sm-row justify-content-start\">\n\t\t\t\t\t<a class=\"btn \" href=\"https:\/\/www.telc.net\/en\/candidates\/language-examinations\/tests\/detail\/telc-deutsch-b2c1-medizin-fachsprachpruefung.html\" title=\"V\u00edce na www.telc.net\" target=\"_blank\">V\u00edce na www.telc.net<\/a>\n\t\t\t\t\t\t<\/div>\n\t\t\n\t<\/div>\n\n\t\t\n\t<div class=\"wpa9-card-l-panel wpa9-panel shadow rounded d-flex flex-column justify-content-between\">\n\n\t\t<div>\n\t\t\t\t\n\t\t\t\t\t\t\t\t<h2 class=\"wpa9-panel-title\">telc Deutsch C1<\/h2>\n\t\t\n\t\t\t\t\t\t\t<div class=\"wpa9-panel-content\"><div class=\"box-content\">\n<div class=\"box-content\">\n<div class=\"box-content\">\n<p>The European Language Certificates<\/p>\n<p>Zkou\u0161ka z&nbsp;obecn\u00e9 n\u011bm\u010diny na \u00farovni C1<\/p>\n<p>Zkou\u0161ka obsahuje:<\/p>\n<ul>\n<li>\u010dten\u00ed a&nbsp;u\u017eit\u00ed jazyka (90 minut)<\/li>\n<li>poslech (40 minut)<\/li>\n<li>psan\u00ed (70 minut)<\/li>\n<li>\u00fastn\u00ed testov\u00e1n\u00ed (16 minut ve dvojici nebo 24 minut ve trojici)<\/li>\n<\/ul>\n<\/div>\n<\/div>\n<\/div>\n<\/div>\n\t\t\t\t<\/div>\n\n\t\t\t\t<div class=\"meta meta-buttons d-flex flex-column flex-sm-row justify-content-start\">\n\t\t\t\t\t<a class=\"btn \" href=\"https:\/\/www.telc.net\/en\/candidates\/language-examinations\/tests\/detail\/telc-deutsch-c1.html\" title=\"V\u00edce na www.telc.net\" target=\"_blank\">V\u00edce na www.telc.net<\/a>\n\t\t\t\t\t\t<\/div>\n\t\t\n\t<\/div>\n\n\t\t\n\t<div class=\"wpa9-card-l-panel wpa9-panel shadow rounded d-flex flex-column justify-content-between\">\n\n\t\t<div>\n\t\t\t\t\n\t\t\t\t\t\t\t\t<h2 class=\"wpa9-panel-title\">telc Deutsch C1 Beruf<\/h2>\n\t\t\n\t\t\t\t\t\t\t<div class=\"wpa9-panel-content\"><div class=\"box-content\">\n<div class=\"box-content\">\n<div class=\"box-content\">\n<p>The European Language Certificates<\/p>\n<p>Zkou\u0161ka z\u00a0odchodn\u00ed n\u011bm\u010diny na \u00farovni C1<\/p>\n<p>Zkou\u0161ka obsahuje:<\/p>\n<ul>\n<li>\u010dten\u00ed a&nbsp;u\u017eit\u00ed jazyka (90 minut)<\/li>\n<li>poslech (40 minut)<\/li>\n<li>psan\u00ed (70 minut)<\/li>\n<li>\u00fastn\u00ed testov\u00e1n\u00ed (16 minut ve dvojici nebo 24 minut ve trojici)<\/li>\n<\/ul>\n<\/div>\n<\/div>\n<\/div>\n<\/div>\n\t\t\t\t<\/div>\n\n\t\t\t\t<div class=\"meta meta-buttons d-flex flex-column flex-sm-row justify-content-start\">\n\t\t\t\t\t<a class=\"btn \" href=\"https:\/\/www.telc.net\/en\/candidates\/language-examinations\/tests\/detail\/telc-deutsch-c1-beruf.html\" title=\"V\u00edce na www.telc.net\" target=\"_blank\">V\u00edce na www.telc.net<\/a>\n\t\t\t\t\t\t<\/div>\n\t\t\n\t<\/div>\n\n\t\t\n\t<div class=\"wpa9-card-l-panel wpa9-panel shadow rounded d-flex flex-column justify-content-between\">\n\n\t\t<div>\n\t\t\t\t\n\t\t\t\t\t\t\t\t<h2 class=\"wpa9-panel-title\">telc Deutsch C1 Hochschule<\/h2>\n\t\t\n\t\t\t\t\t\t\t<div class=\"wpa9-panel-content\"><div class=\"box-content\">\n<div class=\"box-content\">\n<div class=\"box-content\">\n<p>The European Language Certificates<\/p>\n<p>Zkou\u0161ka z&nbsp;obecn\u00e9 n\u011bm\u010diny na \u00farovni C1 pro studenty n\u011bmeck\u00fdch V\u0160 nebo z\u00e1jemce o&nbsp;studium na n\u011bmeck\u00fdch V\u0160<\/p>\n<p>Zkou\u0161ka obsahuje:<\/p>\n<ul>\n<li>\u010dten\u00ed a&nbsp;u\u017eit\u00ed jazyka (90 minut)<\/li>\n<li>poslech (40 minut)<\/li>\n<li>psan\u00ed (70 minut)<\/li>\n<li>\u00fastn\u00ed testov\u00e1n\u00ed (16 minut ve dvojici nebo 24 minut ve trojici)<\/li>\n<\/ul>\n<\/div>\n<\/div>\n<\/div>\n<\/div>\n\t\t\t\t<\/div>\n\n\t\t\t\t<div class=\"meta meta-buttons d-flex flex-column flex-sm-row justify-content-start\">\n\t\t\t\t\t<a class=\"btn \" href=\"https:\/\/www.telc.net\/en\/candidates\/language-examinations\/tests\/detail\/telc-deutsch-c1-hochschule.html\" title=\"V\u00edce na www.telc.net\" target=\"_blank\">V\u00edce na www.telc.net<\/a>\n\t\t\t\t\t\t<\/div>\n\t\t\n\t<\/div>\n\n\t\t\n\t<div class=\"wpa9-card-l-panel wpa9-panel shadow rounded d-flex flex-column justify-content-between\">\n\n\t\t<div>\n\t\t\t\t\n\t\t\t\t\t\t\t\t<h2 class=\"wpa9-panel-title\">Standardizovan\u00e1 zkou\u0161ka JASPEX \u2013 \u00farove\u0148 C1<\/h2>\n\t\t\n\t\t\t\t\t\t\t<div class=\"wpa9-panel-content\"><div class=\"box-content\">\n<div class=\"box-content\">\n<div class=\"box-content\">\n<p>Standardizovan\u00e1 zkou\u0161ka testuje znalosti n\u011bmeck\u00e9ho jazyka na \u00farovni C1<\/p>\n<p>Zkou\u0161ka obsahuje:<\/p>\n<ul>\n<li>p\u00edsemnou \u010d\u00e1st \u2013 \u010dten\u00ed s&nbsp;porozum\u011bn\u00edm, poslech, u\u017eit\u00ed jazyka a&nbsp;psan\u00ed (240 minut)<\/li>\n<li>\u00fastn\u00ed \u010d\u00e1st (15 minut)<\/li>\n<\/ul>\n<\/div>\n<\/div>\n<\/div>\n<\/div>\n\t\t\t\t<\/div>\n\n\t\t\t\t<div class=\"meta meta-buttons d-flex flex-column flex-sm-row justify-content-start\">\n\t\t\t\t\t<a class=\"btn \" href=\"https:\/\/www.muvs.cvut.cz\/zajemci-o-studium\/jazykove-vzdelavani\/jazykove-zkousky\/\" title=\"V\u00edce na www.muvs.cvut.cz\" target=\"_blank\">V\u00edce na www.muvs.cvut.cz<\/a>\n\t\t\t\t\t\t<\/div>\n\t\t\n\t<\/div>\n\n\t\t\n\t<div class=\"wpa9-card-l-panel wpa9-panel shadow rounded d-flex flex-column justify-content-between\">\n\n\t\t<div>\n\t\t\t\t\n\t\t\t\t\t\t\t\t<h2 class=\"wpa9-panel-title\">ECL C1<\/h2>\n\t\t\n\t\t\t\t\t\t\t<div class=\"wpa9-panel-content\"><div class=\"box-content\">\n<div class=\"box-content\">\n<div class=\"box-content\">\n<div class=\"box-content\">\n<p>European Consortium for the Certificate of Attainment in Modern Languages C1<\/p>\n<p>Zkou\u0161ka z&nbsp;obecn\u00e9 n\u011bm\u010diny na \u00farovni C1 pro kandid\u00e1ty od 14 let<\/p>\n<p>Zkou\u0161ka obsahuje:<\/p>\n<ul>\n<li>poslech (cca 30-35 minut)<\/li>\n<li>\u010dten\u00ed (45 minut)<\/li>\n<li>psan\u00ed (75 minut)<\/li>\n<li>\u00fastn\u00ed testov\u00e1n\u00ed (13-15 minut u&nbsp;jednoho kandid\u00e1ta, 18-20 minut u&nbsp;dvou kandid\u00e1t\u016f a&nbsp;28-30 minut u&nbsp;t\u0159\u00ed kandid\u00e1t\u016f)<\/li>\n<\/ul>\n<\/div>\n<\/div>\n<\/div>\n<\/div>\n<\/div>\n\t\t\t\t<\/div>\n\n\t\t\t\t<div class=\"meta meta-buttons d-flex flex-column flex-sm-row justify-content-start\">\n\t\t\t\t\t<a class=\"btn \" href=\"https:\/\/eclexam.eu\" title=\"V\u00edce na eclexam.eu\/\" target=\"_blank\">V\u00edce na eclexam.eu\/<\/a>\n\t\t\t\t\t\t<\/div>\n\t\t\n\t<\/div>\n\n\t\t\n\t<div class=\"wpa9-card-l-panel wpa9-panel shadow rounded d-flex flex-column justify-content-between\">\n\n\t\t<div>\n\t\t\t\t\n\t\t\t\t\t\t\t\t<h2 class=\"wpa9-panel-title\">TestDaF<\/h2>\n\t\t\n\t\t\t\t\t\t\t<div class=\"wpa9-panel-content\"><p>Der Test Deutsch als Fremdsprache<\/p>\n<p>Zkou\u0161ka z&nbsp;obecn\u00e9 n\u011bm\u010diny na \u00farovni B2\u2013C1<\/p>\n<ul>\n<li>minimum absolvovan\u00fdch lekc\u00ed: cca 700\u20131000 hodin<\/li>\n<li>zkou\u0161ka je ur\u010dena p\u0159edev\u0161\u00edm z\u00e1jemc\u016fm o&nbsp;studium na vysok\u00e9 \u0161kole v&nbsp;N\u011bmecku<\/li>\n<li>zkou\u0161ka obsahuje:\n<ul>\n<li>\u010dten\u00ed (60 minut)<\/li>\n<li>poslech (cca 40 minut)<\/li>\n<li>psan\u00ed (60 minut)<\/li>\n<li>\u00fastn\u00ed testov\u00e1n\u00ed (cca 35 minut, vedeno s&nbsp;jedn\u00edm kandid\u00e1tem)<\/li>\n<\/ul>\n<\/li>\n<\/ul>\n<\/div>\n\t\t\t\t<\/div>\n\n\t\t\t\t<div class=\"meta meta-buttons d-flex flex-column flex-sm-row justify-content-start\">\n\t\t\t\t\t<a class=\"btn \" href=\"https:\/\/www.goethe.de\/ins\/cz\/cs\/spr\/prf\/testdaf.html\" title=\"www.goethe.de\" target=\"_blank\">www.goethe.de<\/a>\n\t\t\t\t\t\t<\/div>\n\t\t\n\t<\/div>\n\n\t\t\n\t<div class=\"wpa9-card-l-panel wpa9-panel shadow rounded d-flex flex-column justify-content-between\">\n\n\t\t<div>\n\t\t\t\t\n\t\t\t\t\t\t\t\t<h2 class=\"wpa9-panel-title\">St\u00e1tn\u00ed jazykov\u00e1 zkou\u0161ka v\u0161eobecn\u00e1<\/h2>\n\t\t\n\t\t\t\t\t\t\t<div class=\"wpa9-panel-content\"><div class=\"boards-section__box \">\n<div class=\"box-content\">\n<div class=\"box-content\">\n<p>Zkou\u0161ka z&nbsp;obecn\u00e9 n\u011bm\u010diny na \u00farovni C1<\/p>\n<ul>\n<li>minimum absolvovan\u00fdch lekc\u00ed: cca 4000 lexik\u00e1ln\u00edch jednotek<\/li>\n<li>zkou\u0161ku organizuj\u00ed jazykov\u00e9 \u0161koly s&nbsp;pr\u00e1vem st\u00e1tn\u00ed jazykov\u00e9 zkou\u0161ky po&nbsp;cel\u00e9 \u010cR<\/li>\n<li>zkou\u0161ka obsahuje:\n<ul>\n<li>p\u00edsemnou \u010d\u00e1st:\n<ul>\n<li>\u010dten\u00ed (55-60 minut),<\/li>\n<li>psan\u00ed (85 minut),<\/li>\n<li>poslech (40-45 minut),<\/li>\n<li>u\u017eit\u00ed jazyka (55-60 minut)<\/li>\n<\/ul>\n<\/li>\n<li>\u00fastn\u00ed \u010d\u00e1st (25-30 minut)<\/li>\n<\/ul>\n<\/li>\n<\/ul>\n<\/div>\n<\/div>\n<\/div>\n<\/div>\n\t\t\t\t<\/div>\n\n\t\t\t\t<div class=\"meta meta-buttons d-flex flex-column flex-sm-row justify-content-start\">\n\t\t\t\t\t<a class=\"btn \" href=\"https:\/\/www.msmt.cz\/vzdelavani\/stredni-vzdelavani\/jazykove-skoly-s-pravem-statni-jazykove-zkousky\" title=\"V\u00edce na www.msmt.cz\" target=\"_blank\">V\u00edce na www.msmt.cz<\/a>\n\t\t\t\t\t\t<\/div>\n\t\t\n\t<\/div>\n\n\t\t\n\t<div class=\"wpa9-card-l-panel wpa9-panel shadow rounded d-flex flex-column justify-content-between\">\n\n\t\t<div>\n\t\t\t\t\n\t\t\t\t\t\t\t\t<h2 class=\"wpa9-panel-title\">Pr\u00fcfung Wirtschaftsdeutsch International (PWD)<\/h2>\n\t\t\n\t\t\t\t\t\t\t<div class=\"wpa9-panel-content\"><div class=\"box-content\">\n<p>Zkou\u0161ka testuje znalosti obchodn\u00ed n\u011bm\u010diny na \u00farovni C1<\/p>\n<ul>\n<li>zkou\u0161ka je ur\u010dena pro dosp\u011bl\u00e9<\/li>\n<li>minimum absolvovan\u00fdch hodin v\u00fduky: cca 800\u20131000 hodin, p\u0159i\u010dem\u017e alespo\u0148 250 hodin by m\u011blo b\u00fdt zam\u011b\u0159eno na v\u00fduku specializovanou na obchodn\u00ed jazyk<\/li>\n<li>zkou\u0161ka obsahuje:\n<ul>\n<li>\u010dten\u00ed (75 minut)<\/li>\n<li>poslech (cca 70 minut)<\/li>\n<li>psan\u00ed (45 minut)<\/li>\n<li>\u00fastn\u00ed \u010d\u00e1st (20 minut)<\/li>\n<\/ul>\n<\/li>\n<\/ul>\n<\/div>\n<\/div>\n\t\t\t\t<\/div>\n\n\t\t\t\t<div class=\"meta meta-buttons d-flex flex-column flex-sm-row justify-content-start\">\n\t\t\t\t\t<a class=\"btn \" href=\"https:\/\/tschechien.ahk.de\/cz\/business-services\/kvalifikace-zamestnancu\/zkouska-z-hospodarske-nemciny\" title=\"V\u00edce na www.dihk-bildungs-gmbh.de\" target=\"_blank\">V\u00edce na www.dihk-bildungs-gmbh.de<\/a>\n\t\t\t\t\t\t<\/div>\n\t\t\n\t<\/div>\n\n\t\t\n\t\n<\/div>\n<\/div><\/div><\/div><\/div><\/div><div id=\"pg-9720-2\"  class=\"panel-grid panel-has-style\" ><div class=\"siteorigin-panels-stretch panel-row-padding-none panel-row-style panel-row-style-for-9720-2\" data-stretch-type=\"full\" ><div id=\"pgc-9720-2-0\"  class=\"panel-grid-cell\" ><div id=\"panel-9720-2-0-0\" class=\"so-panel widget widget_skrv-incl-widget panel-first-child panel-last-child\" data-index=\"2\" ><div\n\t\t\t\n\t\t\tclass=\"so-widget-skrv-incl-widget so-widget-skrv-incl-widget-default-c93e1481a745-9720\"\n\t\t\t\n\t\t><div id=\"pl-8541\"  class=\"panel-layout\" ><div id=\"pg-8541-0\"  class=\"panel-grid panel-no-style\" ><div id=\"pgc-8541-0-0\"  class=\"panel-grid-cell\" ><div id=\"panel-8541-0-0-0\" class=\"so-panel widget widget_wpa9-card-s panel-first-child panel-last-child\" data-index=\"0\" ><div\n\t\t\t\n\t\t\tclass=\"so-widget-wpa9-card-s so-widget-wpa9-card-s-default-c93e1481a745-9720\"\n\t\t\t\n\t\t><div class=\"wpa9-card wpa9-card-s wide negative\">\n\n\t<div class=\"wpa9-card-wrapper container\">\n\n\t\t<div class=\"wpa9-card-text\">\n\t\t\t<h2 class=\"wpa9-card-title\">P\u0159\u00edpravn\u00e9 kurzy<\/h2>\n\t\t\t<div class=\"wpa9-card-content\"><p style=\"text-align: center\">Vybrali jste si zkou\u0161ku a&nbsp;chcete se na ni p\u0159ipravit? Anebo st\u00e1le v\u00e1h\u00e1te, kter\u00e1 je pro v\u00e1s vhodn\u00e1? Za\u0161lete nez\u00e1vaznou popt\u00e1vku, r\u00e1di v\u00e1m porad\u00edme.<\/p>\n<\/div>\t\t<\/div>\n\n\t\t\t\t<div class=\"meta meta-buttons d-flex flex-row justify-content-center\">\n\t\t\t\t\t\t\t<a class=\"btn btn-negative \" href=\"https:\/\/skrivanek.cz\/cz\/poptavka\/\" title=\"M\u00e1m z\u00e1jem \">M\u00e1m z\u00e1jem <\/a>\n\t\t\t\t<\/div>\n\t\t\n\t<\/div>\n\n<\/div>\n<\/div><\/div><\/div><\/div><\/div><\/div><\/div><\/div><\/div><\/div><\/div>","protected":false},"excerpt":{"rendered":"<p>\u00darove\u0148 n\u011bm\u010diny C1 Rozum\u00ed \u0161irok\u00e9mu okruhu n\u00e1ro\u010dn\u00fdch del\u0161\u00edch text\u016f a\u00a0dok\u00e1\u017ee rozpoznat skryt\u00fd\u00a0v\u00fdznam. Um\u00ed se vyjad\u0159ovat plynule a\u00a0spont\u00e1nn\u011b, bez p\u0159\u00edli\u0161 zjevn\u00e9ho hled\u00e1n\u00ed\u00a0v\u00fdraz\u016f. Dok\u00e1\u017ee pou\u017e\u00edvat jazyk pru\u017en\u011b a\u00a0\u00fa\u010dinn\u011b pro spole\u010densk\u00e9, studijn\u00ed a\u00a0pracovn\u00ed\u00a0\u00fa\u010dely. Um\u00ed vytvo\u0159it jasn\u00fd, dob\u0159e \u010dlen\u011bn\u00fd podrobn\u00fd text o\u00a0slo\u017eit\u00fdch t\u00e9matech, prok\u00e1zat uv\u011bdom\u011bl\u00e9 u\u017eit\u00ed z\u00e1sad stavby textu, spojovac\u00edch v\u00fdraz\u016f a\u00a0prost\u0159edk\u016f vyjad\u0159uj\u00edc\u00edch vazby\u00a0v\u00a0textu. Jazykov\u00e1 \u00farove\u0148 Sk\u0159iv\u00e1nek:\u00a0velmi\u00a0pokro\u010dil\u00fd. Pot\u0159ebujete pomoc [&hellip;]<\/p>\n","protected":false},"author":7,"featured_media":0,"parent":305,"menu_order":0,"comment_status":"closed","ping_status":"closed","template":"","meta":{"_acf_changed":false,"footnotes":""},"class_list":["post-9720","page","type-page","status-publish","hentry"],"acf":[],"aioseo_notices":[],"_links":{"self":[{"href":"https:\/\/skrivanek.cz\/cz\/wp-json\/wp\/v2\/pages\/9720","targetHints":{"allow":["GET"]}}],"collection":[{"href":"https:\/\/skrivanek.cz\/cz\/wp-json\/wp\/v2\/pages"}],"about":[{"href":"https:\/\/skrivanek.cz\/cz\/wp-json\/wp\/v2\/types\/page"}],"author":[{"embeddable":true,"href":"https:\/\/skrivanek.cz\/cz\/wp-json\/wp\/v2\/users\/7"}],"replies":[{"embeddable":true,"href":"https:\/\/skrivanek.cz\/cz\/wp-json\/wp\/v2\/comments?post=9720"}],"version-history":[{"count":3,"href":"https:\/\/skrivanek.cz\/cz\/wp-json\/wp\/v2\/pages\/9720\/revisions"}],"predecessor-version":[{"id":80237,"href":"https:\/\/skrivanek.cz\/cz\/wp-json\/wp\/v2\/pages\/9720\/revisions\/80237"}],"up":[{"embeddable":true,"href":"https:\/\/skrivanek.cz\/cz\/wp-json\/wp\/v2\/pages\/305"}],"wp:attachment":[{"href":"https:\/\/skrivanek.cz\/cz\/wp-json\/wp\/v2\/media?parent=9720"}],"curies":[{"name":"wp","href":"https:\/\/api.w.org\/{rel}","templated":true}]}}