{"id":9732,"date":"2021-04-17T12:11:23","date_gmt":"2021-04-17T10:11:23","guid":{"rendered":"https:\/\/skrivanek.cz\/?page_id=9732"},"modified":"2026-03-24T12:34:24","modified_gmt":"2026-03-24T11:34:24","slug":"nj-expert","status":"publish","type":"page","link":"https:\/\/skrivanek.cz\/cz\/jazykova-skola\/nj-expert\/","title":{"rendered":"N\u011bm\u010dina C2"},"content":{"rendered":"<div id=\"pl-9732\"  class=\"panel-layout\" ><div id=\"pg-9732-0\"  class=\"panel-grid panel-has-style\"  style=\"margin-bottom: 0px\" ><div class=\"panel-row-padding-none panel-row-style panel-row-style-for-9732-0\" ><div id=\"pgc-9732-0-0\"  class=\"panel-grid-cell\" ><div id=\"panel-9732-0-0-0\" class=\"so-panel widget widget_wpa9-editor-ext panel-first-child panel-last-child\" data-index=\"0\" ><div\n\t\t\t\n\t\t\tclass=\"so-widget-wpa9-editor-ext so-widget-wpa9-editor-ext-default-c93e1481a745-9732\"\n\t\t\t\n\t\t>\n<div class=\"siteorigin-widget-tinymce textwidget\">\n\t<h2 class=\"wpa9-panel-title\">\u00darove\u0148 n\u011bm\u010diny C2<\/h2>\n<div class=\"wpa9-panel-content\">\n<ul>\n<li>Snadno rozum\u00ed prakticky v\u0161emu, co sly\u0161\u00ed nebo\u00a0\u010dte.<\/li>\n<li>Dok\u00e1\u017ee shrnout informace z\u00a0r\u016fzn\u00fdch mluven\u00fdch a\u00a0psan\u00fdch zdroj\u016f, rekonstruovat argumenty a\u00a0vysv\u011btlen\u00ed a\u00a0souvisle je\u00a0prezentovat.<\/li>\n<li>Um\u00ed se vyjad\u0159ovat spont\u00e1nn\u011b, velice plynule a\u00a0p\u0159esn\u011b, p\u0159i\u010dem\u017e rozli\u0161uje jemn\u011bj\u0161\u00ed v\u00fdznamov\u00e9 odst\u00edny i\u00a0ve slo\u017eit\u011bj\u0161\u00edch\u00a0situac\u00edch.<\/li>\n<li>Jazykov\u00e1 \u00farove\u0148 Sk\u0159iv\u00e1nek:\u00a0<strong>expert<\/strong>.<\/li>\n<\/ul>\n<p><strong>Pot\u0159ebujete pomoc s\u00a0p\u0159\u00edpravou na zkou\u0161ky? Chcete se procvi\u010dit v\u00a0oblasti, ve kter\u00e9 si nejste \u00fapln\u011b jist\u00ed? R\u00e1di v\u00e1m s\u00a0t\u00edm pom\u016f\u017eeme! Sta\u010d\u00ed si objednat u\u00a0n\u00e1s kurz.<\/strong><\/p>\n<\/div>\n<p style=\"text-align: center;\"><a class=\"btn btn-negative\" href=\"https:\/\/skrivanek.cz\/cz\/jazykova-skola\/individualni-vyuka-jazyku\/nemcina\/\">Chci individu\u00e1ln\u00ed kurz n\u011bm\u010diny na \u00farovni C2<\/a><\/p>\n<\/div>\n<\/div><\/div><\/div><\/div><\/div><div id=\"pg-9732-1\"  class=\"panel-grid panel-has-style\"  style=\"margin-bottom: 0px\" ><div class=\"siteorigin-panels-stretch panel-row-padding-none panel-row-style panel-row-style-for-9732-1\" data-stretch-type=\"full\" ><div id=\"pgc-9732-1-0\"  class=\"panel-grid-cell\" ><div id=\"panel-9732-1-0-0\" class=\"so-panel widget widget_wpa9-card-l panel-first-child panel-last-child\" data-index=\"1\" ><div\n\t\t\t\n\t\t\tclass=\"so-widget-wpa9-card-l so-widget-wpa9-card-l-default-c93e1481a745-9732\"\n\t\t\t\n\t\t>\n<h3 class=\"widget-title\">Jazykov\u00e9 zkou\u0161ky n\u011bm\u010diny pro \u00farove\u0148 C2<\/h3>\n<div class=\"wpa9-card wpa9-card-l-container d-flex flex-wrap wpa9-columns-2\">\n\n\t\n\t\t\n\t<div class=\"wpa9-card-l-panel wpa9-panel shadow rounded d-flex flex-column justify-content-between\">\n\n\t\t<div>\n\t\t\t\t\n\t\t\t\t\t\t\t\t<h2 class=\"wpa9-panel-title\">Goethe-Zertifikat C2: Grosses Deutsches Sprachdiplom<\/h2>\n\t\t\n\t\t\t\t\t\t\t<div class=\"wpa9-panel-content\"><p>Zkou\u0161ka z&nbsp;obecn\u00e9 n\u011bm\u010diny na \u00farovni C2<\/p>\n<ul>\n<li>zkou\u0161ka oprav\u0148uje kandid\u00e1ta k&nbsp;veden\u00ed v\u00fdzkumu \u010di&nbsp;v\u00fduky v&nbsp;N\u011bmecku<\/li>\n<li>doporu\u010den\u00fd minim\u00e1ln\u00ed v\u011bk kandid\u00e1t\u016f je 18 let<\/li>\n<li>minimum absolvovan\u00fdch lekc\u00ed: alespo\u0148 1000 v\u00fdukov\u00fdch jednotek po&nbsp;45 minut\u00e1ch<\/li>\n<li>zkou\u0161ka obsahuje:\n<ul>\n<li>\u010dten\u00ed (80 minut)<\/li>\n<li>poslech (cca 35 minut)<\/li>\n<li>psan\u00ed (80 minut)<\/li>\n<li>\u00fastn\u00ed testov\u00e1n\u00ed (15 minut, vedeno ve dvojici kandid\u00e1t\u016f)<\/li>\n<\/ul>\n<\/li>\n<\/ul>\n<\/div>\n\t\t\t\t<\/div>\n\n\t\t\t\t<div class=\"meta meta-buttons d-flex flex-column flex-sm-row justify-content-start\">\n\t\t\t\t\t<a class=\"btn \" href=\"https:\/\/www.goethe.de\/ins\/cz\/cs\/spr\/prf\/gzc2.cfm\" title=\"V\u00edce na www.goethe.de\" target=\"_blank\">V\u00edce na www.goethe.de<\/a>\n\t\t\t\t\t\t<\/div>\n\t\t\n\t<\/div>\n\n\t\t\n\t<div class=\"wpa9-card-l-panel wpa9-panel shadow rounded d-flex flex-column justify-content-between\">\n\n\t\t<div>\n\t\t\t\t\n\t\t\t\t\t\t\t\t<h2 class=\"wpa9-panel-title\">\u00d6SD Zertifikat C2<\/h2>\n\t\t\n\t\t\t\t\t\t\t<div class=\"wpa9-panel-content\"><div class=\"box-content\">\n<div class=\"box-content\">\n<div class=\"box-content\">\n<div class=\"box-content\">\n<div class=\"box-content\">\n<div class=\"box-content\">\n<p>Zkou\u0161ka z&nbsp;obecn\u00e9 n\u011bm\u010diny na \u00farovni C2 pro kandid\u00e1ty od 16 let<\/p>\n<p>Zkou\u0161ka obsahuje:<\/p>\n<ul>\n<li>\u010dten\u00ed (90 minut)<\/li>\n<li>poslech (cca 40 minut)<\/li>\n<li>psan\u00ed (75 minut)<\/li>\n<li>\u00fastn\u00ed testov\u00e1n\u00ed (15-20 minut)<\/li>\n<\/ul>\n<\/div>\n<\/div>\n<\/div>\n<\/div>\n<\/div>\n<\/div>\n<\/div>\n\t\t\t\t<\/div>\n\n\t\t\t\t<div class=\"meta meta-buttons d-flex flex-column flex-sm-row justify-content-start\">\n\t\t\t\t\t<a class=\"btn \" href=\"https:\/\/www.osd.at\/en\/exams\/oesd-exams\/oesd-zertifikat-c2-zc2\/\" title=\"V\u00edce na www.osd.at\" target=\"_blank\">V\u00edce na www.osd.at<\/a>\n\t\t\t\t\t\t<\/div>\n\t\t\n\t<\/div>\n\n\t\t\n\t<div class=\"wpa9-card-l-panel wpa9-panel shadow rounded d-flex flex-column justify-content-between\">\n\n\t\t<div>\n\t\t\t\t\n\t\t\t\t\t\t\t\t<h2 class=\"wpa9-panel-title\">\u00d6SD Zertifikat C2 \/ Wirtschaftssprache Deutsch<\/h2>\n\t\t\n\t\t\t\t\t\t\t<div class=\"wpa9-panel-content\"><div class=\"box-content\">\n<div class=\"box-content\">\n<div class=\"box-content\">\n<div class=\"box-content\">\n<div class=\"box-content\">\n<div class=\"box-content\">\n<p>Zkou\u0161ka z&nbsp;obchodn\u00ed n\u011bm\u010diny na \u00farovni C2 pro kandid\u00e1ty od 16 let<\/p>\n<p>Zkou\u0161ka obsahuje:<\/p>\n<ul>\n<li>\u010dten\u00ed (90 minut)<\/li>\n<li>poslech (cca 40 minut)<\/li>\n<li>psan\u00ed (75 minut)<\/li>\n<li>\u00fastn\u00ed testov\u00e1n\u00ed (15-20 minut)<\/li>\n<\/ul>\n<\/div>\n<\/div>\n<\/div>\n<\/div>\n<\/div>\n<\/div>\n<\/div>\n\t\t\t\t<\/div>\n\n\t\t\t\t<div class=\"meta meta-buttons d-flex flex-column flex-sm-row justify-content-start\">\n\t\t\t\t\t<a class=\"btn \" href=\"https:\/\/www.osd.at\/en\/exams\/oesd-exams\/oesd-zertifikat-c2-wirtschaftssprache-deutsch-zc2-wd\/\" title=\"V\u00edce na www.osd.at\" target=\"_blank\">V\u00edce na www.osd.at<\/a>\n\t\t\t\t\t\t<\/div>\n\t\t\n\t<\/div>\n\n\t\t\n\t<div class=\"wpa9-card-l-panel wpa9-panel shadow rounded d-flex flex-column justify-content-between\">\n\n\t\t<div>\n\t\t\t\t\n\t\t\t\t\t\t\t\t<h2 class=\"wpa9-panel-title\">telc Deutsch C2<\/h2>\n\t\t\n\t\t\t\t\t\t\t<div class=\"wpa9-panel-content\"><div class=\"box-content\">\n<p>The European Language Certificates<\/p>\n<p>&nbsp;<\/p>\n<p>Zkou\u0161ka z&nbsp;obecn\u00e9 n\u011bm\u010diny na \u00farovni C2<\/p>\n<p>Zkou\u0161ka obsahuje:<\/p>\n<ul>\n<li>\u010dten\u00ed (80 minut)<\/li>\n<li>poslech a&nbsp;psan\u00ed (60 minut)<\/li>\n<li>psan\u00ed (90 minut)<\/li>\n<li>\u00fastn\u00ed testov\u00e1n\u00ed (15 minut, individu\u00e1ln\u00ed testov\u00e1n\u00ed)<\/li>\n<\/ul>\n<\/div>\n<\/div>\n\t\t\t\t<\/div>\n\n\t\t\t\t<div class=\"meta meta-buttons d-flex flex-column flex-sm-row justify-content-start\">\n\t\t\t\t\t<a class=\"btn \" href=\"https:\/\/www.telc.net\/en\/candidates\/language-examinations\/tests\/detail\/telc-deutsch-c2.html\" title=\"V\u00edce na www.francoallemand.com\" target=\"_blank\">V\u00edce na www.francoallemand.com<\/a>\n\t\t\t\t\t\t<\/div>\n\t\t\n\t<\/div>\n\n\t\t\n\t<div class=\"wpa9-card-l-panel wpa9-panel shadow rounded d-flex flex-column justify-content-between\">\n\n\t\t<div>\n\t\t\t\t\n\t\t\t\t\t\t\t\t<h2 class=\"wpa9-panel-title\">St\u00e1tn\u00ed jazykov\u00e1 zkou\u0161ka \u2013 tlumo\u010dnick\u00e1<\/h2>\n\t\t\n\t\t\t\t\t\t\t<div class=\"wpa9-panel-content\"><div class=\"boards-section__box \">\n<div class=\"box-content\">\n<div class=\"box-content\">\n<div class=\"box-content\">\n<p>Zkou\u0161ka testuje znalosti n\u011bmeck\u00e9ho jazyka pro obor tlumo\u010dnictv\u00ed na \u00farovni C2<\/p>\n<ul>\n<li>minimum absolvovan\u00fdch lekc\u00ed: cca 5000 lexik\u00e1ln\u00edch jednotek a&nbsp;pasivn\u00ed\u0301 znalost dal\u0161\u00edch 2000 a\u017e\u030c 3000 lexika\u0301lni\u0301ch jednotek z&nbsp;obecne\u0301 a&nbsp;profesne\u030c orientovane\u0301 slovni\u0301 za\u0301soby<\/li>\n<li>zkou\u0161ku organizuj\u00ed jazykov\u00e9 \u0161koly s&nbsp;pr\u00e1vem st\u00e1tn\u00ed jazykov\u00e9 zkou\u0161ky po&nbsp;cel\u00e9 \u010cR<\/li>\n<li>zkou\u0161ka obsahuje:\n<ul>\n<li>p\u00edsemnou \u010d\u00e1st (spo\u010d\u00edv\u00e1 v&nbsp;poslechu)<\/li>\n<li>\u00fastn\u00ed \u010d\u00e1st (40\u201345 minut)<\/li>\n<\/ul>\n<\/li>\n<\/ul>\n<\/div>\n<\/div>\n<\/div>\n<\/div>\n<\/div>\n\t\t\t\t<\/div>\n\n\t\t\t\t<div class=\"meta meta-buttons d-flex flex-column flex-sm-row justify-content-start\">\n\t\t\t\t\t<a class=\"btn \" href=\"https:\/\/www.msmt.cz\/vzdelavani\/stredni-vzdelavani\/jazykove-skoly-s-pravem-statni-jazykove-zkousky\" title=\"V\u00edce na www.msmt.cz\" target=\"_blank\">V\u00edce na www.msmt.cz<\/a>\n\t\t\t\t\t\t<\/div>\n\t\t\n\t<\/div>\n\n\t\t\n\t<div class=\"wpa9-card-l-panel wpa9-panel shadow rounded d-flex flex-column justify-content-between\">\n\n\t\t<div>\n\t\t\t\t\n\t\t\t\t\t\t\t\t<h2 class=\"wpa9-panel-title\">St\u00e1tn\u00ed jazykov\u00e1 zkou\u0161ka \u2013 p\u0159ekladatelsk\u00e1<\/h2>\n\t\t\n\t\t\t\t\t\t\t<div class=\"wpa9-panel-content\"><div class=\"boards-section__box \">\n<div class=\"box-content\">\n<div class=\"box-content\">\n<div class=\"box-content\">\n<div class=\"box-content\">\n<p>Zkou\u0161ka testuje znalosti n\u011bmeck\u00e9ho jazyka pro obor p\u0159ekladatelstv\u00ed na \u00farovni C2<\/p>\n<ul>\n<li>minimum absolvovan\u00fdch lekc\u00ed: cca 5000 lexika\u0301lni\u0301ch jednotek a&nbsp;pasivni\u0301 znalost dals\u030ci\u0301ch 2000 az\u030c 3000 lexika\u0301lni\u0301ch jednotek z&nbsp;obecne\u0301 a&nbsp;profesne\u030c orientovane\u0301 slovni\u0301 za\u0301soby<\/li>\n<li>zkou\u0161ku organizuj\u00ed jazykov\u00e9 \u0161koly s&nbsp;pr\u00e1vem st\u00e1tn\u00ed jazykov\u00e9 zkou\u0161ky po&nbsp;cel\u00e9 \u010cR<\/li>\n<li>zkou\u0161ka obsahuje:\n<ul>\n<li>p\u00edsemnou \u010d\u00e1st (\u010dten\u00ed, p\u0159eklad text\u016f a&nbsp;psan\u00ed)<\/li>\n<li>\u00fastn\u00ed \u010d\u00e1st (25\u201330 minut)<\/li>\n<\/ul>\n<\/li>\n<\/ul>\n<\/div>\n<\/div>\n<\/div>\n<\/div>\n<\/div>\n<\/div>\n\t\t\t\t<\/div>\n\n\t\t\t\t<div class=\"meta meta-buttons d-flex flex-column flex-sm-row justify-content-start\">\n\t\t\t\t\t<a class=\"btn \" href=\"https:\/\/www.msmt.cz\/vzdelavani\/stredni-vzdelavani\/jazykove-skoly-s-pravem-statni-jazykove-zkousky\" title=\"V\u00edce na www.msmt.cz\" target=\"_blank\">V\u00edce na www.msmt.cz<\/a>\n\t\t\t\t\t\t<\/div>\n\t\t\n\t<\/div>\n\n\t\t\n\t\n<\/div>\n<\/div><\/div><\/div><\/div><\/div><div id=\"pg-9732-2\"  class=\"panel-grid panel-has-style\" ><div class=\"siteorigin-panels-stretch panel-row-padding-none panel-row-style panel-row-style-for-9732-2\" data-stretch-type=\"full\" ><div id=\"pgc-9732-2-0\"  class=\"panel-grid-cell\" ><div id=\"panel-9732-2-0-0\" class=\"so-panel widget widget_skrv-incl-widget panel-first-child panel-last-child\" data-index=\"2\" ><div\n\t\t\t\n\t\t\tclass=\"so-widget-skrv-incl-widget so-widget-skrv-incl-widget-default-c93e1481a745-9732\"\n\t\t\t\n\t\t><div id=\"pl-8541\"  class=\"panel-layout\" ><div id=\"pg-8541-0\"  class=\"panel-grid panel-no-style\" ><div id=\"pgc-8541-0-0\"  class=\"panel-grid-cell\" ><div id=\"panel-8541-0-0-0\" class=\"so-panel widget widget_wpa9-card-s panel-first-child panel-last-child\" data-index=\"0\" ><div\n\t\t\t\n\t\t\tclass=\"so-widget-wpa9-card-s so-widget-wpa9-card-s-default-c93e1481a745-9732\"\n\t\t\t\n\t\t><div class=\"wpa9-card wpa9-card-s wide negative\">\n\n\t<div class=\"wpa9-card-wrapper container\">\n\n\t\t<div class=\"wpa9-card-text\">\n\t\t\t<h2 class=\"wpa9-card-title\">P\u0159\u00edpravn\u00e9 kurzy<\/h2>\n\t\t\t<div class=\"wpa9-card-content\"><p style=\"text-align: center\">Vybrali jste si zkou\u0161ku a&nbsp;chcete se na ni p\u0159ipravit? Anebo st\u00e1le v\u00e1h\u00e1te, kter\u00e1 je pro v\u00e1s vhodn\u00e1? Za\u0161lete nez\u00e1vaznou popt\u00e1vku, r\u00e1di v\u00e1m porad\u00edme.<\/p>\n<\/div>\t\t<\/div>\n\n\t\t\t\t<div class=\"meta meta-buttons d-flex flex-row justify-content-center\">\n\t\t\t\t\t\t\t<a class=\"btn btn-negative \" href=\"https:\/\/skrivanek.cz\/cz\/poptavka\/\" title=\"M\u00e1m z\u00e1jem \">M\u00e1m z\u00e1jem <\/a>\n\t\t\t\t<\/div>\n\t\t\n\t<\/div>\n\n<\/div>\n<\/div><\/div><\/div><\/div><\/div><\/div><\/div><\/div><\/div><\/div><\/div>","protected":false},"excerpt":{"rendered":"<p>\u00darove\u0148 n\u011bm\u010diny C2 Snadno rozum\u00ed prakticky v\u0161emu, co sly\u0161\u00ed nebo\u00a0\u010dte. Dok\u00e1\u017ee shrnout informace z\u00a0r\u016fzn\u00fdch mluven\u00fdch a\u00a0psan\u00fdch zdroj\u016f, rekonstruovat argumenty a\u00a0vysv\u011btlen\u00ed a\u00a0souvisle je\u00a0prezentovat. Um\u00ed se vyjad\u0159ovat spont\u00e1nn\u011b, velice plynule a\u00a0p\u0159esn\u011b, p\u0159i\u010dem\u017e rozli\u0161uje jemn\u011bj\u0161\u00ed v\u00fdznamov\u00e9 odst\u00edny i\u00a0ve slo\u017eit\u011bj\u0161\u00edch\u00a0situac\u00edch. Jazykov\u00e1 \u00farove\u0148 Sk\u0159iv\u00e1nek:\u00a0expert. Pot\u0159ebujete pomoc s\u00a0p\u0159\u00edpravou na zkou\u0161ky? Chcete se procvi\u010dit v\u00a0oblasti, ve kter\u00e9 si nejste \u00fapln\u011b jist\u00ed? R\u00e1di [&hellip;]<\/p>\n","protected":false},"author":7,"featured_media":0,"parent":305,"menu_order":0,"comment_status":"closed","ping_status":"closed","template":"","meta":{"_acf_changed":false,"footnotes":""},"class_list":["post-9732","page","type-page","status-publish","hentry"],"acf":[],"aioseo_notices":[],"_links":{"self":[{"href":"https:\/\/skrivanek.cz\/cz\/wp-json\/wp\/v2\/pages\/9732","targetHints":{"allow":["GET"]}}],"collection":[{"href":"https:\/\/skrivanek.cz\/cz\/wp-json\/wp\/v2\/pages"}],"about":[{"href":"https:\/\/skrivanek.cz\/cz\/wp-json\/wp\/v2\/types\/page"}],"author":[{"embeddable":true,"href":"https:\/\/skrivanek.cz\/cz\/wp-json\/wp\/v2\/users\/7"}],"replies":[{"embeddable":true,"href":"https:\/\/skrivanek.cz\/cz\/wp-json\/wp\/v2\/comments?post=9732"}],"version-history":[{"count":3,"href":"https:\/\/skrivanek.cz\/cz\/wp-json\/wp\/v2\/pages\/9732\/revisions"}],"predecessor-version":[{"id":80239,"href":"https:\/\/skrivanek.cz\/cz\/wp-json\/wp\/v2\/pages\/9732\/revisions\/80239"}],"up":[{"embeddable":true,"href":"https:\/\/skrivanek.cz\/cz\/wp-json\/wp\/v2\/pages\/305"}],"wp:attachment":[{"href":"https:\/\/skrivanek.cz\/cz\/wp-json\/wp\/v2\/media?parent=9732"}],"curies":[{"name":"wp","href":"https:\/\/api.w.org\/{rel}","templated":true}]}}