{"id":9744,"date":"2021-04-17T12:19:39","date_gmt":"2021-04-17T10:19:39","guid":{"rendered":"https:\/\/skrivanek.cz\/?page_id=9744"},"modified":"2026-03-24T11:47:47","modified_gmt":"2026-03-24T10:47:47","slug":"fj-zacatecnik","status":"publish","type":"page","link":"https:\/\/skrivanek.cz\/cz\/jazykova-skola\/fj-zacatecnik\/","title":{"rendered":"Francouz\u0161tina A1"},"content":{"rendered":"<div id=\"pl-9744\"  class=\"panel-layout\" ><div id=\"pg-9744-0\"  class=\"panel-grid panel-has-style\"  style=\"margin-bottom: 0px\" ><div class=\"panel-row-padding-none panel-row-style panel-row-style-for-9744-0\" ><div id=\"pgc-9744-0-0\"  class=\"panel-grid-cell\" ><div id=\"panel-9744-0-0-0\" class=\"so-panel widget widget_wpa9-editor-ext panel-first-child panel-last-child\" data-index=\"0\" ><div\n\t\t\t\n\t\t\tclass=\"so-widget-wpa9-editor-ext so-widget-wpa9-editor-ext-default-c93e1481a745-9744\"\n\t\t\t\n\t\t>\n<div class=\"siteorigin-widget-tinymce textwidget\">\n\t<h2>\u00darove\u0148 francouz\u0161tiny A1<\/h2>\n<ul>\n \t<li>Rozum\u00ed \u010dasto u\u017e\u00edvan\u00fdm ka\u017edodenn\u00edm v\u00fdraz\u016fm a\u00a0z\u00e1kladn\u00edm fr\u00e1z\u00edm umo\u017e\u0148uj\u00edc\u00ed uspokojovat z\u00e1kladn\u00ed \u017eivotn\u00ed pot\u0159eby a\u00a0um\u00ed takov\u00e9 v\u00fdrazy a\u00a0fr\u00e1ze\u00a0pou\u017e\u00edvat.<\/li>\n \t<li>Um\u00ed p\u0159edstavit sebe a\u00a0jin\u00e9, um\u00ed se pt\u00e1t na osobn\u00ed \u00fadaje, jako nap\u0159\u00edklad kde n\u011bkdo \u017eije, koho zn\u00e1 a\u00a0co vlastn\u00ed, a\u00a0um\u00ed na podobn\u00e9 ot\u00e1zky\u00a0odpov\u00eddat.<\/li>\n \t<li>Dok\u00e1\u017ee se jednodu\u0161e domluvit, pokud \u010dlov\u011bk, se kter\u00fdm mluv\u00ed, hovo\u0159\u00ed pomalu a\u00a0z\u0159eteln\u011b a\u00a0je ochoten\u00a0pomoci.<\/li>\n \t<li>Jazykov\u00e1 \u00farove\u0148 Sk\u0159iv\u00e1nek:\u00a0<strong>\u00fapln\u00fd za\u010d\u00e1te\u010dn\u00edk<\/strong>.<\/li>\n<\/ul>\n<strong>Pot\u0159ebujete pomoc s\u00a0p\u0159\u00edpravou na zkou\u0161ky? Chcete se procvi\u010dit v\u00a0oblasti, ve kter\u00e9 si nejste \u00fapln\u011b jist\u00ed? R\u00e1di v\u00e1m s\u00a0t\u00edm pom\u016f\u017eeme! Sta\u010d\u00ed si objednat u\u00a0n\u00e1s kurz.<\/strong>\n\n<div class=\"columns columns-2\" data-columns=\"2\">\n<div class=\"column column-1\">\n<p style=\"text-align: center;\"><a class=\"btn btn-negative\" href=\"https:\/\/skrivanek.cz\/cz\/produkt\/francouzstina-obecny-kurz-a1-zacatecnik\/\">Chci skupinov\u00fd kurz francouz\u0161tiny na \u00farovni A1<\/a><\/p>\n\n<\/div>\n<div class=\"column column-2\">\n<p style=\"text-align: center;\"><a class=\"btn btn-negative\" href=\"https:\/\/skrivanek.cz\/cz\/jazykova-skola\/individualni-vyuka-jazyku\/francouzstina\/\">Chci individu\u00e1ln\u00ed kurz francouz\u0161tiny na \u00farovni A1<\/a><\/p>\n\n<\/div>\n<\/div><\/div>\n<\/div><\/div><\/div><\/div><\/div><div id=\"pg-9744-1\"  class=\"panel-grid panel-has-style\"  style=\"margin-bottom: 0px\" ><div class=\"siteorigin-panels-stretch panel-row-padding-none panel-row-style panel-row-style-for-9744-1\" data-stretch-type=\"full\" ><div id=\"pgc-9744-1-0\"  class=\"panel-grid-cell\" ><div id=\"panel-9744-1-0-0\" class=\"so-panel widget widget_wpa9-card-l panel-first-child panel-last-child\" data-index=\"1\" ><div\n\t\t\t\n\t\t\tclass=\"so-widget-wpa9-card-l so-widget-wpa9-card-l-default-c93e1481a745-9744\"\n\t\t\t\n\t\t>\n<h3 class=\"widget-title\">Jazykov\u00e9 zkou\u0161ky francouz\u0161tiny pro \u00farove\u0148 A1<\/h3>\n<div class=\"wpa9-card wpa9-card-l-container d-flex flex-wrap wpa9-columns-2\">\n\n\t\n\t\t\n\t<div class=\"wpa9-card-l-panel wpa9-panel shadow rounded d-flex flex-column justify-content-between\">\n\n\t\t<div>\n\t\t\t\t\n\t\t\t\t\t\t\t\t<h2 class=\"wpa9-panel-title\">DILF<\/h2>\n\t\t\n\t\t\t\t\t\t\t<div class=\"wpa9-panel-content\"><p>Dipl\u00f4me initial de langue\u00a0fran\u00e7aise<\/p>\n<ul style=\"list-style-type: disc\">\n<li>zkou\u0161ka z&nbsp;obecn\u00e9 francouz\u0161tiny na \u00farovni <span class=\"caps\">A1<\/span>.1<\/li>\n<li>po\u010det v\u00fdukov\u00fdch hodin 60\u2013100<\/li>\n<li>tato zkou\u0161ka je prvn\u00ed etapou testov\u00e1n\u00ed, pokud se student chce pozd\u011bji pokou\u0161et o&nbsp;slo\u017een\u00ed certifik\u00e1tu\u00a0<span class=\"caps\">DELF<\/span>\/<span class=\"caps\">DALF<\/span><\/li>\n<li>na rozd\u00edl od v\u00fd\u0161e zm\u00edn\u011bn\u00fdch certifik\u00e1t\u016f,\u00a0<span class=\"caps\">DILF<\/span> je mo\u017en\u00e9 skl\u00e1dat pouze ve\u00a0Francii<\/li>\n<li>zkou\u0161ka obsahuje poslech, \u010dten\u00ed, psan\u00ed a&nbsp;\u00fastn\u00ed testov\u00e1n\u00ed<\/li>\n<\/ul>\n<div class=\"box-proscons__item\"><\/div>\n<\/div>\n\t\t\t\t<\/div>\n\n\t\t\t\t<div class=\"meta meta-buttons d-flex flex-column flex-sm-row justify-content-start\">\n\t\t\t\t\t<a class=\"btn \" href=\"https:\/\/www.france-education-international.fr\/diplome\/dilf\" title=\"V\u00edce na www.france-education-international.fr\" target=\"_blank\">V\u00edce na www.france-education-international.fr<\/a>\n\t\t\t\t\t\t<\/div>\n\t\t\n\t<\/div>\n\n\t\t\n\t<div class=\"wpa9-card-l-panel wpa9-panel shadow rounded d-flex flex-column justify-content-between\">\n\n\t\t<div>\n\t\t\t\t\n\t\t\t\t\t\t\t\t<h2 class=\"wpa9-panel-title\">DELF Junior A1<\/h2>\n\t\t\n\t\t\t\t\t\t\t<div class=\"wpa9-panel-content\"><p>Dipl\u00f4me d\u2019\u00e9tudes en langue fran\u00e7aise\u00a0Junior\u00a0<span class=\"caps\">A1<\/span><\/p>\n<ul style=\"list-style-type: disc\">\n<li>zkou\u0161ka z&nbsp;obecn\u00e9 francouz\u0161tiny pro studenty druh\u00e9ho stupn\u011b z\u00e1kladn\u00edch \u0161kol a&nbsp;st\u0159edn\u00edch \u0161kol od 12 let a\u017e po&nbsp;maturitn\u00ed zkou\u0161ku<\/li>\n<li>po\u010det v\u00fdukov\u00fdch hodin 60\u2013100<\/li>\n<li>zkou\u0161ka obsahuje poslech, \u010dten\u00ed, psan\u00ed a&nbsp;\u00fastn\u00ed testov\u00e1n\u00ed<\/li>\n<li>v\u0161echny \u010dty\u0159i \u010d\u00e1sti zkou\u0161ky jsou bodov\u011b ohodnoceny, p\u0159i\u010dem\u017e z&nbsp;ka\u017ed\u00e9 je mo\u017eno z\u00edskat maxim\u00e1ln\u011b 25 bod\u016f<\/li>\n<li>celkov\u011b mus\u00ed uchaze\u010d obdr\u017eet minim\u00e1ln\u011b 50 bod\u016f ze 100, aby zkou\u0161ku \u00fasp\u011b\u0161n\u011b slo\u017eil<\/li>\n<\/ul>\n<div class=\"box-proscons__item\"><\/div>\n<\/div>\n\t\t\t\t<\/div>\n\n\t\t\t\t<div class=\"meta meta-buttons d-flex flex-column flex-sm-row justify-content-start\">\n\t\t\t\t\t<a class=\"btn \" href=\"https:\/\/www.france-education-international.fr\/hub\/diplomes-tests\" title=\"V\u00edce na www.france-education-international.fr\" target=\"_blank\">V\u00edce na www.france-education-international.fr<\/a>\n\t\t\t\t\t\t<\/div>\n\t\t\n\t<\/div>\n\n\t\t\n\t<div class=\"wpa9-card-l-panel wpa9-panel shadow rounded d-flex flex-column justify-content-between\">\n\n\t\t<div>\n\t\t\t\t\n\t\t\t\t\t\t\t\t<h2 class=\"wpa9-panel-title\">DELF Prim A1<\/h2>\n\t\t\n\t\t\t\t\t\t\t<div class=\"wpa9-panel-content\"><p>Dipl\u00f4me d\u2019\u00e9tudes en langue fran\u00e7aise\u00a0Prim\u00a0<span class=\"caps\">A1<\/span><\/p>\n<ul style=\"list-style-type: disc\">\n<li>zkou\u0161ka z&nbsp;obecn\u00e9 francouz\u0161tiny pro d\u011bti od 8 do 12 let na \u00farovni <span class=\"caps\">A1<\/span><\/li>\n<li>struktura zkou\u0161ky je stejn\u00e1 jako ve verzi pro dosp\u011bl\u00e9, pouze t\u00e9mata jsou p\u0159izp\u016fsobena v\u011bku a&nbsp;\u00farovni \u017e\u00e1k\u016f<\/li>\n<li>po\u010det v\u00fdukov\u00fdch hodin 60\u2013100<\/li>\n<li>diplom je uzn\u00e1v\u00e1n po&nbsp;cel\u00e9m sv\u011bt\u011b a&nbsp;po&nbsp;cel\u00fd \u017eivot dr\u017eitele<\/li>\n<li>zkou\u0161ka obsahuje poslech, \u010dten\u00ed, psan\u00ed a&nbsp;\u00fastn\u00ed testov\u00e1n\u00ed<\/li>\n<\/ul>\n<div class=\"box-proscons__item\"><\/div>\n<\/div>\n\t\t\t\t<\/div>\n\n\t\t\t\t<div class=\"meta meta-buttons d-flex flex-column flex-sm-row justify-content-start\">\n\t\t\t\t\t<a class=\"btn \" href=\"https:\/\/www.france-education-international.fr\/hub\/diplomes-tests\" title=\"V\u00edce na www.france-education-international.fr\" target=\"_blank\">V\u00edce na www.france-education-international.fr<\/a>\n\t\t\t\t\t\t<\/div>\n\t\t\n\t<\/div>\n\n\t\t\n\t<div class=\"wpa9-card-l-panel wpa9-panel shadow rounded d-flex flex-column justify-content-between\">\n\n\t\t<div>\n\t\t\t\t\n\t\t\t\t\t\t\t\t<h2 class=\"wpa9-panel-title\">DELF Prim A1.1<\/h2>\n\t\t\n\t\t\t\t\t\t\t<div class=\"wpa9-panel-content\"><p>Dipl\u00f4me d\u2019\u00e9tudes en langue fran\u00e7aise\u00a0Prim\u00a0<span class=\"caps\">A1<\/span>.1<\/p>\n<ul style=\"list-style-type: disc\">\n<li>zkou\u0161ka z&nbsp;obecn\u00e9 francouz\u0161tiny pro d\u011bti od 8 do 12 let na \u00farovni <span class=\"caps\">A1<\/span>.1<\/li>\n<li>struktura zkou\u0161ky je stejn\u00e1 jako ve verzi pro dosp\u011bl\u00e9, pouze t\u00e9mata jsou p\u0159izp\u016fsobena v\u011bku a&nbsp;\u00farovni \u017e\u00e1k\u016f<\/li>\n<li>po\u010det v\u00fdukov\u00fdch hodin 60\u2013100<\/li>\n<li>diplom je uzn\u00e1v\u00e1n po&nbsp;cel\u00e9m sv\u011bt\u011b a&nbsp;po&nbsp;cel\u00fd \u017eivot dr\u017eitele<\/li>\n<li>zkou\u0161ka obsahuje poslech, \u010dten\u00ed, psan\u00ed a&nbsp;\u00fastn\u00ed testov\u00e1n\u00ed<\/li>\n<\/ul>\n<div class=\"box-proscons__item\"><\/div>\n<\/div>\n\t\t\t\t<\/div>\n\n\t\t\t\t<div class=\"meta meta-buttons d-flex flex-column flex-sm-row justify-content-start\">\n\t\t\t\t\t<a class=\"btn \" href=\"https:\/\/www.france-education-international.fr\/hub\/diplomes-tests\" title=\"V\u00edce na www.france-education-international.fr\" target=\"_blank\">V\u00edce na www.france-education-international.fr<\/a>\n\t\t\t\t\t\t<\/div>\n\t\t\n\t<\/div>\n\n\t\t\n\t<div class=\"wpa9-card-l-panel wpa9-panel shadow rounded d-flex flex-column justify-content-between\">\n\n\t\t<div>\n\t\t\t\t\n\t\t\t\t\t\t\t\t<h2 class=\"wpa9-panel-title\">DELF A1<\/h2>\n\t\t\n\t\t\t\t\t\t\t<div class=\"wpa9-panel-content\"><div class=\"boards-section__box \">\n<div class=\"box-content\">\n<p>Dipl\u00f4me d\u2019\u00e9tudes en langue fran\u00e7aise\u00a0<span class=\"caps\">A1<\/span><\/p>\n<ul style=\"list-style-type: disc\">\n<li>zkou\u0161ka z&nbsp;obecn\u00e9 francouz\u0161tiny na \u00farovni <span class=\"caps\">A1<\/span><\/li>\n<li>po\u010det v\u00fdukov\u00fdch hodin 60\u2013100<\/li>\n<li>zkou\u0161ka obsahuje poslech, \u010dten\u00ed, psan\u00ed a&nbsp;\u00fastn\u00ed testov\u00e1n\u00ed<\/li>\n<li>v\u0161echny \u010dty\u0159i \u010d\u00e1sti zkou\u0161ky jsou bodov\u011b ohodnoceny, p\u0159i\u010dem\u017e z&nbsp;ka\u017ed\u00e9 je mo\u017eno z\u00edskat maxim\u00e1ln\u011b 25 bod\u016f<\/li>\n<li>celkov\u011b mus\u00ed uchaze\u010d obdr\u017eet minim\u00e1ln\u011b 50 bod\u016f ze 100, aby zkou\u0161ku \u00fasp\u011b\u0161n\u011b slo\u017eil<\/li>\n<\/ul>\n<\/div>\n<\/div>\n<div class=\"box-proscons__item\"><\/div>\n<\/div>\n\t\t\t\t<\/div>\n\n\t\t\t\t<div class=\"meta meta-buttons d-flex flex-column flex-sm-row justify-content-start\">\n\t\t\t\t\t<a class=\"btn \" href=\"https:\/\/www.france-education-international.fr\/hub\/diplomes-tests\" title=\"V\u00edce na www.france-education-international.fr\" target=\"_blank\">V\u00edce na www.france-education-international.fr<\/a>\n\t\t\t\t\t\t<\/div>\n\t\t\n\t<\/div>\n\n\t\t\n\t<div class=\"wpa9-card-l-panel wpa9-panel shadow rounded d-flex flex-column justify-content-between\">\n\n\t\t<div>\n\t\t\t\t\n\t\t\t\t\t\t\t\t<h2 class=\"wpa9-panel-title\">TCF<\/h2>\n\t\t\n\t\t\t\t\t\t\t<div class=\"wpa9-panel-content\"><p>Test de connaissance du\u00a0fran\u00e7ais<\/p>\n<ul style=\"list-style-type: disc\">\n<li>zkou\u0161ka z&nbsp;obecn\u00e9 francouz\u0161tiny, ve kter\u00e9 se pokro\u010dilost ur\u010duje podle bodov\u00e9ho sk\u00f3re<\/li>\n<li>ke slo\u017een\u00ed\u00a0<span class=\"caps\">A1<\/span> je pot\u0159eba 100\u2013199\u00a0bod\u016f<\/li>\n<li>zkou\u0161ka obsahuje t\u0159i povinn\u00e9 a&nbsp;dv\u011b fakultativn\u00ed \u010d\u00e1sti<\/li>\n<li>povinn\u00e1 \u010d\u00e1st trv\u00e1 celkem 1 hodinu 25 minut:\n<ul style=\"list-style-type: square\">\n<li>poslech (25 minut)<\/li>\n<li>u\u017eit\u00ed jazyka (15 minut)<\/li>\n<li>\u010dten\u00ed (45 minut)<\/li>\n<\/ul>\n<\/li>\n<li>fakultativn\u00ed \u010d\u00e1st:\n<ul style=\"list-style-type: square\">\n<li>mluven\u00ed (12 minut)<\/li>\n<li>psan\u00ed (60 minut)<\/li>\n<\/ul>\n<\/li>\n<\/ul>\n<\/div>\n\t\t\t\t<\/div>\n\n\t\t\t\t<div class=\"meta meta-buttons d-flex flex-column flex-sm-row justify-content-start\">\n\t\t\t\t\t<a class=\"btn \" href=\"https:\/\/www.france-education-international.fr\/hub\/diplomes-tests\" title=\"V\u00edce na www.france-education-international.fr\" target=\"_blank\">V\u00edce na www.france-education-international.fr<\/a>\n\t\t\t\t\t\t<\/div>\n\t\t\n\t<\/div>\n\n\t\t\n\t<div class=\"wpa9-card-l-panel wpa9-panel shadow rounded d-flex flex-column justify-content-between\">\n\n\t\t<div>\n\t\t\t\t\n\t\t\t\t\t\t\t\t<h2 class=\"wpa9-panel-title\">TCF RI<\/h2>\n\t\t\n\t\t\t\t\t\t\t<div class=\"wpa9-panel-content\"><p>Test de connaissance du fran\u00e7ais version relations\u00a0internationales<\/p>\n<ul style=\"list-style-type: disc\">\n<li>zkou\u0161ka testuje schopnost komunikace v&nbsp;oblasti mezin\u00e1rodn\u00edch vztah\u016f a&nbsp;diplomacie<\/li>\n<li>tato zkou\u0161ka umo\u017e\u0148uje z\u00edskat certifikaci od \u00farovn\u011b\u00a0<span class=\"caps\">A1<\/span>\u00a0a\u017e po\u00a0<span class=\"caps\">C2<\/span><\/li>\n<li>ke slo\u017een\u00ed\u00a0<span class=\"caps\">A1<\/span> je pot\u0159eba 100\u2013199\u00a0bod\u016f<\/li>\n<li>zkou\u0161ka obsahuje t\u0159i povinn\u00e9 a&nbsp;dv\u011b fakultativn\u00ed \u010d\u00e1sti<\/li>\n<li>povinn\u00e1 \u010d\u00e1st trv\u00e1 celkem 1 hodinu 30 minut:\n<ul style=\"list-style-type: square\">\n<li>poslech<\/li>\n<li>u\u017eit\u00ed jazyka<\/li>\n<li>\u010dten\u00ed<\/li>\n<\/ul>\n<\/li>\n<li>fakultativn\u00ed \u010d\u00e1st:\n<ul style=\"list-style-type: square\">\n<li>mluven\u00ed (15 minut)<\/li>\n<li>psan\u00ed (1 hodinu 45 minut)<\/li>\n<\/ul>\n<\/li>\n<\/ul>\n<\/div>\n\t\t\t\t<\/div>\n\n\t\t\t\t<div class=\"meta meta-buttons d-flex flex-column flex-sm-row justify-content-start\">\n\t\t\t\t\t<a class=\"btn \" href=\"https:\/\/www.france-education-international.fr\/hub\/diplomes-tests\" title=\"V\u00edce na www.france-education-international.fr\" target=\"_blank\">V\u00edce na www.france-education-international.fr<\/a>\n\t\t\t\t\t\t<\/div>\n\t\t\n\t<\/div>\n\n\t\t\n\t<div class=\"wpa9-card-l-panel wpa9-panel shadow rounded d-flex flex-column justify-content-between\">\n\n\t\t<div>\n\t\t\t\t\n\t\t\t\t\t\t\t\t<h2 class=\"wpa9-panel-title\">STANAG 6001&nbsp;1<\/h2>\n\t\t\n\t\t\t\t\t\t\t<div class=\"wpa9-panel-content\"><div class=\"box-content\">\n<p>Standardization Agreement\u00a06001 \u00farove\u0148\u00a01<\/p>\n<ul style=\"list-style-type: disc\">\n<li>zkou\u0161ka na z\u00e1kladn\u00ed \u00farovni ur\u010den\u00e1 pro testov\u00e1n\u00ed jazykov\u00fdch schopnost\u00ed zam\u011bstnanc\u016f organizace <span class=\"caps\">NATO<\/span>\u00a0a arm\u00e1dy\u00a0<span class=\"caps\">\u010cR<\/span><\/li>\n<li>zkou\u0161ka obsahuje:\n<ul style=\"list-style-type: square\">\n<li>poslech (25 minut)<\/li>\n<li>\u010dten\u00ed (30 minut)<\/li>\n<li>psan\u00ed (20 minut)<\/li>\n<li>\u00fastn\u00ed testov\u00e1n\u00ed (10 minut, vedeno s&nbsp;jedn\u00edm kandid\u00e1tem)<\/li>\n<\/ul>\n<\/li>\n<\/ul>\n<\/div>\n<\/div>\n\t\t\t\t<\/div>\n\n\t\t\t\t<div class=\"meta meta-buttons d-flex flex-column flex-sm-row justify-content-start\">\n\t\t\t\t\t<a class=\"btn \" href=\"https:\/\/www.unob.cz\/cjv\/stranky\/o_pracovisti.aspx\/\" title=\"V\u00edce na www.unob.cz\" target=\"_blank\">V\u00edce na www.unob.cz<\/a>\n\t\t\t\t\t\t<\/div>\n\t\t\n\t<\/div>\n\n\t\t\n\t<div class=\"wpa9-card-l-panel wpa9-panel shadow rounded d-flex flex-column justify-content-between\">\n\n\t\t<div>\n\t\t\t\t\n\t\t\t\t\t\t\t\t<h2 class=\"wpa9-panel-title\">TEF<\/h2>\n\t\t\n\t\t\t\t\t\t\t<div class=\"wpa9-panel-content\"><div class=\"boards-section\">\n<div class=\"section-wrapper\">\n<div class=\"boards-section__box-wrapper\">\n<div class=\"boards-section__box \">\n<div class=\"box-content\">\n<p>Test d\u2019\u00e9valuation de\u00a0fran\u00e7ais<\/p>\n<ul style=\"list-style-type: disc\">\n<li>zkou\u0161ka z&nbsp;obecn\u00e9 francouz\u0161tiny, ve kter\u00e9 se pokro\u010dilost ur\u010duje podle bodov\u00e9ho sk\u00f3re<\/li>\n<li>na \u00farove\u0148\u00a0<span class=\"caps\">A1<\/span> mus\u00ed kandid\u00e1t z\u00edskat 69\u2013203\u00a0bod\u016f<\/li>\n<li>platnost zkou\u0161ky je 2 roky<\/li>\n<li>zkou\u0161ka obsahuje jednu povinnou a&nbsp;dv\u011b fakultativn\u00ed \u010d\u00e1sti<\/li>\n<li>povinn\u00e1 \u010d\u00e1st trv\u00e1 celkem 130 minut:\n<ul style=\"list-style-type: square\">\n<li>poslech (40 minut)<\/li>\n<li>u\u017eit\u00ed jazyka (30 minut)<\/li>\n<li>\u010dten\u00ed (60 minut)<\/li>\n<\/ul>\n<\/li>\n<li>fakultativn\u00ed \u010d\u00e1st:\n<ul style=\"list-style-type: square\">\n<li>mluven\u00ed (35 minut)<\/li>\n<li>psan\u00ed (60 minut)<\/li>\n<\/ul>\n<\/li>\n<\/ul>\n<\/div>\n<\/div>\n<\/div>\n<\/div>\n<\/div>\n<div class=\"amp-decoration\">\n<div class=\"inquiry-section var-language-school\">\n<div class=\"section-wrapper\"><\/div>\n<\/div>\n<\/div>\n<\/div>\n\t\t\t\t<\/div>\n\n\t\t\t\t<div class=\"meta meta-buttons d-flex flex-column flex-sm-row justify-content-start\">\n\t\t\t\t\t<a class=\"btn \" href=\"https:\/\/www.lefrancaisdesaffaires.fr\/en\/tests-diplomas\/test-for-evaluating-french-tef\/\" title=\"V\u00edce na www.lefrancaisdesaffaires.fr\" target=\"_blank\">V\u00edce na www.lefrancaisdesaffaires.fr<\/a>\n\t\t\t\t\t\t<\/div>\n\t\t\n\t<\/div>\n\n\t\t\n\t\n<\/div>\n<\/div><\/div><\/div><\/div><\/div><div id=\"pg-9744-2\"  class=\"panel-grid panel-has-style\" ><div class=\"siteorigin-panels-stretch panel-row-padding-none panel-row-style panel-row-style-for-9744-2\" data-stretch-type=\"full\" ><div id=\"pgc-9744-2-0\"  class=\"panel-grid-cell\" ><div id=\"panel-9744-2-0-0\" class=\"so-panel widget widget_skrv-incl-widget panel-first-child panel-last-child\" data-index=\"2\" ><div\n\t\t\t\n\t\t\tclass=\"so-widget-skrv-incl-widget so-widget-skrv-incl-widget-default-c93e1481a745-9744\"\n\t\t\t\n\t\t><div id=\"pl-8541\"  class=\"panel-layout\" ><div id=\"pg-8541-0\"  class=\"panel-grid panel-no-style\" ><div id=\"pgc-8541-0-0\"  class=\"panel-grid-cell\" ><div id=\"panel-8541-0-0-0\" class=\"so-panel widget widget_wpa9-card-s panel-first-child panel-last-child\" data-index=\"0\" ><div\n\t\t\t\n\t\t\tclass=\"so-widget-wpa9-card-s so-widget-wpa9-card-s-default-c93e1481a745-9744\"\n\t\t\t\n\t\t><div class=\"wpa9-card wpa9-card-s wide negative\">\n\n\t<div class=\"wpa9-card-wrapper container\">\n\n\t\t<div class=\"wpa9-card-text\">\n\t\t\t<h2 class=\"wpa9-card-title\">P\u0159\u00edpravn\u00e9 kurzy<\/h2>\n\t\t\t<div class=\"wpa9-card-content\"><p style=\"text-align: center\">Vybrali jste si zkou\u0161ku a&nbsp;chcete se na ni p\u0159ipravit? Anebo st\u00e1le v\u00e1h\u00e1te, kter\u00e1 je pro v\u00e1s vhodn\u00e1? Za\u0161lete nez\u00e1vaznou popt\u00e1vku, r\u00e1di v\u00e1m porad\u00edme.<\/p>\n<\/div>\t\t<\/div>\n\n\t\t\t\t<div class=\"meta meta-buttons d-flex flex-row justify-content-center\">\n\t\t\t\t\t\t\t<a class=\"btn btn-negative \" href=\"https:\/\/skrivanek.cz\/cz\/poptavka\/\" title=\"M\u00e1m z\u00e1jem \">M\u00e1m z\u00e1jem <\/a>\n\t\t\t\t<\/div>\n\t\t\n\t<\/div>\n\n<\/div>\n<\/div><\/div><\/div><\/div><\/div><\/div><\/div><\/div><\/div><\/div><\/div>","protected":false},"excerpt":{"rendered":"<p>\u00darove\u0148 francouz\u0161tiny A1 Rozum\u00ed \u010dasto u\u017e\u00edvan\u00fdm ka\u017edodenn\u00edm v\u00fdraz\u016fm a\u00a0z\u00e1kladn\u00edm fr\u00e1z\u00edm umo\u017e\u0148uj\u00edc\u00ed uspokojovat z\u00e1kladn\u00ed \u017eivotn\u00ed pot\u0159eby a\u00a0um\u00ed takov\u00e9 v\u00fdrazy a\u00a0fr\u00e1ze\u00a0pou\u017e\u00edvat. Um\u00ed p\u0159edstavit sebe a\u00a0jin\u00e9, um\u00ed se pt\u00e1t na osobn\u00ed \u00fadaje, jako nap\u0159\u00edklad kde n\u011bkdo \u017eije, koho zn\u00e1 a\u00a0co vlastn\u00ed, a\u00a0um\u00ed na podobn\u00e9 ot\u00e1zky\u00a0odpov\u00eddat. Dok\u00e1\u017ee se jednodu\u0161e domluvit, pokud \u010dlov\u011bk, se kter\u00fdm mluv\u00ed, hovo\u0159\u00ed pomalu a\u00a0z\u0159eteln\u011b a\u00a0je [&hellip;]<\/p>\n","protected":false},"author":7,"featured_media":0,"parent":305,"menu_order":0,"comment_status":"closed","ping_status":"closed","template":"","meta":{"_acf_changed":false,"footnotes":""},"class_list":["post-9744","page","type-page","status-publish","hentry"],"acf":[],"aioseo_notices":[],"_links":{"self":[{"href":"https:\/\/skrivanek.cz\/cz\/wp-json\/wp\/v2\/pages\/9744","targetHints":{"allow":["GET"]}}],"collection":[{"href":"https:\/\/skrivanek.cz\/cz\/wp-json\/wp\/v2\/pages"}],"about":[{"href":"https:\/\/skrivanek.cz\/cz\/wp-json\/wp\/v2\/types\/page"}],"author":[{"embeddable":true,"href":"https:\/\/skrivanek.cz\/cz\/wp-json\/wp\/v2\/users\/7"}],"replies":[{"embeddable":true,"href":"https:\/\/skrivanek.cz\/cz\/wp-json\/wp\/v2\/comments?post=9744"}],"version-history":[{"count":4,"href":"https:\/\/skrivanek.cz\/cz\/wp-json\/wp\/v2\/pages\/9744\/revisions"}],"predecessor-version":[{"id":80207,"href":"https:\/\/skrivanek.cz\/cz\/wp-json\/wp\/v2\/pages\/9744\/revisions\/80207"}],"up":[{"embeddable":true,"href":"https:\/\/skrivanek.cz\/cz\/wp-json\/wp\/v2\/pages\/305"}],"wp:attachment":[{"href":"https:\/\/skrivanek.cz\/cz\/wp-json\/wp\/v2\/media?parent=9744"}],"curies":[{"name":"wp","href":"https:\/\/api.w.org\/{rel}","templated":true}]}}