{"id":65719,"date":"2024-02-18T08:00:36","date_gmt":"2024-02-18T07:00:36","guid":{"rendered":"https:\/\/skrivanek.cz\/cz\/?post_type=product&#038;p=65719"},"modified":"2024-05-14T14:00:59","modified_gmt":"2024-05-14T12:00:59","slug":"webinar-pro-ucitele-otazky-ve-vyuce-jazyka","status":"publish","type":"product","link":"https:\/\/skrivanek.cz\/cz\/produkt\/webinar-pro-ucitele-otazky-ve-vyuce-jazyka\/","title":{"rendered":"Webin\u00e1\u0159: Ot\u00e1zky ve v\u00fduce jazyka"},"content":{"rendered":"<p><span style=\"font-size: 20px;\"><strong>V \u00fater\u00fd 23.&nbsp;4.&nbsp;2024 od 18:00 <\/strong>po\u0159\u00e1d\u00e1me webin\u00e1\u0159 na t\u00e9ma <strong><em>\u201eOt\u00e1zky ve v\u00fduce jazyka\u201c.<\/em><\/strong><\/span><\/p>\n<p>Na webin\u00e1\u0159i se pod\u00edv\u00e1me na z\u00e1kladn\u00edmi typy ot\u00e1zek a&nbsp;na to, jak z&nbsp;odpov\u011bd\u00ed dostat zase dal\u0161\u00ed ot\u00e1zky \u2013 tedy jak \u0159et\u011bzit. Tak\u00e9 se sezn\u00e1m\u00edme s&nbsp;p\u0159er\u00e1mov\u00e1n\u00edm negativity (nejen) student\u016f. Procvi\u010d\u00edme spolu p\u0159edev\u0161\u00edm otev\u0159en\u00e9 ot\u00e1zky a&nbsp;mo\u017enosti jejich zes\u00edlen\u00ed, \u010di&nbsp;zm\u011bk\u010den\u00ed. Z&nbsp;webin\u00e1\u0159e si zkr\u00e1tka odnesete n\u011bkolik technik, jak student\u016fm &#8222;rozv\u00e1zat jaz\u00fd\u010dek&#8220;, nau\u010dit je diskutovat mezi sebou a&nbsp;u\u0161et\u0159it si tak pr\u00e1ci.<\/p>\n<p><strong>Webin\u00e1\u0159 povede na\u0161e pardubick\u00e1 senior lektorka Michaela Hrd\u00e1 <\/strong>a bude trvat p\u0159ibli\u017en\u011b 90 minut.<\/p>\n<p>Webin\u00e1\u0159 prob\u011bhne na Webexu v\u00a0\u010desk\u00e9m jazyce.<\/p>\n<p>P\u0159ihl\u00e1sit se m\u016f\u017eete do 22.&nbsp;4.&nbsp;2024.<\/p>\n","protected":false},"excerpt":{"rendered":"<p>V \u00fater\u00fd 23.&nbsp;4.&nbsp;2024 od 18:00 po\u0159\u00e1d\u00e1me webin\u00e1\u0159 na t\u00e9ma \u201eOt\u00e1zky ve v\u00fduce jazyka\u201c. Na webin\u00e1\u0159i se pod\u00edv\u00e1me na z\u00e1kladn\u00edmi typy ot\u00e1zek a&nbsp;na to, jak z&nbsp;odpov\u011bd\u00ed dostat zase dal\u0161\u00ed ot\u00e1zky \u2013 tedy jak \u0159et\u011bzit. Tak\u00e9 se sezn\u00e1m\u00edme s&nbsp;p\u0159er\u00e1mov\u00e1n\u00edm negativity (nejen) student\u016f. Procvi\u010d\u00edme spolu p\u0159edev\u0161\u00edm otev\u0159en\u00e9 ot\u00e1zky a&nbsp;mo\u017enosti jejich zes\u00edlen\u00ed, \u010di&nbsp;zm\u011bk\u010den\u00ed. Z&nbsp;webin\u00e1\u0159e si zkr\u00e1tka odnesete n\u011bkolik technik, [&hellip;]<\/p>\n","protected":false},"featured_media":67315,"template":"","meta":{"_acf_changed":false},"product_brand":[],"product_cat":[48],"product_tag":[],"class_list":{"0":"post-65719","1":"product","2":"type-product","3":"status-publish","4":"has-post-thumbnail","6":"product_cat-webinare-archiv","8":"first","9":"outofstock","10":"sold-individually","11":"shipping-taxable","12":"product-type-simple"},"acf":[],"aioseo_notices":[],"_links":{"self":[{"href":"https:\/\/skrivanek.cz\/cz\/wp-json\/wp\/v2\/product\/65719","targetHints":{"allow":["GET"]}}],"collection":[{"href":"https:\/\/skrivanek.cz\/cz\/wp-json\/wp\/v2\/product"}],"about":[{"href":"https:\/\/skrivanek.cz\/cz\/wp-json\/wp\/v2\/types\/product"}],"wp:featuredmedia":[{"embeddable":true,"href":"https:\/\/skrivanek.cz\/cz\/wp-json\/wp\/v2\/media\/67315"}],"wp:attachment":[{"href":"https:\/\/skrivanek.cz\/cz\/wp-json\/wp\/v2\/media?parent=65719"}],"wp:term":[{"taxonomy":"product_brand","embeddable":true,"href":"https:\/\/skrivanek.cz\/cz\/wp-json\/wp\/v2\/product_brand?post=65719"},{"taxonomy":"product_cat","embeddable":true,"href":"https:\/\/skrivanek.cz\/cz\/wp-json\/wp\/v2\/product_cat?post=65719"},{"taxonomy":"product_tag","embeddable":true,"href":"https:\/\/skrivanek.cz\/cz\/wp-json\/wp\/v2\/product_tag?post=65719"}],"curies":[{"name":"wp","href":"https:\/\/api.w.org\/{rel}","templated":true}]}}