{"id":65720,"date":"2024-02-18T08:39:59","date_gmt":"2024-02-18T07:39:59","guid":{"rendered":"https:\/\/skrivanek.cz\/cz\/?post_type=product&#038;p=65720"},"modified":"2024-05-14T14:01:37","modified_gmt":"2024-05-14T12:01:37","slug":"webinar-pro-ucitele-vyuziti-online-nastroju-ve-vyuce","status":"publish","type":"product","link":"https:\/\/skrivanek.cz\/cz\/produkt\/webinar-pro-ucitele-vyuziti-online-nastroju-ve-vyuce\/","title":{"rendered":"Webin\u00e1\u0159: Vyu\u017eit\u00ed on-line n\u00e1stroj\u016f ve v\u00fduce \u2013 quizlet, learningapps, canva, google jamboard"},"content":{"rendered":"<p><span style=\"font-size: 20px;\"><strong>V pond\u011bl\u00ed 29.&nbsp;4.&nbsp;2024 od 19:00 <\/strong>po\u0159\u00e1d\u00e1me webin\u00e1\u0159 na t\u00e9ma <strong><em>\u201eVyu\u017eit\u00ed on-line n\u00e1stroj\u016f ve v\u00fduce &#8211; quizlet, learningapps, canva, google jamboard\u201c.<\/em><\/strong><\/span><\/p>\n<p>Webin\u00e1\u0159 je ur\u010den pro lektory, kte\u0159\u00ed se cht\u011bj\u00ed sezn\u00e1mit s&nbsp;aplikacemi vyu\u017eiteln\u00fdmi p\u0159i&nbsp;<a href=\"https:\/\/skrivanek.cz\/cz\/jazykova-skola\/online-vyuka\/\">on-line v\u00fduce<\/a>. Kurz je ur\u010den p\u0159edev\u0161\u00edm za\u010d\u00e1te\u010dn\u00edk\u016fm, kte\u0159\u00ed by se r\u00e1di do on-line v\u00fduky pustili v\u00edce, nejsou si ale jisti, jak na to. Na webin\u00e1\u0159i se sezn\u00e1m\u00edte se z\u00e1kladn\u00edmi funkcemi aplikac\u00ed jako jsou learningapps, google jamboard, canva nebo <a href=\"https:\/\/quizlet.com\/\">quizlet<\/a>. P\u0159\u00edmo na webin\u00e1\u0159i budete tvo\u0159it aktivity, jejich\u017e tvorba zabere jen p\u00e1r minut, ale on-line lekci perfektn\u011b zpest\u0159\u00ed, student se n\u011bco nau\u010d\u00ed a&nbsp;vy str\u00e1v\u00edte p\u0159\u00edpravou m\u00e9n\u011b \u010dasu.<\/p>\n<p><strong>Webin\u00e1\u0159 povede na\u0161e pardubick\u00e1 senior lektorka Aneta Hanouskov\u00e1 <\/strong>a bude trvat p\u0159ibli\u017en\u011b 90 minut.<\/p>\n<p>P\u0159ihl\u00e1sit se m\u016f\u017eete do 29.&nbsp;4.&nbsp;2024.<\/p>\n","protected":false},"excerpt":{"rendered":"<p>V pond\u011bl\u00ed 29.&nbsp;4.&nbsp;2024 od 19:00 po\u0159\u00e1d\u00e1me webin\u00e1\u0159 na t\u00e9ma \u201eVyu\u017eit\u00ed on-line n\u00e1stroj\u016f ve v\u00fduce &#8211; quizlet, learningapps, canva, google jamboard\u201c. Webin\u00e1\u0159 je ur\u010den pro lektory, kte\u0159\u00ed se cht\u011bj\u00ed sezn\u00e1mit s&nbsp;aplikacemi vyu\u017eiteln\u00fdmi p\u0159i&nbsp;on-line v\u00fduce. Kurz je ur\u010den p\u0159edev\u0161\u00edm za\u010d\u00e1te\u010dn\u00edk\u016fm, kte\u0159\u00ed by se r\u00e1di do on-line v\u00fduky pustili v\u00edce, nejsou si ale jisti, jak na to. Na [&hellip;]<\/p>\n","protected":false},"featured_media":67333,"template":"","meta":{"_acf_changed":false},"product_brand":[],"product_cat":[48],"product_tag":[],"class_list":{"0":"post-65720","1":"product","2":"type-product","3":"status-publish","4":"has-post-thumbnail","6":"product_cat-webinare-archiv","8":"first","9":"outofstock","10":"sold-individually","11":"shipping-taxable","12":"product-type-simple"},"acf":[],"aioseo_notices":[],"_links":{"self":[{"href":"https:\/\/skrivanek.cz\/cz\/wp-json\/wp\/v2\/product\/65720","targetHints":{"allow":["GET"]}}],"collection":[{"href":"https:\/\/skrivanek.cz\/cz\/wp-json\/wp\/v2\/product"}],"about":[{"href":"https:\/\/skrivanek.cz\/cz\/wp-json\/wp\/v2\/types\/product"}],"wp:featuredmedia":[{"embeddable":true,"href":"https:\/\/skrivanek.cz\/cz\/wp-json\/wp\/v2\/media\/67333"}],"wp:attachment":[{"href":"https:\/\/skrivanek.cz\/cz\/wp-json\/wp\/v2\/media?parent=65720"}],"wp:term":[{"taxonomy":"product_brand","embeddable":true,"href":"https:\/\/skrivanek.cz\/cz\/wp-json\/wp\/v2\/product_brand?post=65720"},{"taxonomy":"product_cat","embeddable":true,"href":"https:\/\/skrivanek.cz\/cz\/wp-json\/wp\/v2\/product_cat?post=65720"},{"taxonomy":"product_tag","embeddable":true,"href":"https:\/\/skrivanek.cz\/cz\/wp-json\/wp\/v2\/product_tag?post=65720"}],"curies":[{"name":"wp","href":"https:\/\/api.w.org\/{rel}","templated":true}]}}