{"id":65746,"date":"2024-02-18T13:45:49","date_gmt":"2024-02-18T12:45:49","guid":{"rendered":"https:\/\/skrivanek.cz\/cz\/?post_type=product&#038;p=65746"},"modified":"2024-05-29T09:14:05","modified_gmt":"2024-05-29T07:14:05","slug":"webinar-pro-ucitele-vyuziti-online-nastroju-ve-vyuce-2","status":"publish","type":"product","link":"https:\/\/skrivanek.cz\/cz\/produkt\/webinar-pro-ucitele-vyuziti-online-nastroju-ve-vyuce-2\/","title":{"rendered":"Webin\u00e1\u0159: Vyu\u017eit\u00ed online n\u00e1stroj\u016f ve v\u00fduce \u2013 Wordwall, Kahoot, Clasroomscreen, Microsoft Whiteboard, Padlet"},"content":{"rendered":"<p><span style=\"font-size: 20px;\"><strong>V \u00fater\u00fd 28.&nbsp;5.&nbsp;2024 od 18:00 <\/strong>po\u0159\u00e1d\u00e1me webin\u00e1\u0159 na t\u00e9ma <strong><em>\u201eVyu\u017eit\u00ed online n\u00e1stroj\u016f ve v\u00fduce \u2013 Wordwall, Kahoot, Clasroomscreen, Microsoft Whiteboard, <a href=\"https:\/\/cs.padlet.com\/\">Padlet<\/a>\u201c.<\/em><\/strong><\/span><\/p>\n<p>Jak vyu\u017e\u00edt tabuli p\u0159i&nbsp;<a href=\"https:\/\/skrivanek.cz\/cz\/jazykova-skola\/online-vyuka\/\">online v\u00fduce<\/a>? Kde vytvo\u0159it interaktivn\u00ed cvi\u010den\u00ed? Na tomto webin\u00e1\u0159i se pod\u00edv\u00e1me, jak pracovat s&nbsp;n\u011bkter\u00fdmi n\u00e1stroji p\u0159i&nbsp;on-line lekci. Z\u00edsk\u00e1te inspiraci p\u0159edev\u0161\u00edm na p\u0159\u00edpravu hodin a&nbsp;materi\u00e1l\u016f, ale tak\u00e9 nap\u0159\u00edklad jak vytvo\u0159it interaktivn\u00ed aktivity k&nbsp;hrav\u00e9mu procvi\u010den\u00ed gramatiky.\u00a0<\/p>\n<p><strong>Webin\u00e1\u0159 povede na\u0161e pra\u017esk\u00e1 lektorka Denisa Ricigliano <\/strong>a bude trvat p\u0159ibli\u017en\u011b 90 minut.<\/p>\n<p>P\u0159ihl\u00e1sit se m\u016f\u017eete do 27.&nbsp;5.&nbsp;2024.<\/p>\n<p>Webin\u00e1\u0159 prob\u011bhne na Webexu v&nbsp;\u010desk\u00e9m jazyce.<\/p>\n","protected":false},"excerpt":{"rendered":"<p>V \u00fater\u00fd 28.&nbsp;5.&nbsp;2024 od 18:00 po\u0159\u00e1d\u00e1me webin\u00e1\u0159 na t\u00e9ma \u201eVyu\u017eit\u00ed online n\u00e1stroj\u016f ve v\u00fduce \u2013 Wordwall, Kahoot, Clasroomscreen, Microsoft Whiteboard, Padlet\u201c. Jak vyu\u017e\u00edt tabuli p\u0159i&nbsp;online v\u00fduce? Kde vytvo\u0159it interaktivn\u00ed cvi\u010den\u00ed? Na tomto webin\u00e1\u0159i se pod\u00edv\u00e1me, jak pracovat s&nbsp;n\u011bkter\u00fdmi n\u00e1stroji p\u0159i&nbsp;on-line lekci. Z\u00edsk\u00e1te inspiraci p\u0159edev\u0161\u00edm na p\u0159\u00edpravu hodin a&nbsp;materi\u00e1l\u016f, ale tak\u00e9 nap\u0159\u00edklad jak vytvo\u0159it interaktivn\u00ed aktivity [&hellip;]<\/p>\n","protected":false},"featured_media":67337,"template":"","meta":{"_acf_changed":false},"product_brand":[],"product_cat":[48],"product_tag":[],"class_list":{"0":"post-65746","1":"product","2":"type-product","3":"status-publish","4":"has-post-thumbnail","6":"product_cat-webinare-archiv","8":"first","9":"outofstock","10":"downloadable","11":"virtual","12":"sold-individually","13":"product-type-simple"},"acf":[],"aioseo_notices":[],"_links":{"self":[{"href":"https:\/\/skrivanek.cz\/cz\/wp-json\/wp\/v2\/product\/65746","targetHints":{"allow":["GET"]}}],"collection":[{"href":"https:\/\/skrivanek.cz\/cz\/wp-json\/wp\/v2\/product"}],"about":[{"href":"https:\/\/skrivanek.cz\/cz\/wp-json\/wp\/v2\/types\/product"}],"wp:featuredmedia":[{"embeddable":true,"href":"https:\/\/skrivanek.cz\/cz\/wp-json\/wp\/v2\/media\/67337"}],"wp:attachment":[{"href":"https:\/\/skrivanek.cz\/cz\/wp-json\/wp\/v2\/media?parent=65746"}],"wp:term":[{"taxonomy":"product_brand","embeddable":true,"href":"https:\/\/skrivanek.cz\/cz\/wp-json\/wp\/v2\/product_brand?post=65746"},{"taxonomy":"product_cat","embeddable":true,"href":"https:\/\/skrivanek.cz\/cz\/wp-json\/wp\/v2\/product_cat?post=65746"},{"taxonomy":"product_tag","embeddable":true,"href":"https:\/\/skrivanek.cz\/cz\/wp-json\/wp\/v2\/product_tag?post=65746"}],"curies":[{"name":"wp","href":"https:\/\/api.w.org\/{rel}","templated":true}]}}