{"id":67358,"date":"2024-02-18T13:44:13","date_gmt":"2024-02-18T12:44:13","guid":{"rendered":"https:\/\/skrivanek.cz\/cz\/?post_type=product&#038;p=67358"},"modified":"2024-05-20T07:31:28","modified_gmt":"2024-05-20T05:31:28","slug":"webinar-online-platformy-interaktivni-nastroje","status":"publish","type":"product","link":"https:\/\/skrivanek.cz\/cz\/produkt\/webinar-online-platformy-interaktivni-nastroje\/","title":{"rendered":"Webin\u00e1\u0159: Pr\u00e1ce s&nbsp;online platformami \u010di&nbsp;online interaktivn\u00edmi n\u00e1stroji"},"content":{"rendered":"<p><span style=\"font-size: 20px;\"><strong>V ned\u011bli 19.&nbsp;5.&nbsp;2024 od 18:00 <\/strong>po\u0159\u00e1d\u00e1me webin\u00e1\u0159 na t\u00e9ma <strong><em>\u201ePr\u00e1ce s&nbsp;online platformami \u010di&nbsp;online interaktivn\u00edmi n\u00e1stroji\u201c.<\/em><\/strong><\/span><\/p>\n<p>B\u011bhem webin\u00e1\u0159e se dozv\u00edme, jak zahrnout specifick\u00e9 n\u00e1stroje a&nbsp;funkce do v\u00fdukov\u00e9ho prost\u0159ed\u00ed s&nbsp;c\u00edlem zv\u00fd\u0161it zapojen\u00ed, interakci a&nbsp;celkov\u00fd z\u00e1\u017eitek z&nbsp;v\u00fduky. Koukneme se na v\u00fdb\u011br vhodn\u00fdch n\u00e1stroj\u016f (podle mo\u017enosti bez nutnosti placen\u00ed), v\u00fdhody a&nbsp;nev\u00fdhody, praktick\u00e9 uk\u00e1zky a&nbsp;popov\u00edd\u00e1me si i&nbsp;o&nbsp;vlastn\u00edch z\u00e1\u017eitc\u00edch a&nbsp;zku\u0161enostech.<\/p>\n<p><strong>Webin\u00e1\u0159 povede na\u0161e pra\u017esk\u00e1 senior lektorka Sandra Vlaini\u0107 <\/strong>a bude trvat p\u0159ibli\u017en\u011b 90 minut.<\/p>\n<p>P\u0159ihl\u00e1sit se m\u016f\u017eete do 17.&nbsp;5.&nbsp;2024<a href=\"javascript:secureDecryptAndNavigate('uNm72jeGrtN\/RcFS0O1KsOWjJbMhFv8LPuVfYejTdPRslqc1ie6nz0HnXtAvbckY3m5PMX0IVLnmoTTELJaaEtPwtDi5o22tw9uXJw==', '9c1e8f5271bf4f233390c22bdf43601f044e80460c2e9cc63c40d8bc66437679')\">.<\/a><\/p>\n<p>Webin\u00e1\u0159 prob\u011bhne na Webexu v\u00a0\u010desk\u00e9m jazyce.<\/p>\n","protected":false},"excerpt":{"rendered":"<p>V ned\u011bli 19.&nbsp;5.&nbsp;2024 od 18:00 po\u0159\u00e1d\u00e1me webin\u00e1\u0159 na t\u00e9ma \u201ePr\u00e1ce s&nbsp;online platformami \u010di&nbsp;online interaktivn\u00edmi n\u00e1stroji\u201c. B\u011bhem webin\u00e1\u0159e se dozv\u00edme, jak zahrnout specifick\u00e9 n\u00e1stroje a&nbsp;funkce do v\u00fdukov\u00e9ho prost\u0159ed\u00ed s&nbsp;c\u00edlem zv\u00fd\u0161it zapojen\u00ed, interakci a&nbsp;celkov\u00fd z\u00e1\u017eitek z&nbsp;v\u00fduky. Koukneme se na v\u00fdb\u011br vhodn\u00fdch n\u00e1stroj\u016f (podle mo\u017enosti bez nutnosti placen\u00ed), v\u00fdhody a&nbsp;nev\u00fdhody, praktick\u00e9 uk\u00e1zky a&nbsp;popov\u00edd\u00e1me si i&nbsp;o&nbsp;vlastn\u00edch z\u00e1\u017eitc\u00edch a&nbsp;zku\u0161enostech. Webin\u00e1\u0159 [&hellip;]<\/p>\n","protected":false},"featured_media":67360,"template":"","meta":{"_acf_changed":false},"product_brand":[],"product_cat":[48],"product_tag":[],"class_list":{"0":"post-67358","1":"product","2":"type-product","3":"status-publish","4":"has-post-thumbnail","6":"product_cat-webinare-archiv","8":"first","9":"outofstock","10":"downloadable","11":"virtual","12":"product-type-simple"},"acf":[],"aioseo_notices":[],"_links":{"self":[{"href":"https:\/\/skrivanek.cz\/cz\/wp-json\/wp\/v2\/product\/67358","targetHints":{"allow":["GET"]}}],"collection":[{"href":"https:\/\/skrivanek.cz\/cz\/wp-json\/wp\/v2\/product"}],"about":[{"href":"https:\/\/skrivanek.cz\/cz\/wp-json\/wp\/v2\/types\/product"}],"wp:featuredmedia":[{"embeddable":true,"href":"https:\/\/skrivanek.cz\/cz\/wp-json\/wp\/v2\/media\/67360"}],"wp:attachment":[{"href":"https:\/\/skrivanek.cz\/cz\/wp-json\/wp\/v2\/media?parent=67358"}],"wp:term":[{"taxonomy":"product_brand","embeddable":true,"href":"https:\/\/skrivanek.cz\/cz\/wp-json\/wp\/v2\/product_brand?post=67358"},{"taxonomy":"product_cat","embeddable":true,"href":"https:\/\/skrivanek.cz\/cz\/wp-json\/wp\/v2\/product_cat?post=67358"},{"taxonomy":"product_tag","embeddable":true,"href":"https:\/\/skrivanek.cz\/cz\/wp-json\/wp\/v2\/product_tag?post=67358"}],"curies":[{"name":"wp","href":"https:\/\/api.w.org\/{rel}","templated":true}]}}