{"id":67364,"date":"2024-03-13T11:12:17","date_gmt":"2024-03-13T10:12:17","guid":{"rendered":"https:\/\/skrivanek.cz\/cz\/?post_type=product&#038;p=67364"},"modified":"2024-06-19T10:28:51","modified_gmt":"2024-06-19T08:28:51","slug":"hlasova-hygiena","status":"publish","type":"product","link":"https:\/\/skrivanek.cz\/cz\/produkt\/hlasova-hygiena\/","title":{"rendered":"Webin\u00e1\u0159: Hlasov\u00e1 hygiena aneb jak si nevymluvit d\u00edru do hlasivek"},"content":{"rendered":"<p><span style=\"font-size: 20px;\"><strong>V \u00fater\u00fd 18.&nbsp;6.&nbsp;2024 od 18:00 <\/strong>po\u0159\u00e1d\u00e1me webin\u00e1\u0159 na t\u00e9ma <strong><em>\u201eHlasov\u00e1 hygiena aneb jak si nevymluvit d\u00edru do hlasivek\u201c.<\/em><\/strong><br \/>\n<\/span><br \/>\nNau\u010d\u00edme se, jak spr\u00e1vn\u011b tvo\u0159it hlas a&nbsp;jak si ho h\u00fd\u010dkat. Pil\u00ed\u0159em n\u00e1m bude pr\u00e1ce s&nbsp;dechem a&nbsp;s&nbsp;br\u00e1nic\u00ed, vyzkou\u0161\u00edme si dechov\u00e1 cvi\u010den\u00ed, kter\u00e1 n\u00e1m pos\u00edl\u00ed hlasovou op\u011bru a&nbsp;kapacitu plic. N\u00e1sledn\u011b si projdeme r\u016fzn\u00e9 hlasov\u00e9 rejst\u0159\u00edky a&nbsp;nau\u010d\u00edme se je m\u011bnit podle aktu\u00e1ln\u00ed hlasov\u00e9 kondice tak, abychom si neubl\u00ed\u017eili a&nbsp;hlasu naopak pomohli, kdy\u017e je oslaben\u00fd. Nakonec si uk\u00e1\u017eeme tipy a&nbsp;triky, jak si d\u00edky hlasu z\u00edskat nebo udr\u017eet pozornost student\u016f.<\/p>\n<p><strong>Webin\u00e1\u0159 povede na\u0161e senior koordin\u00e1torka Mgr. Zuzana Vyhn\u00e1nkov\u00e1 z\u00a0Hradce Kr\u00e1lov\u00e9 <\/strong>a bude trvat p\u0159ibli\u017en\u011b 90 minut.<\/p>\n<p>P\u0159ihl\u00e1sit se m\u016f\u017eete do 17.&nbsp;6.&nbsp;2024.<\/p>\n<p>Webin\u00e1\u0159 prob\u011bhne na Webexu v\u00a0\u010desk\u00e9m jazyce.<\/p>\n<p>&nbsp;<\/p>\n","protected":false},"excerpt":{"rendered":"<p>V \u00fater\u00fd 18.&nbsp;6.&nbsp;2024 od 18:00 po\u0159\u00e1d\u00e1me webin\u00e1\u0159 na t\u00e9ma \u201eHlasov\u00e1 hygiena aneb jak si nevymluvit d\u00edru do hlasivek\u201c. Nau\u010d\u00edme se, jak spr\u00e1vn\u011b tvo\u0159it hlas a&nbsp;jak si ho h\u00fd\u010dkat. Pil\u00ed\u0159em n\u00e1m bude pr\u00e1ce s&nbsp;dechem a&nbsp;s&nbsp;br\u00e1nic\u00ed, vyzkou\u0161\u00edme si dechov\u00e1 cvi\u010den\u00ed, kter\u00e1 n\u00e1m pos\u00edl\u00ed hlasovou op\u011bru a&nbsp;kapacitu plic. N\u00e1sledn\u011b si projdeme r\u016fzn\u00e9 hlasov\u00e9 rejst\u0159\u00edky a&nbsp;nau\u010d\u00edme se je m\u011bnit [&hellip;]<\/p>\n","protected":false},"featured_media":67540,"template":"","meta":{"_acf_changed":false},"product_brand":[],"product_cat":[48],"product_tag":[],"class_list":{"0":"post-67364","1":"product","2":"type-product","3":"status-publish","4":"has-post-thumbnail","6":"product_cat-webinare-archiv","8":"first","9":"outofstock","10":"downloadable","11":"virtual","12":"sold-individually","13":"product-type-simple"},"acf":[],"aioseo_notices":[],"_links":{"self":[{"href":"https:\/\/skrivanek.cz\/cz\/wp-json\/wp\/v2\/product\/67364","targetHints":{"allow":["GET"]}}],"collection":[{"href":"https:\/\/skrivanek.cz\/cz\/wp-json\/wp\/v2\/product"}],"about":[{"href":"https:\/\/skrivanek.cz\/cz\/wp-json\/wp\/v2\/types\/product"}],"wp:featuredmedia":[{"embeddable":true,"href":"https:\/\/skrivanek.cz\/cz\/wp-json\/wp\/v2\/media\/67540"}],"wp:attachment":[{"href":"https:\/\/skrivanek.cz\/cz\/wp-json\/wp\/v2\/media?parent=67364"}],"wp:term":[{"taxonomy":"product_brand","embeddable":true,"href":"https:\/\/skrivanek.cz\/cz\/wp-json\/wp\/v2\/product_brand?post=67364"},{"taxonomy":"product_cat","embeddable":true,"href":"https:\/\/skrivanek.cz\/cz\/wp-json\/wp\/v2\/product_cat?post=67364"},{"taxonomy":"product_tag","embeddable":true,"href":"https:\/\/skrivanek.cz\/cz\/wp-json\/wp\/v2\/product_tag?post=67364"}],"curies":[{"name":"wp","href":"https:\/\/api.w.org\/{rel}","templated":true}]}}