{"id":70050,"date":"2024-05-14T10:40:12","date_gmt":"2024-05-14T08:40:12","guid":{"rendered":"https:\/\/skrivanek.cz\/cz\/?post_type=product&#038;p=70050"},"modified":"2024-10-24T11:22:43","modified_gmt":"2024-10-24T09:22:43","slug":"jak-pracovat-s-ucebnici-online-lekcich","status":"publish","type":"product","link":"https:\/\/skrivanek.cz\/cz\/produkt\/jak-pracovat-s-ucebnici-online-lekcich\/","title":{"rendered":"Webin\u00e1\u0159: Jak pracovat s&nbsp;u\u010debnic\u00ed English File v&nbsp;online lekc\u00edch &#038; jak\u00fdmi materi\u00e1ly a&nbsp;zdroji ji doplnit"},"content":{"rendered":"<p><span style=\"font-size: 20px;\"><strong>Ve st\u0159edu 23.&nbsp;10.&nbsp;2024 od 18:00 <\/strong>po\u0159\u00e1d\u00e1me webin\u00e1\u0159 na t\u00e9ma <strong><em>\u201eJak pracovat s&nbsp;u\u010debnic\u00ed English File v&nbsp;online lekc\u00edch &amp; jak\u00fdmi materi\u00e1ly a&nbsp;zdroji ji doplnit\u201c.<\/em><\/strong><\/span><\/p>\n<p>Jak pracovat s&nbsp;u\u010debnic\u00ed v&nbsp;<a href=\"https:\/\/skrivanek.cz\/cz\/jazykova-skola\/online-vyuka\/\">online lekc\u00edch<\/a>, abyste studenty jen neodkazovali na str\u00e1nku a&nbsp;cvi\u010den\u00ed? \u010c\u00edm lekce ozvl\u00e1\u0161tnit, a&nbsp;ze kter\u00fdch zdroj\u016f pro tyto \u00fa\u010dely \u010derpat inspiraci? Jak\u00e9 aplikace se skv\u011ble hod\u00ed pro tvorbu vlastn\u00edch \/ vyu\u017eit\u00ed ji\u017e zpracovan\u00fdch dopl\u0148kov\u00fdch cvi\u010den\u00ed z&nbsp;Teacher&#8217;s&nbsp;Booku? P\u0159ij\u010fte si na webin\u00e1\u0159 pro tipy, jak ud\u011blat va\u0161e &#8222;u\u010debnicov\u00e9 lekce&#8220; z\u00e1bavn\u011bj\u0161\u00ed nejen pro va\u0161e studenty, ale i&nbsp;pro v\u00e1s samotn\u00e9!<\/p>\n<p><strong>Webin\u00e1\u0159 povede na\u0161e brn\u011bnsk\u00e1 lektorka, Ing. Jana \u010c\u00e1pov\u00e1, <\/strong>a bude trvat p\u0159ibli\u017en\u011b 90 minut.<\/p>\n<p>P\u0159ihl\u00e1sit se m\u016f\u017eete do 22.&nbsp;10.&nbsp;2024.<\/p>\n<p>Webin\u00e1\u0159 prob\u011bhne na Webexu v\u00a0\u010desk\u00e9m jazyce.<\/p>\n<p>&nbsp;<\/p>\n","protected":false},"excerpt":{"rendered":"<p>Ve st\u0159edu 23.&nbsp;10.&nbsp;2024 od 18:00 po\u0159\u00e1d\u00e1me webin\u00e1\u0159 na t\u00e9ma \u201eJak pracovat s&nbsp;u\u010debnic\u00ed English File v&nbsp;online lekc\u00edch &amp; jak\u00fdmi materi\u00e1ly a&nbsp;zdroji ji doplnit\u201c. Jak pracovat s&nbsp;u\u010debnic\u00ed v&nbsp;online lekc\u00edch, abyste studenty jen neodkazovali na str\u00e1nku a&nbsp;cvi\u010den\u00ed? \u010c\u00edm lekce ozvl\u00e1\u0161tnit, a&nbsp;ze kter\u00fdch zdroj\u016f pro tyto \u00fa\u010dely \u010derpat inspiraci? Jak\u00e9 aplikace se skv\u011ble hod\u00ed pro tvorbu vlastn\u00edch \/ vyu\u017eit\u00ed [&hellip;]<\/p>\n","protected":false},"featured_media":70051,"template":"","meta":{"_acf_changed":false},"product_brand":[],"product_cat":[48],"product_tag":[],"class_list":{"0":"post-70050","1":"product","2":"type-product","3":"status-publish","4":"has-post-thumbnail","6":"product_cat-webinare-archiv","8":"first","9":"outofstock","10":"downloadable","11":"virtual","12":"sold-individually","13":"purchasable","14":"product-type-simple"},"acf":[],"aioseo_notices":[],"_links":{"self":[{"href":"https:\/\/skrivanek.cz\/cz\/wp-json\/wp\/v2\/product\/70050","targetHints":{"allow":["GET"]}}],"collection":[{"href":"https:\/\/skrivanek.cz\/cz\/wp-json\/wp\/v2\/product"}],"about":[{"href":"https:\/\/skrivanek.cz\/cz\/wp-json\/wp\/v2\/types\/product"}],"wp:featuredmedia":[{"embeddable":true,"href":"https:\/\/skrivanek.cz\/cz\/wp-json\/wp\/v2\/media\/70051"}],"wp:attachment":[{"href":"https:\/\/skrivanek.cz\/cz\/wp-json\/wp\/v2\/media?parent=70050"}],"wp:term":[{"taxonomy":"product_brand","embeddable":true,"href":"https:\/\/skrivanek.cz\/cz\/wp-json\/wp\/v2\/product_brand?post=70050"},{"taxonomy":"product_cat","embeddable":true,"href":"https:\/\/skrivanek.cz\/cz\/wp-json\/wp\/v2\/product_cat?post=70050"},{"taxonomy":"product_tag","embeddable":true,"href":"https:\/\/skrivanek.cz\/cz\/wp-json\/wp\/v2\/product_tag?post=70050"}],"curies":[{"name":"wp","href":"https:\/\/api.w.org\/{rel}","templated":true}]}}