{"id":70054,"date":"2024-05-14T11:18:33","date_gmt":"2024-05-14T09:18:33","guid":{"rendered":"https:\/\/skrivanek.cz\/cz\/?post_type=product&#038;p=70054"},"modified":"2024-11-21T12:19:43","modified_gmt":"2024-11-21T11:19:43","slug":"webinar-jak-zaclenit-kulturudo-jazykovych-lekci","status":"publish","type":"product","link":"https:\/\/skrivanek.cz\/cz\/produkt\/webinar-jak-zaclenit-kulturudo-jazykovych-lekci\/","title":{"rendered":"Webin\u00e1\u0159: Jak za\u010dlenit kulturu dan\u00e9 zem\u011b do jazykov\u00fdch lekc\u00ed v&nbsp;duchu tzv.&nbsp;&#8222;multimodal literacy&#8220;"},"content":{"rendered":"<p><span style=\"font-size: 20px;\"><strong>Ve st\u0159edu 20.&nbsp;11.&nbsp;2024 od 18:00 <\/strong>po\u0159\u00e1d\u00e1me webin\u00e1\u0159 na t\u00e9ma <strong><em>\u201eJak za\u010dlenit kulturu dan\u00e9 zem\u011b do jazykov\u00fdch lekc\u00ed v&nbsp;duchu tzv.&nbsp;&#8222;multimodal literacy\u201c.<\/em><\/strong><br \/>\n<\/span><br \/>\nD\u016fraz na multimod\u00e1ln\u00ed komunikaci ve v\u00fduce jazyka neust\u00e1le roste. Nau\u010dte se, jak ji v\u010dlenit do sv\u00fdch jazykov\u00fdch lekc\u00ed prost\u0159ednictv\u00edm kulturn\u00edch hodin! Neomezujte se p\u0159itom jen na typick\u00e9 sv\u00e1te\u010dn\u00ed lekce (V\u00e1noce, Velikonoce, Halloween apod.), vyu\u017eijte v\u0161e, co o&nbsp;dan\u00e9 zemi v\u00edte, na maximum! \ud83d\ude0a<\/p>\n<p><strong>Webin\u00e1\u0159 povede na\u0161e brn\u011bnsk\u00e1 lektorka, Ing. Jana \u010c\u00e1pov\u00e1, <\/strong>a bude trvat p\u0159ibli\u017en\u011b 90 minut.<\/p>\n<p>P\u0159ihl\u00e1sit se m\u016f\u017eete do 19.&nbsp;11.&nbsp;2024.<\/p>\n<p>Webin\u00e1\u0159 prob\u011bhne na Webexu v\u00a0\u010desk\u00e9m jazyce.<\/p>\n","protected":false},"excerpt":{"rendered":"<p>Ve st\u0159edu 20.&nbsp;11.&nbsp;2024 od 18:00 po\u0159\u00e1d\u00e1me webin\u00e1\u0159 na t\u00e9ma \u201eJak za\u010dlenit kulturu dan\u00e9 zem\u011b do jazykov\u00fdch lekc\u00ed v&nbsp;duchu tzv.&nbsp;&#8222;multimodal literacy\u201c. D\u016fraz na multimod\u00e1ln\u00ed komunikaci ve v\u00fduce jazyka neust\u00e1le roste. Nau\u010dte se, jak ji v\u010dlenit do sv\u00fdch jazykov\u00fdch lekc\u00ed prost\u0159ednictv\u00edm kulturn\u00edch hodin! Neomezujte se p\u0159itom jen na typick\u00e9 sv\u00e1te\u010dn\u00ed lekce (V\u00e1noce, Velikonoce, Halloween apod.), vyu\u017eijte v\u0161e, [&hellip;]<\/p>\n","protected":false},"featured_media":70055,"template":"","meta":{"_acf_changed":false},"product_brand":[],"product_cat":[48],"product_tag":[],"class_list":{"0":"post-70054","1":"product","2":"type-product","3":"status-publish","4":"has-post-thumbnail","6":"product_cat-webinare-archiv","8":"first","9":"outofstock","10":"downloadable","11":"virtual","12":"sold-individually","13":"purchasable","14":"product-type-simple"},"acf":[],"aioseo_notices":[],"_links":{"self":[{"href":"https:\/\/skrivanek.cz\/cz\/wp-json\/wp\/v2\/product\/70054","targetHints":{"allow":["GET"]}}],"collection":[{"href":"https:\/\/skrivanek.cz\/cz\/wp-json\/wp\/v2\/product"}],"about":[{"href":"https:\/\/skrivanek.cz\/cz\/wp-json\/wp\/v2\/types\/product"}],"wp:featuredmedia":[{"embeddable":true,"href":"https:\/\/skrivanek.cz\/cz\/wp-json\/wp\/v2\/media\/70055"}],"wp:attachment":[{"href":"https:\/\/skrivanek.cz\/cz\/wp-json\/wp\/v2\/media?parent=70054"}],"wp:term":[{"taxonomy":"product_brand","embeddable":true,"href":"https:\/\/skrivanek.cz\/cz\/wp-json\/wp\/v2\/product_brand?post=70054"},{"taxonomy":"product_cat","embeddable":true,"href":"https:\/\/skrivanek.cz\/cz\/wp-json\/wp\/v2\/product_cat?post=70054"},{"taxonomy":"product_tag","embeddable":true,"href":"https:\/\/skrivanek.cz\/cz\/wp-json\/wp\/v2\/product_tag?post=70054"}],"curies":[{"name":"wp","href":"https:\/\/api.w.org\/{rel}","templated":true}]}}