{"id":70504,"date":"2024-06-27T09:16:21","date_gmt":"2024-06-27T07:16:21","guid":{"rendered":"https:\/\/skrivanek.cz\/cz\/?post_type=product&#038;p=70504"},"modified":"2026-01-12T09:44:40","modified_gmt":"2026-01-12T08:44:40","slug":"anglictina-obecny-kurz-a2-mirne-pokrocili","status":"publish","type":"product","link":"https:\/\/skrivanek.cz\/cz\/produkt\/anglictina-obecny-kurz-a2-mirne-pokrocili\/","title":{"rendered":"Angli\u010dtina A2 \u2013 Obecn\u00fd kurz pro m\u00edrn\u011b pokro\u010dil\u00e9"},"content":{"rendered":"<p>Zdokonalte sv\u00e9 z\u00e1klady angli\u010dtiny a&nbsp;z\u00edskejte v\u011bt\u0161\u00ed jistotu v&nbsp;komunikaci.<\/p>\n<h3>Angli\u010dtina A2 \u2013\u2060\u2060\u2060\u2060\u2060\u2060 obecn\u00fd kurz <img loading=\"lazy\" decoding=\"async\" class=\"alignnone wp-image-61326\" title=\"ico-jazykovka_big \u2013 Kvalitn\u00ed p\u0159eklady, tlumo\u010den\u00ed, jazykov\u00e1 \u0161kola | Sk\u0159iv\u00e1nek\" src=\"https:\/\/skrivanek.cz\/wp-content\/uploads\/2023\/08\/ico-jazykovka-big.png\" alt=\"jazykov\u00e1 \u0161kola\" width=\"35\" height=\"25\" \/><\/h3>\n<p>Na\u0161e kurzy jsou zam\u011b\u0159eny na odbour\u00e1n\u00ed ostychu z&nbsp;mluven\u00ed a&nbsp;schopnost dorozum\u011bt se, i&nbsp;kdy\u017e s&nbsp;chybami. <strong>V\u011b\u0159\u00edme, \u017ee nejd\u016fle\u017eit\u011bj\u0161\u00ed je um\u011bt se domluvit<\/strong>. V&nbsp;hodin\u00e1ch se soust\u0159ed\u00edme na rozvoj konverza\u010dn\u00edch dovednost\u00ed na \u00farovni A2, roz\u0161i\u0159ov\u00e1n\u00ed slovn\u00ed z\u00e1soby a&nbsp;systematick\u00e9 procvi\u010dov\u00e1n\u00ed gramatiky. Studenti se u\u010d\u00ed pou\u017e\u00edvat angli\u010dtinu prakticky a&nbsp;plynule v&nbsp;ka\u017edodenn\u00edch situac\u00edch. V\u00fduka prob\u00edh\u00e1 formou r\u016fznorod\u00fdch cvi\u010den\u00ed a&nbsp;praktick\u00fdch aktivit, kter\u00e9 podporuj\u00ed aktivn\u00ed pou\u017e\u00edv\u00e1n\u00ed jazyka.<\/p>\n<h3>Pro koho je kurz ur\u010den?<\/h3>\n<p>Kurz je ide\u00e1ln\u00ed pro studenty, kte\u0159\u00ed:<\/p>\n<ul>\n<li>cht\u011bj\u00ed zlep\u0161it svou jazykovou jistotu a&nbsp;roz\u0161\u00ed\u0159it znalosti,<\/li>\n<li>pl\u00e1nuj\u00ed p\u0159ej\u00edt na pokro\u010dilej\u0161\u00ed \u00farove\u0148 angli\u010dtiny B1,<\/li>\n<li>hledaj\u00ed kurz p\u0159izp\u016fsoben\u00fd jejich tempu a&nbsp;pot\u0159eb\u00e1m.<\/li>\n<\/ul>\n<h3>Co se nau\u010d\u00edte?<\/h3>\n<p>B\u011bhem kurzu angli\u010dtiny na \u00farovni A2 se zam\u011b\u0159\u00edte na:<\/p>\n<ul>\n<li><strong>Roz\u0161\u00ed\u0159en\u00ed slovn\u00ed z\u00e1soby<\/strong>: Nau\u010d\u00edte se fr\u00e1ze a&nbsp;v\u00fdrazy pro ka\u017edodenn\u00ed situace.<\/li>\n<li><strong>Zlep\u0161en\u00ed gramatiky<\/strong>: Procvi\u010d\u00edte si kl\u00ed\u010dov\u00e9 jazykov\u00e9 struktury, jako jsou minul\u00fd \u010das, p\u0159edlo\u017eky a&nbsp;v\u011btn\u00e1 stavba.<\/li>\n<li><strong>Plynulou komunikaci<\/strong>: Z\u00edsk\u00e1te v\u011bt\u0161\u00ed jistotu p\u0159i&nbsp;mluven\u00ed a&nbsp;v\u00fdslovnosti.<\/li>\n<li><strong>Poslech a&nbsp;porozum\u011bn\u00ed<\/strong>: Budete l\u00e9pe rozum\u011bt rodil\u00fdm mluv\u010d\u00edm v&nbsp;b\u011b\u017en\u00fdch kontextech.<\/li>\n<li><strong>Psan\u00ed<\/strong>: Nau\u010d\u00edte se ps\u00e1t jednoduch\u00e9 e-maily, pozn\u00e1mky nebo kr\u00e1tk\u00e9 popisy.<\/li>\n<\/ul>\n<h3>Jak kurz prob\u00edh\u00e1?<\/h3>\n<ul>\n<li><strong>Online v\u00fduka<\/strong>: P\u0159ipojte se odkudkoli a&nbsp;u\u010dte se v&nbsp;pohodl\u00ed domova.<\/li>\n<li><strong>Mal\u00e9 skupiny<\/strong>: Skupiny jsou mal\u00e9 (3-4 studenti), co\u017e umo\u017e\u0148uje individu\u00e1ln\u00ed p\u0159\u00edstup a&nbsp;efektivn\u00ed interakci s&nbsp;lektorem na z\u00e1rove\u0148 vyu\u017eit\u00ed v\u00fdhod skupiny.<\/li>\n<li><strong>Praktick\u00e1 t\u00e9mata<\/strong>: V\u0161e, co se nau\u010d\u00edte, okam\u017eit\u011b vyu\u017eijete v&nbsp;ka\u017edodenn\u00edm \u017eivot\u011b.<\/li>\n<li><strong>N\u00e1pl\u0148<\/strong>: Lekce jsou strukturovan\u00e9 a&nbsp;zahrnuj\u00ed poslechov\u00e9 aktivity, mluven\u00ed, \u010dten\u00ed a&nbsp;psan\u00ed. D\u016fraz je kladen na praktick\u00e9 pou\u017eit\u00ed jazyka v&nbsp;ka\u017edodenn\u00edch situac\u00edch.<\/li>\n<li><strong>Interaktivn\u00ed p\u0159\u00edstup<\/strong>: Modelov\u00e9 situace, role-play aktivity a&nbsp;diskuse.<\/li>\n<\/ul>\n<div class=\"columns columns-2\" data-columns=\"2\">\n<div class=\"column column-1\">\n<p><img loading=\"lazy\" decoding=\"async\" class=\"wp-image-72962\" src=\"https:\/\/skrivanek.cz\/wp-content\/uploads\/2024\/06\/anglictina-lekce-948x520.jpg\" alt=\"lekce angli\u010dtiny na \u00farovni A1, A2, B1, B2, C1, C2\" width=\"300\" height=\"200\" \/><\/p>\n<\/div>\n<div class=\"column column-2\">\n<p><img loading=\"lazy\" decoding=\"async\" class=\"aligncenter wp-image-72959\" src=\"https:\/\/skrivanek.cz\/wp-content\/uploads\/2024\/06\/kurz-anglictiny-948x520.jpg\" alt=\"kurz angli\u010dtiny\" width=\"300\" height=\"200\" \/><\/p>\n<\/div>\n<\/div>\n<h3>\u00a0<\/h3>\n<h3>Pro\u010d si vybrat n\u00e1\u0161 kurz?<\/h3>\n<ul>\n<li><strong>Zku\u0161en\u00ed lekto\u0159i:<\/strong> Na\u0161i lekto\u0159i maj\u00ed dlouholet\u00e9 zku\u0161enosti a&nbsp;vyu\u017e\u00edvaj\u00ed modern\u00ed v\u00fdukov\u00e9 metody.<\/li>\n<li><strong>D\u016fraz na praxi:<\/strong> V\u00fduka je zam\u011b\u0159ena na praktick\u00e9 vyu\u017eit\u00ed jazyka v&nbsp;b\u011b\u017en\u00fdch situac\u00edch.<\/li>\n<li><strong>Flexibilita:<\/strong> P\u0159izp\u016fsob\u00edme se va\u0161im pot\u0159eb\u00e1m a&nbsp;c\u00edl\u016fm.<\/li>\n<li><strong>Skv\u011bl\u00e9 hodnocen\u00ed<\/strong>: Na\u0161i studenti oce\u0148uj\u00ed p\u0159\u00e1telskou atmosf\u00e9ru, profesion\u00e1ln\u00ed p\u0159\u00edstup a&nbsp;rychl\u00e9 pokroky.<\/li>\n<\/ul>\n<h3>V\u00fdukov\u00e9 materi\u00e1ly<\/h3>\n<p>Pou\u017e\u00edv\u00e1me modern\u00ed a&nbsp;ov\u011b\u0159en\u00e9 v\u00fdukov\u00e9 materi\u00e1ly, kter\u00e9 zahrnuj\u00ed u\u010debnice, pracovn\u00ed se\u0161ity, audio a&nbsp;video nahr\u00e1vky, interaktivn\u00ed online n\u00e1stroje a&nbsp;dal\u0161\u00ed zdroje podporuj\u00edc\u00ed efektivn\u00ed u\u010den\u00ed.\u00a0<\/p>\n<h3>Effecto<\/h3>\n<p>Jedn\u00e1 se o&nbsp;unik\u00e1tn\u00ed v\u00fdukovou metodu. D\u00edky na\u0161\u00ed metod\u011b Effecto\u00ae si snadno a&nbsp;rychle osvoj\u00edte komunikaci v&nbsp;re\u00e1ln\u00fdch situac\u00edch a&nbsp;komplexn\u011b procvi\u010d\u00edte v\u0161echny jazykov\u00e9 dovednosti. Effecto\u00ae garantuje dlouhodob\u00e9 zlep\u0161en\u00ed \u00farovn\u011b jazykov\u00fdch znalost\u00ed student\u016f.<\/p>\n<h3>Cena kurzu<\/h3>\n<p>Cena za cel\u00fd kurz je<strong> 4&nbsp;680&nbsp;K\u010d<\/strong>. V&nbsp;cen\u011b je zahrnuto:<\/p>\n<ul>\n<li>12 lekc\u00ed inspirativn\u00edch lekc\u00ed.<\/li>\n<li>Online podpora od lektora b\u011bhem cel\u00e9ho kurzu.<\/li>\n<li>Certifik\u00e1t o&nbsp;absolvov\u00e1n\u00ed na \u00farovni A2.<\/li>\n<\/ul>\n<h4>\u00darove\u0148 A2 je jen za\u010d\u00e1tek!<\/h4>\n<p>Va\u0161e cesta k&nbsp;plynul\u00e9 angli\u010dtin\u011b nekon\u010d\u00ed na \u00farovni A2. Jakmile si upevn\u00edte sv\u00e9 znalosti a&nbsp;z\u00edsk\u00e1te jistotu v&nbsp;komunikaci, m\u016f\u017eete pokra\u010dovat d\u00e1l! Nab\u00edz\u00edme kurzy pro vy\u0161\u0161\u00ed \u00farovn\u011b, kter\u00e9 v\u00e1s p\u0159iprav\u00ed na pokro\u010dil\u00e9 situace, n\u00e1ro\u010dn\u011bj\u0161\u00ed jazykov\u00e9 v\u00fdzvy i&nbsp;profesion\u00e1ln\u00ed vyu\u017eit\u00ed angli\u010dtiny.<\/p>\n<p>A\u0165 u\u017e chcete dos\u00e1hnout \u00farovn\u011b B1 pro ka\u017edodenn\u00ed konverzaci, nebo se dostat na \u00farove\u0148 C1, kde zvl\u00e1dnete odbornou komunikaci, na\u0161e kurzy v\u00e1m pomohou splnit va\u0161e c\u00edle. Nenechte se zastavit \u2013 ka\u017ed\u00fd krok vp\u0159ed v\u00e1s p\u0159ibl\u00ed\u017e\u00ed k&nbsp;va\u0161im sn\u016fm!<\/p>\n<p>P\u0159ihlaste se na kurz \u00farovn\u011b A2 a&nbsp;ud\u011blejte prvn\u00ed krok na cest\u011b k&nbsp;mistrovstv\u00ed v&nbsp;angli\u010dtin\u011b. My v\u00e1s podpo\u0159\u00edme na ka\u017ed\u00e9m kroku!<\/p>\n","protected":false},"excerpt":{"rendered":"<p><strong>Den a&nbsp;\u010das:<\/strong> Pond\u011bl\u00ed 17:00 &#8211; 18:30<br \/>\n<strong>Term\u00edn:<\/strong> 13.&nbsp;4. \u2013 29.&nbsp;6.&nbsp;2026<br \/>\n<strong>Forma v\u00fduky:<\/strong> online<br \/>\n<strong>Intenzita: <\/strong>1 lekce t\u00fddn\u011b <br \/>\n<strong>Po\u010det lekc\u00ed:<\/strong> celkem 12 lekc\u00ed (12 x 90 minut)<\/p>\n<p>Pokud preferujete <strong data-start=\"415\" data-end=\"434\">platbu p\u0159evodem<\/strong>, chcete <strong data-start=\"443\" data-end=\"466\">zaplatit na pobo\u010dce<\/strong> nebo m\u00e1te jak\u00fdkoli <strong data-start=\"486\" data-end=\"495\">dotaz<\/strong>, nev\u00e1hejte n\u00e1s kontaktovat na e\u2011mailu <strong data-start=\"534\" data-end=\"556\"><a class=\"cursor-pointer\" href=\"javascript:secureDecryptAndNavigate('yomCHca\/q590uIXoqt6LHaGHVJxhR9TZl1XQ6oW5yCAdmU0RGExGQkO926HW+me3CHLaEfT0Pa3U\/xfueNix7fSu0dShlv1AuQ==', '9c1e8f5271bf4f233390c22bdf43601f044e80460c2e9cc63c40d8bc66437679')\" data-start=\"536\" data-end=\"554\">sk&#111;&#108;&#97;&#64;&#115;kr&#105;v&#97;nek.&#99;z<\/a><\/strong> nebo na telefonn\u00edm \u010d\u00edsle <a href=\"tel:+420 777 809 805\">+420&nbsp;777&nbsp;809\u00a0805<\/a>.<\/p>\n","protected":false},"featured_media":70804,"template":"","meta":{"_acf_changed":false},"product_brand":[],"product_cat":[58],"product_tag":[],"class_list":{"0":"post-70504","1":"product","2":"type-product","3":"status-publish","4":"has-post-thumbnail","6":"product_cat-kurzy","8":"first","9":"instock","10":"downloadable","11":"virtual","12":"purchasable","13":"product-type-simple"},"acf":[],"aioseo_notices":[],"_links":{"self":[{"href":"https:\/\/skrivanek.cz\/cz\/wp-json\/wp\/v2\/product\/70504","targetHints":{"allow":["GET"]}}],"collection":[{"href":"https:\/\/skrivanek.cz\/cz\/wp-json\/wp\/v2\/product"}],"about":[{"href":"https:\/\/skrivanek.cz\/cz\/wp-json\/wp\/v2\/types\/product"}],"wp:featuredmedia":[{"embeddable":true,"href":"https:\/\/skrivanek.cz\/cz\/wp-json\/wp\/v2\/media\/70804"}],"wp:attachment":[{"href":"https:\/\/skrivanek.cz\/cz\/wp-json\/wp\/v2\/media?parent=70504"}],"wp:term":[{"taxonomy":"product_brand","embeddable":true,"href":"https:\/\/skrivanek.cz\/cz\/wp-json\/wp\/v2\/product_brand?post=70504"},{"taxonomy":"product_cat","embeddable":true,"href":"https:\/\/skrivanek.cz\/cz\/wp-json\/wp\/v2\/product_cat?post=70504"},{"taxonomy":"product_tag","embeddable":true,"href":"https:\/\/skrivanek.cz\/cz\/wp-json\/wp\/v2\/product_tag?post=70504"}],"curies":[{"name":"wp","href":"https:\/\/api.w.org\/{rel}","templated":true}]}}