{"id":70632,"date":"2024-03-12T09:42:57","date_gmt":"2024-03-12T08:42:57","guid":{"rendered":"https:\/\/skrivanek.cz\/cz\/?post_type=product&#038;p=70632"},"modified":"2024-06-04T07:49:04","modified_gmt":"2024-06-04T05:49:04","slug":"webinar-jak-na-poslech-bez-stresu","status":"publish","type":"product","link":"https:\/\/skrivanek.cz\/cz\/produkt\/webinar-jak-na-poslech-bez-stresu\/","title":{"rendered":"Webin\u00e1\u0159: Jak na poslech bez stresu"},"content":{"rendered":"<p><span style=\"font-size: 20px;\"><strong>V pond\u011bl\u00ed 3.&nbsp;6.&nbsp;2024 od 19:30 <\/strong>po\u0159\u00e1d\u00e1me webin\u00e1\u0159 na t\u00e9ma <strong><em>\u201eJak na poslech bez stresu\u201c.<\/em><\/strong><\/span><\/p>\n<p><strong>Poslech <\/strong>a sledov\u00e1n\u00ed videa b\u00fdv\u00e1 v&nbsp;lekc\u00edch opom\u00edjeno. Jedn\u00edm z&nbsp;d\u016fvod\u016f je, \u017ee se jich studenti <strong>boj\u00ed<\/strong>, proto\u017ee <strong>\u0161patn\u011b rozum\u00ed<\/strong>. Jak to ud\u011blat, <strong>aby se neb\u00e1li a&nbsp;aby byl poslech efektivn\u00ed<\/strong>?<br \/>\nNa webin\u00e1\u0159i si <strong>vyzkou\u0161\u00edte<\/strong>, jak se student c\u00edt\u00ed p\u0159i&nbsp;poslechu nezn\u00e1m\u00e9ho dokumentu. Z&nbsp;toho vyplyne, jak\u00e9 materi\u00e1ly <strong>pou\u017e\u00edvat <\/strong>a jak poslech <strong>p\u0159ipravit <\/strong>tak, aby mu student postupn\u011b <strong>rozum\u011bl a\u017e do t\u00e9 m\u00edry, do kter\u00e9 pot\u0159ebuje<\/strong>.\u00a0<\/p>\n<p><strong>Video <\/strong>je dnes v&nbsp;re\u00e1ln\u00e9m \u017eivot\u011b b\u011b\u017en\u011bj\u0161\u00ed ne\u017e audio a&nbsp;m\u00e1 v\u00fdhodu <strong>vizu\u00e1ln\u00ed podpory<\/strong>. Uk\u00e1\u017eeme si, jak ji vyu\u017e\u00edt pro lep\u0161\u00ed porozum\u011bn\u00ed.<br \/>\nPod\u00edv\u00e1me se, jak k&nbsp;audiu a&nbsp;videu p\u0159istupuj\u00ed vybran\u00e9 <strong>u\u010debnice <\/strong>(\u010cj, Fj a&nbsp;dal\u0161\u00ed jazyky podle \u00fa\u010dastn\u00edk\u016f webin\u00e1\u0159e \u2013 <strong>projd\u011bte si dop\u0159edu u\u010debnici, kterou \u010dasto pou\u017e\u00edv\u00e1te a&nbsp;pod\u00edvejte se, jak\u00e9 postupy v\u00a0audio\/video aktivit\u00e1ch pou\u017e\u00edv\u00e1<\/strong>), \u010d\u00edm se inspirovat a&nbsp;\u010demu se naopak vyhnout. Po&nbsp;absolvov\u00e1n\u00ed <a href=\"https:\/\/skrivanek.cz\/cz\/jazykova-skola\/webinare-pro-ucitele\/\">webin\u00e1\u0159e<\/a> <strong>budete um\u011bt pracovat s&nbsp;poslechem i&nbsp;videem tak, aby byly pro va\u0161e studenty z\u00e1bavn\u00e9 a&nbsp;sch\u016fdn\u00e9.<\/strong><\/p>\n<p><strong>Webin\u00e1\u0159 povede na\u0161e pra\u017esk\u00e1 senior lektorka V\u011bra R\u00e1dyov\u00e1 <\/strong>a bude trvat p\u0159ibli\u017en\u011b 90 minut.<\/p>\n<p>P\u0159ihl\u00e1sit se m\u016f\u017eete do 31.&nbsp;5.&nbsp;2024.<\/p>\n<p>Webin\u00e1\u0159 prob\u011bhne na Webexu v\u00a0\u010desk\u00e9m jazyce.<\/p>\n","protected":false},"excerpt":{"rendered":"<p>V pond\u011bl\u00ed 3.&nbsp;6.&nbsp;2024 od 19:30 po\u0159\u00e1d\u00e1me webin\u00e1\u0159 na t\u00e9ma \u201eJak na poslech bez stresu\u201c. Poslech a&nbsp;sledov\u00e1n\u00ed videa b\u00fdv\u00e1 v&nbsp;lekc\u00edch opom\u00edjeno. Jedn\u00edm z&nbsp;d\u016fvod\u016f je, \u017ee se jich studenti boj\u00ed, proto\u017ee \u0161patn\u011b rozum\u00ed. Jak to ud\u011blat, aby se neb\u00e1li a&nbsp;aby byl poslech efektivn\u00ed? Na webin\u00e1\u0159i si vyzkou\u0161\u00edte, jak se student c\u00edt\u00ed p\u0159i&nbsp;poslechu nezn\u00e1m\u00e9ho dokumentu. Z&nbsp;toho vyplyne, [&hellip;]<\/p>\n","protected":false},"featured_media":70633,"template":"","meta":{"_acf_changed":false},"product_brand":[],"product_cat":[48],"product_tag":[],"class_list":{"0":"post-70632","1":"product","2":"type-product","3":"status-publish","4":"has-post-thumbnail","6":"product_cat-webinare-archiv","8":"first","9":"outofstock","10":"downloadable","11":"virtual","12":"sold-individually","13":"product-type-simple"},"acf":[],"aioseo_notices":[],"_links":{"self":[{"href":"https:\/\/skrivanek.cz\/cz\/wp-json\/wp\/v2\/product\/70632","targetHints":{"allow":["GET"]}}],"collection":[{"href":"https:\/\/skrivanek.cz\/cz\/wp-json\/wp\/v2\/product"}],"about":[{"href":"https:\/\/skrivanek.cz\/cz\/wp-json\/wp\/v2\/types\/product"}],"wp:featuredmedia":[{"embeddable":true,"href":"https:\/\/skrivanek.cz\/cz\/wp-json\/wp\/v2\/media\/70633"}],"wp:attachment":[{"href":"https:\/\/skrivanek.cz\/cz\/wp-json\/wp\/v2\/media?parent=70632"}],"wp:term":[{"taxonomy":"product_brand","embeddable":true,"href":"https:\/\/skrivanek.cz\/cz\/wp-json\/wp\/v2\/product_brand?post=70632"},{"taxonomy":"product_cat","embeddable":true,"href":"https:\/\/skrivanek.cz\/cz\/wp-json\/wp\/v2\/product_cat?post=70632"},{"taxonomy":"product_tag","embeddable":true,"href":"https:\/\/skrivanek.cz\/cz\/wp-json\/wp\/v2\/product_tag?post=70632"}],"curies":[{"name":"wp","href":"https:\/\/api.w.org\/{rel}","templated":true}]}}