{"id":70637,"date":"2024-05-29T09:58:34","date_gmt":"2024-05-29T07:58:34","guid":{"rendered":"https:\/\/skrivanek.cz\/cz\/?post_type=product&#038;p=70637"},"modified":"2024-12-17T10:00:29","modified_gmt":"2024-12-17T09:00:29","slug":"webinar-vyuka-vyslovnosti-eliminace-prizvuku","status":"publish","type":"product","link":"https:\/\/skrivanek.cz\/cz\/produkt\/webinar-vyuka-vyslovnosti-eliminace-prizvuku\/","title":{"rendered":"Webin\u00e1\u0159: V\u00fduka v\u00fdslovnosti, eliminace p\u0159\u00edzvuku"},"content":{"rendered":"<p><span style=\"font-size: 20px;\"><strong>V\u00a0pond\u011bl\u00ed 16.&nbsp;12.&nbsp;2024 od 19:00 <\/strong>po\u0159\u00e1d\u00e1me webin\u00e1\u0159 na t\u00e9ma <strong><em>\u201eV\u00fduka v\u00fdslovnosti, eliminace p\u0159\u00edzvuku\u201c.<\/em><\/strong><\/span><\/p>\n<p>Pro\u010d n\u00e1s p\u0159\u00edzvuk v\u017edycky prozrad\u00ed? Na interaktivn\u00edm <a href=\"https:\/\/skrivanek.cz\/cz\/jazykova-skola\/webinare-pro-ucitele\/\">webin\u00e1\u0159i<\/a> V\u00fduka v\u00fdslovnosti a&nbsp;eliminace p\u0159\u00edzvuku zjist\u00edte nejen tohle, ale taky pro\u010d a&nbsp;jak se v&nbsp;lekc\u00edch ciz\u00edch jazyk\u016f v\u011bnovat zlep\u0161ov\u00e1n\u00ed v\u00fdslovnosti. Pod\u00edv\u00e1me se na to, v&nbsp;\u010dem spo\u010d\u00edv\u00e1 srozumiteln\u00e1 v\u00fdslovnost v&nbsp;jazyc\u00edch, kter\u00e9 vyu\u010dujete, a&nbsp;co student\u016fm br\u00e1n\u00ed j\u00ed dos\u00e1hnout. Probereme p\u0159\u00edstupy a&nbsp;techniky, d\u00edky kter\u00fdm va\u0161i studenti pochop\u00ed, \u017ee k&nbsp;dobr\u00e9 v\u00fdslovnosti nen\u00ed pot\u0159eba \u201cto\u201d sly\u0161et nebo c\u00edtit, ale kter\u00e9 jim umo\u017en\u00ed l\u00e9pe rozum\u011bt a&nbsp;vyjad\u0159ovat se, i&nbsp;kdy\u017e \u201cnemaj\u00ed talent\u201d. Jde p\u0159edev\u0161\u00edm o&nbsp;uvoln\u011bn\u00ed, otev\u0159enost studenta v\u016f\u010di nov\u00e9mu, techniku a&nbsp;d\u016fslednost n\u00e1s lektor\u016f. Probereme aktivity vedouc\u00ed k&nbsp;eliminaci &#8222;rodn\u00e9ho&#8220; p\u0159\u00edzvuku v&nbsp;ciz\u00edm jazyce.<strong>\u00a0 <\/strong><\/p>\n<p><strong>Webin\u00e1\u0159 povede na\u0161e pra\u017esk\u00e1 senior lektorka, V\u011bra R\u00e1dyov\u00e1, <\/strong>a bude trvat p\u0159ibli\u017en\u011b 90 minut.<\/p>\n<p>P\u0159ihl\u00e1sit se m\u016f\u017eete do 13.&nbsp;12.&nbsp;2024.<\/p>\n<p>Webin\u00e1\u0159 prob\u011bhne na Webexu v\u00a0\u010desk\u00e9m jazyce.<\/p>\n","protected":false},"excerpt":{"rendered":"<p>V\u00a0pond\u011bl\u00ed 16.&nbsp;12.&nbsp;2024 od 19:00 po\u0159\u00e1d\u00e1me webin\u00e1\u0159 na t\u00e9ma \u201eV\u00fduka v\u00fdslovnosti, eliminace p\u0159\u00edzvuku\u201c. Pro\u010d n\u00e1s p\u0159\u00edzvuk v\u017edycky prozrad\u00ed? Na interaktivn\u00edm webin\u00e1\u0159i V\u00fduka v\u00fdslovnosti a&nbsp;eliminace p\u0159\u00edzvuku zjist\u00edte nejen tohle, ale taky pro\u010d a&nbsp;jak se v&nbsp;lekc\u00edch ciz\u00edch jazyk\u016f v\u011bnovat zlep\u0161ov\u00e1n\u00ed v\u00fdslovnosti. Pod\u00edv\u00e1me se na to, v&nbsp;\u010dem spo\u010d\u00edv\u00e1 srozumiteln\u00e1 v\u00fdslovnost v&nbsp;jazyc\u00edch, kter\u00e9 vyu\u010dujete, a&nbsp;co student\u016fm br\u00e1n\u00ed j\u00ed dos\u00e1hnout. Probereme [&hellip;]<\/p>\n","protected":false},"featured_media":70638,"template":"","meta":{"_acf_changed":false},"product_brand":[],"product_cat":[48],"product_tag":[],"class_list":{"0":"post-70637","1":"product","2":"type-product","3":"status-publish","4":"has-post-thumbnail","6":"product_cat-webinare-archiv","8":"first","9":"outofstock","10":"downloadable","11":"virtual","12":"sold-individually","13":"product-type-simple"},"acf":[],"aioseo_notices":[],"_links":{"self":[{"href":"https:\/\/skrivanek.cz\/cz\/wp-json\/wp\/v2\/product\/70637","targetHints":{"allow":["GET"]}}],"collection":[{"href":"https:\/\/skrivanek.cz\/cz\/wp-json\/wp\/v2\/product"}],"about":[{"href":"https:\/\/skrivanek.cz\/cz\/wp-json\/wp\/v2\/types\/product"}],"wp:featuredmedia":[{"embeddable":true,"href":"https:\/\/skrivanek.cz\/cz\/wp-json\/wp\/v2\/media\/70638"}],"wp:attachment":[{"href":"https:\/\/skrivanek.cz\/cz\/wp-json\/wp\/v2\/media?parent=70637"}],"wp:term":[{"taxonomy":"product_brand","embeddable":true,"href":"https:\/\/skrivanek.cz\/cz\/wp-json\/wp\/v2\/product_brand?post=70637"},{"taxonomy":"product_cat","embeddable":true,"href":"https:\/\/skrivanek.cz\/cz\/wp-json\/wp\/v2\/product_cat?post=70637"},{"taxonomy":"product_tag","embeddable":true,"href":"https:\/\/skrivanek.cz\/cz\/wp-json\/wp\/v2\/product_tag?post=70637"}],"curies":[{"name":"wp","href":"https:\/\/api.w.org\/{rel}","templated":true}]}}