{"id":70644,"date":"2024-05-13T15:44:10","date_gmt":"2024-05-13T13:44:10","guid":{"rendered":"https:\/\/skrivanek.cz\/cz\/?post_type=product&#038;p=70644"},"modified":"2024-09-17T16:15:39","modified_gmt":"2024-09-17T14:15:39","slug":"webinar-tipy-na-video-interaktivni-materialy-ve-vyuce-nemciny","status":"publish","type":"product","link":"https:\/\/skrivanek.cz\/cz\/produkt\/webinar-tipy-na-video-interaktivni-materialy-ve-vyuce-nemciny\/","title":{"rendered":"Webin\u00e1\u0159: Tipy na video \u2013 a&nbsp;jin\u00e9 interaktivn\u00ed materi\u00e1ly ve v\u00fduce n\u011bm\u010diny"},"content":{"rendered":"<p><span style=\"font-size: 20px;\"><strong>Ve \u010dtvrtek 12.&nbsp;9.&nbsp;2024 od 18:00 <\/strong>po\u0159\u00e1d\u00e1me webin\u00e1\u0159 na t\u00e9ma <strong><em>\u201eTipy na video \u2013 a&nbsp;jin\u00e9 interaktivn\u00ed materi\u00e1ly ve v\u00fduce <a href=\"https:\/\/skrivanek.cz\/cz\/jazykova-skola\/individualni-vyuka-jazyku\/nemcina\/\">n\u011bm\u010diny<\/a>\u201c.<\/em><\/strong><\/span><\/p>\n<p>Webin\u00e1\u0159 bude zam\u011b\u0159en na tipy a&nbsp;uk\u00e1zky kr\u00e1tk\u00fdch (\u010d\u00e1ste\u010dn\u011b didaktizovan\u00fdch) vide\u00ed, kter\u00e9 lze pou\u017e\u00edt jak b\u011bhem online, tak i&nbsp;prezen\u010dn\u00ed v\u00fduky. Krom\u011b vide\u00ed se budeme v\u011bnovat i&nbsp;tip\u016fm na interaktivn\u00ed materi\u00e1ly vhodn\u00e9 jako dopln\u011bk k&nbsp;online lekc\u00edm. Na z\u00e1v\u011br bude vyhrazen prostor pro diskuzi a&nbsp;v\u00fdm\u011bnu zku\u0161enost\u00ed \u00fa\u010dastn\u00edk\u016f webin\u00e1\u0159e.<\/p>\n<p><strong>Webin\u00e1\u0159 povede n\u00e1\u0161 pra\u017esk\u00fd senior lektor, Mgr. Michal \u0160indel\u00e1\u0159, <\/strong>a bude trvat p\u0159ibli\u017en\u011b 90 minut.<\/p>\n<p>P\u0159ihl\u00e1sit se m\u016f\u017eete do 11.&nbsp;9.&nbsp;2024.<\/p>\n<p>Webin\u00e1\u0159 prob\u011bhne na Webexu v\u00a0\u010desk\u00e9m jazyce.<\/p>\n<p>&nbsp;<\/p>\n","protected":false},"excerpt":{"rendered":"<p>Ve \u010dtvrtek 12.&nbsp;9.&nbsp;2024 od 18:00 po\u0159\u00e1d\u00e1me webin\u00e1\u0159 na t\u00e9ma \u201eTipy na video \u2013 a&nbsp;jin\u00e9 interaktivn\u00ed materi\u00e1ly ve v\u00fduce n\u011bm\u010diny\u201c. Webin\u00e1\u0159 bude zam\u011b\u0159en na tipy a&nbsp;uk\u00e1zky kr\u00e1tk\u00fdch (\u010d\u00e1ste\u010dn\u011b didaktizovan\u00fdch) vide\u00ed, kter\u00e9 lze pou\u017e\u00edt jak b\u011bhem online, tak i&nbsp;prezen\u010dn\u00ed v\u00fduky. Krom\u011b vide\u00ed se budeme v\u011bnovat i&nbsp;tip\u016fm na interaktivn\u00ed materi\u00e1ly vhodn\u00e9 jako dopln\u011bk k&nbsp;online lekc\u00edm. Na z\u00e1v\u011br bude [&hellip;]<\/p>\n","protected":false},"featured_media":70645,"template":"","meta":{"_acf_changed":false},"product_brand":[],"product_cat":[48],"product_tag":[],"class_list":{"0":"post-70644","1":"product","2":"type-product","3":"status-publish","4":"has-post-thumbnail","6":"product_cat-webinare-archiv","8":"first","9":"outofstock","10":"downloadable","11":"virtual","12":"sold-individually","13":"purchasable","14":"product-type-simple"},"acf":[],"aioseo_notices":[],"_links":{"self":[{"href":"https:\/\/skrivanek.cz\/cz\/wp-json\/wp\/v2\/product\/70644","targetHints":{"allow":["GET"]}}],"collection":[{"href":"https:\/\/skrivanek.cz\/cz\/wp-json\/wp\/v2\/product"}],"about":[{"href":"https:\/\/skrivanek.cz\/cz\/wp-json\/wp\/v2\/types\/product"}],"wp:featuredmedia":[{"embeddable":true,"href":"https:\/\/skrivanek.cz\/cz\/wp-json\/wp\/v2\/media\/70645"}],"wp:attachment":[{"href":"https:\/\/skrivanek.cz\/cz\/wp-json\/wp\/v2\/media?parent=70644"}],"wp:term":[{"taxonomy":"product_brand","embeddable":true,"href":"https:\/\/skrivanek.cz\/cz\/wp-json\/wp\/v2\/product_brand?post=70644"},{"taxonomy":"product_cat","embeddable":true,"href":"https:\/\/skrivanek.cz\/cz\/wp-json\/wp\/v2\/product_cat?post=70644"},{"taxonomy":"product_tag","embeddable":true,"href":"https:\/\/skrivanek.cz\/cz\/wp-json\/wp\/v2\/product_tag?post=70644"}],"curies":[{"name":"wp","href":"https:\/\/api.w.org\/{rel}","templated":true}]}}