{"id":70791,"date":"2024-06-27T14:07:20","date_gmt":"2024-06-27T12:07:20","guid":{"rendered":"https:\/\/skrivanek.cz\/cz\/?post_type=product&#038;p=70791"},"modified":"2026-01-12T10:37:57","modified_gmt":"2026-01-12T09:37:57","slug":"anglictina-obecny-kurz-b1-stredne-pokrocily","status":"publish","type":"product","link":"https:\/\/skrivanek.cz\/cz\/produkt\/anglictina-obecny-kurz-b1-stredne-pokrocily\/","title":{"rendered":"Angli\u010dtina B1 \u2013 Obecn\u00fd kurz pro st\u0159edn\u011b pokro\u010dil\u00e9"},"content":{"rendered":"<p>P\u0159em\u00fd\u0161l\u00edte o&nbsp;tom, jak posunout svou angli\u010dtinu? Pr\u00e1v\u011b jste na spr\u00e1vn\u00e9m m\u00edst\u011b! Tento kurz je ide\u00e1ln\u00ed p\u0159\u00edle\u017eitost\u00ed, jak z\u00edskat sebev\u011bdom\u00ed p\u0159i&nbsp;komunikaci v&nbsp;angli\u010dtin\u011b, roz\u0161\u00ed\u0159it sv\u00e9 znalosti a&nbsp;otev\u0159\u00edt si dve\u0159e k&nbsp;dal\u0161\u00edm mo\u017enostem v&nbsp;pr\u00e1ci, studiu nebo na cest\u00e1ch. Studujte s&nbsp;n\u00e1mi a&nbsp;objevte, jak snadno a&nbsp;efektivn\u011b m\u016f\u017eete zlep\u0161it svou angli\u010dtinu.<\/p>\n<h3>Angli\u010dtina B1 \u2013\u2060\u2060\u2060\u2060\u2060\u2060 obecn\u00fd kurz<\/h3>\n<p>Kurz angli\u010dtiny na <a href=\"https:\/\/skrivanek.cz\/cz\/jazykova-skola\/aj-stredne-pokrocily\/\">\u00farovni B1<\/a> je navr\u017een pro st\u0159edn\u011b pokro\u010dil\u00e9 studenty, kte\u0159\u00ed cht\u011bj\u00ed zdokonalit sv\u00e9 jazykov\u00e9 dovednosti v&nbsp;oblasti poslechu, mluven\u00ed, \u010dten\u00ed a&nbsp;psan\u00ed. Nau\u010d\u00edte se vyu\u017e\u00edvat angli\u010dtinu v&nbsp;ka\u017edodenn\u00edch situac\u00edch, l\u00e9pe porozum\u011bt text\u016fm a&nbsp;roz\u0161\u00ed\u0159it svou slovn\u00ed z\u00e1sobu. Kurz je vyv\u00e1\u017een\u00fd, zam\u011b\u0159uje se jak na praktick\u00e9 dovednosti, tak na gramatiku, abyste dos\u00e1hli plynulosti i&nbsp;p\u0159esnosti.<\/p>\n<h3>Pro koho je kurz ur\u010den?<\/h3>\n<p>Tento kurz je ide\u00e1ln\u00ed pro studenty, kte\u0159\u00ed:<\/p>\n<ul>\n<li>Pot\u0159ebuj\u00ed angli\u010dtinu pro pracovn\u00ed nebo studijn\u00ed \u00fa\u010dely.<\/li>\n<li>Cht\u011bj\u00ed zlep\u0161it sv\u00e9 dovednosti a&nbsp;dos\u00e1hnout vy\u0161\u0161\u00ed \u00farovn\u011b, kter\u00e1 umo\u017e\u0148uje sebev\u011bdomou komunikaci v&nbsp;b\u011b\u017en\u00fdch situac\u00edch.<\/li>\n<li>Tou\u017e\u00ed pokro\u010dit k&nbsp;vy\u0161\u0161\u00edm jazykov\u00fdm \u00farovn\u00edm a&nbsp;z\u00edskat certifik\u00e1ty.<\/li>\n<\/ul>\n<h3>Co se v&nbsp;kurzu nau\u010d\u00edte?<\/h3>\n<ul>\n<li>Porozum\u011bt slo\u017eit\u011bj\u0161\u00edm text\u016fm a&nbsp;rozhovor\u016fm v&nbsp;angli\u010dtin\u011b.<\/li>\n<li>Vyjad\u0159ovat sv\u00e9 my\u0161lenky v&nbsp;del\u0161\u00edch v\u011bt\u00e1ch a&nbsp;souv\u011bt\u00edch.<\/li>\n<li>Reagovat v&nbsp;b\u011b\u017en\u00fdch i&nbsp;pracovn\u00edch situac\u00edch.<\/li>\n<li>Pracovat s&nbsp;gramatikou na \u00farovni B1, v\u010detn\u011b minul\u00fdch, p\u0159\u00edtomn\u00fdch i&nbsp;budouc\u00edch \u010das\u016f.<\/li>\n<li>Roz\u0161i\u0159ovat svou slovn\u00ed z\u00e1sobu o&nbsp;tematick\u00e9 okruhy, jako jsou cestov\u00e1n\u00ed, pr\u00e1ce, rodina a&nbsp;voln\u00fd \u010das.<\/li>\n<\/ul>\n<h3>Jak kurz angli\u010dtiny prob\u00edh\u00e1?<\/h3>\n<p>Kurz prob\u00edh\u00e1 online ve skupin\u00e1ch pod veden\u00edm zku\u0161en\u00fdch lektor\u016f. Ka\u017ed\u00e1 lekce je interaktivn\u00ed a&nbsp;zahrnuje:<\/p>\n<ul>\n<li>\u017div\u00e9 videohovory, kde aktivn\u011b procvi\u010dujete mluven\u00ed a&nbsp;poslech.<\/li>\n<li>Zaj\u00edmav\u00e9 \u00fakoly a&nbsp;cvi\u010den\u00ed zam\u011b\u0159en\u00e9 na gramatiku i&nbsp;slovn\u00ed z\u00e1sobu.<\/li>\n<li>Diskuze na aktu\u00e1ln\u00ed t\u00e9mata, kter\u00e1 v\u00e1s bav\u00ed.<\/li>\n<li>Pr\u016fb\u011b\u017en\u00e9 hodnocen\u00ed pokroku a&nbsp;zp\u011btnou vazbu od lektora.<\/li>\n<\/ul>\n<div class=\"columns columns-2\" data-columns=\"2\">\n<div class=\"column column-1\">\n<p><img loading=\"lazy\" decoding=\"async\" class=\"aligncenter wp-image-72962\" src=\"https:\/\/skrivanek.cz\/wp-content\/uploads\/2024\/06\/anglictina-lekce-948x520.jpg\" alt=\"lekce angli\u010dtiny na \u00farovni A1, A2, B1, B2, C1, C2\" width=\"300\" height=\"200\" \/><\/p>\n<\/div>\n<div class=\"column column-2\">\n<p><img loading=\"lazy\" decoding=\"async\" class=\"aligncenter wp-image-72959\" src=\"https:\/\/skrivanek.cz\/wp-content\/uploads\/2024\/06\/kurz-anglictiny-948x520.jpg\" alt=\"kurz angli\u010dtiny\" width=\"300\" height=\"200\" \/><\/p>\n<\/div>\n<\/div>\n<h3>\u00a0<\/h3>\n<h3>Pro\u010d si vybrat n\u00e1\u0161 kurz?<\/h3>\n<ul>\n<li><strong>Zku\u0161en\u00ed lekto\u0159i:<\/strong> Na\u0161i lekto\u0159i maj\u00ed bohat\u00e9 zku\u0161enosti s&nbsp;v\u00fdukou angli\u010dtiny na v\u0161ech \u00farovn\u00edch.<\/li>\n<li><strong>Flexibilita:<\/strong> U\u010dte se odkudkoliv, sta\u010d\u00ed m\u00edt p\u0159ipojen\u00ed k&nbsp;internetu.<\/li>\n<li><strong>Mal\u00e9 skupiny:<\/strong> Individu\u00e1ln\u00ed p\u0159\u00edstup d\u00edky mal\u00e9mu po\u010dtu student\u016f ve skupin\u011b.<\/li>\n<li><strong>Osv\u011bd\u010den\u00e1 metoda Effecto:<\/strong> Intenzivn\u00ed zam\u011b\u0159en\u00ed na praktick\u00e9 dovednosti.<\/li>\n<li><strong>Pokra\u010dov\u00e1n\u00ed:<\/strong> Po&nbsp;\u00farovni B1 m\u016f\u017eete plynule nav\u00e1zat dal\u0161\u00edm kurzem.<\/li>\n<\/ul>\n<h3>V\u00fdukov\u00e9 materi\u00e1ly<\/h3>\n<p>Pro kurz angli\u010dtiny na \u00farovni B1 jsme vybrali modern\u00ed v\u00fdukov\u00e9 materi\u00e1ly, kter\u00e9 kombinuj\u00ed interaktivn\u00ed online n\u00e1stroje, audio a&nbsp;video materi\u00e1ly i&nbsp;klasick\u00e9 texty. V\u0161echny materi\u00e1ly jsou sou\u010d\u00e1st\u00ed kurzu a&nbsp;podporuj\u00ed efektivn\u00ed u\u010den\u00ed a&nbsp;praktick\u00e9 vyu\u017eit\u00ed angli\u010dtiny.<\/p>\n<h3>Po\u010det student\u016f<\/h3>\n<p>Skupiny jsou mal\u00e9, obvykle 3-4 studenti, co\u017e umo\u017e\u0148uje individu\u00e1ln\u00ed p\u0159\u00edstup a&nbsp;efektivn\u00ed interakci s&nbsp;lektorem p\u0159i&nbsp;vyu\u017eit\u00ed v\u00fdhod skupinov\u00e9 dynamiky.<\/p>\n<h3>V\u00fdukov\u00e1 metoda Effecto<\/h3>\n<p>Metoda Effecto je speci\u00e1ln\u011b navr\u017eena tak, aby v\u00e1m pomohla rychle dos\u00e1hnout pokroku. D\u00edky propojen\u00ed teorie s&nbsp;prax\u00ed budete schopni pou\u017e\u00edvat angli\u010dtinu v&nbsp;ka\u017edodenn\u00edm \u017eivot\u011b i&nbsp;v&nbsp;n\u00e1ro\u010dn\u011bj\u0161\u00edch situac\u00edch. Kurz v\u00e1s vede krok za krokem na \u00farovni B1 a&nbsp;z\u00e1rove\u0148 v\u00e1s motivuje pokra\u010dovat d\u00e1l. D\u00edky na\u0161\u00ed metod\u011b Effecto\u00ae si snadno a\u00a0rychle osvoj\u00edte komunikaci v\u00a0re\u00e1ln\u00fdch situac\u00edch a\u00a0komplexn\u011b procvi\u010d\u00edte v\u0161echny jazykov\u00e9 dovednosti. Effecto\u00ae garantuje dlouhodob\u00e9 zlep\u0161en\u00ed \u00farovn\u011b jazykov\u00fdch znalost\u00ed student\u016f.<\/p>\n<h3>Cena kurzu<\/h3>\n<p>Cena za cel\u00fd kurz je <strong>4&nbsp;680&nbsp;K\u010d<\/strong>. V&nbsp;cen\u011b je zahrnuto:<\/p>\n<ul>\n<li><strong>12 inspirativn\u00edch lekc\u00ed<\/strong>, kter\u00e9 v\u00e1s posunou na \u00farove\u0148 B1.<\/li>\n<li><strong>Online podpora od lektora<\/strong> b\u011bhem cel\u00e9ho kurzu \u2013\u2060 v\u017edy se m\u00e1te na koho obr\u00e1tit.<\/li>\n<li><strong>Certifik\u00e1t o&nbsp;absolvov\u00e1n\u00ed kurzu<\/strong> na \u00farovni B1, kter\u00fd v\u00e1m pom\u016f\u017ee v&nbsp;pracovn\u00edm i&nbsp;osobn\u00edm \u017eivot\u011b.<\/li>\n<\/ul>\n<p>Investujte do sv\u00e9 budoucnosti s&nbsp;kurzem angli\u010dtiny na \u00farovni B1!<\/p>\n<h3>Pokra\u010dujte d\u00e1l: B1 je jen za\u010d\u00e1tek<\/h3>\n<p>Dos\u00e1hli jste \u00farovn\u011b B1? Skv\u011bl\u00fd krok! Na\u0161e jazykov\u00e9 vzd\u011bl\u00e1v\u00e1n\u00ed zde v\u0161ak nekon\u010d\u00ed. Nab\u00edz\u00edme kurzy pro vy\u0161\u0161\u00ed jazykov\u00e9 \u00farovn\u011b (B2, C1) i&nbsp;p\u0159\u00edpravn\u00e9 kurzy na mezin\u00e1rodn\u00ed certifik\u00e1ty, jako jsou FCE, CAE nebo TOEFL. Pokra\u010dujte s&nbsp;n\u00e1mi a&nbsp;posu\u0148te svou angli\u010dtinu na profesion\u00e1ln\u00ed \u00farove\u0148!<\/p>\n","protected":false},"excerpt":{"rendered":"<div><strong>Den a&nbsp;\u010das:<\/strong> St\u0159eda 17:00 \u2013 18:30<\/div>\n<div><strong>Term\u00edn:<\/strong> 1.&nbsp;4. \u2013 17.&nbsp;6.&nbsp;2026<\/div>\n<div>\n<div><strong>Forma v\u00fduky:<\/strong> online<\/div>\n<div><strong>Intenzita: <\/strong>1 lekce t\u00fddn\u011b\u00a0<\/div>\n<div><strong>Po\u010det lekc\u00ed:<\/strong> celkem 12 lekc\u00ed (12 x 90 minut)<\/div>\n<div>\u00a0<\/div>\n<div>Pokud preferujete <strong data-start=\"415\" data-end=\"434\">platbu p\u0159evodem<\/strong>, chcete <strong data-start=\"443\" data-end=\"466\">zaplatit na pobo\u010dce<\/strong> nebo m\u00e1te jak\u00fdkoli <strong data-start=\"486\" data-end=\"495\">dotaz<\/strong>, nev\u00e1hejte n\u00e1s kontaktovat na e\u2011mailu <strong data-start=\"534\" data-end=\"556\"><a class=\"cursor-pointer\" href=\"javascript:secureDecryptAndNavigate('Pe4rbb5oLWyYvepsU1DRaM5k6RJHohFIN6hqzPQ2wABPQCArew61E8lM+LPlBla6dqyE4z4rxJoQ8IHXZeCo9VCxsXSUeaHtYw==', '9c1e8f5271bf4f233390c22bdf43601f044e80460c2e9cc63c40d8bc66437679')\" data-start=\"536\" data-end=\"554\">&#115;&#107;ola&#64;&#115;&#107;&#114;iv&#97;&#110;ek.&#99;&#122;<\/a><\/strong> nebo na telefonn\u00edm \u010d\u00edsle <a href=\"tel:+420 777 809 805\">+420&nbsp;777&nbsp;809\u00a0805<\/a>.<\/div>\n<\/div>\n","protected":false},"featured_media":70804,"template":"","meta":{"_acf_changed":false},"product_brand":[],"product_cat":[58],"product_tag":[],"class_list":{"0":"post-70791","1":"product","2":"type-product","3":"status-publish","4":"has-post-thumbnail","6":"product_cat-kurzy","8":"first","9":"instock","10":"downloadable","11":"virtual","12":"purchasable","13":"product-type-simple"},"acf":[],"aioseo_notices":[],"_links":{"self":[{"href":"https:\/\/skrivanek.cz\/cz\/wp-json\/wp\/v2\/product\/70791","targetHints":{"allow":["GET"]}}],"collection":[{"href":"https:\/\/skrivanek.cz\/cz\/wp-json\/wp\/v2\/product"}],"about":[{"href":"https:\/\/skrivanek.cz\/cz\/wp-json\/wp\/v2\/types\/product"}],"wp:featuredmedia":[{"embeddable":true,"href":"https:\/\/skrivanek.cz\/cz\/wp-json\/wp\/v2\/media\/70804"}],"wp:attachment":[{"href":"https:\/\/skrivanek.cz\/cz\/wp-json\/wp\/v2\/media?parent=70791"}],"wp:term":[{"taxonomy":"product_brand","embeddable":true,"href":"https:\/\/skrivanek.cz\/cz\/wp-json\/wp\/v2\/product_brand?post=70791"},{"taxonomy":"product_cat","embeddable":true,"href":"https:\/\/skrivanek.cz\/cz\/wp-json\/wp\/v2\/product_cat?post=70791"},{"taxonomy":"product_tag","embeddable":true,"href":"https:\/\/skrivanek.cz\/cz\/wp-json\/wp\/v2\/product_tag?post=70791"}],"curies":[{"name":"wp","href":"https:\/\/api.w.org\/{rel}","templated":true}]}}