{"id":70794,"date":"2024-06-27T14:36:31","date_gmt":"2024-06-27T12:36:31","guid":{"rendered":"https:\/\/skrivanek.cz\/cz\/?post_type=product&#038;p=70794"},"modified":"2026-04-14T08:16:33","modified_gmt":"2026-04-14T06:16:33","slug":"nemcina-obecny-kurz-a2-mirne-pokrocili","status":"publish","type":"product","link":"https:\/\/skrivanek.cz\/cz\/produkt\/nemcina-obecny-kurz-a2-mirne-pokrocili\/","title":{"rendered":"N\u011bm\u010dina A2 \u2013 Obecn\u00fd kurz pro m\u00edrn\u011b pokro\u010dil\u00e9"},"content":{"rendered":"<p>U\u017e m\u00e1te z\u00e1klady n\u011bm\u010diny a&nbsp;chcete se posunout d\u00e1l? N\u00e1\u0161 skupinov\u00fd online kurz n\u011bm\u010diny na \u00farovni A2 je ide\u00e1ln\u00ed volbou pro ty, kte\u0159\u00ed cht\u011bj\u00ed rozv\u00edjet sv\u00e9 dovednosti a&nbsp;s&nbsp;jistotou pou\u017e\u00edvat jazyk v&nbsp;b\u011b\u017en\u00fdch situac\u00edch. S&nbsp;na\u0161\u00edm kurzem objev\u00edte kr\u00e1su n\u011bmeck\u00e9ho jazyka a&nbsp;otev\u0159ou se v\u00e1m nov\u00e9 mo\u017enosti, a\u0165 u\u017e ve studiu, kari\u00e9\u0159e nebo cestov\u00e1n\u00ed.<\/p>\n<h3>N\u011bm\u010dina A2 \u2013\u2060\u2060\u2060\u2060\u2060\u2060 obecn\u00fd kurz<\/h3>\n<p>N\u00e1\u0161 obecn\u00fd kurz n\u011bm\u010diny na \u00farovni A2 je zam\u011b\u0159en na roz\u0161\u00ed\u0159en\u00ed z\u00e1kladn\u00edch znalost\u00ed a&nbsp;prohlouben\u00ed va\u0161ich jazykov\u00fdch dovednost\u00ed. Nau\u010d\u00edte se l\u00e9pe rozum\u011bt psan\u00e9mu i&nbsp;mluven\u00e9mu projevu, roz\u0161\u00ed\u0159\u00edte si slovn\u00ed z\u00e1sobu a&nbsp;zlep\u0161\u00edte gramatiku. Kurz je navr\u017een tak, aby odpov\u00eddal pot\u0159eb\u00e1m m\u00edrn\u011b pokro\u010dil\u00fdch student\u016f, kte\u0159\u00ed cht\u011bj\u00ed zlep\u0161it svou komunikaci v&nbsp;ka\u017edodenn\u00edm i&nbsp;pracovn\u00edm \u017eivot\u011b.<\/p>\n<h3>Pro koho je kurz ur\u010den?<\/h3>\n<p>Tento kurz je ide\u00e1ln\u00ed pro:<\/p>\n<ul>\n<li>M\u00edrn\u011b pokro\u010dil\u00e9 studenty, kte\u0159\u00ed dos\u00e1hli \u00farovn\u011b A1 a&nbsp;cht\u011bj\u00ed pokra\u010dovat ve studiu n\u011bm\u010diny.<\/li>\n<li>Ty, kte\u0159\u00ed pot\u0159ebuj\u00ed zlep\u0161it sv\u00e9 jazykov\u00e9 dovednosti pro pr\u00e1ci, studium nebo cestov\u00e1n\u00ed.<\/li>\n<li>V\u0161echny, kdo preferuj\u00ed flexibiln\u00ed a&nbsp;efektivn\u00ed v\u00fduku online.<\/li>\n<\/ul>\n<h3>Jak kurz n\u011bm\u010diny vypad\u00e1?<\/h3>\n<ul>\n<li><strong>Online form\u00e1t:<\/strong> V\u00fduka prob\u00edh\u00e1 z&nbsp;pohodl\u00ed domova. Sta\u010d\u00ed stabiln\u00ed p\u0159ipojen\u00ed k&nbsp;internetu a&nbsp;m\u016f\u017eete se u\u010dit odkudkoli.<\/li>\n<li><strong>Interaktivn\u00ed lekce:<\/strong> Z\u00e1bavn\u00e9 a&nbsp;dynamick\u00e9 hodiny pln\u00e9 praktick\u00fdch cvi\u010den\u00ed a&nbsp;re\u00e1ln\u00fdch situac\u00ed. Lekce jsou strukturovan\u00e9 a&nbsp;zahrnuj\u00ed poslechov\u00e9 aktivity, mluven\u00ed, \u010dten\u00ed a&nbsp;psan\u00ed. D\u016fraz je kladen na praktick\u00e9 pou\u017eit\u00ed jazyka v&nbsp;ka\u017edodenn\u00edch situac\u00edch.<\/li>\n<li><strong>Skupinov\u00e1 v\u00fduka:<\/strong> Spole\u010dn\u00e9 u\u010den\u00ed v&nbsp;mal\u00e9 skupin\u011b (3-4 studenti), kde si m\u016f\u017eete navz\u00e1jem pom\u00e1hat a&nbsp;sd\u00edlet zku\u0161enosti. Mal\u00e1 skupina umo\u017e\u0148uje individu\u00e1ln\u00ed p\u0159\u00edstup a&nbsp;efektivn\u00ed interakci s&nbsp;lektorem na z\u00e1rove\u0148 vyu\u017eit\u00ed v\u00fdhod skupiny.<\/li>\n<li><strong>D\u00e9lka kurzu:<\/strong> 12 lekc\u00ed, ka\u017ed\u00e1 v&nbsp;d\u00e9lce 90 minut, rozlo\u017een\u00fdch do 12 t\u00fddn\u016f.<\/li>\n<\/ul>\n<div class=\"columns columns-2\" data-columns=\"2\">\n<div class=\"column column-1\">\n<p><img loading=\"lazy\" decoding=\"async\" class=\"aligncenter wp-image-72970\" src=\"https:\/\/skrivanek.cz\/wp-content\/uploads\/2024\/06\/kurz-nemciny-948x520.jpg\" alt=\"kurzy n\u011bm\u010diny (A1, A2, B1, B2, C1, C2)\" width=\"300\" height=\"211\" \/><\/p>\n<\/div>\n<div class=\"column column-2\">\n<p><img loading=\"lazy\" decoding=\"async\" class=\"aligncenter wp-image-72973\" src=\"https:\/\/skrivanek.cz\/wp-content\/uploads\/2024\/06\/lekce-nemciny-a1-a2-b1-b2-c1-c2.jpg\" alt=\"lekce n\u011bm\u010diny\" width=\"250\" height=\"194\" \/><\/p>\n<\/div>\n<\/div>\n<h3>\u00a0<\/h3>\n<h3>Pro\u010d si vybrat n\u00e1\u0161 kurz?<\/h3>\n<ul>\n<li>Lekto\u0159i jsou kvalifikovan\u00ed odborn\u00edci s&nbsp;bohat\u00fdmi zku\u0161enostmi v&nbsp;oblasti v\u00fduky n\u011bmeck\u00e9ho jazyka.\u00a0<\/li>\n<li>Individu\u00e1ln\u00ed p\u0159\u00edstup a&nbsp;podpora b\u011bhem cel\u00e9ho kurzu.<\/li>\n<li>V\u00fduka zalo\u017een\u00e1 na efektivn\u00ed metod\u011b Effecto, kter\u00e1 spojuje modern\u00ed technologie a&nbsp;tradi\u010dn\u00ed postupy.<\/li>\n<li>Certifik\u00e1t o&nbsp;absolvov\u00e1n\u00ed, kter\u00fd potvrzuje dosa\u017een\u00ed \u00farovn\u011b A2.<\/li>\n<\/ul>\n<h3>V\u00fdukov\u00e9 materi\u00e1ly<\/h3>\n<p>V kurzu vyu\u017e\u00edv\u00e1me kvalitn\u00ed a&nbsp;ov\u011b\u0159en\u00e9 materi\u00e1ly, kter\u00e9 jsou p\u0159izp\u016fsobeny \u00farovni A2. Sou\u010d\u00e1st\u00ed v\u00fduky jsou tak\u00e9 interaktivn\u00ed online zdroje, d\u00edky kter\u00fdm si m\u016f\u017eete jazyk procvi\u010dovat i&nbsp;mimo lekce.<\/p>\n<h3>V\u00fdukov\u00e1 metoda Effecto<\/h3>\n<p>Metoda Effecto kombinuje teoretick\u00e9 z\u00e1klady s&nbsp;praktick\u00fdm procvi\u010dov\u00e1n\u00edm. D\u00edky tomu studenti rychle rozv\u00edjej\u00ed sv\u00e9 dovednosti a&nbsp;z\u00edsk\u00e1vaj\u00ed sebev\u011bdom\u00ed v&nbsp;pou\u017e\u00edv\u00e1n\u00ed jazyka. Na\u0161i lekto\u0159i v\u00e1m pomohou zvl\u00e1dnout i&nbsp;slo\u017eit\u011bj\u0161\u00ed gramatiku a&nbsp;slovn\u00ed z\u00e1sobu hrav\u00fdm a&nbsp;efektivn\u00edm zp\u016fsobem.<\/p>\n<h3>Cena kurzu<\/h3>\n<p>Cena za cel\u00fd kurz je <strong>4&nbsp;680&nbsp;K\u010d<\/strong>.<br \/>\nV&nbsp;cen\u011b je zahrnuto:<\/p>\n<ul>\n<li>12 inspirativn\u00edch lekc\u00ed veden\u00fdch zku\u0161en\u00fdmi lektory.<\/li>\n<li>Online podpora b\u011bhem cel\u00e9ho kurzu.<\/li>\n<li>Certifik\u00e1t o&nbsp;absolvov\u00e1n\u00ed na \u00farovni A2.<\/li>\n<\/ul>\n<h3>A2 je jen za\u010d\u00e1tek!<\/h3>\n<p>S \u00farovn\u00ed A2 va\u0161e cesta n\u011bm\u010dinou nekon\u010d\u00ed! Nab\u00edz\u00edme kurzy pro pokro\u010dil\u00e9 \u00farovn\u011b i&nbsp;p\u0159\u00edpravn\u00e9 kurzy pro z\u00edsk\u00e1n\u00ed mezin\u00e1rodn\u00edch certifik\u00e1t\u016f. Zlep\u0161ete sv\u00e9 jazykov\u00e9 schopnosti a&nbsp;posu\u0148te se na \u00farove\u0148, kter\u00e1 v\u00e1m otev\u0159e dve\u0159e k&nbsp;nov\u00fdm p\u0159\u00edle\u017eitostem.<\/p>\n","protected":false},"excerpt":{"rendered":"<p><strong>Den a&nbsp;\u010das:<\/strong> St\u0159eda 17:00 \u2013 18:30\u00a0<br \/>\n<strong>Term\u00edn:<\/strong> 16.&nbsp;9. \u2013 9.&nbsp;12.&nbsp;2026<br \/>\n<strong>Forma v\u00fduky:<\/strong> online<br \/>\n<strong>Intenzita: <\/strong>1 lekce t\u00fddn\u011b\u00a0<br \/>\n<strong>Po\u010det lekc\u00ed:<\/strong> celkem 12 lekc\u00ed (12 x 90 minut)<\/p>\n<p>Pokud preferujete <strong data-start=\"415\" data-end=\"434\">platbu p\u0159evodem<\/strong>, chcete <strong data-start=\"443\" data-end=\"466\">zaplatit na pobo\u010dce<\/strong> nebo m\u00e1te jak\u00fdkoli <strong data-start=\"486\" data-end=\"495\">dotaz<\/strong>, nev\u00e1hejte n\u00e1s kontaktovat na e\u2011mailu <strong data-start=\"534\" data-end=\"556\"><a class=\"cursor-pointer\" href=\"javascript:secureDecryptAndNavigate('WVI0dl8cIbAWW5gyIdmpXQLzU4u4tNclu5JggU96h9Sgh2kv4Ytv+F4Ms5hFlVJZHj0HStIoNT+icIaU+A+HJrU0asElyH55Zg==', '9c1e8f5271bf4f233390c22bdf43601f044e80460c2e9cc63c40d8bc66437679')\" data-start=\"536\" data-end=\"554\">s&#107;&#111;&#108;&#97;&#64;&#115;&#107;&#114;i&#118;a&#110;ek&#46;c&#122;<\/a><\/strong> nebo na telefonn\u00edm \u010d\u00edsle <a href=\"tel:+420 777 809 805\">+420&nbsp;777&nbsp;809\u00a0805<\/a>.<\/p>\n","protected":false},"featured_media":70797,"template":"","meta":{"_acf_changed":false},"product_brand":[],"product_cat":[58],"product_tag":[],"class_list":{"0":"post-70794","1":"product","2":"type-product","3":"status-publish","4":"has-post-thumbnail","6":"product_cat-kurzy","8":"first","9":"instock","10":"downloadable","11":"virtual","12":"purchasable","13":"product-type-simple"},"acf":[],"aioseo_notices":[],"_links":{"self":[{"href":"https:\/\/skrivanek.cz\/cz\/wp-json\/wp\/v2\/product\/70794","targetHints":{"allow":["GET"]}}],"collection":[{"href":"https:\/\/skrivanek.cz\/cz\/wp-json\/wp\/v2\/product"}],"about":[{"href":"https:\/\/skrivanek.cz\/cz\/wp-json\/wp\/v2\/types\/product"}],"wp:featuredmedia":[{"embeddable":true,"href":"https:\/\/skrivanek.cz\/cz\/wp-json\/wp\/v2\/media\/70797"}],"wp:attachment":[{"href":"https:\/\/skrivanek.cz\/cz\/wp-json\/wp\/v2\/media?parent=70794"}],"wp:term":[{"taxonomy":"product_brand","embeddable":true,"href":"https:\/\/skrivanek.cz\/cz\/wp-json\/wp\/v2\/product_brand?post=70794"},{"taxonomy":"product_cat","embeddable":true,"href":"https:\/\/skrivanek.cz\/cz\/wp-json\/wp\/v2\/product_cat?post=70794"},{"taxonomy":"product_tag","embeddable":true,"href":"https:\/\/skrivanek.cz\/cz\/wp-json\/wp\/v2\/product_tag?post=70794"}],"curies":[{"name":"wp","href":"https:\/\/api.w.org\/{rel}","templated":true}]}}