{"id":70795,"date":"2024-06-27T14:41:03","date_gmt":"2024-06-27T12:41:03","guid":{"rendered":"https:\/\/skrivanek.cz\/cz\/?post_type=product&#038;p=70795"},"modified":"2026-01-12T11:04:11","modified_gmt":"2026-01-12T10:04:11","slug":"nemcina-obecny-kurz-b1-stredne-pokrocili","status":"publish","type":"product","link":"https:\/\/skrivanek.cz\/cz\/produkt\/nemcina-obecny-kurz-b1-stredne-pokrocili\/","title":{"rendered":"N\u011bm\u010dina B1 \u2013 Obecn\u00fd kurz pro st\u0159edn\u011b pokro\u010dil\u00e9"},"content":{"rendered":"<p>Z\u00edskejte pevn\u00e9 z\u00e1klady n\u011bm\u010diny a&nbsp;otev\u0159ete si dve\u0159e k&nbsp;nov\u00fdm p\u0159\u00edle\u017eitostem v&nbsp;osobn\u00edm i&nbsp;profesn\u00edm \u017eivot\u011b! Online kurz n\u011bm\u010diny na \u00farovni B1 je navr\u017een tak, aby v\u00e1s krok za krokem posunul k&nbsp;v\u011bt\u0161\u00ed jistot\u011b v&nbsp;pou\u017e\u00edv\u00e1n\u00ed jazyka. P\u0159ekonejte jazykov\u00e9 bari\u00e9ry a&nbsp;u\u017eijte si radost z&nbsp;komunikace v&nbsp;n\u011bm\u010din\u011b \u2013 a\u0165 u\u017e ji pot\u0159ebujete pro pr\u00e1ci, cestov\u00e1n\u00ed nebo ka\u017edodenn\u00ed \u017eivot.<\/p>\n<h3>N\u011bm\u010dina B1 \u2013\u2060\u2060\u2060\u2060\u2060\u2060 obecn\u00fd kurz<\/h3>\n<p>Tento kurz n\u011bm\u010diny na <a href=\"https:\/\/skrivanek.cz\/cz\/jazykova-skola\/nj-stredne-pokrocily\/\">\u00farovni B1<\/a> v\u00e1m pom\u016f\u017ee rozvinout v\u0161echny jazykov\u00e9 dovednosti pot\u0159ebn\u00e9 pro plynul\u00e9 pou\u017e\u00edv\u00e1n\u00ed n\u011bm\u010diny v&nbsp;b\u011b\u017en\u00fdch i&nbsp;slo\u017eit\u011bj\u0161\u00edch situac\u00edch. Zam\u011b\u0159ujeme se na praktick\u00e9 vyu\u017eit\u00ed jazyka, posilujeme slovn\u00ed z\u00e1sobu a&nbsp;procvi\u010dujeme gramatiku tak, abyste byli schopni v\u00e9st rozhovory, ps\u00e1t texty a&nbsp;\u010d\u00edst&nbsp;slo\u017eit\u011bj\u0161\u00ed materi\u00e1ly bez obav. Kurz je ide\u00e1ln\u00ed volbou pro ka\u017ed\u00e9ho, kdo chce pokra\u010dovat ve sv\u00e9m jazykov\u00e9m rozvoji a&nbsp;z\u00edskat jistotu v&nbsp;n\u011bm\u010din\u011b.<\/p>\n<h3>Pro koho je kurz ur\u010den?<\/h3>\n<p>Kurz je ur\u010den v\u0161em, kte\u0159\u00ed ji\u017e zvl\u00e1daj\u00ed z\u00e1kladn\u00ed \u00farove\u0148 n\u011bm\u010diny a&nbsp;cht\u011bj\u00ed sv\u00e9 dovednosti posunout na vy\u0161\u0161\u00ed \u00farove\u0148 B1. Hod\u00ed se jak pro studenty, tak pro pracuj\u00edc\u00ed, kte\u0159\u00ed pot\u0159ebuj\u00ed n\u011bm\u010dinu v&nbsp;profesn\u00edm \u017eivot\u011b, i&nbsp;pro ty, kte\u0159\u00ed ji cht\u011bj\u00ed vyu\u017e\u00edvat p\u0159i&nbsp;cestov\u00e1n\u00ed nebo komunikaci v&nbsp;osobn\u00edm \u017eivot\u011b.<\/p>\n<h3>Co se v&nbsp;kurzu nau\u010d\u00edte?<\/h3>\n<ul>\n<li>Roz\u0161\u00ed\u0159\u00edte si slovn\u00ed z\u00e1sobu na \u00farovni B1, v\u010detn\u011b u\u017eite\u010dn\u00fdch fr\u00e1z\u00ed pro ka\u017edodenn\u00ed situace.<\/li>\n<li>Procvi\u010d\u00edte gramatick\u00e9 jevy, jako jsou vedlej\u0161\u00ed v\u011bty, mod\u00e1ln\u00ed slovesa a&nbsp;trpn\u00fd rod.<\/li>\n<li>Nau\u010d\u00edte se ps\u00e1t e-maily, kr\u00e1tk\u00e9 zpr\u00e1vy nebo jednoduch\u00e9 eseje v&nbsp;n\u011bm\u010din\u011b.<\/li>\n<li>Zlep\u0161\u00edte porozum\u011bn\u00ed mluven\u00e9mu i&nbsp;psan\u00e9mu textu.<\/li>\n<li>Pos\u00edl\u00edte sebev\u011bdom\u00ed p\u0159i&nbsp;mluven\u00ed n\u011bmecky.<\/li>\n<\/ul>\n<h3>Jak kurz n\u011bm\u010diny prob\u00edh\u00e1?<\/h3>\n<ul>\n<li>\n<p><strong>Online form\u00e1t:<\/strong> Kurz prob\u00edh\u00e1 kompletn\u011b online, co\u017e v\u00e1m umo\u017e\u0148uje u\u010dit se odkudkoli \u2013\u2060 z&nbsp;pohodl\u00ed domova, z&nbsp;kancel\u00e1\u0159e nebo na cest\u00e1ch. Sta\u010d\u00ed m\u00edt p\u0159ipojen\u00ed k&nbsp;internetu a&nbsp;za\u0159\u00edzen\u00ed s&nbsp;mikrofonem a&nbsp;kamerou.<\/p>\n<\/li>\n<li>\n<p><strong>Interaktivn\u00ed lekce:<\/strong> Lekce jsou strukturovan\u00e9 a&nbsp;zam\u011b\u0159en\u00e9 na v\u0161echny kl\u00ed\u010dov\u00e9 jazykov\u00e9 dovednosti: poslech, mluven\u00ed, \u010dten\u00ed a&nbsp;psan\u00ed. D\u016fraz je kladen na praktick\u00e9 pou\u017eit\u00ed n\u011bmeck\u00e9ho jazyka v&nbsp;ka\u017edodenn\u00edm \u017eivot\u011b. Sou\u010d\u00e1st\u00ed v\u00fduky jsou diskuse, \u0159e\u0161en\u00ed \u00fakol\u016f a&nbsp;modelov\u00e9 situace.<\/p>\n<\/li>\n<li>\n<p><strong>Skupinov\u00e1 v\u00fduka:<\/strong> V\u00fduka prob\u00edh\u00e1 v&nbsp;mal\u00fdch skupin\u00e1ch o&nbsp;3-4 studentech, co\u017e zaji\u0161\u0165uje individu\u00e1ln\u00ed p\u0159\u00edstup lektora a&nbsp;intenzivn\u00ed interakci mezi \u00fa\u010dastn\u00edky. Skupinov\u00e1 pr\u00e1ce podporuje spolupr\u00e1ci, sd\u00edlen\u00ed zku\u0161enost\u00ed a&nbsp;vz\u00e1jemnou motivaci.<\/p>\n<\/li>\n<li>\n<p><strong>D\u00e9lka kurzu:<\/strong> Kurz zahrnuje 12 lekc\u00ed, p\u0159i\u010dem\u017e ka\u017ed\u00e1 trv\u00e1 90 minut. Pravideln\u00e1 t\u00fddenn\u00ed v\u00fduka v\u00e1m umo\u017en\u00ed systematicky rozv\u00edjet jazykov\u00e9 dovednosti a&nbsp;v\u011bnovat se procvi\u010dov\u00e1n\u00ed mezi jednotliv\u00fdmi lekcemi.<\/p>\n<\/li>\n<\/ul>\n<div class=\"columns columns-2\" data-columns=\"2\">\n<div class=\"column column-1\">\n<p><img loading=\"lazy\" decoding=\"async\" class=\"aligncenter wp-image-72970\" src=\"https:\/\/skrivanek.cz\/wp-content\/uploads\/2024\/06\/kurz-nemciny-948x520.jpg\" alt=\"kurzy n\u011bm\u010diny (A1, A2, B1, B2, C1, C2)\" width=\"300\" height=\"211\" \/><\/p>\n<\/div>\n<div class=\"column column-2\">\n<p><img loading=\"lazy\" decoding=\"async\" class=\"aligncenter wp-image-72973\" src=\"https:\/\/skrivanek.cz\/wp-content\/uploads\/2024\/06\/lekce-nemciny-a1-a2-b1-b2-c1-c2.jpg\" alt=\"lekce n\u011bm\u010diny\" width=\"250\" height=\"194\" \/><\/p>\n<\/div>\n<\/div>\n<h3>\u00a0<\/h3>\n<h3>Pro\u010d si vybrat n\u00e1\u0161 kurz?<\/h3>\n<ul>\n<li>Osobn\u00ed p\u0159\u00edstup zku\u0161en\u00fdch lektor\u016f: lekto\u0159i jsou kvalifikovan\u00ed odborn\u00edci s&nbsp;bohat\u00fdmi zku\u0161enostmi v&nbsp;oblasti v\u00fduky n\u011bmeck\u00e9ho jazyka.\u00a0<\/li>\n<li>Modern\u00ed metody v\u00fduky zam\u011b\u0159en\u00e9 na praxi.<\/li>\n<li>Flexibilita d\u00edky online form\u00e1tu.<\/li>\n<li>D\u016fraz na interaktivitu a&nbsp;spolupr\u00e1ci ve skupin\u011b.<\/li>\n<li>Skv\u011bl\u00fd pom\u011br ceny a&nbsp;kvality.<\/li>\n<\/ul>\n<h3>V\u00fdukov\u00e9 materi\u00e1ly<\/h3>\n<p>B\u011bhem kurzu budete m\u00edt k&nbsp;dispozici modern\u00ed a&nbsp;praktick\u00e9 materi\u00e1ly, kter\u00e9 zahrnuj\u00ed interaktivn\u00ed cvi\u010den\u00ed, u\u017eite\u010dn\u00e9 slovn\u00edky a&nbsp;p\u0159\u00edklady z&nbsp;re\u00e1ln\u00e9ho \u017eivota.\u00a0<\/p>\n<h3>V\u00fdukov\u00e1 metoda Effecto<\/h3>\n<p>Na\u0161e unik\u00e1tn\u00ed metoda Effecto kombinuje efektivn\u00ed v\u00fduku gramatiky, slovn\u00ed z\u00e1soby a&nbsp;komunikace v&nbsp;re\u00e1ln\u00fdch situac\u00edch. Zam\u011b\u0159ujeme se na propojen\u00ed teorie s&nbsp;prax\u00ed, abyste si nov\u00e9 znalosti snadno osvojili a&nbsp;mohli je okam\u017eit\u011b pou\u017e\u00edt.<\/p>\n<h3>Cena kurzu<\/h3>\n<p>Cena za cel\u00fd kurz je <strong>4&nbsp;680&nbsp;K\u010d<\/strong>. V&nbsp;cen\u011b je zahrnuto:<\/p>\n<ul>\n<li>12 inspirativn\u00edch lekc\u00ed veden\u00fdch zku\u0161en\u00fdm lektorem.<\/li>\n<li>Online podpora b\u011bhem cel\u00e9ho kurzu.<\/li>\n<li>Certifik\u00e1t o&nbsp;\u00fasp\u011b\u0161n\u00e9m absolvov\u00e1n\u00ed na \u00farovni B1.<\/li>\n<\/ul>\n<h3>Pokra\u010dujte d\u00e1l \u2013\u2060 B1 je jen za\u010d\u00e1tek<\/h3>\n<p>\u00darove\u0148 B1 je skv\u011bl\u00fdm miln\u00edkem, ale va\u0161e jazykov\u00e9 vzd\u011bl\u00e1v\u00e1n\u00ed t\u00edm nemus\u00ed kon\u010dit! Nab\u00edz\u00edme kurzy i&nbsp;pro pokro\u010dilej\u0161\u00ed \u00farovn\u011b, v\u010detn\u011b p\u0159\u00edpravy na mezin\u00e1rodn\u00ed certifik\u00e1ty, kter\u00e9 otev\u0159ou dal\u0161\u00ed dve\u0159e k&nbsp;va\u0161im c\u00edl\u016fm. U\u010dte se s&nbsp;n\u00e1mi a&nbsp;dos\u00e1hn\u011bte sv\u00e9 vysn\u011bn\u00e9 jazykov\u00e9 \u00farovn\u011b!<\/p>\n","protected":false},"excerpt":{"rendered":"<p><strong>Den a&nbsp;\u010das:<\/strong> \u00dater\u00fd 17:00 \u2013 18:30<br \/>\n<strong>Term\u00edn:<\/strong> 7.&nbsp;4. \u2013 23.&nbsp;6.&nbsp;2026<br \/>\n<strong>Forma v\u00fduky:<\/strong> online<br \/>\n<strong>Intenzita: <\/strong>1 lekce t\u00fddn\u011b <br \/>\n<strong>Po\u010det lekc\u00ed:<\/strong> celkem 12 lekc\u00ed (12 x 90 minut)<\/p>\n<p>Pokud preferujete <strong data-start=\"415\" data-end=\"434\">platbu p\u0159evodem<\/strong>, chcete <strong data-start=\"443\" data-end=\"466\">zaplatit na pobo\u010dce<\/strong> nebo m\u00e1te jak\u00fdkoli <strong data-start=\"486\" data-end=\"495\">dotaz<\/strong>, nev\u00e1hejte n\u00e1s kontaktovat na e\u2011mailu <strong data-start=\"534\" data-end=\"556\"><a class=\"cursor-pointer\" href=\"javascript:secureDecryptAndNavigate('R5O5e3aMtHOPBX1mdFa9MstCgXE0XuIfJtGAlI5QWBeSIGCH9XoY\/4UbdrLHpbAbh6gVYOwm+vr8PAPIcWmZzc\/CR73iIaZHyQ==', '9c1e8f5271bf4f233390c22bdf43601f044e80460c2e9cc63c40d8bc66437679')\" data-start=\"536\" data-end=\"554\">s&#107;&#111;l&#97;&#64;&#115;&#107;&#114;&#105;va&#110;&#101;&#107;.c&#122;<\/a><\/strong> nebo na telefonn\u00edm \u010d\u00edsle <a href=\"tel:+420 777 809 805\">+420&nbsp;777&nbsp;809\u00a0805<\/a>.<\/p>\n","protected":false},"featured_media":70797,"template":"","meta":{"_acf_changed":false},"product_brand":[],"product_cat":[58],"product_tag":[],"class_list":{"0":"post-70795","1":"product","2":"type-product","3":"status-publish","4":"has-post-thumbnail","6":"product_cat-kurzy","8":"first","9":"instock","10":"downloadable","11":"virtual","12":"purchasable","13":"product-type-simple"},"acf":[],"aioseo_notices":[],"_links":{"self":[{"href":"https:\/\/skrivanek.cz\/cz\/wp-json\/wp\/v2\/product\/70795","targetHints":{"allow":["GET"]}}],"collection":[{"href":"https:\/\/skrivanek.cz\/cz\/wp-json\/wp\/v2\/product"}],"about":[{"href":"https:\/\/skrivanek.cz\/cz\/wp-json\/wp\/v2\/types\/product"}],"wp:featuredmedia":[{"embeddable":true,"href":"https:\/\/skrivanek.cz\/cz\/wp-json\/wp\/v2\/media\/70797"}],"wp:attachment":[{"href":"https:\/\/skrivanek.cz\/cz\/wp-json\/wp\/v2\/media?parent=70795"}],"wp:term":[{"taxonomy":"product_brand","embeddable":true,"href":"https:\/\/skrivanek.cz\/cz\/wp-json\/wp\/v2\/product_brand?post=70795"},{"taxonomy":"product_cat","embeddable":true,"href":"https:\/\/skrivanek.cz\/cz\/wp-json\/wp\/v2\/product_cat?post=70795"},{"taxonomy":"product_tag","embeddable":true,"href":"https:\/\/skrivanek.cz\/cz\/wp-json\/wp\/v2\/product_tag?post=70795"}],"curies":[{"name":"wp","href":"https:\/\/api.w.org\/{rel}","templated":true}]}}