{"id":70796,"date":"2024-06-27T14:44:11","date_gmt":"2024-06-27T12:44:11","guid":{"rendered":"https:\/\/skrivanek.cz\/cz\/?post_type=product&#038;p=70796"},"modified":"2026-01-13T15:09:47","modified_gmt":"2026-01-13T14:09:47","slug":"francouzstina-obecny-kurz-a1-zacatecnik","status":"publish","type":"product","link":"https:\/\/skrivanek.cz\/cz\/produkt\/francouzstina-obecny-kurz-a1-zacatecnik\/","title":{"rendered":"Francouz\u0161tina A1 \u2013 Obecn\u00fd kurz pro za\u010d\u00e1te\u010dn\u00edky"},"content":{"rendered":"<p>Objevte kouzlo francouz\u0161tiny a&nbsp;otev\u0159ete si dve\u0159e do sv\u011bta nov\u00e9 kultury, mo\u017enost\u00ed a&nbsp;z\u00e1\u017eitk\u016f. S&nbsp;na\u0161\u00edm skupinov\u00fdm online kurzem francouz\u0161tiny na \u00farovni A1 z\u00edsk\u00e1te pevn\u00e9 z\u00e1klady tohoto kr\u00e1sn\u00e9ho jazyka a&nbsp;odstartujete svou jazykovou cestu s&nbsp;jistotou. Francouz\u0161tina pro za\u010d\u00e1te\u010dn\u00edky je skv\u011bl\u00fd kurz pro ty, kte\u0159\u00ed cht\u011bj\u00ed za\u010d\u00edt rozv\u00edjet sv\u00e9 jazykov\u00e9 dovednosti. P\u0159idejte se k&nbsp;n\u00e1m a&nbsp;ud\u011blejte prvn\u00ed krok k&nbsp;tomu, aby francouz\u0161tina byla sou\u010d\u00e1st\u00ed va\u0161eho \u017eivota.<\/p>\n<h3>Francouz\u0161tina A1 \u2013\u2060 obecn\u00fd kurz<\/h3>\n<p>Kurz <a href=\"https:\/\/skrivanek.cz\/cz\/jazykova-skola\/fj-zacatecnik\/\">francouz\u0161tiny na \u00farovni A1<\/a> je ide\u00e1ln\u00ed volbou pro \u00fapln\u00e9 za\u010d\u00e1te\u010dn\u00edky, kte\u0159\u00ed cht\u011bj\u00ed z\u00edskat z\u00e1kladn\u00ed dovednosti v&nbsp;mluven\u00ed, psan\u00ed, poslechu a&nbsp;\u010dten\u00ed. Nau\u010d\u00edte se z\u00e1kladn\u00ed gramatiku, slovn\u00ed z\u00e1sobu i&nbsp;u\u017eite\u010dn\u00e9 fr\u00e1ze pro ka\u017edodenn\u00ed situace. D\u00edky kombinaci kvalitn\u00ed v\u00fduky, interaktivn\u00edch lekc\u00ed a&nbsp;skupinov\u00e9 dynamiky se budete u\u010dit p\u0159irozen\u011b a&nbsp;efektivn\u011b.<\/p>\n<h3>Pro koho je kurz ur\u010den?<\/h3>\n<p>Tento kurz je vhodn\u00fd pro ka\u017ed\u00e9ho, kdo s&nbsp;francouz\u0161tinou teprve za\u010d\u00edn\u00e1 a&nbsp;chce si osvojit z\u00e1klady na \u00farovni A1. Ide\u00e1ln\u00ed pro studenty, dosp\u011bl\u00e9 i&nbsp;profesion\u00e1ly, kte\u0159\u00ed hledaj\u00ed praktick\u00fd a&nbsp;dostupn\u00fd zp\u016fsob, jak za\u010d\u00edt s&nbsp;u\u010den\u00edm francouz\u0161tiny.<\/p>\n<h3>Co se v&nbsp;kurzu nau\u010d\u00edte?<\/h3>\n<ul>\n<li>Z\u00e1klady francouzsk\u00e9 gramatiky a&nbsp;slovn\u00ed z\u00e1soby.<\/li>\n<li>P\u0159edstavit se, v\u00e9st jednoduch\u00fd rozhovor a&nbsp;reagovat na b\u011b\u017en\u00e9 situace.<\/li>\n<li>Porozum\u011bt jednoduch\u00fdm text\u016fm a&nbsp;v\u011bt\u00e1m v&nbsp;ka\u017edodenn\u00edm kontextu.<\/li>\n<li>Napsat kr\u00e1tk\u00e9 texty, jako jsou e-maily nebo pohlednice.<\/li>\n<\/ul>\n<h3>Jak kurz vypad\u00e1?<\/h3>\n<ul>\n<li><strong>Online form\u00e1t<\/strong>: Kurz prob\u00edh\u00e1 v&nbsp;pohodl\u00ed va\u0161eho domova, prost\u0159ednictv\u00edm modern\u00ed online platformy, kter\u00e1 je intuitivn\u00ed a&nbsp;snadno ovladateln\u00e1.<\/li>\n<li><strong>Interaktivn\u00ed lekce<\/strong>: Ka\u017ed\u00e1 lekce je zalo\u017eena na interaktivn\u00edm p\u0159\u00edstupu, kter\u00fd v\u00e1s zapoj\u00ed do v\u00fduky prost\u0159ednictv\u00edm praktick\u00fdch cvi\u010den\u00ed, konverzac\u00ed a&nbsp;her. Lekce jsou strukturovan\u00e9 a\u00a0zahrnuj\u00ed poslechov\u00e9 aktivity, mluven\u00ed, \u010dten\u00ed a\u00a0psan\u00ed. D\u016fraz klademe na praktick\u00e9 pou\u017eit\u00ed jazyka v\u00a0ka\u017edodenn\u00edm \u017eivot\u011b.<\/li>\n<li><strong>Skupinov\u00e1 v\u00fduka<\/strong>: V&nbsp;mal\u00fdch skupin\u00e1ch (3-4 studenti) z\u00edsk\u00e1te podporu od spolu\u017e\u00e1k\u016f i&nbsp;lektora a&nbsp;budete se u\u010dit efektivn\u011bji d\u00edky vz\u00e1jemn\u00e9 motivaci. Z\u00e1rove\u0148 budete m\u00edt dostate\u010dn\u00fd prostor a&nbsp;individu\u00e1ln\u00ed p\u0159\u00edstup.<\/li>\n<li><strong>D\u00e9lka kurzu<\/strong>: Kurz zahrnuje 12 lekc\u00ed po&nbsp;90 minut\u00e1ch, rozlo\u017een\u00fdch do 12 t\u00fddn\u016f, co\u017e v\u00e1m umo\u017en\u00ed pravideln\u00fd a&nbsp;p\u0159ehledn\u00fd pokrok.<\/li>\n<\/ul>\n<div class=\"columns columns-2\" data-columns=\"2\">\n<div class=\"column column-1\">\n<p><img loading=\"lazy\" decoding=\"async\" class=\"aligncenter wp-image-72984\" src=\"https:\/\/skrivanek.cz\/wp-content\/uploads\/2024\/06\/francouzstina-a1-a2-b1-b2-c1-c2-948x520.jpg\" alt=\"francouz\u0161tina a1, a2, b1, b2, c1, c2\" width=\"300\" height=\"203\" \/><\/p>\n<\/div>\n<div class=\"column column-2\">\n<p><img loading=\"lazy\" decoding=\"async\" class=\"aligncenter wp-image-72987\" src=\"https:\/\/skrivanek.cz\/wp-content\/uploads\/2024\/06\/kurz-francouzstiny-948x520.jpg\" alt=\"kurzy francouz\u0161tiny\" width=\"300\" height=\"201\" \/><\/p>\n<\/div>\n<\/div>\n<h3>Pro\u010d si vybrat n\u00e1\u0161 kurz?<\/h3>\n<ul>\n<li>Lekto\u0159i jsou kvalifikovan\u00ed odborn\u00edci s&nbsp;bohat\u00fdmi zku\u0161enostmi v&nbsp;oblasti v\u00fduky francouz\u0161tiny.\u00a0<\/li>\n<li>Osobn\u00ed p\u0159\u00edstup ke ka\u017ed\u00e9mu \u00fa\u010dastn\u00edkovi.<\/li>\n<li>Modern\u00ed v\u00fdukov\u00e9 metody a&nbsp;efektivn\u00ed syst\u00e9m vzd\u011bl\u00e1v\u00e1n\u00ed.<\/li>\n<li>Online podpora lektora b\u011bhem cel\u00e9ho kurzu.<\/li>\n<li>Certifik\u00e1t o&nbsp;absolvov\u00e1n\u00ed na \u00farovni A1.<\/li>\n<\/ul>\n<h3>V\u00fdukov\u00e9 materi\u00e1ly<\/h3>\n<p>Ka\u017ed\u00fd \u00fa\u010dastn\u00edk obdr\u017e\u00ed kvalitn\u00ed v\u00fdukov\u00e9 materi\u00e1ly, kter\u00e9 usnadn\u00ed studium i&nbsp;opakov\u00e1n\u00ed. Materi\u00e1ly zahrnuj\u00ed cvi\u010den\u00ed, uk\u00e1zkov\u00e9 v\u011bty, poslechy i&nbsp;p\u0159ehledn\u00e9 gramatick\u00e9 tabulky.<\/p>\n<h3>V\u00fdukov\u00e1 metoda Effecto<\/h3>\n<p>N\u00e1\u0161 kurz vyu\u017e\u00edv\u00e1 osv\u011bd\u010denou v\u00fdukovou metodu Effecto, kter\u00e1 kombinuje praktick\u00e9 u\u010den\u00ed s&nbsp;interaktivn\u00edmi aktivitami. D\u00edky t\u00e9to metod\u011b dosahuj\u00ed na\u0161i studenti skv\u011bl\u00fdch v\u00fdsledk\u016f a&nbsp;dok\u00e1\u017eou snadno uplatnit sv\u00e9 znalosti v&nbsp;praxi.<\/p>\n<h3>Cena kurzu<\/h3>\n<p>Cena za cel\u00fd kurz je <strong>4&nbsp;680&nbsp;K\u010d<\/strong>. V&nbsp;cen\u011b je zahrnuto:<\/p>\n<ul>\n<li>12 inspirativn\u00edch lekc\u00ed veden\u00fdch zku\u0161en\u00fdm lektorem.<\/li>\n<li>Online podpora od lektora b\u011bhem cel\u00e9ho kurzu.<\/li>\n<li>Certifik\u00e1t o&nbsp;absolvov\u00e1n\u00ed na \u00farovni A1, kter\u00fd potvrzuje va\u0161e jazykov\u00e9 schopnosti.<\/li>\n<\/ul>\n<h3>Pokra\u010dujte d\u00e1l!<\/h3>\n<p>S \u00farovn\u00ed A1 va\u0161e cesta francouz\u0161tinou nekon\u010d\u00ed! Nab\u00edz\u00edme kurzy i&nbsp;pro vy\u0161\u0161\u00ed \u00farovn\u011b, jako jsou A2, B1 \u010di&nbsp;B2, a&nbsp;tak\u00e9 p\u0159\u00edpravn\u00e9 kurzy pro z\u00edsk\u00e1n\u00ed mezin\u00e1rodn\u00edch jazykov\u00fdch certifik\u00e1t\u016f. Pokra\u010dujte s&nbsp;n\u00e1mi a&nbsp;posu\u0148te sv\u00e9 jazykov\u00e9 schopnosti na dal\u0161\u00ed \u00farove\u0148.<\/p>\n","protected":false},"excerpt":{"rendered":"<div><strong>Den a&nbsp;\u010das:<\/strong> \u010ctvrtek 17:00 &#8211; 18:30\u00a0<\/div>\n<div><strong>Term\u00edn:<\/strong> 9.&nbsp;4. \u2013 25.&nbsp;6.&nbsp;2026<\/div>\n<div>\n<div><strong>Forma v\u00fduky:<\/strong> online<\/div>\n<div><strong>Intenzita: <\/strong>1 lekce t\u00fddn\u011b\u00a0<\/div>\n<div><strong>Po\u010det lekc\u00ed:<\/strong> celkem 12 lekc\u00ed (12 x 90 minut)<\/div>\n<div>\u00a0<\/div>\n<div>Pokud preferujete <strong data-start=\"415\" data-end=\"434\">platbu p\u0159evodem<\/strong>, chcete <strong data-start=\"443\" data-end=\"466\">zaplatit na pobo\u010dce<\/strong> nebo m\u00e1te jak\u00fdkoli <strong data-start=\"486\" data-end=\"495\">dotaz<\/strong>, nev\u00e1hejte n\u00e1s kontaktovat na e\u2011mailu <strong data-start=\"534\" data-end=\"556\"><a class=\"cursor-pointer\" href=\"javascript:secureDecryptAndNavigate('Mhxtww+sFNyADw9lNBLU9S82EI+AinXJCAxJOEni9PU+i4\/ho4fwCIAPS6N7AJD6jppLvSZaiQgbxO9Huq7IMTDn9QBu+82ffw==', '9c1e8f5271bf4f233390c22bdf43601f044e80460c2e9cc63c40d8bc66437679')\" data-start=\"536\" data-end=\"554\">s&#107;ol&#97;&#64;s&#107;&#114;&#105;v&#97;n&#101;&#107;.&#99;z<\/a><\/strong> nebo na telefonn\u00edm \u010d\u00edsle <a href=\"tel:+420 777 809 805\">+420&nbsp;777&nbsp;809\u00a0805<\/a>.<\/div>\n<\/div>\n","protected":false},"featured_media":70800,"template":"","meta":{"_acf_changed":false},"product_brand":[],"product_cat":[58],"product_tag":[],"class_list":{"0":"post-70796","1":"product","2":"type-product","3":"status-publish","4":"has-post-thumbnail","6":"product_cat-kurzy","8":"first","9":"instock","10":"downloadable","11":"virtual","12":"purchasable","13":"product-type-simple"},"acf":[],"aioseo_notices":[],"_links":{"self":[{"href":"https:\/\/skrivanek.cz\/cz\/wp-json\/wp\/v2\/product\/70796","targetHints":{"allow":["GET"]}}],"collection":[{"href":"https:\/\/skrivanek.cz\/cz\/wp-json\/wp\/v2\/product"}],"about":[{"href":"https:\/\/skrivanek.cz\/cz\/wp-json\/wp\/v2\/types\/product"}],"wp:featuredmedia":[{"embeddable":true,"href":"https:\/\/skrivanek.cz\/cz\/wp-json\/wp\/v2\/media\/70800"}],"wp:attachment":[{"href":"https:\/\/skrivanek.cz\/cz\/wp-json\/wp\/v2\/media?parent=70796"}],"wp:term":[{"taxonomy":"product_brand","embeddable":true,"href":"https:\/\/skrivanek.cz\/cz\/wp-json\/wp\/v2\/product_brand?post=70796"},{"taxonomy":"product_cat","embeddable":true,"href":"https:\/\/skrivanek.cz\/cz\/wp-json\/wp\/v2\/product_cat?post=70796"},{"taxonomy":"product_tag","embeddable":true,"href":"https:\/\/skrivanek.cz\/cz\/wp-json\/wp\/v2\/product_tag?post=70796"}],"curies":[{"name":"wp","href":"https:\/\/api.w.org\/{rel}","templated":true}]}}