{"id":70811,"date":"2024-06-27T15:35:52","date_gmt":"2024-06-27T13:35:52","guid":{"rendered":"https:\/\/skrivanek.cz\/cz\/?post_type=product&#038;p=70811"},"modified":"2026-01-13T15:10:50","modified_gmt":"2026-01-13T14:10:50","slug":"francouzstina-obecny-kurz-a2-mirne-pokrocili","status":"publish","type":"product","link":"https:\/\/skrivanek.cz\/cz\/produkt\/francouzstina-obecny-kurz-a2-mirne-pokrocili\/","title":{"rendered":"Francouz\u0161tina A2 \u2013 Obecn\u00fd kurz pro m\u00edrn\u011b pokro\u010dil\u00e9"},"content":{"rendered":"<p>Francouz\u0161tina je jazyk kultury, um\u011bn\u00ed a&nbsp;diplomacie. Nau\u010dte se plynule komunikovat, roz\u0161i\u0159te sv\u00e9 jazykov\u00e9 schopnosti a&nbsp;otev\u0159ete si dve\u0159e k&nbsp;nov\u00fdm p\u0159\u00edle\u017eitostem. Na\u0161e skupinov\u00e9 online kurzy v\u00e1m poskytnou p\u0159\u00e1telsk\u00e9 prost\u0159ed\u00ed, kde si sv\u00e9 znalosti <a href=\"https:\/\/skrivanek.cz\/cz\/jazykova-skola\/fj-mirne-pokrocily\/\">francouz\u0161tiny na \u00farovni A2<\/a> osvoj\u00edte snadno a&nbsp;efektivn\u011b.<\/p>\n<h3>Francouz\u0161tina A2 \u2013\u2060\u2060\u2060\u2060\u2060\u2060 Obecn\u00fd kurz<\/h3>\n<p>Tento kurz francouz\u0161tiny na \u00farovni A2 je ide\u00e1ln\u00ed volbou pro m\u00edrn\u011b pokro\u010dil\u00e9 studenty, kte\u0159\u00ed cht\u011bj\u00ed d\u00e1le rozv\u00edjet sv\u00e9 jazykov\u00e9 dovednosti. Nab\u00edz\u00ed praktick\u00e1 cvi\u010den\u00ed zam\u011b\u0159en\u00e1 na zlep\u0161en\u00ed komunikace, porozum\u011bn\u00ed a&nbsp;psan\u00ed. Lekce zahrnuj\u00ed t\u00e9mata z&nbsp;ka\u017edodenn\u00edho \u017eivota, d\u00edky \u010demu\u017e si osvoj\u00edte u\u017eite\u010dn\u00e9 fr\u00e1ze a&nbsp;slovn\u00ed z\u00e1sobu, kterou snadno vyu\u017eijete v&nbsp;praxi.<\/p>\n<h3>Pro koho je kurz ur\u010den?<\/h3>\n<p>Kurz je ur\u010den pro:<\/p>\n<ul>\n<li>studenty s&nbsp;dokon\u010denou \u00farovn\u00ed A1, kte\u0159\u00ed cht\u011bj\u00ed pokra\u010dovat na \u00farove\u0148 A2,<\/li>\n<li>z\u00e1jemce o&nbsp;roz\u0161\u00ed\u0159en\u00ed slovn\u00ed z\u00e1soby a&nbsp;zlep\u0161en\u00ed v\u00fdslovnosti,<\/li>\n<li>v\u0161echny, kdo hledaj\u00ed efektivn\u00ed zp\u016fsob, jak zdokonalit sv\u00e9 komunika\u010dn\u00ed schopnosti v&nbsp;francouz\u0161tin\u011b.<\/li>\n<\/ul>\n<h3>Co se v&nbsp;kurzu nau\u010d\u00edte?<\/h3>\n<p>V pr\u016fb\u011bhu kurzu francouz\u0161tiny na \u00farovni A2 si osvoj\u00edte:<\/p>\n<ul>\n<li>dovednost samostatn\u011b komunikovat v&nbsp;b\u011b\u017en\u00fdch situac\u00edch,<\/li>\n<li>gramatick\u00e1 pravidla pro tvorbu slo\u017eit\u011bj\u0161\u00edch v\u011bt,<\/li>\n<li>roz\u0161\u00ed\u0159enou slovn\u00ed z\u00e1sobu na t\u00e9mata jako cestov\u00e1n\u00ed, pr\u00e1ce, nakupov\u00e1n\u00ed \u010di&nbsp;voln\u00fd \u010das,<\/li>\n<li>z\u00e1klady psan\u00ed e-mail\u016f a&nbsp;dal\u0161\u00edch p\u00edsemn\u00fdch projev\u016f.<\/li>\n<\/ul>\n<h3>Jak kurz vypad\u00e1?<\/h3>\n<p><strong>Online form\u00e1t<\/strong><br \/>\nStudujte odkudkoliv. V\u0161echny lekce prob\u00edhaj\u00ed online, co\u017e v\u00e1m umo\u017en\u00ed flexibilitu a&nbsp;pohodl\u00ed p\u0159i&nbsp;u\u010den\u00ed.<\/p>\n<p><strong>Interaktivn\u00ed lekce<\/strong><br \/>\nD\u00edky modern\u00edm metod\u00e1m a&nbsp;technologi\u00edm jsou na\u0161e lekce dynamick\u00e9 a&nbsp;z\u00e1bavn\u00e9. Zapoj\u00edme v\u00e1s do aktivit, kter\u00e9 v\u00e1s budou bavit a&nbsp;z\u00e1rove\u0148 motivovat k&nbsp;dal\u0161\u00edmu studiu. Lekce jsou strukturovan\u00e9 a\u00a0zahrnuj\u00ed poslechov\u00e9 aktivity, mluven\u00ed, \u010dten\u00ed a\u00a0psan\u00ed. D\u016fraz je kladen na praktick\u00e9 pou\u017eit\u00ed jazyka v\u00a0ka\u017edodenn\u00edch situac\u00edch.<\/p>\n<p><strong>Skupinov\u00e1 v\u00fduka<\/strong><br \/>\nVe skupin\u011b se budete u\u010dit spole\u010dn\u011b s&nbsp;dal\u0161\u00edmi studenty, co\u017e podporuje p\u0159irozenou konverzaci a&nbsp;vz\u00e1jemnou podporu. Skupiny jsou mal\u00e9 (3-4 studenti), co\u017e umo\u017e\u0148uje individu\u00e1ln\u00ed p\u0159\u00edstup a\u00a0efektivn\u00ed interakci s\u00a0lektorem na z\u00e1rove\u0148 vyu\u017eit\u00ed v\u00fdhod skupiny.<\/p>\n<p><strong>D\u00e9lka kurzu<\/strong><br \/>\nKurz zahrnuje celkem 12 lekc\u00ed, ka\u017ed\u00e1 trv\u00e1 90 minut.<\/p>\n<div class=\"columns columns-2\" data-columns=\"2\">\n<div class=\"column column-1\">\n<p><img loading=\"lazy\" decoding=\"async\" class=\"aligncenter wp-image-72984\" src=\"https:\/\/skrivanek.cz\/wp-content\/uploads\/2024\/06\/francouzstina-a1-a2-b1-b2-c1-c2-948x520.jpg\" alt=\"francouz\u0161tina a1, a2, b1, b2, c1, c2\" width=\"300\" height=\"203\" \/><\/p>\n<\/div>\n<div class=\"column column-2\">\n<p><img loading=\"lazy\" decoding=\"async\" class=\"aligncenter wp-image-72987\" src=\"https:\/\/skrivanek.cz\/wp-content\/uploads\/2024\/06\/kurz-francouzstiny-948x520.jpg\" alt=\"kurzy francouz\u0161tiny\" width=\"300\" height=\"201\" \/><\/p>\n<\/div>\n<\/div>\n<h3>Pro\u010d si vybrat n\u00e1\u0161 kurz?<\/h3>\n<ul>\n<li>Dlouholet\u00e9 zku\u0161enosti s&nbsp;v\u00fdukou jazyk\u016f.<\/li>\n<li>Individu\u00e1ln\u00ed p\u0159\u00edstup lektor\u016f ke ka\u017ed\u00e9mu studentovi.<\/li>\n<li>Lekto\u0159i jsou kvalifikovan\u00ed odborn\u00edci s&nbsp;bohat\u00fdmi zku\u0161enostmi v&nbsp;oblasti v\u00fduky francouz\u0161tiny.\u00a0<\/li>\n<li>Certifik\u00e1t o&nbsp;absolvov\u00e1n\u00ed na \u00farovni A2, kter\u00fd v\u00e1m pom\u016f\u017ee uplatnit se v&nbsp;praxi.<\/li>\n<li>Modern\u00ed v\u00fdukov\u00e1 metoda Effecto, zam\u011b\u0159en\u00e1 na rychl\u00e9 v\u00fdsledky.<\/li>\n<\/ul>\n<h3>V\u00fdukov\u00e9 materi\u00e1ly<\/h3>\n<p>Sou\u010d\u00e1st\u00ed kurzu jsou profesion\u00e1ln\u00ed u\u010debn\u00ed materi\u00e1ly, kter\u00e9 jsou zahrnuty v&nbsp;cen\u011b. Zam\u011b\u0159ujeme se na praktickou slovn\u00ed z\u00e1sobu a&nbsp;cvi\u010den\u00ed, kter\u00e1 odpov\u00eddaj\u00ed va\u0161im pot\u0159eb\u00e1m.<\/p>\n<h3>V\u00fdukov\u00e1 metoda Effecto<\/h3>\n<p>Na\u0161e unik\u00e1tn\u00ed metoda Effecto kombinuje tradi\u010dn\u00ed v\u00fduku s&nbsp;modern\u00edmi prvky a&nbsp;d\u016frazem na aktivn\u00ed zapojen\u00ed studenta. D\u00edky n\u00ed z\u00edsk\u00e1te jistotu v&nbsp;komunikaci a&nbsp;zvl\u00e1dnete francouz\u0161tinu snadno a&nbsp;efektivn\u011b.<\/p>\n<h3>Cena kurzu<\/h3>\n<p>Cena za cel\u00fd kurz je 4&nbsp;680&nbsp;K\u010d.<br \/>\nV&nbsp;cen\u011b je zahrnuto:<\/p>\n<ul>\n<li>12 inspirativn\u00edch lekc\u00ed,<\/li>\n<li>online podpora od lektora b\u011bhem cel\u00e9ho kurzu,<\/li>\n<li>certifik\u00e1t o&nbsp;\u00fasp\u011b\u0161n\u00e9m absolvov\u00e1n\u00ed na \u00farovni A2.<\/li>\n<\/ul>\n<h3>Pokra\u010dujte d\u00e1l \u2013 francouz\u0161tina na vy\u0161\u0161\u00ed \u00farovni<\/h3>\n<p>Va\u0161e cesta u&nbsp;n\u00e1s nekon\u010d\u00ed na \u00farovni A2! Nab\u00edz\u00edme tak\u00e9 kurzy pro pokro\u010dil\u00e9 a&nbsp;p\u0159\u00edpravn\u00e9 kurzy na mezin\u00e1rodn\u00ed certifik\u00e1ty, kter\u00e9 v\u00e1m otev\u0159ou nov\u00e9 mo\u017enosti v&nbsp;profesn\u00edm i&nbsp;osobn\u00edm \u017eivot\u011b. Pokra\u010dujte s&nbsp;n\u00e1mi a&nbsp;zdokonalte svou francouz\u0161tinu na dal\u0161\u00ed \u00farovni.<\/p>\n","protected":false},"excerpt":{"rendered":"<p><strong>Den a&nbsp;\u010das:<\/strong> St\u0159eda 17:00 &#8211; 18:30<br \/>\n<strong>Term\u00edn:<\/strong> 1.&nbsp;4. \u2013 17.&nbsp;6.&nbsp;2026<br \/>\n<strong>Forma v\u00fduky:<\/strong> online<br \/>\n<strong>Intenzita: <\/strong>1 lekce t\u00fddn\u011b <br \/>\n<strong>Po\u010det lekc\u00ed:<\/strong> celkem 12 lekc\u00ed (12 x 90 minut)<\/p>\n<p>Pokud preferujete <strong data-start=\"415\" data-end=\"434\">platbu p\u0159evodem<\/strong>, chcete <strong data-start=\"443\" data-end=\"466\">zaplatit na pobo\u010dce<\/strong> nebo m\u00e1te jak\u00fdkoli <strong data-start=\"486\" data-end=\"495\">dotaz<\/strong>, nev\u00e1hejte n\u00e1s kontaktovat na e\u2011mailu <strong data-start=\"534\" data-end=\"556\"><a class=\"cursor-pointer\" href=\"javascript:secureDecryptAndNavigate('0U3N111ajPJYP61165i2YW8CVioBL4peEhbEAp9Kn4COr5rYHWEKF8bw35SezKqgSPzo4m3FLGwdLkmKlMWAa4jMPOLg6A\/02g==', '9c1e8f5271bf4f233390c22bdf43601f044e80460c2e9cc63c40d8bc66437679')\" data-start=\"536\" data-end=\"554\">sk&#111;la&#64;sk&#114;i&#118;an&#101;&#107;&#46;c&#122;<\/a><\/strong> nebo na telefonn\u00edm \u010d\u00edsle <a href=\"tel:+420 777 809 805\">+420&nbsp;777&nbsp;809\u00a0805<\/a>.<\/p>\n","protected":false},"featured_media":70800,"template":"","meta":{"_acf_changed":false},"product_brand":[],"product_cat":[58],"product_tag":[],"class_list":{"0":"post-70811","1":"product","2":"type-product","3":"status-publish","4":"has-post-thumbnail","6":"product_cat-kurzy","8":"first","9":"instock","10":"downloadable","11":"virtual","12":"purchasable","13":"product-type-simple"},"acf":[],"aioseo_notices":[],"_links":{"self":[{"href":"https:\/\/skrivanek.cz\/cz\/wp-json\/wp\/v2\/product\/70811","targetHints":{"allow":["GET"]}}],"collection":[{"href":"https:\/\/skrivanek.cz\/cz\/wp-json\/wp\/v2\/product"}],"about":[{"href":"https:\/\/skrivanek.cz\/cz\/wp-json\/wp\/v2\/types\/product"}],"wp:featuredmedia":[{"embeddable":true,"href":"https:\/\/skrivanek.cz\/cz\/wp-json\/wp\/v2\/media\/70800"}],"wp:attachment":[{"href":"https:\/\/skrivanek.cz\/cz\/wp-json\/wp\/v2\/media?parent=70811"}],"wp:term":[{"taxonomy":"product_brand","embeddable":true,"href":"https:\/\/skrivanek.cz\/cz\/wp-json\/wp\/v2\/product_brand?post=70811"},{"taxonomy":"product_cat","embeddable":true,"href":"https:\/\/skrivanek.cz\/cz\/wp-json\/wp\/v2\/product_cat?post=70811"},{"taxonomy":"product_tag","embeddable":true,"href":"https:\/\/skrivanek.cz\/cz\/wp-json\/wp\/v2\/product_tag?post=70811"}],"curies":[{"name":"wp","href":"https:\/\/api.w.org\/{rel}","templated":true}]}}