{"id":70992,"date":"2024-06-27T16:19:57","date_gmt":"2024-06-27T14:19:57","guid":{"rendered":"https:\/\/skrivanek.cz\/cz\/?post_type=product&#038;p=70992"},"modified":"2024-09-26T08:18:18","modified_gmt":"2024-09-26T06:18:18","slug":"spanelstina-obecny-kurz-a2-mirne-pokrocili","status":"publish","type":"product","link":"https:\/\/skrivanek.cz\/cz\/produkt\/spanelstina-obecny-kurz-a2-mirne-pokrocili\/","title":{"rendered":"\u0160pan\u011bl\u0161tina, obecn\u00fd kurz A2, m\u00edrn\u011b pokro\u010dil\u00ed"},"content":{"rendered":"<h4>Kurz \u0161pan\u011bl\u0161tiny A1<\/h4>\n<h5>Obecn\u00fd kurz\u00a0<\/h5>\n<p>Na\u0161e kurzy jsou zam\u011b\u0159eny na odbour\u00e1n\u00ed ostychu z\u00a0mluven\u00ed a\u00a0schopnost dorozum\u011bt se, i\u00a0kdy\u017e s\u00a0chybami.\u00a0<strong>V\u011b\u0159\u00edme, \u017ee nejd\u016fle\u017eit\u011bj\u0161\u00ed je um\u011bt se domluvit<\/strong>. V\u00a0hodin\u00e1ch se soust\u0159ed\u00edme na rozvoj konverza\u010dn\u00edch dovednost\u00ed na \u00farovni A2, roz\u0161i\u0159ov\u00e1n\u00ed slovn\u00ed z\u00e1soby a\u00a0systematick\u00e9 procvi\u010dov\u00e1n\u00ed gramatiky. Studenti se u\u010d\u00ed pou\u017e\u00edvat jazyk prakticky a\u00a0plynule v\u00a0ka\u017edodenn\u00edch situac\u00edch.\u00a0<strong>V\u00fduka prob\u00edh\u00e1 formou r\u016fznorod\u00fdch cvi\u010den\u00ed a\u00a0praktick\u00fdch aktivit, kter\u00e9 podporuj\u00ed aktivn\u00ed pou\u017e\u00edv\u00e1n\u00ed jazyka.<\/strong><\/p>\n<h5>Po\u010det student\u016f<\/h5>\n<p>Skupiny jsou mal\u00e9 (3-4 studenti), co\u017e umo\u017e\u0148uje individu\u00e1ln\u00ed p\u0159\u00edstup a\u00a0efektivn\u00ed interakci s\u00a0lektorem na z\u00e1rove\u0148 vyu\u017eit\u00ed v\u00fdhod skupiny.<\/p>\n<h5>Jak lekce vypad\u00e1<\/h5>\n<p>Lekce jsou strukturovan\u00e9 a\u00a0zahrnuj\u00ed poslechov\u00e9 aktivity, mluven\u00ed, \u010dten\u00ed a\u00a0psan\u00ed. D\u016fraz je kladen na praktick\u00e9 pou\u017eit\u00ed jazyka v\u00a0ka\u017edodenn\u00edch situac\u00edch.<\/p>\n<h5>Lektor<\/h5>\n<p>Lekto\u0159i jsou kvalifikovan\u00ed odborn\u00edci s&nbsp;bohat\u00fdmi zku\u0161enostmi v&nbsp;oblasti v\u00fduky \u0161pan\u011bl\u0161tiny.\u00a0<\/p>\n<h5>V\u00fdukov\u00e9 materi\u00e1ly<\/h5>\n<p>Pou\u017e\u00edv\u00e1me modern\u00ed a\u00a0ov\u011b\u0159en\u00e9 v\u00fdukov\u00e9 materi\u00e1ly, kter\u00e9 zahrnuj\u00ed u\u010debnice, pracovn\u00ed se\u0161ity, audio a\u00a0video nahr\u00e1vky, interaktivn\u00ed online n\u00e1stroje a\u00a0dal\u0161\u00ed zdroje podporuj\u00edc\u00ed efektivn\u00ed u\u010den\u00ed.\u00a0<\/p>\n<h5>Effecto<\/h5>\n<p>Jedn\u00e1 se o&nbsp;unik\u00e1tn\u00ed v\u00fdukovou metodu, kter\u00e1 kombinuje r\u016fzn\u00e9 pedagogick\u00e9 p\u0159\u00edstupy s&nbsp;c\u00edlem maximalizovat zapamatov\u00e1n\u00ed a&nbsp;praktick\u00e9 pou\u017eit\u00ed nau\u010den\u00e9ho materi\u00e1lu.<\/p>\n","protected":false},"excerpt":{"rendered":"<p><strong>Den a&nbsp;\u010das:<\/strong> \u00dater\u00fd 18:00 &#8211; 19:00<br \/>\n<strong>Term\u00edn:<\/strong> 10.&nbsp;9. \u2013 26.&nbsp;11.&nbsp;2024<br \/>\n<strong>Forma v\u00fduky:<\/strong> online<br \/>\n<strong>Intenzita: <\/strong>1 lekce t\u00fddn\u011b <br \/>\n<strong>Po\u010det lekc\u00ed:<\/strong> celkem 12 lekc\u00ed (12 x 60 minut)<\/p>\n<p>&nbsp;<\/p>\n","protected":false},"featured_media":70988,"template":"","meta":{"_acf_changed":false},"product_brand":[],"product_cat":[36],"product_tag":[],"class_list":{"0":"post-70992","1":"product","2":"type-product","3":"status-publish","4":"has-post-thumbnail","6":"product_cat-uhrada-faktur","8":"first","9":"outofstock","10":"downloadable","11":"virtual","12":"purchasable","13":"product-type-simple"},"acf":[],"aioseo_notices":[],"_links":{"self":[{"href":"https:\/\/skrivanek.cz\/cz\/wp-json\/wp\/v2\/product\/70992","targetHints":{"allow":["GET"]}}],"collection":[{"href":"https:\/\/skrivanek.cz\/cz\/wp-json\/wp\/v2\/product"}],"about":[{"href":"https:\/\/skrivanek.cz\/cz\/wp-json\/wp\/v2\/types\/product"}],"wp:featuredmedia":[{"embeddable":true,"href":"https:\/\/skrivanek.cz\/cz\/wp-json\/wp\/v2\/media\/70988"}],"wp:attachment":[{"href":"https:\/\/skrivanek.cz\/cz\/wp-json\/wp\/v2\/media?parent=70992"}],"wp:term":[{"taxonomy":"product_brand","embeddable":true,"href":"https:\/\/skrivanek.cz\/cz\/wp-json\/wp\/v2\/product_brand?post=70992"},{"taxonomy":"product_cat","embeddable":true,"href":"https:\/\/skrivanek.cz\/cz\/wp-json\/wp\/v2\/product_cat?post=70992"},{"taxonomy":"product_tag","embeddable":true,"href":"https:\/\/skrivanek.cz\/cz\/wp-json\/wp\/v2\/product_tag?post=70992"}],"curies":[{"name":"wp","href":"https:\/\/api.w.org\/{rel}","templated":true}]}}