{"id":71259,"date":"2024-07-24T08:47:04","date_gmt":"2024-07-24T06:47:04","guid":{"rendered":"https:\/\/skrivanek.cz\/?post_type=product&#038;p=71259"},"modified":"2024-09-26T08:18:52","modified_gmt":"2024-09-26T06:18:52","slug":"anglictina-pro-seniory-obecny-kurz-a2-mirne-pokrocili","status":"publish","type":"product","link":"https:\/\/skrivanek.cz\/cz\/produkt\/anglictina-pro-seniory-obecny-kurz-a2-mirne-pokrocili\/","title":{"rendered":"Angli\u010dtina pro seniory, obecn\u00fd kurz A2, m\u00edrn\u011b pokro\u010dil\u00ed"},"content":{"rendered":"<h4>Kurz Angli\u010dtina pro seniory A2<\/h4>\n<h5>Obsah kurzu<\/h5>\n<p>Kurz je navr\u017een tak, aby byl p\u0159\u00e1telsk\u00fd a&nbsp;p\u0159\u00edstupn\u00fd pro seniory. Kurz zahrnuje informace o&nbsp;anglicky mluv\u00edc\u00edch zem\u00edch, jejich historii, kultu\u0159e, zvyklostech a&nbsp;zaj\u00edmavostech. Diskutovat budeme o&nbsp;slavn\u00fdch m\u00edstech, tradic\u00edch a&nbsp;v\u00fdznamn\u00fdch ud\u00e1lostech.<\/p>\n<p>V r\u00e1mci v\u00fduky se zam\u011b\u0159\u00edme na z\u00e1klady anglick\u00e9ho jazyka, v\u010detn\u011b gramatiky, slovn\u00ed z\u00e1soby, z\u00e1kladn\u00edch fr\u00e1z\u00ed a&nbsp;konverzace. Budeme se v\u011bnovat tak\u00e9 poslechu a&nbsp;porozum\u011bn\u00ed jednoduch\u00fdch anglick\u00fdch text\u016f a&nbsp;rozhovor\u016f, s&nbsp;n\u00e1sledn\u00fdmi cvi\u010den\u00edmi na porozum\u011bn\u00ed. Praktick\u00e1 konverza\u010dn\u00ed cvi\u010den\u00ed budou zam\u011b\u0159ena na b\u011b\u017en\u00e9 situace, jako je nakupov\u00e1n\u00ed, cestov\u00e1n\u00ed nebo n\u00e1v\u0161t\u011bva l\u00e9ka\u0159e.<\/p>\n<p>D\u00e1le se zam\u011b\u0159\u00edme na \u010dten\u00ed a&nbsp;psan\u00ed jednoduch\u00fdch text\u016f, jako jsou kr\u00e1tk\u00e9 dopisy nebo emaily. Nau\u010d\u00edme se tak\u00e9 z\u00e1klady pou\u017e\u00edv\u00e1n\u00ed online n\u00e1stroj\u016f a&nbsp;aplikac\u00ed pro v\u00fduku jazyka.<\/p>\n<h5>Technick\u00e9 po\u017eadavky<\/h5>\n<p>P\u0159ed zah\u00e1jen\u00edm kurzu nab\u00edz\u00edme zkou\u0161ku spojen\u00ed, abychom se ujistili, \u017ee v\u0161e funguje spr\u00e1vn\u011b. <strong>R\u00e1di v\u00e1m s&nbsp;nastaven\u00edm porad\u00edme a&nbsp;pom\u016f\u017eeme.<\/strong><\/p>\n<p>\u00da\u010dastn\u00edci pot\u0159ebuj\u00ed pouze internet, mikrofon a&nbsp;kameru.<\/p>\n<h5>V\u00fdukov\u00e9 materi\u00e1ly<\/h5>\n<p>U\u010debnice jsou modern\u00ed a&nbsp;zaj\u00edmav\u00e9, odpov\u00eddaj\u00edc\u00ed modern\u00edm trend\u016fm a&nbsp;po\u017eadavk\u016fm na v\u00fduku.\u00a0<\/p>\n<h5>Rozsah kurzu<\/h5>\n<p>Kurz obsahuje celkem 12 lekc\u00ed a&nbsp;jeho cena je 3500&nbsp;K\u010d za osobu. V\u00fduka prob\u00edh\u00e1 s&nbsp;\u010desk\u00fdm lektorem a&nbsp;je ur\u010dena pro za\u010d\u00e1te\u010dn\u00edky a&nbsp;m\u00edrn\u011b pokro\u010dil\u00e9.<\/p>\n<h5>Certifik\u00e1t<\/h5>\n<p>Po \u00fasp\u011b\u0161n\u00e9m absolvov\u00e1n\u00ed kurzu obdr\u017e\u00ed \u00fa\u010dastn\u00edci certifik\u00e1t.<\/p>\n<p>&nbsp;<\/p>\n","protected":false},"excerpt":{"rendered":"<p><strong>Den a\u00a0\u010das:<\/strong> \u00dater\u00fd 10:00 \u2013 11:00<br \/>\n<strong>Term\u00edn:<\/strong> 10.\u00a09. \u2013 26.\u00a011.\u00a02024<br \/>\n<strong>Forma v\u00fduky:<\/strong> online<br \/>\n<strong>Intenzita:\u00a0<\/strong>1 lekce t\u00fddn\u011b <br \/>\n<strong>Po\u010det lekc\u00ed:<\/strong> celkem 12 lekc\u00ed (12 x 60 minut)<\/p>\n","protected":false},"featured_media":70804,"template":"","meta":{"_acf_changed":false},"product_brand":[],"product_cat":[36],"product_tag":[],"class_list":{"0":"post-71259","1":"product","2":"type-product","3":"status-publish","4":"has-post-thumbnail","6":"product_cat-uhrada-faktur","8":"first","9":"outofstock","10":"downloadable","11":"virtual","12":"sold-individually","13":"purchasable","14":"product-type-simple"},"acf":[],"aioseo_notices":[],"_links":{"self":[{"href":"https:\/\/skrivanek.cz\/cz\/wp-json\/wp\/v2\/product\/71259","targetHints":{"allow":["GET"]}}],"collection":[{"href":"https:\/\/skrivanek.cz\/cz\/wp-json\/wp\/v2\/product"}],"about":[{"href":"https:\/\/skrivanek.cz\/cz\/wp-json\/wp\/v2\/types\/product"}],"wp:featuredmedia":[{"embeddable":true,"href":"https:\/\/skrivanek.cz\/cz\/wp-json\/wp\/v2\/media\/70804"}],"wp:attachment":[{"href":"https:\/\/skrivanek.cz\/cz\/wp-json\/wp\/v2\/media?parent=71259"}],"wp:term":[{"taxonomy":"product_brand","embeddable":true,"href":"https:\/\/skrivanek.cz\/cz\/wp-json\/wp\/v2\/product_brand?post=71259"},{"taxonomy":"product_cat","embeddable":true,"href":"https:\/\/skrivanek.cz\/cz\/wp-json\/wp\/v2\/product_cat?post=71259"},{"taxonomy":"product_tag","embeddable":true,"href":"https:\/\/skrivanek.cz\/cz\/wp-json\/wp\/v2\/product_tag?post=71259"}],"curies":[{"name":"wp","href":"https:\/\/api.w.org\/{rel}","templated":true}]}}