{"id":71384,"date":"2024-12-10T08:07:57","date_gmt":"2024-12-10T07:07:57","guid":{"rendered":"https:\/\/skrivanek.cz\/?post_type=product&#038;p=71384"},"modified":"2025-01-23T17:11:07","modified_gmt":"2025-01-23T16:11:07","slug":"webinar-jak-udelat-online-lekce-zajimavymi","status":"publish","type":"product","link":"https:\/\/skrivanek.cz\/cz\/produkt\/webinar-jak-udelat-online-lekce-zajimavymi\/","title":{"rendered":"Webin\u00e1\u0159: Jak ud\u011blat online lekce zaj\u00edmav\u00fdmi"},"content":{"rendered":"<h3>Prom\u011b\u0148te svou online v\u00fduku d\u00edky kreativn\u00edm a&nbsp;poutav\u00fdm lekc\u00edm!<\/h3>\n<p>Online v\u00fduka nemus\u00ed b\u00fdt jednotv\u00e1rn\u00e1. P\u0159ipojte se k&nbsp;na\u0161emu dynamick\u00e9mu webin\u00e1\u0159i a&nbsp;zjist\u011bte, jak prom\u011bnit sv\u00e9 virtu\u00e1ln\u00ed lekce v&nbsp;interaktivn\u00ed, inspirativn\u00ed a&nbsp;efektivn\u00ed z\u00e1\u017eitek. A\u0165 u\u017e u\u010d\u00edte jazyky, v\u011bdu, nebo um\u011bn\u00ed, vybav\u00edme v\u00e1s n\u00e1stroji a&nbsp;technikami, kter\u00e9 zaujmou va\u0161e studenty a&nbsp;podpo\u0159\u00ed jejich aktivn\u00ed zapojen\u00ed do v\u00fduky.<\/p>\n<p>Co byste m\u011bli zv\u00e1\u017eit p\u0159i&nbsp;pl\u00e1nov\u00e1n\u00ed online hodin? Jak\u00e9 druhy aktivit lze p\u0159izp\u016fsobit pro <a href=\"https:\/\/skrivanek.cz\/cz\/jazykova-skola\/online-vyuka\/\">online v\u00fduku<\/a>? Jak mohou u\u010ditel\u00e9 podpo\u0159it \u00fa\u010dast student\u016f b\u011bhem hodiny i&nbsp;mimo ni? A\u0165 u\u017e u\u010d\u00edte online roky, nebo teprve za\u010d\u00edn\u00e1te, dostanete praktick\u00e9 rady, jak p\u0159istupovat k&nbsp;online hodin\u00e1m. Bude tak\u00e9 prostor pro diskusi a&nbsp;ot\u00e1zky a&nbsp;odpov\u011bdi.<\/p>\n<h3>Na co se zam\u011b\u0159\u00edme?<\/h3>\n<ul>\n<li>Jak napl\u00e1novat online lekci, aby byla co nejefektivn\u011bj\u0161\u00ed?<\/li>\n<li>Jak\u00e9 aktivity lze p\u0159izp\u016fsobit pro online prost\u0159ed\u00ed?<\/li>\n<li>Jak motivovat studenty k&nbsp;\u00fa\u010dasti b\u011bhem lekce i&nbsp;mimo ni?<\/li>\n<\/ul>\n<p>A\u0165 u\u017e m\u00e1te s&nbsp;online v\u00fdukou letit\u00e9 zku\u0161enosti, nebo pr\u00e1v\u011b za\u010d\u00edn\u00e1te, z\u00edsk\u00e1te praktick\u00e9 rady, jak p\u0159istupovat k&nbsp;va\u0161im hodin\u00e1m. Sou\u010d\u00e1st\u00ed programu bude tak\u00e9 prostor pro diskusi a&nbsp;odpov\u011bdi na va\u0161e ot\u00e1zky.<\/p>\n<p>Webin\u00e1\u0159 prob\u011bhne na Webexu <strong>v angli\u010dtin\u011b<\/strong>.<\/p>\n<p>Zaregistrujte se pros\u00edm <strong>do 21.&nbsp;ledna<\/strong>.<\/p>\n<h3>Co se nau\u010d\u00edte?<\/h3>\n<ul>\n<li><strong>Kreativn\u00ed n\u00e1vrh lekc\u00ed<\/strong>: Objevte inovativn\u00ed zp\u016fsoby, jak strukturovat sv\u00e9 lekce tak, aby byly maxim\u00e1ln\u011b poutav\u00e9.<\/li>\n<li><strong>Interaktivn\u00ed n\u00e1stroje a&nbsp;techniky<\/strong>: Nau\u010d\u00edte se pou\u017e\u00edvat digit\u00e1ln\u00ed n\u00e1stroje, kter\u00e9 podporuj\u00ed spolupr\u00e1ci a&nbsp;aktivn\u00ed zapojen\u00ed student\u016f.<\/li>\n<li><strong>Praktick\u00e9 tipy pro zapojen\u00ed student\u016f<\/strong>: Zjist\u00edte, jak udr\u017eet pozornost a&nbsp;nad\u0161en\u00ed v&nbsp;online prost\u0159ed\u00ed, i&nbsp;u&nbsp;t\u011bch nejn\u00e1ro\u010dn\u011bj\u0161\u00edch skupin.<\/li>\n<li><strong>P\u0159izp\u016fsoben\u00ed v\u00fduky va\u0161emu publiku<\/strong>: Nau\u010d\u00edte se p\u0159izp\u016fsobit sv\u00e9 metody r\u016fzn\u00fdm styl\u016fm u\u010den\u00ed a&nbsp;v\u011bkov\u00fdm kategori\u00edm.<\/li>\n<\/ul>\n<h3>Pro koho je webin\u00e1\u0159 ur\u010den?<\/h3>\n<p>Tento webin\u00e1\u0159 je ur\u010den v\u0161em, kdo se pod\u00edlej\u00ed na v\u00fduce nebo \u0161kolen\u00ed a&nbsp;cht\u011bj\u00ed pozvednout sv\u00e9 online lekce na novou \u00farove\u0148:<\/p>\n<ul>\n<li><strong>U\u010ditel\u00e9 a&nbsp;pedagogov\u00e9<\/strong>: A\u0165 u\u017e vyu\u010dujete jazyky, matematiku, p\u0159\u00edrodn\u00ed v\u011bdy nebo jin\u00e9 p\u0159edm\u011bty, tento webin\u00e1\u0159 v\u00e1m pom\u016f\u017ee vytvo\u0159it lekce, kter\u00e9 budou studenty inspirovat.<\/li>\n<li><strong>Firemn\u00ed \u0161kolitel\u00e9<\/strong>: Veden\u00ed virtu\u00e1ln\u00edch \u0161kolen\u00ed nebo workshop\u016f m\u016f\u017ee b\u00fdt n\u00e1ro\u010dn\u00e9. Z\u00edskejte tipy, jak u\u010dinit va\u0161e lekce poutav\u00e9 a&nbsp;zajistit, \u017ee si \u00fa\u010dastn\u00edci odnesou kl\u00ed\u010dov\u00e9 informace.<\/li>\n<li><strong>Soukrom\u00ed lekto\u0159i<\/strong>: P\u0159echod na online platformy m\u016f\u017ee b\u00fdt slo\u017eit\u00fd. Tento webin\u00e1\u0159 v\u00e1m poskytne strategie, jak se l\u00e9pe spojit se sv\u00fdmi studenty a&nbsp;p\u0159izp\u016fsobit v\u00fduku jejich pot\u0159eb\u00e1m.<\/li>\n<li><strong>Tv\u016frci kurz\u016f a&nbsp;kou\u010dov\u00e9<\/strong>: Pokud vytv\u00e1\u0159\u00edte online kurzy nebo vedete kou\u010dink, objev\u00edte techniky, jak vytvo\u0159it obsah, kter\u00fd zaujme a&nbsp;oslov\u00ed va\u0161e publikum.<\/li>\n<li><strong>Ka\u017ed\u00fd, kdo se zaj\u00edm\u00e1 o&nbsp;online v\u00fduku<\/strong>: I&nbsp;pokud jste v&nbsp;online v\u00fduce nov\u00ed, z\u00edsk\u00e1te z\u00e1kladn\u00ed dovednosti a&nbsp;sebev\u011bdom\u00ed, kter\u00e9 pot\u0159ebujete pro \u00fasp\u011b\u0161n\u00fd za\u010d\u00e1tek.<\/li>\n<\/ul>\n<h3>Pro\u010d se p\u0159ipojit k&nbsp;na\u0161emu webin\u00e1\u0159i?<\/h3>\n<ul>\n<li><strong>Praktick\u00e9 a&nbsp;efektivn\u00ed strategie<\/strong><br \/>\nNau\u010d\u00edte se osv\u011bd\u010den\u00e9 metody, jak ud\u011blat sv\u00e9 online lekce zaj\u00edmav\u011bj\u0161\u00ed a&nbsp;poutav\u011bj\u0161\u00ed, ani\u017e by v\u00e1s p\u0159\u00edprava st\u00e1la hodiny pr\u00e1ce.<\/li>\n<li><strong>Okam\u017eit\u00e9 v\u00fdsledky<\/strong><br \/>\nZ\u00edskejte n\u00e1stroje a&nbsp;techniky, kter\u00e9 m\u016f\u017eete ihned uplatnit ve sv\u00e9 v\u00fduce a&nbsp;dos\u00e1hnout lep\u0161\u00edho zapojen\u00ed student\u016f.<\/li>\n<li><strong>Expertn\u00ed veden\u00ed<\/strong><br \/>\nVyu\u017eijte znalost\u00ed a&nbsp;zku\u0161enost\u00ed odborn\u00edk\u016f, kte\u0159\u00ed se specializuj\u00ed na efektivn\u00ed online v\u00fduku.<\/li>\n<li><strong>\u0158e\u0161en\u00ed re\u00e1ln\u00fdch v\u00fdzev<\/strong><br \/>\nWebin\u00e1\u0159 je zam\u011b\u0159en na konkr\u00e9tn\u00ed probl\u00e9my spojen\u00e9 s&nbsp;online v\u00fdukou a&nbsp;nab\u00edz\u00ed c\u00edlen\u00e9 rady, jak p\u0159ekonat obt\u00ed\u017ee p\u0159i&nbsp;zapojen\u00ed student\u016f v\u0161ech v\u011bkov\u00fdch kategori\u00ed.<\/li>\n<\/ul>\n<p><span style=\"font-size: 20px;\"><strong>Po\u010det m\u00edst je omezen. Registrujte se do 21.&nbsp;ledna a&nbsp;posu\u0148te sv\u00e9 online lekce na novou \u00farove\u0148!<\/strong><\/span><\/p>\n<p><strong>Informace o\u00a0nahr\u00e1v\u00e1n\u00ed webin\u00e1\u0159e<\/strong><\/p>\n<p>\u00da\u010dast\u00ed na webin\u00e1\u0159i souhlas\u00edte s\u00a0t\u00edm, \u017ee bude po\u0159izov\u00e1na jeho nahr\u00e1vka. Tato nahr\u00e1vka je ur\u010dena v\u00fdhradn\u011b pro pot\u0159eby \u00fa\u010dastn\u00edk\u016f a\u00a0bude v\u00e1m po\u00a0skon\u010den\u00ed webin\u00e1\u0159e zasl\u00e1na na e-mailovou adresu, kterou jste uvedli p\u0159i\u00a0registraci.<\/p>\n<p>Pokud m\u00e1te jak\u00e9koli ot\u00e1zky, kontaktujte n\u00e1s pros\u00edm p\u0159ed zah\u00e1jen\u00edm webin\u00e1\u0159e na\u00a0<a>met&#111;&#100;i&#107;&#97;&#64;sk&#114;i&#118;a&#110;&#101;&#107;.&#99;z<\/a>.<\/p>\n","protected":false},"excerpt":{"rendered":"<p><span style=\"font-size: 20px;\"><strong>Ve st\u0159edu 22.&nbsp;ledna 2025 v&nbsp;17:00<\/strong> povede na\u0161e lektorka Elizabeth Pichette webin\u00e1\u0159 na t\u00e9ma <strong>\u201eJak ud\u011blat online lekce zaj\u00edmav\u00fdmi\u201c<\/strong>.<\/span><\/p>\n<h3>Podrobnosti o&nbsp;webin\u00e1\u0159i<\/h3>\n<ul>\n<li><strong>D\u00e9lka trv\u00e1n\u00ed<\/strong>: 90 minut<\/li>\n<li><strong>Jazyk<\/strong>: angli\u010dtina<\/li>\n<li><strong>Form\u00e1t<\/strong>: interaktivn\u00ed webin\u00e1\u0159 s&nbsp;\u017eivou sekc\u00ed ot\u00e1zek a&nbsp;odpov\u011bd\u00ed<\/li>\n<li><strong>Platforma<\/strong>: Webex<\/li>\n<\/ul>\n","protected":false},"featured_media":71385,"template":"","meta":{"_acf_changed":false},"product_brand":[],"product_cat":[48],"product_tag":[],"class_list":{"0":"post-71384","1":"product","2":"type-product","3":"status-publish","4":"has-post-thumbnail","6":"product_cat-webinare-archiv","8":"first","9":"outofstock","10":"downloadable","11":"virtual","12":"sold-individually","13":"purchasable","14":"product-type-simple"},"acf":[],"aioseo_notices":[],"_links":{"self":[{"href":"https:\/\/skrivanek.cz\/cz\/wp-json\/wp\/v2\/product\/71384","targetHints":{"allow":["GET"]}}],"collection":[{"href":"https:\/\/skrivanek.cz\/cz\/wp-json\/wp\/v2\/product"}],"about":[{"href":"https:\/\/skrivanek.cz\/cz\/wp-json\/wp\/v2\/types\/product"}],"wp:featuredmedia":[{"embeddable":true,"href":"https:\/\/skrivanek.cz\/cz\/wp-json\/wp\/v2\/media\/71385"}],"wp:attachment":[{"href":"https:\/\/skrivanek.cz\/cz\/wp-json\/wp\/v2\/media?parent=71384"}],"wp:term":[{"taxonomy":"product_brand","embeddable":true,"href":"https:\/\/skrivanek.cz\/cz\/wp-json\/wp\/v2\/product_brand?post=71384"},{"taxonomy":"product_cat","embeddable":true,"href":"https:\/\/skrivanek.cz\/cz\/wp-json\/wp\/v2\/product_cat?post=71384"},{"taxonomy":"product_tag","embeddable":true,"href":"https:\/\/skrivanek.cz\/cz\/wp-json\/wp\/v2\/product_tag?post=71384"}],"curies":[{"name":"wp","href":"https:\/\/api.w.org\/{rel}","templated":true}]}}