{"id":71388,"date":"2024-12-10T15:34:42","date_gmt":"2024-12-10T14:34:42","guid":{"rendered":"https:\/\/skrivanek.cz\/?post_type=product&#038;p=71388"},"modified":"2025-05-22T17:42:04","modified_gmt":"2025-05-22T15:42:04","slug":"webinar-priprava-na-pokrocile-lekce","status":"publish","type":"product","link":"https:\/\/skrivanek.cz\/cz\/produkt\/webinar-priprava-na-pokrocile-lekce\/","title":{"rendered":"Webin\u00e1\u0159: Jak se p\u0159ipravit na lekce s&nbsp;pokro\u010dil\u00fdmi studenty?"},"content":{"rendered":"<h3>Chcete inspirovat sv\u00e9 studenty dynamick\u00fdmi, poutav\u00fdmi a&nbsp;efektivn\u00edmi pokro\u010dil\u00fdmi lekcemi?<\/h3>\n<p>Tento webin\u00e1\u0159 v\u00e1m otev\u0159e dve\u0159e k&nbsp;osvojen\u00ed modern\u00edch v\u00fdukov\u00fdch technik a&nbsp;strategi\u00ed navr\u017een\u00fdch speci\u00e1ln\u011b pro pokro\u010dil\u00e9 studenty. Pod veden\u00edm zku\u0161en\u00fdch odborn\u00edk\u016f na jazykov\u00e9 vzd\u011bl\u00e1v\u00e1n\u00ed z\u00edsk\u00e1te praktick\u00e9 poznatky, n\u00e1stroje a&nbsp;zdroje, kter\u00e9 va\u0161e lekce posunou na vy\u0161\u0161\u00ed \u00farove\u0148.<\/p>\n<p>V t\u00e9to relaci budeme diskutovat o&nbsp;strategi\u00edch a&nbsp;ot\u00e1zk\u00e1ch, kter\u00e9 si kl\u00e1st p\u0159i&nbsp;pl\u00e1nov\u00e1n\u00ed hodin pro pokro\u010dil\u00e9 studenty, a\u0165 u\u017e se jedn\u00e1 o&nbsp;nov\u00e9 nebo st\u00e1l\u00e9 studenty, skupiny nebo jednotlivce. P\u0159ipravte se na praktick\u00e9 rady, p\u0159\u00edklady aktivit a&nbsp;spoustu zdroj\u016f, kter\u00e9 m\u016f\u017eete za\u010dlenit do sv\u00e9ho reperto\u00e1ru. Bude tak\u00e9 prostor pro diskusi a&nbsp;ot\u00e1zky a&nbsp;odpov\u011bdi.<\/p>\n<h3>Co se nau\u010d\u00edte?<\/h3>\n<ul>\n<li><strong>Inovativn\u00ed v\u00fdukov\u00e9 strategie:<\/strong> Objevte nov\u00e9 metody, jak sv\u00e9 pokro\u010dil\u00e9 studenty motivovat a&nbsp;z\u00e1rove\u0148 je efektivn\u011b vzd\u011bl\u00e1vat.<\/li>\n<li><strong>P\u0159izp\u016fsobiteln\u00e9 pl\u00e1ny lekc\u00ed:<\/strong> Z\u00edskejte flexibiln\u00ed \u0161ablony lekc\u00ed, kter\u00e9 lze p\u0159izp\u016fsobit va\u0161im konkr\u00e9tn\u00edm pot\u0159eb\u00e1m.<\/li>\n<li><strong>Techniky zapojen\u00ed student\u016f:<\/strong> Nau\u010dte se, jak udr\u017eet i&nbsp;ty nejpokro\u010dilej\u0161\u00ed studenty aktivn\u011b zapojen\u00e9 a&nbsp;nad\u0161en\u00e9 z&nbsp;jejich pokroku.<\/li>\n<li><strong>Kulturn\u00ed vhledy:<\/strong> Oboha\u0165te sv\u00e9 lekce o&nbsp;glob\u00e1ln\u00ed perspektivy a&nbsp;praktick\u00e9 aplikace v&nbsp;re\u00e1ln\u00e9m sv\u011bt\u011b.<\/li>\n<li><strong>Praktick\u00e9 p\u0159\u00edklady:<\/strong> Pod\u00edvejte se na konkr\u00e9tn\u00ed \u00fakoly a&nbsp;aktivity pro pokro\u010dil\u00e9 \u00farovn\u011b s&nbsp;podrobn\u00fdm vysv\u011btlen\u00edm a&nbsp;doporu\u010den\u00edmi.<\/li>\n<\/ul>\n<h3>Pro koho je webin\u00e1\u0159 ur\u010den?<\/h3>\n<p>Tento webin\u00e1\u0159 je ide\u00e1ln\u00ed pro u\u010ditele, kte\u0159\u00ed p\u0159ipravuj\u00ed pokro\u010dil\u00e9 studenty na zkou\u0161ky, akademick\u00e9 \u00fasp\u011bchy nebo profesn\u00ed v\u00fdzvy. A\u0165 u\u017e u\u010d\u00edte ve \u0161kole, jazykov\u00e9 akademii, nebo soukrom\u011b, odnesete si nov\u00e9 n\u00e1pady a&nbsp;ov\u011b\u0159en\u00e9 techniky, kter\u00e9 pozvednou va\u0161e lekce na vy\u0161\u0161\u00ed \u00farove\u0148.<\/p>\n<h3>Hlavn\u00ed p\u0159\u00ednosy webin\u00e1\u0159e<\/h3>\n<ul>\n<li><strong>Interaktivn\u00ed form\u00e1t:<\/strong> Z\u00fa\u010dastn\u011bte se \u017eiv\u00fdch aktivit, kter\u00e9 simuluj\u00ed re\u00e1lnou dynamiku v\u00fduky.<\/li>\n<li><strong>Odborn\u00e9 veden\u00ed:<\/strong> U\u010dte se od zku\u0161en\u00fdch profesion\u00e1l\u016f s&nbsp;dlouholetou prax\u00ed v&nbsp;pokro\u010dil\u00e9m jazykov\u00e9m vzd\u011bl\u00e1v\u00e1n\u00ed.<\/li>\n<li><strong>U\u017eite\u010dn\u00e9 materi\u00e1ly:<\/strong> Z\u00edskejte p\u0159ipraven\u00e9 v\u00fdukov\u00e9 materi\u00e1ly a&nbsp;exkluzivn\u00ed tipy, kter\u00e9 m\u016f\u017eete okam\u017eit\u011b vyu\u017e\u00edt.<\/li>\n<li><strong>Flexibiln\u00ed form\u00e1t:<\/strong> P\u0159ipojte se online z&nbsp;pohodl\u00ed domova nebo kancel\u00e1\u0159e a&nbsp;vyu\u017eijte mo\u017enosti z\u00e1znamu po&nbsp;skon\u010den\u00ed webin\u00e1\u0159e.<\/li>\n<\/ul>\n<p>Webin\u00e1\u0159 prob\u011bhne na Webexu\u00a0<strong>v angli\u010dtin\u011b<\/strong>.<\/p>\n<p>Zaregistrujte se pros\u00edm <strong>do 20.&nbsp;5.&nbsp;2025<\/strong>.<\/p>\n<p>&nbsp;<\/p>\n<h3>Informace o&nbsp;z\u00e1znamu webin\u00e1\u0159e<\/h3>\n<p><span data-teams=\"true\">\u00da\u010dast\u00ed na webin\u00e1\u0159i souhlas\u00edte s&nbsp;t\u00edm, \u017ee bude po\u0159izov\u00e1na jeho nahr\u00e1vka. Tato nahr\u00e1vka je ur\u010dena v\u00fdhradn\u011b pro pot\u0159eby \u00fa\u010dastn\u00edk\u016f a&nbsp;bude v\u00e1m po&nbsp;skon\u010den\u00ed webin\u00e1\u0159e <strong>zasl\u00e1na na e-mailovou adresu<\/strong>, kterou jste uvedli p\u0159i&nbsp;registraci, a&nbsp;to i&nbsp;v&nbsp;p\u0159\u00edpad\u011b, \u017ee se <strong>nebudete moci z\u00fa\u010dastnit webin\u00e1\u0159e.<\/strong><\/span><\/p>\n<p>Pokud m\u00e1te jak\u00e9koli ot\u00e1zky, kontaktujte n\u00e1s pros\u00edm p\u0159ed zah\u00e1jen\u00edm webin\u00e1\u0159e na\u00a0<a>&#109;e&#116;&#111;dik&#97;&#64;skri&#118;&#97;&#110;ek.&#99;z<\/a>.<\/p>\n","protected":false},"excerpt":{"rendered":"<p><span style=\"font-size: 20px;\"><strong>Ve st\u0159edu 21.&nbsp;5.&nbsp;2025 v&nbsp;17:00<\/strong> povede na\u0161e u\u010ditelka Elizabeth Pichette webin\u00e1\u0159 na t\u00e9ma <strong>\u201eJak se p\u0159ipravit na lekce s&nbsp;pokro\u010dil\u00fdmi studenty?\u201c<\/strong>.<\/span><\/p>\n<h3>Detaily webin\u00e1\u0159e<\/h3>\n<p><strong>D\u00e9lka:<\/strong> 90 minut<br \/>\n<strong>Jazyk:<\/strong> angli\u010dtina<br \/>\n<strong>Form\u00e1t:<\/strong> interaktivn\u00ed webin\u00e1\u0159 s&nbsp;\u017eiv\u00fdm Q&amp;A<\/p>\n<p>&nbsp;<\/p>\n","protected":false},"featured_media":71390,"template":"","meta":{"_acf_changed":false},"product_brand":[],"product_cat":[48],"product_tag":[],"class_list":{"0":"post-71388","1":"product","2":"type-product","3":"status-publish","4":"has-post-thumbnail","6":"product_cat-webinare-archiv","8":"first","9":"outofstock","10":"downloadable","11":"virtual","12":"sold-individually","13":"purchasable","14":"product-type-simple"},"acf":[],"aioseo_notices":[],"_links":{"self":[{"href":"https:\/\/skrivanek.cz\/cz\/wp-json\/wp\/v2\/product\/71388","targetHints":{"allow":["GET"]}}],"collection":[{"href":"https:\/\/skrivanek.cz\/cz\/wp-json\/wp\/v2\/product"}],"about":[{"href":"https:\/\/skrivanek.cz\/cz\/wp-json\/wp\/v2\/types\/product"}],"wp:featuredmedia":[{"embeddable":true,"href":"https:\/\/skrivanek.cz\/cz\/wp-json\/wp\/v2\/media\/71390"}],"wp:attachment":[{"href":"https:\/\/skrivanek.cz\/cz\/wp-json\/wp\/v2\/media?parent=71388"}],"wp:term":[{"taxonomy":"product_brand","embeddable":true,"href":"https:\/\/skrivanek.cz\/cz\/wp-json\/wp\/v2\/product_brand?post=71388"},{"taxonomy":"product_cat","embeddable":true,"href":"https:\/\/skrivanek.cz\/cz\/wp-json\/wp\/v2\/product_cat?post=71388"},{"taxonomy":"product_tag","embeddable":true,"href":"https:\/\/skrivanek.cz\/cz\/wp-json\/wp\/v2\/product_tag?post=71388"}],"curies":[{"name":"wp","href":"https:\/\/api.w.org\/{rel}","templated":true}]}}