{"id":71394,"date":"2024-12-10T14:50:31","date_gmt":"2024-12-10T13:50:31","guid":{"rendered":"https:\/\/skrivanek.cz\/?post_type=product&#038;p=71394"},"modified":"2025-04-17T10:18:52","modified_gmt":"2025-04-17T08:18:52","slug":"webinar-vyuziti-her-v-online-lekcich","status":"publish","type":"product","link":"https:\/\/skrivanek.cz\/cz\/produkt\/webinar-vyuziti-her-v-online-lekcich\/","title":{"rendered":"Webin\u00e1\u0159: Vyu\u017eit\u00ed her v&nbsp;online lekc\u00edch"},"content":{"rendered":"<h3>S\u00edla her v&nbsp;online v\u00fduce!<\/h3>\n<p>Hled\u00e1te kreativn\u00ed zp\u016fsoby, jak o\u017eivit a&nbsp;zefektivnit sv\u00e9 online lekce? P\u0159ipojte se k&nbsp;na\u0161emu dynamick\u00e9mu webin\u00e1\u0159i, kter\u00fd je ur\u010den v\u0161em u\u010ditel\u016fm, kte\u0159\u00ed cht\u011bj\u00ed obohatit svou online v\u00fduku pomoc\u00ed interaktivn\u00edch her.<\/p>\n<p>Pro\u010d jsou hry u\u017eite\u010dn\u00e9 v&nbsp;online hodin\u00e1ch? Jak mohou hry podpo\u0159it samostatnost student\u016f? P\u0159ipravte si svou obl\u00edbenou online hru, kterou m\u016f\u017eete sd\u00edlet, kdy\u017e budeme diskutovat a&nbsp;brainstormovat o&nbsp;tom, jak implementovat hry do <a href=\"https:\/\/skrivanek.cz\/cz\/jazykova-skola\/online-vyuka\/\">online v\u00fduky<\/a>, bez ohledu na jejich d\u00e9lku. P\u0159ipravte se na praktick\u00e9 rady, p\u0159\u00edklady aktivit a&nbsp;spoustu zdroj\u016f, kter\u00e9 m\u016f\u017eete za\u010dlenit do sv\u00e9ho reperto\u00e1ru.<\/p>\n<p>Webin\u00e1\u0159 prob\u011bhne na Webexu\u00a0<strong>v angli\u010dtin\u011b<\/strong>.<\/p>\n<p>Zaregistrujte se pros\u00edm <strong>do 15.&nbsp;4.&nbsp;2025<\/strong>.<\/p>\n<h3>Co se nau\u010d\u00edte:<\/h3>\n<ul>\n<li><strong>Efektivn\u00ed strategie zalo\u017een\u00e9 na hr\u00e1ch:<\/strong> Objevte osv\u011bd\u010den\u00e9 postupy, jak vyu\u017e\u00edt hry jako n\u00e1stroj pro v\u00fduku jak\u00e9hokoliv p\u0159edm\u011btu.<\/li>\n<li><strong>Zv\u00fd\u0161en\u00ed zapojen\u00ed a&nbsp;motivace:<\/strong> Nau\u010dte se, jak prom\u011bnit pasivn\u00ed studenty v&nbsp;aktivn\u00ed \u00fa\u010dastn\u00edky prost\u0159ednictv\u00edm z\u00e1bavn\u00fdch a&nbsp;vzd\u011bl\u00e1vac\u00edch aktivit.<\/li>\n<li><strong>P\u0159izp\u016fsoben\u00ed her v\u0161em v\u011bkov\u00fdm skupin\u00e1m:<\/strong> Z\u00edskejte inspiraci na univerz\u00e1ln\u00ed hry vhodn\u00e9 pro studenty v\u0161ech v\u011bkov\u00fdch kategori\u00ed \u2013 od d\u011bt\u00ed po&nbsp;dosp\u011bl\u00e9.<\/li>\n<li><strong>Praktick\u00e9 n\u00e1stroje a&nbsp;zdroje:<\/strong> Z\u00edskejte p\u0159\u00edstup k&nbsp;pe\u010dliv\u011b vybran\u00fdm online n\u00e1stroj\u016fm a&nbsp;platform\u00e1m ide\u00e1ln\u00edm pro hern\u00ed v\u00fduku.<\/li>\n<\/ul>\n<h3>Pro koho je webin\u00e1\u0159 ur\u010den?<\/h3>\n<p>A\u0165 u\u017e jste zku\u0161en\u00ed u\u010ditel\u00e9, nebo s&nbsp;v\u00fdukou teprve za\u010d\u00edn\u00e1te, tento webin\u00e1\u0159 v\u00e1m nab\u00eddne nov\u00e9 n\u00e1pady, jak u\u010dinit va\u0161e online lekce nezapomenuteln\u00fdmi.<\/p>\n<h3>Pro\u010d se p\u0159ipojit?<\/h3>\n<ul>\n<li><strong>Interaktivn\u00ed v\u00fduka:<\/strong> Vyzkou\u0161ejte si na vlastn\u00ed k\u016f\u017ei, jak mohou hry transformovat online v\u00fduku prost\u0159ednictv\u00edm \u017eiv\u00fdch uk\u00e1zek.<\/li>\n<li><strong>Odborn\u00e9 veden\u00ed:<\/strong> U\u010dte se od zku\u0161en\u00fdch pedagog\u016f, kte\u0159\u00ed rozum\u00ed v\u00fdzv\u00e1m i&nbsp;p\u0159\u00edle\u017eitostem online v\u00fduky.<\/li>\n<li><strong>Praktick\u00e9 materi\u00e1ly:<\/strong> Z\u00edskejte ke sta\u017een\u00ed hern\u00ed \u0161ablony a&nbsp;dal\u0161\u00ed zdroje, kter\u00e9 m\u016f\u017eete okam\u017eit\u011b vyu\u017e\u00edt.<\/li>\n<li><strong>N\u00e1skok v&nbsp;digit\u00e1ln\u00edm vzd\u011bl\u00e1v\u00e1n\u00ed:<\/strong> Objevte nejnov\u011bj\u0161\u00ed trendy v&nbsp;online v\u00fduce a&nbsp;udr\u017ete sv\u00e9 lekce inovativn\u00ed a&nbsp;efektivn\u00ed.<\/li>\n<\/ul>\n<h3>Hlavn\u00ed p\u0159\u00ednosy hern\u00ed v\u00fduky:<\/h3>\n<ul>\n<li>Podporuje kritick\u00e9 my\u0161len\u00ed a&nbsp;spolupr\u00e1ci<\/li>\n<li>Pom\u00e1h\u00e1 student\u016fm efektivn\u011bji si zapamatovat nov\u00e9 informace<\/li>\n<li>Vytv\u00e1\u0159\u00ed pozitivn\u00ed a&nbsp;inkluzivn\u00ed prost\u0159ed\u00ed pro u\u010den\u00ed<\/li>\n<\/ul>\n<p>&nbsp;<\/p>\n<h3>Informace o&nbsp;z\u00e1znamu webin\u00e1\u0159e<\/h3>\n<p><span data-teams=\"true\">\u00da\u010dast\u00ed na webin\u00e1\u0159i souhlas\u00edte s&nbsp;t\u00edm, \u017ee bude po\u0159izov\u00e1na jeho nahr\u00e1vka. Tato nahr\u00e1vka je ur\u010dena v\u00fdhradn\u011b pro pot\u0159eby \u00fa\u010dastn\u00edk\u016f a&nbsp;bude v\u00e1m po&nbsp;skon\u010den\u00ed webin\u00e1\u0159e <strong>zasl\u00e1na na e-mailovou adresu<\/strong>, kterou jste uvedli p\u0159i&nbsp;registraci, a&nbsp;to i&nbsp;v&nbsp;p\u0159\u00edpad\u011b, \u017ee se <strong>nebudete moci z\u00fa\u010dastnit webin\u00e1\u0159e.<\/strong><\/span><\/p>\n<p>Pokud m\u00e1te jak\u00e9koli ot\u00e1zky, kontaktujte n\u00e1s pros\u00edm p\u0159ed zah\u00e1jen\u00edm webin\u00e1\u0159e na\u00a0<a>&#109;et&#111;di&#107;a&#64;&#115;&#107;r&#105;van&#101;&#107;.cz<\/a>.<\/p>\n","protected":false},"excerpt":{"rendered":"<p><span style=\"font-size: 20px;\"><strong>Ve st\u0159edu 16.&nbsp;4.&nbsp;2025 v&nbsp;17:00<\/strong> povede na\u0161e u\u010ditelka Elizabeth Pichette webin\u00e1\u0159 na t\u00e9ma \u201e<strong>Vyu\u017eit\u00ed her v&nbsp;online lekc\u00edch<\/strong>\u201c.<\/span><\/p>\n<h3>Detaily webin\u00e1\u0159e<\/h3>\n<p><strong>D\u00e9lka:<\/strong> 90 minut<br \/>\n<strong>Jazyk:<\/strong> Angli\u010dtina<br \/>\n<strong>Form\u00e1t:<\/strong> Interaktivn\u00ed webin\u00e1\u0159 s&nbsp;mo\u017enost\u00ed dotaz\u016f a&nbsp;odpov\u011bd\u00ed<\/p>\n","protected":false},"featured_media":71395,"template":"","meta":{"_acf_changed":false},"product_brand":[],"product_cat":[48],"product_tag":[],"class_list":{"0":"post-71394","1":"product","2":"type-product","3":"status-publish","4":"has-post-thumbnail","6":"product_cat-webinare-archiv","8":"first","9":"outofstock","10":"downloadable","11":"virtual","12":"sold-individually","13":"purchasable","14":"product-type-simple"},"acf":[],"aioseo_notices":[],"_links":{"self":[{"href":"https:\/\/skrivanek.cz\/cz\/wp-json\/wp\/v2\/product\/71394","targetHints":{"allow":["GET"]}}],"collection":[{"href":"https:\/\/skrivanek.cz\/cz\/wp-json\/wp\/v2\/product"}],"about":[{"href":"https:\/\/skrivanek.cz\/cz\/wp-json\/wp\/v2\/types\/product"}],"wp:featuredmedia":[{"embeddable":true,"href":"https:\/\/skrivanek.cz\/cz\/wp-json\/wp\/v2\/media\/71395"}],"wp:attachment":[{"href":"https:\/\/skrivanek.cz\/cz\/wp-json\/wp\/v2\/media?parent=71394"}],"wp:term":[{"taxonomy":"product_brand","embeddable":true,"href":"https:\/\/skrivanek.cz\/cz\/wp-json\/wp\/v2\/product_brand?post=71394"},{"taxonomy":"product_cat","embeddable":true,"href":"https:\/\/skrivanek.cz\/cz\/wp-json\/wp\/v2\/product_cat?post=71394"},{"taxonomy":"product_tag","embeddable":true,"href":"https:\/\/skrivanek.cz\/cz\/wp-json\/wp\/v2\/product_tag?post=71394"}],"curies":[{"name":"wp","href":"https:\/\/api.w.org\/{rel}","templated":true}]}}