{"id":71441,"date":"2024-08-08T10:33:22","date_gmt":"2024-08-08T08:33:22","guid":{"rendered":"https:\/\/skrivanek.cz\/?post_type=product&#038;p=71441"},"modified":"2025-11-25T17:24:07","modified_gmt":"2025-11-25T16:24:07","slug":"workshop-management","status":"publish","type":"product","link":"https:\/\/skrivanek.cz\/cz\/produkt\/workshop-management\/","title":{"rendered":"Workshop: Management (v&nbsp;angli\u010dtin\u011b)"},"content":{"rendered":"<header class=\"d-flex flex-wrap pb-4\">\n<p><span style=\"font-size: 20px;\"><strong>Zlep\u0161ete svou angli\u010dtinu a&nbsp;vy\u0161perkujte sv\u00e9 soft skills na na\u0161em interaktivn\u00edm workshopu! P\u0159ipravte se na mana\u017eerskou roli, procvi\u010dte si komunikaci v&nbsp;angli\u010dtin\u011b a&nbsp;osvojte si kl\u00ed\u010dov\u00e9 dovednosti pro \u00fasp\u011b\u0161n\u00e9 veden\u00ed t\u00fdmu.<\/strong><\/span><\/p>\n<p><span style=\"font-size: 20px;\"><strong>Speci\u00e1ln\u00ed nab\u00eddka pro firemn\u00ed klienty<\/strong><\/span><br \/>\n<em>Pro na\u0161e firemn\u00ed z\u00e1kazn\u00edky nab\u00edz\u00edme zv\u00fdhodn\u011bn\u00e9 ceny p\u0159i&nbsp;hromadn\u00e9m obsazen\u00ed workshopu:<\/em><\/p>\n<ul>\n<li>P\u0159i obsazen\u00ed workshopu 4 zam\u011bstnanci z\u00edsk\u00e1te <strong><span style=\"color: #ff0000;\">slevu 5&nbsp;%<\/span><\/strong>.<\/li>\n<li>Pokud obsad\u00edte workshop 8 zam\u011bstnanci, nab\u00edz\u00edme <strong><span style=\"color: #ff0000;\">slevu 10&nbsp;%<\/span><\/strong>!<\/li>\n<\/ul>\n<\/header>\n<div class=\"columns columns-2\" data-columns=\"2\">\n<div class=\"column column-1\">\n<h3>Pro\u010d si vybrat n\u00e1\u0161 workshop?<\/h3>\n<p>Chcete zlep\u0161it sv\u00e9 dovednosti v&nbsp;<strong>\u0159\u00edzen\u00ed t\u00fdm\u016f, \u0159e\u0161en\u00ed konflikt\u016f<\/strong> a&nbsp;organizaci pracovn\u00edch proces\u016f? N\u00e1\u0161 workshop Management v\u00e1m poskytne praktick\u00e9 rady a&nbsp;tipy, jak efektivn\u011b komunikovat, pl\u00e1novat pracovn\u00ed sch\u016fzky a&nbsp;v\u00e9st t\u00fdm k&nbsp;dosa\u017een\u00ed konkr\u00e9tn\u00edch v\u00fdsledk\u016f. Zam\u011b\u0159\u00edme se na techniky, kter\u00e9 \u0161et\u0159\u00ed \u010das, zvy\u0161uj\u00ed produktivitu a&nbsp;motivuj\u00ed v\u0161echny z\u00fa\u010dastn\u011bn\u00e9.\u00a0<\/p>\n<\/div>\n<div class=\"column column-2\">\n<p><img loading=\"lazy\" decoding=\"async\" class=\"aligncenter wp-image-73376\" src=\"https:\/\/skrivanek.cz\/wp-content\/uploads\/2024\/08\/workshop-management-1-948x520.jpg\" alt=\"workshop Management, time management, manager\" width=\"300\" height=\"200\" \/><\/p>\n<\/div>\n<\/div>\n<p><main class=\"wpa9-card-content\"><\/p>\n<h3>Co v\u00e1s v&nbsp;kurzu \u010dek\u00e1?<\/h3>\n<p>Na na\u0161em workshopu Management se zam\u011b\u0159\u00edme na kl\u00ed\u010dov\u00e9 dovednosti, kter\u00e9 ocen\u00ed ka\u017ed\u00fd mana\u017eer, vedouc\u00ed t\u00fdmu i&nbsp;profesion\u00e1l usiluj\u00edc\u00ed o&nbsp;kari\u00e9rn\u00ed r\u016fst:<\/p>\n<ul>\n<li>Komunika\u010dn\u00ed dovednosti a&nbsp;slovn\u00ed z\u00e1soba managementu \u2013 Nau\u010d\u00edte se pou\u017e\u00edvat v\u00fdrazy a&nbsp;slovn\u00ed spojen\u00ed spojen\u00e1 s&nbsp;\u0159\u00edzen\u00edm t\u00fdm\u016f a&nbsp;pracovn\u00edch proces\u016f.<\/li>\n<li>Vlastnosti \u00fasp\u011b\u0161n\u00e9ho mana\u017eera a&nbsp;motivace t\u00fdmu \u2013 Budeme diskutovat, jak\u00e9 kvality jsou pro efektivn\u00ed veden\u00ed kl\u00ed\u010dov\u00e9, a&nbsp;uk\u00e1\u017eeme, jak motivovat t\u00fdm ke spolupr\u00e1ci a&nbsp;v\u00fdsledk\u016fm.<\/li>\n<li>Stanovov\u00e1n\u00ed obchodn\u00edch c\u00edl\u016f a&nbsp;hodnot \u2013 Nau\u010d\u00edte se, jak formulovat jasn\u00e9 a&nbsp;m\u011b\u0159iteln\u00e9 c\u00edle a&nbsp;definovat hodnoty, kter\u00e9 t\u00fdm spoj\u00ed a&nbsp;povedou k&nbsp;\u00fasp\u011bchu.<\/li>\n<li>Time management a&nbsp;organizace pracovn\u00edho \u010das \u2013 Zam\u011b\u0159\u00edme se na osv\u011bd\u010den\u00e9 techniky, jak efektivn\u011b \u0159\u00eddit \u010das sv\u016fj i&nbsp;t\u00fdmu, abyste dos\u00e1hli maxim\u00e1ln\u00ed produktivity.<\/li>\n<li>\u0158e\u0161en\u00ed konflikt\u016f a&nbsp;krizov\u00fdch situac\u00ed \u2013 Z\u00edsk\u00e1te praktick\u00e9 n\u00e1stroje pro identifikaci a&nbsp;efektivn\u00ed \u0159e\u0161en\u00ed konflikt\u016f, kter\u00e9 mohou v&nbsp;t\u00fdmu vzniknout.<\/li>\n<li>Mezikulturn\u00ed rozd\u00edly v&nbsp;managementu \u2013 Prozkoum\u00e1me, jak kultura ovliv\u0148uje mana\u017eersk\u00fd styl a&nbsp;komunikaci v&nbsp;mezin\u00e1rodn\u00edch t\u00fdmech.<\/li>\n<li>Obchodn\u00ed etika a&nbsp;profesionalita \u2013 Nau\u010d\u00edte se, jak jednat v&nbsp;souladu s&nbsp;obchodn\u00ed etikou a&nbsp;budovat d\u016fv\u011bryhodn\u00fd a&nbsp;respektovan\u00fd leadership.<\/li>\n<\/ul>\n<div class=\"columns columns-2\" data-columns=\"2\">\n<div class=\"column column-1\">\n<h3>Jak workshop vypad\u00e1?<\/h3>\n<ul>\n<li>Celkov\u00e1 d\u00e9lka kurzu: 6 hodin (4\u00a0\u00d7 90 minut). Skl\u00e1d\u00e1 se ze 4 \u010d\u00e1st\u00ed, ka\u017ed\u00e1 \u010d\u00e1st trv\u00e1 90 minut. Mezi jednotliv\u00fdmi \u010d\u00e1stmi je pauza.<\/li>\n<li>B\u011bhem 6 hodin se budete v\u011bnovat Vocabulary, Reading, Listening, Writing i\u00a0Speaking. M\u016f\u017eete se t\u011b\u0161it na\u00a0hran\u00ed rol\u00ed,\u00a0simulaci re\u00e1ln\u00fdch situac\u00ed\u00a0jako je t\u0159eba zalo\u017een\u00ed firmy, \u0159e\u0161en\u00ed konflikt\u016f\u00a0a\u00a0pl\u00e1nov\u00e1n\u00ed benefit\u016f pro zam\u011bstnance.<\/li>\n<\/ul>\n<\/div>\n<div class=\"column column-2\">\n<h3>Detaily workshopu Management<\/h3>\n<p><strong>Den a&nbsp;\u010das:<\/strong> Pond\u011bl\u00ed 17:30 \u2013 19:00<br \/>\n<strong>Term\u00edn:<\/strong> 19.\u00a001. \u2013 09.\u00a002.\u00a02026<br \/>\n<strong>Forma v\u00fduky:<\/strong>\u00a0online<br \/>\n<strong>Intenzita:\u00a0<\/strong>1 lekce t\u00fddn\u011b<br \/>\n<strong>Po\u010det lekc\u00ed:<\/strong> celkem 4 lekce (4 x 90 minut)<br \/>\n<strong>Po\u010det \u00fa\u010dastn\u00edk\u016f:<\/strong> Workshop je skupinov\u00fd. Skupina je tvo\u0159ena minim\u00e1ln\u011b 4 studenty.<\/p>\n<\/div>\n<\/div>\n<p style=\"text-align: center;\"><span style=\"font-size: 20px;\"><strong>Nevyhovuje v\u00e1m term\u00edn? Kontaktujte n\u00e1s a&nbsp;p\u0159iprav\u00edme v\u00e1m workshop na m\u00edru.<\/strong><\/span><\/p>\n<h3>Pro\u010d si vybrat Sk\u0159iv\u00e1nka?<\/h3>\n<p>Na\u0161e dlouholet\u00e9 zku\u0161enosti a&nbsp;profesion\u00e1ln\u00ed p\u0159\u00edstup zaru\u010duj\u00ed kvalitu a&nbsp;efektivitu ka\u017ed\u00e9ho workshopu:<\/p>\n<div class=\"columns columns-4\" data-columns=\"4\">\n<div class=\"column column-1\">\n<p><img alt=\"ico-certifikovana-spolecnost\" decoding=\"async\" class=\"aligncenter wp-image-5285\" src=\"https:\/\/skrivanek.cz\/wp-content\/uploads\/2021\/03\/ico-certifikovana-spolecnost.svg\" alt=\"\" width=\"40\" \/><\/p>\n<p style=\"text-align: center;\"><strong>Zku\u0161en\u00ed lekto\u0159i s&nbsp;prax\u00ed v&nbsp;oboru<\/strong><\/p>\n<p style=\"text-align: center;\">Na\u0161i odborn\u00edci maj\u00ed bohat\u00e9 zku\u0161enosti s&nbsp;managementem a&nbsp;rozvojem t\u00fdm\u016f v&nbsp;r\u016fzn\u00fdch odv\u011btv\u00edch.<\/p>\n<\/div>\n<div class=\"column column-2\">\n<p><img decoding=\"async\" class=\"aligncenter wp-image-61775\" src=\"https:\/\/skrivanek.cz\/wp-content\/uploads\/2023\/08\/ico-puzzle.svg\" alt=\"puzzle\" width=\"50\" \/><\/p>\n<p style=\"text-align: center;\"><strong>Praktick\u00fd a&nbsp;interaktivn\u00ed p\u0159\u00edstup<\/strong><\/p>\n<p style=\"text-align: center;\">Workshop je zam\u011b\u0159en na praktick\u00e9 situace, re\u00e1ln\u00e9 p\u0159\u00edklady a&nbsp;okam\u017eit\u00e9 vyu\u017eit\u00ed z\u00edskan\u00fdch dovednost\u00ed.<\/p>\n<\/div>\n<div class=\"column column-3\">\n<p><img alt=\"ico-terc-1\" decoding=\"async\" class=\"aligncenter wp-image-61385\" src=\"https:\/\/skrivanek.cz\/wp-content\/uploads\/2023\/08\/ico-terc-1.svg\" alt=\"\" width=\"50\" \/><\/p>\n<p style=\"text-align: center;\"><strong>Obsah p\u0159izp\u016fsoben\u00fd va\u0161im pot\u0159eb\u00e1m<\/strong><\/p>\n<p style=\"text-align: center;\">Program workshopu lze upravit podle specifick\u00fdch po\u017eadavk\u016f va\u0161\u00ed firmy nebo individu\u00e1ln\u00edch c\u00edl\u016f.<\/p>\n<\/div>\n<div class=\"column column-4\">\n<p><img decoding=\"async\" class=\"wp-image-61778 aligncenter\" src=\"https:\/\/skrivanek.cz\/wp-content\/uploads\/2023\/08\/ico-zkusenosti.svg\" alt=\"pokrok, r\u016fst, zku\u0161enosti\" width=\"50\" \/><\/p>\n<p style=\"text-align: center;\"><strong>D\u016fraz na v\u00fdsledky<\/strong><\/p>\n<p style=\"text-align: center;\">Zam\u011b\u0159ujeme se na konkr\u00e9tn\u00ed p\u0159\u00ednosy pro \u00fa\u010dastn\u00edky \u2013 od efektivn\u011bj\u0161\u00edho \u0159\u00edzen\u00ed \u010dasu po&nbsp;lep\u0161\u00ed \u0159e\u0161en\u00ed konflikt\u016f a&nbsp;dosa\u017een\u00ed obchodn\u00edch c\u00edl\u016f.<\/p>\n<\/div>\n<\/div>\n<h3>\u00a0<\/h3>\n<h3>Pro koho je workshop Management ur\u010den\u00fd?<\/h3>\n<p>Workshop je vhodn\u00fd pro \u0161irokou skupinu \u00fa\u010dastn\u00edk\u016f:<\/p>\n<ul>\n<li style=\"list-style-type: none;\">\n<ul>\n<li><strong>Firmy a&nbsp;t\u00fdmy<\/strong> \u2013 Zlep\u0161en\u00ed spolupr\u00e1ce, \u0159\u00edzen\u00ed projekt\u016f a&nbsp;pracovn\u00edch proces\u016f.<\/li>\n<li><strong>Mana\u017ee\u0159i a&nbsp;vedouc\u00ed pracovn\u00edci<\/strong> \u2013 Jste mana\u017eer a\u00a0chcete si procvi\u010dit mana\u017eersk\u00e9 dovednosti a\u00a0z\u00e1rove\u0148 se zlep\u0161it v\u00a0angli\u010dtin\u011b.<\/li>\n<li><strong>Jednotlivci<\/strong> \u2013 Z\u00edskali jste mana\u017eerskou pozici nebo o&nbsp;ni usilujete a&nbsp;chcete se na svou novou pracovn\u00ed roli \u0159\u00e1dn\u011b p\u0159ipravit. Z\u00edsk\u00e1te dovednosti, kter\u00e9 v\u00e1m otev\u0159ou dve\u0159e k&nbsp;lep\u0161\u00ed pracovn\u00ed pozici.<\/li>\n<li>Pro v\u0161echny, kte\u0159\u00ed cht\u011bj\u00ed zlep\u0161it sv\u016fj time management nebo nau\u010dit se \u0159e\u0161it konflikty.<\/li>\n<li><strong>Kdokoliv, kdo chce zlep\u0161it svou prezentaci, komunikaci a&nbsp;organiza\u010dn\u00ed schopnosti.<\/strong><\/li>\n<li>Kurz je vhodn\u00fd pro osoby s\u00a0\u00farovn\u00ed angli\u010dtiny alespo\u0148 B1.<\/li>\n<\/ul>\n<\/li>\n<\/ul>\n<p>&nbsp;<\/p>\n<h3>Kdo workshop povede?<\/h3>\n<div class=\"columns columns-2\" data-columns=\"2\">\n<div class=\"column column-1\">\n<p><img alt=\"elizabeth-500x500-1\" loading=\"lazy\" decoding=\"async\" class=\"aligncenter wp-image-76369\" src=\"https:\/\/skrivanek.cz\/wp-content\/uploads\/2025\/03\/elizabeth-500x500-1.jpg\" alt=\"\" width=\"300\" height=\"300\" \/><\/p>\n<\/div>\n<div class=\"column column-2\">\n<h5><strong>Pichette Elizabeth Anne \u2013 lektorka<\/strong><\/h5>\n<p>I&#8217;m Liza, I&#8217;m a&nbsp;CELTA (Certificate in English Language Teaching to Adults) certified teacher with 10 years of experience. I&nbsp;have a&nbsp;communicative style that allows me to personalize lessons to keep them relevant for my students. I&nbsp;have extensive experience teaching Business English, and like to focus on work-related situations (presentations, emails, interviews) to provide maximum utility for my students.\u00a0You can ask me as many questions as you wish (especially about phrases or words you have seen outside of class). Asking questions is the best way to learn, and my communicative teaching style allows you to fully participate in the learning process. Even if you&#8217;ve struggled to be consistent in the past, we can come up with a&nbsp;plan that works best for your brain and your goals.<\/p>\n<\/div>\n<\/div>\n<p>&nbsp;<\/p>\n<p>Jsem Liza, m\u00e1m certifikaci CELTA (Certificate in English Language Teaching to Adults) a&nbsp;v\u00edce ne\u017e 10 let praxe v&nbsp;oboru. Pou\u017e\u00edv\u00e1m komunikativn\u00ed styl v\u00fduky, kter\u00fd mi umo\u017e\u0148uje p\u0159izp\u016fsobit lekce tak, aby byly pro studenty relevantn\u00ed. M\u00e1m bohat\u00e9 zku\u0161enosti s&nbsp;v\u00fdukou obchodn\u00ed angli\u010dtiny a&nbsp;r\u00e1da se zam\u011b\u0159uji na pracovn\u00ed situace (prezentace, e-maily, pohovory), abych student\u016fm poskytla co nejv\u011bt\u0161\u00ed praktick\u00fd u\u017eitek. M\u016f\u017eete se m\u011b pt\u00e1t na cokoli \u2013 zejm\u00e9na na fr\u00e1ze nebo slova, se kter\u00fdmi jste se setkali mimo v\u00fduku. Pokl\u00e1d\u00e1n\u00ed ot\u00e1zek je ten nejlep\u0161\u00ed zp\u016fsob, jak se u\u010dit, a&nbsp;m\u016fj komunikativn\u00ed styl v\u00fduky v\u00e1m umo\u017en\u00ed pln\u011b se zapojit do procesu u\u010den\u00ed. I&nbsp;kdy\u017e jste m\u011bli v&nbsp;minulosti pot\u00ed\u017ee s&nbsp;pravidelnost\u00ed, spole\u010dn\u011b vymysl\u00edme pl\u00e1n, kter\u00fd bude vyhovovat va\u0161emu my\u0161len\u00ed i&nbsp;va\u0161im c\u00edl\u016fm.<\/p>\n<h3 style=\"text-align: center;\">Workshop na m\u00edru pro va\u0161e pot\u0159eby<\/h3>\n<p style=\"text-align: center;\">Ka\u017ed\u00fd t\u00fdm a&nbsp;jednotlivec m\u00e1 jin\u00e9 c\u00edle a&nbsp;v\u00fdzvy. P\u0159izp\u016fsob\u00edme obsah workshopu va\u0161im specifick\u00fdm pot\u0159eb\u00e1m, abyste dos\u00e1hli maxim\u00e1ln\u00edho v\u00fdsledku.<\/p>\n<p style=\"text-align: center;\"><span style=\"font-size: 20px;\"><a class=\"btn btn-negative\" href=\"https:\/\/skrivanek.cz\/cz\/poptavka-workshop-na-miru\/\">Z\u00edskejte workshop na m\u00edru<\/a><\/span><\/p>\n<p style=\"text-align: center;\"><em>R\u00e1di v\u00e1m p\u0159iprav\u00edme workshop p\u0159esn\u011b podle va\u0161ich po\u017eadavk\u016f \u2013 sta\u010d\u00ed se n\u00e1m ozvat.<\/em><\/p>\n<p><\/main><\/p>\n","protected":false},"excerpt":{"rendered":"<h3>Praktick\u00e9 dovednosti pro veden\u00ed t\u00fdm\u016f a&nbsp;\u0159e\u0161en\u00ed pracovn\u00edch a&nbsp;mana\u017eersk\u00fdch v\u00fdzev<\/h3>\n<p>Tento workshop je ur\u010den <strong>pro firmy<\/strong>, kter\u00e9 cht\u011bj\u00ed zv\u00fd\u0161it efektivitu sv\u00fdch t\u00fdm\u016f, i&nbsp;<strong>pro jednotlivce<\/strong>, kte\u0159\u00ed usiluj\u00ed o&nbsp;profesn\u00ed r\u016fst, lep\u0161\u00ed pracovn\u00ed pozici nebo rozvoj sv\u00fdch mana\u017eersk\u00fdch a&nbsp;komunika\u010dn\u00edch schopnost\u00ed. Nau\u010dte se zvl\u00e1dat v\u00fdzvy modern\u00edho pracovn\u00edho prost\u0159ed\u00ed s&nbsp;jistotou a&nbsp;p\u0159ehledem.<\/p>\n","protected":false},"featured_media":71445,"template":"","meta":{"_acf_changed":false},"product_brand":[],"product_cat":[64],"product_tag":[],"class_list":{"0":"post-71441","1":"product","2":"type-product","3":"status-publish","4":"has-post-thumbnail","6":"product_cat-workshop","8":"first","9":"instock","10":"downloadable","11":"virtual","12":"purchasable","13":"product-type-simple"},"acf":[],"aioseo_notices":[],"_links":{"self":[{"href":"https:\/\/skrivanek.cz\/cz\/wp-json\/wp\/v2\/product\/71441","targetHints":{"allow":["GET"]}}],"collection":[{"href":"https:\/\/skrivanek.cz\/cz\/wp-json\/wp\/v2\/product"}],"about":[{"href":"https:\/\/skrivanek.cz\/cz\/wp-json\/wp\/v2\/types\/product"}],"wp:featuredmedia":[{"embeddable":true,"href":"https:\/\/skrivanek.cz\/cz\/wp-json\/wp\/v2\/media\/71445"}],"wp:attachment":[{"href":"https:\/\/skrivanek.cz\/cz\/wp-json\/wp\/v2\/media?parent=71441"}],"wp:term":[{"taxonomy":"product_brand","embeddable":true,"href":"https:\/\/skrivanek.cz\/cz\/wp-json\/wp\/v2\/product_brand?post=71441"},{"taxonomy":"product_cat","embeddable":true,"href":"https:\/\/skrivanek.cz\/cz\/wp-json\/wp\/v2\/product_cat?post=71441"},{"taxonomy":"product_tag","embeddable":true,"href":"https:\/\/skrivanek.cz\/cz\/wp-json\/wp\/v2\/product_tag?post=71441"}],"curies":[{"name":"wp","href":"https:\/\/api.w.org\/{rel}","templated":true}]}}