{"id":71442,"date":"2024-08-08T10:46:13","date_gmt":"2024-08-08T08:46:13","guid":{"rendered":"https:\/\/skrivanek.cz\/?post_type=product&#038;p=71442"},"modified":"2025-11-25T17:23:02","modified_gmt":"2025-11-25T16:23:02","slug":"workshop-business-meetings","status":"publish","type":"product","link":"https:\/\/skrivanek.cz\/cz\/produkt\/workshop-business-meetings\/","title":{"rendered":"Workshop: Business Meetings (v&nbsp;angli\u010dtin\u011b)"},"content":{"rendered":"<header class=\"d-flex flex-wrap pb-4\">\n<p><span style=\"font-size: 20px;\"><strong>Zlep\u0161ete svou angli\u010dtinu a&nbsp;vy\u0161perkujte sv\u00e9 soft skills na na\u0161em interaktivn\u00edm workshopu Business meetings! P\u0159ipravte se na \u00fasp\u011b\u0161n\u00e9 obchodn\u00ed sch\u016fzky, procvi\u010dte si komunikaci v&nbsp;angli\u010dtin\u011b a&nbsp;osvojte si kl\u00ed\u010dov\u00e9 dovednosti pro efektivn\u00ed veden\u00ed obchodn\u00edch jedn\u00e1n\u00ed.<\/strong><\/span><\/p>\n<p><span style=\"font-size: 20px;\"><strong>Speci\u00e1ln\u00ed nab\u00eddka pro firemn\u00ed klienty<\/strong><\/span><br \/>\n<em>Pro na\u0161e firemn\u00ed z\u00e1kazn\u00edky nab\u00edz\u00edme zv\u00fdhodn\u011bn\u00e9 ceny p\u0159i\u00a0hromadn\u00e9m obsazen\u00ed workshopu:<\/em><\/p>\n<ul>\n<li>P\u0159i obsazen\u00ed workshopu 4 zam\u011bstnanci z\u00edsk\u00e1te\u00a0<span style=\"color: #ff0000;\"><strong>slevu 5\u00a0%<\/strong><\/span>.<\/li>\n<li>Pokud obsad\u00edte workshop 8 zam\u011bstnanci, nab\u00edz\u00edme\u00a0<span style=\"color: #ff0000;\"><strong>slevu 10\u00a0%<\/strong><\/span>!<\/li>\n<\/ul>\n<p><main class=\"wpa9-card-content\"><\/p>\n<div class=\"columns columns-2\" data-columns=\"2\">\n<div class=\"column column-1\">\n<h3>Pro\u010d je workshop Business meetings d\u016fle\u017eit\u00fd?<\/h3>\n<p>\nV&nbsp;dne\u0161n\u00edm globalizovan\u00e9m sv\u011bt\u011b jsou obchodn\u00ed jedn\u00e1n\u00ed v&nbsp;angli\u010dtin\u011b kl\u00ed\u010dovou dovednost\u00ed pro ka\u017ed\u00e9ho profesion\u00e1la. Schopnost sebejist\u011b a&nbsp;efektivn\u011b komunikovat b\u011bhem sch\u016fzek m\u016f\u017ee rozhodnout o&nbsp;\u00fasp\u011bchu va\u0161eho projektu nebo obchodu. N\u00e1\u0161 workshop v\u00e1m poskytne:<\/p>\n<ul>\n<li style=\"list-style-type: none;\">\n<ul>\n<li><strong>Praktick\u00e1 cvi\u010den\u00ed<\/strong> zam\u011b\u0159en\u00e1 na konkr\u00e9tn\u00ed situace z&nbsp;obchodn\u00edch jedn\u00e1n\u00ed.<\/li>\n<li>Tipy pro <strong>\u00fasp\u011b\u0161nou komunikaci<\/strong> se zahrani\u010dn\u00edmi partnery.<\/li>\n<li>Rozvoj prezenta\u010dn\u00edch a&nbsp;vyjedn\u00e1vac\u00edch dovednost\u00ed v&nbsp;angli\u010dtin\u011b.<\/li>\n<\/ul>\n<\/li>\n<\/ul>\n<\/div>\n<div class=\"column column-2\">\n<p><img loading=\"lazy\" decoding=\"async\" class=\"alignnone wp-image-73379\" src=\"https:\/\/skrivanek.cz\/wp-content\/uploads\/2024\/08\/workshop-business-meeting-1-948x520.jpg\" alt=\"workshop business meetings, obchdon\u00ed jedn\u00e1n\u00ed v angli\u010dtin\u011b\" width=\"450\" height=\"300\" \/><\/p>\n<\/div>\n<\/div>\n<h3>\u00a0<\/h3>\n<h3>Co v\u00e1s v&nbsp;kurzu \u010dek\u00e1?<\/h3>\n<p>V r\u00e1mci workshopu <em>Business Meetings<\/em> probereme a&nbsp;procvi\u010d\u00edme kl\u00ed\u010dov\u00e9 strategie a&nbsp;dovednosti pot\u0159ebn\u00e9 pro efektivn\u00ed obchodn\u00ed sch\u016fzky v&nbsp;angli\u010dtin\u011b:<\/p>\n<ul>\n<li>Domlouv\u00e1n\u00ed sch\u016fzky \u2013 nau\u010d\u00edte se, jak jasn\u011b a&nbsp;profesion\u00e1ln\u011b sjednat sch\u016fzku, a\u0165 u\u017e osobn\u011b nebo online.<\/li>\n<li>\u00davod a&nbsp;veden\u00ed sch\u016fzky \u2013 osvoj\u00edte si strukturovan\u00fd p\u0159\u00edstup k&nbsp;zah\u00e1jen\u00ed meetingu a&nbsp;jeho efektivn\u00edmu \u0159\u00edzen\u00ed.<\/li>\n<li>Vyjad\u0159ov\u00e1n\u00ed n\u00e1zoru a&nbsp;postoj\u016f \u2013 prakticky si vyzkou\u0161\u00edte, jak formulovat sv\u016fj n\u00e1zor, vyj\u00e1d\u0159it souhlas i&nbsp;nesouhlas a&nbsp;sezn\u00e1m\u00edte se s&nbsp;r\u016fzn\u00fdmi formami diplomatick\u00e9ho nesouhlasu.<\/li>\n<li>Shrnut\u00ed a&nbsp;ukon\u010den\u00ed sch\u016fzky \u2013 nau\u010d\u00edte se, jak shrnout kl\u00ed\u010dov\u00e9 body jedn\u00e1n\u00ed a&nbsp;zajistit jasn\u00fd a&nbsp;\u00fasp\u011b\u0161n\u00fd z\u00e1v\u011br.<\/li>\n<li>Strategie sch\u016fzek \u2013 probereme r\u016fzn\u00e9 strategie obchodn\u00edch sch\u016fzek.<\/li>\n<li>Online meetingy \u2013 zam\u011b\u0159\u00edme se i&nbsp;na specifika online sch\u016fzek a&nbsp;rozd\u00edly v&nbsp;komunikaci na d\u00e1lku.<\/li>\n<li>Vliv kulturn\u00edch odli\u0161nost\u00ed \u2013 pod\u00edv\u00e1me se na to, jak kulturn\u00ed rozd\u00edly ovliv\u0148uj\u00ed pr\u016fb\u011bh obchodn\u00edch jedn\u00e1n\u00ed a&nbsp;jak na n\u011b vhodn\u011b reagovat.<\/li>\n<\/ul>\n<p>Kurz je zam\u011b\u0159en na praktick\u00fd tr\u00e9nink, kter\u00fd v\u00e1m poskytne n\u00e1stroje a&nbsp;sebed\u016fv\u011bru pro \u00fasp\u011b\u0161n\u00e9 veden\u00ed obchodn\u00edch sch\u016fzek v&nbsp;mezin\u00e1rodn\u00edm prost\u0159ed\u00ed.<\/p>\n<h3>V\u00fdhody workshopu<\/h3>\n<p>Pro\u010d si vybrat pr\u00e1v\u011b n\u00e1\u0161 workshop <em>Business Meetings<\/em>? P\u0159in\u00e1\u0161\u00edme v\u00e1m kombinaci teorie a&nbsp;praxe, d\u00edky kter\u00e9 z\u00edsk\u00e1te dovednosti ihned vyu\u017eiteln\u00e9 v&nbsp;re\u00e1ln\u00e9m pracovn\u00edm prost\u0159ed\u00ed:<\/p>\n<div class=\"columns columns-4\" data-columns=\"4\">\n<div class=\"column column-1\">\n<p><img decoding=\"async\" class=\"aligncenter wp-image-61775\" src=\"https:\/\/skrivanek.cz\/wp-content\/uploads\/2023\/08\/ico-puzzle.svg\" alt=\"puzzle\" width=\"50\" \/><\/p>\n<p style=\"text-align: center;\"><strong>Praktick\u00e9 zam\u011b\u0159en\u00ed<\/strong><\/p>\n<p style=\"text-align: center;\">B\u011bhem workshopu si procvi\u010d\u00edte konkr\u00e9tn\u00ed situace, kter\u00e9 b\u011b\u017en\u011b nast\u00e1vaj\u00ed p\u0159i&nbsp;obchodn\u00edch sch\u016fzk\u00e1ch, od domluven\u00ed term\u00ednu po&nbsp;shrnut\u00ed v\u00fdsledk\u016f.<\/p>\n<\/div>\n<div class=\"column column-2\" style=\"text-align: center;\">\n<p><img alt=\"ico-lidi\" decoding=\"async\" class=\"aligncenter wp-image-248\" src=\"https:\/\/skrivanek.cz\/wp-content\/uploads\/2021\/01\/ico-lidi.svg\" alt=\"\" width=\"40\" \/><\/p>\n<p><strong>Zku\u0161en\u00ed lekto\u0159i<\/strong><\/p>\n<p>Na\u0161i odborn\u00edci maj\u00ed dlouholet\u00e9 zku\u0161enosti s&nbsp;v\u00fdukou angli\u010dtiny v&nbsp;obchodn\u00edm kontextu a&nbsp;porad\u00ed v\u00e1m, jak p\u0159ekonat nej\u010dast\u011bj\u0161\u00ed \u00faskal\u00ed.<\/p>\n<\/div>\n<div class=\"column column-3\" style=\"text-align: center;\">\n<p><img alt=\"ico-terc-1\" decoding=\"async\" class=\"aligncenter wp-image-61385\" src=\"https:\/\/skrivanek.cz\/wp-content\/uploads\/2023\/08\/ico-terc-1.svg\" alt=\"\" width=\"50\" \/><\/p>\n<p><strong>Individu\u00e1ln\u00ed p\u0159\u00edstup<\/strong><\/p>\n<p>D\u00edky mal\u00fdm skupin\u00e1m se zam\u011b\u0159\u00edme na va\u0161e konkr\u00e9tn\u00ed pot\u0159eby a&nbsp;dovednosti.<\/p>\n<\/div>\n<div class=\"column column-4\">\n<p><img decoding=\"async\" class=\"aligncenter wp-image-61778\" src=\"https:\/\/skrivanek.cz\/wp-content\/uploads\/2023\/08\/ico-zkusenosti.svg\" alt=\"pokrok, r\u016fst, zku\u0161enosti\" width=\"50\" \/><\/p>\n<p style=\"text-align: center;\"><strong>Okam\u017eit\u00e1 aplikace<\/strong><\/p>\n<p style=\"text-align: center;\">V\u0161e, co se nau\u010d\u00edte, m\u016f\u017eete ihned vyu\u017e\u00edt p\u0159i&nbsp;sv\u00fdch obchodn\u00edch jedn\u00e1n\u00edch a&nbsp;online sch\u016fzk\u00e1ch.<\/p>\n<\/div>\n<\/div>\n<p><\/main><main class=\"wpa9-card-content\"><\/p>\n<div class=\"columns columns-2\" data-columns=\"2\">\n<div class=\"column column-1\">\n<h3>Jak workshop vypad\u00e1?<\/h3>\n<p><main class=\"wpa9-card-content\"><\/p>\n<ul>\n<li style=\"list-style-type: none;\">\n<ul>\n<li>Celkov\u00e1 d\u00e9lka kurzu: 6 hodin (4\u00a0\u00d7 90 minut). Skl\u00e1d\u00e1 se ze 4 \u010d\u00e1st\u00ed, ka\u017ed\u00e1 \u010d\u00e1st trv\u00e1 90 minut. Mezi jednotliv\u00fdmi \u010d\u00e1stmi je pauza.<\/li>\n<li>B\u011bhem 6 hodin se budete v\u011bnovat Vocabulary, Reading, Listening, Writing i\u00a0Speaking. M\u016f\u017eete se t\u011b\u0161it na\u00a0hran\u00ed rol\u00ed,\u00a0nacvi\u010den\u00ed re\u00e1ln\u00fdch situac\u00ed\u00a0jako je nap\u0159.\u00a0nacvi\u010den\u00ed souhlasu a\u00a0nesouhlasu b\u011bhem obchodn\u00edho jedn\u00e1n\u00ed.<\/li>\n<\/ul>\n<\/li>\n<\/ul>\n<p><\/main><\/div>\n<div class=\"column column-2\">\n<h3>Detaily workshopu<\/h3>\n<p><strong>Den a&nbsp;\u010das:<\/strong> \u00dater\u00fd 17:30 \u2013 19:00<br \/>\n<strong>Term\u00edn:<\/strong> 20.\u00a001. \u2013 10.\u00a002.\u00a02026<br \/>\n<strong>Forma v\u00fduky:<\/strong>\u00a0online<br \/>\n<strong>Intenzita:\u00a0<\/strong>1 lekce t\u00fddn\u011b<br \/>\n<strong>Po\u010det lekc\u00ed:<\/strong> celkem 4 lekce (4 x 90 minut) <strong>Po\u010det \u00fa\u010dastn\u00edk\u016f:\u00a0<\/strong>Workshop je skupinov\u00fd. Skupina je tvo\u0159ena minim\u00e1ln\u011b 4 studenty.<\/p>\n<\/div>\n<\/div>\n<p><main class=\"wpa9-card-content\"><\/p>\n<h3>Pro koho je workshop ur\u010den\u00fd?<\/h3>\n<p>Workshop <em>Business Meetings<\/em> je ur\u010den pro v\u0161echny, kdo:<\/p>\n<ul>\n<li>vedou nebo se \u00fa\u010dastn\u00ed sch\u016fzek v&nbsp;angli\u010dtin\u011b.<\/li>\n<li>pracuj\u00ed v&nbsp;mezin\u00e1rodn\u00edm prost\u0159ed\u00ed a&nbsp;pot\u0159ebuj\u00ed efektivn\u011b komunikovat.<\/li>\n<li>cht\u011bj\u00ed zlep\u0161it sv\u00e9 dovednosti v&nbsp;oblasti prezentace, argumentace a&nbsp;vyjedn\u00e1v\u00e1n\u00ed.<\/li>\n<li>p\u0159ipravuj\u00ed se na pracovn\u00ed pozici s&nbsp;vy\u0161\u0161\u00ed odpov\u011bdnost\u00ed.<\/li>\n<li>Zaj\u00edm\u00e1 v\u00e1s, jak zvl\u00e1dnout a\u00a0jak se p\u0159ipravit na\u00a0online meeting.<\/li>\n<li>Kurz je vhodn\u00fd pro osoby s\u00a0\u00farovn\u00ed angli\u010dtiny alespo\u0148 B1.<\/li>\n<\/ul>\n<h3>Kdo workshop povede?<\/h3>\n<div class=\"columns columns-2\" data-columns=\"2\">\n<div class=\"column column-1\">\n<p><img alt=\"elizabeth-500x500-1\" loading=\"lazy\" decoding=\"async\" class=\"aligncenter wp-image-76369\" src=\"https:\/\/skrivanek.cz\/wp-content\/uploads\/2025\/03\/elizabeth-500x500-1.jpg\" alt=\"\" width=\"300\" height=\"300\" \/><\/p>\n<\/div>\n<div class=\"column column-2\">\n<h5><strong>Pichette Elizabeth Anne \u2013 lektorka<\/strong><\/h5>\n<p>I&#8217;m Liza, I&#8217;m a&nbsp;CELTA (Certificate in English Language Teaching to Adults) certified teacher with 10 years of experience. I&nbsp;have a&nbsp;communicative style that allows me to personalize lessons to keep them relevant for my students. I&nbsp;have extensive experience teaching Business English, and like to focus on work-related situations (presentations, emails, interviews) to provide maximum utility for my students.\u00a0You can ask me as many questions as you wish (especially about phrases or words you have seen outside of class). Asking questions is the best way to learn, and my communicative teaching style allows you to fully participate in the learning process. Even if you&#8217;ve struggled to be consistent in the past, we can come up with a&nbsp;plan that works best for your brain and your goals.<\/p>\n<\/div>\n<\/div>\n<p>&nbsp;<\/p>\n<p>Jsem Liza, m\u00e1m certifikaci CELTA (Certificate in English Language Teaching to Adults) a&nbsp;v\u00edce ne\u017e 10 let praxe v&nbsp;oboru. Pou\u017e\u00edv\u00e1m komunikativn\u00ed styl v\u00fduky, kter\u00fd mi umo\u017e\u0148uje p\u0159izp\u016fsobit lekce tak, aby byly pro studenty relevantn\u00ed. M\u00e1m bohat\u00e9 zku\u0161enosti s&nbsp;v\u00fdukou obchodn\u00ed angli\u010dtiny a&nbsp;r\u00e1da se zam\u011b\u0159uji na pracovn\u00ed situace (prezentace, e-maily, pohovory), abych student\u016fm poskytla co nejv\u011bt\u0161\u00ed praktick\u00fd u\u017eitek. M\u016f\u017eete se m\u011b pt\u00e1t na cokoli \u2013 zejm\u00e9na na fr\u00e1ze nebo slova, se kter\u00fdmi jste se setkali mimo v\u00fduku. Pokl\u00e1d\u00e1n\u00ed ot\u00e1zek je ten nejlep\u0161\u00ed zp\u016fsob, jak se u\u010dit, a&nbsp;m\u016fj komunikativn\u00ed styl v\u00fduky v\u00e1m umo\u017en\u00ed pln\u011b se zapojit do procesu u\u010den\u00ed. I&nbsp;kdy\u017e jste m\u011bli v&nbsp;minulosti pot\u00ed\u017ee s&nbsp;pravidelnost\u00ed, spole\u010dn\u011b vymysl\u00edme pl\u00e1n, kter\u00fd bude vyhovovat va\u0161emu my\u0161len\u00ed i&nbsp;va\u0161im c\u00edl\u016fm.<\/p>\n<h3 style=\"text-align: center;\">Workshop na m\u00edru podle va\u0161ich pot\u0159eb<\/h3>\n<p style=\"text-align: center;\">Chcete workshop, kter\u00fd bude p\u0159esn\u011b odpov\u00eddat va\u0161im pot\u0159eb\u00e1m? R\u00e1di pro v\u00e1s p\u0159iprav\u00edme workshop na m\u00edru \u2013 zam\u011b\u0159en\u00fd na konkr\u00e9tn\u00ed situace a&nbsp;v\u00fdzvy, se kter\u00fdmi se setk\u00e1v\u00e1te.<\/p>\n<p style=\"text-align: center;\">Z\u00edskejte praktick\u00e9 dovednosti, sebejistotu a&nbsp;efektivn\u00ed n\u00e1stroje pro komunikaci v&nbsp;angli\u010dtin\u011b. P\u0159ipravte sv\u016fj t\u00fdm na \u00fasp\u011bch!<\/p>\n<p style=\"text-align: center;\"><span style=\"font-size: 20px;\"><a class=\"btn btn-negative\" href=\"https:\/\/skrivanek.cz\/cz\/poptavka-workshop-na-miru\/\">Chci workshop na m\u00edru<\/a><\/span><\/p>\n<p style=\"text-align: center;\"><em>R\u00e1di v\u00e1m p\u0159iprav\u00edme workshop p\u0159esn\u011b podle va\u0161ich po\u017eadavk\u016f \u2013 sta\u010d\u00ed se n\u00e1m ozvat.<\/em><\/p>\n<p><\/main><\/main><\/header>\n","protected":false},"excerpt":{"rendered":"<h3>Zlep\u0161ete sv\u00e9 dovednosti v&nbsp;anglick\u00fdch obchodn\u00edch jedn\u00e1n\u00edch<\/h3>\n<p>Nau\u010dte se v\u00e9st efektivn\u00ed obchodn\u00ed jedn\u00e1n\u00ed v&nbsp;angli\u010dtin\u011b d\u00edky na\u0161emu praktick\u00e9mu workshopu <em>Business Meetings<\/em>. A\u0165 u\u017e jedn\u00e1te se zahrani\u010dn\u00edmi partnery, prezentujete sv\u00e9 n\u00e1pady, nebo \u0159\u00edd\u00edte t\u00fdmov\u00e9 sch\u016fzky, tento kurz v\u00e1m pom\u016f\u017ee zlep\u0161it komunikaci, vyjedn\u00e1vac\u00ed schopnosti a&nbsp;profesion\u00e1ln\u00ed vystupov\u00e1n\u00ed.<\/p>\n","protected":false},"featured_media":71449,"template":"","meta":{"_acf_changed":false},"product_brand":[],"product_cat":[64],"product_tag":[],"class_list":{"0":"post-71442","1":"product","2":"type-product","3":"status-publish","4":"has-post-thumbnail","6":"product_cat-workshop","8":"first","9":"instock","10":"downloadable","11":"virtual","12":"purchasable","13":"product-type-simple"},"acf":[],"aioseo_notices":[],"_links":{"self":[{"href":"https:\/\/skrivanek.cz\/cz\/wp-json\/wp\/v2\/product\/71442","targetHints":{"allow":["GET"]}}],"collection":[{"href":"https:\/\/skrivanek.cz\/cz\/wp-json\/wp\/v2\/product"}],"about":[{"href":"https:\/\/skrivanek.cz\/cz\/wp-json\/wp\/v2\/types\/product"}],"wp:featuredmedia":[{"embeddable":true,"href":"https:\/\/skrivanek.cz\/cz\/wp-json\/wp\/v2\/media\/71449"}],"wp:attachment":[{"href":"https:\/\/skrivanek.cz\/cz\/wp-json\/wp\/v2\/media?parent=71442"}],"wp:term":[{"taxonomy":"product_brand","embeddable":true,"href":"https:\/\/skrivanek.cz\/cz\/wp-json\/wp\/v2\/product_brand?post=71442"},{"taxonomy":"product_cat","embeddable":true,"href":"https:\/\/skrivanek.cz\/cz\/wp-json\/wp\/v2\/product_cat?post=71442"},{"taxonomy":"product_tag","embeddable":true,"href":"https:\/\/skrivanek.cz\/cz\/wp-json\/wp\/v2\/product_tag?post=71442"}],"curies":[{"name":"wp","href":"https:\/\/api.w.org\/{rel}","templated":true}]}}