{"id":71456,"date":"2024-08-08T11:55:04","date_gmt":"2024-08-08T09:55:04","guid":{"rendered":"https:\/\/skrivanek.cz\/?post_type=product&#038;p=71456"},"modified":"2025-11-25T17:18:11","modified_gmt":"2025-11-25T16:18:11","slug":"workshop-job-interview","status":"publish","type":"product","link":"https:\/\/skrivanek.cz\/cz\/produkt\/workshop-job-interview\/","title":{"rendered":"Workshop: Job Interview (v&nbsp;angli\u010dtin\u011b)"},"content":{"rendered":"<p><span style=\"font-size: 20px;\"><strong>P\u0159ipravte se na \u00fasp\u011b\u0161n\u00e9 pracovn\u00ed pohovory v&nbsp;angli\u010dtin\u011b! Zlep\u0161ete svou angli\u010dtinu a&nbsp;z\u00edsk\u00e1vejte kl\u00ed\u010dov\u00e9 dovednosti pot\u0159ebn\u00e9 k&nbsp;\u00fasp\u011b\u0161n\u00e9mu absolvov\u00e1n\u00ed pracovn\u00edho pohovoru nebo k&nbsp;veden\u00ed pohovoru jako personalista. Nau\u010dte se, jak se sebev\u011bdom\u011b prezentovat, kl\u00e1st efektivn\u00ed ot\u00e1zky a&nbsp;vyjedn\u00e1vat o&nbsp;pracovn\u00edch podm\u00ednk\u00e1ch.<\/strong><\/span><\/p>\n<p><span style=\"font-size: 20px;\"><strong>Speci\u00e1ln\u00ed nab\u00eddka pro firemn\u00ed klienty<\/strong><\/span><br \/>\n<em>Pro na\u0161e firemn\u00ed z\u00e1kazn\u00edky nab\u00edz\u00edme zv\u00fdhodn\u011bn\u00e9 ceny p\u0159i\u00a0hromadn\u00e9m obsazen\u00ed workshopu:<\/em><\/p>\n<ul>\n<li>P\u0159i obsazen\u00ed workshopu 4 zam\u011bstnanci z\u00edsk\u00e1te\u00a0<span style=\"color: #ff0000;\"><strong>slevu 5\u00a0%<\/strong><\/span>.<\/li>\n<li>Pokud obsad\u00edte workshop 8 zam\u011bstnanci, nab\u00edz\u00edme\u00a0<span style=\"color: #ff0000;\"><strong>slevu 10\u00a0%<\/strong><\/span>!<\/li>\n<\/ul>\n<div class=\"columns columns-2\" data-columns=\"2\">\n<div class=\"column column-1\">\n<h3>Pro\u010d se z\u00fa\u010dastnit na\u0161eho workshopu Job Interview?<\/h3>\n<p>\u00dasp\u011bch u&nbsp;pracovn\u00edho pohovoru nen\u00ed jen o&nbsp;znalostech, ale tak\u00e9 o&nbsp;spr\u00e1vn\u00e9 prezentaci. Na\u0161e zku\u0161enosti ukazuj\u00ed, \u017ee uchaze\u010di, kte\u0159\u00ed se na pohovor p\u0159iprav\u00ed s&nbsp;profesion\u00e1ly, maj\u00ed mnohem v\u011bt\u0161\u00ed \u0161anci z\u00edskat vysn\u011bn\u00e9 m\u00edsto. A\u0165 u\u017e jste na za\u010d\u00e1tku sv\u00e9 kari\u00e9ry, nebo usilujete o&nbsp;mana\u017eerskou pozici, tento workshop v\u00e1s vybav\u00ed dovednostmi, d\u00edky kter\u00fdm zaz\u00e1\u0159\u00edte.<\/p>\n<p><strong>D\u00edky na\u0161emu workshopu z\u00edsk\u00e1te:<\/strong><\/p>\n<ul>\n<li><strong>Jistotu a&nbsp;sebev\u011bdom\u00ed:<\/strong> Nau\u010d\u00edte se, jak vystupovat p\u0159irozen\u011b a&nbsp;p\u0159esv\u011bd\u010div\u011b.<\/li>\n<li><strong>Dovednost odpov\u00eddat na n\u00e1ro\u010dn\u00e9 ot\u00e1zky:<\/strong> Porad\u00edme v\u00e1m, jak reagovat na ot\u00e1zky typu \u201ePro\u010d bychom m\u011bli vybrat pr\u00e1v\u011b v\u00e1s?\u201c nebo \u201eJak\u00e9 jsou va\u0161e slab\u00e9 str\u00e1nky?\u201c.<\/li>\n<li><strong>Praktick\u00e9 tipy:<\/strong> Dozv\u00edte se, co personalist\u00e9 skute\u010dn\u011b hledaj\u00ed, a&nbsp;jak prezentovat sv\u00e9 zku\u0161enosti tak, aby zaujaly.<\/li>\n<li><strong>Zp\u011btnou vazbu od odborn\u00edk\u016f:<\/strong> Na\u0161i lekto\u0159i v\u00e1m poskytnou konkr\u00e9tn\u00ed doporu\u010den\u00ed pro zlep\u0161en\u00ed.<\/li>\n<\/ul>\n<\/div>\n<div class=\"column column-2\">\n<p><img loading=\"lazy\" decoding=\"async\" class=\"size-full wp-image-73416\" src=\"https:\/\/skrivanek.cz\/wp-content\/uploads\/2024\/08\/workshop-job-interview-1.jpg\" alt=\"workshop Job interview pro uchaze\u010de i personalisty\" width=\"512\" height=\"340\" \/><\/p>\n<\/div>\n<\/div>\n<h3>Co z\u00edsk\u00e1te na na\u0161em workshopu?<\/h3>\n<p><main class=\"wpa9-card-content\"><\/p>\n<p>Workshop je rozd\u011blen do praktick\u00fdch a&nbsp;teoretick\u00fdch blok\u016f, kter\u00e9 v\u00e1s provedou cel\u00fdm procesem p\u0159\u00edpravy na pohovor. Zam\u011b\u0159ujeme se na re\u00e1ln\u00e9 situace a&nbsp;poskytujeme konkr\u00e9tn\u00ed n\u00e1stroje, kter\u00e9 vyu\u017eijete ihned v&nbsp;praxi.<\/p>\n<p><strong>Co se nau\u010d\u00edte:<\/strong><\/p>\n<ul>\n<li style=\"list-style-type: none;\">\n<ul>\n<li><strong>Jak vytvo\u0159it profesion\u00e1ln\u00ed CV v&nbsp;angli\u010dtin\u011b.<\/strong><br \/>\nUk\u00e1\u017eeme v\u00e1m, jak strukturovat \u017eivotopis, aby zaujal personalistu, a&nbsp;jak zd\u016fraznit kl\u00ed\u010dov\u00e9 dovednosti i&nbsp;zku\u0161enosti.<\/li>\n<li><strong>Sebeprezentace a&nbsp;siln\u00e9 str\u00e1nky:<\/strong><br \/>\nNau\u010d\u00edte se, jak mluvit o&nbsp;sv\u00fdch \u00fasp\u011b\u0161\u00edch a&nbsp;p\u0159ednostech, aby zaujaly.<\/li>\n<li><strong>Slovn\u00ed z\u00e1soba pro pohovor:<\/strong><br \/>\nProcvi\u010d\u00edte kl\u00ed\u010dovou anglickou terminologii t\u00fdkaj\u00edc\u00ed se n\u00e1borov\u00e9ho procesu, pracovn\u00edch dovednost\u00ed a&nbsp;pracovn\u00edch pozic.<\/li>\n<li><strong>Jak se p\u0159ipravit na pohovor:<\/strong><br \/>\nDozv\u00edte se, co v\u0161echno zahrnuje p\u0159\u00edprava \u2013 od v\u00fdzkumu spole\u010dnosti po&nbsp;spr\u00e1vn\u00fd v\u00fdb\u011br oble\u010den\u00ed.<\/li>\n<li><strong>Odpov\u011bdi na b\u011b\u017en\u00e9 i&nbsp;n\u00e1ro\u010dn\u00e9 ot\u00e1zky:<\/strong><br \/>\nBudete p\u0159ipraveni odpov\u00eddat na ot\u00e1zky jako \u201eKde se vid\u00edte za 5 let?\u201c nebo \u201ePro\u010d jste ode\u0161li z&nbsp;p\u0159edchoz\u00edho zam\u011bstn\u00e1n\u00ed?\u201c.<\/li>\n<li><strong>Co personalist\u00e9 hledaj\u00ed:<\/strong><br \/>\nPod\u00edv\u00e1me se na nej\u010dast\u011bj\u0161\u00ed krit\u00e9ria, kter\u00e1 firmy u&nbsp;uchaze\u010d\u016f sleduj\u00ed, a&nbsp;jak jim vyhov\u011bt.<\/li>\n<\/ul>\n<\/li>\n<\/ul>\n<div class=\"columns columns-2\" data-columns=\"2\">\n<div class=\"column column-1\">\n<h3>Detaily workshopu<\/h3>\n<p><strong>Den a&nbsp;\u010das:<\/strong> st\u0159eda 17:30 \u2013 19:00<br \/>\n<strong>Term\u00edn:<\/strong> 21.&nbsp;01. \u2013 11.\u00a002.\u00a02026<br \/>\n<strong>Forma v\u00fduky:<\/strong>\u00a0online<br \/>\n<strong>Intenzita:\u00a0<\/strong>1 lekce t\u00fddn\u011b<\/p>\n<\/div>\n<div class=\"column column-2\">\n<h3>Jak workshop vypad\u00e1?<\/h3>\n<p><main class=\"wpa9-card-content\"><\/p>\n<ul>\n<li>Celkov\u00e1 d\u00e9lka kurzu: 6 hodin (4 \u00d7 90 minut).\n<ul>\n<li>3x 90 minut: workshop zahrnuj\u00edc\u00ed teorii i&nbsp;praxi,<\/li>\n<li>90 minut: modelov\u00e1 prezentace a&nbsp;konzultace,<\/li>\n<\/ul>\n<\/li>\n<li>minim\u00e1ln\u00ed po\u010det student\u016f v\u00a0kurzu jsou 2 a\u00a0maxim\u00e1ln\u00ed 8\u00a0student\u016f.<\/li>\n<\/ul>\n<p><\/main><\/div>\n<\/div>\n<p><\/main><main class=\"wpa9-card-content\"><main class=\"wpa9-card-content\"><\/p>\n<h3>Kdo workshop povede?<\/h3>\n<div class=\"columns columns-2\" data-columns=\"2\">\n<div class=\"column column-1\">\n<p>&nbsp;<\/p>\n<p><img loading=\"lazy\" decoding=\"async\" class=\"aligncenter wp-image-76373\" src=\"https:\/\/skrivanek.cz\/wp-content\/uploads\/2024\/08\/tereza.jpg\" alt=\"lektorka Tereza\" width=\"350\" height=\"350\" \/><\/p>\n<\/div>\n<div class=\"column column-2\">\n<h5><strong>Warmanov\u00e1 Vo\u017eniakov\u00e1 Tereza \u2013 lektorka<\/strong><\/h5>\n<p>Tereza je zku\u0161en\u00e1 lektorka anglick\u00e9ho jazyka s&nbsp;v\u00edce ne\u017e 20 lety praxe ve v\u00fduce dosp\u011bl\u00fdch i&nbsp;d\u011bt\u00ed na v\u0161ech jazykov\u00fdch \u00farovn\u00edch. Sv\u00e9 odborn\u00e9 znalosti z\u00edskala jak v&nbsp;\u010cesku, tak v&nbsp;zahrani\u010d\u00ed \u2013 mimo jin\u00e9 b\u011bhem p\u011bti let, kter\u00e9 str\u00e1vila v&nbsp;Kanad\u011b, kde tak\u00e9 vystudovala univerzitn\u00ed kurzy zam\u011b\u0159en\u00e9 na angli\u010dtinu, komunikaci a&nbsp;lidsk\u00e9 zdroje. Je dr\u017eitelkou certifik\u00e1t\u016f CAE (Cambridge), TESOL (University of Arizona) a&nbsp;certifik\u00e1tu v\u00fdukov\u00e9ho designu a&nbsp;e-learningu (University of Calgary).<\/p>\n<p>Specializuje se na v\u00fduku obecn\u00e9 i&nbsp;odborn\u00e9 angli\u010dtiny (nap\u0159.&nbsp;HR English), navrhov\u00e1n\u00ed kurz\u016f a&nbsp;\u0161kolen\u00ed lektor\u016f. M\u00e1 bohat\u00e9 zku\u0161enosti s&nbsp;individu\u00e1ln\u00ed i&nbsp;skupinovou v\u00fdukou, v\u00fdvojem v\u00fdukov\u00fdch materi\u00e1l\u016f, online vzd\u011bl\u00e1v\u00e1n\u00edm a&nbsp;mentoringem. Pracovala mimo jin\u00e9 pro EDUA Group, Channel Crossings, Threshold a&nbsp;dal\u0161\u00ed jazykov\u00e9 \u0161koly i&nbsp;instituce ve\u0159ejn\u00e9 spr\u00e1vy.<\/p>\n<p>Tereza je zn\u00e1m\u00e1 sv\u00fdm kreativn\u00edm p\u0159\u00edstupem k&nbsp;v\u00fduce, vyu\u017eit\u00edm modern\u00edch technologi\u00ed a&nbsp;schopnost\u00ed p\u0159izp\u016fsobit v\u00fduku pot\u0159eb\u00e1m student\u016f. V\u011b\u0159\u00ed, \u017ee efektivn\u00ed v\u00fduka je postaven\u00e1 na porozum\u011bn\u00ed, podpo\u0159e a&nbsp;radosti z&nbsp;u\u010den\u00ed.<\/p>\n<\/div>\n<\/div>\n<p>&nbsp;<\/p>\n<h3>Pro koho je workshop ur\u010den?<\/h3>\n<p>Tento workshop je vhodn\u00fd pro:<\/p>\n<ul>\n<li><strong>Uchaze\u010de o&nbsp;pr\u00e1ci:<\/strong> Uch\u00e1z\u00edte se o\u00a0m\u00edsto, na kter\u00e9m po\u017eaduj\u00ed angli\u010dtinu? \u010cek\u00e1 v\u00e1s pohovor v\u00a0angli\u010dtin\u011b?\u00a0P\u0159ipravte se na pohovor s\u00a0workshopem Job Interview! A\u0165 u\u017e hled\u00e1te prvn\u00ed zam\u011bstn\u00e1n\u00ed, nebo chcete zm\u011bnit kari\u00e9ru, workshop v\u00e1s vybav\u00ed dovednostmi, kter\u00e9 pot\u0159ebujete.<\/li>\n<li><strong>Personalisty a&nbsp;HR specialisty:<\/strong> Jste personalista a&nbsp;m\u00e1te p\u0159ed sebou n\u00e1borov\u00fd proces v&nbsp;angli\u010dtin\u011b. Z\u00edskejte inspiraci, jak v\u00e9st pohovory efektivn\u011bji, a&nbsp;nau\u010dte se rozpoznat skute\u010dn\u00fd potenci\u00e1l kandid\u00e1t\u016f.<\/li>\n<li><strong>Mana\u017eery a&nbsp;vedouc\u00ed t\u00fdm\u016f:<\/strong> Chcete se zlep\u0161it v&nbsp;angli\u010dtin\u011b, procvi\u010dit si fr\u00e1ze a&nbsp;slov\u00ed\u010dka spojen\u00e1 s&nbsp;Job Interview. Pokud se pod\u00edl\u00edte na v\u00fdb\u011bru zam\u011bstnanc\u016f, workshop v\u00e1m pom\u016f\u017ee kl\u00e1st spr\u00e1vn\u00e9 ot\u00e1zky a&nbsp;l\u00e9pe hodnotit odpov\u011bdi.<\/li>\n<\/ul>\n<ul>\n<li>Kurz je vhodn\u00fd pro osoby s\u00a0\u00farovn\u00ed angli\u010dtiny alespo\u0148 B1.<\/li>\n<\/ul>\n<p>&nbsp;<\/p>\n<div class=\"columns columns-2\" data-columns=\"2\">\n<div class=\"column column-1\">\n<p><img loading=\"lazy\" decoding=\"async\" class=\"aligncenter wp-image-73422\" src=\"https:\/\/skrivanek.cz\/wp-content\/uploads\/2024\/08\/workshop-job-interview-pohovor.jpg\" alt=\"job interview workshop - p\u0159\u00edprava na pohovor pro uchaze\u010de i personalisty\" width=\"300\" height=\"199\" \/><\/p>\n<\/div>\n<div class=\"column column-2\">\n<p><img loading=\"lazy\" decoding=\"async\" class=\"aligncenter wp-image-73419\" src=\"https:\/\/skrivanek.cz\/wp-content\/uploads\/2024\/08\/workshop-job-interview-personalista.jpg\" alt=\"job interview workshop - p\u0159\u00edprava pro personalisty\" width=\"300\" height=\"199\" \/><\/p>\n<\/div>\n<\/div>\n<h3>\u00a0<\/h3>\n<h3 style=\"text-align: center;\">Workshop na m\u00edru va\u0161im pot\u0159eb\u00e1m<\/h3>\n<p style=\"text-align: center;\">M\u00e1te specifick\u00e9 po\u017eadavky nebo jedine\u010dn\u00e9 c\u00edle? P\u0159iprav\u00edme pro v\u00e1s <strong>workshop na m\u00edru<\/strong>, kter\u00fd se zam\u011b\u0159\u00ed p\u0159esn\u011b na va\u0161e pot\u0159eby a&nbsp;oblasti, ve kter\u00fdch chcete zlep\u0161it sv\u00e9 prezenta\u010dn\u00ed dovednosti.<\/p>\n<p style=\"text-align: center;\">A\u0165 u\u017e jde o&nbsp;t\u00fdmov\u00e9 \u0161kolen\u00ed, individu\u00e1ln\u00ed tr\u00e9nink nebo specifickou prezentaci pro d\u016fle\u017eitou ud\u00e1lost, n\u00e1\u0161 t\u00fdm v\u00e1m vytvo\u0159\u00ed \u0159e\u0161en\u00ed, kter\u00e9 v\u00e1m pom\u016f\u017ee dos\u00e1hnout \u00fasp\u011bchu.<\/p>\n<p style=\"text-align: center;\"><span style=\"font-size: 20px;\"><a class=\"btn btn-negative\" href=\"https:\/\/skrivanek.cz\/cz\/poptavka-workshop-na-miru\/\">Z\u00edskejte workshop na m\u00edru<\/a><\/span><\/p>\n<p><\/main><\/main><\/p>\n","protected":false},"excerpt":{"rendered":"<h3>P\u0159ipravte se na pracovn\u00ed pohovor jako profesion\u00e1l<\/h3>\n<p>Hled\u00e1te novou pr\u00e1ci a&nbsp;chcete zv\u00fd\u0161it sv\u00e9 \u0161ance na \u00fasp\u011bch p\u0159i&nbsp;pracovn\u00edm pohovoru? Nebo jste personalista, kter\u00fd chce zlep\u0161it sv\u00e9 dovednosti p\u0159i&nbsp;veden\u00ed pohovor\u016f? N\u00e1\u0161 workshop <strong>Job Interview<\/strong> je navr\u017een tak, aby v\u00e1m poskytl praktick\u00e9 tipy, strategie a&nbsp;n\u00e1stroje pro zvl\u00e1dnut\u00ed pohovor\u016f z&nbsp;obou stran stolu.<\/p>\n","protected":false},"featured_media":71457,"template":"","meta":{"_acf_changed":false},"product_brand":[],"product_cat":[64],"product_tag":[],"class_list":{"0":"post-71456","1":"product","2":"type-product","3":"status-publish","4":"has-post-thumbnail","6":"product_cat-workshop","8":"first","9":"instock","10":"downloadable","11":"virtual","12":"purchasable","13":"product-type-simple"},"acf":[],"aioseo_notices":[],"_links":{"self":[{"href":"https:\/\/skrivanek.cz\/cz\/wp-json\/wp\/v2\/product\/71456","targetHints":{"allow":["GET"]}}],"collection":[{"href":"https:\/\/skrivanek.cz\/cz\/wp-json\/wp\/v2\/product"}],"about":[{"href":"https:\/\/skrivanek.cz\/cz\/wp-json\/wp\/v2\/types\/product"}],"wp:featuredmedia":[{"embeddable":true,"href":"https:\/\/skrivanek.cz\/cz\/wp-json\/wp\/v2\/media\/71457"}],"wp:attachment":[{"href":"https:\/\/skrivanek.cz\/cz\/wp-json\/wp\/v2\/media?parent=71456"}],"wp:term":[{"taxonomy":"product_brand","embeddable":true,"href":"https:\/\/skrivanek.cz\/cz\/wp-json\/wp\/v2\/product_brand?post=71456"},{"taxonomy":"product_cat","embeddable":true,"href":"https:\/\/skrivanek.cz\/cz\/wp-json\/wp\/v2\/product_cat?post=71456"},{"taxonomy":"product_tag","embeddable":true,"href":"https:\/\/skrivanek.cz\/cz\/wp-json\/wp\/v2\/product_tag?post=71456"}],"curies":[{"name":"wp","href":"https:\/\/api.w.org\/{rel}","templated":true}]}}