{"id":71461,"date":"2024-08-08T12:57:02","date_gmt":"2024-08-08T10:57:02","guid":{"rendered":"https:\/\/skrivanek.cz\/?post_type=product&#038;p=71461"},"modified":"2025-11-25T17:15:22","modified_gmt":"2025-11-25T16:15:22","slug":"workshop-effective-presentation","status":"publish","type":"product","link":"https:\/\/skrivanek.cz\/cz\/produkt\/workshop-effective-presentation\/","title":{"rendered":"Workshop: Effective Presentation (v&nbsp;angli\u010dtin\u011b)"},"content":{"rendered":"<p><span style=\"font-size: 20px;\"><strong>Zlep\u0161ete svou angli\u010dtinu a&nbsp;zdokonalte sv\u00e9 prezenta\u010dn\u00ed dovednosti na na\u0161em interaktivn\u00edm <a href=\"https:\/\/skrivanek.cz\/cz\/jazykova-skola\/workshopy\/\">workshopu<\/a> Effective Presentation! Nau\u010dte se, jak vytvo\u0159it prezentaci a&nbsp;efektivn\u011b prezentovat\u00a0 v&nbsp;angli\u010dtin\u011b, jak zaujmout publikum a&nbsp;p\u0159edat sv\u00e9 my\u0161lenky jasn\u011b a&nbsp;sebev\u011bdom\u011b.<\/strong><\/span><\/p>\n<p><span style=\"font-size: 20px;\"><strong>Speci\u00e1ln\u00ed nab\u00eddka pro firemn\u00ed klienty<\/strong><\/span><br \/>\n<em>Pro na\u0161e firemn\u00ed z\u00e1kazn\u00edky nab\u00edz\u00edme zv\u00fdhodn\u011bn\u00e9 ceny p\u0159i\u00a0hromadn\u00e9m obsazen\u00ed workshopu:<\/em><\/p>\n<ul>\n<li>P\u0159i obsazen\u00ed workshopu 4 zam\u011bstnanci z\u00edsk\u00e1te\u00a0<span style=\"color: #ff0000;\"><strong>slevu 5\u00a0%<\/strong><\/span>.<\/li>\n<li>Pokud obsad\u00edte workshop 8 zam\u011bstnanci, nab\u00edz\u00edme\u00a0<span style=\"color: #ff0000;\"><strong>slevu 10\u00a0%<\/strong><\/span>!<\/li>\n<\/ul>\n<div class=\"columns columns-2\" data-columns=\"2\">\n<div class=\"column column-1\">\n<h3>Pro\u010d je workshop d\u016fle\u017eit\u00fd?<\/h3>\n<p><em>Prezenta\u010dn\u00ed dovednosti \u2013 kl\u00ed\u010d k&nbsp;profesn\u00edmu i&nbsp;osobn\u00edmu \u00fasp\u011bchu<\/em><\/p>\n<p>Schopnost efektivn\u011b prezentovat pat\u0159\u00ed mezi nej\u017e\u00e1dan\u011bj\u0161\u00ed dovednosti v&nbsp;dne\u0161n\u00ed dob\u011b. A\u0165 u\u017e mluv\u00edte k&nbsp;t\u00fdmu koleg\u016f, klient\u016fm nebo \u0161ir\u0161\u00edmu publiku, va\u0161e prezentace m\u016f\u017ee rozhodnout o&nbsp;\u00fasp\u011bchu va\u0161eho sd\u011blen\u00ed. Nedostate\u010dn\u011b p\u0159ipraven\u00e1 prezentace, nejist\u00fd projev nebo \u0161patn\u00e1 struktura mohou oslabit va\u0161i pozici a&nbsp;zma\u0159it skv\u011bl\u00e9 n\u00e1pady.<\/p>\n<p>\u00da\u010dast\u00ed na workshopu <em>Effective Presentation<\/em> z\u00edsk\u00e1te:<\/p>\n<ul>\n<li><strong>Sebev\u011bdom\u00ed p\u0159i&nbsp;vystupov\u00e1n\u00ed<\/strong>, kter\u00e9 ocen\u00ed va\u0161i poslucha\u010di.<\/li>\n<li><strong>Schopnost jasn\u011b formulovat my\u0161lenky<\/strong> a&nbsp;efektivn\u011b je p\u0159edat.<\/li>\n<li><strong>Zru\u010dnost v&nbsp;pou\u017e\u00edv\u00e1n\u00ed vizu\u00e1ln\u00edch pom\u016fcek<\/strong>, aby va\u0161e prezentace byla poutav\u00e1.<\/li>\n<li><strong>Techniky pro zvl\u00e1d\u00e1n\u00ed nervozity<\/strong>, abyste p\u016fsobili p\u0159irozen\u011b a&nbsp;profesion\u00e1ln\u011b.<\/li>\n<\/ul>\n<\/div>\n<div class=\"column column-2\">\n<p><img loading=\"lazy\" decoding=\"async\" class=\"aligncenter wp-image-73386\" src=\"https:\/\/skrivanek.cz\/wp-content\/uploads\/2024\/08\/workshop-effective-presentation.jpg\" alt=\"workshop effective presentation - efektivn\u00ed prezentace\" width=\"450\" height=\"350\" \/><\/p>\n<\/div>\n<\/div>\n<p>V dne\u0161n\u00edm konkuren\u010dn\u00edm prost\u0159ed\u00ed mohou va\u0161e prezenta\u010dn\u00ed dovednosti rozhodnout o&nbsp;va\u0161em pracovn\u00edm postupu, nov\u00e9m obchodn\u00edm partnerstv\u00ed nebo \u00fasp\u011b\u0161n\u00e9 obhajob\u011b projektu. Nenechte svou p\u0159\u00edle\u017eitost uniknout.<\/p>\n<h3>Co se na workshopu nau\u010d\u00edte?<\/h3>\n<p><em>Praktick\u00e9 dovednosti pro efektivn\u00ed prezentaci<\/em><\/p>\n<p>Workshop <em>Effective Presentation<\/em> je zam\u011b\u0159en na praktick\u00fd n\u00e1cvik a&nbsp;osvojen\u00ed kl\u00ed\u010dov\u00fdch dovednost\u00ed, kter\u00e9 v\u00e1m pomohou st\u00e1t se sebev\u011bdom\u00fdm a&nbsp;p\u0159esv\u011bd\u010div\u00fdm \u0159e\u010dn\u00edkem. Co v\u00e1s v&nbsp;kurzu \u010dek\u00e1?<\/p>\n<ul>\n<li>\n<h5>Jak zvl\u00e1dnout prezentaci z&nbsp;hlediska komunikace, struktury i&nbsp;vizu\u00e1ln\u00ed str\u00e1nky<\/h5>\n<p>Nau\u010d\u00edte se, jak spr\u00e1vn\u011b p\u0159ipravit prezentaci od jasn\u00e9ho a&nbsp;logick\u00e9ho \u010dlen\u011bn\u00ed obsahu a\u017e po&nbsp;profesion\u00e1ln\u00ed vizu\u00e1ln\u00ed zpracov\u00e1n\u00ed. Zam\u011b\u0159\u00edme se na techniky verb\u00e1ln\u00ed i&nbsp;neverb\u00e1ln\u00ed komunikace, kter\u00e9 podpo\u0159\u00ed va\u0161e sd\u011blen\u00ed.<\/li>\n<li>\n<h5>Jak vyj\u00e1d\u0159it postoj a&nbsp;jak prezentovat fakta<\/h5>\n<p>Osvoj\u00edte si postupy, jak prezentovat fakta p\u0159esv\u011bd\u010div\u011b a&nbsp;srozumiteln\u011b. Nau\u010d\u00edme v\u00e1s, jak podtrhnout v\u00e1\u0161 postoj, zaujmout publikum a&nbsp;p\u016fsobit d\u016fv\u011bryhodn\u011b.<\/li>\n<li>\n<h5>Jak zvl\u00e1dnout tr\u00e9mu z&nbsp;prezentov\u00e1n\u00ed<\/h5>\n<p>Strach z&nbsp;ve\u0159ejn\u00e9ho vystupov\u00e1n\u00ed je \u010dast\u00fd, ale d\u00e1 se p\u0159ekonat. Uk\u00e1\u017eeme v\u00e1m osv\u011bd\u010den\u00e9 metody, jak zvl\u00e1dnout nervozitu, uklidnit mysl a&nbsp;vystupovat s&nbsp;p\u0159irozenou jistotou.<\/li>\n<li>\n<h5>Jak zlep\u0161it sv\u016fj prezenta\u010dn\u00ed styl<\/h5>\n<p>D\u00edky praktick\u00fdm cvi\u010den\u00edm a&nbsp;zp\u011btn\u00e9 vazb\u011b budete schopni identifikovat sv\u00e9 siln\u00e9 str\u00e1nky a&nbsp;pracovat na zlep\u0161en\u00ed sv\u00e9ho prezenta\u010dn\u00edho stylu. Nau\u010d\u00edte se mluvit jasn\u011b, strukturovan\u011b a&nbsp;s&nbsp;pat\u0159i\u010dnou energi\u00ed, kter\u00e1 poslucha\u010de zaujme.<\/li>\n<\/ul>\n<p>B\u011bhem workshopu si ka\u017ed\u00fd \u00fa\u010dastn\u00edk vyzkou\u0161\u00ed prezentaci v&nbsp;praxi. Lekto\u0159i v\u00e1m poskytnou individu\u00e1ln\u00ed zp\u011btnou vazbu a&nbsp;doporu\u010den\u00ed, jak sv\u00e9 vystupov\u00e1n\u00ed d\u00e1le rozv\u00edjet. Na\u0161\u00edm c\u00edlem je, abyste prezentovali s&nbsp;jistotou, profesionalitou a&nbsp;p\u0159irozenost\u00ed.<\/p>\n<p><main class=\"wpa9-card-content\"><\/p>\n<div class=\"columns columns-2\" data-columns=\"2\">\n<div class=\"column column-1\">\n<h3>Jak workshop vypad\u00e1?<\/h3>\n<p><main class=\"wpa9-card-content\"><\/p>\n<ul>\n<li>Celkov\u00e1 d\u00e9lka kurzu: 6 hodiny (4 \u00d7 90 minut).<\/li>\n<li>3x 90 minut: workshop zahrnuj\u00edc\u00ed teorii i&nbsp;praxi,<\/li>\n<li>90 minut: modelov\u00e1 prezentace a&nbsp;konzultace,<\/li>\n<li>minim\u00e1ln\u00ed po\u010det student\u016f v&nbsp;kurzu jsou 4.<\/li>\n<\/ul>\n<p><\/main><\/div>\n<div class=\"column column-2\">\n<h3>Detaily workshopu:\u00a0<\/h3>\n<p><strong>Den a&nbsp;\u010das:<\/strong> \u010dtvrtek 17:30 \u2013 19:00<br \/>\n<strong>Term\u00edn:<\/strong> 22.\u00a001. \u2013 12.\u00a002.\u00a02026<br \/>\n<strong>Forma v\u00fduky:<\/strong>\u00a0online<br \/>\n<strong>Intenzita:\u00a0<\/strong>1 lekce t\u00fddn\u011b<br \/>\n<strong>Po\u010det lekc\u00ed:<\/strong> celkem 4 lekce (4 x 90 minut)<\/p>\n<\/div>\n<\/div>\n<p><\/main><main class=\"wpa9-card-content\"><main class=\"wpa9-card-content\"><\/p>\n<h3>Pro\u010d si vybrat workshop od Sk\u0159iv\u00e1nka?<\/h3>\n<p>Workshop <em>Effective Presentation<\/em> od Sk\u0159iv\u00e1nka je navr\u017een tak, aby v\u00e1m poskytl praktick\u00e9 dovednosti a&nbsp;sebejistotu p\u0159i&nbsp;prezentov\u00e1n\u00ed. Pro\u010d si vybrat pr\u00e1v\u011b n\u00e1s?<\/p>\n<div class=\"columns columns-4\" data-columns=\"4\">\n<div class=\"column column-1\">\n<p><img alt=\"ico-certifikovana-spolecnost\" decoding=\"async\" class=\"aligncenter wp-image-5285\" src=\"https:\/\/skrivanek.cz\/wp-content\/uploads\/2021\/03\/ico-certifikovana-spolecnost.svg\" alt=\"\" width=\"40\" \/><\/p>\n<p style=\"text-align: center;\"><strong>Zku\u0161en\u00ed lekto\u0159i s&nbsp;prax\u00ed<\/strong><br \/>\nNa\u0161i \u0161kolitel\u00e9 maj\u00ed dlouholet\u00e9 zku\u0161enosti s&nbsp;v\u00fdukou prezenta\u010dn\u00edch dovednost\u00ed a&nbsp;ve\u0159ejn\u00e9ho vystupov\u00e1n\u00ed. D\u00edky jejich odborn\u00fdm znalostem z\u00edsk\u00e1te konkr\u00e9tn\u00ed tipy a&nbsp;zp\u011btnou vazbu, kterou m\u016f\u017eete ihned vyu\u017e\u00edt v&nbsp;praxi.<\/p>\n<\/div>\n<div class=\"column column-2\" style=\"text-align: center;\">\n<p><img alt=\"ico-terc-1\" decoding=\"async\" class=\"aligncenter wp-image-61385\" src=\"https:\/\/skrivanek.cz\/wp-content\/uploads\/2023\/08\/ico-terc-1.svg\" alt=\"\" width=\"50\" \/><\/p>\n<p><strong>Praktick\u00fd a&nbsp;individu\u00e1ln\u00ed p\u0159\u00edstup<\/strong><br \/>\nWorkshop je zam\u011b\u0159en na praktick\u00fd tr\u00e9nink prezentac\u00ed. Sou\u010d\u00e1st\u00ed jsou individu\u00e1ln\u00ed cvi\u010den\u00ed, d\u00edky kter\u00fdm si ka\u017ed\u00fd \u00fa\u010dastn\u00edk vyzkou\u0161\u00ed nabyt\u00e9 dovednosti a&nbsp;z\u00edsk\u00e1 osobn\u00ed doporu\u010den\u00ed pro zlep\u0161en\u00ed sv\u00e9ho stylu.<\/p>\n<\/div>\n<div class=\"column column-3\" style=\"text-align: center;\">\n<p><img alt=\"ico-jazykove-zkousky\" decoding=\"async\" class=\"aligncenter wp-image-5234\" src=\"https:\/\/skrivanek.cz\/wp-content\/uploads\/2021\/03\/ico-jazykove-zkousky.svg\" alt=\"\" width=\"40\" \/><\/p>\n<p><strong>Flexibilita a&nbsp;mo\u017enost workshopu na m\u00edru<\/strong><br \/>\nNab\u00edz\u00edme mo\u017enost p\u0159izp\u016fsobit obsah workshopu konkr\u00e9tn\u00edm pot\u0159eb\u00e1m va\u0161eho t\u00fdmu nebo organizace. Zam\u011b\u0159\u00edme se p\u0159esn\u011b na to, co je pro v\u00e1s nejd\u016fle\u017eit\u011bj\u0161\u00ed.<\/p>\n<\/div>\n<div class=\"column column-4\">\n<p><img alt=\"ico-zkusenosti\" decoding=\"async\" class=\"aligncenter wp-image-5289\" src=\"https:\/\/skrivanek.cz\/wp-content\/uploads\/2021\/03\/ico-zkusenosti.svg\" alt=\"\" width=\"40\" \/><\/p>\n<p style=\"text-align: center;\"><strong>Ov\u011b\u0159en\u00e1 kvalita a&nbsp;spokojenost klient\u016f<\/strong><br \/>\nSk\u0159iv\u00e1nek je jednou z&nbsp;p\u0159edn\u00edch vzd\u011bl\u00e1vac\u00edch spole\u010dnost\u00ed s&nbsp;dlouholetou tradic\u00ed. Na\u0161e workshopy jsou prov\u011b\u0159en\u00e9 stovkami spokojen\u00fdch \u00fa\u010dastn\u00edk\u016f, kte\u0159\u00ed si d\u00edky nim zlep\u0161ili sv\u00e9 prezenta\u010dn\u00ed dovednosti a&nbsp;zv\u00fd\u0161ili svou profesn\u00ed hodnotu.<\/p>\n<\/div>\n<\/div>\n<h3>Pro koho je workshop ur\u010den\u00fd?<\/h3>\n<p>Workshop je ur\u010den pro v\u0161echny, kte\u0159\u00ed cht\u011bj\u00ed zlep\u0161it sv\u00e9 prezenta\u010dn\u00ed dovednosti: mana\u017eery, zam\u011bstnance, vedouc\u00ed t\u00fdm\u016f, u\u010ditele, studenty nebo obchodn\u00ed z\u00e1stupce. Kurz je vhodn\u00fd pro ka\u017ed\u00e9ho, kdo chce mluvit p\u0159ed publikem sebejist\u011b, srozumiteln\u011b a&nbsp;p\u0159esv\u011bd\u010div\u011b.<\/p>\n<ul>\n<li>\u010cek\u00e1 v\u00e1s prezentace a\u00a0nejste si jist\u00ed.<\/li>\n<li>Chcete z\u00edskat jistotu p\u0159i\u00a0prezentov\u00e1n\u00ed v\u00a0angli\u010dtin\u011b.<\/li>\n<li>Chcete m\u00edt sv\u00e9 prezentace bez chyby.<\/li>\n<li>Workshop je pro ka\u017ed\u00e9ho, kdo se chce zlep\u0161it v\u00a0angli\u010dtin\u011b a\u00a0pos\u00edlit a\u00a0zdokonalit sv\u00e9 prezenta\u010dn\u00ed schopnosti.<\/li>\n<li>Kurz je vhodn\u00fd pro osoby s\u00a0\u00farovn\u00ed angli\u010dtiny alespo\u0148 B1.<\/li>\n<\/ul>\n<h3>Kdo workshop povede?<\/h3>\n<div class=\"columns columns-2\" data-columns=\"2\">\n<div class=\"column column-1\">\n<p><img alt=\"elizabeth-500x500-1\" loading=\"lazy\" decoding=\"async\" class=\"aligncenter wp-image-76369\" src=\"https:\/\/skrivanek.cz\/wp-content\/uploads\/2025\/03\/elizabeth-500x500-1.jpg\" alt=\"\" width=\"300\" height=\"300\" \/><\/p>\n<\/div>\n<div class=\"column column-2\">\n<h5><strong>Pichette Elizabeth Anne \u2013 lektorka<\/strong><\/h5>\n<p>I&#8217;m Liza, I&#8217;m a&nbsp;CELTA (Certificate in English Language Teaching to Adults) certified teacher with 10 years of experience. I&nbsp;have a&nbsp;communicative style that allows me to personalize lessons to keep them relevant for my students. I&nbsp;have extensive experience teaching Business English, and like to focus on work-related situations (presentations, emails, interviews) to provide maximum utility for my students.\u00a0You can ask me as many questions as you wish (especially about phrases or words you have seen outside of class). Asking questions is the best way to learn, and my communicative teaching style allows you to fully participate in the learning process. Even if you&#8217;ve struggled to be consistent in the past, we can come up with a&nbsp;plan that works best for your brain and your goals.<\/p>\n<\/div>\n<\/div>\n<p>&nbsp;<\/p>\n<p>Jsem Liza, m\u00e1m certifikaci CELTA (Certificate in English Language Teaching to Adults) a&nbsp;v\u00edce ne\u017e 10 let praxe v&nbsp;oboru. Pou\u017e\u00edv\u00e1m komunikativn\u00ed styl v\u00fduky, kter\u00fd mi umo\u017e\u0148uje p\u0159izp\u016fsobit lekce tak, aby byly pro studenty relevantn\u00ed. M\u00e1m bohat\u00e9 zku\u0161enosti s&nbsp;v\u00fdukou obchodn\u00ed angli\u010dtiny a&nbsp;r\u00e1da se zam\u011b\u0159uji na pracovn\u00ed situace (prezentace, e-maily, pohovory), abych student\u016fm poskytla co nejv\u011bt\u0161\u00ed praktick\u00fd u\u017eitek. M\u016f\u017eete se m\u011b pt\u00e1t na cokoli \u2013 zejm\u00e9na na fr\u00e1ze nebo slova, se kter\u00fdmi jste se setkali mimo v\u00fduku. Pokl\u00e1d\u00e1n\u00ed ot\u00e1zek je ten nejlep\u0161\u00ed zp\u016fsob, jak se u\u010dit, a&nbsp;m\u016fj komunikativn\u00ed styl v\u00fduky v\u00e1m umo\u017en\u00ed pln\u011b se zapojit do procesu u\u010den\u00ed. I&nbsp;kdy\u017e jste m\u011bli v&nbsp;minulosti pot\u00ed\u017ee s&nbsp;pravidelnost\u00ed, spole\u010dn\u011b vymysl\u00edme pl\u00e1n, kter\u00fd bude vyhovovat va\u0161emu my\u0161len\u00ed i&nbsp;va\u0161im c\u00edl\u016fm.<\/p>\n<h3 style=\"text-align: center;\">Workshop na m\u00edru va\u0161im pot\u0159eb\u00e1m<\/h3>\n<p style=\"text-align: center;\">M\u00e1te specifick\u00e9 po\u017eadavky nebo jedine\u010dn\u00e9 c\u00edle? P\u0159iprav\u00edme pro v\u00e1s <strong>workshop na m\u00edru<\/strong>, kter\u00fd se zam\u011b\u0159\u00ed p\u0159esn\u011b na va\u0161e pot\u0159eby a&nbsp;oblasti, ve kter\u00fdch chcete zlep\u0161it sv\u00e9 prezenta\u010dn\u00ed dovednosti.<\/p>\n<p style=\"text-align: center;\">A\u0165 u\u017e jde o&nbsp;t\u00fdmov\u00e9 \u0161kolen\u00ed, individu\u00e1ln\u00ed tr\u00e9nink nebo specifickou prezentaci pro d\u016fle\u017eitou ud\u00e1lost, n\u00e1\u0161 t\u00fdm v\u00e1m vytvo\u0159\u00ed \u0159e\u0161en\u00ed, kter\u00e9 v\u00e1m pom\u016f\u017ee dos\u00e1hnout \u00fasp\u011bchu.<\/p>\n<p style=\"text-align: center;\"><span style=\"font-size: 20px;\"><a class=\"btn btn-negative\" href=\"https:\/\/skrivanek.cz\/cz\/poptavka-workshop-na-miru\/\">Z\u00edskejte workshop na m\u00edru<\/a><\/span><\/p>\n<p><\/main><\/main><\/p>\n","protected":false},"excerpt":{"rendered":"<h3>Nau\u010dte se prezentovat sebev\u011bdom\u011b, jasn\u011b a&nbsp;p\u0159esv\u011bd\u010div\u011b<\/h3>\n<p>Zlep\u0161ete sv\u00e9 prezenta\u010dn\u00ed dovednosti d\u00edky workshopu <em>Effective Presentation<\/em>. Nau\u010dte se, jak p\u0159ipravit a&nbsp;doru\u010dit profesion\u00e1ln\u00ed prezentaci, kter\u00e1 zaujme publikum, zv\u00fd\u0161\u00ed v\u00e1\u0161 vliv a&nbsp;zlep\u0161\u00ed va\u0161e komunika\u010dn\u00ed schopnosti. Pod veden\u00edm zku\u0161en\u00e9ho lektora si osvoj\u00edte techniky, kter\u00e9 v\u00e1m umo\u017en\u00ed prezentovat s&nbsp;jistotou a&nbsp;\u00fasp\u011bchem.<\/p>\n","protected":false},"featured_media":71462,"template":"","meta":{"_acf_changed":false},"product_brand":[],"product_cat":[64],"product_tag":[],"class_list":{"0":"post-71461","1":"product","2":"type-product","3":"status-publish","4":"has-post-thumbnail","6":"product_cat-workshop","8":"first","9":"instock","10":"downloadable","11":"virtual","12":"purchasable","13":"product-type-simple"},"acf":[],"aioseo_notices":[],"_links":{"self":[{"href":"https:\/\/skrivanek.cz\/cz\/wp-json\/wp\/v2\/product\/71461","targetHints":{"allow":["GET"]}}],"collection":[{"href":"https:\/\/skrivanek.cz\/cz\/wp-json\/wp\/v2\/product"}],"about":[{"href":"https:\/\/skrivanek.cz\/cz\/wp-json\/wp\/v2\/types\/product"}],"wp:featuredmedia":[{"embeddable":true,"href":"https:\/\/skrivanek.cz\/cz\/wp-json\/wp\/v2\/media\/71462"}],"wp:attachment":[{"href":"https:\/\/skrivanek.cz\/cz\/wp-json\/wp\/v2\/media?parent=71461"}],"wp:term":[{"taxonomy":"product_brand","embeddable":true,"href":"https:\/\/skrivanek.cz\/cz\/wp-json\/wp\/v2\/product_brand?post=71461"},{"taxonomy":"product_cat","embeddable":true,"href":"https:\/\/skrivanek.cz\/cz\/wp-json\/wp\/v2\/product_cat?post=71461"},{"taxonomy":"product_tag","embeddable":true,"href":"https:\/\/skrivanek.cz\/cz\/wp-json\/wp\/v2\/product_tag?post=71461"}],"curies":[{"name":"wp","href":"https:\/\/api.w.org\/{rel}","templated":true}]}}