{"id":72319,"date":"2024-06-27T08:29:52","date_gmt":"2024-06-27T06:29:52","guid":{"rendered":"https:\/\/skrivanek.cz\/?post_type=product&#038;p=72319"},"modified":"2026-04-14T07:55:48","modified_gmt":"2026-04-14T05:55:48","slug":"anglictina-pro-seniory-obecny-kurz-a1-zacatecnik","status":"publish","type":"product","link":"https:\/\/skrivanek.cz\/cz\/produkt\/anglictina-pro-seniory-obecny-kurz-a1-zacatecnik\/","title":{"rendered":"Angli\u010dtina pro seniory, obecn\u00fd kurz A1, za\u010d\u00e1te\u010dn\u00edk"},"content":{"rendered":"<p>M\u00e1te chu\u0165 nau\u010dit se n\u011bco nov\u00e9ho, obohatit sv\u016fj \u017eivot a&nbsp;poznat sv\u011bt prost\u0159ednictv\u00edm angli\u010dtiny? Nen\u00ed pravda, \u017ee ciz\u00ed jazyk je jen pro mlad\u00e9 \u2013 angli\u010dtina je pro ka\u017ed\u00e9ho, a&nbsp;to bez ohledu na v\u011bk! V&nbsp;na\u0161em online kurzu angli\u010dtiny pro seniory nejen roz\u0161\u00ed\u0159\u00edte svou slovn\u00ed z\u00e1sobu, ale tak\u00e9 se dozv\u00edte spoustu zaj\u00edmavost\u00ed o&nbsp;kultu\u0159e, historii a&nbsp;tradic\u00edch anglicky mluv\u00edc\u00edch zem\u00ed. U\u010den\u00ed m\u016f\u017ee b\u00fdt z\u00e1bava a&nbsp;spole\u010dn\u011b to zvl\u00e1dneme \u2013 krok za krokem, v&nbsp;klidn\u00e9m tempu a&nbsp;s&nbsp;plnou podporou na\u0161ich lektor\u016f.<\/p>\n<h3>Angli\u010dtina pro seniory \u2013\u2060\u2060\u2060\u2060\u2060\u2060 obecn\u00fd kurz<\/h3>\n<p>Tento kurz je ide\u00e1ln\u00ed pro seniory, kte\u0159\u00ed se cht\u011bj\u00ed za\u010d\u00edt u\u010dit anglicky a&nbsp;pozn\u00e1vat nov\u00e9 obzory. Obecn\u00fd kurz angli\u010dtiny pro seniory je navr\u017een tak, aby nab\u00eddl srozumiteln\u00fd a&nbsp;praktick\u00fd z\u00e1klad jazyka, kter\u00fd vyu\u017eijete nejen p\u0159i&nbsp;cestov\u00e1n\u00ed, ale i&nbsp;p\u0159i&nbsp;b\u011b\u017en\u00e9 komunikaci. Krom\u011b samotn\u00e9 v\u00fduky anglick\u00e9ho jazyka v\u00e1s provedeme tak\u00e9 fascinuj\u00edc\u00edm sv\u011btem anglick\u00e9 kultury, zvyklost\u00ed a&nbsp;zaj\u00edmavost\u00ed. A&nbsp;to v\u0161e ve <strong>velmi p\u0159\u00edjemn\u00e9, p\u0159\u00e1telsk\u00e9 atmosf\u00e9\u0159e<\/strong>.<\/p>\n<h3>Pro koho je kurz ur\u010den?<\/h3>\n<p>Kurz je ur\u010den senior\u016fm, kte\u0159\u00ed:<\/p>\n<ul>\n<li>Jsou \u00fapln\u00ed za\u010d\u00e1te\u010dn\u00edci nebo maj\u00ed minim\u00e1ln\u00ed znalosti angli\u010dtiny.<\/li>\n<li>Maj\u00ed chu\u0165 nau\u010dit se anglicky v&nbsp;klidu a&nbsp;bez stresu.<\/li>\n<li>Cht\u011bj\u00ed roz\u0161\u00ed\u0159it svou slovn\u00ed z\u00e1sobu a&nbsp;procvi\u010dit si komunika\u010dn\u00ed dovednosti.<\/li>\n<li>R\u00e1di se dozv\u011bd\u00ed v\u00edce o&nbsp;kultu\u0159e, historii a&nbsp;\u017eivot\u011b v&nbsp;anglicky mluv\u00edc\u00edch zem\u00edch.<\/li>\n<li><strong>Hledaj\u00ed p\u0159\u00edjemn\u00e9 a&nbsp;bezpe\u010dn\u00e9 prost\u0159ed\u00ed, kde se mohou u\u010dit vlastn\u00edm tempem.<\/strong><\/li>\n<\/ul>\n<h3>Co se v&nbsp;kurzu angli\u010dtiny nau\u010d\u00ed?<\/h3>\n<ul>\n<li>Z\u00e1klady anglick\u00e9 gramatiky a&nbsp;jednoduch\u00e9 fr\u00e1ze.<\/li>\n<li>Slovn\u00ed z\u00e1sobu pot\u0159ebnou pro ka\u017edodenn\u00ed situace, nap\u0159\u00edklad nakupov\u00e1n\u00ed nebo cestov\u00e1n\u00ed.<\/li>\n<li>Spr\u00e1vnou v\u00fdslovnost a&nbsp;z\u00e1kladn\u00ed porozum\u011bn\u00ed mluven\u00e9 angli\u010dtin\u011b.<\/li>\n<li>Zaj\u00edmavosti o&nbsp;\u017eivot\u011b a&nbsp;kultu\u0159e v&nbsp;anglicky mluv\u00edc\u00edch zem\u00edch.<\/li>\n<li>Jak p\u0159ekonat ostych p\u0159i&nbsp;mluven\u00ed ciz\u00edm jazykem.<\/li>\n<\/ul>\n<p>Kurz je navr\u017een tak, aby byl p\u0159\u00e1telsk\u00fd a&nbsp;p\u0159\u00edstupn\u00fd pro seniory. Kurz zahrnuje informace o&nbsp;anglicky mluv\u00edc\u00edch zem\u00edch, jejich historii, kultu\u0159e, zvyklostech a&nbsp;zaj\u00edmavostech. Budeme se u\u010dit o&nbsp;slavn\u00fdch m\u00edstech, tradic\u00edch a&nbsp;v\u00fdznamn\u00fdch ud\u00e1lostech.<\/p>\n<p>V r\u00e1mci v\u00fduky se zam\u011b\u0159\u00edme na z\u00e1klady anglick\u00e9ho jazyka, v\u010detn\u011b gramatiky, slovn\u00ed z\u00e1soby, z\u00e1kladn\u00edch fr\u00e1z\u00ed a&nbsp;konverzace. Budeme se v\u011bnovat tak\u00e9 poslechu a&nbsp;porozum\u011bn\u00ed jednoduch\u00fdch anglick\u00fdch text\u016f a&nbsp;rozhovor\u016f, s&nbsp;n\u00e1sledn\u00fdmi cvi\u010den\u00edmi na porozum\u011bn\u00ed. Praktick\u00e1 konverza\u010dn\u00ed cvi\u010den\u00ed budou zam\u011b\u0159ena na b\u011b\u017en\u00e9 situace, jako je nakupov\u00e1n\u00ed, cestov\u00e1n\u00ed nebo n\u00e1v\u0161t\u011bva l\u00e9ka\u0159e.<\/p>\n<p>D\u00e1le se zam\u011b\u0159\u00edme na \u010dten\u00ed a&nbsp;psan\u00ed jednoduch\u00fdch text\u016f, jako jsou kr\u00e1tk\u00e9 dopisy nebo emaily. Nau\u010d\u00edme se tak\u00e9 z\u00e1klady pou\u017e\u00edv\u00e1n\u00ed online n\u00e1stroj\u016f a&nbsp;aplikac\u00ed pro v\u00fduku jazyka.<\/p>\n<h3>Jak kurz vypad\u00e1?<\/h3>\n<h6><strong>Online forma lekce<\/strong><\/h6>\n<p>V\u00fduka prob\u00edh\u00e1 z&nbsp;pohodl\u00ed va\u0161eho domova prost\u0159ednictv\u00edm jednoduch\u00e9ho online p\u0159ipojen\u00ed. <strong>R\u00e1di v\u00e1m s&nbsp;p\u0159ipojen\u00edm pom\u016f\u017eeme, jsme tu pro v\u00e1s.<\/strong> P\u0159ed zah\u00e1jen\u00edm kurzu v\u00e1s provedeme zkou\u0161kou p\u0159ipojen\u00ed, abyste si byli jist\u00ed, \u017ee v\u0161e funguje. Sta\u010d\u00ed v\u00e1m internet, mikrofon a&nbsp;kamera \u2013 se v\u0161\u00edm v\u00e1m r\u00e1di pom\u016f\u017eeme!<\/p>\n<h6><strong>Interaktivn\u00ed lekce<\/strong><\/h6>\n<p>Ka\u017ed\u00e1 lekce je pln\u00e1 praktick\u00fdch cvi\u010den\u00ed, her a&nbsp;konverzac\u00ed, kter\u00e9 v\u00e1s u\u010den\u00ed budou bavit.<\/p>\n<h6><strong>Skupinov\u00e1 v\u00fduka<\/strong><\/h6>\n<p>U\u010d\u00edte se spole\u010dn\u011b s&nbsp;dal\u0161\u00edmi seniory, co\u017e p\u0159in\u00e1\u0161\u00ed p\u0159\u00edle\u017eitost sd\u00edlet z\u00e1\u017eitky a&nbsp;vz\u00e1jemn\u011b se podporovat.<\/p>\n<h6><strong>D\u00e9lka kurzu<\/strong><\/h6>\n<p>Kurz obsahuje 12 lekc\u00ed, p\u0159i\u010dem\u017e ka\u017ed\u00e1 trv\u00e1 60 minut.<\/p>\n<h3>Pro\u010d si vybrat n\u00e1\u0161 kurz?<\/h3>\n<ul>\n<li>Kurzy vedou zku\u0161en\u00ed a&nbsp;trp\u011bliv\u00ed lekto\u0159i s&nbsp;prax\u00ed ve v\u00fduce senior\u016f.<\/li>\n<li>P\u0159\u00e1telsk\u00e9 prost\u0159ed\u00ed, kde je prostor na ot\u00e1zky a&nbsp;individu\u00e1ln\u00ed p\u0159\u00edstup.<\/li>\n<li>U\u010d\u00edme prakticky \u2013 budete um\u011bt to, co opravdu vyu\u017eijete.<\/li>\n<li>Zd\u016fraz\u0148ujeme i&nbsp;kulturn\u00ed str\u00e1nku \u2013 angli\u010dtina nen\u00ed jen jazyk, je to br\u00e1na do sv\u011bta!<\/li>\n<\/ul>\n<p>Chceme, aby si v\u0161ichni n\u00e1v\u0161t\u011bvn\u00edci kurz\u016f angli\u010dtinu u\u017e\u00edvali. <strong>Jsme tu pro v\u00e1s a&nbsp;se v\u0161\u00edm v\u00e1m r\u00e1di pom\u016f\u017eeme!\u00a0<\/strong><\/p>\n<h3>Cena kurzu<\/h3>\n<p>Cena za cel\u00fd kurz je <strong>5&nbsp;250&nbsp;K\u010d<\/strong>. V&nbsp;t\u00e9to cen\u011b je zahrnuto:<\/p>\n<ul>\n<li>12 inspirativn\u00edch lekc\u00ed, ka\u017ed\u00e1 o&nbsp;d\u00e9lce 90 minut.<\/li>\n<li>Podpora lektora, kter\u00fd je v\u00e1m k&nbsp;dispozici b\u011bhem kurzu.<\/li>\n<li>Certifik\u00e1t o&nbsp;absolvov\u00e1n\u00ed kurzu.<\/li>\n<\/ul>\n<h3>Angli\u010dtina je pro ka\u017ed\u00e9ho!<\/h3>\n<p><strong>Nemus\u00edte m\u00edt \u017e\u00e1dn\u00e9 obavy \u2013 online v\u00fduka je jednoduch\u00e1 a&nbsp;v\u0161e v\u00e1m p\u0159edem uk\u00e1\u017eeme a&nbsp;vysv\u011btl\u00edme.<\/strong> P\u0159ed ka\u017edou lekc\u00ed spolu vyzkou\u0161\u00edme p\u0159ipojen\u00ed a&nbsp;zkontrolujeme, \u017ee v\u00e1m v\u0161e funguje. Sta\u010d\u00ed m\u00edt internet, mikrofon a&nbsp;kameru, a&nbsp;pokud si s&nbsp;n\u011b\u010d\u00edm nebudete v\u011bd\u011bt rady, r\u00e1di v\u00e1m pom\u016f\u017eeme.<\/p>\n<p>Pamatujte, \u017ee nikdy nen\u00ed pozd\u011b za\u010d\u00edt \u2013 angli\u010dtina je skute\u010dn\u011b pro ka\u017ed\u00e9ho, bez ohledu na v\u011bk. Nejde jen o&nbsp;u\u010den\u00ed jazyka, ale tak\u00e9 o&nbsp;objevov\u00e1n\u00ed sv\u011bta, <strong>navazov\u00e1n\u00ed nov\u00fdch p\u0159\u00e1telstv\u00ed<\/strong> a&nbsp;roz\u0161i\u0159ov\u00e1n\u00ed obzor\u016f. D\u00e1me v\u00e1m jistotu, \u017ee <strong>na to nejste sami<\/strong>, a&nbsp;budeme v\u00e1s prov\u00e1zet na ka\u017ed\u00e9m kroku. Ud\u011blejte prvn\u00ed krok k&nbsp;nov\u00fdm mo\u017enostem \u2013 \u010dek\u00e1me na v\u00e1s! \ud83d\ude0a<\/p>\n<p>&nbsp;<\/p>\n<p>&nbsp;<\/p>\n","protected":false},"excerpt":{"rendered":"<p><strong>Den a\u00a0\u010das:<\/strong> \u00dater\u00fd 10:00 \u2013 11:30<br \/>\n<strong>Term\u00edn:<\/strong> 15.&nbsp;9. \u2013 8.&nbsp;12.&nbsp;2026<br \/>\n<strong>Forma v\u00fduky:<\/strong> online<br \/>\n<strong>Intenzita:\u00a0<\/strong>1 lekce t\u00fddn\u011b <br \/>\n<strong>Po\u010det lekc\u00ed:<\/strong> celkem 12 lekc\u00ed (12 x 90 minut)<\/p>\n<p>Pokud preferujete <strong data-start=\"415\" data-end=\"434\">platbu p\u0159evodem<\/strong>, chcete <strong data-start=\"443\" data-end=\"466\">zaplatit na pobo\u010dce<\/strong> nebo m\u00e1te jak\u00fdkoli <strong data-start=\"486\" data-end=\"495\">dotaz<\/strong>, nev\u00e1hejte n\u00e1s kontaktovat na e\u2011mailu <strong data-start=\"534\" data-end=\"556\"><a class=\"cursor-pointer\" href=\"javascript:secureDecryptAndNavigate('9lLbbtut6CCIigMkoQtoiWsnaQ1H9QHubecKsZFDmkmInT58oub+l1dobYoKXsBAnkbAdB2cwLyRVytoNYh43A6yukTcK5dKtw==', '9c1e8f5271bf4f233390c22bdf43601f044e80460c2e9cc63c40d8bc66437679')\" data-start=\"536\" data-end=\"554\">&#115;ko&#108;&#97;&#64;&#115;kr&#105;van&#101;k.cz<\/a><\/strong> nebo na telefonn\u00edm \u010d\u00edsle <a href=\"tel:+420 777 809 805\">+420&nbsp;777&nbsp;809\u00a0805<\/a>.<\/p>\n","protected":false},"featured_media":70804,"template":"","meta":{"_acf_changed":false},"product_brand":[],"product_cat":[58],"product_tag":[],"class_list":{"0":"post-72319","1":"product","2":"type-product","3":"status-publish","4":"has-post-thumbnail","6":"product_cat-kurzy","8":"first","9":"instock","10":"downloadable","11":"virtual","12":"purchasable","13":"product-type-simple"},"acf":[],"aioseo_notices":[],"_links":{"self":[{"href":"https:\/\/skrivanek.cz\/cz\/wp-json\/wp\/v2\/product\/72319","targetHints":{"allow":["GET"]}}],"collection":[{"href":"https:\/\/skrivanek.cz\/cz\/wp-json\/wp\/v2\/product"}],"about":[{"href":"https:\/\/skrivanek.cz\/cz\/wp-json\/wp\/v2\/types\/product"}],"wp:featuredmedia":[{"embeddable":true,"href":"https:\/\/skrivanek.cz\/cz\/wp-json\/wp\/v2\/media\/70804"}],"wp:attachment":[{"href":"https:\/\/skrivanek.cz\/cz\/wp-json\/wp\/v2\/media?parent=72319"}],"wp:term":[{"taxonomy":"product_brand","embeddable":true,"href":"https:\/\/skrivanek.cz\/cz\/wp-json\/wp\/v2\/product_brand?post=72319"},{"taxonomy":"product_cat","embeddable":true,"href":"https:\/\/skrivanek.cz\/cz\/wp-json\/wp\/v2\/product_cat?post=72319"},{"taxonomy":"product_tag","embeddable":true,"href":"https:\/\/skrivanek.cz\/cz\/wp-json\/wp\/v2\/product_tag?post=72319"}],"curies":[{"name":"wp","href":"https:\/\/api.w.org\/{rel}","templated":true}]}}