{"id":72320,"date":"2024-06-27T07:40:28","date_gmt":"2024-06-27T05:40:28","guid":{"rendered":"https:\/\/skrivanek.cz\/?post_type=product&#038;p=72320"},"modified":"2026-01-12T09:41:07","modified_gmt":"2026-01-12T08:41:07","slug":"anglictina-obecny-kurz-a1-zacatecnik","status":"publish","type":"product","link":"https:\/\/skrivanek.cz\/cz\/produkt\/anglictina-obecny-kurz-a1-zacatecnik\/","title":{"rendered":"Angli\u010dtina A1 \u2013 Obecn\u00fd kurz pro za\u010d\u00e1te\u010dn\u00edky"},"content":{"rendered":"<p>Chcete se nau\u010dit z\u00e1klady angli\u010dtiny a&nbsp;z\u00edskat pevn\u00e9 z\u00e1klady pro dal\u0161\u00ed studium? N\u00e1\u0161 <strong>online kurz angli\u010dtiny na <a href=\"https:\/\/skrivanek.cz\/cz\/jazykova-skola\/aj-zacatecnik\/\">\u00farovni A1<\/a><\/strong> je ide\u00e1ln\u00edm \u0159e\u0161en\u00edm pro \u00fapln\u00e9 za\u010d\u00e1te\u010dn\u00edky. Nau\u010d\u00edte se z\u00e1kladn\u00ed slovn\u00ed z\u00e1sobu, jednoduchou gramatiku a&nbsp;osvoj\u00edte si praktick\u00e9 dovednosti pot\u0159ebn\u00e9 pro ka\u017edodenn\u00ed komunikaci. P\u0159idejte se k&nbsp;n\u00e1m a&nbsp;objevte sv\u011bt angli\u010dtiny na \u00farovni, kter\u00e1 v\u00e1s posune d\u00e1l.<\/p>\n<h3>Angli\u010dtina A1 \u2013\u2060\u2060\u2060\u2060\u2060\u2060 obecn\u00fd kurz <img loading=\"lazy\" decoding=\"async\" class=\"alignnone wp-image-61326\" src=\"https:\/\/skrivanek.cz\/wp-content\/uploads\/2023\/08\/ico-jazykovka-big.png\" alt=\"jazykov\u00e1 \u0161kola\" width=\"35\" height=\"25\" \/><\/h3>\n<p>Kurz je zam\u011b\u0159en na z\u00e1kladn\u00ed gramatiku a&nbsp;slovn\u00ed z\u00e1sobu. Studenti se nau\u010d\u00ed z\u00e1kladn\u00ed fr\u00e1ze a&nbsp;jednoduch\u00e9 v\u011bty pro ka\u017edodenn\u00ed situace, jako je p\u0159edstaven\u00ed, n\u00e1kupy a&nbsp;cestov\u00e1n\u00ed. Kurz je strukturov\u00e1n tak, aby umo\u017enil \u00fa\u010dastn\u00edk\u016fm postupn\u011b si osvojit z\u00e1klady anglick\u00e9ho jazyka a&nbsp;z\u00edskat jistotu p\u0159i&nbsp;pou\u017e\u00edv\u00e1n\u00ed jazyka. <strong>V\u011b\u0159\u00edme, \u017ee nejd\u016fle\u017eit\u011bj\u0161\u00ed je um\u011bt se domluvit<\/strong>.\u00a0Na\u0161e kurzy jsou zam\u011b\u0159eny na odbour\u00e1n\u00ed ostychu z&nbsp;mluven\u00ed a&nbsp;schopnost dorozum\u011bt se, i&nbsp;kdy\u017e s&nbsp;chybami.\u00a0<\/p>\n<h3>Pro koho je kurz ur\u010den?<\/h3>\n<p>Tento <strong>obecn\u00fd kurz angli\u010dtiny na \u00farovni A1<\/strong> je vytvo\u0159en pro:<\/p>\n<ul>\n<li>\u00fapln\u00e9 za\u010d\u00e1te\u010dn\u00edky, kte\u0159\u00ed cht\u011bj\u00ed za\u010d\u00edt s&nbsp;angli\u010dtinou od z\u00e1klad\u016f.<\/li>\n<li>lidi, kte\u0159\u00ed si cht\u011bj\u00ed upevnit jednoduchou gramatiku a&nbsp;z\u00e1kladn\u00ed slovn\u00ed z\u00e1sobu.<\/li>\n<li>ty, kdo pot\u0159ebuj\u00ed jazykov\u00e9 dovednosti pro cestov\u00e1n\u00ed, pr\u00e1ci nebo ka\u017edodenn\u00ed komunikaci.<\/li>\n<\/ul>\n<p>Kurz na <strong>\u00farovni A1<\/strong> v\u00e1m umo\u017en\u00ed porozum\u011bt jednoduch\u00fdm v\u011bt\u00e1m a&nbsp;nau\u010dit se reagovat v&nbsp;b\u011b\u017en\u00fdch situac\u00edch.<\/p>\n<h3>Co se v&nbsp;kurzu nau\u010d\u00edte?<\/h3>\n<p>V kurzu budete krom\u011b jin\u00e9ho procvi\u010dovat i&nbsp;jednoduch\u00e9 konverza\u010dn\u00ed obraty. Nau\u010d\u00edte se nap\u0159\u00edklad, <strong>jak se p\u0159edstavit, popsat svoji rodinu, p\u0159\u00e1tele a&nbsp;obl\u00edben\u00e9 aktivity<\/strong>. Na\u0161i lekto\u0159i kladou d\u016fraz na aktivn\u00ed pou\u017e\u00edv\u00e1n\u00ed slovn\u00ed z\u00e1soby a&nbsp;na praktick\u00e9 situace, kter\u00e9 v\u00e1s p\u0159iprav\u00ed na skute\u010dn\u00fd \u017eivot. D\u00edky tomu si budete jisti nejen p\u0159i&nbsp;\u010dten\u00ed a&nbsp;poslechu, ale i&nbsp;p\u0159i&nbsp;samotn\u00e9m mluven\u00ed.<\/p>\n<p>B\u011bhem kurzu se zam\u011b\u0159\u00edme na:<\/p>\n<ul>\n<li><strong>Z\u00e1kladn\u00ed slovn\u00ed z\u00e1sobu<\/strong>: Nau\u010d\u00edte se slov\u00ed\u010dka pot\u0159ebn\u00e1 pro p\u0159edstavov\u00e1n\u00ed, popis rodiny, nakupov\u00e1n\u00ed a&nbsp;dal\u0161\u00ed b\u011b\u017en\u00e9 situace.<\/li>\n<li><strong>Jednoduchou gramatiku<\/strong>: Procvi\u010d\u00edte p\u0159\u00edtomn\u00fd \u010das, z\u00e1kladn\u00ed v\u011btnou strukturu a&nbsp;ot\u00e1zky.<\/li>\n<li><strong>Poslech a&nbsp;v\u00fdslovnost<\/strong>: Nau\u010d\u00edte se rozum\u011bt jednoduch\u00fdm konverzac\u00edm a&nbsp;zlep\u0161\u00edte svou v\u00fdslovnost.<\/li>\n<li><strong>Praktick\u00e9 dovednosti<\/strong>: Zvl\u00e1dnete z\u00e1kladn\u00ed komunikaci na \u00farovni A1 v&nbsp;b\u011b\u017en\u00fdch situac\u00edch, nap\u0159\u00edklad p\u0159estaven\u00ed se, p\u0159i&nbsp;cestov\u00e1n\u00ed nebo ve \u0161kole.<\/li>\n<\/ul>\n<p>Na konci kurzu budete p\u0159ipraveni pokra\u010dovat na vy\u0161\u0161\u00ed \u00farovn\u011b angli\u010dtiny.<\/p>\n<h3>Jak kurz angli\u010dtiny prob\u00edh\u00e1?<\/h3>\n<ul>\n<li><strong>Online form\u00e1t<\/strong>: Kurz prob\u00edh\u00e1 kompletn\u011b online, co\u017e v\u00e1m umo\u017e\u0148uje u\u010dit se odkudkoli.<\/li>\n<li><strong>Interaktivn\u00ed lekce<\/strong>: Lekce jsou strukturovan\u00e9 a&nbsp;zahrnuj\u00ed poslechov\u00e9 aktivity, mluven\u00ed, \u010dten\u00ed a&nbsp;psan\u00ed. D\u016fraz klademe na praktick\u00e9 pou\u017eit\u00ed jazyka v&nbsp;ka\u017edodenn\u00edm \u017eivot\u011b.<\/li>\n<li><strong>Skupinov\u00e1 v\u00fduka<\/strong>: Skupiny jsou mal\u00e9, obvykle 3-4 studenti, co\u017e umo\u017e\u0148uje individu\u00e1ln\u00ed p\u0159\u00edstup a&nbsp;efektivn\u00ed interakci s&nbsp;lektorem a&nbsp;z\u00e1rove\u0148 v\u00fdhody skupinov\u00e9ho u\u010den\u00ed.<\/li>\n<li><strong>D\u00e9lka kurzu<\/strong>: Kurz obsahuje 12 lekc\u00ed, ka\u017ed\u00e1 trv\u00e1 90 minut.<\/li>\n<\/ul>\n<p>D\u00edky tomuto form\u00e1tu budete m\u00edt dostatek p\u0159\u00edle\u017eitost\u00ed procvi\u010dit si angli\u010dtinu na <strong>\u00farovni A1<\/strong> v&nbsp;bezpe\u010dn\u00e9m a&nbsp;podporuj\u00edc\u00edm prost\u0159ed\u00ed.<\/p>\n<div class=\"columns columns-2\" data-columns=\"2\">\n<div class=\"column column-1\">\n<p><img loading=\"lazy\" decoding=\"async\" class=\"aligncenter wp-image-72962\" src=\"https:\/\/skrivanek.cz\/wp-content\/uploads\/2024\/06\/anglictina-lekce-948x520.jpg\" alt=\"lekce angli\u010dtiny na \u00farovni A1, A2, B1, B2, C1, C2\" width=\"300\" height=\"200\" \/><\/p>\n<\/div>\n<div class=\"column column-2\">\n<p><img loading=\"lazy\" decoding=\"async\" class=\"wp-image-72959 aligncenter\" src=\"https:\/\/skrivanek.cz\/wp-content\/uploads\/2024\/06\/kurz-anglictiny-948x520.jpg\" alt=\"kurz angli\u010dtiny\" width=\"300\" height=\"200\" \/><\/p>\n<\/div>\n<\/div>\n<h3>\u00a0<\/h3>\n<h3>Pro\u010d si vybrat n\u00e1\u0161 kurz?<\/h3>\n<ul>\n<li><strong>Zku\u0161en\u00ed lekto\u0159i<\/strong>: Na\u0161i lekto\u0159i maj\u00ed bohat\u00e9 zku\u0161enosti s&nbsp;v\u00fdukou angli\u010dtiny na v\u0161ech \u00farovn\u00edch, v\u010detn\u011b \u00farovn\u011b A1.<\/li>\n<li><strong>Praktick\u00e9 zam\u011b\u0159en\u00ed<\/strong>: D\u016fraz klademe na vyu\u017eit\u00ed angli\u010dtiny v&nbsp;re\u00e1ln\u00fdch situac\u00edch.<\/li>\n<li><strong>Flexibilita<\/strong>: P\u0159izp\u016fsob\u00edme v\u00fduku va\u0161im pot\u0159eb\u00e1m.<\/li>\n<li><strong>Skv\u011bl\u00e9 hodnocen\u00ed<\/strong>: Na\u0161i studenti oce\u0148uj\u00ed p\u0159\u00e1telskou atmosf\u00e9ru, profesion\u00e1ln\u00ed p\u0159\u00edstup a&nbsp;rychl\u00e9 pokroky.<\/li>\n<\/ul>\n<h3>V\u00fdukov\u00e9 materi\u00e1ly<\/h3>\n<p>Pou\u017e\u00edv\u00e1me modern\u00ed a&nbsp;ov\u011b\u0159en\u00e9 v\u00fdukov\u00e9 materi\u00e1ly, kter\u00e9 zahrnuj\u00ed u\u010debnice, pracovn\u00ed se\u0161ity, audio a&nbsp;video nahr\u00e1vky, interaktivn\u00ed online n\u00e1stroje a&nbsp;dal\u0161\u00ed zdroje podporuj\u00edc\u00ed efektivn\u00ed u\u010den\u00ed.\u00a0<\/p>\n<h3>Effecto<\/h3>\n<p>Jedn\u00e1 se o&nbsp;unik\u00e1tn\u00ed v\u00fdukovou metodu. D\u00edky na\u0161\u00ed metod\u011b Effecto\u00ae si snadno a&nbsp;rychle osvoj\u00edte komunikaci v&nbsp;re\u00e1ln\u00fdch situac\u00edch a&nbsp;komplexn\u011b procvi\u010d\u00edte v\u0161echny jazykov\u00e9 dovednosti. Effecto\u00ae garantuje dlouhodob\u00e9 zlep\u0161en\u00ed \u00farovn\u011b jazykov\u00fdch znalost\u00ed student\u016f.<\/p>\n<h3>Cena kurzu<\/h3>\n<p>Cena za cel\u00fd kurz je<strong> 4&nbsp;680&nbsp;K\u010d<\/strong>. V&nbsp;cen\u011b je zahrnuto:<\/p>\n<ul>\n<li>12 lekc\u00ed inspirativn\u00edch lekc\u00ed.<\/li>\n<li>Online podpora od lektora b\u011bhem cel\u00e9ho kurzu.<\/li>\n<li>Certifik\u00e1t o&nbsp;absolvov\u00e1n\u00ed na \u00farovni A1.<\/li>\n<\/ul>\n<p>&nbsp;<\/p>\n<p>S kurzem na <strong>\u00farovni A1<\/strong> za\u010d\u00edn\u00e1te cestu, kter\u00e1 v\u00e1s m\u016f\u017ee dov\u00e9st a\u017e k&nbsp;plynulosti v&nbsp;angli\u010dtin\u011b. Z\u00e1klady, kter\u00e9 si osvoj\u00edte v&nbsp;tomto kurzu, jsou pevnou oporou pro dal\u0161\u00ed rozvoj va\u0161ich jazykov\u00fdch schopnost\u00ed. A1 to tedy nekon\u010d\u00ed! Nab\u00edz\u00edme tak\u00e9 kurzy pro \u00farove\u0148 A2, B1 a&nbsp;d\u00e1le \u2013 a\u017e k&nbsp;dosa\u017een\u00ed va\u0161\u00ed vysn\u011bn\u00e9 jazykov\u00e9 \u00farovn\u011b. Na\u0161e v\u00fdukov\u00e9 programy v\u00e1s provedou krok za krokem, abyste si mohli splnit sv\u00e9 c\u00edle, a\u0165 u\u017e je to kari\u00e9rn\u00ed r\u016fst, studium v&nbsp;zahrani\u010d\u00ed nebo jednodu\u0161e sebev\u011bdom\u00e1 komunikace p\u0159i&nbsp;cestov\u00e1n\u00ed. Vykro\u010dte za sv\u00fdm snem s&nbsp;na\u0161\u00ed podporou \u2013 angli\u010dtina v\u00e1m otev\u0159e nov\u00e9 mo\u017enosti!<\/p>\n","protected":false},"excerpt":{"rendered":"<p><strong>Den a&nbsp;\u010das:<\/strong> \u00dater\u00fd 17:00 &#8211; 18:30<br \/>\n<strong>Term\u00edn:<\/strong> 7.&nbsp;4. \u2013 23.&nbsp;6.&nbsp;2026<br \/>\n<strong>Forma v\u00fduky:<\/strong> online<br \/>\n<strong>Intenzita: <\/strong>1 lekce t\u00fddn\u011b <br \/>\n<strong>Po\u010det lekc\u00ed:<\/strong> celkem 12 lekc\u00ed (12 x 90 minut)<\/p>\n<p>Pokud preferujete <strong data-start=\"415\" data-end=\"434\">platbu p\u0159evodem<\/strong>, chcete <strong data-start=\"443\" data-end=\"466\">zaplatit na pobo\u010dce<\/strong> nebo m\u00e1te jak\u00fdkoli <strong data-start=\"486\" data-end=\"495\">dotaz<\/strong>, nev\u00e1hejte n\u00e1s kontaktovat na e\u2011mailu <strong data-start=\"534\" data-end=\"556\"><a class=\"cursor-pointer\" href=\"javascript:secureDecryptAndNavigate('TJgmOWDXEtBbiGETm+fH0ZQblkjawJ6kTtdHP0xV91P9Lxd6PW6CYMeRMfrQgdt5JmW5krQSsroUS3nBEeWLIHhqyqefSIx6ZQ==', '9c1e8f5271bf4f233390c22bdf43601f044e80460c2e9cc63c40d8bc66437679')\" data-start=\"536\" data-end=\"554\">sko&#108;&#97;&#64;&#115;k&#114;&#105;va&#110;e&#107;.&#99;&#122;<\/a><\/strong> nebo na telefonn\u00edm \u010d\u00edsle <a href=\"tel:+420 777 809 805\">+420&nbsp;777&nbsp;809\u00a0805<\/a>.<\/p>\n","protected":false},"featured_media":70804,"template":"","meta":{"_acf_changed":false},"product_brand":[],"product_cat":[58],"product_tag":[],"class_list":{"0":"post-72320","1":"product","2":"type-product","3":"status-publish","4":"has-post-thumbnail","6":"product_cat-kurzy","8":"first","9":"instock","10":"downloadable","11":"virtual","12":"purchasable","13":"product-type-simple"},"acf":[],"aioseo_notices":[],"_links":{"self":[{"href":"https:\/\/skrivanek.cz\/cz\/wp-json\/wp\/v2\/product\/72320","targetHints":{"allow":["GET"]}}],"collection":[{"href":"https:\/\/skrivanek.cz\/cz\/wp-json\/wp\/v2\/product"}],"about":[{"href":"https:\/\/skrivanek.cz\/cz\/wp-json\/wp\/v2\/types\/product"}],"wp:featuredmedia":[{"embeddable":true,"href":"https:\/\/skrivanek.cz\/cz\/wp-json\/wp\/v2\/media\/70804"}],"wp:attachment":[{"href":"https:\/\/skrivanek.cz\/cz\/wp-json\/wp\/v2\/media?parent=72320"}],"wp:term":[{"taxonomy":"product_brand","embeddable":true,"href":"https:\/\/skrivanek.cz\/cz\/wp-json\/wp\/v2\/product_brand?post=72320"},{"taxonomy":"product_cat","embeddable":true,"href":"https:\/\/skrivanek.cz\/cz\/wp-json\/wp\/v2\/product_cat?post=72320"},{"taxonomy":"product_tag","embeddable":true,"href":"https:\/\/skrivanek.cz\/cz\/wp-json\/wp\/v2\/product_tag?post=72320"}],"curies":[{"name":"wp","href":"https:\/\/api.w.org\/{rel}","templated":true}]}}