{"id":72434,"date":"2024-10-11T10:42:32","date_gmt":"2024-10-11T08:42:32","guid":{"rendered":"https:\/\/skrivanek.cz\/?post_type=product&#038;p=72434"},"modified":"2025-01-17T17:04:33","modified_gmt":"2025-01-17T16:04:33","slug":"kurz-anglictiny-pro-deti-6-7-trida","status":"publish","type":"product","link":"https:\/\/skrivanek.cz\/cz\/produkt\/kurz-anglictiny-pro-deti-6-7-trida\/","title":{"rendered":"Kurz angli\u010dtiny pro d\u011bti 6. \u2013 7.&nbsp;t\u0159\u00eddy \u2013 online"},"content":{"rendered":"<h3>Vyu\u017eijte zimn\u00ed obdob\u00ed ke zdokonalen\u00ed angli\u010dtiny va\u0161eho d\u00edt\u011bte!<\/h3>\n<p>Dop\u0159ejte sv\u00fdm d\u011btem n\u00e1skok v&nbsp;angli\u010dtin\u011b a&nbsp;otev\u0159ete jim dve\u0159e do sv\u011bta jazykov\u00fdch dovednost\u00ed. N\u00e1\u0161 skupinov\u00fd online kurz angli\u010dtiny pro d\u011bti 6.&nbsp;a&nbsp;7.&nbsp;t\u0159\u00eddy je navr\u017een tak, aby d\u011bti rozv\u00edjely jazykov\u00e9 schopnosti z\u00e1bavnou formou. U\u010den\u00ed v&nbsp;angli\u010dtin\u011b je spojeno s&nbsp;motivac\u00ed, interaktivn\u00edmi aktivitami a&nbsp;podporou zku\u0161en\u00fdch lektor\u016f, d\u00edky \u010demu\u017e je ka\u017ed\u00e1 lekce nezapomenuteln\u00fdm z\u00e1\u017eitkem. P\u0159ihlaste sv\u00e9 d\u011bti je\u0161t\u011b dnes a&nbsp;sledujte jejich pokroky s&nbsp;hrdost\u00ed!<\/p>\n<h3>Angli\u010dtina pro d\u011bti \u2013\u2060 obecn\u00fd kurz<\/h3>\n<p>Tento kurz angli\u010dtiny je zam\u011b\u0159en na d\u011bti ve v\u011bku 11 a\u017e 13 let a&nbsp;pom\u00e1h\u00e1 jim osvojit si praktick\u00e9 jazykov\u00e9 dovednosti pro ka\u017edodenn\u00ed komunikaci i&nbsp;\u0161koln\u00ed \u00fasp\u011bchy. Program kurzu kombinuje hravost s&nbsp;efektivn\u00edm u\u010den\u00edm, aby d\u011bti rozv\u00edjely slovn\u00ed z\u00e1sobu, gramatiku i&nbsp;plynulost v&nbsp;angli\u010dtin\u011b. D\u00edky modern\u00edm metod\u00e1m v\u00fduky a&nbsp;individu\u00e1ln\u00edmu p\u0159\u00edstupu si d\u011bti osvoj\u00ed z\u00e1klady angli\u010dtiny z\u00e1bavnou formou, co\u017e je udr\u017e\u00ed motivovan\u00e9 a&nbsp;nad\u0161en\u00e9 pro dal\u0161\u00ed jazykov\u00fd rozvoj.<\/p>\n<h3>Pro koho je kurz ur\u010den?<\/h3>\n<p>Kurz je ide\u00e1ln\u00ed pro \u017e\u00e1ky 6.&nbsp;a&nbsp;7.&nbsp;t\u0159\u00eddy z\u00e1kladn\u00edch \u0161kol, kte\u0159\u00ed:<\/p>\n<ul>\n<li>cht\u011bj\u00ed zlep\u0161it sv\u00e9 dovednosti v&nbsp;angli\u010dtin\u011b,<\/li>\n<li>hledaj\u00ed z\u00e1bavn\u00fd zp\u016fsob, jak se u\u010dit angli\u010dtinu,<\/li>\n<li>pot\u0159ebuj\u00ed z\u00edskat v\u011bt\u0161\u00ed sebed\u016fv\u011bru p\u0159i&nbsp;komunikaci v&nbsp;angli\u010dtin\u011b,<\/li>\n<li>preferuj\u00ed interaktivn\u00ed online prost\u0159ed\u00ed a&nbsp;spolupr\u00e1ci ve skupin\u011b.<\/li>\n<\/ul>\n<div class=\"columns columns-2\" data-columns=\"2\">\n<div class=\"column column-1\">\n<p><img loading=\"lazy\" decoding=\"async\" class=\"aligncenter wp-image-73015\" src=\"https:\/\/skrivanek.cz\/wp-content\/uploads\/2024\/10\/kurz-anglictiny-pro-deti-teenagery-948x520.jpg\" alt=\"angli\u010dtina pro d\u011bti\" width=\"350\" height=\"233\" \/><\/p>\n<\/div>\n<div class=\"column column-2\">\n<p><img loading=\"lazy\" decoding=\"async\" class=\"aligncenter wp-image-72463\" src=\"https:\/\/skrivanek.cz\/wp-content\/uploads\/2024\/10\/kurz-anglictiny-deti-8-9-trida.jpg\" alt=\"online kurz angli\u010dtiny pro d\u011bti\" width=\"300\" height=\"199\" \/><\/p>\n<\/div>\n<\/div>\n<h3>Co d\u011bti v\u00a0kurzu z\u00edskaj\u00ed?<\/h3>\n<p>V na\u0161em kurzu se d\u011bti nau\u010d\u00ed:<\/p>\n<ul>\n<li style=\"list-style-type: none;\">\n<ul>\n<li>Zlep\u0161\u00ed si sv\u00e9 komunika\u010dn\u00ed dovednosti v\u00a0angli\u010dtin\u011b.<\/li>\n<li>Procvi\u010d\u00ed si slovn\u00ed z\u00e1sobu a\u00a0gramatiku formou z\u00e1bavn\u00fdch aktivit.<\/li>\n<li>Nau\u010d\u00ed se pou\u017e\u00edvat angli\u010dtinu v\u00a0praktick\u00fdch situac\u00edch.<\/li>\n<li>Budou motivov\u00e1ni ke kontinu\u00e1ln\u00edmu zlep\u0161ov\u00e1n\u00ed d\u00edky pravideln\u00fdm lekc\u00edm.<\/li>\n<\/ul>\n<\/li>\n<\/ul>\n<h3>Jak kurz vypad\u00e1?<\/h3>\n<ul>\n<li><strong>Online form\u00e1t<\/strong>: V\u0161echny lekce prob\u00edhaj\u00ed online, co\u017e umo\u017e\u0148uje pohodln\u00fd p\u0159\u00edstup z&nbsp;domova bez nutnosti cestov\u00e1n\u00ed. Sta\u010d\u00ed po\u010d\u00edta\u010d, tablet nebo chytr\u00fd telefon a&nbsp;p\u0159ipojen\u00ed k&nbsp;internetu.<\/li>\n<\/ul>\n<ul>\n<li><strong>Interaktivn\u00ed lekce<\/strong>: Ka\u017ed\u00e1 lekce je postavena na hr\u00e1ch, cvi\u010den\u00edch a&nbsp;aktivit\u00e1ch, kter\u00e9 d\u011bti bav\u00ed a&nbsp;sou\u010dasn\u011b je u\u010d\u00ed. Interaktivn\u00ed form\u00e1t pom\u00e1h\u00e1 d\u011btem udr\u017eet pozornost a&nbsp;u\u010dit se angli\u010dtinu p\u0159irozen\u011b.<\/li>\n<\/ul>\n<ul>\n<li><strong>Skupinov\u00e1 v\u00fduka<\/strong>: D\u011bti se u\u010d\u00ed ve skupin\u011b vrstevn\u00edk\u016f, co\u017e podporuje vz\u00e1jemnou spolupr\u00e1ci, motivaci a&nbsp;komunikaci v&nbsp;angli\u010dtin\u011b. Skupiny jsou v\u0161ak mal\u00e9, tak\u017ee m\u00e1 ka\u017ed\u00fd \u00fa\u010dastn\u00edk prostor a&nbsp;individu\u00e1ln\u00ed p\u0159\u00edstup.<\/li>\n<\/ul>\n<ul>\n<li><strong>D\u00e9lka kurzu<\/strong>: Kurz zahrnuje 12 lekc\u00ed, ka\u017ed\u00e1 v&nbsp;d\u00e9lce 60 minut.<\/li>\n<\/ul>\n<h3>Pro\u010d si vybrat n\u00e1\u0161 kurz?<\/h3>\n<ul>\n<li>\n<p><strong>V\u00fduka, kter\u00e1 posouv\u00e1 d\u011bti d\u00e1l:<\/strong>\u00a0V\u00a0na\u0161ich kurzech d\u011bti nez\u016fst\u00e1vaj\u00ed jen u\u00a0z\u00e1klad\u016f. Pom\u00e1h\u00e1me jim aktivn\u011b pou\u017e\u00edvat angli\u010dtinu v\u00a0ka\u017edodenn\u00edch situac\u00edch, rozv\u00edj\u00edme jejich sebed\u016fv\u011bru v\u00a0komunikaci a\u00a0motivujeme je k\u00a0pokroku. Ka\u017ed\u00e1 lekce je prakticky zam\u011b\u0159en\u00e1 a\u00a0p\u0159izp\u016fsoben\u00e1 pot\u0159eb\u00e1m d\u011bt\u00ed.<\/p>\n<\/li>\n<li>\n<p><strong>Modern\u00ed a\u00a0z\u00e1bavn\u00e1 forma v\u00fduky:<\/strong>\u00a0Zapome\u0148te na nudn\u00e9 u\u010debnice a\u00a0\u0161prt\u00e1n\u00ed slov\u00ed\u010dek a\u00a0gramatiky. Na\u0161e lekce jsou pln\u00e9 interaktivn\u00edch aktivit, her a\u00a0z\u00e1bavn\u00fdch \u00fakol\u016f, kter\u00e9 d\u011bti bav\u00ed a\u00a0z\u00e1rove\u0148 jim pom\u00e1haj\u00ed rozv\u00edjet skute\u010dn\u00e9 dovednosti.<\/p>\n<\/li>\n<li>\n<p><strong>Individu\u00e1ln\u00ed p\u0159\u00edstup d\u00edky mal\u00fdm skupink\u00e1m:<\/strong>\u00a0D\u00edky tomu, \u017ee jsou v\u00a0ka\u017ed\u00e9 skupince maxim\u00e1ln\u011b 4 \u00fa\u010dastn\u00edci, m\u00e1me \u010das v\u011bnovat se ka\u017ed\u00e9mu d\u00edt\u011bti naplno. Va\u0161e d\u00edt\u011b tak dostane p\u0159esn\u011b tu pozornost, kterou pot\u0159ebuje k\u00a0dosa\u017een\u00ed skute\u010dn\u00fdch v\u00fdsledk\u016f.<\/p>\n<\/li>\n<\/ul>\n<p>Kurz je navr\u017een tak, aby d\u011btem umo\u017enil u\u010dit se v\u00a0p\u0159\u00e1telsk\u00e9 a\u00a0podn\u011btn\u00e9 atmosf\u00e9\u0159e. Mal\u00fd po\u010det \u00fa\u010dastn\u00edk\u016f zaji\u0161\u0165uje individu\u00e1ln\u00ed p\u0159\u00edstup lektora a\u00a0efektivn\u00ed v\u00fduku.<\/p>\n<p>&nbsp;<\/p>\n<p>P\u0159ihlaste sv\u00e9 d\u00edt\u011b je\u0161t\u011b dnes a\u00a0dop\u0159ejte mu mo\u017enost zdokonalit se v\u00a0angli\u010dtin\u011b v\u00a0mal\u00e9m kolektivu s\u00a0kvalifikovan\u00fdm lektorem!<\/p>\n<p><strong>Kapacita kurzu je omezen\u00e1 na 4 \u00fa\u010dastn\u00edky, proto nev\u00e1hejte a\u00a0rezervujte si m\u00edsto co nejd\u0159\u00edve.<\/strong><\/p>\n","protected":false},"excerpt":{"rendered":"<h3>Informace o&nbsp;kurzu:<\/h3>\n<ul>\n<li><strong>Term\u00edn<\/strong>: 14.&nbsp;1. \u2013 1.&nbsp;4.&nbsp;2025<\/li>\n<li><strong>\u010cas<\/strong>: ka\u017ed\u00e9 \u00fater\u00fd od 15:00 do 16:00<\/li>\n<li><strong>Po\u010det lekc\u00ed<\/strong>: 12 (12 x 60 minut)<\/li>\n<li><strong>Forma<\/strong>: online v\u00fduka<\/li>\n<li><strong>Po\u010det \u00fa\u010dastn\u00edk\u016f<\/strong>: maxim\u00e1ln\u011b 4 d\u011bti ve skupin\u011b<\/li>\n<li><strong>Cena<\/strong>: 3&nbsp;550&nbsp;K\u010d za cel\u00fd kurz<\/li>\n<\/ul>\n","protected":false},"featured_media":72458,"template":"","meta":{"_acf_changed":false},"product_brand":[],"product_cat":[36],"product_tag":[],"class_list":{"0":"post-72434","1":"product","2":"type-product","3":"status-publish","4":"has-post-thumbnail","6":"product_cat-uhrada-faktur","8":"first","9":"outofstock","10":"downloadable","11":"virtual","12":"purchasable","13":"product-type-simple"},"acf":[],"aioseo_notices":[],"_links":{"self":[{"href":"https:\/\/skrivanek.cz\/cz\/wp-json\/wp\/v2\/product\/72434","targetHints":{"allow":["GET"]}}],"collection":[{"href":"https:\/\/skrivanek.cz\/cz\/wp-json\/wp\/v2\/product"}],"about":[{"href":"https:\/\/skrivanek.cz\/cz\/wp-json\/wp\/v2\/types\/product"}],"wp:featuredmedia":[{"embeddable":true,"href":"https:\/\/skrivanek.cz\/cz\/wp-json\/wp\/v2\/media\/72458"}],"wp:attachment":[{"href":"https:\/\/skrivanek.cz\/cz\/wp-json\/wp\/v2\/media?parent=72434"}],"wp:term":[{"taxonomy":"product_brand","embeddable":true,"href":"https:\/\/skrivanek.cz\/cz\/wp-json\/wp\/v2\/product_brand?post=72434"},{"taxonomy":"product_cat","embeddable":true,"href":"https:\/\/skrivanek.cz\/cz\/wp-json\/wp\/v2\/product_cat?post=72434"},{"taxonomy":"product_tag","embeddable":true,"href":"https:\/\/skrivanek.cz\/cz\/wp-json\/wp\/v2\/product_tag?post=72434"}],"curies":[{"name":"wp","href":"https:\/\/api.w.org\/{rel}","templated":true}]}}