{"id":72446,"date":"2024-06-28T01:06:20","date_gmt":"2024-06-27T23:06:20","guid":{"rendered":"https:\/\/skrivanek.cz\/?post_type=product&#038;p=72446"},"modified":"2026-01-13T15:44:08","modified_gmt":"2026-01-13T14:44:08","slug":"maturita-z-anglictiny-s-klidem-intezivni-kurz","status":"publish","type":"product","link":"https:\/\/skrivanek.cz\/cz\/produkt\/maturita-z-anglictiny-s-klidem-intezivni-kurz\/","title":{"rendered":"Maturita z&nbsp;angli\u010dtiny s&nbsp;klidem \u2013 intenzivn\u00ed kurz"},"content":{"rendered":"<p><span style=\"font-size: 20px;\">Chcete m\u00edt u&nbsp;maturity opravdu pevnou p\u016fdu pod nohama? Intenzivn\u00ed verze na\u0161eho osv\u011bd\u010den\u00e9ho kurzu nab\u00edz\u00ed 24 lekc\u00ed, b\u011bhem nich\u017e projdete v\u0161echny maturitn\u00ed \u010d\u00e1sti je\u0161t\u011b d\u016fkladn\u011bji. D\u00edky del\u0161\u00edmu \u010dasu u&nbsp;jednotliv\u00fdch okruh\u016f z\u00edsk\u00e1te prostor nejen pro procvi\u010den\u00ed, ale i&nbsp;pro upevn\u011bn\u00ed jistoty a&nbsp;sebed\u016fv\u011bry.<\/span><\/p>\n<h3>Intenzivn\u00ed p\u0159\u00edprava na maturitu z&nbsp;angli\u010dtiny \u2013 zvl\u00e1dn\u011bte zkou\u0161ku s&nbsp;jistotou!<\/h3>\n<p>Tento kurz je ur\u010den pro studenty, kte\u0159\u00ed pot\u0159ebuj\u00ed pos\u00edlit sv\u00e9 dovednosti nezbytn\u00e9 pro \u00fasp\u011b\u0161n\u00e9 slo\u017een\u00ed maturitn\u00ed zkou\u0161ky z&nbsp;angli\u010dtiny. A\u0165 u\u017e m\u00e1te nejistoty ohledn\u011b didaktick\u00e9ho testu, poslechov\u00fdch \u010d\u00e1st\u00ed, \u00fastn\u00ed zkou\u0161ky, nebo se tr\u00e1p\u00edte s&nbsp;gramatikou, tento kurz v\u00e1m pom\u016f\u017ee se p\u0159ipravit a&nbsp;z\u00edskat pot\u0159ebn\u00e9 sebev\u011bdom\u00ed.<\/p>\n<h3>Co v\u00e1m kurz p\u0159inese?<\/h3>\n<ul>\n<li><strong>Zam\u011b\u0159en\u00ed na didaktick\u00fd test:<\/strong>\u00a0Spole\u010dn\u011b s\u00a0lektorem si projdeme kl\u00ed\u010dov\u00e9 oblasti, kde studenti \u010dasto chybuj\u00ed \u2013 gramatiku, \u010dasy, slovosled a\u00a0\u010dten\u00ed s\u00a0porozum\u011bn\u00edm. Procvi\u010d\u00edte si r\u016fzn\u00e9 typy \u00faloh a\u00a0upevn\u00edte si spr\u00e1vn\u00e1 pravidla.<\/li>\n<li><strong>Zlep\u0161en\u00ed poslechov\u00fdch dovednost\u00ed:<\/strong>\u00a0Jedn\u00edm z\u00a0nejv\u011bt\u0161\u00edch probl\u00e9m\u016f u\u00a0maturitn\u00edch poslech\u016f b\u00fdv\u00e1 rychlost a\u00a0nesrozumitelnost mluven\u00e9ho projevu. Nau\u010d\u00edte se techniky, jak l\u00e9pe rozum\u011bt angli\u010dtin\u011b a\u00a0jak se nenechat zasko\u010dit nezn\u00e1m\u00fdmi situacemi.<\/li>\n<li><strong>P\u0159\u00edprava na \u00fastn\u00ed \u010d\u00e1st:<\/strong>\u00a0Zlep\u0161\u00edte si svou slovn\u00ed z\u00e1sobu a\u00a0osvoj\u00edte si efektivn\u00ed p\u0159\u00edpravu na \u00fastn\u00ed zkou\u0161ku. Nau\u010d\u00edte se formulovat odpov\u011bdi jasn\u011b a\u00a0p\u0159esn\u011b, aby va\u0161e vyjad\u0159ov\u00e1n\u00ed na maturit\u011b vyniklo.<\/li>\n<li><strong>Individu\u00e1ln\u00ed p\u0159\u00edstup:<\/strong>\u00a0Lektor se zam\u011b\u0159\u00ed na va\u0161e specifick\u00e9 pot\u0159eby. Zhodnot\u00ed va\u0161e slabiny a\u00a0pom\u016f\u017ee v\u00e1m zlep\u0161it se tam, kde to pot\u0159ebujete nejv\u00edce. Ka\u017ed\u00e1 lekce bude p\u0159izp\u016fsobena va\u0161im osobn\u00edm pot\u0159eb\u00e1m.<\/li>\n<li style=\"list-style-type: none;\">\u00a0<\/li>\n<li style=\"list-style-type: none;\">\u00a0<\/li>\n<\/ul>\n<h3>Pro\u010d zvolit n\u00e1\u0161 intenzivn\u00ed kurz?<\/h3>\n<ul>\n<li>\n<p><strong>Praktick\u00e1 p\u0159\u00edprava na testy:<\/strong> S&nbsp;lektorem projdete modelov\u00e9 maturitn\u00ed testy, abyste si vyzkou\u0161eli, co v\u00e1s \u010dek\u00e1, a&nbsp;v\u011bd\u011bli, jak se vyhnout \u010dast\u00fdm chyb\u00e1m.<\/p>\n<\/li>\n<li>\n<p><strong>Flexibiln\u00ed p\u0159\u00edstup:<\/strong> Zam\u011b\u0159\u00edme se na oblasti, kter\u00e9 pro v\u00e1s p\u0159edstavuj\u00ed nejv\u011bt\u0161\u00ed v\u00fdzvu \u2013 a\u0165 u\u017e jde o&nbsp;gramatiku, poslech, nebo konverza\u010dn\u00ed dovednosti pro \u00fastn\u00ed \u010d\u00e1st.<\/p>\n<\/li>\n<li>\n<p><strong>Zku\u0161en\u00ed lekto\u0159i:<\/strong> Na\u0161i lekto\u0159i maj\u00ed bohat\u00e9 zku\u0161enosti s&nbsp;p\u0159\u00edpravou student\u016f na maturitn\u00ed zkou\u0161ky. V\u011bd\u00ed, jak\u00e9 probl\u00e9my studenti obvykle \u0159e\u0161\u00ed, a&nbsp;um\u00ed slo\u017eit\u00e9 jevy vysv\u011btlit srozumiteln\u011b a&nbsp;jasn\u011b.<\/p>\n<\/li>\n<li data-start=\"766\" data-end=\"850\">\n<p data-start=\"1241\" data-end=\"1407\"><strong data-start=\"1241\" data-end=\"1272\">V\u00edce \u010dasu na v\u0161echny \u010d\u00e1sti:<\/strong> Ka\u017ed\u00fd okruh si projdete d\u016fkladn\u011b, bez sp\u011bchu a&nbsp;opakovan\u011b, tak\u017ee m\u00edsto \u201erychl\u00e9ho pr\u016fletu\u201c z\u00edsk\u00e1te opravdov\u00e9 porozum\u011bn\u00ed a&nbsp;sebejistotu.<\/p>\n<\/li>\n<li data-start=\"766\" data-end=\"850\">\n<p data-start=\"1241\" data-end=\"1407\"><strong data-start=\"1409\" data-end=\"1429\">Roz\u0161\u00ed\u0159en\u00e1 praxe:<\/strong> D\u00edky vy\u0161\u0161\u00edmu po\u010dtu lekc\u00ed v\u00e1s \u010dek\u00e1 v\u00edce konverzac\u00ed, poslechov\u00fdch \u00faloh i&nbsp;p\u00edsemn\u00fdch cvi\u010den\u00ed. \u010c\u00edm v\u00edc natr\u00e9nujete, t\u00edm jist\u011bj\u0161\u00ed budete u&nbsp;maturitn\u00ed zkou\u0161ky.<\/p>\n<\/li>\n<li data-start=\"766\" data-end=\"850\">\n<p data-start=\"1241\" data-end=\"1407\"><strong data-start=\"1581\" data-end=\"1613\">Siln\u011bj\u0161\u00ed jistota u&nbsp;maturity:<\/strong> D\u016fkladn\u011bj\u0161\u00ed p\u0159\u00edprava znamen\u00e1 m\u00e9n\u011b stresu \u2013 p\u0159ijdete k&nbsp;maturit\u011b klidn\u011bj\u0161\u00ed, proto\u017ee v\u00edte, \u017ee jste ud\u011blali maximum.<\/p>\n<\/li>\n<\/ul>\n<p>&nbsp;<\/p>\n<p>P\u0159ipojte se k&nbsp;na\u0161emu kurzu a&nbsp;zvl\u00e1dn\u011bte maturitn\u00ed zkou\u0161ku z&nbsp;angli\u010dtiny s&nbsp;jistotou! S&nbsp;n\u00e1mi se budete c\u00edtit p\u0159ipraveni na v\u0161echny \u010d\u00e1sti zkou\u0161ky a&nbsp;dos\u00e1hnete \u00fasp\u011bchu tam, kde jste d\u0159\u00edve v\u00e1hali. Intenzivn\u00ed kurz v\u00e1m d\u00e1 n\u00e1skok, kter\u00fd u&nbsp;maturity ocen\u00edte.<\/p>\n<p>Maturita nen\u00ed jen dal\u0161\u00ed test \u2013 je to zkou\u0161ka, kter\u00e1 ur\u010d\u00ed, jak\u00fdm sm\u011brem se vyd\u00e1te d\u00e1l. \u26a0\ufe0f <strong>Nepodce\u0148ujte p\u0159\u00edpravu<\/strong>. D\u00edky na\u0161emu kurzu z\u00edsk\u00e1te n\u00e1skok, kter\u00fd v\u00e1m umo\u017en\u00ed zvl\u00e1dnout zkou\u0161ku s&nbsp;jistotou a&nbsp;bez zbyte\u010dn\u00e9ho stresu.<\/p>\n","protected":false},"excerpt":{"rendered":"<p><span style=\"font-size: 28px;\"><strong><span style=\"color: #ff0000;\">Dal\u0161\u00ed term\u00edny vyp\u00ed\u0161eme na podzim 2026.<\/span><\/strong><\/span><\/p>\n<p><strong>Den a&nbsp;\u010das:<\/strong> \u00dater\u00fd a&nbsp;\u010dtvrtek 17:00 \u2013 18:30<br \/>\n<strong>Term\u00edn:<\/strong>\u00a0<br \/>\n<strong>Forma v\u00fduky:<\/strong> online<br \/>\n<strong>Intenzita: <\/strong>2\u00a0lekce t\u00fddn\u011b<br \/>\n<strong>Po\u010det lekc\u00ed:<\/strong> celkem 24 lekc\u00ed (24 x 90 minut)<br \/>\n<strong>Po\u010det \u00fa\u010dastn\u00edk\u016f:<\/strong> 4<\/p>\n<p>Pokud preferujete <strong data-start=\"415\" data-end=\"434\">platbu p\u0159evodem<\/strong>, chcete <strong data-start=\"443\" data-end=\"466\">zaplatit na pobo\u010dce<\/strong> nebo m\u00e1te jak\u00fdkoli <strong data-start=\"486\" data-end=\"495\">dotaz<\/strong>, nev\u00e1hejte n\u00e1s kontaktovat na e\u2011mailu <strong data-start=\"534\" data-end=\"556\"><a class=\"cursor-pointer\" href=\"javascript:secureDecryptAndNavigate('MIaCZrHkIzBerSOs7g+IJcz1yqBCzpuyxiMzHDyvw\/9fKNXzcTUvpMkIi7uOFKbr4xq55zG8GbIQ3xYAxA+AYMJcS1RzHfCvXA==', '9c1e8f5271bf4f233390c22bdf43601f044e80460c2e9cc63c40d8bc66437679')\" data-start=\"536\" data-end=\"554\">s&#107;&#111;la&#64;&#115;kr&#105;v&#97;&#110;e&#107;&#46;&#99;z<\/a><\/strong> nebo na telefonn\u00edm \u010d\u00edsle <a href=\"tel:+420 777 809 805\">+420&nbsp;777&nbsp;809\u00a0805<\/a>.<\/p>\n","protected":false},"featured_media":72447,"template":"","meta":{"_acf_changed":false},"product_brand":[],"product_cat":[58],"product_tag":[],"class_list":{"0":"post-72446","1":"product","2":"type-product","3":"status-publish","4":"has-post-thumbnail","6":"product_cat-kurzy","8":"first","9":"instock","10":"downloadable","11":"virtual","12":"purchasable","13":"product-type-simple"},"acf":[],"aioseo_notices":[],"_links":{"self":[{"href":"https:\/\/skrivanek.cz\/cz\/wp-json\/wp\/v2\/product\/72446","targetHints":{"allow":["GET"]}}],"collection":[{"href":"https:\/\/skrivanek.cz\/cz\/wp-json\/wp\/v2\/product"}],"about":[{"href":"https:\/\/skrivanek.cz\/cz\/wp-json\/wp\/v2\/types\/product"}],"wp:featuredmedia":[{"embeddable":true,"href":"https:\/\/skrivanek.cz\/cz\/wp-json\/wp\/v2\/media\/72447"}],"wp:attachment":[{"href":"https:\/\/skrivanek.cz\/cz\/wp-json\/wp\/v2\/media?parent=72446"}],"wp:term":[{"taxonomy":"product_brand","embeddable":true,"href":"https:\/\/skrivanek.cz\/cz\/wp-json\/wp\/v2\/product_brand?post=72446"},{"taxonomy":"product_cat","embeddable":true,"href":"https:\/\/skrivanek.cz\/cz\/wp-json\/wp\/v2\/product_cat?post=72446"},{"taxonomy":"product_tag","embeddable":true,"href":"https:\/\/skrivanek.cz\/cz\/wp-json\/wp\/v2\/product_tag?post=72446"}],"curies":[{"name":"wp","href":"https:\/\/api.w.org\/{rel}","templated":true}]}}