{"id":72450,"date":"2024-10-10T14:40:24","date_gmt":"2024-10-10T12:40:24","guid":{"rendered":"https:\/\/skrivanek.cz\/?post_type=product&#038;p=72450"},"modified":"2025-01-09T12:12:29","modified_gmt":"2025-01-09T11:12:29","slug":"maturita-z-anglictiny-s-klidem-3","status":"publish","type":"product","link":"https:\/\/skrivanek.cz\/cz\/produkt\/maturita-z-anglictiny-s-klidem-3\/","title":{"rendered":"Maturita z&nbsp;angli\u010dtiny s&nbsp;klidem 3"},"content":{"rendered":"<h3>P\u0159\u00edprava na maturitu z&nbsp;angli\u010dtiny \u2013 bu\u010fte p\u0159ipraveni s&nbsp;jistotou!<\/h3>\n<p>Tento kurz je ide\u00e1ln\u00ed pro studenty, kte\u0159\u00ed cht\u011bj\u00ed zdokonalit sv\u00e9 dovednosti pot\u0159ebn\u00e9 k&nbsp;\u00fasp\u011b\u0161n\u00e9mu slo\u017een\u00ed maturitn\u00ed zkou\u0161ky z&nbsp;anglick\u00e9ho jazyka. Bez ohledu na to, zda m\u00e1te obavy z&nbsp;didaktick\u00e9ho testu, poslechu, \u00fastn\u00ed zkou\u0161ky nebo pot\u0159ebujete upevnit sv\u00e9 znalosti gramatiky, tento kurz v\u00e1s p\u0159iprav\u00ed na v\u0161echny \u010d\u00e1sti zkou\u0161ky a&nbsp;dod\u00e1 v\u00e1m sebev\u011bdom\u00ed.<\/p>\n<h3>Co z\u00edsk\u00e1te \u00fa\u010dast\u00ed na kurzu?<\/h3>\n<ul>\n<li>\n<p><strong>C\u00edlen\u00e1 p\u0159\u00edprava na didaktick\u00fd test:<\/strong> Spolu s&nbsp;lektorem se zam\u011b\u0159\u00edme na d\u016fle\u017eit\u00e9 oblasti, kde studenti \u010dasto chybuj\u00ed \u2013 jako jsou gramatick\u00e1 pravidla, \u010dasov\u00e1n\u00ed sloves, slovosled a&nbsp;porozum\u011bn\u00ed textu. Nau\u010d\u00edte se pracovat s&nbsp;r\u016fzn\u00fdmi typy \u00faloh a&nbsp;osvoj\u00edte si kl\u00ed\u010dov\u00e9 postupy.<\/p>\n<\/li>\n<li>\n<p><strong>Vylep\u0161en\u00ed poslechov\u00fdch schopnost\u00ed:<\/strong> Poslechy u&nbsp;maturity b\u00fdvaj\u00ed pro mnoh\u00e9 studenty n\u00e1ro\u010dn\u00e9, zejm\u00e9na kv\u016fli rychlosti mluven\u00e9 \u0159e\u010di. V&nbsp;kurzu se nau\u010d\u00edte techniky, jak zlep\u0161it porozum\u011bn\u00ed mluven\u00e9 angli\u010dtin\u011b a&nbsp;nenechat se p\u0159ekvapit nezn\u00e1m\u00fdmi v\u00fdrazy \u010di&nbsp;fr\u00e1zemi.<\/p>\n<\/li>\n<li>\n<p><strong>P\u0159\u00edprava na \u00fastn\u00ed zkou\u0161ku:<\/strong> Roz\u0161\u00ed\u0159\u00edte si slovn\u00ed z\u00e1sobu a&nbsp;osvoj\u00edte si efektivn\u00ed metody, jak se p\u0159ipravit na \u00fastn\u00ed \u010d\u00e1st maturitn\u00ed zkou\u0161ky. Nau\u010d\u00edte se, jak spr\u00e1vn\u011b formulovat sv\u00e9 odpov\u011bdi a&nbsp;zaujmout hodnot\u00edc\u00ed komisi.<\/p>\n<\/li>\n<li>\n<p><strong>Osobn\u00ed p\u0159\u00edstup:<\/strong> Ka\u017ed\u00fd student m\u00e1 jin\u00e9 siln\u00e9 a&nbsp;slab\u00e9 str\u00e1nky. Na\u0161e individu\u00e1ln\u00ed p\u0159\u00edstup zaru\u010d\u00ed, \u017ee se zam\u011b\u0159\u00edme na oblasti, kter\u00e9 pot\u0159ebujete zlep\u0161it, a&nbsp;poskytneme v\u00e1m podporu p\u0159esn\u011b tam, kde ji nejv\u00edce pot\u0159ebujete. Ka\u017ed\u00e1 hodina je p\u0159izp\u016fsobena va\u0161im konkr\u00e9tn\u00edm pot\u0159eb\u00e1m.<\/p>\n<\/li>\n<\/ul>\n<h3>Pro\u010d si vybrat tento kurz?<\/h3>\n<ul>\n<li>\n<p><strong>Re\u00e1ln\u00e1 p\u0159\u00edprava na testy:<\/strong> S&nbsp;na\u0161\u00edm lektorem budete pracovat na modelov\u00fdch testech z&nbsp;minul\u00fdch let, abyste si ov\u011b\u0159ili sv\u00e9 znalosti a&nbsp;vyhnuli se \u010dast\u00fdm chyb\u00e1m, kter\u00e9 mohou st\u00e1t cenn\u00e9 body.<\/p>\n<\/li>\n<li>\n<p><strong>Flexibilita:<\/strong> Kurz se zam\u011b\u0159uje na oblasti, kter\u00e9 v\u00e1s tr\u00e1p\u00ed nejv\u00edce \u2013 a\u0165 u\u017e jde o&nbsp;gramatiku, poslech nebo konverza\u010dn\u00ed dovednosti pro \u00fastn\u00ed \u010d\u00e1st zkou\u0161ky.<\/p>\n<\/li>\n<li>\n<p><strong>Zku\u0161en\u00ed lekto\u0159i:<\/strong> Na\u0161i lekto\u0159i maj\u00ed dlouholet\u00e9 zku\u0161enosti s&nbsp;p\u0159\u00edpravou student\u016f na maturitn\u00ed zkou\u0161ky. Jsou schopni vysv\u011btlit slo\u017eit\u00e9 gramatick\u00e9 jevy jasn\u00fdm a&nbsp;srozumiteln\u00fdm zp\u016fsobem a&nbsp;pomohou v\u00e1m zvl\u00e1dnout i&nbsp;nejobt\u00ed\u017en\u011bj\u0161\u00ed t\u00e9mata.<\/p>\n<\/li>\n<\/ul>\n<p>P\u0159ihlaste se do na\u0161eho kurzu a&nbsp;projd\u011bte maturitou z&nbsp;angli\u010dtiny s&nbsp;jistotou! D\u00edky na\u0161im zku\u0161en\u00fdm lektor\u016fm a&nbsp;individu\u00e1ln\u00edmu p\u0159\u00edstupu budete na v\u0161echny \u010d\u00e1sti zkou\u0161ky p\u0159ipraveni a&nbsp;zv\u00fd\u0161\u00edte sv\u00e9 \u0161ance na \u00fasp\u011bch.<\/p>\n","protected":false},"excerpt":{"rendered":"<p><strong>Den a&nbsp;\u010das:<\/strong> \u010ctvrtek 15:00 \u2013 16:30<br \/>\n<strong>Term\u00edn:<\/strong> 8.&nbsp;1. \u2013 16.&nbsp;4.&nbsp;2025<br \/>\n<strong>Forma v\u00fduky:<\/strong>\u00a0online<br \/>\n<strong>Intenzita:\u00a0<\/strong>1 lekce t\u00fddn\u011b<br \/>\n<strong>Po\u010det lekc\u00ed:<\/strong> celkem 15 lekc\u00ed (15 x 90 minut)<br \/>\n<strong>Po\u010det \u00fa\u010dastn\u00edk\u016f:<\/strong> 4<\/p>\n","protected":false},"featured_media":72451,"template":"","meta":{"_acf_changed":false},"product_brand":[],"product_cat":[36],"product_tag":[],"class_list":{"0":"post-72450","1":"product","2":"type-product","3":"status-publish","4":"has-post-thumbnail","6":"product_cat-uhrada-faktur","8":"first","9":"outofstock","10":"downloadable","11":"virtual","12":"purchasable","13":"product-type-simple"},"acf":[],"aioseo_notices":[],"_links":{"self":[{"href":"https:\/\/skrivanek.cz\/cz\/wp-json\/wp\/v2\/product\/72450","targetHints":{"allow":["GET"]}}],"collection":[{"href":"https:\/\/skrivanek.cz\/cz\/wp-json\/wp\/v2\/product"}],"about":[{"href":"https:\/\/skrivanek.cz\/cz\/wp-json\/wp\/v2\/types\/product"}],"wp:featuredmedia":[{"embeddable":true,"href":"https:\/\/skrivanek.cz\/cz\/wp-json\/wp\/v2\/media\/72451"}],"wp:attachment":[{"href":"https:\/\/skrivanek.cz\/cz\/wp-json\/wp\/v2\/media?parent=72450"}],"wp:term":[{"taxonomy":"product_brand","embeddable":true,"href":"https:\/\/skrivanek.cz\/cz\/wp-json\/wp\/v2\/product_brand?post=72450"},{"taxonomy":"product_cat","embeddable":true,"href":"https:\/\/skrivanek.cz\/cz\/wp-json\/wp\/v2\/product_cat?post=72450"},{"taxonomy":"product_tag","embeddable":true,"href":"https:\/\/skrivanek.cz\/cz\/wp-json\/wp\/v2\/product_tag?post=72450"}],"curies":[{"name":"wp","href":"https:\/\/api.w.org\/{rel}","templated":true}]}}