{"id":72454,"date":"2024-10-11T08:48:31","date_gmt":"2024-10-11T06:48:31","guid":{"rendered":"https:\/\/skrivanek.cz\/?post_type=product&#038;p=72454"},"modified":"2025-01-09T12:12:57","modified_gmt":"2025-01-09T11:12:57","slug":"maturita-z-cestiny-s-klidem","status":"publish","type":"product","link":"https:\/\/skrivanek.cz\/cz\/produkt\/maturita-z-cestiny-s-klidem\/","title":{"rendered":"Maturita z&nbsp;\u010de\u0161tiny s&nbsp;klidem"},"content":{"rendered":"<p>P\u0159ipravte se na maturitu z&nbsp;\u010desk\u00e9ho jazyka a&nbsp;literatury s&nbsp;jistotou! Kurz <strong>Maturita z&nbsp;\u010de\u0161tiny s&nbsp;klidem<\/strong> je ur\u010den pro v\u0161echny studenty, kte\u0159\u00ed cht\u011bj\u00ed \u00fasp\u011b\u0161n\u011b slo\u017eit maturitn\u00ed zkou\u0161ku bez zbyte\u010dn\u00e9ho stresu. Na\u0161i zku\u0161en\u00ed lekto\u0159i v\u00e1s p\u0159iprav\u00ed na didaktickou \u010d\u00e1st maturity, pomohou v\u00e1m osvojit si pot\u0159ebn\u00e9 znalosti a&nbsp;dovednosti a&nbsp;nau\u010d\u00ed v\u00e1s, jak efektivn\u011b zvl\u00e1dnout n\u00e1ro\u010dn\u00e9 po\u017eadavky t\u00e9to zkou\u0161ky.<\/p>\n<h4>Didaktick\u00fd test:<\/h4>\n<ul>\n<li>Zopakujeme kl\u00ed\u010dov\u00e9 oblasti gramatiky, pravopisu a&nbsp;stylistiky.<\/li>\n<li>Procvi\u010d\u00edme porozum\u011bn\u00ed textu a&nbsp;pr\u00e1ci s&nbsp;n\u00edm.<\/li>\n<li>Nau\u010d\u00edme v\u00e1s strategie, jak si poradit s&nbsp;n\u00e1ro\u010dn\u00fdmi \u00falohami a&nbsp;efektivn\u011b pracovat s&nbsp;\u010dasem.<\/li>\n<\/ul>\n<h3>Jak to funguje?<\/h3>\n<ul>\n<li><strong>Individu\u00e1ln\u00ed p\u0159\u00edstup:<\/strong> Ka\u017ed\u00fd student je jin\u00fd, a&nbsp;proto se zam\u011b\u0159ujeme na osobn\u00ed pot\u0159eby a&nbsp;slabiny ka\u017ed\u00e9ho \u00fa\u010dastn\u00edka kurzu.<\/li>\n<li><strong>Intenzivn\u00ed tr\u00e9nink:<\/strong> Praktick\u00e9 \u00fakoly a&nbsp;cvi\u010den\u00ed v\u00e1m pomohou p\u0159ipravit se na skute\u010dnou zkou\u0161ku. Budete m\u00edt mo\u017enost se z\u00fa\u010dastnit simulac\u00ed maturitn\u00ed zkou\u0161ky.<\/li>\n<li><strong>Podpora a&nbsp;motivace:<\/strong> Na\u0161i lekto\u0159i v\u00e1s budou podporovat po&nbsp;celou dobu kurzu, motivovat v\u00e1s a&nbsp;pom\u00e1hat v\u00e1m s&nbsp;konkr\u00e9tn\u00edmi probl\u00e9my.<\/li>\n<\/ul>\n<h3>Pro\u010d si vybrat kurz Maturita z&nbsp;\u010de\u0161tiny s&nbsp;klidem?<\/h3>\n<ul>\n<li>Zku\u0161en\u00ed a&nbsp;kvalifikovan\u00ed lekto\u0159i s&nbsp;dlouholetou prax\u00ed.<\/li>\n<li>Osobn\u00ed p\u0159\u00edstup, kter\u00fd se p\u0159izp\u016fsob\u00ed va\u0161im pot\u0159eb\u00e1m.<\/li>\n<li>P\u0159ehledn\u011b strukturovan\u00e1 v\u00fduka.<\/li>\n<li>D\u016fraz na odbour\u00e1n\u00ed stresu a&nbsp;nervozity z&nbsp;maturitn\u00ed zkou\u0161ky.<\/li>\n<\/ul>\n<p>N\u00e1\u0161 kurz v\u00e1m pom\u016f\u017ee maturitu z&nbsp;\u010de\u0161tiny zvl\u00e1dnout s&nbsp;klidem a&nbsp;\u00fasp\u011b\u0161n\u011b!<\/p>\n<p>&nbsp;<\/p>\n","protected":false},"excerpt":{"rendered":"<p><strong>Den a&nbsp;\u010das:<\/strong> St\u0159eda\u00a014:30 \u2013 16:00<br \/>\n<strong>Term\u00edn:<\/strong> 8.&nbsp;1. \u2013 16.&nbsp;4.&nbsp;2025<br \/>\n<strong>Forma v\u00fduky:<\/strong>\u00a0online<br \/>\n<strong>Intenzita:\u00a0<\/strong>1 lekce t\u00fddn\u011b<br \/>\n<strong>Po\u010det lekc\u00ed:<\/strong> celkem 15 lekc\u00ed (15 x 90 minut)<br \/>\n<strong>Po\u010det \u00fa\u010dastn\u00edk\u016f:<\/strong> 6<\/p>\n","protected":false},"featured_media":72455,"template":"","meta":{"_acf_changed":false},"product_brand":[],"product_cat":[36],"product_tag":[],"class_list":{"0":"post-72454","1":"product","2":"type-product","3":"status-publish","4":"has-post-thumbnail","6":"product_cat-uhrada-faktur","8":"first","9":"outofstock","10":"downloadable","11":"virtual","12":"purchasable","13":"product-type-simple"},"acf":[],"aioseo_notices":[],"_links":{"self":[{"href":"https:\/\/skrivanek.cz\/cz\/wp-json\/wp\/v2\/product\/72454","targetHints":{"allow":["GET"]}}],"collection":[{"href":"https:\/\/skrivanek.cz\/cz\/wp-json\/wp\/v2\/product"}],"about":[{"href":"https:\/\/skrivanek.cz\/cz\/wp-json\/wp\/v2\/types\/product"}],"wp:featuredmedia":[{"embeddable":true,"href":"https:\/\/skrivanek.cz\/cz\/wp-json\/wp\/v2\/media\/72455"}],"wp:attachment":[{"href":"https:\/\/skrivanek.cz\/cz\/wp-json\/wp\/v2\/media?parent=72454"}],"wp:term":[{"taxonomy":"product_brand","embeddable":true,"href":"https:\/\/skrivanek.cz\/cz\/wp-json\/wp\/v2\/product_brand?post=72454"},{"taxonomy":"product_cat","embeddable":true,"href":"https:\/\/skrivanek.cz\/cz\/wp-json\/wp\/v2\/product_cat?post=72454"},{"taxonomy":"product_tag","embeddable":true,"href":"https:\/\/skrivanek.cz\/cz\/wp-json\/wp\/v2\/product_tag?post=72454"}],"curies":[{"name":"wp","href":"https:\/\/api.w.org\/{rel}","templated":true}]}}