{"id":72461,"date":"2024-10-11T10:48:58","date_gmt":"2024-10-11T08:48:58","guid":{"rendered":"https:\/\/skrivanek.cz\/?post_type=product&#038;p=72461"},"modified":"2025-01-17T17:04:49","modified_gmt":"2025-01-17T16:04:49","slug":"kurz-anglictiny-pro-deti-8-9-trida","status":"publish","type":"product","link":"https:\/\/skrivanek.cz\/cz\/produkt\/kurz-anglictiny-pro-deti-8-9-trida\/","title":{"rendered":"Kurz angli\u010dtiny pro d\u011bti 8. \u2013 9.&nbsp;t\u0159\u00eddy \u2013 prezen\u010dn\u011b"},"content":{"rendered":"<h3>N\u00e1skok va\u0161ich d\u011bt\u00ed v&nbsp;angli\u010dtin\u011b \u2013 p\u0159ipravte sv\u00e9 d\u00edt\u011b na budoucnost!<\/h3>\n<p>Chcete sv\u00fdm d\u011btem usnadnit cestu ke zvl\u00e1dnut\u00ed angli\u010dtiny? N\u00e1\u0161 kurz angli\u010dtiny pro d\u011bti ve v\u011bku 13\u201315 let je ide\u00e1ln\u00ed volbou! D\u011bti nejen\u017ee zdokonal\u00ed sv\u00e9 jazykov\u00e9 dovednosti, ale z\u00e1rove\u0148 si osvoj\u00ed schopnosti, kter\u00e9 jim pomohou nejen p\u0159i&nbsp;studiu, ale i&nbsp;v&nbsp;budouc\u00edm profesn\u00edm \u017eivot\u011b. To v\u0161e z\u00e1bavnou formou, kter\u00e1 motivuje k&nbsp;dal\u0161\u00edmu u\u010den\u00ed. P\u0159ihlaste sv\u00e9 d\u00edt\u011b a&nbsp;p\u0159ipravte ho na dal\u0161\u00ed kroky ve vzd\u011bl\u00e1v\u00e1n\u00ed i&nbsp;\u017eivot\u011b.<\/p>\n<h3>Angli\u010dtina pro d\u011bti \u2013\u2060 obecn\u00fd kurz, kter\u00fd rozv\u00edj\u00ed v\u00edce ne\u017e jen jazyk<\/h3>\n<p>Tento kurz je zam\u011b\u0159en na v\u0161estrann\u00e9 zlep\u0161en\u00ed angli\u010dtiny d\u011bt\u00ed, a\u0165 u\u017e jde o&nbsp;konverzaci, gramatiku nebo roz\u0161\u00ed\u0159en\u00ed slovn\u00ed z\u00e1soby. Lekce kombinuj\u00ed hrav\u00fd p\u0159\u00edstup s&nbsp;efektivn\u00edmi v\u00fdukov\u00fdmi metodami, d\u00edky kter\u00fdm si d\u011bti angli\u010dtinu obl\u00edb\u00ed a&nbsp;zlep\u0161\u00ed sv\u00e9 komunika\u010dn\u00ed dovednosti v&nbsp;angli\u010dtin\u011b.<\/p>\n<h3>Pro koho je kurz ur\u010den?<\/h3>\n<p>Kurz je navr\u017een pro d\u011bti 8.&nbsp;a&nbsp;9.&nbsp;t\u0159\u00eddy z\u00e1kladn\u00ed \u0161koly, kter\u00e9:<\/p>\n<ul>\n<li>cht\u011bj\u00ed rozv\u00edjet sv\u00e9 jazykov\u00e9 dovednosti,<\/li>\n<li>maj\u00ed z\u00e1jem o&nbsp;z\u00e1bavnou a&nbsp;interaktivn\u00ed formu v\u00fduky,<\/li>\n<li>pot\u0159ebuj\u00ed podporu v&nbsp;p\u0159\u00edprav\u011b na \u0161koln\u00ed testy nebo zkou\u0161ky.<\/li>\n<\/ul>\n<h3>Co se d\u011bti v&nbsp;kurzu nau\u010d\u00ed?<\/h3>\n<p>D\u011bti si b\u011bhem kurzu osvoj\u00ed:<\/p>\n<ul>\n<li>jistotu v&nbsp;konverzaci v&nbsp;angli\u010dtin\u011b,<\/li>\n<li>porozum\u011bn\u00ed gramatice a&nbsp;jej\u00ed praktick\u00e9 vyu\u017eit\u00ed,<\/li>\n<li>roz\u0161\u00ed\u0159enou slovn\u00ed z\u00e1sobu,<\/li>\n<li>schopnost spr\u00e1vn\u011b ps\u00e1t a&nbsp;\u010d\u00edst&nbsp;v&nbsp;angli\u010dtin\u011b.<\/li>\n<\/ul>\n<p>Kurz d\u011bti motivuje a&nbsp;vede k&nbsp;dlouhodob\u00e9mu z\u00e1jmu o&nbsp;angli\u010dtinu jako d\u016fle\u017eitou sou\u010d\u00e1st jejich vzd\u011bl\u00e1n\u00ed a&nbsp;budouc\u00edho uplatn\u011bn\u00ed.<\/p>\n<h3>Jak kurz vypad\u00e1?<\/h3>\n<h6><strong>Prezen\u010dn\u011b na pra\u017esk\u00e9 pobo\u010dce<\/strong><\/h6>\n<p>V\u00fduka prob\u00edh\u00e1 p\u0159\u00edmo na na\u0161\u00ed modern\u00ed pobo\u010dce v&nbsp;Praze, kde d\u011bti maj\u00ed k&nbsp;dispozici vybaven\u00e9 u\u010debny a&nbsp;p\u0159\u00edjemn\u00e9 prost\u0159ed\u00ed.<\/p>\n<h6><strong>Interaktivn\u00ed lekce<\/strong><\/h6>\n<p>Ka\u017ed\u00e1 lekce je p\u0159ipravena tak, aby d\u011bti aktivn\u011b zapojila. Pou\u017e\u00edv\u00e1me hry, skupinov\u00e9 aktivity a&nbsp;dal\u0161\u00ed interaktivn\u00ed n\u00e1stroje, kter\u00e9 d\u011blaj\u00ed v\u00fduku z\u00e1bavnou a&nbsp;efektivn\u00ed.<\/p>\n<h6><strong>Skupinov\u00e1 v\u00fduka<\/strong><\/h6>\n<p>D\u011bti se u\u010d\u00ed v&nbsp;men\u0161\u00edch skupin\u00e1ch, co\u017e podporuje vz\u00e1jemnou komunikaci v&nbsp;angli\u010dtin\u011b a&nbsp;z\u00e1rove\u0148 zaji\u0161\u0165uje individu\u00e1ln\u00ed p\u0159\u00edstup lektora.<\/p>\n<h6><strong>D\u00e9lka kurzu<\/strong><\/h6>\n<p>Kurz zahrnuje celkem 12 lekc\u00ed, kter\u00e9 jsou rozd\u011blen\u00e9 do t\u00fddenn\u00edho programu. Ka\u017ed\u00e1 lekce trv\u00e1 60 minut.<\/p>\n<h3>Co n\u00e1\u0161 kurz nab\u00edz\u00ed?<\/h3>\n<ul>\n<li>\n<p><strong>C\u00edlen\u00e9 zam\u011b\u0159en\u00ed na komunika\u010dn\u00ed dovednosti:<\/strong> D\u011bti v&nbsp;tomto v\u011bku pot\u0159ebuj\u00ed angli\u010dtinu nejen pro \u0161koln\u00ed \u00fasp\u011bch, ale tak\u00e9 pro ka\u017edodenn\u00ed \u017eivot a&nbsp;budouc\u00ed v\u00fdzvy. Nau\u010d\u00edme je, jak efektivn\u011b a&nbsp;sebev\u011bdom\u011b komunikovat, a\u0165 u\u017e jde o&nbsp;\u0161koln\u00ed projekty, cestov\u00e1n\u00ed, nebo online komunikaci.<\/p>\n<\/li>\n<li>\n<p><strong>Praktick\u00e9 vyu\u017eit\u00ed a&nbsp;re\u00e1ln\u00e9 situace:<\/strong> Lekce jsou navr\u017eeny tak, aby d\u011bti co nejv\u00edce mluvily a&nbsp;aktivn\u011b pou\u017e\u00edvaly angli\u010dtinu. Tr\u00e9nujeme nejen gramatiku a&nbsp;slovn\u00ed z\u00e1sobu, ale p\u0159edev\u0161\u00edm jejich schopnost aplikovat tyto znalosti v&nbsp;praxi.<\/p>\n<\/li>\n<li>\n<p><strong>Mal\u00e1 skupina pro maxim\u00e1ln\u00ed efektivitu:<\/strong> S&nbsp;maxim\u00e1ln\u011b 4 \u00fa\u010dastn\u00edky v&nbsp;kurzu m\u016f\u017eeme zaru\u010dit individu\u00e1ln\u00ed p\u0159\u00edstup. Ka\u017ed\u00e9 d\u00edt\u011b dostane dostatek prostoru, aby se mohlo projevit, u\u010dit se vlastn\u00edm tempem a&nbsp;c\u00edlen\u011b pracovat na sv\u00fdch slabin\u00e1ch.<\/p>\n<\/li>\n<\/ul>\n<h3>Pro\u010d p\u0159ihl\u00e1sit i&nbsp;va\u0161e d\u00edt\u011b?<\/h3>\n<ul>\n<li>Zlep\u0161\u00ed si <strong>plynulost a&nbsp;jistotu<\/strong> p\u0159i&nbsp;mluven\u00ed anglicky<\/li>\n<li>Procvi\u010d\u00ed si <strong>re\u00e1ln\u00e9 komunika\u010dn\u00ed situace<\/strong>, kter\u00e9 vyu\u017eije nejen ve \u0161kole, ale i&nbsp;v&nbsp;ka\u017edodenn\u00edm \u017eivot\u011b<\/li>\n<li>Pos\u00edl\u00ed svou <strong>schopnost porozum\u011bn\u00ed<\/strong> a&nbsp;efektivn\u011b reagovat v&nbsp;angli\u010dtin\u011b<\/li>\n<li>Z\u00edsk\u00e1 solidn\u00ed z\u00e1klad pro budouc\u00ed studium, p\u0159ij\u00edmac\u00ed zkou\u0161ky a&nbsp;mezin\u00e1rodn\u00ed komunikaci<\/li>\n<\/ul>\n<h3>Cena kurzu<\/h3>\n<p>Cena za cel\u00fd kurz je <strong>3&nbsp;550&nbsp;K\u010d<\/strong>. V&nbsp;cen\u011b je zahrnuto:<\/p>\n<ul>\n<li><strong>12 inspirativn\u00edch lekc\u00ed<\/strong>,<\/li>\n<li><strong>podpora lektora<\/strong> b\u011bhem cel\u00e9ho kurzu,<\/li>\n<li><strong>certifik\u00e1t o&nbsp;absolvov\u00e1n\u00ed<\/strong>, kter\u00fd potvrzuje pokroky d\u00edt\u011bte v&nbsp;angli\u010dtin\u011b.<\/li>\n<\/ul>\n<p>Tento kurz je ide\u00e1ln\u00ed pro d\u011bti, kter\u00e9 cht\u011bj\u00ed j\u00edt za r\u00e1mec \u0161koln\u00ed v\u00fduky a&nbsp;p\u0159ipravit se na dal\u0161\u00ed f\u00e1zi sv\u00e9ho vzd\u011bl\u00e1v\u00e1n\u00ed.\u00a0<\/p>\n<p><strong>Kapacita kurzu je omezen\u00e1 na 4 d\u011bti,<\/strong> proto nev\u00e1hejte a&nbsp;p\u0159ihlaste sv\u00e9 d\u00edt\u011b je\u0161t\u011b dnes, aby z\u00edskalo kl\u00ed\u010dov\u00e9 jazykov\u00e9 dovednosti, kter\u00e9 ho p\u0159iprav\u00ed na budoucnost!<\/p>\n","protected":false},"excerpt":{"rendered":"<h3>Informace o&nbsp;kurzu:<\/h3>\n<ul>\n<li><strong>Term\u00edn<\/strong>: 16.&nbsp;1. \u2013 3.&nbsp;4.&nbsp;2024<\/li>\n<li><strong>\u010cas<\/strong>: ka\u017ed\u00fd \u010dtvrtek od 15:00 do 16:00<\/li>\n<li><strong>Po\u010det lekc\u00ed<\/strong>: 12<\/li>\n<li><strong>Forma<\/strong>: prezen\u010dn\u00ed v\u00fduka<\/li>\n<li><strong>Maxim\u00e1ln\u00ed po\u010det \u00fa\u010dastn\u00edk\u016f<\/strong>: 4 d\u011bti<\/li>\n<li><strong>Cena<\/strong>: 3&nbsp;550&nbsp;K\u010d za cel\u00fd kurz<\/li>\n<\/ul>\n","protected":false},"featured_media":72463,"template":"","meta":{"_acf_changed":false},"product_brand":[],"product_cat":[36],"product_tag":[],"class_list":{"0":"post-72461","1":"product","2":"type-product","3":"status-publish","4":"has-post-thumbnail","6":"product_cat-uhrada-faktur","8":"first","9":"outofstock","10":"downloadable","11":"virtual","12":"purchasable","13":"product-type-simple"},"acf":[],"aioseo_notices":[],"_links":{"self":[{"href":"https:\/\/skrivanek.cz\/cz\/wp-json\/wp\/v2\/product\/72461","targetHints":{"allow":["GET"]}}],"collection":[{"href":"https:\/\/skrivanek.cz\/cz\/wp-json\/wp\/v2\/product"}],"about":[{"href":"https:\/\/skrivanek.cz\/cz\/wp-json\/wp\/v2\/types\/product"}],"wp:featuredmedia":[{"embeddable":true,"href":"https:\/\/skrivanek.cz\/cz\/wp-json\/wp\/v2\/media\/72463"}],"wp:attachment":[{"href":"https:\/\/skrivanek.cz\/cz\/wp-json\/wp\/v2\/media?parent=72461"}],"wp:term":[{"taxonomy":"product_brand","embeddable":true,"href":"https:\/\/skrivanek.cz\/cz\/wp-json\/wp\/v2\/product_brand?post=72461"},{"taxonomy":"product_cat","embeddable":true,"href":"https:\/\/skrivanek.cz\/cz\/wp-json\/wp\/v2\/product_cat?post=72461"},{"taxonomy":"product_tag","embeddable":true,"href":"https:\/\/skrivanek.cz\/cz\/wp-json\/wp\/v2\/product_tag?post=72461"}],"curies":[{"name":"wp","href":"https:\/\/api.w.org\/{rel}","templated":true}]}}