{"id":72532,"date":"2024-10-26T12:34:24","date_gmt":"2024-10-26T10:34:24","guid":{"rendered":"https:\/\/skrivanek.cz\/?post_type=product&#038;p=72532"},"modified":"2024-11-06T15:56:58","modified_gmt":"2024-11-06T14:56:58","slug":"integrace-titulku","status":"publish","type":"product","link":"https:\/\/skrivanek.cz\/cz\/produkt\/integrace-titulku\/","title":{"rendered":"Integrace titulk\u016f"},"content":{"rendered":"","protected":false},"excerpt":{"rendered":"<p><strong>Profesion\u00e1ln\u00ed slou\u010den\u00ed va\u0161ich titulk\u016f s&nbsp;videem. S&nbsp;n\u00e1mi m\u016f\u017eete p\u0159izp\u016fsobit font, velikost a&nbsp;barvu titulk\u016f snadno a&nbsp;za p\u0159\u00edznivou cenu.<\/strong><\/p>\n<p>M\u00e1te p\u0159ipraven\u00fd video soubor a&nbsp;titulky ve form\u00e1tu SRT nebo jin\u00e9m titulkov\u00e9m form\u00e1tu? Pot\u0159ebujete je p\u0159idat do nov\u00e9ho videa, kde budou va\u0161e titulky perfektn\u011b integrov\u00e1ny s&nbsp;v\u00e1mi vybran\u00fdm fontem, v\u010detn\u011b velikosti a&nbsp;barvy? S&nbsp;na\u0161\u00ed slu\u017ebou <strong>Integrace titulk\u016f<\/strong> z\u00edsk\u00e1te nejen p\u0159id\u00e1n\u00ed titulk\u016f do videosouboru, ale tak\u00e9 jejich p\u0159izp\u016fsoben\u00ed, co\u017e ocen\u00edte nejen u&nbsp;firemn\u00edch vide\u00ed, ale i&nbsp;u&nbsp;\u0161kol\u00edc\u00edch \u010di&nbsp;marketingov\u00fdch materi\u00e1l\u016f.<\/p>\n<p><strong>Jak to funguje?<\/strong><\/p>\n<ul>\n<li>vyberete si variantu Mini nebo Maxi podle d\u00e9lky va\u0161eho videa (do 15 minut nebo do 3 hodin)<\/li>\n<li>vypln\u00edte objedn\u00e1vkov\u00fd formul\u00e1\u0159 a&nbsp;zvol\u00edte zp\u016fsob platby<\/li>\n<li>kontaktujeme v\u00e1s, abychom potvrdili, \u017ee m\u00e1me v\u0161e pot\u0159ebn\u00e9 pro vytvo\u0159en\u00ed nov\u00e9ho videosouboru podle va\u0161ich p\u0159edstav, a&nbsp;za\u010dneme s&nbsp;jeho p\u0159\u00edpravou<\/li>\n<li>v\u00fdsledek obdr\u017e\u00edte do 2 pracovn\u00edch dn\u016f<\/li>\n<\/ul>\n<p><p>Je\u0161t\u011b p\u0159ed vypln\u011bn\u00edm objedn\u00e1vkov\u00e9ho formul\u00e1\u0159e m\u016f\u017eete n\u00ed\u017ee p\u0159idat videosoubor ve form\u00e1tu MP4, MOV nebo AVI a&nbsp;soubor s&nbsp;va\u0161imi titulky ve form\u00e1tu SRT nebo VTT. Pokud va\u0161e soubory p\u0159esahuj\u00ed povolen\u00fd limit 256 MB nebo n\u00e1m chcete data zaslat pozd\u011bji, vyu\u017eijte pros\u00edm svou preferovanou z\u00e1silkovou slu\u017ebu (nap\u0159.&nbsp;<a href=\"https:\/\/wetransfer.com\/\" target=\"_blank\" rel=\"noopener\">wetransfer<\/a>, <a href=\"https:\/\/www.uschovna.cz\/\" target=\"_blank\" rel=\"noopener\">uschovna<\/a>, <a href=\"https:\/\/www.myairbridge.com\/cs\/\" target=\"_blank\" rel=\"noopener\">myairbridge<\/a>, &#8230;) a&nbsp;po\u0161lete je na e-mailovou adresu <a href=\"javascript:secureDecryptAndNavigate('L+3Z7qBXmY0pK7Id8ApcO\/kLI049atnRMJgeJWQ42qtOb\/6gd8o6G7X7ctafA2Vj9xYMR+0NMT0Ujt31h1gBIMyK4N79yiet', '9c1e8f5271bf4f233390c22bdf43601f044e80460c2e9cc63c40d8bc66437679')\" target=\"_blank\" rel=\"noopener\">in&#102;&#111;&#64;sk&#114;&#105;va&#110;e&#107;&#46;&#99;&#122;<\/a>.<\/p>\n","protected":false},"featured_media":72071,"template":"","meta":{"_acf_changed":false},"product_brand":[],"product_cat":[65],"product_tag":[],"class_list":{"0":"post-72532","1":"product","2":"type-product","3":"status-publish","4":"has-post-thumbnail","6":"product_cat-technology-driven","8":"first","9":"instock","10":"shipping-taxable","11":"purchasable","12":"product-type-variable","13":"has-default-attributes"},"acf":[],"aioseo_notices":[],"_links":{"self":[{"href":"https:\/\/skrivanek.cz\/cz\/wp-json\/wp\/v2\/product\/72532","targetHints":{"allow":["GET"]}}],"collection":[{"href":"https:\/\/skrivanek.cz\/cz\/wp-json\/wp\/v2\/product"}],"about":[{"href":"https:\/\/skrivanek.cz\/cz\/wp-json\/wp\/v2\/types\/product"}],"wp:featuredmedia":[{"embeddable":true,"href":"https:\/\/skrivanek.cz\/cz\/wp-json\/wp\/v2\/media\/72071"}],"wp:attachment":[{"href":"https:\/\/skrivanek.cz\/cz\/wp-json\/wp\/v2\/media?parent=72532"}],"wp:term":[{"taxonomy":"product_brand","embeddable":true,"href":"https:\/\/skrivanek.cz\/cz\/wp-json\/wp\/v2\/product_brand?post=72532"},{"taxonomy":"product_cat","embeddable":true,"href":"https:\/\/skrivanek.cz\/cz\/wp-json\/wp\/v2\/product_cat?post=72532"},{"taxonomy":"product_tag","embeddable":true,"href":"https:\/\/skrivanek.cz\/cz\/wp-json\/wp\/v2\/product_tag?post=72532"}],"curies":[{"name":"wp","href":"https:\/\/api.w.org\/{rel}","templated":true}]}}