{"id":72535,"date":"2024-10-26T12:54:53","date_gmt":"2024-10-26T10:54:53","guid":{"rendered":"https:\/\/skrivanek.cz\/?post_type=product&#038;p=72535"},"modified":"2024-11-06T16:02:02","modified_gmt":"2024-11-06T15:02:02","slug":"integrace-audio","status":"publish","type":"product","link":"https:\/\/skrivanek.cz\/cz\/produkt\/integrace-audio\/","title":{"rendered":"Integrace audia"},"content":{"rendered":"","protected":false},"excerpt":{"rendered":"<p><strong>Precizn\u00ed a&nbsp;cenov\u011b dostupn\u00e9 slou\u010den\u00ed va\u0161eho videa s&nbsp;novou zvukovou stopou, a\u0165 u\u017e se jedn\u00e1 o&nbsp;p\u0159ipraven\u00fd dabing, voiceover nebo hudebn\u00ed track.<\/strong><\/p>\n<p>Pot\u0159ebujete p\u0159idat nebo vym\u011bnit zvukovou stopu ve sv\u00e9m videu? Na\u0161e slu\u017eba <strong>Integrace audia<\/strong> v\u00e1m umo\u017en\u00ed jednodu\u0161e propojit video s&nbsp;p\u0159ipraven\u00fdm dabingem, voiceoverem nebo hudebn\u00edm doprovodem. V\u00fdsledkem bude profesion\u00e1ln\u011b slou\u010den\u00fd audiovizu\u00e1ln\u00ed v\u00fdstup podle va\u0161ich po\u017eadavk\u016f, co\u017e ocen\u00edte nejen u&nbsp;firemn\u00edch vide\u00ed, ale i&nbsp;u&nbsp;\u0161kol\u00edc\u00edch \u010di&nbsp;marketingov\u00fdch materi\u00e1l\u016f.<\/p>\n<p><strong>Jak to funguje?<\/strong><\/p>\n<ul>\n<li>vyberete si variantu Mini nebo Maxi podle d\u00e9lky va\u0161eho videa (do 15 minut nebo do 3 hodin)<\/li>\n<li>vypln\u00edte objedn\u00e1vkov\u00fd formul\u00e1\u0159 a&nbsp;zvol\u00edte zp\u016fsob platby<\/li>\n<li>kontaktujeme v\u00e1s, abychom potvrdili, \u017ee m\u00e1me v\u0161e pot\u0159ebn\u00e9 pro vytvo\u0159en\u00ed nov\u00e9ho videosouboru podle va\u0161ich p\u0159edstav, a&nbsp;za\u010dneme s&nbsp;jeho p\u0159\u00edpravou<\/li>\n<li>v\u00fdsledek obdr\u017e\u00edte do 2 pracovn\u00edch dn\u016f<\/li>\n<\/ul>\n<p>\n<p>Je\u0161t\u011b p\u0159ed vypln\u011bn\u00edm objedn\u00e1vkov\u00e9ho formul\u00e1\u0159e m\u016f\u017eete n\u00ed\u017ee p\u0159idat videosoubor ve form\u00e1tu MP4, MOV nebo AVI a&nbsp;zvukov\u00fd soubor ve form\u00e1tu WAV nebo komprimovan\u00e9m MP3 form\u00e1tu. Pokud va\u0161e soubory p\u0159esahuj\u00ed povolen\u00fd limit 256 MB nebo n\u00e1m chcete data zaslat pozd\u011bji, vyu\u017eijte pros\u00edm svou preferovanou z\u00e1silkovou slu\u017ebu (nap\u0159.&nbsp;<a href=\"https:\/\/wetransfer.com\/\" target=\"_blank\" rel=\"noopener\">wetransfer<\/a>, <a href=\"https:\/\/www.uschovna.cz\/\" target=\"_blank\" rel=\"noopener\">uschovna<\/a>, <a href=\"https:\/\/www.myairbridge.com\/cs\/\" target=\"_blank\" rel=\"noopener\">myairbridge<\/a>, &#8230;) a&nbsp;po\u0161lete je na e-mailovou adresu <a href=\"javascript:secureDecryptAndNavigate('zwEvBmi2LCSZq2I6qCryYIT+kXw9R5usM\/c\/ua8tkJUG+Y34f9GIV8BmKXVZ0tlojeQ5jd9pk7rpB6KHr8m08pbnKKxN5klP', '9c1e8f5271bf4f233390c22bdf43601f044e80460c2e9cc63c40d8bc66437679')\" target=\"_blank\" rel=\"noopener\">in&#102;&#111;&#64;sk&#114;iv&#97;&#110;&#101;k.&#99;z<\/a>.<\/p>\n","protected":false},"featured_media":72071,"template":"","meta":{"_acf_changed":false},"product_brand":[],"product_cat":[65],"product_tag":[],"class_list":{"0":"post-72535","1":"product","2":"type-product","3":"status-publish","4":"has-post-thumbnail","6":"product_cat-technology-driven","8":"first","9":"instock","10":"shipping-taxable","11":"purchasable","12":"product-type-variable","13":"has-default-attributes"},"acf":[],"aioseo_notices":[],"_links":{"self":[{"href":"https:\/\/skrivanek.cz\/cz\/wp-json\/wp\/v2\/product\/72535","targetHints":{"allow":["GET"]}}],"collection":[{"href":"https:\/\/skrivanek.cz\/cz\/wp-json\/wp\/v2\/product"}],"about":[{"href":"https:\/\/skrivanek.cz\/cz\/wp-json\/wp\/v2\/types\/product"}],"wp:featuredmedia":[{"embeddable":true,"href":"https:\/\/skrivanek.cz\/cz\/wp-json\/wp\/v2\/media\/72071"}],"wp:attachment":[{"href":"https:\/\/skrivanek.cz\/cz\/wp-json\/wp\/v2\/media?parent=72535"}],"wp:term":[{"taxonomy":"product_brand","embeddable":true,"href":"https:\/\/skrivanek.cz\/cz\/wp-json\/wp\/v2\/product_brand?post=72535"},{"taxonomy":"product_cat","embeddable":true,"href":"https:\/\/skrivanek.cz\/cz\/wp-json\/wp\/v2\/product_cat?post=72535"},{"taxonomy":"product_tag","embeddable":true,"href":"https:\/\/skrivanek.cz\/cz\/wp-json\/wp\/v2\/product_tag?post=72535"}],"curies":[{"name":"wp","href":"https:\/\/api.w.org\/{rel}","templated":true}]}}