{"id":72994,"date":"2024-06-27T15:36:34","date_gmt":"2024-06-27T13:36:34","guid":{"rendered":"https:\/\/skrivanek.cz\/?post_type=product&#038;p=72994"},"modified":"2026-01-13T15:12:52","modified_gmt":"2026-01-13T14:12:52","slug":"francouzstina-obecny-kurz-b1-stredne-pokrocily","status":"publish","type":"product","link":"https:\/\/skrivanek.cz\/cz\/produkt\/francouzstina-obecny-kurz-b1-stredne-pokrocily\/","title":{"rendered":"Francouz\u0161tina B1 \u2013 Obecn\u00fd kurz pro st\u0159edn\u011b pokro\u010dil\u00e9"},"content":{"rendered":"<p>Francouz\u0161tina je jazyk kultury, um\u011bn\u00ed a&nbsp;diplomacie. Na \u00farovni B1 ji\u017e m\u016f\u017eete nejen rozum\u011bt b\u011b\u017en\u00fdm konverzac\u00edm, ale tak\u00e9 aktivn\u011b zapojit sv\u00e9 jazykov\u00e9 znalosti do rozhovor\u016f na r\u016fzn\u00e1 t\u00e9mata. N\u00e1\u0161 kurz v\u00e1s nau\u010d\u00ed pou\u017e\u00edvat <strong>francouz\u0161tinu<\/strong> v&nbsp;praxi, zlep\u0161it va\u0161e vyjad\u0159ov\u00e1n\u00ed a&nbsp;roz\u0161\u00ed\u0159it schopnosti, kter\u00e9 odpov\u00eddaj\u00ed t\u00e9to st\u0159edn\u011b pokro\u010dil\u00e9 \u00farovni.<\/p>\n<h3>Francouz\u0161tina B1 \u2013\u2060\u2060\u2060\u2060\u2060\u2060 Obecn\u00fd kurz<\/h3>\n<p>Tento kurz <a href=\"https:\/\/skrivanek.cz\/cz\/jazykova-skola\/fj-stredne-pokrocily\/\">francouz\u0161tiny na \u00farovni B1<\/a> je ide\u00e1ln\u00ed volbou pro m\u00edrn\u011b pokro\u010dil\u00e9 studenty, kte\u0159\u00ed cht\u011bj\u00ed d\u00e1le rozv\u00edjet sv\u00e9 jazykov\u00e9 dovednosti. Nab\u00edz\u00ed praktick\u00e1 cvi\u010den\u00ed zam\u011b\u0159en\u00e1 na zlep\u0161en\u00ed komunikace, porozum\u011bn\u00ed a&nbsp;psan\u00ed. Lekce zahrnuj\u00ed t\u00e9mata z&nbsp;ka\u017edodenn\u00edho \u017eivota, d\u00edky \u010demu\u017e si osvoj\u00edte u\u017eite\u010dn\u00e9 fr\u00e1ze a&nbsp;slovn\u00ed z\u00e1sobu, kterou snadno vyu\u017eijete v&nbsp;praxi.<\/p>\n<h3>Pro koho je kurz ur\u010den?<\/h3>\n<p>Tento kurz je ide\u00e1ln\u00ed pro ty, kte\u0159\u00ed ji\u017e maj\u00ed z\u00e1kladn\u00ed znalosti <strong>z francouz\u0161tiny<\/strong> na \u00farovni A2 a&nbsp;cht\u011bj\u00ed je d\u00e1le rozv\u00edjet. \u00darove\u0148 B1 v\u00e1m umo\u017en\u00ed l\u00e9pe rozum\u011bt slo\u017eit\u011bj\u0161\u00edm text\u016fm, v\u00e9st rozhovory o&nbsp;zn\u00e1m\u00fdch t\u00e9matech a&nbsp;reagovat v&nbsp;r\u016fzn\u00fdch situac\u00edch p\u0159irozen\u011b a&nbsp;sebejist\u011b.<\/p>\n<h3>Co v\u00e1m kurz p\u0159inese?<\/h3>\n<ul>\n<li><strong>Zlep\u0161en\u00ed komunika\u010dn\u00edch dovednost\u00ed<\/strong>: Nau\u010d\u00edte se p\u0159irozen\u011b konverzovat na t\u00e9mata jako cestov\u00e1n\u00ed, pr\u00e1ce, kultura \u010di&nbsp;ka\u017edodenn\u00ed \u017eivot.<\/li>\n<li><strong>Upevn\u011bn\u00ed gramatiky<\/strong>: Procvi\u010d\u00edte si kl\u00ed\u010dov\u00e9 gramatick\u00e9 struktury odpov\u00eddaj\u00edc\u00ed \u00farovni B1, v\u010detn\u011b podm\u00ednkov\u00fdch v\u011bt, vedlej\u0161\u00edch v\u011bt a&nbsp;minul\u00fdch \u010das\u016f.<\/li>\n<li><strong>Roz\u0161\u00ed\u0159en\u00ed slovn\u00ed z\u00e1soby<\/strong>: Osvoj\u00edte si bohat\u0161\u00ed slovn\u00ed z\u00e1sobu <strong>z francouz\u0161tiny<\/strong> v&nbsp;oblastech, kter\u00e9 odpov\u00eddaj\u00ed praktick\u00fdm i&nbsp;profesn\u00edm pot\u0159eb\u00e1m.<\/li>\n<li><strong>Pr\u00e1ce s&nbsp;autentick\u00fdmi materi\u00e1ly<\/strong>: Sou\u010d\u00e1st\u00ed v\u00fduky jsou poslechy, \u010dten\u00ed a&nbsp;diskuze zam\u011b\u0159en\u00e9 na autentick\u00e9 materi\u00e1ly, jako jsou \u010dl\u00e1nky, videa \u010di&nbsp;rozhovory.<\/li>\n<\/ul>\n<h3>Jak kurz vypad\u00e1?<\/h3>\n<p><strong>Online form\u00e1t<\/strong><br \/>\nStudujte odkudkoliv. V\u0161echny lekce prob\u00edhaj\u00ed online, co\u017e v\u00e1m umo\u017en\u00ed flexibilitu a&nbsp;pohodl\u00ed p\u0159i&nbsp;u\u010den\u00ed.<\/p>\n<p><strong>Interaktivn\u00ed lekce<\/strong><br \/>\nD\u00edky modern\u00edm metod\u00e1m a&nbsp;technologi\u00edm jsou na\u0161e lekce dynamick\u00e9 a&nbsp;z\u00e1bavn\u00e9. Zapoj\u00edme v\u00e1s do aktivit, kter\u00e9 v\u00e1s budou bavit a&nbsp;z\u00e1rove\u0148 motivovat k&nbsp;dal\u0161\u00edmu studiu. Lekce jsou strukturovan\u00e9 a\u00a0zahrnuj\u00ed poslechov\u00e9 aktivity, mluven\u00ed, \u010dten\u00ed a\u00a0psan\u00ed. D\u016fraz je kladen na praktick\u00e9 pou\u017eit\u00ed jazyka v\u00a0ka\u017edodenn\u00edch situac\u00edch.<\/p>\n<p><strong>Skupinov\u00e1 v\u00fduka<\/strong><br \/>\nVe skupin\u011b se budete u\u010dit spole\u010dn\u011b s&nbsp;dal\u0161\u00edmi studenty, co\u017e podporuje p\u0159irozenou konverzaci a&nbsp;vz\u00e1jemnou podporu. Skupiny jsou mal\u00e9 (3-4 studenti), co\u017e umo\u017e\u0148uje individu\u00e1ln\u00ed p\u0159\u00edstup a\u00a0efektivn\u00ed interakci s\u00a0lektorem na z\u00e1rove\u0148 vyu\u017eit\u00ed v\u00fdhod skupiny.<\/p>\n<p><strong>D\u00e9lka kurzu<\/strong><br \/>\nKurz zahrnuje celkem 12 lekc\u00ed, ka\u017ed\u00e1 trv\u00e1 90 minut.<\/p>\n<div class=\"columns columns-2\" data-columns=\"2\">\n<div class=\"column column-1\">\n<p><img loading=\"lazy\" decoding=\"async\" class=\"aligncenter wp-image-72984\" src=\"https:\/\/skrivanek.cz\/wp-content\/uploads\/2024\/06\/francouzstina-a1-a2-b1-b2-c1-c2-948x520.jpg\" alt=\"francouz\u0161tina a1, a2, b1, b2, c1, c2\" width=\"300\" height=\"203\" \/><\/p>\n<\/div>\n<div class=\"column column-2\">\n<p><img loading=\"lazy\" decoding=\"async\" class=\"aligncenter wp-image-72987\" src=\"https:\/\/skrivanek.cz\/wp-content\/uploads\/2024\/06\/kurz-francouzstiny-948x520.jpg\" alt=\"kurzy francouz\u0161tiny\" width=\"300\" height=\"201\" \/><\/p>\n<\/div>\n<\/div>\n<h3>\u00a0<\/h3>\n<h3>Pro\u010d si vybrat n\u00e1\u0161 kurz?<\/h3>\n<ul>\n<li><strong>Zku\u0161en\u00ed lekto\u0159i:<\/strong> Na\u0161i lekto\u0159i maj\u00ed nejen vynikaj\u00edc\u00ed jazykov\u00e9 znalosti, ale i&nbsp;bohat\u00e9 zku\u0161enosti s&nbsp;v\u00fdukou.<\/li>\n<li><strong>Praktick\u00e1 v\u00fduka:<\/strong> Kl\u00ed\u010dovou sou\u010d\u00e1st\u00ed kurzu je praktick\u00e1 aplikace jazyka \u2013 od konverzac\u00ed po&nbsp;\u0159e\u0161en\u00ed re\u00e1ln\u00fdch situac\u00ed.<\/li>\n<li><strong>Flexibilita:<\/strong> D\u00edky online form\u00e1tu si m\u016f\u017eete lekce u\u017e\u00edt z&nbsp;pohodl\u00ed domova, kancel\u00e1\u0159e nebo na cest\u00e1ch.<\/li>\n<li><strong>V\u00fduka na m\u00edru:<\/strong> Mal\u00e9 skupiny umo\u017e\u0148uj\u00ed p\u0159izp\u016fsoben\u00ed obsahu podle pot\u0159eb \u00fa\u010dastn\u00edk\u016f.<\/li>\n<\/ul>\n<h3>V\u00fdukov\u00e9 materi\u00e1ly<\/h3>\n<p>Sou\u010d\u00e1st\u00ed kurzu jsou profesion\u00e1ln\u00ed u\u010debn\u00ed materi\u00e1ly, kter\u00e9 jsou zahrnuty v&nbsp;cen\u011b. Zam\u011b\u0159ujeme se na praktickou slovn\u00ed z\u00e1sobu a&nbsp;cvi\u010den\u00ed, kter\u00e1 odpov\u00eddaj\u00ed va\u0161im pot\u0159eb\u00e1m.<\/p>\n<h3>V\u00fdukov\u00e1 metoda Effecto<\/h3>\n<p>Na\u0161e unik\u00e1tn\u00ed metoda Effecto kombinuje tradi\u010dn\u00ed v\u00fduku s&nbsp;modern\u00edmi prvky a&nbsp;d\u016frazem na aktivn\u00ed zapojen\u00ed studenta. D\u00edky n\u00ed z\u00edsk\u00e1te jistotu v&nbsp;komunikaci a&nbsp;zvl\u00e1dnete francouz\u0161tinu snadno a&nbsp;efektivn\u011b.<\/p>\n<h3>Cena kurzu<\/h3>\n<p>Cena za cel\u00fd kurz je 4&nbsp;680&nbsp;K\u010d.<br \/>\nV&nbsp;cen\u011b je zahrnuto:<\/p>\n<ul>\n<li>12 inspirativn\u00edch lekc\u00ed,<\/li>\n<li>online podpora od lektora b\u011bhem cel\u00e9ho kurzu,<\/li>\n<li>certifik\u00e1t o&nbsp;\u00fasp\u011b\u0161n\u00e9m absolvov\u00e1n\u00ed na \u00farovni B1.<\/li>\n<\/ul>\n<h3>P\u0159ihlaste se je\u0161t\u011b dnes!<\/h3>\n<p>Za\u010dn\u011bte zlep\u0161ovat svou <strong>francouz\u0161tinu<\/strong> je\u0161t\u011b dnes a&nbsp;posu\u0148te sv\u00e9 jazykov\u00e9 dovednosti na vy\u0161\u0161\u00ed \u00farove\u0148! Nez\u00e1le\u017e\u00ed na tom, zda se francouz\u0161tin\u011b v\u011bnujete z&nbsp;pracovn\u00edch, studijn\u00edch nebo osobn\u00edch d\u016fvod\u016f \u2013 tento kurz v\u00e1m poskytne pevn\u00e9 z\u00e1klady pro dal\u0161\u00ed rozvoj.<\/p>\n<h3>Pokra\u010dujte d\u00e1l \u2013 francouz\u0161tina na vy\u0161\u0161\u00ed \u00farovni<\/h3>\n<p>Va\u0161e cesta u&nbsp;n\u00e1s nekon\u010d\u00ed na \u00farovni B1! Nab\u00edz\u00edme tak\u00e9 kurzy pro pokro\u010dil\u00e9 a&nbsp;p\u0159\u00edpravn\u00e9 kurzy na mezin\u00e1rodn\u00ed certifik\u00e1ty, kter\u00e9 v\u00e1m otev\u0159ou nov\u00e9 mo\u017enosti v&nbsp;profesn\u00edm i&nbsp;osobn\u00edm \u017eivot\u011b. Pokra\u010dujte s&nbsp;n\u00e1mi a&nbsp;zdokonalte svou francouz\u0161tinu na dal\u0161\u00ed \u00farovni.<\/p>\n","protected":false},"excerpt":{"rendered":"<p><strong>Den a&nbsp;\u010das:<\/strong> St\u0159eda 17:00 &#8211; 18:30<br \/>\n<strong>Term\u00edn:<\/strong> 1.&nbsp;4. \u2013 17.&nbsp;6.&nbsp;2026<br \/>\n<strong>Forma v\u00fduky:<\/strong> online<br \/>\n<strong>Intenzita: <\/strong>1 lekce t\u00fddn\u011b <br \/>\n<strong>Po\u010det lekc\u00ed:<\/strong> celkem 12 lekc\u00ed (12 x 90 minut)<\/p>\n<p>Pokud preferujete <strong data-start=\"415\" data-end=\"434\">platbu p\u0159evodem<\/strong>, chcete <strong data-start=\"443\" data-end=\"466\">zaplatit na pobo\u010dce<\/strong> nebo m\u00e1te jak\u00fdkoli <strong data-start=\"486\" data-end=\"495\">dotaz<\/strong>, nev\u00e1hejte n\u00e1s kontaktovat na e\u2011mailu <strong data-start=\"534\" data-end=\"556\"><a class=\"cursor-pointer\" href=\"javascript:secureDecryptAndNavigate('ZwXNpXM+XWW70WIb7jOOWLhgEaZnLhSrefn+Bn81RSx\/hmtJfC8D061co5BJf2AkcxSrKy9cxsOVwatitwRtiRCkMvWkybzxFw==', '9c1e8f5271bf4f233390c22bdf43601f044e80460c2e9cc63c40d8bc66437679')\" data-start=\"536\" data-end=\"554\">&#115;&#107;&#111;la&#64;&#115;&#107;r&#105;v&#97;&#110;&#101;k.&#99;z<\/a><\/strong> nebo na telefonn\u00edm \u010d\u00edsle <a href=\"tel:+420 777 809 805\">+420&nbsp;777&nbsp;809\u00a0805<\/a>.<\/p>\n","protected":false},"featured_media":70800,"template":"","meta":{"_acf_changed":false},"product_brand":[],"product_cat":[58],"product_tag":[],"class_list":{"0":"post-72994","1":"product","2":"type-product","3":"status-publish","4":"has-post-thumbnail","6":"product_cat-kurzy","8":"first","9":"instock","10":"downloadable","11":"virtual","12":"purchasable","13":"product-type-simple"},"acf":[],"aioseo_notices":[],"_links":{"self":[{"href":"https:\/\/skrivanek.cz\/cz\/wp-json\/wp\/v2\/product\/72994","targetHints":{"allow":["GET"]}}],"collection":[{"href":"https:\/\/skrivanek.cz\/cz\/wp-json\/wp\/v2\/product"}],"about":[{"href":"https:\/\/skrivanek.cz\/cz\/wp-json\/wp\/v2\/types\/product"}],"wp:featuredmedia":[{"embeddable":true,"href":"https:\/\/skrivanek.cz\/cz\/wp-json\/wp\/v2\/media\/70800"}],"wp:attachment":[{"href":"https:\/\/skrivanek.cz\/cz\/wp-json\/wp\/v2\/media?parent=72994"}],"wp:term":[{"taxonomy":"product_brand","embeddable":true,"href":"https:\/\/skrivanek.cz\/cz\/wp-json\/wp\/v2\/product_brand?post=72994"},{"taxonomy":"product_cat","embeddable":true,"href":"https:\/\/skrivanek.cz\/cz\/wp-json\/wp\/v2\/product_cat?post=72994"},{"taxonomy":"product_tag","embeddable":true,"href":"https:\/\/skrivanek.cz\/cz\/wp-json\/wp\/v2\/product_tag?post=72994"}],"curies":[{"name":"wp","href":"https:\/\/api.w.org\/{rel}","templated":true}]}}