{"id":73001,"date":"2024-06-27T15:37:41","date_gmt":"2024-06-27T13:37:41","guid":{"rendered":"https:\/\/skrivanek.cz\/?post_type=product&#038;p=73001"},"modified":"2026-01-13T15:40:08","modified_gmt":"2026-01-13T14:40:08","slug":"francouzstina-obecny-kurz-b2-pokrocily","status":"publish","type":"product","link":"https:\/\/skrivanek.cz\/cz\/produkt\/francouzstina-obecny-kurz-b2-pokrocily\/","title":{"rendered":"Francouz\u0161tina B2 \u2013 Obecn\u00fd kurz pro pokro\u010dil\u00e9"},"content":{"rendered":"<p>Ovl\u00e1dn\u011bte <a href=\"https:\/\/skrivanek.cz\/cz\/jazykova-skola\/fj-pokrocily\/\">francouz\u0161tinu na pokro\u010dil\u00e9 \u00farovni B2<\/a> a&nbsp;otev\u0159ete si dve\u0159e do sv\u011bta pln\u00e9ho p\u0159\u00edle\u017eitost\u00ed. Tento kurz je ide\u00e1ln\u00ed pro ty, kte\u0159\u00ed cht\u011bj\u00ed zdokonalit sv\u00e9 jazykov\u00e9 dovednosti, zlep\u0161it se v&nbsp;komunikaci a&nbsp;pos\u00edlit sv\u00e9 sebev\u011bdom\u00ed p\u0159i&nbsp;pou\u017e\u00edv\u00e1n\u00ed francouz\u0161tiny. P\u0159idejte se k&nbsp;n\u00e1m a&nbsp;vydejte se na cestu za plynulost\u00ed a&nbsp;jistotou ve francouz\u0161tin\u011b!<\/p>\n<h3>Francouz\u0161tina B2 \u2013\u2060\u2060\u2060\u2060\u2060\u2060 Obecn\u00fd kurz<\/h3>\n<p>N\u00e1\u0161 obecn\u00fd kurz francouz\u0161tiny na \u00farovni B2 je navr\u017een pro pokro\u010dil\u00e9 studenty, kte\u0159\u00ed cht\u011bj\u00ed zdokonalit sv\u00e9 znalosti gramatiky, slovn\u00ed z\u00e1soby i&nbsp;v\u00fdslovnosti. Tento kurz v\u00e1m umo\u017en\u00ed p\u0159ej\u00edt od b\u011b\u017en\u00fdch konverzac\u00ed k&nbsp;profesion\u00e1ln\u00edm a&nbsp;akademick\u00fdm diskus\u00edm, a\u0165 u\u017e studujete pro osobn\u00ed r\u016fst, pr\u00e1ci, nebo dal\u0161\u00ed vzd\u011bl\u00e1v\u00e1n\u00ed.<\/p>\n<h3>Pro koho je kurz ur\u010den?<\/h3>\n<p>Kurz francouz\u0161tiny na \u00farovni B2 je ur\u010den pro:<\/p>\n<ul>\n<li>Studentky a&nbsp;studenty, kte\u0159\u00ed ji\u017e zvl\u00e1dli ni\u017e\u0161\u00ed \u00farove\u0148 francouz\u0161tiny (\u00farove\u0148 B1).<\/li>\n<li>Profesion\u00e1ly, kte\u0159\u00ed pot\u0159ebuj\u00ed francouz\u0161tinu pro pr\u00e1ci nebo obchodn\u00ed \u00fa\u010dely.<\/li>\n<li>Nad\u0161ence do cestov\u00e1n\u00ed a&nbsp;kultury, kte\u0159\u00ed cht\u011bj\u00ed komunikovat s&nbsp;rodil\u00fdmi mluv\u010d\u00edmi na pokro\u010dil\u00e9 \u00farovni.<\/li>\n<li>V\u0161echny, kte\u0159\u00ed cht\u011bj\u00ed posunout svou francouz\u0161tinu na novou \u00farove\u0148.<\/li>\n<\/ul>\n<h3>Co se v&nbsp;kurzu nau\u010d\u00edte?<\/h3>\n<p>B\u011bhem kurzu francouz\u0161tiny B2:<\/p>\n<ul>\n<li>Pos\u00edl\u00edte schopnost v\u00e9st plynul\u00e9 a&nbsp;strukturovan\u00e9 rozhovory.<\/li>\n<li>Zdokonal\u00edte sv\u00e9 dovednosti v&nbsp;p\u00edsemn\u00e9m projevu.<\/li>\n<li>Nau\u010d\u00edte se porozum\u011bt slo\u017eit\u011bj\u0161\u00edm text\u016fm a&nbsp;mluven\u00e9 \u0159e\u010di.<\/li>\n<li>Roz\u0161\u00ed\u0159\u00edte si slovn\u00ed z\u00e1sobu a&nbsp;osvoj\u00edte si pokro\u010dil\u00e9 gramatick\u00e9 struktury.<\/li>\n<li>Z\u00edsk\u00e1te v\u011bt\u0161\u00ed jistotu p\u0159i&nbsp;pou\u017e\u00edv\u00e1n\u00ed francouz\u0161tiny v&nbsp;r\u016fzn\u00fdch situac\u00edch.<\/li>\n<\/ul>\n<h3>Jak kurz vypad\u00e1?<\/h3>\n<p><strong>Online form\u00e1t<\/strong><\/p>\n<p>Kurz prob\u00edh\u00e1 kompletn\u011b online, co\u017e v\u00e1m umo\u017en\u00ed studovat z&nbsp;pohodl\u00ed domova nebo odkudkoliv, kde m\u00e1te p\u0159\u00edstup k&nbsp;internetu.<\/p>\n<p><strong>Interaktivn\u00ed lekce<\/strong><br \/>\nD\u00edky interaktivn\u00edm lekc\u00edm v\u00e1s v\u00fduka bude bavit. Pracujete s&nbsp;praktick\u00fdmi materi\u00e1ly a&nbsp;\u00fa\u010dastn\u00edte se diskus\u00ed, kter\u00e9 v\u00e1s p\u0159ibl\u00ed\u017e\u00ed k&nbsp;re\u00e1ln\u00fdm situac\u00edm.<\/p>\n<p><strong>Skupinov\u00e1 v\u00fduka<\/strong><br \/>\nV\u00fduka prob\u00edh\u00e1 ve mal\u00fdch skupin\u00e1ch (3-4 studenti), kde budete m\u00edt mo\u017enost procvi\u010dovat konverzaci s&nbsp;ostatn\u00edmi \u00fa\u010dastn\u00edky a&nbsp;sd\u00edlet zku\u0161enosti. D\u00edky velikosti skupiny budete m\u00edt dostatek prostoru a&nbsp;tak\u00e9 individu\u00e1ln\u00ed p\u0159\u00edstup lektora.<\/p>\n<p><strong>D\u00e9lka kurzu<\/strong><br \/>\nKurz zahrnuje 12 lekc\u00ed, z&nbsp;nich\u017e ka\u017ed\u00e1 trv\u00e1 90 minut.<\/p>\n<div class=\"columns columns-2\" data-columns=\"2\">\n<div class=\"column column-1\">\n<p><img loading=\"lazy\" decoding=\"async\" class=\"aligncenter wp-image-72984\" src=\"https:\/\/skrivanek.cz\/wp-content\/uploads\/2024\/06\/francouzstina-a1-a2-b1-b2-c1-c2-948x520.jpg\" alt=\"francouz\u0161tina a1, a2, b1, b2, c1, c2\" width=\"300\" height=\"203\" \/><\/p>\n<\/div>\n<div class=\"column column-2\">\n<p><img loading=\"lazy\" decoding=\"async\" class=\"aligncenter wp-image-72987\" src=\"https:\/\/skrivanek.cz\/wp-content\/uploads\/2024\/06\/kurz-francouzstiny-948x520.jpg\" alt=\"kurzy francouz\u0161tiny\" width=\"300\" height=\"201\" \/><\/p>\n<\/div>\n<\/div>\n<h3>Pro\u010d si vybrat n\u00e1\u0161 kurz?<\/h3>\n<ul>\n<li>Zku\u0161en\u00fd t\u00fdm lektor\u016f s&nbsp;odborn\u00fdmi znalostmi a&nbsp;prax\u00ed.<\/li>\n<li>Modern\u00ed v\u00fdukov\u00e9 metody, kter\u00e9 podporuj\u00ed rychl\u00e9 pokroky.<\/li>\n<li>Online form\u00e1t umo\u017e\u0148uje flexibilitu a&nbsp;pohodl\u00ed.<\/li>\n<li>D\u016fraz na praktick\u00e9 vyu\u017eit\u00ed francouz\u0161tiny v&nbsp;re\u00e1ln\u00fdch situac\u00edch.<\/li>\n<\/ul>\n<h3>V\u00fdukov\u00e9 materi\u00e1ly<\/h3>\n<p>V kurzu pou\u017e\u00edv\u00e1me ov\u011b\u0159en\u00e9 v\u00fdukov\u00e9 materi\u00e1ly, kter\u00e9 jsou p\u0159izp\u016fsobeny pot\u0159eb\u00e1m pokro\u010dil\u00fdch student\u016f. Sou\u010d\u00e1st\u00ed jsou gramatick\u00e9 p\u0159ehledy, tematick\u00e9 texty a&nbsp;cvi\u010den\u00ed, kter\u00e1 v\u00e1m pomohou dos\u00e1hnout plynulosti.<\/p>\n<h3>V\u00fdukov\u00e1 metoda Effecto<\/h3>\n<p>N\u00e1\u0161 kurz je zalo\u017een na efektivn\u00ed v\u00fdukov\u00e9 metod\u011b Effecto, kter\u00e1 kombinuje praktickou aplikaci jazyka, interaktivn\u00ed \u00fakoly a&nbsp;pravideln\u00e9 zp\u011btn\u00e9 vazby. Tato metoda zaji\u0161\u0165uje, \u017ee se nau\u010d\u00edte francouz\u0161tinu rychle a&nbsp;efektivn\u011b.<\/p>\n<h3>Cena kurzu<\/h3>\n<p>Cena za cel\u00fd kurz je 4&nbsp;680&nbsp;K\u010d.<br \/>\nV&nbsp;cen\u011b je zahrnuto:<\/p>\n<ul>\n<li>12 inspirativn\u00edch lekc\u00ed,<\/li>\n<li>online podpora od lektora b\u011bhem cel\u00e9ho kurzu,<\/li>\n<li>certifik\u00e1t o&nbsp;\u00fasp\u011b\u0161n\u00e9m absolvov\u00e1n\u00ed na \u00farovni B2.<\/li>\n<\/ul>\n<p>Za\u010dn\u011bte se u\u010dit francouz\u0161tinu na \u00farovni B2 a&nbsp;p\u0159ipojte se k&nbsp;tis\u00edc\u016fm spokojen\u00fdch student\u016f. Tento kurz je va\u0161\u00ed p\u0159\u00edle\u017eitost\u00ed, jak se st\u00e1t skute\u010dn\u00fdm mistrem francouz\u0161tiny!<\/p>\n","protected":false},"excerpt":{"rendered":"<p><strong>Den a&nbsp;\u010das:<\/strong> Pond\u011bl\u00ed 17:00 &#8211; 18:30<br \/>\n<strong>Term\u00edn:<\/strong> 13.&nbsp;4. \u2013 29.&nbsp;6.&nbsp;2026<br \/>\n<strong>Forma v\u00fduky:<\/strong> online<br \/>\n<strong>Intenzita: <\/strong>1 lekce t\u00fddn\u011b <br \/>\n<strong>Po\u010det lekc\u00ed:<\/strong> celkem 12 lekc\u00ed (12 x 90 minut)<\/p>\n<p>Pokud preferujete <strong data-start=\"415\" data-end=\"434\">platbu p\u0159evodem<\/strong>, chcete <strong data-start=\"443\" data-end=\"466\">zaplatit na pobo\u010dce<\/strong> nebo m\u00e1te jak\u00fdkoli <strong data-start=\"486\" data-end=\"495\">dotaz<\/strong>, nev\u00e1hejte n\u00e1s kontaktovat na e\u2011mailu <strong data-start=\"534\" data-end=\"556\"><a class=\"cursor-pointer\" href=\"javascript:secureDecryptAndNavigate('hWixQnu\/Y3jxynLFi+5gk1peYy\/m+TKSPD9fo3dAKR79kS\/2EzgF1xQOB3Iwu213kPBoqwpN1Mbs+9aeCV6pEm7Ss\/YlVnGXtQ==', '9c1e8f5271bf4f233390c22bdf43601f044e80460c2e9cc63c40d8bc66437679')\" data-start=\"536\" data-end=\"554\">&#115;&#107;&#111;l&#97;&#64;&#115;krivan&#101;&#107;&#46;&#99;&#122;<\/a><\/strong> nebo na telefonn\u00edm \u010d\u00edsle <a href=\"tel:+420 777 809 805\">+420&nbsp;777&nbsp;809\u00a0805<\/a>.<\/p>\n","protected":false},"featured_media":70800,"template":"","meta":{"_acf_changed":false},"product_brand":[],"product_cat":[58],"product_tag":[],"class_list":{"0":"post-73001","1":"product","2":"type-product","3":"status-publish","4":"has-post-thumbnail","6":"product_cat-kurzy","8":"first","9":"instock","10":"downloadable","11":"virtual","12":"purchasable","13":"product-type-simple"},"acf":[],"aioseo_notices":[],"_links":{"self":[{"href":"https:\/\/skrivanek.cz\/cz\/wp-json\/wp\/v2\/product\/73001","targetHints":{"allow":["GET"]}}],"collection":[{"href":"https:\/\/skrivanek.cz\/cz\/wp-json\/wp\/v2\/product"}],"about":[{"href":"https:\/\/skrivanek.cz\/cz\/wp-json\/wp\/v2\/types\/product"}],"wp:featuredmedia":[{"embeddable":true,"href":"https:\/\/skrivanek.cz\/cz\/wp-json\/wp\/v2\/media\/70800"}],"wp:attachment":[{"href":"https:\/\/skrivanek.cz\/cz\/wp-json\/wp\/v2\/media?parent=73001"}],"wp:term":[{"taxonomy":"product_brand","embeddable":true,"href":"https:\/\/skrivanek.cz\/cz\/wp-json\/wp\/v2\/product_brand?post=73001"},{"taxonomy":"product_cat","embeddable":true,"href":"https:\/\/skrivanek.cz\/cz\/wp-json\/wp\/v2\/product_cat?post=73001"},{"taxonomy":"product_tag","embeddable":true,"href":"https:\/\/skrivanek.cz\/cz\/wp-json\/wp\/v2\/product_tag?post=73001"}],"curies":[{"name":"wp","href":"https:\/\/api.w.org\/{rel}","templated":true}]}}