{"id":73093,"date":"2024-12-10T08:48:01","date_gmt":"2024-12-10T07:48:01","guid":{"rendered":"https:\/\/skrivanek.cz\/?post_type=product&#038;p=73093"},"modified":"2025-02-12T11:03:31","modified_gmt":"2025-02-12T10:03:31","slug":"webinar-umela-inteligence-ve-vyuce-chytre-efektivne","status":"publish","type":"product","link":"https:\/\/skrivanek.cz\/cz\/produkt\/webinar-umela-inteligence-ve-vyuce-chytre-efektivne\/","title":{"rendered":"Webin\u00e1\u0159: Um\u011bl\u00e1 inteligence ve v\u00fduce \u2013 chyt\u0159e a&nbsp;efektivn\u011b"},"content":{"rendered":"<p>Chcete, aby va\u0161e hodiny byly je\u0161t\u011b zaj\u00edmav\u011bj\u0161\u00ed a&nbsp;efektivn\u011bj\u0161\u00ed? P\u0159ij\u010fte na n\u00e1\u0161 webin\u00e1\u0159 <strong>&#8222;Um\u011bl\u00e1 inteligence ve v\u00fduce: chyt\u0159e a&nbsp;efektivn\u011b&#8220;<\/strong> a&nbsp;zjist\u011bte, jak v\u00e1m n\u00e1stroje jako ChatGPT a&nbsp;Gemini mohou usnadnit p\u0159\u00edpravu a&nbsp;zpest\u0159it v\u00fduku. Na webin\u00e1\u0159i se dozv\u00edte j<strong>ak vyu\u017e\u00edt <a href=\"https:\/\/skrivanek.cz\/cz\/ai\/\">AI<\/a> k&nbsp;tvorb\u011b personalizovan\u00fdch \u00fakol\u016f<\/strong> pro ka\u017ed\u00e9ho studenta a&nbsp;tak podpo\u0159it jejich individu\u00e1ln\u00ed pokrok, <strong>jak\u00e9 jsou nejnov\u011bj\u0161\u00ed trendy v&nbsp;oblasti um\u011bl\u00e9 inteligence ve vzd\u011bl\u00e1v\u00e1n\u00ed<\/strong> a&nbsp;jak je m\u016f\u017eete vyu\u017e\u00edt ve sv\u00e9 v\u00fduce, ale tak\u00e9 jak u\u0161et\u0159it \u010das p\u0159i&nbsp;p\u0159\u00edprav\u011b hodin a&nbsp;jak nov\u011b zaujmout studenty. Z\u00a0webin\u00e1\u0159e si odnesete novou inspiraci pro svou v\u00fduku.<\/p>\n<p>Webin\u00e1\u0159 povede na\u0161e senior koordin\u00e1torka Kate\u0159ina Tureck\u00e1 a&nbsp;bude trvat p\u0159ibli\u017en\u011b 90 minut.<\/p>\n<p><strong>P\u0159ihl\u00e1sit se m\u016f\u017eete do 10.&nbsp;2.&nbsp;2025.<\/strong><\/p>\n<p>Webin\u00e1\u0159 prob\u011bhne na Webexu v\u00a0\u010desk\u00e9m jazyce.<\/p>\n<h3>Co se na webin\u00e1\u0159i &#8222;Um\u011bl\u00e1 inteligence ve v\u00fduce&#8220; dozv\u00edte?<\/h3>\n<ul>\n<li><strong>Jak za\u010dlenit um\u011blou inteligenci<\/strong> do v\u00fduky tak, aby podporovala kreativitu a&nbsp;kritick\u00e9 my\u0161len\u00ed student\u016f.<\/li>\n<li><strong>P\u0159\u00edklady<\/strong> konkr\u00e9tn\u00edch AI n\u00e1stroj\u016f, kter\u00e9 m\u016f\u017eete okam\u017eit\u011b za\u010d\u00edt pou\u017e\u00edvat p\u0159i&nbsp;p\u0159\u00edprav\u011b hodin, hodnocen\u00ed i&nbsp;individu\u00e1ln\u00edm p\u0159\u00edstupu ke student\u016fm.<\/li>\n<li><strong>Tipy<\/strong> na efektivn\u00ed pl\u00e1nov\u00e1n\u00ed a&nbsp;organizaci pr\u00e1ce s&nbsp;vyu\u017eit\u00edm AI.<\/li>\n<li><strong>Praktick\u00e9 uk\u00e1zky<\/strong>, jak AI p\u0159izp\u016fsobit r\u016fzn\u00fdm vzd\u011bl\u00e1vac\u00edm obor\u016fm a&nbsp;pot\u0159eb\u00e1m student\u016f.<\/li>\n<\/ul>\n<h3>Pro\u010d se z\u00fa\u010dastnit na\u0161eho webin\u00e1\u0159e?<\/h3>\n<ul>\n<li><strong>Praktick\u00e9 zam\u011b\u0159en\u00ed:<\/strong> Nau\u010d\u00edte se, jak okam\u017eit\u011b aplikovat z\u00edskan\u00e9 znalosti ve sv\u00e9 ka\u017edodenn\u00ed pr\u00e1ci.\u00a0Nau\u010d\u00edte se, jak efektivn\u011b pracovat s&nbsp;\u010dasem a&nbsp;organizovat svou v\u00fduku.<\/li>\n<li><strong>Aktu\u00e1ln\u00ed trendy:<\/strong> Z\u00edsk\u00e1te p\u0159ehled o&nbsp;nejnov\u011bj\u0161\u00edch technologi\u00edch a&nbsp;jejich vyu\u017eit\u00ed ve \u0161kolstv\u00ed.<\/li>\n<li><strong>Inspirace:<\/strong> Inspirujete se, jak zapojit studenty a&nbsp;p\u0159izp\u016fsobit v\u00fduku jejich pot\u0159eb\u00e1m.<\/li>\n<\/ul>\n<p>&nbsp;<\/p>\n<p>Za pouh\u00fdch <strong>399&nbsp;K\u010d<\/strong> z\u00edsk\u00e1te cenn\u00e9 tipy, praktick\u00e9 rady a&nbsp;inspiraci, jak AI za\u010dlenit do v\u00fduky a&nbsp;zlep\u0161it tak vzd\u011bl\u00e1vac\u00ed proces pro sebe i&nbsp;sv\u00e9 studenty.<\/p>\n<p>&nbsp;<\/p>\n<h3>Informace o&nbsp;z\u00e1znamu webin\u00e1\u0159e<\/h3>\n<p><span data-teams=\"true\">\u00da\u010dast\u00ed na webin\u00e1\u0159i souhlas\u00edte s&nbsp;t\u00edm, \u017ee bude po\u0159izov\u00e1na jeho nahr\u00e1vka. Tato nahr\u00e1vka je ur\u010dena v\u00fdhradn\u011b pro pot\u0159eby \u00fa\u010dastn\u00edk\u016f a&nbsp;bude v\u00e1m po&nbsp;skon\u010den\u00ed webin\u00e1\u0159e <strong>zasl\u00e1na na e-mailovou adresu<\/strong>, kterou jste uvedli p\u0159i&nbsp;registraci, a&nbsp;to i&nbsp;v&nbsp;p\u0159\u00edpad\u011b, \u017ee se <strong>nebudete moci z\u00fa\u010dastnit webin\u00e1\u0159e.<\/strong><\/span><\/p>\n<p>&nbsp;<\/p>\n<p>Pokud m\u00e1te jak\u00e9koli ot\u00e1zky, kontaktujte n\u00e1s pros\u00edm p\u0159ed zah\u00e1jen\u00edm webin\u00e1\u0159e na <a href=\"javascript:secureDecryptAndNavigate('S82OGKTOviJHVCF30eAYchU4gsp4K5lKloXXo40n1Q+CL5a8\/aWnOi71ejibhPlz2o0hxWJgG2bDQ9pFZswo63E1yMmqoFyNy+17wQ==', '9c1e8f5271bf4f233390c22bdf43601f044e80460c2e9cc63c40d8bc66437679')\">&#109;eto&#100;&#105;&#107;a&#64;&#115;kriv&#97;&#110;&#101;&#107;.cz<\/a>.<\/p>\n","protected":false},"excerpt":{"rendered":"<p><span style=\"font-size: 20px;\"><strong>V \u00fater\u00fd 11.&nbsp;2.&nbsp;2025 od 17:00<\/strong> po\u0159\u00e1d\u00e1me webin\u00e1\u0159 na t\u00e9ma \u201e<strong>Um\u011bl\u00e1 inteligence ve v\u00fduce: chyt\u0159e a&nbsp;efektivn\u011b<\/strong>\u201c.<\/span><\/p>\n<h3>Webin\u00e1\u0159 je vhodn\u00fd pro:<\/h3>\n<ul>\n<li>U\u010ditele z\u00e1kladn\u00edch, st\u0159edn\u00edch i&nbsp;vysok\u00fdch \u0161kol.<\/li>\n<li>Pedagogy, kte\u0159\u00ed cht\u011bj\u00ed zefektivnit svou v\u00fduku a&nbsp;p\u0159in\u00e9st do n\u00ed inovace.<\/li>\n<li>Ka\u017ed\u00e9ho, kdo chce dr\u017eet krok s&nbsp;modern\u00edmi technologiemi ve vzd\u011bl\u00e1v\u00e1n\u00ed.<\/li>\n<\/ul>\n","protected":false},"featured_media":73098,"template":"","meta":{"_acf_changed":false},"product_brand":[],"product_cat":[48],"product_tag":[],"class_list":{"0":"post-73093","1":"product","2":"type-product","3":"status-publish","4":"has-post-thumbnail","6":"product_cat-webinare-archiv","8":"first","9":"outofstock","10":"downloadable","11":"virtual","12":"sold-individually","13":"purchasable","14":"product-type-simple"},"acf":[],"aioseo_notices":[],"_links":{"self":[{"href":"https:\/\/skrivanek.cz\/cz\/wp-json\/wp\/v2\/product\/73093","targetHints":{"allow":["GET"]}}],"collection":[{"href":"https:\/\/skrivanek.cz\/cz\/wp-json\/wp\/v2\/product"}],"about":[{"href":"https:\/\/skrivanek.cz\/cz\/wp-json\/wp\/v2\/types\/product"}],"wp:featuredmedia":[{"embeddable":true,"href":"https:\/\/skrivanek.cz\/cz\/wp-json\/wp\/v2\/media\/73098"}],"wp:attachment":[{"href":"https:\/\/skrivanek.cz\/cz\/wp-json\/wp\/v2\/media?parent=73093"}],"wp:term":[{"taxonomy":"product_brand","embeddable":true,"href":"https:\/\/skrivanek.cz\/cz\/wp-json\/wp\/v2\/product_brand?post=73093"},{"taxonomy":"product_cat","embeddable":true,"href":"https:\/\/skrivanek.cz\/cz\/wp-json\/wp\/v2\/product_cat?post=73093"},{"taxonomy":"product_tag","embeddable":true,"href":"https:\/\/skrivanek.cz\/cz\/wp-json\/wp\/v2\/product_tag?post=73093"}],"curies":[{"name":"wp","href":"https:\/\/api.w.org\/{rel}","templated":true}]}}